{"id":133009,"date":"2023-03-01T17:13:32","date_gmt":"2023-03-01T16:13:32","guid":{"rendered":"https:\/\/shop.bantam.ch\/produit\/miniaturkamera-safety-cs102la-03\/"},"modified":"2026-04-17T21:56:02","modified_gmt":"2026-04-17T19:56:02","slug":"miniaturkamera-safety-cs102la-03","status":"publish","type":"product","link":"https:\/\/shop.bantam.ch\/de\/produkt\/miniaturkamera-safety-cs102la-03\/","title":{"rendered":"Farbminiaturkamera Caratec Safety CS102LA.03 Farbe wei\u00df"},"content":{"rendered":"<p>Die kompakte und elegante CS102LA.03 in wei\u00df ist unser sch\u00f6nes Erfolgsmodell. Das schlanke Geh\u00e4use sorgt f\u00fcr eine einfache Montage und \u00fcberzeugt durch die unauff\u00e4llige Optik mit integrierter Leitungsf\u00fchrung. Durch den gr\u00f6\u00dferen Blickwinkel ist die Kamera flexibel in Bezug auf die Einbauh\u00f6he. Sie schaut au\u00dferdem weiter \u00fcber den Hecksto\u00dff\u00e4nger hinaus als herk\u00f6mmliche Kameras, man sieht also mehr, was hinter dem Wohnmobil passiert.<\/p>\n<p>Lieferumfang:<br \/>Inklusive CS102LA.03 <br \/>15 m Anschlussleitung\u00a0passend f\u00fcr Moniceiver<br \/>Navigationsger\u00e4te mit Cinch-Kameraeingang<span><br \/><\/span><\/p>\n","protected":false},"excerpt":{"rendered":"<p>Die kompakte und elegante CS102LA.03 in wei\u00df ist unser sch\u00f6nes Erfolgsmodell. Das schlanke Geh\u00e4use sorgt f\u00fcr eine einfache Montage und \u00fcberzeugt durch die unauff\u00e4llige Optik mit integrierter Leitungsf\u00fchrung. Durch den gr\u00f6\u00dferen Blickwinkel ist die Kamera flexibel in Bezug auf die Einbauh\u00f6he. Sie schaut au\u00dferdem weiter \u00fcber den Hecksto\u00dff\u00e4nger hinaus als herk\u00f6mmliche Kameras, man sieht also [&hellip;]<\/p>\n","protected":false},"featured_media":133007,"template":"","meta":{"_acf_changed":false},"product_featured_cat":[],"product_brand":[3071],"product_cat":[5002],"product_tag":[],"class_list":{"0":"post-133009","1":"product","2":"type-product","3":"status-publish","4":"has-post-thumbnail","6":"product_brand-caratec-de","7":"product_cat-kameras","9":"first","10":"instock","11":"taxable","12":"shipping-taxable","13":"purchasable","14":"product-type-simple"},"acf":[],"yoast_head":"<!-- This site is optimized with the Yoast SEO plugin v27.4 - https:\/\/yoast.com\/product\/yoast-seo-wordpress\/ -->\n<title>Farbminiaturkamera Caratec Safety CS102LA.03 Farbe wei\u00df - Bantam Camping AG<\/title>\n<meta name=\"robots\" content=\"index, follow, max-snippet:-1, max-image-preview:large, max-video-preview:-1\" \/>\n<link rel=\"canonical\" href=\"https:\/\/shop.bantam.ch\/de\/produkt\/miniaturkamera-safety-cs102la-03\/\" \/>\n<meta property=\"og:locale\" content=\"de_DE\" \/>\n<meta property=\"og:type\" content=\"article\" \/>\n<meta property=\"og:title\" content=\"Farbminiaturkamera Caratec Safety CS102LA.03 Farbe wei\u00df - Bantam Camping AG\" \/>\n<meta property=\"og:description\" content=\"Die kompakte und elegante CS102LA.03 in wei\u00df ist unser sch\u00f6nes Erfolgsmodell. Das schlanke Geh\u00e4use sorgt f\u00fcr eine einfache Montage und \u00fcberzeugt durch die unauff\u00e4llige Optik mit integrierter Leitungsf\u00fchrung. Durch den gr\u00f6\u00dferen Blickwinkel ist die Kamera flexibel in Bezug auf die Einbauh\u00f6he. Sie schaut au\u00dferdem weiter \u00fcber den Hecksto\u00dff\u00e4nger hinaus als herk\u00f6mmliche Kameras, man sieht also [&hellip;]\" \/>\n<meta property=\"og:url\" content=\"https:\/\/shop.bantam.ch\/de\/produkt\/miniaturkamera-safety-cs102la-03\/\" \/>\n<meta property=\"og:site_name\" content=\"Bantam Camping AG\" \/>\n<meta property=\"article:modified_time\" content=\"2026-04-17T19:56:02+00:00\" \/>\n<meta property=\"og:image\" content=\"https:\/\/shop.bantam.ch\/wp-content\/uploads\/2023\/03\/9961918100.jpg\" \/>\n\t<meta property=\"og:image:width\" content=\"1000\" \/>\n\t<meta property=\"og:image:height\" content=\"1000\" \/>\n\t<meta property=\"og:image:type\" content=\"image\/jpeg\" \/>\n<meta name=\"twitter:card\" content=\"summary_large_image\" \/>\n<script type=\"application\/ld+json\" class=\"yoast-schema-graph\">{\"@context\":\"https:\\\/\\\/schema.org\",\"@graph\":[{\"@type\":\"WebPage\",\"@id\":\"https:\\\/\\\/shop.bantam.ch\\\/de\\\/produkt\\\/miniaturkamera-safety-cs102la-03\\\/\",\"url\":\"https:\\\/\\\/shop.bantam.ch\\\/de\\\/produkt\\\/miniaturkamera-safety-cs102la-03\\\/\",\"name\":\"Farbminiaturkamera Caratec Safety CS102LA.03 Farbe wei\u00df - Bantam Camping AG\",\"isPartOf\":{\"@id\":\"https:\\\/\\\/shop.bantam.ch\\\/de\\\/#website\"},\"primaryImageOfPage\":{\"@id\":\"https:\\\/\\\/shop.bantam.ch\\\/de\\\/produkt\\\/miniaturkamera-safety-cs102la-03\\\/#primaryimage\"},\"image\":{\"@id\":\"https:\\\/\\\/shop.bantam.ch\\\/de\\\/produkt\\\/miniaturkamera-safety-cs102la-03\\\/#primaryimage\"},\"thumbnailUrl\":\"https:\\\/\\\/shop.bantam.ch\\\/wp-content\\\/uploads\\\/2023\\\/03\\\/9961918100.jpg\",\"datePublished\":\"2023-03-01T16:13:32+00:00\",\"dateModified\":\"2026-04-17T19:56:02+00:00\",\"breadcrumb\":{\"@id\":\"https:\\\/\\\/shop.bantam.ch\\\/de\\\/produkt\\\/miniaturkamera-safety-cs102la-03\\\/#breadcrumb\"},\"inLanguage\":\"de\",\"potentialAction\":[{\"@type\":\"ReadAction\",\"target\":[\"https:\\\/\\\/shop.bantam.ch\\\/de\\\/produkt\\\/miniaturkamera-safety-cs102la-03\\\/\"]}]},{\"@type\":\"ImageObject\",\"inLanguage\":\"de\",\"@id\":\"https:\\\/\\\/shop.bantam.ch\\\/de\\\/produkt\\\/miniaturkamera-safety-cs102la-03\\\/#primaryimage\",\"url\":\"https:\\\/\\\/shop.bantam.ch\\\/wp-content\\\/uploads\\\/2023\\\/03\\\/9961918100.jpg\",\"contentUrl\":\"https:\\\/\\\/shop.bantam.ch\\\/wp-content\\\/uploads\\\/2023\\\/03\\\/9961918100.jpg\",\"width\":1000,\"height\":1000},{\"@type\":\"BreadcrumbList\",\"@id\":\"https:\\\/\\\/shop.bantam.ch\\\/de\\\/produkt\\\/miniaturkamera-safety-cs102la-03\\\/#breadcrumb\",\"itemListElement\":[{\"@type\":\"ListItem\",\"position\":1,\"name\":\"Accueil\",\"item\":\"https:\\\/\\\/shop.bantam.ch\\\/de\\\/\"},{\"@type\":\"ListItem\",\"position\":2,\"name\":\"Shop\",\"item\":\"https:\\\/\\\/shop.bantam.ch\\\/de\\\/shop\\\/\"},{\"@type\":\"ListItem\",\"position\":3,\"name\":\"Farbminiaturkamera Caratec Safety CS102LA.03 Farbe wei\u00df\"}]},{\"@type\":\"WebSite\",\"@id\":\"https:\\\/\\\/shop.bantam.ch\\\/de\\\/#website\",\"url\":\"https:\\\/\\\/shop.bantam.ch\\\/de\\\/\",\"name\":\"Bantam Camping AG\",\"description\":\"\",\"publisher\":{\"@id\":\"https:\\\/\\\/shop.bantam.ch\\\/de\\\/#organization\"},\"inLanguage\":\"de\"},{\"@type\":\"Organization\",\"@id\":\"https:\\\/\\\/shop.bantam.ch\\\/de\\\/#organization\",\"name\":\"Bantam Camping AG\",\"url\":\"https:\\\/\\\/shop.bantam.ch\\\/de\\\/\",\"logo\":{\"@type\":\"ImageObject\",\"inLanguage\":\"de\",\"@id\":\"https:\\\/\\\/shop.bantam.ch\\\/de\\\/#\\\/schema\\\/logo\\\/image\\\/\",\"url\":\"https:\\\/\\\/shop.bantam.ch\\\/wp-content\\\/uploads\\\/2022\\\/12\\\/bantam-logo.png\",\"contentUrl\":\"https:\\\/\\\/shop.bantam.ch\\\/wp-content\\\/uploads\\\/2022\\\/12\\\/bantam-logo.png\",\"width\":320,\"height\":71,\"caption\":\"Bantam Camping AG\"},\"image\":{\"@id\":\"https:\\\/\\\/shop.bantam.ch\\\/de\\\/#\\\/schema\\\/logo\\\/image\\\/\"}}]}<\/script>\n<!-- \/ Yoast SEO plugin. -->","yoast_head_json":{"title":"Farbminiaturkamera Caratec Safety CS102LA.03 Farbe wei\u00df - Bantam Camping AG","robots":{"index":"index","follow":"follow","max-snippet":"max-snippet:-1","max-image-preview":"max-image-preview:large","max-video-preview":"max-video-preview:-1"},"canonical":"https:\/\/shop.bantam.ch\/de\/produkt\/miniaturkamera-safety-cs102la-03\/","og_locale":"de_DE","og_type":"article","og_title":"Farbminiaturkamera Caratec Safety CS102LA.03 Farbe wei\u00df - Bantam Camping AG","og_description":"Die kompakte und elegante CS102LA.03 in wei\u00df ist unser sch\u00f6nes Erfolgsmodell. Das schlanke Geh\u00e4use sorgt f\u00fcr eine einfache Montage und \u00fcberzeugt durch die unauff\u00e4llige Optik mit integrierter Leitungsf\u00fchrung. Durch den gr\u00f6\u00dferen Blickwinkel ist die Kamera flexibel in Bezug auf die Einbauh\u00f6he. Sie schaut au\u00dferdem weiter \u00fcber den Hecksto\u00dff\u00e4nger hinaus als herk\u00f6mmliche Kameras, man sieht also [&hellip;]","og_url":"https:\/\/shop.bantam.ch\/de\/produkt\/miniaturkamera-safety-cs102la-03\/","og_site_name":"Bantam Camping AG","article_modified_time":"2026-04-17T19:56:02+00:00","og_image":[{"width":1000,"height":1000,"url":"https:\/\/shop.bantam.ch\/wp-content\/uploads\/2023\/03\/9961918100.jpg","type":"image\/jpeg"}],"twitter_card":"summary_large_image","schema":{"@context":"https:\/\/schema.org","@graph":[{"@type":"WebPage","@id":"https:\/\/shop.bantam.ch\/de\/produkt\/miniaturkamera-safety-cs102la-03\/","url":"https:\/\/shop.bantam.ch\/de\/produkt\/miniaturkamera-safety-cs102la-03\/","name":"Farbminiaturkamera Caratec Safety CS102LA.03 Farbe wei\u00df - Bantam Camping AG","isPartOf":{"@id":"https:\/\/shop.bantam.ch\/de\/#website"},"primaryImageOfPage":{"@id":"https:\/\/shop.bantam.ch\/de\/produkt\/miniaturkamera-safety-cs102la-03\/#primaryimage"},"image":{"@id":"https:\/\/shop.bantam.ch\/de\/produkt\/miniaturkamera-safety-cs102la-03\/#primaryimage"},"thumbnailUrl":"https:\/\/shop.bantam.ch\/wp-content\/uploads\/2023\/03\/9961918100.jpg","datePublished":"2023-03-01T16:13:32+00:00","dateModified":"2026-04-17T19:56:02+00:00","breadcrumb":{"@id":"https:\/\/shop.bantam.ch\/de\/produkt\/miniaturkamera-safety-cs102la-03\/#breadcrumb"},"inLanguage":"de","potentialAction":[{"@type":"ReadAction","target":["https:\/\/shop.bantam.ch\/de\/produkt\/miniaturkamera-safety-cs102la-03\/"]}]},{"@type":"ImageObject","inLanguage":"de","@id":"https:\/\/shop.bantam.ch\/de\/produkt\/miniaturkamera-safety-cs102la-03\/#primaryimage","url":"https:\/\/shop.bantam.ch\/wp-content\/uploads\/2023\/03\/9961918100.jpg","contentUrl":"https:\/\/shop.bantam.ch\/wp-content\/uploads\/2023\/03\/9961918100.jpg","width":1000,"height":1000},{"@type":"BreadcrumbList","@id":"https:\/\/shop.bantam.ch\/de\/produkt\/miniaturkamera-safety-cs102la-03\/#breadcrumb","itemListElement":[{"@type":"ListItem","position":1,"name":"Accueil","item":"https:\/\/shop.bantam.ch\/de\/"},{"@type":"ListItem","position":2,"name":"Shop","item":"https:\/\/shop.bantam.ch\/de\/shop\/"},{"@type":"ListItem","position":3,"name":"Farbminiaturkamera Caratec Safety CS102LA.03 Farbe wei\u00df"}]},{"@type":"WebSite","@id":"https:\/\/shop.bantam.ch\/de\/#website","url":"https:\/\/shop.bantam.ch\/de\/","name":"Bantam Camping AG","description":"","publisher":{"@id":"https:\/\/shop.bantam.ch\/de\/#organization"},"inLanguage":"de"},{"@type":"Organization","@id":"https:\/\/shop.bantam.ch\/de\/#organization","name":"Bantam Camping AG","url":"https:\/\/shop.bantam.ch\/de\/","logo":{"@type":"ImageObject","inLanguage":"de","@id":"https:\/\/shop.bantam.ch\/de\/#\/schema\/logo\/image\/","url":"https:\/\/shop.bantam.ch\/wp-content\/uploads\/2022\/12\/bantam-logo.png","contentUrl":"https:\/\/shop.bantam.ch\/wp-content\/uploads\/2022\/12\/bantam-logo.png","width":320,"height":71,"caption":"Bantam Camping AG"},"image":{"@id":"https:\/\/shop.bantam.ch\/de\/#\/schema\/logo\/image\/"}}]}},"_links":{"self":[{"href":"https:\/\/shop.bantam.ch\/de\/wp-json\/wp\/v2\/product\/133009","targetHints":{"allow":["GET"]}}],"collection":[{"href":"https:\/\/shop.bantam.ch\/de\/wp-json\/wp\/v2\/product"}],"about":[{"href":"https:\/\/shop.bantam.ch\/de\/wp-json\/wp\/v2\/types\/product"}],"wp:featuredmedia":[{"embeddable":true,"href":"https:\/\/shop.bantam.ch\/de\/wp-json\/wp\/v2\/media\/133007"}],"wp:attachment":[{"href":"https:\/\/shop.bantam.ch\/de\/wp-json\/wp\/v2\/media?parent=133009"}],"wp:term":[{"taxonomy":"product_featured_cat","embeddable":true,"href":"https:\/\/shop.bantam.ch\/de\/wp-json\/wp\/v2\/product_featured_cat?post=133009"},{"taxonomy":"product_brand","embeddable":true,"href":"https:\/\/shop.bantam.ch\/de\/wp-json\/wp\/v2\/product_brand?post=133009"},{"taxonomy":"product_cat","embeddable":true,"href":"https:\/\/shop.bantam.ch\/de\/wp-json\/wp\/v2\/product_cat?post=133009"},{"taxonomy":"product_tag","embeddable":true,"href":"https:\/\/shop.bantam.ch\/de\/wp-json\/wp\/v2\/product_tag?post=133009"}],"curies":[{"name":"wp","href":"https:\/\/api.w.org\/{rel}","templated":true}]}}