{"id":132987,"date":"2023-03-01T17:13:04","date_gmt":"2023-03-01T16:13:04","guid":{"rendered":"https:\/\/shop.bantam.ch\/produit\/soundbar-audio-cas102\/"},"modified":"2026-04-20T21:57:35","modified_gmt":"2026-04-20T19:57:35","slug":"soundbar-audio-cas102","status":"publish","type":"product","link":"https:\/\/shop.bantam.ch\/de\/produkt\/soundbar-audio-cas102\/","title":{"rendered":"Soundbar Caratec Audio CAS102"},"content":{"rendered":"<p>Besserer Klang f\u00fcr Ihren TV. Zwei Breitband-Lautsprecher und eine zus\u00e4tzliche Passivmembran sorgen trotz kompakter Abmessungen f\u00fcr klare und kraftvolle Klangwiedergabe.\u00a0Die Soundbar wird nur an die Kopfh\u00f6rerbuchse und zur Stromversorgung parallel an den 12V-Anschluss des TV-Ger\u00e4tes angeschlossen.\u00a0Die Montage erfolgt mit zwei Haltern, die einfach zwischen TV-Ger\u00e4t und einem TV-Halter montiert werden. Die H\u00f6he ist justierbar, daher ist die CAS102 f\u00fcr die meisten TV-Ger\u00e4te geeignet.<\/p>\n<ul>\n<li>Leistung 2x 10 Watt max.<\/li>\n<li>Frequenzgang 50-20.000 Hz<\/li>\n<li>Abmessungen 480 x 60 x 60 mm<\/li>\n<li>Eingang: 3,5 mm Klinkenbuchse<\/li>\n<li>Anschluss Stromversorgung. 2,1\/5,5 mm Hohlstecker<\/li>\n<li>Bedienelemente: an\/aus, lauter, leiser, mute<\/li>\n<\/ul>\n<p>Lieferumfang:<br \/>Inklusive Soundbar<br \/>VESA-Haltersatz, passend f\u00fcr die meisten TV-Ger\u00e4te<br \/>Klinkenleitung f\u00fcr die Verbindung zum TV-Ger\u00e4t<br \/>Plug &amp; Play Stromversorgungsleitung<br \/>zus\u00e4tzliche Stromversorgungsleitung f\u00fcr den alternativen Anschluss<span><br \/><\/span><\/p>\n","protected":false},"excerpt":{"rendered":"<p>Besserer Klang f\u00fcr Ihren TV. Zwei Breitband-Lautsprecher und eine zus\u00e4tzliche Passivmembran sorgen trotz kompakter Abmessungen f\u00fcr klare und kraftvolle Klangwiedergabe.\u00a0Die Soundbar wird nur an die Kopfh\u00f6rerbuchse und zur Stromversorgung parallel an den 12V-Anschluss des TV-Ger\u00e4tes angeschlossen.\u00a0Die Montage erfolgt mit zwei Haltern, die einfach zwischen TV-Ger\u00e4t und einem TV-Halter montiert werden. Die H\u00f6he ist justierbar, daher [&hellip;]<\/p>\n","protected":false},"featured_media":132983,"template":"","meta":{"_acf_changed":false},"product_featured_cat":[],"product_brand":[3071],"product_cat":[4498],"product_tag":[],"class_list":{"0":"post-132987","1":"product","2":"type-product","3":"status-publish","4":"has-post-thumbnail","6":"product_brand-caratec-de","7":"product_cat-soundbars","9":"first","10":"instock","11":"taxable","12":"shipping-taxable","13":"purchasable","14":"product-type-simple"},"acf":[],"yoast_head":"<!-- This site is optimized with the Yoast SEO plugin v27.4 - https:\/\/yoast.com\/product\/yoast-seo-wordpress\/ -->\n<title>Soundbar Caratec Audio CAS102 - Bantam Camping AG<\/title>\n<meta name=\"robots\" content=\"index, follow, max-snippet:-1, max-image-preview:large, max-video-preview:-1\" \/>\n<link rel=\"canonical\" href=\"https:\/\/shop.bantam.ch\/de\/produkt\/soundbar-audio-cas102\/\" \/>\n<meta property=\"og:locale\" content=\"de_DE\" \/>\n<meta property=\"og:type\" content=\"article\" \/>\n<meta property=\"og:title\" content=\"Soundbar Caratec Audio CAS102 - Bantam Camping AG\" \/>\n<meta property=\"og:description\" content=\"Besserer Klang f\u00fcr Ihren TV. Zwei Breitband-Lautsprecher und eine zus\u00e4tzliche Passivmembran sorgen trotz kompakter Abmessungen f\u00fcr klare und kraftvolle Klangwiedergabe.\u00a0Die Soundbar wird nur an die Kopfh\u00f6rerbuchse und zur Stromversorgung parallel an den 12V-Anschluss des TV-Ger\u00e4tes angeschlossen.\u00a0Die Montage erfolgt mit zwei Haltern, die einfach zwischen TV-Ger\u00e4t und einem TV-Halter montiert werden. Die H\u00f6he ist justierbar, daher [&hellip;]\" \/>\n<meta property=\"og:url\" content=\"https:\/\/shop.bantam.ch\/de\/produkt\/soundbar-audio-cas102\/\" \/>\n<meta property=\"og:site_name\" content=\"Bantam Camping AG\" \/>\n<meta property=\"article:modified_time\" content=\"2026-04-20T19:57:35+00:00\" \/>\n<meta property=\"og:image\" content=\"https:\/\/shop.bantam.ch\/wp-content\/uploads\/2023\/03\/9961915100.jpg\" \/>\n\t<meta property=\"og:image:width\" content=\"1000\" \/>\n\t<meta property=\"og:image:height\" content=\"667\" \/>\n\t<meta property=\"og:image:type\" content=\"image\/jpeg\" \/>\n<meta name=\"twitter:card\" content=\"summary_large_image\" \/>\n<meta name=\"twitter:label1\" content=\"Gesch\u00e4tzte Lesezeit\" \/>\n\t<meta name=\"twitter:data1\" content=\"1\u00a0Minute\" \/>\n<script type=\"application\/ld+json\" class=\"yoast-schema-graph\">{\"@context\":\"https:\\\/\\\/schema.org\",\"@graph\":[{\"@type\":\"WebPage\",\"@id\":\"https:\\\/\\\/shop.bantam.ch\\\/de\\\/produkt\\\/soundbar-audio-cas102\\\/\",\"url\":\"https:\\\/\\\/shop.bantam.ch\\\/de\\\/produkt\\\/soundbar-audio-cas102\\\/\",\"name\":\"Soundbar Caratec Audio CAS102 - Bantam Camping AG\",\"isPartOf\":{\"@id\":\"https:\\\/\\\/shop.bantam.ch\\\/de\\\/#website\"},\"primaryImageOfPage\":{\"@id\":\"https:\\\/\\\/shop.bantam.ch\\\/de\\\/produkt\\\/soundbar-audio-cas102\\\/#primaryimage\"},\"image\":{\"@id\":\"https:\\\/\\\/shop.bantam.ch\\\/de\\\/produkt\\\/soundbar-audio-cas102\\\/#primaryimage\"},\"thumbnailUrl\":\"https:\\\/\\\/shop.bantam.ch\\\/wp-content\\\/uploads\\\/2023\\\/03\\\/9961915100.jpg\",\"datePublished\":\"2023-03-01T16:13:04+00:00\",\"dateModified\":\"2026-04-20T19:57:35+00:00\",\"breadcrumb\":{\"@id\":\"https:\\\/\\\/shop.bantam.ch\\\/de\\\/produkt\\\/soundbar-audio-cas102\\\/#breadcrumb\"},\"inLanguage\":\"de\",\"potentialAction\":[{\"@type\":\"ReadAction\",\"target\":[\"https:\\\/\\\/shop.bantam.ch\\\/de\\\/produkt\\\/soundbar-audio-cas102\\\/\"]}]},{\"@type\":\"ImageObject\",\"inLanguage\":\"de\",\"@id\":\"https:\\\/\\\/shop.bantam.ch\\\/de\\\/produkt\\\/soundbar-audio-cas102\\\/#primaryimage\",\"url\":\"https:\\\/\\\/shop.bantam.ch\\\/wp-content\\\/uploads\\\/2023\\\/03\\\/9961915100.jpg\",\"contentUrl\":\"https:\\\/\\\/shop.bantam.ch\\\/wp-content\\\/uploads\\\/2023\\\/03\\\/9961915100.jpg\",\"width\":1000,\"height\":667},{\"@type\":\"BreadcrumbList\",\"@id\":\"https:\\\/\\\/shop.bantam.ch\\\/de\\\/produkt\\\/soundbar-audio-cas102\\\/#breadcrumb\",\"itemListElement\":[{\"@type\":\"ListItem\",\"position\":1,\"name\":\"Accueil\",\"item\":\"https:\\\/\\\/shop.bantam.ch\\\/de\\\/\"},{\"@type\":\"ListItem\",\"position\":2,\"name\":\"Shop\",\"item\":\"https:\\\/\\\/shop.bantam.ch\\\/de\\\/shop\\\/\"},{\"@type\":\"ListItem\",\"position\":3,\"name\":\"Soundbar Caratec Audio CAS102\"}]},{\"@type\":\"WebSite\",\"@id\":\"https:\\\/\\\/shop.bantam.ch\\\/de\\\/#website\",\"url\":\"https:\\\/\\\/shop.bantam.ch\\\/de\\\/\",\"name\":\"Bantam Camping AG\",\"description\":\"\",\"publisher\":{\"@id\":\"https:\\\/\\\/shop.bantam.ch\\\/de\\\/#organization\"},\"inLanguage\":\"de\"},{\"@type\":\"Organization\",\"@id\":\"https:\\\/\\\/shop.bantam.ch\\\/de\\\/#organization\",\"name\":\"Bantam Camping AG\",\"url\":\"https:\\\/\\\/shop.bantam.ch\\\/de\\\/\",\"logo\":{\"@type\":\"ImageObject\",\"inLanguage\":\"de\",\"@id\":\"https:\\\/\\\/shop.bantam.ch\\\/de\\\/#\\\/schema\\\/logo\\\/image\\\/\",\"url\":\"https:\\\/\\\/shop.bantam.ch\\\/wp-content\\\/uploads\\\/2022\\\/12\\\/bantam-logo.png\",\"contentUrl\":\"https:\\\/\\\/shop.bantam.ch\\\/wp-content\\\/uploads\\\/2022\\\/12\\\/bantam-logo.png\",\"width\":320,\"height\":71,\"caption\":\"Bantam Camping AG\"},\"image\":{\"@id\":\"https:\\\/\\\/shop.bantam.ch\\\/de\\\/#\\\/schema\\\/logo\\\/image\\\/\"}}]}<\/script>\n<!-- \/ Yoast SEO plugin. -->","yoast_head_json":{"title":"Soundbar Caratec Audio CAS102 - Bantam Camping AG","robots":{"index":"index","follow":"follow","max-snippet":"max-snippet:-1","max-image-preview":"max-image-preview:large","max-video-preview":"max-video-preview:-1"},"canonical":"https:\/\/shop.bantam.ch\/de\/produkt\/soundbar-audio-cas102\/","og_locale":"de_DE","og_type":"article","og_title":"Soundbar Caratec Audio CAS102 - Bantam Camping AG","og_description":"Besserer Klang f\u00fcr Ihren TV. Zwei Breitband-Lautsprecher und eine zus\u00e4tzliche Passivmembran sorgen trotz kompakter Abmessungen f\u00fcr klare und kraftvolle Klangwiedergabe.\u00a0Die Soundbar wird nur an die Kopfh\u00f6rerbuchse und zur Stromversorgung parallel an den 12V-Anschluss des TV-Ger\u00e4tes angeschlossen.\u00a0Die Montage erfolgt mit zwei Haltern, die einfach zwischen TV-Ger\u00e4t und einem TV-Halter montiert werden. Die H\u00f6he ist justierbar, daher [&hellip;]","og_url":"https:\/\/shop.bantam.ch\/de\/produkt\/soundbar-audio-cas102\/","og_site_name":"Bantam Camping AG","article_modified_time":"2026-04-20T19:57:35+00:00","og_image":[{"width":1000,"height":667,"url":"https:\/\/shop.bantam.ch\/wp-content\/uploads\/2023\/03\/9961915100.jpg","type":"image\/jpeg"}],"twitter_card":"summary_large_image","twitter_misc":{"Gesch\u00e4tzte Lesezeit":"1\u00a0Minute"},"schema":{"@context":"https:\/\/schema.org","@graph":[{"@type":"WebPage","@id":"https:\/\/shop.bantam.ch\/de\/produkt\/soundbar-audio-cas102\/","url":"https:\/\/shop.bantam.ch\/de\/produkt\/soundbar-audio-cas102\/","name":"Soundbar Caratec Audio CAS102 - Bantam Camping AG","isPartOf":{"@id":"https:\/\/shop.bantam.ch\/de\/#website"},"primaryImageOfPage":{"@id":"https:\/\/shop.bantam.ch\/de\/produkt\/soundbar-audio-cas102\/#primaryimage"},"image":{"@id":"https:\/\/shop.bantam.ch\/de\/produkt\/soundbar-audio-cas102\/#primaryimage"},"thumbnailUrl":"https:\/\/shop.bantam.ch\/wp-content\/uploads\/2023\/03\/9961915100.jpg","datePublished":"2023-03-01T16:13:04+00:00","dateModified":"2026-04-20T19:57:35+00:00","breadcrumb":{"@id":"https:\/\/shop.bantam.ch\/de\/produkt\/soundbar-audio-cas102\/#breadcrumb"},"inLanguage":"de","potentialAction":[{"@type":"ReadAction","target":["https:\/\/shop.bantam.ch\/de\/produkt\/soundbar-audio-cas102\/"]}]},{"@type":"ImageObject","inLanguage":"de","@id":"https:\/\/shop.bantam.ch\/de\/produkt\/soundbar-audio-cas102\/#primaryimage","url":"https:\/\/shop.bantam.ch\/wp-content\/uploads\/2023\/03\/9961915100.jpg","contentUrl":"https:\/\/shop.bantam.ch\/wp-content\/uploads\/2023\/03\/9961915100.jpg","width":1000,"height":667},{"@type":"BreadcrumbList","@id":"https:\/\/shop.bantam.ch\/de\/produkt\/soundbar-audio-cas102\/#breadcrumb","itemListElement":[{"@type":"ListItem","position":1,"name":"Accueil","item":"https:\/\/shop.bantam.ch\/de\/"},{"@type":"ListItem","position":2,"name":"Shop","item":"https:\/\/shop.bantam.ch\/de\/shop\/"},{"@type":"ListItem","position":3,"name":"Soundbar Caratec Audio CAS102"}]},{"@type":"WebSite","@id":"https:\/\/shop.bantam.ch\/de\/#website","url":"https:\/\/shop.bantam.ch\/de\/","name":"Bantam Camping AG","description":"","publisher":{"@id":"https:\/\/shop.bantam.ch\/de\/#organization"},"inLanguage":"de"},{"@type":"Organization","@id":"https:\/\/shop.bantam.ch\/de\/#organization","name":"Bantam Camping AG","url":"https:\/\/shop.bantam.ch\/de\/","logo":{"@type":"ImageObject","inLanguage":"de","@id":"https:\/\/shop.bantam.ch\/de\/#\/schema\/logo\/image\/","url":"https:\/\/shop.bantam.ch\/wp-content\/uploads\/2022\/12\/bantam-logo.png","contentUrl":"https:\/\/shop.bantam.ch\/wp-content\/uploads\/2022\/12\/bantam-logo.png","width":320,"height":71,"caption":"Bantam Camping AG"},"image":{"@id":"https:\/\/shop.bantam.ch\/de\/#\/schema\/logo\/image\/"}}]}},"_links":{"self":[{"href":"https:\/\/shop.bantam.ch\/de\/wp-json\/wp\/v2\/product\/132987","targetHints":{"allow":["GET"]}}],"collection":[{"href":"https:\/\/shop.bantam.ch\/de\/wp-json\/wp\/v2\/product"}],"about":[{"href":"https:\/\/shop.bantam.ch\/de\/wp-json\/wp\/v2\/types\/product"}],"wp:featuredmedia":[{"embeddable":true,"href":"https:\/\/shop.bantam.ch\/de\/wp-json\/wp\/v2\/media\/132983"}],"wp:attachment":[{"href":"https:\/\/shop.bantam.ch\/de\/wp-json\/wp\/v2\/media?parent=132987"}],"wp:term":[{"taxonomy":"product_featured_cat","embeddable":true,"href":"https:\/\/shop.bantam.ch\/de\/wp-json\/wp\/v2\/product_featured_cat?post=132987"},{"taxonomy":"product_brand","embeddable":true,"href":"https:\/\/shop.bantam.ch\/de\/wp-json\/wp\/v2\/product_brand?post=132987"},{"taxonomy":"product_cat","embeddable":true,"href":"https:\/\/shop.bantam.ch\/de\/wp-json\/wp\/v2\/product_cat?post=132987"},{"taxonomy":"product_tag","embeddable":true,"href":"https:\/\/shop.bantam.ch\/de\/wp-json\/wp\/v2\/product_tag?post=132987"}],"curies":[{"name":"wp","href":"https:\/\/api.w.org\/{rel}","templated":true}]}}