{"id":132865,"date":"2023-03-01T17:11:34","date_gmt":"2023-03-01T16:11:34","guid":{"rendered":"https:\/\/shop.bantam.ch\/produit\/schlafsack-cedar-farbe-green\/"},"modified":"2026-04-18T21:51:55","modified_gmt":"2026-04-18T19:51:55","slug":"schlafsack-cedar-farbe-green","status":"publish","type":"product","link":"https:\/\/shop.bantam.ch\/de\/produkt\/schlafsack-cedar-farbe-green\/","title":{"rendered":"Schlafsack Cedar, Farbe green"},"content":{"rendered":"<ul>\n<li>Angepasst an die K\u00f6rperkontur f\u00fcr ein optimales W\u00e4rme-Gewicht-Verh\u00e4ltnis<\/li>\n<li>3D Mumienkapuze<\/li>\n<li>Isolierter W\u00e4rmekragen zur Minimierung von Zugluft und W\u00e4rmeverlusten<\/li>\n<li>Fu\u00dfsack in Haiflossenform<\/li>\n<li>Durch die verschiedenen St\u00e4rken der Kapuzenkordelz\u00fcge ist ein schnelles und einfaches Anpassen mit nur einem Griff m\u00f6glich\u00a0<\/li>\n<li>Durchgehende, isolierte Rei\u00dfverschlussabdeckung<\/li>\n<li>Easy glide zip System<\/li>\n<li>Kompressionsbeutel<\/li>\n<li>PFC-frei<\/li>\n<li>K\u00f6rperl\u00e4nge 195 cm<\/li>\n<li>Komforttemperatur 5\u00b0C<\/li>\n<li>Limit 0\u00b0C<\/li>\n<li>Extrem -15\u00b0C<\/li>\n<\/ul>\n<p>Material:<br \/>Au\u00dfenmaterial: 80 % Polyester, 20 ?umwolle<br \/>F\u00fcllung : 100 % Polyester<br \/>Innenbezug: 100 ?umwolle<\/p>\n","protected":false},"excerpt":{"rendered":"<p>Angepasst an die K\u00f6rperkontur f\u00fcr ein optimales W\u00e4rme-Gewicht-Verh\u00e4ltnis 3D Mumienkapuze Isolierter W\u00e4rmekragen zur Minimierung von Zugluft und W\u00e4rmeverlusten Fu\u00dfsack in Haiflossenform Durch die verschiedenen St\u00e4rken der Kapuzenkordelz\u00fcge ist ein schnelles und einfaches Anpassen mit nur einem Griff m\u00f6glich\u00a0 Durchgehende, isolierte Rei\u00dfverschlussabdeckung Easy glide zip System Kompressionsbeutel PFC-frei K\u00f6rperl\u00e4nge 195 cm Komforttemperatur 5\u00b0C Limit 0\u00b0C Extrem [&hellip;]<\/p>\n","protected":false},"featured_media":132855,"template":"","meta":{"_acf_changed":false},"product_featured_cat":[5301],"product_brand":[3297],"product_cat":[4454],"product_tag":[],"class_list":{"0":"post-132865","1":"product","2":"type-product","3":"status-publish","4":"has-post-thumbnail","6":"product_featured_cat-promotions-etagnieres-fr","7":"product_brand-outwell-de","8":"product_cat-deckenschlafsaecke","10":"first","11":"instock","12":"sale","13":"taxable","14":"shipping-taxable","15":"purchasable","16":"product-type-simple"},"acf":[],"yoast_head":"<!-- This site is optimized with the Yoast SEO plugin v27.4 - https:\/\/yoast.com\/product\/yoast-seo-wordpress\/ -->\n<title>Schlafsack Cedar, Farbe green - Bantam Camping AG<\/title>\n<meta name=\"robots\" content=\"index, follow, max-snippet:-1, max-image-preview:large, max-video-preview:-1\" \/>\n<link rel=\"canonical\" href=\"https:\/\/shop.bantam.ch\/de\/produkt\/schlafsack-cedar-farbe-green\/\" \/>\n<meta property=\"og:locale\" content=\"de_DE\" \/>\n<meta property=\"og:type\" content=\"article\" \/>\n<meta property=\"og:title\" content=\"Schlafsack Cedar, Farbe green - Bantam Camping AG\" \/>\n<meta property=\"og:description\" content=\"Angepasst an die K\u00f6rperkontur f\u00fcr ein optimales W\u00e4rme-Gewicht-Verh\u00e4ltnis 3D Mumienkapuze Isolierter W\u00e4rmekragen zur Minimierung von Zugluft und W\u00e4rmeverlusten Fu\u00dfsack in Haiflossenform Durch die verschiedenen St\u00e4rken der Kapuzenkordelz\u00fcge ist ein schnelles und einfaches Anpassen mit nur einem Griff m\u00f6glich\u00a0 Durchgehende, isolierte Rei\u00dfverschlussabdeckung Easy glide zip System Kompressionsbeutel PFC-frei K\u00f6rperl\u00e4nge 195 cm Komforttemperatur 5\u00b0C Limit 0\u00b0C Extrem [&hellip;]\" \/>\n<meta property=\"og:url\" content=\"https:\/\/shop.bantam.ch\/de\/produkt\/schlafsack-cedar-farbe-green\/\" \/>\n<meta property=\"og:site_name\" content=\"Bantam Camping AG\" \/>\n<meta property=\"article:modified_time\" content=\"2026-04-18T19:51:55+00:00\" \/>\n<meta property=\"og:image\" content=\"https:\/\/shop.bantam.ch\/wp-content\/uploads\/2023\/03\/996155711.jpg\" \/>\n\t<meta property=\"og:image:width\" content=\"876\" \/>\n\t<meta property=\"og:image:height\" content=\"1000\" \/>\n\t<meta property=\"og:image:type\" content=\"image\/jpeg\" \/>\n<meta name=\"twitter:card\" content=\"summary_large_image\" \/>\n<script type=\"application\/ld+json\" class=\"yoast-schema-graph\">{\"@context\":\"https:\\\/\\\/schema.org\",\"@graph\":[{\"@type\":\"WebPage\",\"@id\":\"https:\\\/\\\/shop.bantam.ch\\\/de\\\/produkt\\\/schlafsack-cedar-farbe-green\\\/\",\"url\":\"https:\\\/\\\/shop.bantam.ch\\\/de\\\/produkt\\\/schlafsack-cedar-farbe-green\\\/\",\"name\":\"Schlafsack Cedar, Farbe green - Bantam Camping AG\",\"isPartOf\":{\"@id\":\"https:\\\/\\\/shop.bantam.ch\\\/de\\\/#website\"},\"primaryImageOfPage\":{\"@id\":\"https:\\\/\\\/shop.bantam.ch\\\/de\\\/produkt\\\/schlafsack-cedar-farbe-green\\\/#primaryimage\"},\"image\":{\"@id\":\"https:\\\/\\\/shop.bantam.ch\\\/de\\\/produkt\\\/schlafsack-cedar-farbe-green\\\/#primaryimage\"},\"thumbnailUrl\":\"https:\\\/\\\/shop.bantam.ch\\\/wp-content\\\/uploads\\\/2023\\\/03\\\/996155711.jpg\",\"datePublished\":\"2023-03-01T16:11:34+00:00\",\"dateModified\":\"2026-04-18T19:51:55+00:00\",\"breadcrumb\":{\"@id\":\"https:\\\/\\\/shop.bantam.ch\\\/de\\\/produkt\\\/schlafsack-cedar-farbe-green\\\/#breadcrumb\"},\"inLanguage\":\"de\",\"potentialAction\":[{\"@type\":\"ReadAction\",\"target\":[\"https:\\\/\\\/shop.bantam.ch\\\/de\\\/produkt\\\/schlafsack-cedar-farbe-green\\\/\"]}]},{\"@type\":\"ImageObject\",\"inLanguage\":\"de\",\"@id\":\"https:\\\/\\\/shop.bantam.ch\\\/de\\\/produkt\\\/schlafsack-cedar-farbe-green\\\/#primaryimage\",\"url\":\"https:\\\/\\\/shop.bantam.ch\\\/wp-content\\\/uploads\\\/2023\\\/03\\\/996155711.jpg\",\"contentUrl\":\"https:\\\/\\\/shop.bantam.ch\\\/wp-content\\\/uploads\\\/2023\\\/03\\\/996155711.jpg\",\"width\":876,\"height\":1000},{\"@type\":\"BreadcrumbList\",\"@id\":\"https:\\\/\\\/shop.bantam.ch\\\/de\\\/produkt\\\/schlafsack-cedar-farbe-green\\\/#breadcrumb\",\"itemListElement\":[{\"@type\":\"ListItem\",\"position\":1,\"name\":\"Accueil\",\"item\":\"https:\\\/\\\/shop.bantam.ch\\\/de\\\/\"},{\"@type\":\"ListItem\",\"position\":2,\"name\":\"Shop\",\"item\":\"https:\\\/\\\/shop.bantam.ch\\\/de\\\/shop\\\/\"},{\"@type\":\"ListItem\",\"position\":3,\"name\":\"Schlafsack Cedar, Farbe green\"}]},{\"@type\":\"WebSite\",\"@id\":\"https:\\\/\\\/shop.bantam.ch\\\/de\\\/#website\",\"url\":\"https:\\\/\\\/shop.bantam.ch\\\/de\\\/\",\"name\":\"Bantam Camping AG\",\"description\":\"\",\"publisher\":{\"@id\":\"https:\\\/\\\/shop.bantam.ch\\\/de\\\/#organization\"},\"inLanguage\":\"de\"},{\"@type\":\"Organization\",\"@id\":\"https:\\\/\\\/shop.bantam.ch\\\/de\\\/#organization\",\"name\":\"Bantam Camping AG\",\"url\":\"https:\\\/\\\/shop.bantam.ch\\\/de\\\/\",\"logo\":{\"@type\":\"ImageObject\",\"inLanguage\":\"de\",\"@id\":\"https:\\\/\\\/shop.bantam.ch\\\/de\\\/#\\\/schema\\\/logo\\\/image\\\/\",\"url\":\"https:\\\/\\\/shop.bantam.ch\\\/wp-content\\\/uploads\\\/2022\\\/12\\\/bantam-logo.png\",\"contentUrl\":\"https:\\\/\\\/shop.bantam.ch\\\/wp-content\\\/uploads\\\/2022\\\/12\\\/bantam-logo.png\",\"width\":320,\"height\":71,\"caption\":\"Bantam Camping AG\"},\"image\":{\"@id\":\"https:\\\/\\\/shop.bantam.ch\\\/de\\\/#\\\/schema\\\/logo\\\/image\\\/\"}}]}<\/script>\n<!-- \/ Yoast SEO plugin. -->","yoast_head_json":{"title":"Schlafsack Cedar, Farbe green - Bantam Camping AG","robots":{"index":"index","follow":"follow","max-snippet":"max-snippet:-1","max-image-preview":"max-image-preview:large","max-video-preview":"max-video-preview:-1"},"canonical":"https:\/\/shop.bantam.ch\/de\/produkt\/schlafsack-cedar-farbe-green\/","og_locale":"de_DE","og_type":"article","og_title":"Schlafsack Cedar, Farbe green - Bantam Camping AG","og_description":"Angepasst an die K\u00f6rperkontur f\u00fcr ein optimales W\u00e4rme-Gewicht-Verh\u00e4ltnis 3D Mumienkapuze Isolierter W\u00e4rmekragen zur Minimierung von Zugluft und W\u00e4rmeverlusten Fu\u00dfsack in Haiflossenform Durch die verschiedenen St\u00e4rken der Kapuzenkordelz\u00fcge ist ein schnelles und einfaches Anpassen mit nur einem Griff m\u00f6glich\u00a0 Durchgehende, isolierte Rei\u00dfverschlussabdeckung Easy glide zip System Kompressionsbeutel PFC-frei K\u00f6rperl\u00e4nge 195 cm Komforttemperatur 5\u00b0C Limit 0\u00b0C Extrem [&hellip;]","og_url":"https:\/\/shop.bantam.ch\/de\/produkt\/schlafsack-cedar-farbe-green\/","og_site_name":"Bantam Camping AG","article_modified_time":"2026-04-18T19:51:55+00:00","og_image":[{"width":876,"height":1000,"url":"https:\/\/shop.bantam.ch\/wp-content\/uploads\/2023\/03\/996155711.jpg","type":"image\/jpeg"}],"twitter_card":"summary_large_image","schema":{"@context":"https:\/\/schema.org","@graph":[{"@type":"WebPage","@id":"https:\/\/shop.bantam.ch\/de\/produkt\/schlafsack-cedar-farbe-green\/","url":"https:\/\/shop.bantam.ch\/de\/produkt\/schlafsack-cedar-farbe-green\/","name":"Schlafsack Cedar, Farbe green - Bantam Camping AG","isPartOf":{"@id":"https:\/\/shop.bantam.ch\/de\/#website"},"primaryImageOfPage":{"@id":"https:\/\/shop.bantam.ch\/de\/produkt\/schlafsack-cedar-farbe-green\/#primaryimage"},"image":{"@id":"https:\/\/shop.bantam.ch\/de\/produkt\/schlafsack-cedar-farbe-green\/#primaryimage"},"thumbnailUrl":"https:\/\/shop.bantam.ch\/wp-content\/uploads\/2023\/03\/996155711.jpg","datePublished":"2023-03-01T16:11:34+00:00","dateModified":"2026-04-18T19:51:55+00:00","breadcrumb":{"@id":"https:\/\/shop.bantam.ch\/de\/produkt\/schlafsack-cedar-farbe-green\/#breadcrumb"},"inLanguage":"de","potentialAction":[{"@type":"ReadAction","target":["https:\/\/shop.bantam.ch\/de\/produkt\/schlafsack-cedar-farbe-green\/"]}]},{"@type":"ImageObject","inLanguage":"de","@id":"https:\/\/shop.bantam.ch\/de\/produkt\/schlafsack-cedar-farbe-green\/#primaryimage","url":"https:\/\/shop.bantam.ch\/wp-content\/uploads\/2023\/03\/996155711.jpg","contentUrl":"https:\/\/shop.bantam.ch\/wp-content\/uploads\/2023\/03\/996155711.jpg","width":876,"height":1000},{"@type":"BreadcrumbList","@id":"https:\/\/shop.bantam.ch\/de\/produkt\/schlafsack-cedar-farbe-green\/#breadcrumb","itemListElement":[{"@type":"ListItem","position":1,"name":"Accueil","item":"https:\/\/shop.bantam.ch\/de\/"},{"@type":"ListItem","position":2,"name":"Shop","item":"https:\/\/shop.bantam.ch\/de\/shop\/"},{"@type":"ListItem","position":3,"name":"Schlafsack Cedar, Farbe green"}]},{"@type":"WebSite","@id":"https:\/\/shop.bantam.ch\/de\/#website","url":"https:\/\/shop.bantam.ch\/de\/","name":"Bantam Camping AG","description":"","publisher":{"@id":"https:\/\/shop.bantam.ch\/de\/#organization"},"inLanguage":"de"},{"@type":"Organization","@id":"https:\/\/shop.bantam.ch\/de\/#organization","name":"Bantam Camping AG","url":"https:\/\/shop.bantam.ch\/de\/","logo":{"@type":"ImageObject","inLanguage":"de","@id":"https:\/\/shop.bantam.ch\/de\/#\/schema\/logo\/image\/","url":"https:\/\/shop.bantam.ch\/wp-content\/uploads\/2022\/12\/bantam-logo.png","contentUrl":"https:\/\/shop.bantam.ch\/wp-content\/uploads\/2022\/12\/bantam-logo.png","width":320,"height":71,"caption":"Bantam Camping AG"},"image":{"@id":"https:\/\/shop.bantam.ch\/de\/#\/schema\/logo\/image\/"}}]}},"_links":{"self":[{"href":"https:\/\/shop.bantam.ch\/de\/wp-json\/wp\/v2\/product\/132865","targetHints":{"allow":["GET"]}}],"collection":[{"href":"https:\/\/shop.bantam.ch\/de\/wp-json\/wp\/v2\/product"}],"about":[{"href":"https:\/\/shop.bantam.ch\/de\/wp-json\/wp\/v2\/types\/product"}],"wp:featuredmedia":[{"embeddable":true,"href":"https:\/\/shop.bantam.ch\/de\/wp-json\/wp\/v2\/media\/132855"}],"wp:attachment":[{"href":"https:\/\/shop.bantam.ch\/de\/wp-json\/wp\/v2\/media?parent=132865"}],"wp:term":[{"taxonomy":"product_featured_cat","embeddable":true,"href":"https:\/\/shop.bantam.ch\/de\/wp-json\/wp\/v2\/product_featured_cat?post=132865"},{"taxonomy":"product_brand","embeddable":true,"href":"https:\/\/shop.bantam.ch\/de\/wp-json\/wp\/v2\/product_brand?post=132865"},{"taxonomy":"product_cat","embeddable":true,"href":"https:\/\/shop.bantam.ch\/de\/wp-json\/wp\/v2\/product_cat?post=132865"},{"taxonomy":"product_tag","embeddable":true,"href":"https:\/\/shop.bantam.ch\/de\/wp-json\/wp\/v2\/product_tag?post=132865"}],"curies":[{"name":"wp","href":"https:\/\/api.w.org\/{rel}","templated":true}]}}