{"id":132851,"date":"2023-03-01T17:11:14","date_gmt":"2023-03-01T16:11:14","guid":{"rendered":"https:\/\/shop.bantam.ch\/produit\/schlafsack-camper-farbe-grey\/"},"modified":"2026-04-18T23:43:26","modified_gmt":"2026-04-18T21:43:26","slug":"schlafsack-camper-farbe-grey","status":"publish","type":"product","link":"https:\/\/shop.bantam.ch\/de\/produkt\/schlafsack-camper-farbe-grey\/","title":{"rendered":"Schlafsack Camper, Farbe grey"},"content":{"rendered":"<p>Der Schlafsack Camper von Outwell z\u00e4hlt bei Familien seit jeher zu den beliebtesten Modellen. Mit diesem Schlafsack k\u00f6nnen Sie richtig sch\u00f6ne Sommerurlaube verbringen. Kuscheln Sie sich in den weichen Innenbezug in Kontrastfarben, lassen Sie sich von der flauschigen D\u00e4mmung warm halten und f\u00fchlen Sie sich nach einer Nacht in dem atmungsaktiven Material morgens frisch und ausgeruht. Das integrierte Kissen und die Kapuze mit Rei\u00dfverschluss f\u00fcr k\u00e4ltere N\u00e4chte sorgen daf\u00fcr, dass Sie jede Nacht gut schlafen k\u00f6nnen. Sie k\u00f6nnen auch zwei Schlafs\u00e4cke mittels Rei\u00dfverschluss zu einem Doppelschlafsack verbinden.<\/p>\n<ul>\n<li>Abnehmbare Kapuze<\/li>\n<li>Integriertes Kissen<\/li>\n<li>L\u00e4sst sich aufgeschlagen als Decke verwenden<\/li>\n<li>Abdeckung f\u00fcr den gesamten Rei\u00dfverschluss<\/li>\n<li>Leicht zu \u00f6ffnender\/schlie\u00dfender Rei\u00dfverschluss<\/li>\n<li>Innentasche zum Aufbewahren von Kleinteilen<\/li>\n<li>Rechteckiger Transportsack<\/li>\n<li>Befestigungsschlaufen in den Ecken f\u00fcr den Innenbezug<\/li>\n<li>Kann mit Rei\u00dfverschluss verbunden werden<\/li>\n<li>PFC-frei<\/li>\n<li>K\u00f6rperl\u00e4nge: 200 cm<\/li>\n<li>YKK Zweiwegereisverschluss &#8211; Autolock, L-Form<\/li>\n<li>Komforttemperatur: 5\u00b0C<\/li>\n<li>Limit 0\u00b0C<\/li>\n<li>Extrem -15 \u00b0C<\/li>\n<\/ul>\n<p>Material:<br \/>Au\u00dfenmaterial: 80 % Polyester, 20 ?umwolle<br \/>F\u00fcllung: 100 % Polyester<br \/>Innenbezug: 100 ?umwolle<\/p>\n","protected":false},"excerpt":{"rendered":"<p>Der Schlafsack Camper von Outwell z\u00e4hlt bei Familien seit jeher zu den beliebtesten Modellen. Mit diesem Schlafsack k\u00f6nnen Sie richtig sch\u00f6ne Sommerurlaube verbringen. Kuscheln Sie sich in den weichen Innenbezug in Kontrastfarben, lassen Sie sich von der flauschigen D\u00e4mmung warm halten und f\u00fchlen Sie sich nach einer Nacht in dem atmungsaktiven Material morgens frisch und [&hellip;]<\/p>\n","protected":false},"featured_media":132829,"template":"","meta":{"_acf_changed":false},"product_featured_cat":[5302],"product_brand":[3297],"product_cat":[4454],"product_tag":[],"class_list":{"0":"post-132851","1":"product","2":"type-product","3":"status-publish","4":"has-post-thumbnail","6":"product_featured_cat-sonderangebote-hindelbank-urdorf","7":"product_brand-outwell-de","8":"product_cat-deckenschlafsaecke","10":"first","11":"instock","12":"sale","13":"taxable","14":"shipping-taxable","15":"purchasable","16":"product-type-variable"},"acf":[],"yoast_head":"<!-- This site is optimized with the Yoast SEO plugin v27.4 - https:\/\/yoast.com\/product\/yoast-seo-wordpress\/ -->\n<title>Schlafsack Camper, Farbe grey - Bantam Camping AG<\/title>\n<meta name=\"robots\" content=\"index, follow, max-snippet:-1, max-image-preview:large, max-video-preview:-1\" \/>\n<link rel=\"canonical\" href=\"https:\/\/shop.bantam.ch\/de\/produkt\/schlafsack-camper-farbe-grey\/\" \/>\n<meta property=\"og:locale\" content=\"de_DE\" \/>\n<meta property=\"og:type\" content=\"article\" \/>\n<meta property=\"og:title\" content=\"Schlafsack Camper, Farbe grey - Bantam Camping AG\" \/>\n<meta property=\"og:description\" content=\"Der Schlafsack Camper von Outwell z\u00e4hlt bei Familien seit jeher zu den beliebtesten Modellen. Mit diesem Schlafsack k\u00f6nnen Sie richtig sch\u00f6ne Sommerurlaube verbringen. Kuscheln Sie sich in den weichen Innenbezug in Kontrastfarben, lassen Sie sich von der flauschigen D\u00e4mmung warm halten und f\u00fchlen Sie sich nach einer Nacht in dem atmungsaktiven Material morgens frisch und [&hellip;]\" \/>\n<meta property=\"og:url\" content=\"https:\/\/shop.bantam.ch\/de\/produkt\/schlafsack-camper-farbe-grey\/\" \/>\n<meta property=\"og:site_name\" content=\"Bantam Camping AG\" \/>\n<meta property=\"article:modified_time\" content=\"2026-04-18T21:43:26+00:00\" \/>\n<meta property=\"og:image\" content=\"https:\/\/shop.bantam.ch\/wp-content\/uploads\/2023\/03\/996155511.jpg\" \/>\n\t<meta property=\"og:image:width\" content=\"905\" \/>\n\t<meta property=\"og:image:height\" content=\"1000\" \/>\n\t<meta property=\"og:image:type\" content=\"image\/jpeg\" \/>\n<meta name=\"twitter:card\" content=\"summary_large_image\" \/>\n<meta name=\"twitter:label1\" content=\"Gesch\u00e4tzte Lesezeit\" \/>\n\t<meta name=\"twitter:data1\" content=\"1\u00a0Minute\" \/>\n<script type=\"application\/ld+json\" class=\"yoast-schema-graph\">{\"@context\":\"https:\\\/\\\/schema.org\",\"@graph\":[{\"@type\":\"WebPage\",\"@id\":\"https:\\\/\\\/shop.bantam.ch\\\/de\\\/produkt\\\/schlafsack-camper-farbe-grey\\\/\",\"url\":\"https:\\\/\\\/shop.bantam.ch\\\/de\\\/produkt\\\/schlafsack-camper-farbe-grey\\\/\",\"name\":\"Schlafsack Camper, Farbe grey - Bantam Camping AG\",\"isPartOf\":{\"@id\":\"https:\\\/\\\/shop.bantam.ch\\\/de\\\/#website\"},\"primaryImageOfPage\":{\"@id\":\"https:\\\/\\\/shop.bantam.ch\\\/de\\\/produkt\\\/schlafsack-camper-farbe-grey\\\/#primaryimage\"},\"image\":{\"@id\":\"https:\\\/\\\/shop.bantam.ch\\\/de\\\/produkt\\\/schlafsack-camper-farbe-grey\\\/#primaryimage\"},\"thumbnailUrl\":\"https:\\\/\\\/shop.bantam.ch\\\/wp-content\\\/uploads\\\/2023\\\/03\\\/996155511.jpg\",\"datePublished\":\"2023-03-01T16:11:14+00:00\",\"dateModified\":\"2026-04-18T21:43:26+00:00\",\"breadcrumb\":{\"@id\":\"https:\\\/\\\/shop.bantam.ch\\\/de\\\/produkt\\\/schlafsack-camper-farbe-grey\\\/#breadcrumb\"},\"inLanguage\":\"de\",\"potentialAction\":[{\"@type\":\"ReadAction\",\"target\":[\"https:\\\/\\\/shop.bantam.ch\\\/de\\\/produkt\\\/schlafsack-camper-farbe-grey\\\/\"]}]},{\"@type\":\"ImageObject\",\"inLanguage\":\"de\",\"@id\":\"https:\\\/\\\/shop.bantam.ch\\\/de\\\/produkt\\\/schlafsack-camper-farbe-grey\\\/#primaryimage\",\"url\":\"https:\\\/\\\/shop.bantam.ch\\\/wp-content\\\/uploads\\\/2023\\\/03\\\/996155511.jpg\",\"contentUrl\":\"https:\\\/\\\/shop.bantam.ch\\\/wp-content\\\/uploads\\\/2023\\\/03\\\/996155511.jpg\",\"width\":905,\"height\":1000},{\"@type\":\"BreadcrumbList\",\"@id\":\"https:\\\/\\\/shop.bantam.ch\\\/de\\\/produkt\\\/schlafsack-camper-farbe-grey\\\/#breadcrumb\",\"itemListElement\":[{\"@type\":\"ListItem\",\"position\":1,\"name\":\"Accueil\",\"item\":\"https:\\\/\\\/shop.bantam.ch\\\/de\\\/\"},{\"@type\":\"ListItem\",\"position\":2,\"name\":\"Shop\",\"item\":\"https:\\\/\\\/shop.bantam.ch\\\/de\\\/shop\\\/\"},{\"@type\":\"ListItem\",\"position\":3,\"name\":\"Schlafsack Camper, Farbe grey\"}]},{\"@type\":\"WebSite\",\"@id\":\"https:\\\/\\\/shop.bantam.ch\\\/de\\\/#website\",\"url\":\"https:\\\/\\\/shop.bantam.ch\\\/de\\\/\",\"name\":\"Bantam Camping AG\",\"description\":\"\",\"publisher\":{\"@id\":\"https:\\\/\\\/shop.bantam.ch\\\/de\\\/#organization\"},\"inLanguage\":\"de\"},{\"@type\":\"Organization\",\"@id\":\"https:\\\/\\\/shop.bantam.ch\\\/de\\\/#organization\",\"name\":\"Bantam Camping AG\",\"url\":\"https:\\\/\\\/shop.bantam.ch\\\/de\\\/\",\"logo\":{\"@type\":\"ImageObject\",\"inLanguage\":\"de\",\"@id\":\"https:\\\/\\\/shop.bantam.ch\\\/de\\\/#\\\/schema\\\/logo\\\/image\\\/\",\"url\":\"https:\\\/\\\/shop.bantam.ch\\\/wp-content\\\/uploads\\\/2022\\\/12\\\/bantam-logo.png\",\"contentUrl\":\"https:\\\/\\\/shop.bantam.ch\\\/wp-content\\\/uploads\\\/2022\\\/12\\\/bantam-logo.png\",\"width\":320,\"height\":71,\"caption\":\"Bantam Camping AG\"},\"image\":{\"@id\":\"https:\\\/\\\/shop.bantam.ch\\\/de\\\/#\\\/schema\\\/logo\\\/image\\\/\"}}]}<\/script>\n<!-- \/ Yoast SEO plugin. -->","yoast_head_json":{"title":"Schlafsack Camper, Farbe grey - Bantam Camping AG","robots":{"index":"index","follow":"follow","max-snippet":"max-snippet:-1","max-image-preview":"max-image-preview:large","max-video-preview":"max-video-preview:-1"},"canonical":"https:\/\/shop.bantam.ch\/de\/produkt\/schlafsack-camper-farbe-grey\/","og_locale":"de_DE","og_type":"article","og_title":"Schlafsack Camper, Farbe grey - Bantam Camping AG","og_description":"Der Schlafsack Camper von Outwell z\u00e4hlt bei Familien seit jeher zu den beliebtesten Modellen. Mit diesem Schlafsack k\u00f6nnen Sie richtig sch\u00f6ne Sommerurlaube verbringen. Kuscheln Sie sich in den weichen Innenbezug in Kontrastfarben, lassen Sie sich von der flauschigen D\u00e4mmung warm halten und f\u00fchlen Sie sich nach einer Nacht in dem atmungsaktiven Material morgens frisch und [&hellip;]","og_url":"https:\/\/shop.bantam.ch\/de\/produkt\/schlafsack-camper-farbe-grey\/","og_site_name":"Bantam Camping AG","article_modified_time":"2026-04-18T21:43:26+00:00","og_image":[{"width":905,"height":1000,"url":"https:\/\/shop.bantam.ch\/wp-content\/uploads\/2023\/03\/996155511.jpg","type":"image\/jpeg"}],"twitter_card":"summary_large_image","twitter_misc":{"Gesch\u00e4tzte Lesezeit":"1\u00a0Minute"},"schema":{"@context":"https:\/\/schema.org","@graph":[{"@type":"WebPage","@id":"https:\/\/shop.bantam.ch\/de\/produkt\/schlafsack-camper-farbe-grey\/","url":"https:\/\/shop.bantam.ch\/de\/produkt\/schlafsack-camper-farbe-grey\/","name":"Schlafsack Camper, Farbe grey - Bantam Camping AG","isPartOf":{"@id":"https:\/\/shop.bantam.ch\/de\/#website"},"primaryImageOfPage":{"@id":"https:\/\/shop.bantam.ch\/de\/produkt\/schlafsack-camper-farbe-grey\/#primaryimage"},"image":{"@id":"https:\/\/shop.bantam.ch\/de\/produkt\/schlafsack-camper-farbe-grey\/#primaryimage"},"thumbnailUrl":"https:\/\/shop.bantam.ch\/wp-content\/uploads\/2023\/03\/996155511.jpg","datePublished":"2023-03-01T16:11:14+00:00","dateModified":"2026-04-18T21:43:26+00:00","breadcrumb":{"@id":"https:\/\/shop.bantam.ch\/de\/produkt\/schlafsack-camper-farbe-grey\/#breadcrumb"},"inLanguage":"de","potentialAction":[{"@type":"ReadAction","target":["https:\/\/shop.bantam.ch\/de\/produkt\/schlafsack-camper-farbe-grey\/"]}]},{"@type":"ImageObject","inLanguage":"de","@id":"https:\/\/shop.bantam.ch\/de\/produkt\/schlafsack-camper-farbe-grey\/#primaryimage","url":"https:\/\/shop.bantam.ch\/wp-content\/uploads\/2023\/03\/996155511.jpg","contentUrl":"https:\/\/shop.bantam.ch\/wp-content\/uploads\/2023\/03\/996155511.jpg","width":905,"height":1000},{"@type":"BreadcrumbList","@id":"https:\/\/shop.bantam.ch\/de\/produkt\/schlafsack-camper-farbe-grey\/#breadcrumb","itemListElement":[{"@type":"ListItem","position":1,"name":"Accueil","item":"https:\/\/shop.bantam.ch\/de\/"},{"@type":"ListItem","position":2,"name":"Shop","item":"https:\/\/shop.bantam.ch\/de\/shop\/"},{"@type":"ListItem","position":3,"name":"Schlafsack Camper, Farbe grey"}]},{"@type":"WebSite","@id":"https:\/\/shop.bantam.ch\/de\/#website","url":"https:\/\/shop.bantam.ch\/de\/","name":"Bantam Camping AG","description":"","publisher":{"@id":"https:\/\/shop.bantam.ch\/de\/#organization"},"inLanguage":"de"},{"@type":"Organization","@id":"https:\/\/shop.bantam.ch\/de\/#organization","name":"Bantam Camping AG","url":"https:\/\/shop.bantam.ch\/de\/","logo":{"@type":"ImageObject","inLanguage":"de","@id":"https:\/\/shop.bantam.ch\/de\/#\/schema\/logo\/image\/","url":"https:\/\/shop.bantam.ch\/wp-content\/uploads\/2022\/12\/bantam-logo.png","contentUrl":"https:\/\/shop.bantam.ch\/wp-content\/uploads\/2022\/12\/bantam-logo.png","width":320,"height":71,"caption":"Bantam Camping AG"},"image":{"@id":"https:\/\/shop.bantam.ch\/de\/#\/schema\/logo\/image\/"}}]}},"_links":{"self":[{"href":"https:\/\/shop.bantam.ch\/de\/wp-json\/wp\/v2\/product\/132851","targetHints":{"allow":["GET"]}}],"collection":[{"href":"https:\/\/shop.bantam.ch\/de\/wp-json\/wp\/v2\/product"}],"about":[{"href":"https:\/\/shop.bantam.ch\/de\/wp-json\/wp\/v2\/types\/product"}],"wp:featuredmedia":[{"embeddable":true,"href":"https:\/\/shop.bantam.ch\/de\/wp-json\/wp\/v2\/media\/132829"}],"wp:attachment":[{"href":"https:\/\/shop.bantam.ch\/de\/wp-json\/wp\/v2\/media?parent=132851"}],"wp:term":[{"taxonomy":"product_featured_cat","embeddable":true,"href":"https:\/\/shop.bantam.ch\/de\/wp-json\/wp\/v2\/product_featured_cat?post=132851"},{"taxonomy":"product_brand","embeddable":true,"href":"https:\/\/shop.bantam.ch\/de\/wp-json\/wp\/v2\/product_brand?post=132851"},{"taxonomy":"product_cat","embeddable":true,"href":"https:\/\/shop.bantam.ch\/de\/wp-json\/wp\/v2\/product_cat?post=132851"},{"taxonomy":"product_tag","embeddable":true,"href":"https:\/\/shop.bantam.ch\/de\/wp-json\/wp\/v2\/product_tag?post=132851"}],"curies":[{"name":"wp","href":"https:\/\/api.w.org\/{rel}","templated":true}]}}