{"id":132827,"date":"2023-03-01T17:11:05","date_gmt":"2023-03-01T16:11:05","guid":{"rendered":"https:\/\/shop.bantam.ch\/produit\/faltstuhl-pilgrim-farbe-granite-grey\/"},"modified":"2026-04-18T21:51:49","modified_gmt":"2026-04-18T19:51:49","slug":"faltstuhl-pilgrim-farbe-granite-grey","status":"publish","type":"product","link":"https:\/\/shop.bantam.ch\/de\/produkt\/faltstuhl-pilgrim-farbe-granite-grey\/","title":{"rendered":"Faltstuhl ROBENS Pilgrim Farbe granite grey"},"content":{"rendered":"<ul>\n<li>Platzsparende Aufbewahrung<\/li>\n<li>Leicht<\/li>\n<li>Langlebiger Aluminiumrahmen und Stahlverst\u00e4rkung<\/li>\n<li>Atmungsaktiv und besserer Komfort durch Netzeins\u00e4tze<\/li>\n<li>Ergonomische Form \u2013 perfekt f\u00fcr den Esstisch<\/li>\n<li>Tragetasche l\u00e4sst sich am Rahmen befestigen und dient so als praktischer Organiser<\/li>\n<li>Befestigungspunkt f\u00fcr den Flaschenhalter von Robens an der Seite<\/li>\n<li>Robens Weichbodenf\u00fc\u00dfe sind das perfekte Zubeh\u00f6r f\u00fcr die Nutzung auf weichem Untergrund<\/li>\n<\/ul>\n<p>Material:<br \/>Bezug: 100 % Polyester<br \/>Gestell: Aluminium<\/p>\n<p>Lieferumfang:<br \/>Inkl. Tragetasche<\/p>\n<p>\u00a0<\/p>\n","protected":false},"excerpt":{"rendered":"<p>Platzsparende Aufbewahrung Leicht Langlebiger Aluminiumrahmen und Stahlverst\u00e4rkung Atmungsaktiv und besserer Komfort durch Netzeins\u00e4tze Ergonomische Form \u2013 perfekt f\u00fcr den Esstisch Tragetasche l\u00e4sst sich am Rahmen befestigen und dient so als praktischer Organiser Befestigungspunkt f\u00fcr den Flaschenhalter von Robens an der Seite Robens Weichbodenf\u00fc\u00dfe sind das perfekte Zubeh\u00f6r f\u00fcr die Nutzung auf weichem Untergrund Material:Bezug: 100 [&hellip;]<\/p>\n","protected":false},"featured_media":132823,"template":"","meta":{"_acf_changed":false},"product_featured_cat":[],"product_brand":[3311],"product_cat":[4972],"product_tag":[],"class_list":{"0":"post-132827","1":"product","2":"type-product","3":"status-publish","4":"has-post-thumbnail","6":"product_brand-robens-de","7":"product_cat-campingstuehle","9":"first","10":"instock","11":"taxable","12":"shipping-taxable","13":"purchasable","14":"product-type-simple"},"acf":[],"yoast_head":"<!-- This site is optimized with the Yoast SEO plugin v27.4 - https:\/\/yoast.com\/product\/yoast-seo-wordpress\/ -->\n<title>Faltstuhl ROBENS Pilgrim Farbe granite grey - Bantam Camping AG<\/title>\n<meta name=\"robots\" content=\"index, follow, max-snippet:-1, max-image-preview:large, max-video-preview:-1\" \/>\n<link rel=\"canonical\" href=\"https:\/\/shop.bantam.ch\/de\/produkt\/faltstuhl-pilgrim-farbe-granite-grey\/\" \/>\n<meta property=\"og:locale\" content=\"de_DE\" \/>\n<meta property=\"og:type\" content=\"article\" \/>\n<meta property=\"og:title\" content=\"Faltstuhl ROBENS Pilgrim Farbe granite grey - Bantam Camping AG\" \/>\n<meta property=\"og:description\" content=\"Platzsparende Aufbewahrung Leicht Langlebiger Aluminiumrahmen und Stahlverst\u00e4rkung Atmungsaktiv und besserer Komfort durch Netzeins\u00e4tze Ergonomische Form \u2013 perfekt f\u00fcr den Esstisch Tragetasche l\u00e4sst sich am Rahmen befestigen und dient so als praktischer Organiser Befestigungspunkt f\u00fcr den Flaschenhalter von Robens an der Seite Robens Weichbodenf\u00fc\u00dfe sind das perfekte Zubeh\u00f6r f\u00fcr die Nutzung auf weichem Untergrund Material:Bezug: 100 [&hellip;]\" \/>\n<meta property=\"og:url\" content=\"https:\/\/shop.bantam.ch\/de\/produkt\/faltstuhl-pilgrim-farbe-granite-grey\/\" \/>\n<meta property=\"og:site_name\" content=\"Bantam Camping AG\" \/>\n<meta property=\"article:modified_time\" content=\"2026-04-18T19:51:49+00:00\" \/>\n<meta property=\"og:image\" content=\"https:\/\/shop.bantam.ch\/wp-content\/uploads\/2023\/03\/996155411.jpg\" \/>\n\t<meta property=\"og:image:width\" content=\"683\" \/>\n\t<meta property=\"og:image:height\" content=\"1000\" \/>\n\t<meta property=\"og:image:type\" content=\"image\/jpeg\" \/>\n<meta name=\"twitter:card\" content=\"summary_large_image\" \/>\n<script type=\"application\/ld+json\" class=\"yoast-schema-graph\">{\"@context\":\"https:\\\/\\\/schema.org\",\"@graph\":[{\"@type\":\"WebPage\",\"@id\":\"https:\\\/\\\/shop.bantam.ch\\\/de\\\/produkt\\\/faltstuhl-pilgrim-farbe-granite-grey\\\/\",\"url\":\"https:\\\/\\\/shop.bantam.ch\\\/de\\\/produkt\\\/faltstuhl-pilgrim-farbe-granite-grey\\\/\",\"name\":\"Faltstuhl ROBENS Pilgrim Farbe granite grey - Bantam Camping AG\",\"isPartOf\":{\"@id\":\"https:\\\/\\\/shop.bantam.ch\\\/de\\\/#website\"},\"primaryImageOfPage\":{\"@id\":\"https:\\\/\\\/shop.bantam.ch\\\/de\\\/produkt\\\/faltstuhl-pilgrim-farbe-granite-grey\\\/#primaryimage\"},\"image\":{\"@id\":\"https:\\\/\\\/shop.bantam.ch\\\/de\\\/produkt\\\/faltstuhl-pilgrim-farbe-granite-grey\\\/#primaryimage\"},\"thumbnailUrl\":\"https:\\\/\\\/shop.bantam.ch\\\/wp-content\\\/uploads\\\/2023\\\/03\\\/996155411.jpg\",\"datePublished\":\"2023-03-01T16:11:05+00:00\",\"dateModified\":\"2026-04-18T19:51:49+00:00\",\"breadcrumb\":{\"@id\":\"https:\\\/\\\/shop.bantam.ch\\\/de\\\/produkt\\\/faltstuhl-pilgrim-farbe-granite-grey\\\/#breadcrumb\"},\"inLanguage\":\"de\",\"potentialAction\":[{\"@type\":\"ReadAction\",\"target\":[\"https:\\\/\\\/shop.bantam.ch\\\/de\\\/produkt\\\/faltstuhl-pilgrim-farbe-granite-grey\\\/\"]}]},{\"@type\":\"ImageObject\",\"inLanguage\":\"de\",\"@id\":\"https:\\\/\\\/shop.bantam.ch\\\/de\\\/produkt\\\/faltstuhl-pilgrim-farbe-granite-grey\\\/#primaryimage\",\"url\":\"https:\\\/\\\/shop.bantam.ch\\\/wp-content\\\/uploads\\\/2023\\\/03\\\/996155411.jpg\",\"contentUrl\":\"https:\\\/\\\/shop.bantam.ch\\\/wp-content\\\/uploads\\\/2023\\\/03\\\/996155411.jpg\",\"width\":683,\"height\":1000},{\"@type\":\"BreadcrumbList\",\"@id\":\"https:\\\/\\\/shop.bantam.ch\\\/de\\\/produkt\\\/faltstuhl-pilgrim-farbe-granite-grey\\\/#breadcrumb\",\"itemListElement\":[{\"@type\":\"ListItem\",\"position\":1,\"name\":\"Accueil\",\"item\":\"https:\\\/\\\/shop.bantam.ch\\\/de\\\/\"},{\"@type\":\"ListItem\",\"position\":2,\"name\":\"Shop\",\"item\":\"https:\\\/\\\/shop.bantam.ch\\\/de\\\/shop\\\/\"},{\"@type\":\"ListItem\",\"position\":3,\"name\":\"Faltstuhl ROBENS Pilgrim Farbe granite grey\"}]},{\"@type\":\"WebSite\",\"@id\":\"https:\\\/\\\/shop.bantam.ch\\\/de\\\/#website\",\"url\":\"https:\\\/\\\/shop.bantam.ch\\\/de\\\/\",\"name\":\"Bantam Camping AG\",\"description\":\"\",\"publisher\":{\"@id\":\"https:\\\/\\\/shop.bantam.ch\\\/de\\\/#organization\"},\"inLanguage\":\"de\"},{\"@type\":\"Organization\",\"@id\":\"https:\\\/\\\/shop.bantam.ch\\\/de\\\/#organization\",\"name\":\"Bantam Camping AG\",\"url\":\"https:\\\/\\\/shop.bantam.ch\\\/de\\\/\",\"logo\":{\"@type\":\"ImageObject\",\"inLanguage\":\"de\",\"@id\":\"https:\\\/\\\/shop.bantam.ch\\\/de\\\/#\\\/schema\\\/logo\\\/image\\\/\",\"url\":\"https:\\\/\\\/shop.bantam.ch\\\/wp-content\\\/uploads\\\/2022\\\/12\\\/bantam-logo.png\",\"contentUrl\":\"https:\\\/\\\/shop.bantam.ch\\\/wp-content\\\/uploads\\\/2022\\\/12\\\/bantam-logo.png\",\"width\":320,\"height\":71,\"caption\":\"Bantam Camping AG\"},\"image\":{\"@id\":\"https:\\\/\\\/shop.bantam.ch\\\/de\\\/#\\\/schema\\\/logo\\\/image\\\/\"}}]}<\/script>\n<!-- \/ Yoast SEO plugin. -->","yoast_head_json":{"title":"Faltstuhl ROBENS Pilgrim Farbe granite grey - Bantam Camping AG","robots":{"index":"index","follow":"follow","max-snippet":"max-snippet:-1","max-image-preview":"max-image-preview:large","max-video-preview":"max-video-preview:-1"},"canonical":"https:\/\/shop.bantam.ch\/de\/produkt\/faltstuhl-pilgrim-farbe-granite-grey\/","og_locale":"de_DE","og_type":"article","og_title":"Faltstuhl ROBENS Pilgrim Farbe granite grey - Bantam Camping AG","og_description":"Platzsparende Aufbewahrung Leicht Langlebiger Aluminiumrahmen und Stahlverst\u00e4rkung Atmungsaktiv und besserer Komfort durch Netzeins\u00e4tze Ergonomische Form \u2013 perfekt f\u00fcr den Esstisch Tragetasche l\u00e4sst sich am Rahmen befestigen und dient so als praktischer Organiser Befestigungspunkt f\u00fcr den Flaschenhalter von Robens an der Seite Robens Weichbodenf\u00fc\u00dfe sind das perfekte Zubeh\u00f6r f\u00fcr die Nutzung auf weichem Untergrund Material:Bezug: 100 [&hellip;]","og_url":"https:\/\/shop.bantam.ch\/de\/produkt\/faltstuhl-pilgrim-farbe-granite-grey\/","og_site_name":"Bantam Camping AG","article_modified_time":"2026-04-18T19:51:49+00:00","og_image":[{"width":683,"height":1000,"url":"https:\/\/shop.bantam.ch\/wp-content\/uploads\/2023\/03\/996155411.jpg","type":"image\/jpeg"}],"twitter_card":"summary_large_image","schema":{"@context":"https:\/\/schema.org","@graph":[{"@type":"WebPage","@id":"https:\/\/shop.bantam.ch\/de\/produkt\/faltstuhl-pilgrim-farbe-granite-grey\/","url":"https:\/\/shop.bantam.ch\/de\/produkt\/faltstuhl-pilgrim-farbe-granite-grey\/","name":"Faltstuhl ROBENS Pilgrim Farbe granite grey - Bantam Camping AG","isPartOf":{"@id":"https:\/\/shop.bantam.ch\/de\/#website"},"primaryImageOfPage":{"@id":"https:\/\/shop.bantam.ch\/de\/produkt\/faltstuhl-pilgrim-farbe-granite-grey\/#primaryimage"},"image":{"@id":"https:\/\/shop.bantam.ch\/de\/produkt\/faltstuhl-pilgrim-farbe-granite-grey\/#primaryimage"},"thumbnailUrl":"https:\/\/shop.bantam.ch\/wp-content\/uploads\/2023\/03\/996155411.jpg","datePublished":"2023-03-01T16:11:05+00:00","dateModified":"2026-04-18T19:51:49+00:00","breadcrumb":{"@id":"https:\/\/shop.bantam.ch\/de\/produkt\/faltstuhl-pilgrim-farbe-granite-grey\/#breadcrumb"},"inLanguage":"de","potentialAction":[{"@type":"ReadAction","target":["https:\/\/shop.bantam.ch\/de\/produkt\/faltstuhl-pilgrim-farbe-granite-grey\/"]}]},{"@type":"ImageObject","inLanguage":"de","@id":"https:\/\/shop.bantam.ch\/de\/produkt\/faltstuhl-pilgrim-farbe-granite-grey\/#primaryimage","url":"https:\/\/shop.bantam.ch\/wp-content\/uploads\/2023\/03\/996155411.jpg","contentUrl":"https:\/\/shop.bantam.ch\/wp-content\/uploads\/2023\/03\/996155411.jpg","width":683,"height":1000},{"@type":"BreadcrumbList","@id":"https:\/\/shop.bantam.ch\/de\/produkt\/faltstuhl-pilgrim-farbe-granite-grey\/#breadcrumb","itemListElement":[{"@type":"ListItem","position":1,"name":"Accueil","item":"https:\/\/shop.bantam.ch\/de\/"},{"@type":"ListItem","position":2,"name":"Shop","item":"https:\/\/shop.bantam.ch\/de\/shop\/"},{"@type":"ListItem","position":3,"name":"Faltstuhl ROBENS Pilgrim Farbe granite grey"}]},{"@type":"WebSite","@id":"https:\/\/shop.bantam.ch\/de\/#website","url":"https:\/\/shop.bantam.ch\/de\/","name":"Bantam Camping AG","description":"","publisher":{"@id":"https:\/\/shop.bantam.ch\/de\/#organization"},"inLanguage":"de"},{"@type":"Organization","@id":"https:\/\/shop.bantam.ch\/de\/#organization","name":"Bantam Camping AG","url":"https:\/\/shop.bantam.ch\/de\/","logo":{"@type":"ImageObject","inLanguage":"de","@id":"https:\/\/shop.bantam.ch\/de\/#\/schema\/logo\/image\/","url":"https:\/\/shop.bantam.ch\/wp-content\/uploads\/2022\/12\/bantam-logo.png","contentUrl":"https:\/\/shop.bantam.ch\/wp-content\/uploads\/2022\/12\/bantam-logo.png","width":320,"height":71,"caption":"Bantam Camping AG"},"image":{"@id":"https:\/\/shop.bantam.ch\/de\/#\/schema\/logo\/image\/"}}]}},"_links":{"self":[{"href":"https:\/\/shop.bantam.ch\/de\/wp-json\/wp\/v2\/product\/132827","targetHints":{"allow":["GET"]}}],"collection":[{"href":"https:\/\/shop.bantam.ch\/de\/wp-json\/wp\/v2\/product"}],"about":[{"href":"https:\/\/shop.bantam.ch\/de\/wp-json\/wp\/v2\/types\/product"}],"wp:featuredmedia":[{"embeddable":true,"href":"https:\/\/shop.bantam.ch\/de\/wp-json\/wp\/v2\/media\/132823"}],"wp:attachment":[{"href":"https:\/\/shop.bantam.ch\/de\/wp-json\/wp\/v2\/media?parent=132827"}],"wp:term":[{"taxonomy":"product_featured_cat","embeddable":true,"href":"https:\/\/shop.bantam.ch\/de\/wp-json\/wp\/v2\/product_featured_cat?post=132827"},{"taxonomy":"product_brand","embeddable":true,"href":"https:\/\/shop.bantam.ch\/de\/wp-json\/wp\/v2\/product_brand?post=132827"},{"taxonomy":"product_cat","embeddable":true,"href":"https:\/\/shop.bantam.ch\/de\/wp-json\/wp\/v2\/product_cat?post=132827"},{"taxonomy":"product_tag","embeddable":true,"href":"https:\/\/shop.bantam.ch\/de\/wp-json\/wp\/v2\/product_tag?post=132827"}],"curies":[{"name":"wp","href":"https:\/\/api.w.org\/{rel}","templated":true}]}}