{"id":132279,"date":"2023-03-01T17:03:29","date_gmt":"2023-03-01T16:03:29","guid":{"rendered":"https:\/\/shop.bantam.ch\/produit\/zusatz-fliegengitter-flynet-zu-dachhaube-midi\/"},"modified":"2026-04-18T21:37:17","modified_gmt":"2026-04-18T19:37:17","slug":"zusatz-fliegengitter-flynet-zu-dachhaube-midi","status":"publish","type":"product","link":"https:\/\/shop.bantam.ch\/de\/produkt\/zusatz-fliegengitter-flynet-zu-dachhaube-midi\/","title":{"rendered":"Fliegengitter BRUNNER FLYNET zu Dachhaube Midi"},"content":{"rendered":"<p>Zusatz-Fliegengitter mit Aluminiumrahmen f\u00fcr das Dometic Midi Heki mit Kurbelbedienung Beugen Sie dem Eindringen von Schmutz und l\u00e4stigen Insekten durch das neu entwickelte FLYNET Fliegengitter gezielt vor. Mit dem FLYNET beginnt der Schutz ihres Fahrzeugs bereits auf Dachniveau und die l\u00e4stige Ansammlung von Fliegen, Stechm\u00fccken und anderen Plagegeistern, aber auch Bl\u00e4ttern, Baumnadeln, uvm. am innenliegenden Fliegenschutz- und Verdunkelungsrollo entf\u00e4llt komplett. Das FLYNET baut auf einem hochwertigen Aluminium-Rahmen auf. Dieser erm\u00f6glicht eine schnelle, unkomplizierte und dauerhafte Anbringung an das Dometic Midi Heki (mit Kurbelbedienung) ohne l\u00e4stiges Bohren und\/oder Schrauben. Der Heki-Rahmen bleibt dabei v\u00f6llig unbesch\u00e4digt und erf\u00e4hrt eine optische Aufwertung. Wenn Sie das FLYNET zur Reinigung oder w\u00e4hrend der Winterpause abnehmen m\u00f6chten, heben Sie dieses ganz einfach heraus.<\/p>\n<ul>\n<li>Aluminium-Rahmen mit geringem Gewicht und hoher Stabilit\u00e4t<\/li>\n<li>Fliegengitter aus wetterbest\u00e4ndigem Fiberglasgewebe<\/li>\n<li>Hochwertige Optik durch modernes Alu-Profil mit abgerundeten Kanten und seitlichen B\u00fcrsten<\/li>\n<li>Montage ohne Bohren und Schrauben<\/li>\n<li>Sofort einsatzbereit<\/li>\n<li>Passend f\u00fcr das Original Dometic Midi-Heki mit Kurbelbedienung<\/li>\n<\/ul>\n","protected":false},"excerpt":{"rendered":"<p>Zusatz-Fliegengitter mit Aluminiumrahmen f\u00fcr das Dometic Midi Heki mit Kurbelbedienung Beugen Sie dem Eindringen von Schmutz und l\u00e4stigen Insekten durch das neu entwickelte FLYNET Fliegengitter gezielt vor. Mit dem FLYNET beginnt der Schutz ihres Fahrzeugs bereits auf Dachniveau und die l\u00e4stige Ansammlung von Fliegen, Stechm\u00fccken und anderen Plagegeistern, aber auch Bl\u00e4ttern, Baumnadeln, uvm. am innenliegenden [&hellip;]<\/p>\n","protected":false},"featured_media":132269,"template":"","meta":{"_acf_changed":false},"product_featured_cat":[],"product_brand":[3081],"product_cat":[5050],"product_tag":[],"class_list":{"0":"post-132279","1":"product","2":"type-product","3":"status-publish","4":"has-post-thumbnail","6":"product_brand-brunner-de","7":"product_cat-insektenschutz-fuer-fenster","9":"first","10":"instock","11":"taxable","12":"shipping-taxable","13":"purchasable","14":"product-type-simple"},"acf":[],"yoast_head":"<!-- This site is optimized with the Yoast SEO plugin v27.4 - https:\/\/yoast.com\/product\/yoast-seo-wordpress\/ -->\n<title>Fliegengitter BRUNNER FLYNET zu Dachhaube Midi - Bantam Camping AG<\/title>\n<meta name=\"robots\" content=\"index, follow, max-snippet:-1, max-image-preview:large, max-video-preview:-1\" \/>\n<link rel=\"canonical\" href=\"https:\/\/shop.bantam.ch\/de\/produkt\/zusatz-fliegengitter-flynet-zu-dachhaube-midi\/\" \/>\n<meta property=\"og:locale\" content=\"de_DE\" \/>\n<meta property=\"og:type\" content=\"article\" \/>\n<meta property=\"og:title\" content=\"Fliegengitter BRUNNER FLYNET zu Dachhaube Midi - Bantam Camping AG\" \/>\n<meta property=\"og:description\" content=\"Zusatz-Fliegengitter mit Aluminiumrahmen f\u00fcr das Dometic Midi Heki mit Kurbelbedienung Beugen Sie dem Eindringen von Schmutz und l\u00e4stigen Insekten durch das neu entwickelte FLYNET Fliegengitter gezielt vor. Mit dem FLYNET beginnt der Schutz ihres Fahrzeugs bereits auf Dachniveau und die l\u00e4stige Ansammlung von Fliegen, Stechm\u00fccken und anderen Plagegeistern, aber auch Bl\u00e4ttern, Baumnadeln, uvm. am innenliegenden [&hellip;]\" \/>\n<meta property=\"og:url\" content=\"https:\/\/shop.bantam.ch\/de\/produkt\/zusatz-fliegengitter-flynet-zu-dachhaube-midi\/\" \/>\n<meta property=\"og:site_name\" content=\"Bantam Camping AG\" \/>\n<meta property=\"article:modified_time\" content=\"2026-04-18T19:37:17+00:00\" \/>\n<meta property=\"og:image\" content=\"https:\/\/shop.bantam.ch\/wp-content\/uploads\/2023\/03\/994377211.jpg\" \/>\n\t<meta property=\"og:image:width\" content=\"1000\" \/>\n\t<meta property=\"og:image:height\" content=\"731\" \/>\n\t<meta property=\"og:image:type\" content=\"image\/jpeg\" \/>\n<meta name=\"twitter:card\" content=\"summary_large_image\" \/>\n<meta name=\"twitter:label1\" content=\"Gesch\u00e4tzte Lesezeit\" \/>\n\t<meta name=\"twitter:data1\" content=\"1\u00a0Minute\" \/>\n<script type=\"application\/ld+json\" class=\"yoast-schema-graph\">{\"@context\":\"https:\\\/\\\/schema.org\",\"@graph\":[{\"@type\":\"WebPage\",\"@id\":\"https:\\\/\\\/shop.bantam.ch\\\/de\\\/produkt\\\/zusatz-fliegengitter-flynet-zu-dachhaube-midi\\\/\",\"url\":\"https:\\\/\\\/shop.bantam.ch\\\/de\\\/produkt\\\/zusatz-fliegengitter-flynet-zu-dachhaube-midi\\\/\",\"name\":\"Fliegengitter BRUNNER FLYNET zu Dachhaube Midi - Bantam Camping AG\",\"isPartOf\":{\"@id\":\"https:\\\/\\\/shop.bantam.ch\\\/de\\\/#website\"},\"primaryImageOfPage\":{\"@id\":\"https:\\\/\\\/shop.bantam.ch\\\/de\\\/produkt\\\/zusatz-fliegengitter-flynet-zu-dachhaube-midi\\\/#primaryimage\"},\"image\":{\"@id\":\"https:\\\/\\\/shop.bantam.ch\\\/de\\\/produkt\\\/zusatz-fliegengitter-flynet-zu-dachhaube-midi\\\/#primaryimage\"},\"thumbnailUrl\":\"https:\\\/\\\/shop.bantam.ch\\\/wp-content\\\/uploads\\\/2023\\\/03\\\/994377211.jpg\",\"datePublished\":\"2023-03-01T16:03:29+00:00\",\"dateModified\":\"2026-04-18T19:37:17+00:00\",\"breadcrumb\":{\"@id\":\"https:\\\/\\\/shop.bantam.ch\\\/de\\\/produkt\\\/zusatz-fliegengitter-flynet-zu-dachhaube-midi\\\/#breadcrumb\"},\"inLanguage\":\"de\",\"potentialAction\":[{\"@type\":\"ReadAction\",\"target\":[\"https:\\\/\\\/shop.bantam.ch\\\/de\\\/produkt\\\/zusatz-fliegengitter-flynet-zu-dachhaube-midi\\\/\"]}]},{\"@type\":\"ImageObject\",\"inLanguage\":\"de\",\"@id\":\"https:\\\/\\\/shop.bantam.ch\\\/de\\\/produkt\\\/zusatz-fliegengitter-flynet-zu-dachhaube-midi\\\/#primaryimage\",\"url\":\"https:\\\/\\\/shop.bantam.ch\\\/wp-content\\\/uploads\\\/2023\\\/03\\\/994377211.jpg\",\"contentUrl\":\"https:\\\/\\\/shop.bantam.ch\\\/wp-content\\\/uploads\\\/2023\\\/03\\\/994377211.jpg\",\"width\":1000,\"height\":731},{\"@type\":\"BreadcrumbList\",\"@id\":\"https:\\\/\\\/shop.bantam.ch\\\/de\\\/produkt\\\/zusatz-fliegengitter-flynet-zu-dachhaube-midi\\\/#breadcrumb\",\"itemListElement\":[{\"@type\":\"ListItem\",\"position\":1,\"name\":\"Accueil\",\"item\":\"https:\\\/\\\/shop.bantam.ch\\\/de\\\/\"},{\"@type\":\"ListItem\",\"position\":2,\"name\":\"Shop\",\"item\":\"https:\\\/\\\/shop.bantam.ch\\\/de\\\/shop\\\/\"},{\"@type\":\"ListItem\",\"position\":3,\"name\":\"Fliegengitter BRUNNER FLYNET zu Dachhaube Midi\"}]},{\"@type\":\"WebSite\",\"@id\":\"https:\\\/\\\/shop.bantam.ch\\\/de\\\/#website\",\"url\":\"https:\\\/\\\/shop.bantam.ch\\\/de\\\/\",\"name\":\"Bantam Camping AG\",\"description\":\"\",\"publisher\":{\"@id\":\"https:\\\/\\\/shop.bantam.ch\\\/de\\\/#organization\"},\"inLanguage\":\"de\"},{\"@type\":\"Organization\",\"@id\":\"https:\\\/\\\/shop.bantam.ch\\\/de\\\/#organization\",\"name\":\"Bantam Camping AG\",\"url\":\"https:\\\/\\\/shop.bantam.ch\\\/de\\\/\",\"logo\":{\"@type\":\"ImageObject\",\"inLanguage\":\"de\",\"@id\":\"https:\\\/\\\/shop.bantam.ch\\\/de\\\/#\\\/schema\\\/logo\\\/image\\\/\",\"url\":\"https:\\\/\\\/shop.bantam.ch\\\/wp-content\\\/uploads\\\/2022\\\/12\\\/bantam-logo.png\",\"contentUrl\":\"https:\\\/\\\/shop.bantam.ch\\\/wp-content\\\/uploads\\\/2022\\\/12\\\/bantam-logo.png\",\"width\":320,\"height\":71,\"caption\":\"Bantam Camping AG\"},\"image\":{\"@id\":\"https:\\\/\\\/shop.bantam.ch\\\/de\\\/#\\\/schema\\\/logo\\\/image\\\/\"}}]}<\/script>\n<!-- \/ Yoast SEO plugin. -->","yoast_head_json":{"title":"Fliegengitter BRUNNER FLYNET zu Dachhaube Midi - Bantam Camping AG","robots":{"index":"index","follow":"follow","max-snippet":"max-snippet:-1","max-image-preview":"max-image-preview:large","max-video-preview":"max-video-preview:-1"},"canonical":"https:\/\/shop.bantam.ch\/de\/produkt\/zusatz-fliegengitter-flynet-zu-dachhaube-midi\/","og_locale":"de_DE","og_type":"article","og_title":"Fliegengitter BRUNNER FLYNET zu Dachhaube Midi - Bantam Camping AG","og_description":"Zusatz-Fliegengitter mit Aluminiumrahmen f\u00fcr das Dometic Midi Heki mit Kurbelbedienung Beugen Sie dem Eindringen von Schmutz und l\u00e4stigen Insekten durch das neu entwickelte FLYNET Fliegengitter gezielt vor. Mit dem FLYNET beginnt der Schutz ihres Fahrzeugs bereits auf Dachniveau und die l\u00e4stige Ansammlung von Fliegen, Stechm\u00fccken und anderen Plagegeistern, aber auch Bl\u00e4ttern, Baumnadeln, uvm. am innenliegenden [&hellip;]","og_url":"https:\/\/shop.bantam.ch\/de\/produkt\/zusatz-fliegengitter-flynet-zu-dachhaube-midi\/","og_site_name":"Bantam Camping AG","article_modified_time":"2026-04-18T19:37:17+00:00","og_image":[{"width":1000,"height":731,"url":"https:\/\/shop.bantam.ch\/wp-content\/uploads\/2023\/03\/994377211.jpg","type":"image\/jpeg"}],"twitter_card":"summary_large_image","twitter_misc":{"Gesch\u00e4tzte Lesezeit":"1\u00a0Minute"},"schema":{"@context":"https:\/\/schema.org","@graph":[{"@type":"WebPage","@id":"https:\/\/shop.bantam.ch\/de\/produkt\/zusatz-fliegengitter-flynet-zu-dachhaube-midi\/","url":"https:\/\/shop.bantam.ch\/de\/produkt\/zusatz-fliegengitter-flynet-zu-dachhaube-midi\/","name":"Fliegengitter BRUNNER FLYNET zu Dachhaube Midi - Bantam Camping AG","isPartOf":{"@id":"https:\/\/shop.bantam.ch\/de\/#website"},"primaryImageOfPage":{"@id":"https:\/\/shop.bantam.ch\/de\/produkt\/zusatz-fliegengitter-flynet-zu-dachhaube-midi\/#primaryimage"},"image":{"@id":"https:\/\/shop.bantam.ch\/de\/produkt\/zusatz-fliegengitter-flynet-zu-dachhaube-midi\/#primaryimage"},"thumbnailUrl":"https:\/\/shop.bantam.ch\/wp-content\/uploads\/2023\/03\/994377211.jpg","datePublished":"2023-03-01T16:03:29+00:00","dateModified":"2026-04-18T19:37:17+00:00","breadcrumb":{"@id":"https:\/\/shop.bantam.ch\/de\/produkt\/zusatz-fliegengitter-flynet-zu-dachhaube-midi\/#breadcrumb"},"inLanguage":"de","potentialAction":[{"@type":"ReadAction","target":["https:\/\/shop.bantam.ch\/de\/produkt\/zusatz-fliegengitter-flynet-zu-dachhaube-midi\/"]}]},{"@type":"ImageObject","inLanguage":"de","@id":"https:\/\/shop.bantam.ch\/de\/produkt\/zusatz-fliegengitter-flynet-zu-dachhaube-midi\/#primaryimage","url":"https:\/\/shop.bantam.ch\/wp-content\/uploads\/2023\/03\/994377211.jpg","contentUrl":"https:\/\/shop.bantam.ch\/wp-content\/uploads\/2023\/03\/994377211.jpg","width":1000,"height":731},{"@type":"BreadcrumbList","@id":"https:\/\/shop.bantam.ch\/de\/produkt\/zusatz-fliegengitter-flynet-zu-dachhaube-midi\/#breadcrumb","itemListElement":[{"@type":"ListItem","position":1,"name":"Accueil","item":"https:\/\/shop.bantam.ch\/de\/"},{"@type":"ListItem","position":2,"name":"Shop","item":"https:\/\/shop.bantam.ch\/de\/shop\/"},{"@type":"ListItem","position":3,"name":"Fliegengitter BRUNNER FLYNET zu Dachhaube Midi"}]},{"@type":"WebSite","@id":"https:\/\/shop.bantam.ch\/de\/#website","url":"https:\/\/shop.bantam.ch\/de\/","name":"Bantam Camping AG","description":"","publisher":{"@id":"https:\/\/shop.bantam.ch\/de\/#organization"},"inLanguage":"de"},{"@type":"Organization","@id":"https:\/\/shop.bantam.ch\/de\/#organization","name":"Bantam Camping AG","url":"https:\/\/shop.bantam.ch\/de\/","logo":{"@type":"ImageObject","inLanguage":"de","@id":"https:\/\/shop.bantam.ch\/de\/#\/schema\/logo\/image\/","url":"https:\/\/shop.bantam.ch\/wp-content\/uploads\/2022\/12\/bantam-logo.png","contentUrl":"https:\/\/shop.bantam.ch\/wp-content\/uploads\/2022\/12\/bantam-logo.png","width":320,"height":71,"caption":"Bantam Camping AG"},"image":{"@id":"https:\/\/shop.bantam.ch\/de\/#\/schema\/logo\/image\/"}}]}},"_links":{"self":[{"href":"https:\/\/shop.bantam.ch\/de\/wp-json\/wp\/v2\/product\/132279","targetHints":{"allow":["GET"]}}],"collection":[{"href":"https:\/\/shop.bantam.ch\/de\/wp-json\/wp\/v2\/product"}],"about":[{"href":"https:\/\/shop.bantam.ch\/de\/wp-json\/wp\/v2\/types\/product"}],"wp:featuredmedia":[{"embeddable":true,"href":"https:\/\/shop.bantam.ch\/de\/wp-json\/wp\/v2\/media\/132269"}],"wp:attachment":[{"href":"https:\/\/shop.bantam.ch\/de\/wp-json\/wp\/v2\/media?parent=132279"}],"wp:term":[{"taxonomy":"product_featured_cat","embeddable":true,"href":"https:\/\/shop.bantam.ch\/de\/wp-json\/wp\/v2\/product_featured_cat?post=132279"},{"taxonomy":"product_brand","embeddable":true,"href":"https:\/\/shop.bantam.ch\/de\/wp-json\/wp\/v2\/product_brand?post=132279"},{"taxonomy":"product_cat","embeddable":true,"href":"https:\/\/shop.bantam.ch\/de\/wp-json\/wp\/v2\/product_cat?post=132279"},{"taxonomy":"product_tag","embeddable":true,"href":"https:\/\/shop.bantam.ch\/de\/wp-json\/wp\/v2\/product_tag?post=132279"}],"curies":[{"name":"wp","href":"https:\/\/api.w.org\/{rel}","templated":true}]}}