{"id":132116,"date":"2023-03-01T17:01:41","date_gmt":"2023-03-01T16:01:41","guid":{"rendered":"https:\/\/shop.bantam.ch\/produit\/hochdruckschlauch-75-cm-schlauchbruchsicherung\/"},"modified":"2026-04-17T22:28:59","modified_gmt":"2026-04-17T20:28:59","slug":"hochdruckschlauch-75-cm-schlauchbruchsicherung","status":"publish","type":"product","link":"https:\/\/shop.bantam.ch\/de\/produkt\/hochdruckschlauch-75-cm-schlauchbruchsicherung\/","title":{"rendered":"Hochdruckschlauch 75 cm Schlauchbruchsicherung"},"content":{"rendered":"<p>F\u00fcr maximale Sicherheit unterwegs und im Stand: Sie erf\u00fcllen alle gesetzlichen Anforderungen, um die Gasanlage w\u00e4hrend der Fahrt zu betreiben, eignen sich aber auch f\u00fcr den station\u00e4ren Betrieb. Wird der Schlauch besch\u00e4digt, l\u00f6st die Sicherung aus und stoppt den Gasfluss.<\/p>\n","protected":false},"excerpt":{"rendered":"<p>F\u00fcr maximale Sicherheit unterwegs und im Stand: Sie erf\u00fcllen alle gesetzlichen Anforderungen, um die Gasanlage w\u00e4hrend der Fahrt zu betreiben, eignen sich aber auch f\u00fcr den station\u00e4ren Betrieb. Wird der Schlauch besch\u00e4digt, l\u00f6st die Sicherung aus und stoppt den Gasfluss.<\/p>\n","protected":false},"featured_media":132091,"template":"","meta":{"_acf_changed":false},"product_featured_cat":[],"product_brand":[3027],"product_cat":[4494],"product_tag":[],"class_list":{"0":"post-132116","1":"product","2":"type-product","3":"status-publish","4":"has-post-thumbnail","6":"product_brand-truma-de","7":"product_cat-gasschlaeuche","9":"first","10":"instock","11":"taxable","12":"shipping-taxable","13":"purchasable","14":"product-type-variable"},"acf":[],"yoast_head":"<!-- This site is optimized with the Yoast SEO plugin v27.4 - https:\/\/yoast.com\/product\/yoast-seo-wordpress\/ -->\n<title>Hochdruckschlauch 75 cm Schlauchbruchsicherung - Bantam Camping AG<\/title>\n<meta name=\"robots\" content=\"index, follow, max-snippet:-1, max-image-preview:large, max-video-preview:-1\" \/>\n<link rel=\"canonical\" href=\"https:\/\/shop.bantam.ch\/de\/produkt\/hochdruckschlauch-75-cm-schlauchbruchsicherung\/\" \/>\n<meta property=\"og:locale\" content=\"de_DE\" \/>\n<meta property=\"og:type\" content=\"article\" \/>\n<meta property=\"og:title\" content=\"Hochdruckschlauch 75 cm Schlauchbruchsicherung - Bantam Camping AG\" \/>\n<meta property=\"og:description\" content=\"F\u00fcr maximale Sicherheit unterwegs und im Stand: Sie erf\u00fcllen alle gesetzlichen Anforderungen, um die Gasanlage w\u00e4hrend der Fahrt zu betreiben, eignen sich aber auch f\u00fcr den station\u00e4ren Betrieb. Wird der Schlauch besch\u00e4digt, l\u00f6st die Sicherung aus und stoppt den Gasfluss.\" \/>\n<meta property=\"og:url\" content=\"https:\/\/shop.bantam.ch\/de\/produkt\/hochdruckschlauch-75-cm-schlauchbruchsicherung\/\" \/>\n<meta property=\"og:site_name\" content=\"Bantam Camping AG\" \/>\n<meta property=\"article:modified_time\" content=\"2026-04-17T20:28:59+00:00\" \/>\n<meta property=\"og:image\" content=\"https:\/\/shop.bantam.ch\/wp-content\/uploads\/2023\/03\/995499611.jpg\" \/>\n\t<meta property=\"og:image:width\" content=\"1000\" \/>\n\t<meta property=\"og:image:height\" content=\"1000\" \/>\n\t<meta property=\"og:image:type\" content=\"image\/jpeg\" \/>\n<meta name=\"twitter:card\" content=\"summary_large_image\" \/>\n<script type=\"application\/ld+json\" class=\"yoast-schema-graph\">{\"@context\":\"https:\\\/\\\/schema.org\",\"@graph\":[{\"@type\":\"WebPage\",\"@id\":\"https:\\\/\\\/shop.bantam.ch\\\/de\\\/produkt\\\/hochdruckschlauch-75-cm-schlauchbruchsicherung\\\/\",\"url\":\"https:\\\/\\\/shop.bantam.ch\\\/de\\\/produkt\\\/hochdruckschlauch-75-cm-schlauchbruchsicherung\\\/\",\"name\":\"Hochdruckschlauch 75 cm Schlauchbruchsicherung - Bantam Camping AG\",\"isPartOf\":{\"@id\":\"https:\\\/\\\/shop.bantam.ch\\\/de\\\/#website\"},\"primaryImageOfPage\":{\"@id\":\"https:\\\/\\\/shop.bantam.ch\\\/de\\\/produkt\\\/hochdruckschlauch-75-cm-schlauchbruchsicherung\\\/#primaryimage\"},\"image\":{\"@id\":\"https:\\\/\\\/shop.bantam.ch\\\/de\\\/produkt\\\/hochdruckschlauch-75-cm-schlauchbruchsicherung\\\/#primaryimage\"},\"thumbnailUrl\":\"https:\\\/\\\/shop.bantam.ch\\\/wp-content\\\/uploads\\\/2023\\\/03\\\/995499611.jpg\",\"datePublished\":\"2023-03-01T16:01:41+00:00\",\"dateModified\":\"2026-04-17T20:28:59+00:00\",\"breadcrumb\":{\"@id\":\"https:\\\/\\\/shop.bantam.ch\\\/de\\\/produkt\\\/hochdruckschlauch-75-cm-schlauchbruchsicherung\\\/#breadcrumb\"},\"inLanguage\":\"de\",\"potentialAction\":[{\"@type\":\"ReadAction\",\"target\":[\"https:\\\/\\\/shop.bantam.ch\\\/de\\\/produkt\\\/hochdruckschlauch-75-cm-schlauchbruchsicherung\\\/\"]}]},{\"@type\":\"ImageObject\",\"inLanguage\":\"de\",\"@id\":\"https:\\\/\\\/shop.bantam.ch\\\/de\\\/produkt\\\/hochdruckschlauch-75-cm-schlauchbruchsicherung\\\/#primaryimage\",\"url\":\"https:\\\/\\\/shop.bantam.ch\\\/wp-content\\\/uploads\\\/2023\\\/03\\\/995499611.jpg\",\"contentUrl\":\"https:\\\/\\\/shop.bantam.ch\\\/wp-content\\\/uploads\\\/2023\\\/03\\\/995499611.jpg\",\"width\":1000,\"height\":1000},{\"@type\":\"BreadcrumbList\",\"@id\":\"https:\\\/\\\/shop.bantam.ch\\\/de\\\/produkt\\\/hochdruckschlauch-75-cm-schlauchbruchsicherung\\\/#breadcrumb\",\"itemListElement\":[{\"@type\":\"ListItem\",\"position\":1,\"name\":\"Accueil\",\"item\":\"https:\\\/\\\/shop.bantam.ch\\\/de\\\/\"},{\"@type\":\"ListItem\",\"position\":2,\"name\":\"Shop\",\"item\":\"https:\\\/\\\/shop.bantam.ch\\\/de\\\/shop\\\/\"},{\"@type\":\"ListItem\",\"position\":3,\"name\":\"Hochdruckschlauch 75 cm Schlauchbruchsicherung\"}]},{\"@type\":\"WebSite\",\"@id\":\"https:\\\/\\\/shop.bantam.ch\\\/de\\\/#website\",\"url\":\"https:\\\/\\\/shop.bantam.ch\\\/de\\\/\",\"name\":\"Bantam Camping AG\",\"description\":\"\",\"publisher\":{\"@id\":\"https:\\\/\\\/shop.bantam.ch\\\/de\\\/#organization\"},\"inLanguage\":\"de\"},{\"@type\":\"Organization\",\"@id\":\"https:\\\/\\\/shop.bantam.ch\\\/de\\\/#organization\",\"name\":\"Bantam Camping AG\",\"url\":\"https:\\\/\\\/shop.bantam.ch\\\/de\\\/\",\"logo\":{\"@type\":\"ImageObject\",\"inLanguage\":\"de\",\"@id\":\"https:\\\/\\\/shop.bantam.ch\\\/de\\\/#\\\/schema\\\/logo\\\/image\\\/\",\"url\":\"https:\\\/\\\/shop.bantam.ch\\\/wp-content\\\/uploads\\\/2022\\\/12\\\/bantam-logo.png\",\"contentUrl\":\"https:\\\/\\\/shop.bantam.ch\\\/wp-content\\\/uploads\\\/2022\\\/12\\\/bantam-logo.png\",\"width\":320,\"height\":71,\"caption\":\"Bantam Camping AG\"},\"image\":{\"@id\":\"https:\\\/\\\/shop.bantam.ch\\\/de\\\/#\\\/schema\\\/logo\\\/image\\\/\"}}]}<\/script>\n<!-- \/ Yoast SEO plugin. -->","yoast_head_json":{"title":"Hochdruckschlauch 75 cm Schlauchbruchsicherung - Bantam Camping AG","robots":{"index":"index","follow":"follow","max-snippet":"max-snippet:-1","max-image-preview":"max-image-preview:large","max-video-preview":"max-video-preview:-1"},"canonical":"https:\/\/shop.bantam.ch\/de\/produkt\/hochdruckschlauch-75-cm-schlauchbruchsicherung\/","og_locale":"de_DE","og_type":"article","og_title":"Hochdruckschlauch 75 cm Schlauchbruchsicherung - Bantam Camping AG","og_description":"F\u00fcr maximale Sicherheit unterwegs und im Stand: Sie erf\u00fcllen alle gesetzlichen Anforderungen, um die Gasanlage w\u00e4hrend der Fahrt zu betreiben, eignen sich aber auch f\u00fcr den station\u00e4ren Betrieb. Wird der Schlauch besch\u00e4digt, l\u00f6st die Sicherung aus und stoppt den Gasfluss.","og_url":"https:\/\/shop.bantam.ch\/de\/produkt\/hochdruckschlauch-75-cm-schlauchbruchsicherung\/","og_site_name":"Bantam Camping AG","article_modified_time":"2026-04-17T20:28:59+00:00","og_image":[{"width":1000,"height":1000,"url":"https:\/\/shop.bantam.ch\/wp-content\/uploads\/2023\/03\/995499611.jpg","type":"image\/jpeg"}],"twitter_card":"summary_large_image","schema":{"@context":"https:\/\/schema.org","@graph":[{"@type":"WebPage","@id":"https:\/\/shop.bantam.ch\/de\/produkt\/hochdruckschlauch-75-cm-schlauchbruchsicherung\/","url":"https:\/\/shop.bantam.ch\/de\/produkt\/hochdruckschlauch-75-cm-schlauchbruchsicherung\/","name":"Hochdruckschlauch 75 cm Schlauchbruchsicherung - Bantam Camping AG","isPartOf":{"@id":"https:\/\/shop.bantam.ch\/de\/#website"},"primaryImageOfPage":{"@id":"https:\/\/shop.bantam.ch\/de\/produkt\/hochdruckschlauch-75-cm-schlauchbruchsicherung\/#primaryimage"},"image":{"@id":"https:\/\/shop.bantam.ch\/de\/produkt\/hochdruckschlauch-75-cm-schlauchbruchsicherung\/#primaryimage"},"thumbnailUrl":"https:\/\/shop.bantam.ch\/wp-content\/uploads\/2023\/03\/995499611.jpg","datePublished":"2023-03-01T16:01:41+00:00","dateModified":"2026-04-17T20:28:59+00:00","breadcrumb":{"@id":"https:\/\/shop.bantam.ch\/de\/produkt\/hochdruckschlauch-75-cm-schlauchbruchsicherung\/#breadcrumb"},"inLanguage":"de","potentialAction":[{"@type":"ReadAction","target":["https:\/\/shop.bantam.ch\/de\/produkt\/hochdruckschlauch-75-cm-schlauchbruchsicherung\/"]}]},{"@type":"ImageObject","inLanguage":"de","@id":"https:\/\/shop.bantam.ch\/de\/produkt\/hochdruckschlauch-75-cm-schlauchbruchsicherung\/#primaryimage","url":"https:\/\/shop.bantam.ch\/wp-content\/uploads\/2023\/03\/995499611.jpg","contentUrl":"https:\/\/shop.bantam.ch\/wp-content\/uploads\/2023\/03\/995499611.jpg","width":1000,"height":1000},{"@type":"BreadcrumbList","@id":"https:\/\/shop.bantam.ch\/de\/produkt\/hochdruckschlauch-75-cm-schlauchbruchsicherung\/#breadcrumb","itemListElement":[{"@type":"ListItem","position":1,"name":"Accueil","item":"https:\/\/shop.bantam.ch\/de\/"},{"@type":"ListItem","position":2,"name":"Shop","item":"https:\/\/shop.bantam.ch\/de\/shop\/"},{"@type":"ListItem","position":3,"name":"Hochdruckschlauch 75 cm Schlauchbruchsicherung"}]},{"@type":"WebSite","@id":"https:\/\/shop.bantam.ch\/de\/#website","url":"https:\/\/shop.bantam.ch\/de\/","name":"Bantam Camping AG","description":"","publisher":{"@id":"https:\/\/shop.bantam.ch\/de\/#organization"},"inLanguage":"de"},{"@type":"Organization","@id":"https:\/\/shop.bantam.ch\/de\/#organization","name":"Bantam Camping AG","url":"https:\/\/shop.bantam.ch\/de\/","logo":{"@type":"ImageObject","inLanguage":"de","@id":"https:\/\/shop.bantam.ch\/de\/#\/schema\/logo\/image\/","url":"https:\/\/shop.bantam.ch\/wp-content\/uploads\/2022\/12\/bantam-logo.png","contentUrl":"https:\/\/shop.bantam.ch\/wp-content\/uploads\/2022\/12\/bantam-logo.png","width":320,"height":71,"caption":"Bantam Camping AG"},"image":{"@id":"https:\/\/shop.bantam.ch\/de\/#\/schema\/logo\/image\/"}}]}},"_links":{"self":[{"href":"https:\/\/shop.bantam.ch\/de\/wp-json\/wp\/v2\/product\/132116","targetHints":{"allow":["GET"]}}],"collection":[{"href":"https:\/\/shop.bantam.ch\/de\/wp-json\/wp\/v2\/product"}],"about":[{"href":"https:\/\/shop.bantam.ch\/de\/wp-json\/wp\/v2\/types\/product"}],"wp:featuredmedia":[{"embeddable":true,"href":"https:\/\/shop.bantam.ch\/de\/wp-json\/wp\/v2\/media\/132091"}],"wp:attachment":[{"href":"https:\/\/shop.bantam.ch\/de\/wp-json\/wp\/v2\/media?parent=132116"}],"wp:term":[{"taxonomy":"product_featured_cat","embeddable":true,"href":"https:\/\/shop.bantam.ch\/de\/wp-json\/wp\/v2\/product_featured_cat?post=132116"},{"taxonomy":"product_brand","embeddable":true,"href":"https:\/\/shop.bantam.ch\/de\/wp-json\/wp\/v2\/product_brand?post=132116"},{"taxonomy":"product_cat","embeddable":true,"href":"https:\/\/shop.bantam.ch\/de\/wp-json\/wp\/v2\/product_cat?post=132116"},{"taxonomy":"product_tag","embeddable":true,"href":"https:\/\/shop.bantam.ch\/de\/wp-json\/wp\/v2\/product_tag?post=132116"}],"curies":[{"name":"wp","href":"https:\/\/api.w.org\/{rel}","templated":true}]}}