{"id":131655,"date":"2023-03-01T16:54:41","date_gmt":"2023-03-01T15:54:41","guid":{"rendered":"https:\/\/shop.bantam.ch\/produit\/komplettzelt-quick-fit\/"},"modified":"2026-04-20T21:33:38","modified_gmt":"2026-04-20T19:33:38","slug":"komplettzelt-quick-fit","status":"publish","type":"product","link":"https:\/\/shop.bantam.ch\/de\/produkt\/komplettzelt-quick-fit\/","title":{"rendered":"Komplettzelt Quick Fit"},"content":{"rendered":"<ul>\n<li>Integrierter Rundbogen-Baldachin mit Fiberglasstangen f\u00fcr zeitgem\u00e4\u00dfen Look<\/li>\n<li>Durchdachte Befestigungspunkte f\u00fcr eine einfache Montage<\/li>\n<li>Keine zus\u00e4tzlichen Profile n\u00f6tig<\/li>\n<li>Montage innerhalb von 15 Minuten m\u00f6glich<\/li>\n<li>Rei\u00dffestes und extrem wasserdichtes Ripstop Gewebe<\/li>\n<li>F\u00fcr nahezu alle Wand- und Dachmarkisen geeignet<\/li>\n<li>F\u00fcr alle Fahrzeugtypen<\/li>\n<\/ul>\n<p>Material<\/p>\n<ul>\n<li>100 % Polyester (mit PU Beschichtung)<\/li>\n<\/ul>\n<p>Lieferumfang<\/p>\n<ul>\n<li>Komplettzelt<\/li>\n<li>Rundbogenstange<\/li>\n<li>Vorh\u00e4nge<\/li>\n<li>Thule WindSlip<\/li>\n<li>Packtasche<\/li>\n<\/ul>\n","protected":false},"excerpt":{"rendered":"<p>Integrierter Rundbogen-Baldachin mit Fiberglasstangen f\u00fcr zeitgem\u00e4\u00dfen Look Durchdachte Befestigungspunkte f\u00fcr eine einfache Montage Keine zus\u00e4tzlichen Profile n\u00f6tig Montage innerhalb von 15 Minuten m\u00f6glich Rei\u00dffestes und extrem wasserdichtes Ripstop Gewebe F\u00fcr nahezu alle Wand- und Dachmarkisen geeignet F\u00fcr alle Fahrzeugtypen Material 100 % Polyester (mit PU Beschichtung) Lieferumfang Komplettzelt Rundbogenstange Vorh\u00e4nge Thule WindSlip Packtasche<\/p>\n","protected":false},"featured_media":131245,"template":"","meta":{"_acf_changed":false},"product_featured_cat":[],"product_brand":[3047],"product_cat":[4224],"product_tag":[],"class_list":{"0":"post-131655","1":"product","2":"type-product","3":"status-publish","4":"has-post-thumbnail","6":"product_brand-thule-de","7":"product_cat-markisen-vorzelte","9":"first","10":"instock","11":"taxable","12":"shipping-taxable","13":"purchasable","14":"product-type-variable"},"acf":[],"yoast_head":"<!-- This site is optimized with the Yoast SEO plugin v27.4 - https:\/\/yoast.com\/product\/yoast-seo-wordpress\/ -->\n<title>Komplettzelt Quick Fit - Bantam Camping AG<\/title>\n<meta name=\"robots\" content=\"index, follow, max-snippet:-1, max-image-preview:large, max-video-preview:-1\" \/>\n<link rel=\"canonical\" href=\"https:\/\/shop.bantam.ch\/de\/produkt\/komplettzelt-quick-fit\/\" \/>\n<meta property=\"og:locale\" content=\"de_DE\" \/>\n<meta property=\"og:type\" content=\"article\" \/>\n<meta property=\"og:title\" content=\"Komplettzelt Quick Fit - Bantam Camping AG\" \/>\n<meta property=\"og:description\" content=\"Integrierter Rundbogen-Baldachin mit Fiberglasstangen f\u00fcr zeitgem\u00e4\u00dfen Look Durchdachte Befestigungspunkte f\u00fcr eine einfache Montage Keine zus\u00e4tzlichen Profile n\u00f6tig Montage innerhalb von 15 Minuten m\u00f6glich Rei\u00dffestes und extrem wasserdichtes Ripstop Gewebe F\u00fcr nahezu alle Wand- und Dachmarkisen geeignet F\u00fcr alle Fahrzeugtypen Material 100 % Polyester (mit PU Beschichtung) Lieferumfang Komplettzelt Rundbogenstange Vorh\u00e4nge Thule WindSlip Packtasche\" \/>\n<meta property=\"og:url\" content=\"https:\/\/shop.bantam.ch\/de\/produkt\/komplettzelt-quick-fit\/\" \/>\n<meta property=\"og:site_name\" content=\"Bantam Camping AG\" \/>\n<meta property=\"article:modified_time\" content=\"2026-04-20T19:33:38+00:00\" \/>\n<meta property=\"og:image\" content=\"https:\/\/shop.bantam.ch\/wp-content\/uploads\/2023\/03\/9913383-Quick_Fit_2_60_m_Large-Standard-01.jpg\" \/>\n\t<meta property=\"og:image:width\" content=\"1000\" \/>\n\t<meta property=\"og:image:height\" content=\"667\" \/>\n\t<meta property=\"og:image:type\" content=\"image\/jpeg\" \/>\n<meta name=\"twitter:card\" content=\"summary_large_image\" \/>\n<script type=\"application\/ld+json\" class=\"yoast-schema-graph\">{\"@context\":\"https:\\\/\\\/schema.org\",\"@graph\":[{\"@type\":\"WebPage\",\"@id\":\"https:\\\/\\\/shop.bantam.ch\\\/de\\\/produkt\\\/komplettzelt-quick-fit\\\/\",\"url\":\"https:\\\/\\\/shop.bantam.ch\\\/de\\\/produkt\\\/komplettzelt-quick-fit\\\/\",\"name\":\"Komplettzelt Quick Fit - Bantam Camping AG\",\"isPartOf\":{\"@id\":\"https:\\\/\\\/shop.bantam.ch\\\/de\\\/#website\"},\"primaryImageOfPage\":{\"@id\":\"https:\\\/\\\/shop.bantam.ch\\\/de\\\/produkt\\\/komplettzelt-quick-fit\\\/#primaryimage\"},\"image\":{\"@id\":\"https:\\\/\\\/shop.bantam.ch\\\/de\\\/produkt\\\/komplettzelt-quick-fit\\\/#primaryimage\"},\"thumbnailUrl\":\"https:\\\/\\\/shop.bantam.ch\\\/wp-content\\\/uploads\\\/2023\\\/03\\\/9913383-Quick_Fit_2_60_m_Large-Standard-01.jpg\",\"datePublished\":\"2023-03-01T15:54:41+00:00\",\"dateModified\":\"2026-04-20T19:33:38+00:00\",\"breadcrumb\":{\"@id\":\"https:\\\/\\\/shop.bantam.ch\\\/de\\\/produkt\\\/komplettzelt-quick-fit\\\/#breadcrumb\"},\"inLanguage\":\"de\",\"potentialAction\":[{\"@type\":\"ReadAction\",\"target\":[\"https:\\\/\\\/shop.bantam.ch\\\/de\\\/produkt\\\/komplettzelt-quick-fit\\\/\"]}]},{\"@type\":\"ImageObject\",\"inLanguage\":\"de\",\"@id\":\"https:\\\/\\\/shop.bantam.ch\\\/de\\\/produkt\\\/komplettzelt-quick-fit\\\/#primaryimage\",\"url\":\"https:\\\/\\\/shop.bantam.ch\\\/wp-content\\\/uploads\\\/2023\\\/03\\\/9913383-Quick_Fit_2_60_m_Large-Standard-01.jpg\",\"contentUrl\":\"https:\\\/\\\/shop.bantam.ch\\\/wp-content\\\/uploads\\\/2023\\\/03\\\/9913383-Quick_Fit_2_60_m_Large-Standard-01.jpg\",\"width\":1000,\"height\":667},{\"@type\":\"BreadcrumbList\",\"@id\":\"https:\\\/\\\/shop.bantam.ch\\\/de\\\/produkt\\\/komplettzelt-quick-fit\\\/#breadcrumb\",\"itemListElement\":[{\"@type\":\"ListItem\",\"position\":1,\"name\":\"Accueil\",\"item\":\"https:\\\/\\\/shop.bantam.ch\\\/de\\\/\"},{\"@type\":\"ListItem\",\"position\":2,\"name\":\"Shop\",\"item\":\"https:\\\/\\\/shop.bantam.ch\\\/de\\\/shop\\\/\"},{\"@type\":\"ListItem\",\"position\":3,\"name\":\"Komplettzelt Quick Fit\"}]},{\"@type\":\"WebSite\",\"@id\":\"https:\\\/\\\/shop.bantam.ch\\\/de\\\/#website\",\"url\":\"https:\\\/\\\/shop.bantam.ch\\\/de\\\/\",\"name\":\"Bantam Camping AG\",\"description\":\"\",\"publisher\":{\"@id\":\"https:\\\/\\\/shop.bantam.ch\\\/de\\\/#organization\"},\"inLanguage\":\"de\"},{\"@type\":\"Organization\",\"@id\":\"https:\\\/\\\/shop.bantam.ch\\\/de\\\/#organization\",\"name\":\"Bantam Camping AG\",\"url\":\"https:\\\/\\\/shop.bantam.ch\\\/de\\\/\",\"logo\":{\"@type\":\"ImageObject\",\"inLanguage\":\"de\",\"@id\":\"https:\\\/\\\/shop.bantam.ch\\\/de\\\/#\\\/schema\\\/logo\\\/image\\\/\",\"url\":\"https:\\\/\\\/shop.bantam.ch\\\/wp-content\\\/uploads\\\/2022\\\/12\\\/bantam-logo.png\",\"contentUrl\":\"https:\\\/\\\/shop.bantam.ch\\\/wp-content\\\/uploads\\\/2022\\\/12\\\/bantam-logo.png\",\"width\":320,\"height\":71,\"caption\":\"Bantam Camping AG\"},\"image\":{\"@id\":\"https:\\\/\\\/shop.bantam.ch\\\/de\\\/#\\\/schema\\\/logo\\\/image\\\/\"}}]}<\/script>\n<!-- \/ Yoast SEO plugin. -->","yoast_head_json":{"title":"Komplettzelt Quick Fit - Bantam Camping AG","robots":{"index":"index","follow":"follow","max-snippet":"max-snippet:-1","max-image-preview":"max-image-preview:large","max-video-preview":"max-video-preview:-1"},"canonical":"https:\/\/shop.bantam.ch\/de\/produkt\/komplettzelt-quick-fit\/","og_locale":"de_DE","og_type":"article","og_title":"Komplettzelt Quick Fit - Bantam Camping AG","og_description":"Integrierter Rundbogen-Baldachin mit Fiberglasstangen f\u00fcr zeitgem\u00e4\u00dfen Look Durchdachte Befestigungspunkte f\u00fcr eine einfache Montage Keine zus\u00e4tzlichen Profile n\u00f6tig Montage innerhalb von 15 Minuten m\u00f6glich Rei\u00dffestes und extrem wasserdichtes Ripstop Gewebe F\u00fcr nahezu alle Wand- und Dachmarkisen geeignet F\u00fcr alle Fahrzeugtypen Material 100 % Polyester (mit PU Beschichtung) Lieferumfang Komplettzelt Rundbogenstange Vorh\u00e4nge Thule WindSlip Packtasche","og_url":"https:\/\/shop.bantam.ch\/de\/produkt\/komplettzelt-quick-fit\/","og_site_name":"Bantam Camping AG","article_modified_time":"2026-04-20T19:33:38+00:00","og_image":[{"width":1000,"height":667,"url":"https:\/\/shop.bantam.ch\/wp-content\/uploads\/2023\/03\/9913383-Quick_Fit_2_60_m_Large-Standard-01.jpg","type":"image\/jpeg"}],"twitter_card":"summary_large_image","schema":{"@context":"https:\/\/schema.org","@graph":[{"@type":"WebPage","@id":"https:\/\/shop.bantam.ch\/de\/produkt\/komplettzelt-quick-fit\/","url":"https:\/\/shop.bantam.ch\/de\/produkt\/komplettzelt-quick-fit\/","name":"Komplettzelt Quick Fit - Bantam Camping AG","isPartOf":{"@id":"https:\/\/shop.bantam.ch\/de\/#website"},"primaryImageOfPage":{"@id":"https:\/\/shop.bantam.ch\/de\/produkt\/komplettzelt-quick-fit\/#primaryimage"},"image":{"@id":"https:\/\/shop.bantam.ch\/de\/produkt\/komplettzelt-quick-fit\/#primaryimage"},"thumbnailUrl":"https:\/\/shop.bantam.ch\/wp-content\/uploads\/2023\/03\/9913383-Quick_Fit_2_60_m_Large-Standard-01.jpg","datePublished":"2023-03-01T15:54:41+00:00","dateModified":"2026-04-20T19:33:38+00:00","breadcrumb":{"@id":"https:\/\/shop.bantam.ch\/de\/produkt\/komplettzelt-quick-fit\/#breadcrumb"},"inLanguage":"de","potentialAction":[{"@type":"ReadAction","target":["https:\/\/shop.bantam.ch\/de\/produkt\/komplettzelt-quick-fit\/"]}]},{"@type":"ImageObject","inLanguage":"de","@id":"https:\/\/shop.bantam.ch\/de\/produkt\/komplettzelt-quick-fit\/#primaryimage","url":"https:\/\/shop.bantam.ch\/wp-content\/uploads\/2023\/03\/9913383-Quick_Fit_2_60_m_Large-Standard-01.jpg","contentUrl":"https:\/\/shop.bantam.ch\/wp-content\/uploads\/2023\/03\/9913383-Quick_Fit_2_60_m_Large-Standard-01.jpg","width":1000,"height":667},{"@type":"BreadcrumbList","@id":"https:\/\/shop.bantam.ch\/de\/produkt\/komplettzelt-quick-fit\/#breadcrumb","itemListElement":[{"@type":"ListItem","position":1,"name":"Accueil","item":"https:\/\/shop.bantam.ch\/de\/"},{"@type":"ListItem","position":2,"name":"Shop","item":"https:\/\/shop.bantam.ch\/de\/shop\/"},{"@type":"ListItem","position":3,"name":"Komplettzelt Quick Fit"}]},{"@type":"WebSite","@id":"https:\/\/shop.bantam.ch\/de\/#website","url":"https:\/\/shop.bantam.ch\/de\/","name":"Bantam Camping AG","description":"","publisher":{"@id":"https:\/\/shop.bantam.ch\/de\/#organization"},"inLanguage":"de"},{"@type":"Organization","@id":"https:\/\/shop.bantam.ch\/de\/#organization","name":"Bantam Camping AG","url":"https:\/\/shop.bantam.ch\/de\/","logo":{"@type":"ImageObject","inLanguage":"de","@id":"https:\/\/shop.bantam.ch\/de\/#\/schema\/logo\/image\/","url":"https:\/\/shop.bantam.ch\/wp-content\/uploads\/2022\/12\/bantam-logo.png","contentUrl":"https:\/\/shop.bantam.ch\/wp-content\/uploads\/2022\/12\/bantam-logo.png","width":320,"height":71,"caption":"Bantam Camping AG"},"image":{"@id":"https:\/\/shop.bantam.ch\/de\/#\/schema\/logo\/image\/"}}]}},"_links":{"self":[{"href":"https:\/\/shop.bantam.ch\/de\/wp-json\/wp\/v2\/product\/131655","targetHints":{"allow":["GET"]}}],"collection":[{"href":"https:\/\/shop.bantam.ch\/de\/wp-json\/wp\/v2\/product"}],"about":[{"href":"https:\/\/shop.bantam.ch\/de\/wp-json\/wp\/v2\/types\/product"}],"wp:featuredmedia":[{"embeddable":true,"href":"https:\/\/shop.bantam.ch\/de\/wp-json\/wp\/v2\/media\/131245"}],"wp:attachment":[{"href":"https:\/\/shop.bantam.ch\/de\/wp-json\/wp\/v2\/media?parent=131655"}],"wp:term":[{"taxonomy":"product_featured_cat","embeddable":true,"href":"https:\/\/shop.bantam.ch\/de\/wp-json\/wp\/v2\/product_featured_cat?post=131655"},{"taxonomy":"product_brand","embeddable":true,"href":"https:\/\/shop.bantam.ch\/de\/wp-json\/wp\/v2\/product_brand?post=131655"},{"taxonomy":"product_cat","embeddable":true,"href":"https:\/\/shop.bantam.ch\/de\/wp-json\/wp\/v2\/product_cat?post=131655"},{"taxonomy":"product_tag","embeddable":true,"href":"https:\/\/shop.bantam.ch\/de\/wp-json\/wp\/v2\/product_tag?post=131655"}],"curies":[{"name":"wp","href":"https:\/\/api.w.org\/{rel}","templated":true}]}}