{"id":129953,"date":"2023-03-01T01:57:59","date_gmt":"2023-03-01T00:57:59","guid":{"rendered":"https:\/\/shop.bantam.ch\/produit\/tankerfrischer-myfreshtank-1-l\/"},"modified":"2026-04-17T21:55:40","modified_gmt":"2026-04-17T19:55:40","slug":"tankerfrischer-myfreshtank-1-l","status":"publish","type":"product","link":"https:\/\/shop.bantam.ch\/de\/produkt\/tankerfrischer-myfreshtank-1-l\/","title":{"rendered":"Tankerfrischer easydriver myfreshtank Inhalt 1 l"},"content":{"rendered":"<p>F\u00fcr mehr Frische im Zuhause auf R\u00e4dern sorgt der neue mikrobiologische Abwassertankerfrischer easydriver myfresh\u00aetank. Er h\u00e4lt Tank und Rohrleitungen nachhaltig sauber, indem er Schmutz und Fettablagerungen effektiv verhindert und Ger\u00fcche wirksam neutralisiert. So kannst Du im Urlaub einfach mal aufatmen und die ungetr\u00fcbte Urlaubsatmosph\u00e4re genie\u00dfen.<br \/>Die umweltfreundliche L\u00f6sung f\u00fcr einen frischen Abwassertank<br \/>Jeder Besitzer eines Wohnwagens oder Wohnmobils kennt den unangenehmen Geruch von modrigem Grauwasser. Trotz regelm\u00e4\u00dfiger Entleerung des Abwassertanks kann sich dieser Geruch im Tank festsetzen. Denn die Kombination aus Seifenlauge, Essensresten und Fetten bleibt an den Innenw\u00e4nden der Rohre haften. Easydriver myfresh\u00aetank enth\u00e4lt nat\u00fcrliche Mikroorganismen, die auch hartn\u00e4ckige Verschmutzungen zersetzen. Die Ablagerungen l\u00f6sen sich auf und die \u00fcblen Ger\u00fcche verschwinden. Der Tank und die Rohrleitungen bleiben sauber.<br \/>Die Anwendung ist einfach: Pro 10 Liter Tankinhalt ben\u00f6tigst Du nur 10 ml myfresh\u00aetank. So reicht eine Flasche f\u00fcr viele Anwendungen aus. Der biologisch abbaubare Tankerfrischer wird direkt in den Abfluss des Sp\u00fclbeckens und der Dusche gesch\u00fcttet.<\/p>\n<p>Das Besondere: Die umweltfreundliche L\u00f6sung enth\u00e4lt ausschlie\u00dflich nat\u00fcrliche Inhaltsstoffe, die nicht nur die Rohrleitungen schonen, sondern auch unbedenklich f\u00fcr Mensch und Natur sind. So ist das Abwassersystem mit easydriver myfresh\u00aetank rundum erfrischt und der Urlaub im Zuhause auf R\u00e4dern kann in vollen Z\u00fcgen genossen werden.<\/p>\n","protected":false},"excerpt":{"rendered":"<p>F\u00fcr mehr Frische im Zuhause auf R\u00e4dern sorgt der neue mikrobiologische Abwassertankerfrischer easydriver myfresh\u00aetank. Er h\u00e4lt Tank und Rohrleitungen nachhaltig sauber, indem er Schmutz und Fettablagerungen effektiv verhindert und Ger\u00fcche wirksam neutralisiert. So kannst Du im Urlaub einfach mal aufatmen und die ungetr\u00fcbte Urlaubsatmosph\u00e4re genie\u00dfen.Die umweltfreundliche L\u00f6sung f\u00fcr einen frischen AbwassertankJeder Besitzer eines Wohnwagens oder [&hellip;]<\/p>\n","protected":false},"featured_media":129951,"template":"","meta":{"_acf_changed":false},"product_featured_cat":[],"product_brand":[3133],"product_cat":[4600],"product_tag":[],"class_list":{"0":"post-129953","1":"product","2":"type-product","3":"status-publish","4":"has-post-thumbnail","6":"product_brand-easydriver-de","7":"product_cat-pflegemittel","9":"first","10":"instock","11":"taxable","12":"shipping-taxable","13":"purchasable","14":"product-type-simple"},"acf":[],"yoast_head":"<!-- This site is optimized with the Yoast SEO plugin v27.4 - https:\/\/yoast.com\/product\/yoast-seo-wordpress\/ -->\n<title>Tankerfrischer easydriver myfreshtank Inhalt 1 l - Bantam Camping AG<\/title>\n<meta name=\"robots\" content=\"index, follow, max-snippet:-1, max-image-preview:large, max-video-preview:-1\" \/>\n<link rel=\"canonical\" href=\"https:\/\/shop.bantam.ch\/de\/produkt\/tankerfrischer-myfreshtank-1-l\/\" \/>\n<meta property=\"og:locale\" content=\"de_DE\" \/>\n<meta property=\"og:type\" content=\"article\" \/>\n<meta property=\"og:title\" content=\"Tankerfrischer easydriver myfreshtank Inhalt 1 l - Bantam Camping AG\" \/>\n<meta property=\"og:description\" content=\"F\u00fcr mehr Frische im Zuhause auf R\u00e4dern sorgt der neue mikrobiologische Abwassertankerfrischer easydriver myfresh\u00aetank. Er h\u00e4lt Tank und Rohrleitungen nachhaltig sauber, indem er Schmutz und Fettablagerungen effektiv verhindert und Ger\u00fcche wirksam neutralisiert. So kannst Du im Urlaub einfach mal aufatmen und die ungetr\u00fcbte Urlaubsatmosph\u00e4re genie\u00dfen.Die umweltfreundliche L\u00f6sung f\u00fcr einen frischen AbwassertankJeder Besitzer eines Wohnwagens oder [&hellip;]\" \/>\n<meta property=\"og:url\" content=\"https:\/\/shop.bantam.ch\/de\/produkt\/tankerfrischer-myfreshtank-1-l\/\" \/>\n<meta property=\"og:site_name\" content=\"Bantam Camping AG\" \/>\n<meta property=\"article:modified_time\" content=\"2026-04-17T19:55:40+00:00\" \/>\n<meta property=\"og:image\" content=\"https:\/\/shop.bantam.ch\/wp-content\/uploads\/2023\/03\/9957856100-scaled.jpg\" \/>\n\t<meta property=\"og:image:width\" content=\"724\" \/>\n\t<meta property=\"og:image:height\" content=\"1024\" \/>\n\t<meta property=\"og:image:type\" content=\"image\/jpeg\" \/>\n<meta name=\"twitter:card\" content=\"summary_large_image\" \/>\n<meta name=\"twitter:label1\" content=\"Gesch\u00e4tzte Lesezeit\" \/>\n\t<meta name=\"twitter:data1\" content=\"1\u00a0Minute\" \/>\n<script type=\"application\/ld+json\" class=\"yoast-schema-graph\">{\"@context\":\"https:\\\/\\\/schema.org\",\"@graph\":[{\"@type\":\"WebPage\",\"@id\":\"https:\\\/\\\/shop.bantam.ch\\\/de\\\/produkt\\\/tankerfrischer-myfreshtank-1-l\\\/\",\"url\":\"https:\\\/\\\/shop.bantam.ch\\\/de\\\/produkt\\\/tankerfrischer-myfreshtank-1-l\\\/\",\"name\":\"Tankerfrischer easydriver myfreshtank Inhalt 1 l - Bantam Camping AG\",\"isPartOf\":{\"@id\":\"https:\\\/\\\/shop.bantam.ch\\\/de\\\/#website\"},\"primaryImageOfPage\":{\"@id\":\"https:\\\/\\\/shop.bantam.ch\\\/de\\\/produkt\\\/tankerfrischer-myfreshtank-1-l\\\/#primaryimage\"},\"image\":{\"@id\":\"https:\\\/\\\/shop.bantam.ch\\\/de\\\/produkt\\\/tankerfrischer-myfreshtank-1-l\\\/#primaryimage\"},\"thumbnailUrl\":\"https:\\\/\\\/shop.bantam.ch\\\/wp-content\\\/uploads\\\/2023\\\/03\\\/9957856100-scaled-scaled.jpg\",\"datePublished\":\"2023-03-01T00:57:59+00:00\",\"dateModified\":\"2026-04-17T19:55:40+00:00\",\"breadcrumb\":{\"@id\":\"https:\\\/\\\/shop.bantam.ch\\\/de\\\/produkt\\\/tankerfrischer-myfreshtank-1-l\\\/#breadcrumb\"},\"inLanguage\":\"de\",\"potentialAction\":[{\"@type\":\"ReadAction\",\"target\":[\"https:\\\/\\\/shop.bantam.ch\\\/de\\\/produkt\\\/tankerfrischer-myfreshtank-1-l\\\/\"]}]},{\"@type\":\"ImageObject\",\"inLanguage\":\"de\",\"@id\":\"https:\\\/\\\/shop.bantam.ch\\\/de\\\/produkt\\\/tankerfrischer-myfreshtank-1-l\\\/#primaryimage\",\"url\":\"https:\\\/\\\/shop.bantam.ch\\\/wp-content\\\/uploads\\\/2023\\\/03\\\/9957856100-scaled-scaled.jpg\",\"contentUrl\":\"https:\\\/\\\/shop.bantam.ch\\\/wp-content\\\/uploads\\\/2023\\\/03\\\/9957856100-scaled-scaled.jpg\",\"width\":1448,\"height\":2048},{\"@type\":\"BreadcrumbList\",\"@id\":\"https:\\\/\\\/shop.bantam.ch\\\/de\\\/produkt\\\/tankerfrischer-myfreshtank-1-l\\\/#breadcrumb\",\"itemListElement\":[{\"@type\":\"ListItem\",\"position\":1,\"name\":\"Accueil\",\"item\":\"https:\\\/\\\/shop.bantam.ch\\\/de\\\/\"},{\"@type\":\"ListItem\",\"position\":2,\"name\":\"Shop\",\"item\":\"https:\\\/\\\/shop.bantam.ch\\\/de\\\/shop\\\/\"},{\"@type\":\"ListItem\",\"position\":3,\"name\":\"Tankerfrischer easydriver myfreshtank Inhalt 1 l\"}]},{\"@type\":\"WebSite\",\"@id\":\"https:\\\/\\\/shop.bantam.ch\\\/de\\\/#website\",\"url\":\"https:\\\/\\\/shop.bantam.ch\\\/de\\\/\",\"name\":\"Bantam Camping AG\",\"description\":\"\",\"publisher\":{\"@id\":\"https:\\\/\\\/shop.bantam.ch\\\/de\\\/#organization\"},\"inLanguage\":\"de\"},{\"@type\":\"Organization\",\"@id\":\"https:\\\/\\\/shop.bantam.ch\\\/de\\\/#organization\",\"name\":\"Bantam Camping AG\",\"url\":\"https:\\\/\\\/shop.bantam.ch\\\/de\\\/\",\"logo\":{\"@type\":\"ImageObject\",\"inLanguage\":\"de\",\"@id\":\"https:\\\/\\\/shop.bantam.ch\\\/de\\\/#\\\/schema\\\/logo\\\/image\\\/\",\"url\":\"https:\\\/\\\/shop.bantam.ch\\\/wp-content\\\/uploads\\\/2022\\\/12\\\/bantam-logo.png\",\"contentUrl\":\"https:\\\/\\\/shop.bantam.ch\\\/wp-content\\\/uploads\\\/2022\\\/12\\\/bantam-logo.png\",\"width\":320,\"height\":71,\"caption\":\"Bantam Camping AG\"},\"image\":{\"@id\":\"https:\\\/\\\/shop.bantam.ch\\\/de\\\/#\\\/schema\\\/logo\\\/image\\\/\"}}]}<\/script>\n<!-- \/ Yoast SEO plugin. -->","yoast_head_json":{"title":"Tankerfrischer easydriver myfreshtank Inhalt 1 l - Bantam Camping AG","robots":{"index":"index","follow":"follow","max-snippet":"max-snippet:-1","max-image-preview":"max-image-preview:large","max-video-preview":"max-video-preview:-1"},"canonical":"https:\/\/shop.bantam.ch\/de\/produkt\/tankerfrischer-myfreshtank-1-l\/","og_locale":"de_DE","og_type":"article","og_title":"Tankerfrischer easydriver myfreshtank Inhalt 1 l - Bantam Camping AG","og_description":"F\u00fcr mehr Frische im Zuhause auf R\u00e4dern sorgt der neue mikrobiologische Abwassertankerfrischer easydriver myfresh\u00aetank. Er h\u00e4lt Tank und Rohrleitungen nachhaltig sauber, indem er Schmutz und Fettablagerungen effektiv verhindert und Ger\u00fcche wirksam neutralisiert. So kannst Du im Urlaub einfach mal aufatmen und die ungetr\u00fcbte Urlaubsatmosph\u00e4re genie\u00dfen.Die umweltfreundliche L\u00f6sung f\u00fcr einen frischen AbwassertankJeder Besitzer eines Wohnwagens oder [&hellip;]","og_url":"https:\/\/shop.bantam.ch\/de\/produkt\/tankerfrischer-myfreshtank-1-l\/","og_site_name":"Bantam Camping AG","article_modified_time":"2026-04-17T19:55:40+00:00","og_image":[{"url":"https:\/\/shop.bantam.ch\/wp-content\/uploads\/2023\/03\/9957856100-scaled.jpg","width":724,"height":1024,"type":"image\/jpeg"}],"twitter_card":"summary_large_image","twitter_misc":{"Gesch\u00e4tzte Lesezeit":"1\u00a0Minute"},"schema":{"@context":"https:\/\/schema.org","@graph":[{"@type":"WebPage","@id":"https:\/\/shop.bantam.ch\/de\/produkt\/tankerfrischer-myfreshtank-1-l\/","url":"https:\/\/shop.bantam.ch\/de\/produkt\/tankerfrischer-myfreshtank-1-l\/","name":"Tankerfrischer easydriver myfreshtank Inhalt 1 l - Bantam Camping AG","isPartOf":{"@id":"https:\/\/shop.bantam.ch\/de\/#website"},"primaryImageOfPage":{"@id":"https:\/\/shop.bantam.ch\/de\/produkt\/tankerfrischer-myfreshtank-1-l\/#primaryimage"},"image":{"@id":"https:\/\/shop.bantam.ch\/de\/produkt\/tankerfrischer-myfreshtank-1-l\/#primaryimage"},"thumbnailUrl":"https:\/\/shop.bantam.ch\/wp-content\/uploads\/2023\/03\/9957856100-scaled-scaled.jpg","datePublished":"2023-03-01T00:57:59+00:00","dateModified":"2026-04-17T19:55:40+00:00","breadcrumb":{"@id":"https:\/\/shop.bantam.ch\/de\/produkt\/tankerfrischer-myfreshtank-1-l\/#breadcrumb"},"inLanguage":"de","potentialAction":[{"@type":"ReadAction","target":["https:\/\/shop.bantam.ch\/de\/produkt\/tankerfrischer-myfreshtank-1-l\/"]}]},{"@type":"ImageObject","inLanguage":"de","@id":"https:\/\/shop.bantam.ch\/de\/produkt\/tankerfrischer-myfreshtank-1-l\/#primaryimage","url":"https:\/\/shop.bantam.ch\/wp-content\/uploads\/2023\/03\/9957856100-scaled-scaled.jpg","contentUrl":"https:\/\/shop.bantam.ch\/wp-content\/uploads\/2023\/03\/9957856100-scaled-scaled.jpg","width":1448,"height":2048},{"@type":"BreadcrumbList","@id":"https:\/\/shop.bantam.ch\/de\/produkt\/tankerfrischer-myfreshtank-1-l\/#breadcrumb","itemListElement":[{"@type":"ListItem","position":1,"name":"Accueil","item":"https:\/\/shop.bantam.ch\/de\/"},{"@type":"ListItem","position":2,"name":"Shop","item":"https:\/\/shop.bantam.ch\/de\/shop\/"},{"@type":"ListItem","position":3,"name":"Tankerfrischer easydriver myfreshtank Inhalt 1 l"}]},{"@type":"WebSite","@id":"https:\/\/shop.bantam.ch\/de\/#website","url":"https:\/\/shop.bantam.ch\/de\/","name":"Bantam Camping AG","description":"","publisher":{"@id":"https:\/\/shop.bantam.ch\/de\/#organization"},"inLanguage":"de"},{"@type":"Organization","@id":"https:\/\/shop.bantam.ch\/de\/#organization","name":"Bantam Camping AG","url":"https:\/\/shop.bantam.ch\/de\/","logo":{"@type":"ImageObject","inLanguage":"de","@id":"https:\/\/shop.bantam.ch\/de\/#\/schema\/logo\/image\/","url":"https:\/\/shop.bantam.ch\/wp-content\/uploads\/2022\/12\/bantam-logo.png","contentUrl":"https:\/\/shop.bantam.ch\/wp-content\/uploads\/2022\/12\/bantam-logo.png","width":320,"height":71,"caption":"Bantam Camping AG"},"image":{"@id":"https:\/\/shop.bantam.ch\/de\/#\/schema\/logo\/image\/"}}]}},"_links":{"self":[{"href":"https:\/\/shop.bantam.ch\/de\/wp-json\/wp\/v2\/product\/129953","targetHints":{"allow":["GET"]}}],"collection":[{"href":"https:\/\/shop.bantam.ch\/de\/wp-json\/wp\/v2\/product"}],"about":[{"href":"https:\/\/shop.bantam.ch\/de\/wp-json\/wp\/v2\/types\/product"}],"wp:featuredmedia":[{"embeddable":true,"href":"https:\/\/shop.bantam.ch\/de\/wp-json\/wp\/v2\/media\/129951"}],"wp:attachment":[{"href":"https:\/\/shop.bantam.ch\/de\/wp-json\/wp\/v2\/media?parent=129953"}],"wp:term":[{"taxonomy":"product_featured_cat","embeddable":true,"href":"https:\/\/shop.bantam.ch\/de\/wp-json\/wp\/v2\/product_featured_cat?post=129953"},{"taxonomy":"product_brand","embeddable":true,"href":"https:\/\/shop.bantam.ch\/de\/wp-json\/wp\/v2\/product_brand?post=129953"},{"taxonomy":"product_cat","embeddable":true,"href":"https:\/\/shop.bantam.ch\/de\/wp-json\/wp\/v2\/product_cat?post=129953"},{"taxonomy":"product_tag","embeddable":true,"href":"https:\/\/shop.bantam.ch\/de\/wp-json\/wp\/v2\/product_tag?post=129953"}],"curies":[{"name":"wp","href":"https:\/\/api.w.org\/{rel}","templated":true}]}}