{"id":129611,"date":"2023-03-01T01:54:28","date_gmt":"2023-03-01T00:54:28","guid":{"rendered":"https:\/\/shop.bantam.ch\/produit\/trenntoilette-evo-l\/"},"modified":"2026-04-20T23:53:18","modified_gmt":"2026-04-20T21:53:18","slug":"trenntoilette-evo-l","status":"publish","type":"product","link":"https:\/\/shop.bantam.ch\/de\/produkt\/trenntoilette-evo-l\/","title":{"rendered":"Trenntoilette Evo L"},"content":{"rendered":"<p>Die Produktlinie Trelino\u00ae Evo revolutioniert den Sitzkomfort von Trockentrenntoiletten und setzt neue Standards beim \u201eWie-zu-Hause\u201c-Gef\u00fchl!<br \/>Trelino\u00ae Evo L ist eine ressourcenschonende, wasserlose und chemiefreie Trockentrenntoilette, die gr\u00f6\u00dften Komfort mit einer klaren Designlinie verbindet. Sie eignet sich perfekt f\u00fcr die feste Installation in Wohnmobilen, Caravans, Tiny Houses oder Gartenh\u00e4usern. Bei Bedarf kann ein L\u00fcftersystem an die Toilette angeschlossen werden.<\/p>\n<ul>\n<li>Ergonomischer Toilettensitz f\u00fcr ultimativen Sitzkomfort<\/li>\n<li>Softclose-Automatik f\u00fcr \u201eWie-zu-Hause\u201c-Gef\u00fchl<\/li>\n<li>Gro\u00dfes Fassungsvolumen f\u00fcr dauerhaften Einsatz<\/li>\n<li>\u00a0Angenehme Sitzh\u00f6he, die an die den Standard herk\u00f6mmlicher Toiletten angelehnt ist<\/li>\n<li>Hygienisch und geruchsneutral<\/li>\n<li>Sofort einsatzbereit<\/li>\n<li>Sehr gutes Gr\u00f6\u00dfen- und Gewichtsverh\u00e4ltnis<\/li>\n<li>Absolut wasserresistent<\/li>\n<li>Hochwertig verarbeitet und auf Langlebigkeit ausgelegt<\/li>\n<li>In Deutschland produziert, unter Ber\u00fccksichtigung hoher Sozialstandards<\/li>\n<li>Optionaler Einsatz eines L\u00fcftungssystems m\u00f6glich<\/li>\n<li>Volumen Urinkanister: 10,0 Liter<\/li>\n<li>Volumen Feststoffbeh\u00e4lter: 10,0 Liter<\/li>\n<li>Anzahl kleiner Gesch\u00e4fte: 18 &#8211; 22<\/li>\n<li>Anzahl gro\u00dfer Gesch\u00e4fte: 11 &#8211; 20<\/li>\n<\/ul>\n","protected":false},"excerpt":{"rendered":"<p>Die Produktlinie Trelino\u00ae Evo revolutioniert den Sitzkomfort von Trockentrenntoiletten und setzt neue Standards beim \u201eWie-zu-Hause\u201c-Gef\u00fchl!Trelino\u00ae Evo L ist eine ressourcenschonende, wasserlose und chemiefreie Trockentrenntoilette, die gr\u00f6\u00dften Komfort mit einer klaren Designlinie verbindet. Sie eignet sich perfekt f\u00fcr die feste Installation in Wohnmobilen, Caravans, Tiny Houses oder Gartenh\u00e4usern. Bei Bedarf kann ein L\u00fcftersystem an die Toilette [&hellip;]<\/p>\n","protected":false},"featured_media":129589,"template":"","meta":{"_acf_changed":false},"product_featured_cat":[],"product_brand":[3657],"product_cat":[4598],"product_tag":[],"class_list":{"0":"post-129611","1":"product","2":"type-product","3":"status-publish","4":"has-post-thumbnail","6":"product_brand-trelino-de","7":"product_cat-trenntoiletten","9":"first","10":"instock","11":"taxable","12":"shipping-taxable","13":"purchasable","14":"product-type-variable"},"acf":[],"yoast_head":"<!-- This site is optimized with the Yoast SEO plugin v27.4 - https:\/\/yoast.com\/product\/yoast-seo-wordpress\/ -->\n<title>Trenntoilette Evo L - Bantam Camping AG<\/title>\n<meta name=\"robots\" content=\"index, follow, max-snippet:-1, max-image-preview:large, max-video-preview:-1\" \/>\n<link rel=\"canonical\" href=\"https:\/\/shop.bantam.ch\/de\/produkt\/trenntoilette-evo-l\/\" \/>\n<meta property=\"og:locale\" content=\"de_DE\" \/>\n<meta property=\"og:type\" content=\"article\" \/>\n<meta property=\"og:title\" content=\"Trenntoilette Evo L - Bantam Camping AG\" \/>\n<meta property=\"og:description\" content=\"Die Produktlinie Trelino\u00ae Evo revolutioniert den Sitzkomfort von Trockentrenntoiletten und setzt neue Standards beim \u201eWie-zu-Hause\u201c-Gef\u00fchl!Trelino\u00ae Evo L ist eine ressourcenschonende, wasserlose und chemiefreie Trockentrenntoilette, die gr\u00f6\u00dften Komfort mit einer klaren Designlinie verbindet. Sie eignet sich perfekt f\u00fcr die feste Installation in Wohnmobilen, Caravans, Tiny Houses oder Gartenh\u00e4usern. Bei Bedarf kann ein L\u00fcftersystem an die Toilette [&hellip;]\" \/>\n<meta property=\"og:url\" content=\"https:\/\/shop.bantam.ch\/de\/produkt\/trenntoilette-evo-l\/\" \/>\n<meta property=\"og:site_name\" content=\"Bantam Camping AG\" \/>\n<meta property=\"article:modified_time\" content=\"2026-04-20T21:53:18+00:00\" \/>\n<meta property=\"og:image\" content=\"https:\/\/shop.bantam.ch\/wp-content\/uploads\/2023\/03\/9957850101uyTDZgnIq86sB.jpg\" \/>\n\t<meta property=\"og:image:width\" content=\"2000\" \/>\n\t<meta property=\"og:image:height\" content=\"2000\" \/>\n\t<meta property=\"og:image:type\" content=\"image\/jpeg\" \/>\n<meta name=\"twitter:card\" content=\"summary_large_image\" \/>\n<meta name=\"twitter:label1\" content=\"Gesch\u00e4tzte Lesezeit\" \/>\n\t<meta name=\"twitter:data1\" content=\"1\u00a0Minute\" \/>\n<script type=\"application\/ld+json\" class=\"yoast-schema-graph\">{\"@context\":\"https:\\\/\\\/schema.org\",\"@graph\":[{\"@type\":\"WebPage\",\"@id\":\"https:\\\/\\\/shop.bantam.ch\\\/de\\\/produkt\\\/trenntoilette-evo-l\\\/\",\"url\":\"https:\\\/\\\/shop.bantam.ch\\\/de\\\/produkt\\\/trenntoilette-evo-l\\\/\",\"name\":\"Trenntoilette Evo L - Bantam Camping AG\",\"isPartOf\":{\"@id\":\"https:\\\/\\\/shop.bantam.ch\\\/de\\\/#website\"},\"primaryImageOfPage\":{\"@id\":\"https:\\\/\\\/shop.bantam.ch\\\/de\\\/produkt\\\/trenntoilette-evo-l\\\/#primaryimage\"},\"image\":{\"@id\":\"https:\\\/\\\/shop.bantam.ch\\\/de\\\/produkt\\\/trenntoilette-evo-l\\\/#primaryimage\"},\"thumbnailUrl\":\"https:\\\/\\\/shop.bantam.ch\\\/wp-content\\\/uploads\\\/2023\\\/03\\\/9957850101uyTDZgnIq86sB.jpg\",\"datePublished\":\"2023-03-01T00:54:28+00:00\",\"dateModified\":\"2026-04-20T21:53:18+00:00\",\"breadcrumb\":{\"@id\":\"https:\\\/\\\/shop.bantam.ch\\\/de\\\/produkt\\\/trenntoilette-evo-l\\\/#breadcrumb\"},\"inLanguage\":\"de\",\"potentialAction\":[{\"@type\":\"ReadAction\",\"target\":[\"https:\\\/\\\/shop.bantam.ch\\\/de\\\/produkt\\\/trenntoilette-evo-l\\\/\"]}]},{\"@type\":\"ImageObject\",\"inLanguage\":\"de\",\"@id\":\"https:\\\/\\\/shop.bantam.ch\\\/de\\\/produkt\\\/trenntoilette-evo-l\\\/#primaryimage\",\"url\":\"https:\\\/\\\/shop.bantam.ch\\\/wp-content\\\/uploads\\\/2023\\\/03\\\/9957850101uyTDZgnIq86sB.jpg\",\"contentUrl\":\"https:\\\/\\\/shop.bantam.ch\\\/wp-content\\\/uploads\\\/2023\\\/03\\\/9957850101uyTDZgnIq86sB.jpg\",\"width\":2000,\"height\":2000},{\"@type\":\"BreadcrumbList\",\"@id\":\"https:\\\/\\\/shop.bantam.ch\\\/de\\\/produkt\\\/trenntoilette-evo-l\\\/#breadcrumb\",\"itemListElement\":[{\"@type\":\"ListItem\",\"position\":1,\"name\":\"Accueil\",\"item\":\"https:\\\/\\\/shop.bantam.ch\\\/de\\\/\"},{\"@type\":\"ListItem\",\"position\":2,\"name\":\"Shop\",\"item\":\"https:\\\/\\\/shop.bantam.ch\\\/de\\\/shop\\\/\"},{\"@type\":\"ListItem\",\"position\":3,\"name\":\"Trenntoilette Evo L\"}]},{\"@type\":\"WebSite\",\"@id\":\"https:\\\/\\\/shop.bantam.ch\\\/de\\\/#website\",\"url\":\"https:\\\/\\\/shop.bantam.ch\\\/de\\\/\",\"name\":\"Bantam Camping AG\",\"description\":\"\",\"publisher\":{\"@id\":\"https:\\\/\\\/shop.bantam.ch\\\/de\\\/#organization\"},\"inLanguage\":\"de\"},{\"@type\":\"Organization\",\"@id\":\"https:\\\/\\\/shop.bantam.ch\\\/de\\\/#organization\",\"name\":\"Bantam Camping AG\",\"url\":\"https:\\\/\\\/shop.bantam.ch\\\/de\\\/\",\"logo\":{\"@type\":\"ImageObject\",\"inLanguage\":\"de\",\"@id\":\"https:\\\/\\\/shop.bantam.ch\\\/de\\\/#\\\/schema\\\/logo\\\/image\\\/\",\"url\":\"https:\\\/\\\/shop.bantam.ch\\\/wp-content\\\/uploads\\\/2022\\\/12\\\/bantam-logo.png\",\"contentUrl\":\"https:\\\/\\\/shop.bantam.ch\\\/wp-content\\\/uploads\\\/2022\\\/12\\\/bantam-logo.png\",\"width\":320,\"height\":71,\"caption\":\"Bantam Camping AG\"},\"image\":{\"@id\":\"https:\\\/\\\/shop.bantam.ch\\\/de\\\/#\\\/schema\\\/logo\\\/image\\\/\"}}]}<\/script>\n<!-- \/ Yoast SEO plugin. -->","yoast_head_json":{"title":"Trenntoilette Evo L - Bantam Camping AG","robots":{"index":"index","follow":"follow","max-snippet":"max-snippet:-1","max-image-preview":"max-image-preview:large","max-video-preview":"max-video-preview:-1"},"canonical":"https:\/\/shop.bantam.ch\/de\/produkt\/trenntoilette-evo-l\/","og_locale":"de_DE","og_type":"article","og_title":"Trenntoilette Evo L - Bantam Camping AG","og_description":"Die Produktlinie Trelino\u00ae Evo revolutioniert den Sitzkomfort von Trockentrenntoiletten und setzt neue Standards beim \u201eWie-zu-Hause\u201c-Gef\u00fchl!Trelino\u00ae Evo L ist eine ressourcenschonende, wasserlose und chemiefreie Trockentrenntoilette, die gr\u00f6\u00dften Komfort mit einer klaren Designlinie verbindet. Sie eignet sich perfekt f\u00fcr die feste Installation in Wohnmobilen, Caravans, Tiny Houses oder Gartenh\u00e4usern. Bei Bedarf kann ein L\u00fcftersystem an die Toilette [&hellip;]","og_url":"https:\/\/shop.bantam.ch\/de\/produkt\/trenntoilette-evo-l\/","og_site_name":"Bantam Camping AG","article_modified_time":"2026-04-20T21:53:18+00:00","og_image":[{"width":2000,"height":2000,"url":"https:\/\/shop.bantam.ch\/wp-content\/uploads\/2023\/03\/9957850101uyTDZgnIq86sB.jpg","type":"image\/jpeg"}],"twitter_card":"summary_large_image","twitter_misc":{"Gesch\u00e4tzte Lesezeit":"1\u00a0Minute"},"schema":{"@context":"https:\/\/schema.org","@graph":[{"@type":"WebPage","@id":"https:\/\/shop.bantam.ch\/de\/produkt\/trenntoilette-evo-l\/","url":"https:\/\/shop.bantam.ch\/de\/produkt\/trenntoilette-evo-l\/","name":"Trenntoilette Evo L - Bantam Camping AG","isPartOf":{"@id":"https:\/\/shop.bantam.ch\/de\/#website"},"primaryImageOfPage":{"@id":"https:\/\/shop.bantam.ch\/de\/produkt\/trenntoilette-evo-l\/#primaryimage"},"image":{"@id":"https:\/\/shop.bantam.ch\/de\/produkt\/trenntoilette-evo-l\/#primaryimage"},"thumbnailUrl":"https:\/\/shop.bantam.ch\/wp-content\/uploads\/2023\/03\/9957850101uyTDZgnIq86sB.jpg","datePublished":"2023-03-01T00:54:28+00:00","dateModified":"2026-04-20T21:53:18+00:00","breadcrumb":{"@id":"https:\/\/shop.bantam.ch\/de\/produkt\/trenntoilette-evo-l\/#breadcrumb"},"inLanguage":"de","potentialAction":[{"@type":"ReadAction","target":["https:\/\/shop.bantam.ch\/de\/produkt\/trenntoilette-evo-l\/"]}]},{"@type":"ImageObject","inLanguage":"de","@id":"https:\/\/shop.bantam.ch\/de\/produkt\/trenntoilette-evo-l\/#primaryimage","url":"https:\/\/shop.bantam.ch\/wp-content\/uploads\/2023\/03\/9957850101uyTDZgnIq86sB.jpg","contentUrl":"https:\/\/shop.bantam.ch\/wp-content\/uploads\/2023\/03\/9957850101uyTDZgnIq86sB.jpg","width":2000,"height":2000},{"@type":"BreadcrumbList","@id":"https:\/\/shop.bantam.ch\/de\/produkt\/trenntoilette-evo-l\/#breadcrumb","itemListElement":[{"@type":"ListItem","position":1,"name":"Accueil","item":"https:\/\/shop.bantam.ch\/de\/"},{"@type":"ListItem","position":2,"name":"Shop","item":"https:\/\/shop.bantam.ch\/de\/shop\/"},{"@type":"ListItem","position":3,"name":"Trenntoilette Evo L"}]},{"@type":"WebSite","@id":"https:\/\/shop.bantam.ch\/de\/#website","url":"https:\/\/shop.bantam.ch\/de\/","name":"Bantam Camping AG","description":"","publisher":{"@id":"https:\/\/shop.bantam.ch\/de\/#organization"},"inLanguage":"de"},{"@type":"Organization","@id":"https:\/\/shop.bantam.ch\/de\/#organization","name":"Bantam Camping AG","url":"https:\/\/shop.bantam.ch\/de\/","logo":{"@type":"ImageObject","inLanguage":"de","@id":"https:\/\/shop.bantam.ch\/de\/#\/schema\/logo\/image\/","url":"https:\/\/shop.bantam.ch\/wp-content\/uploads\/2022\/12\/bantam-logo.png","contentUrl":"https:\/\/shop.bantam.ch\/wp-content\/uploads\/2022\/12\/bantam-logo.png","width":320,"height":71,"caption":"Bantam Camping AG"},"image":{"@id":"https:\/\/shop.bantam.ch\/de\/#\/schema\/logo\/image\/"}}]}},"_links":{"self":[{"href":"https:\/\/shop.bantam.ch\/de\/wp-json\/wp\/v2\/product\/129611","targetHints":{"allow":["GET"]}}],"collection":[{"href":"https:\/\/shop.bantam.ch\/de\/wp-json\/wp\/v2\/product"}],"about":[{"href":"https:\/\/shop.bantam.ch\/de\/wp-json\/wp\/v2\/types\/product"}],"wp:featuredmedia":[{"embeddable":true,"href":"https:\/\/shop.bantam.ch\/de\/wp-json\/wp\/v2\/media\/129589"}],"wp:attachment":[{"href":"https:\/\/shop.bantam.ch\/de\/wp-json\/wp\/v2\/media?parent=129611"}],"wp:term":[{"taxonomy":"product_featured_cat","embeddable":true,"href":"https:\/\/shop.bantam.ch\/de\/wp-json\/wp\/v2\/product_featured_cat?post=129611"},{"taxonomy":"product_brand","embeddable":true,"href":"https:\/\/shop.bantam.ch\/de\/wp-json\/wp\/v2\/product_brand?post=129611"},{"taxonomy":"product_cat","embeddable":true,"href":"https:\/\/shop.bantam.ch\/de\/wp-json\/wp\/v2\/product_cat?post=129611"},{"taxonomy":"product_tag","embeddable":true,"href":"https:\/\/shop.bantam.ch\/de\/wp-json\/wp\/v2\/product_tag?post=129611"}],"curies":[{"name":"wp","href":"https:\/\/api.w.org\/{rel}","templated":true}]}}