{"id":129387,"date":"2023-03-01T01:51:31","date_gmt":"2023-03-01T00:51:31","guid":{"rendered":"https:\/\/shop.bantam.ch\/produit\/fahrzeugmatten-nadelfilz-ducato-jumper-boxer-ab-03-1994-06-2006\/"},"modified":"2026-04-17T23:52:04","modified_gmt":"2026-04-17T21:52:04","slug":"fahrzeugmatten-nadelfilz-ducato-jumper-boxer-ab-03-1994-06-2006","status":"publish","type":"product","link":"https:\/\/shop.bantam.ch\/de\/produkt\/fahrzeugmatten-nadelfilz-ducato-jumper-boxer-ab-03-1994-06-2006\/","title":{"rendered":"Fahrzeugmatten Nadelfilz Ducato \/ Jumper\/ Boxer ab 03\/1994-06\/2006"},"content":{"rendered":"<p>Autoteppiche f\u00fcr das Fahrerhaus verhindern Verschmutzungen und Verschlei\u00df der Originalb\u00f6den aus PVC oder wertvollen Veloursteppichen. Autoteppiche sind leicht herausnehmbar, lassen sich aussch\u00fctteln, absaugen und sogar mit dem Hochdruckreiniger s\u00e4ubern. Bei textilen Fu\u00dfraummatten h\u00e4lt eine rutschfeste, wasserundurchl\u00e4ssige R\u00fcckenbeschichtung Feuchtigkeit und N\u00e4sse fern vom Originalbelag. Automatten gibt es in robuster Nadelfilzqualit\u00e4t mit Doppelrippenstruktur und f\u00fcr den besonderen Anspruch als Gummi-Schalenmatte mit hohem Rand.<\/p>\n<p>Material:<\/p>\n<p>Nadelfilz\/Velours Nutzschicht 100 % Polypropylen<\/p>\n","protected":false},"excerpt":{"rendered":"<p>Autoteppiche f\u00fcr das Fahrerhaus verhindern Verschmutzungen und Verschlei\u00df der Originalb\u00f6den aus PVC oder wertvollen Veloursteppichen. Autoteppiche sind leicht herausnehmbar, lassen sich aussch\u00fctteln, absaugen und sogar mit dem Hochdruckreiniger s\u00e4ubern. Bei textilen Fu\u00dfraummatten h\u00e4lt eine rutschfeste, wasserundurchl\u00e4ssige R\u00fcckenbeschichtung Feuchtigkeit und N\u00e4sse fern vom Originalbelag. Automatten gibt es in robuster Nadelfilzqualit\u00e4t mit Doppelrippenstruktur und f\u00fcr den besonderen [&hellip;]<\/p>\n","protected":false},"featured_media":129367,"template":"","meta":{"_acf_changed":false},"product_featured_cat":[],"product_brand":[3317],"product_cat":[4686],"product_tag":[],"class_list":{"0":"post-129387","1":"product","2":"type-product","3":"status-publish","4":"has-post-thumbnail","6":"product_brand-art-de","7":"product_cat-fahrerhausteppiche","9":"first","10":"instock","11":"taxable","12":"shipping-taxable","13":"purchasable","14":"product-type-variable"},"acf":[],"yoast_head":"<!-- This site is optimized with the Yoast SEO plugin v27.4 - https:\/\/yoast.com\/product\/yoast-seo-wordpress\/ -->\n<title>Fahrzeugmatten Nadelfilz Ducato \/ Jumper\/ Boxer ab 03\/1994-06\/2006 - Bantam Camping AG<\/title>\n<meta name=\"robots\" content=\"index, follow, max-snippet:-1, max-image-preview:large, max-video-preview:-1\" \/>\n<link rel=\"canonical\" href=\"https:\/\/shop.bantam.ch\/de\/produkt\/fahrzeugmatten-nadelfilz-ducato-jumper-boxer-ab-03-1994-06-2006\/\" \/>\n<meta property=\"og:locale\" content=\"de_DE\" \/>\n<meta property=\"og:type\" content=\"article\" \/>\n<meta property=\"og:title\" content=\"Fahrzeugmatten Nadelfilz Ducato \/ Jumper\/ Boxer ab 03\/1994-06\/2006 - Bantam Camping AG\" \/>\n<meta property=\"og:description\" content=\"Autoteppiche f\u00fcr das Fahrerhaus verhindern Verschmutzungen und Verschlei\u00df der Originalb\u00f6den aus PVC oder wertvollen Veloursteppichen. Autoteppiche sind leicht herausnehmbar, lassen sich aussch\u00fctteln, absaugen und sogar mit dem Hochdruckreiniger s\u00e4ubern. Bei textilen Fu\u00dfraummatten h\u00e4lt eine rutschfeste, wasserundurchl\u00e4ssige R\u00fcckenbeschichtung Feuchtigkeit und N\u00e4sse fern vom Originalbelag. Automatten gibt es in robuster Nadelfilzqualit\u00e4t mit Doppelrippenstruktur und f\u00fcr den besonderen [&hellip;]\" \/>\n<meta property=\"og:url\" content=\"https:\/\/shop.bantam.ch\/de\/produkt\/fahrzeugmatten-nadelfilz-ducato-jumper-boxer-ab-03-1994-06-2006\/\" \/>\n<meta property=\"og:site_name\" content=\"Bantam Camping AG\" \/>\n<meta property=\"article:modified_time\" content=\"2026-04-17T21:52:04+00:00\" \/>\n<meta property=\"og:image\" content=\"https:\/\/shop.bantam.ch\/wp-content\/uploads\/2023\/03\/9948606100.jpg\" \/>\n\t<meta property=\"og:image:width\" content=\"1000\" \/>\n\t<meta property=\"og:image:height\" content=\"665\" \/>\n\t<meta property=\"og:image:type\" content=\"image\/jpeg\" \/>\n<meta name=\"twitter:card\" content=\"summary_large_image\" \/>\n<script type=\"application\/ld+json\" class=\"yoast-schema-graph\">{\"@context\":\"https:\\\/\\\/schema.org\",\"@graph\":[{\"@type\":\"WebPage\",\"@id\":\"https:\\\/\\\/shop.bantam.ch\\\/de\\\/produkt\\\/fahrzeugmatten-nadelfilz-ducato-jumper-boxer-ab-03-1994-06-2006\\\/\",\"url\":\"https:\\\/\\\/shop.bantam.ch\\\/de\\\/produkt\\\/fahrzeugmatten-nadelfilz-ducato-jumper-boxer-ab-03-1994-06-2006\\\/\",\"name\":\"Fahrzeugmatten Nadelfilz Ducato \\\/ Jumper\\\/ Boxer ab 03\\\/1994-06\\\/2006 - Bantam Camping AG\",\"isPartOf\":{\"@id\":\"https:\\\/\\\/shop.bantam.ch\\\/de\\\/#website\"},\"primaryImageOfPage\":{\"@id\":\"https:\\\/\\\/shop.bantam.ch\\\/de\\\/produkt\\\/fahrzeugmatten-nadelfilz-ducato-jumper-boxer-ab-03-1994-06-2006\\\/#primaryimage\"},\"image\":{\"@id\":\"https:\\\/\\\/shop.bantam.ch\\\/de\\\/produkt\\\/fahrzeugmatten-nadelfilz-ducato-jumper-boxer-ab-03-1994-06-2006\\\/#primaryimage\"},\"thumbnailUrl\":\"https:\\\/\\\/shop.bantam.ch\\\/wp-content\\\/uploads\\\/2023\\\/03\\\/9948606100.jpg\",\"datePublished\":\"2023-03-01T00:51:31+00:00\",\"dateModified\":\"2026-04-17T21:52:04+00:00\",\"breadcrumb\":{\"@id\":\"https:\\\/\\\/shop.bantam.ch\\\/de\\\/produkt\\\/fahrzeugmatten-nadelfilz-ducato-jumper-boxer-ab-03-1994-06-2006\\\/#breadcrumb\"},\"inLanguage\":\"de\",\"potentialAction\":[{\"@type\":\"ReadAction\",\"target\":[\"https:\\\/\\\/shop.bantam.ch\\\/de\\\/produkt\\\/fahrzeugmatten-nadelfilz-ducato-jumper-boxer-ab-03-1994-06-2006\\\/\"]}]},{\"@type\":\"ImageObject\",\"inLanguage\":\"de\",\"@id\":\"https:\\\/\\\/shop.bantam.ch\\\/de\\\/produkt\\\/fahrzeugmatten-nadelfilz-ducato-jumper-boxer-ab-03-1994-06-2006\\\/#primaryimage\",\"url\":\"https:\\\/\\\/shop.bantam.ch\\\/wp-content\\\/uploads\\\/2023\\\/03\\\/9948606100.jpg\",\"contentUrl\":\"https:\\\/\\\/shop.bantam.ch\\\/wp-content\\\/uploads\\\/2023\\\/03\\\/9948606100.jpg\",\"width\":1000,\"height\":665},{\"@type\":\"BreadcrumbList\",\"@id\":\"https:\\\/\\\/shop.bantam.ch\\\/de\\\/produkt\\\/fahrzeugmatten-nadelfilz-ducato-jumper-boxer-ab-03-1994-06-2006\\\/#breadcrumb\",\"itemListElement\":[{\"@type\":\"ListItem\",\"position\":1,\"name\":\"Accueil\",\"item\":\"https:\\\/\\\/shop.bantam.ch\\\/de\\\/\"},{\"@type\":\"ListItem\",\"position\":2,\"name\":\"Shop\",\"item\":\"https:\\\/\\\/shop.bantam.ch\\\/de\\\/shop\\\/\"},{\"@type\":\"ListItem\",\"position\":3,\"name\":\"Fahrzeugmatten Nadelfilz Ducato \\\/ Jumper\\\/ Boxer ab 03\\\/1994-06\\\/2006\"}]},{\"@type\":\"WebSite\",\"@id\":\"https:\\\/\\\/shop.bantam.ch\\\/de\\\/#website\",\"url\":\"https:\\\/\\\/shop.bantam.ch\\\/de\\\/\",\"name\":\"Bantam Camping AG\",\"description\":\"\",\"publisher\":{\"@id\":\"https:\\\/\\\/shop.bantam.ch\\\/de\\\/#organization\"},\"inLanguage\":\"de\"},{\"@type\":\"Organization\",\"@id\":\"https:\\\/\\\/shop.bantam.ch\\\/de\\\/#organization\",\"name\":\"Bantam Camping AG\",\"url\":\"https:\\\/\\\/shop.bantam.ch\\\/de\\\/\",\"logo\":{\"@type\":\"ImageObject\",\"inLanguage\":\"de\",\"@id\":\"https:\\\/\\\/shop.bantam.ch\\\/de\\\/#\\\/schema\\\/logo\\\/image\\\/\",\"url\":\"https:\\\/\\\/shop.bantam.ch\\\/wp-content\\\/uploads\\\/2022\\\/12\\\/bantam-logo.png\",\"contentUrl\":\"https:\\\/\\\/shop.bantam.ch\\\/wp-content\\\/uploads\\\/2022\\\/12\\\/bantam-logo.png\",\"width\":320,\"height\":71,\"caption\":\"Bantam Camping AG\"},\"image\":{\"@id\":\"https:\\\/\\\/shop.bantam.ch\\\/de\\\/#\\\/schema\\\/logo\\\/image\\\/\"}}]}<\/script>\n<!-- \/ Yoast SEO plugin. -->","yoast_head_json":{"title":"Fahrzeugmatten Nadelfilz Ducato \/ Jumper\/ Boxer ab 03\/1994-06\/2006 - Bantam Camping AG","robots":{"index":"index","follow":"follow","max-snippet":"max-snippet:-1","max-image-preview":"max-image-preview:large","max-video-preview":"max-video-preview:-1"},"canonical":"https:\/\/shop.bantam.ch\/de\/produkt\/fahrzeugmatten-nadelfilz-ducato-jumper-boxer-ab-03-1994-06-2006\/","og_locale":"de_DE","og_type":"article","og_title":"Fahrzeugmatten Nadelfilz Ducato \/ Jumper\/ Boxer ab 03\/1994-06\/2006 - Bantam Camping AG","og_description":"Autoteppiche f\u00fcr das Fahrerhaus verhindern Verschmutzungen und Verschlei\u00df der Originalb\u00f6den aus PVC oder wertvollen Veloursteppichen. Autoteppiche sind leicht herausnehmbar, lassen sich aussch\u00fctteln, absaugen und sogar mit dem Hochdruckreiniger s\u00e4ubern. Bei textilen Fu\u00dfraummatten h\u00e4lt eine rutschfeste, wasserundurchl\u00e4ssige R\u00fcckenbeschichtung Feuchtigkeit und N\u00e4sse fern vom Originalbelag. Automatten gibt es in robuster Nadelfilzqualit\u00e4t mit Doppelrippenstruktur und f\u00fcr den besonderen [&hellip;]","og_url":"https:\/\/shop.bantam.ch\/de\/produkt\/fahrzeugmatten-nadelfilz-ducato-jumper-boxer-ab-03-1994-06-2006\/","og_site_name":"Bantam Camping AG","article_modified_time":"2026-04-17T21:52:04+00:00","og_image":[{"width":1000,"height":665,"url":"https:\/\/shop.bantam.ch\/wp-content\/uploads\/2023\/03\/9948606100.jpg","type":"image\/jpeg"}],"twitter_card":"summary_large_image","schema":{"@context":"https:\/\/schema.org","@graph":[{"@type":"WebPage","@id":"https:\/\/shop.bantam.ch\/de\/produkt\/fahrzeugmatten-nadelfilz-ducato-jumper-boxer-ab-03-1994-06-2006\/","url":"https:\/\/shop.bantam.ch\/de\/produkt\/fahrzeugmatten-nadelfilz-ducato-jumper-boxer-ab-03-1994-06-2006\/","name":"Fahrzeugmatten Nadelfilz Ducato \/ Jumper\/ Boxer ab 03\/1994-06\/2006 - Bantam Camping AG","isPartOf":{"@id":"https:\/\/shop.bantam.ch\/de\/#website"},"primaryImageOfPage":{"@id":"https:\/\/shop.bantam.ch\/de\/produkt\/fahrzeugmatten-nadelfilz-ducato-jumper-boxer-ab-03-1994-06-2006\/#primaryimage"},"image":{"@id":"https:\/\/shop.bantam.ch\/de\/produkt\/fahrzeugmatten-nadelfilz-ducato-jumper-boxer-ab-03-1994-06-2006\/#primaryimage"},"thumbnailUrl":"https:\/\/shop.bantam.ch\/wp-content\/uploads\/2023\/03\/9948606100.jpg","datePublished":"2023-03-01T00:51:31+00:00","dateModified":"2026-04-17T21:52:04+00:00","breadcrumb":{"@id":"https:\/\/shop.bantam.ch\/de\/produkt\/fahrzeugmatten-nadelfilz-ducato-jumper-boxer-ab-03-1994-06-2006\/#breadcrumb"},"inLanguage":"de","potentialAction":[{"@type":"ReadAction","target":["https:\/\/shop.bantam.ch\/de\/produkt\/fahrzeugmatten-nadelfilz-ducato-jumper-boxer-ab-03-1994-06-2006\/"]}]},{"@type":"ImageObject","inLanguage":"de","@id":"https:\/\/shop.bantam.ch\/de\/produkt\/fahrzeugmatten-nadelfilz-ducato-jumper-boxer-ab-03-1994-06-2006\/#primaryimage","url":"https:\/\/shop.bantam.ch\/wp-content\/uploads\/2023\/03\/9948606100.jpg","contentUrl":"https:\/\/shop.bantam.ch\/wp-content\/uploads\/2023\/03\/9948606100.jpg","width":1000,"height":665},{"@type":"BreadcrumbList","@id":"https:\/\/shop.bantam.ch\/de\/produkt\/fahrzeugmatten-nadelfilz-ducato-jumper-boxer-ab-03-1994-06-2006\/#breadcrumb","itemListElement":[{"@type":"ListItem","position":1,"name":"Accueil","item":"https:\/\/shop.bantam.ch\/de\/"},{"@type":"ListItem","position":2,"name":"Shop","item":"https:\/\/shop.bantam.ch\/de\/shop\/"},{"@type":"ListItem","position":3,"name":"Fahrzeugmatten Nadelfilz Ducato \/ Jumper\/ Boxer ab 03\/1994-06\/2006"}]},{"@type":"WebSite","@id":"https:\/\/shop.bantam.ch\/de\/#website","url":"https:\/\/shop.bantam.ch\/de\/","name":"Bantam Camping AG","description":"","publisher":{"@id":"https:\/\/shop.bantam.ch\/de\/#organization"},"inLanguage":"de"},{"@type":"Organization","@id":"https:\/\/shop.bantam.ch\/de\/#organization","name":"Bantam Camping AG","url":"https:\/\/shop.bantam.ch\/de\/","logo":{"@type":"ImageObject","inLanguage":"de","@id":"https:\/\/shop.bantam.ch\/de\/#\/schema\/logo\/image\/","url":"https:\/\/shop.bantam.ch\/wp-content\/uploads\/2022\/12\/bantam-logo.png","contentUrl":"https:\/\/shop.bantam.ch\/wp-content\/uploads\/2022\/12\/bantam-logo.png","width":320,"height":71,"caption":"Bantam Camping AG"},"image":{"@id":"https:\/\/shop.bantam.ch\/de\/#\/schema\/logo\/image\/"}}]}},"_links":{"self":[{"href":"https:\/\/shop.bantam.ch\/de\/wp-json\/wp\/v2\/product\/129387","targetHints":{"allow":["GET"]}}],"collection":[{"href":"https:\/\/shop.bantam.ch\/de\/wp-json\/wp\/v2\/product"}],"about":[{"href":"https:\/\/shop.bantam.ch\/de\/wp-json\/wp\/v2\/types\/product"}],"wp:featuredmedia":[{"embeddable":true,"href":"https:\/\/shop.bantam.ch\/de\/wp-json\/wp\/v2\/media\/129367"}],"wp:attachment":[{"href":"https:\/\/shop.bantam.ch\/de\/wp-json\/wp\/v2\/media?parent=129387"}],"wp:term":[{"taxonomy":"product_featured_cat","embeddable":true,"href":"https:\/\/shop.bantam.ch\/de\/wp-json\/wp\/v2\/product_featured_cat?post=129387"},{"taxonomy":"product_brand","embeddable":true,"href":"https:\/\/shop.bantam.ch\/de\/wp-json\/wp\/v2\/product_brand?post=129387"},{"taxonomy":"product_cat","embeddable":true,"href":"https:\/\/shop.bantam.ch\/de\/wp-json\/wp\/v2\/product_cat?post=129387"},{"taxonomy":"product_tag","embeddable":true,"href":"https:\/\/shop.bantam.ch\/de\/wp-json\/wp\/v2\/product_tag?post=129387"}],"curies":[{"name":"wp","href":"https:\/\/api.w.org\/{rel}","templated":true}]}}