{"id":129043,"date":"2023-03-01T01:46:04","date_gmt":"2023-03-01T00:46:04","guid":{"rendered":"https:\/\/shop.bantam.ch\/produit\/verdunklungssystem-sp-400-seitenscheiben-set-ford-transit-v363\/"},"modified":"2026-04-18T21:56:12","modified_gmt":"2026-04-18T19:56:12","slug":"verdunklungssystem-sp-400-seitenscheiben-set-ford-transit-v363","status":"publish","type":"product","link":"https:\/\/shop.bantam.ch\/de\/produkt\/verdunklungssystem-sp-400-seitenscheiben-set-ford-transit-v363\/","title":{"rendered":"Verdunklungssystem DOMETIC SP 400, Seitenscheiben Set Ford Transit V363"},"content":{"rendered":"<p>Diese leichtgewichtige Seitenscheibenverdunkelung wurde speziell f\u00fcr die seit Juni 2019 erh\u00e4ltlichen Ford Transit V363 Facelift-Modelle entwickelt. Beidseitig passgenau angebracht und in Kombination mit unserem Windschutzrollo FR 400 bietet sie intelligenten Rundumschutz vor Sonne, K\u00e4lte und neugierigen Blicken. Doppelt plissiertes, wabenf\u00f6rmiges Verdunkelungsmaterial sorgt f\u00fcr eine optimale Isolierung sowie f\u00fcr maximale Robustheit.<\/p>\n<ul>\n<li>Doppelt plissiertes Wabenmaterial f\u00fcr optimale thermische Isolierung und maximale Stabilit\u00e4t<\/li>\n<li>Effektive Verdunkelung mit 100 % lichtundurchl\u00e4ssigem Material<\/li>\n<li>Einfache, komfortable Handhabung mit Comfort-Close-Funktion<\/li>\n<\/ul>\n","protected":false},"excerpt":{"rendered":"<p>Diese leichtgewichtige Seitenscheibenverdunkelung wurde speziell f\u00fcr die seit Juni 2019 erh\u00e4ltlichen Ford Transit V363 Facelift-Modelle entwickelt. Beidseitig passgenau angebracht und in Kombination mit unserem Windschutzrollo FR 400 bietet sie intelligenten Rundumschutz vor Sonne, K\u00e4lte und neugierigen Blicken. Doppelt plissiertes, wabenf\u00f6rmiges Verdunkelungsmaterial sorgt f\u00fcr eine optimale Isolierung sowie f\u00fcr maximale Robustheit. Doppelt plissiertes Wabenmaterial f\u00fcr optimale [&hellip;]<\/p>\n","protected":false},"featured_media":206395,"template":"","meta":{"_acf_changed":false},"product_featured_cat":[],"product_brand":[3029],"product_cat":[4714],"product_tag":[],"class_list":{"0":"post-129043","1":"product","2":"type-product","3":"status-publish","4":"has-post-thumbnail","6":"product_brand-dometic-de","7":"product_cat-fahrerhausverdunkelung","9":"first","10":"instock","11":"taxable","12":"shipping-taxable","13":"purchasable","14":"product-type-simple"},"acf":[],"yoast_head":"<!-- This site is optimized with the Yoast SEO plugin v27.4 - https:\/\/yoast.com\/product\/yoast-seo-wordpress\/ -->\n<title>Verdunklungssystem DOMETIC SP 400, Seitenscheiben Set Ford Transit V363 - Bantam Camping AG<\/title>\n<meta name=\"robots\" content=\"index, follow, max-snippet:-1, max-image-preview:large, max-video-preview:-1\" \/>\n<link rel=\"canonical\" href=\"https:\/\/shop.bantam.ch\/de\/produkt\/verdunklungssystem-sp-400-seitenscheiben-set-ford-transit-v363\/\" \/>\n<meta property=\"og:locale\" content=\"de_DE\" \/>\n<meta property=\"og:type\" content=\"article\" \/>\n<meta property=\"og:title\" content=\"Verdunklungssystem DOMETIC SP 400, Seitenscheiben Set Ford Transit V363 - Bantam Camping AG\" \/>\n<meta property=\"og:description\" content=\"Diese leichtgewichtige Seitenscheibenverdunkelung wurde speziell f\u00fcr die seit Juni 2019 erh\u00e4ltlichen Ford Transit V363 Facelift-Modelle entwickelt. Beidseitig passgenau angebracht und in Kombination mit unserem Windschutzrollo FR 400 bietet sie intelligenten Rundumschutz vor Sonne, K\u00e4lte und neugierigen Blicken. Doppelt plissiertes, wabenf\u00f6rmiges Verdunkelungsmaterial sorgt f\u00fcr eine optimale Isolierung sowie f\u00fcr maximale Robustheit. Doppelt plissiertes Wabenmaterial f\u00fcr optimale [&hellip;]\" \/>\n<meta property=\"og:url\" content=\"https:\/\/shop.bantam.ch\/de\/produkt\/verdunklungssystem-sp-400-seitenscheiben-set-ford-transit-v363\/\" \/>\n<meta property=\"og:site_name\" content=\"Bantam Camping AG\" \/>\n<meta property=\"article:modified_time\" content=\"2026-04-18T19:56:12+00:00\" \/>\n<meta name=\"twitter:card\" content=\"summary_large_image\" \/>\n<script type=\"application\/ld+json\" class=\"yoast-schema-graph\">{\"@context\":\"https:\\\/\\\/schema.org\",\"@graph\":[{\"@type\":\"WebPage\",\"@id\":\"https:\\\/\\\/shop.bantam.ch\\\/de\\\/produkt\\\/verdunklungssystem-sp-400-seitenscheiben-set-ford-transit-v363\\\/\",\"url\":\"https:\\\/\\\/shop.bantam.ch\\\/de\\\/produkt\\\/verdunklungssystem-sp-400-seitenscheiben-set-ford-transit-v363\\\/\",\"name\":\"Verdunklungssystem DOMETIC SP 400, Seitenscheiben Set Ford Transit V363 - Bantam Camping AG\",\"isPartOf\":{\"@id\":\"https:\\\/\\\/shop.bantam.ch\\\/de\\\/#website\"},\"primaryImageOfPage\":{\"@id\":\"https:\\\/\\\/shop.bantam.ch\\\/de\\\/produkt\\\/verdunklungssystem-sp-400-seitenscheiben-set-ford-transit-v363\\\/#primaryimage\"},\"image\":{\"@id\":\"https:\\\/\\\/shop.bantam.ch\\\/de\\\/produkt\\\/verdunklungssystem-sp-400-seitenscheiben-set-ford-transit-v363\\\/#primaryimage\"},\"thumbnailUrl\":\"https:\\\/\\\/shop.bantam.ch\\\/wp-content\\\/uploads\\\/2024\\\/09\\\/Movera-L-9948696100.jpg\",\"datePublished\":\"2023-03-01T00:46:04+00:00\",\"dateModified\":\"2026-04-18T19:56:12+00:00\",\"breadcrumb\":{\"@id\":\"https:\\\/\\\/shop.bantam.ch\\\/de\\\/produkt\\\/verdunklungssystem-sp-400-seitenscheiben-set-ford-transit-v363\\\/#breadcrumb\"},\"inLanguage\":\"de\",\"potentialAction\":[{\"@type\":\"ReadAction\",\"target\":[\"https:\\\/\\\/shop.bantam.ch\\\/de\\\/produkt\\\/verdunklungssystem-sp-400-seitenscheiben-set-ford-transit-v363\\\/\"]}]},{\"@type\":\"ImageObject\",\"inLanguage\":\"de\",\"@id\":\"https:\\\/\\\/shop.bantam.ch\\\/de\\\/produkt\\\/verdunklungssystem-sp-400-seitenscheiben-set-ford-transit-v363\\\/#primaryimage\",\"url\":\"https:\\\/\\\/shop.bantam.ch\\\/wp-content\\\/uploads\\\/2024\\\/09\\\/Movera-L-9948696100.jpg\",\"contentUrl\":\"https:\\\/\\\/shop.bantam.ch\\\/wp-content\\\/uploads\\\/2024\\\/09\\\/Movera-L-9948696100.jpg\",\"width\":640,\"height\":515},{\"@type\":\"BreadcrumbList\",\"@id\":\"https:\\\/\\\/shop.bantam.ch\\\/de\\\/produkt\\\/verdunklungssystem-sp-400-seitenscheiben-set-ford-transit-v363\\\/#breadcrumb\",\"itemListElement\":[{\"@type\":\"ListItem\",\"position\":1,\"name\":\"Accueil\",\"item\":\"https:\\\/\\\/shop.bantam.ch\\\/de\\\/\"},{\"@type\":\"ListItem\",\"position\":2,\"name\":\"Shop\",\"item\":\"https:\\\/\\\/shop.bantam.ch\\\/de\\\/shop\\\/\"},{\"@type\":\"ListItem\",\"position\":3,\"name\":\"Verdunklungssystem DOMETIC SP 400, Seitenscheiben Set Ford Transit V363\"}]},{\"@type\":\"WebSite\",\"@id\":\"https:\\\/\\\/shop.bantam.ch\\\/de\\\/#website\",\"url\":\"https:\\\/\\\/shop.bantam.ch\\\/de\\\/\",\"name\":\"Bantam Camping AG\",\"description\":\"\",\"publisher\":{\"@id\":\"https:\\\/\\\/shop.bantam.ch\\\/de\\\/#organization\"},\"inLanguage\":\"de\"},{\"@type\":\"Organization\",\"@id\":\"https:\\\/\\\/shop.bantam.ch\\\/de\\\/#organization\",\"name\":\"Bantam Camping AG\",\"url\":\"https:\\\/\\\/shop.bantam.ch\\\/de\\\/\",\"logo\":{\"@type\":\"ImageObject\",\"inLanguage\":\"de\",\"@id\":\"https:\\\/\\\/shop.bantam.ch\\\/de\\\/#\\\/schema\\\/logo\\\/image\\\/\",\"url\":\"https:\\\/\\\/shop.bantam.ch\\\/wp-content\\\/uploads\\\/2022\\\/12\\\/bantam-logo.png\",\"contentUrl\":\"https:\\\/\\\/shop.bantam.ch\\\/wp-content\\\/uploads\\\/2022\\\/12\\\/bantam-logo.png\",\"width\":320,\"height\":71,\"caption\":\"Bantam Camping AG\"},\"image\":{\"@id\":\"https:\\\/\\\/shop.bantam.ch\\\/de\\\/#\\\/schema\\\/logo\\\/image\\\/\"}}]}<\/script>\n<!-- \/ Yoast SEO plugin. -->","yoast_head_json":{"title":"Verdunklungssystem DOMETIC SP 400, Seitenscheiben Set Ford Transit V363 - Bantam Camping AG","robots":{"index":"index","follow":"follow","max-snippet":"max-snippet:-1","max-image-preview":"max-image-preview:large","max-video-preview":"max-video-preview:-1"},"canonical":"https:\/\/shop.bantam.ch\/de\/produkt\/verdunklungssystem-sp-400-seitenscheiben-set-ford-transit-v363\/","og_locale":"de_DE","og_type":"article","og_title":"Verdunklungssystem DOMETIC SP 400, Seitenscheiben Set Ford Transit V363 - Bantam Camping AG","og_description":"Diese leichtgewichtige Seitenscheibenverdunkelung wurde speziell f\u00fcr die seit Juni 2019 erh\u00e4ltlichen Ford Transit V363 Facelift-Modelle entwickelt. Beidseitig passgenau angebracht und in Kombination mit unserem Windschutzrollo FR 400 bietet sie intelligenten Rundumschutz vor Sonne, K\u00e4lte und neugierigen Blicken. Doppelt plissiertes, wabenf\u00f6rmiges Verdunkelungsmaterial sorgt f\u00fcr eine optimale Isolierung sowie f\u00fcr maximale Robustheit. Doppelt plissiertes Wabenmaterial f\u00fcr optimale [&hellip;]","og_url":"https:\/\/shop.bantam.ch\/de\/produkt\/verdunklungssystem-sp-400-seitenscheiben-set-ford-transit-v363\/","og_site_name":"Bantam Camping AG","article_modified_time":"2026-04-18T19:56:12+00:00","twitter_card":"summary_large_image","schema":{"@context":"https:\/\/schema.org","@graph":[{"@type":"WebPage","@id":"https:\/\/shop.bantam.ch\/de\/produkt\/verdunklungssystem-sp-400-seitenscheiben-set-ford-transit-v363\/","url":"https:\/\/shop.bantam.ch\/de\/produkt\/verdunklungssystem-sp-400-seitenscheiben-set-ford-transit-v363\/","name":"Verdunklungssystem DOMETIC SP 400, Seitenscheiben Set Ford Transit V363 - Bantam Camping AG","isPartOf":{"@id":"https:\/\/shop.bantam.ch\/de\/#website"},"primaryImageOfPage":{"@id":"https:\/\/shop.bantam.ch\/de\/produkt\/verdunklungssystem-sp-400-seitenscheiben-set-ford-transit-v363\/#primaryimage"},"image":{"@id":"https:\/\/shop.bantam.ch\/de\/produkt\/verdunklungssystem-sp-400-seitenscheiben-set-ford-transit-v363\/#primaryimage"},"thumbnailUrl":"https:\/\/shop.bantam.ch\/wp-content\/uploads\/2024\/09\/Movera-L-9948696100.jpg","datePublished":"2023-03-01T00:46:04+00:00","dateModified":"2026-04-18T19:56:12+00:00","breadcrumb":{"@id":"https:\/\/shop.bantam.ch\/de\/produkt\/verdunklungssystem-sp-400-seitenscheiben-set-ford-transit-v363\/#breadcrumb"},"inLanguage":"de","potentialAction":[{"@type":"ReadAction","target":["https:\/\/shop.bantam.ch\/de\/produkt\/verdunklungssystem-sp-400-seitenscheiben-set-ford-transit-v363\/"]}]},{"@type":"ImageObject","inLanguage":"de","@id":"https:\/\/shop.bantam.ch\/de\/produkt\/verdunklungssystem-sp-400-seitenscheiben-set-ford-transit-v363\/#primaryimage","url":"https:\/\/shop.bantam.ch\/wp-content\/uploads\/2024\/09\/Movera-L-9948696100.jpg","contentUrl":"https:\/\/shop.bantam.ch\/wp-content\/uploads\/2024\/09\/Movera-L-9948696100.jpg","width":640,"height":515},{"@type":"BreadcrumbList","@id":"https:\/\/shop.bantam.ch\/de\/produkt\/verdunklungssystem-sp-400-seitenscheiben-set-ford-transit-v363\/#breadcrumb","itemListElement":[{"@type":"ListItem","position":1,"name":"Accueil","item":"https:\/\/shop.bantam.ch\/de\/"},{"@type":"ListItem","position":2,"name":"Shop","item":"https:\/\/shop.bantam.ch\/de\/shop\/"},{"@type":"ListItem","position":3,"name":"Verdunklungssystem DOMETIC SP 400, Seitenscheiben Set Ford Transit V363"}]},{"@type":"WebSite","@id":"https:\/\/shop.bantam.ch\/de\/#website","url":"https:\/\/shop.bantam.ch\/de\/","name":"Bantam Camping AG","description":"","publisher":{"@id":"https:\/\/shop.bantam.ch\/de\/#organization"},"inLanguage":"de"},{"@type":"Organization","@id":"https:\/\/shop.bantam.ch\/de\/#organization","name":"Bantam Camping AG","url":"https:\/\/shop.bantam.ch\/de\/","logo":{"@type":"ImageObject","inLanguage":"de","@id":"https:\/\/shop.bantam.ch\/de\/#\/schema\/logo\/image\/","url":"https:\/\/shop.bantam.ch\/wp-content\/uploads\/2022\/12\/bantam-logo.png","contentUrl":"https:\/\/shop.bantam.ch\/wp-content\/uploads\/2022\/12\/bantam-logo.png","width":320,"height":71,"caption":"Bantam Camping AG"},"image":{"@id":"https:\/\/shop.bantam.ch\/de\/#\/schema\/logo\/image\/"}}]}},"_links":{"self":[{"href":"https:\/\/shop.bantam.ch\/de\/wp-json\/wp\/v2\/product\/129043","targetHints":{"allow":["GET"]}}],"collection":[{"href":"https:\/\/shop.bantam.ch\/de\/wp-json\/wp\/v2\/product"}],"about":[{"href":"https:\/\/shop.bantam.ch\/de\/wp-json\/wp\/v2\/types\/product"}],"wp:featuredmedia":[{"embeddable":true,"href":"https:\/\/shop.bantam.ch\/de\/wp-json\/wp\/v2\/media\/206395"}],"wp:attachment":[{"href":"https:\/\/shop.bantam.ch\/de\/wp-json\/wp\/v2\/media?parent=129043"}],"wp:term":[{"taxonomy":"product_featured_cat","embeddable":true,"href":"https:\/\/shop.bantam.ch\/de\/wp-json\/wp\/v2\/product_featured_cat?post=129043"},{"taxonomy":"product_brand","embeddable":true,"href":"https:\/\/shop.bantam.ch\/de\/wp-json\/wp\/v2\/product_brand?post=129043"},{"taxonomy":"product_cat","embeddable":true,"href":"https:\/\/shop.bantam.ch\/de\/wp-json\/wp\/v2\/product_cat?post=129043"},{"taxonomy":"product_tag","embeddable":true,"href":"https:\/\/shop.bantam.ch\/de\/wp-json\/wp\/v2\/product_tag?post=129043"}],"curies":[{"name":"wp","href":"https:\/\/api.w.org\/{rel}","templated":true}]}}