{"id":129041,"date":"2023-03-01T01:45:58","date_gmt":"2023-03-01T00:45:58","guid":{"rendered":"https:\/\/shop.bantam.ch\/produit\/verdunklungssystem-fr-400-frontscheibe-ford-transit-v363\/"},"modified":"2026-04-17T21:55:04","modified_gmt":"2026-04-17T19:55:04","slug":"verdunklungssystem-fr-400-frontscheibe-ford-transit-v363","status":"publish","type":"product","link":"https:\/\/shop.bantam.ch\/de\/produkt\/verdunklungssystem-fr-400-frontscheibe-ford-transit-v363\/","title":{"rendered":"Verdunklungssystem DOMETIC FR 400 Frontscheibe Ford Transit V363"},"content":{"rendered":"<p>Dieses robuste Verdunkelungsrollo wurde speziell f\u00fcr die im Juni 2019 eingef\u00fchrten Ford Transit V363 Facelift-Modelle entwickelt. Es kann von unten nach oben in drei Positionen eingestellt werden und bietet die perfekte Kombination aus Sichtschutz, Schatten und W\u00e4rmeisolierung. Das aluminiumbeschichtete Material h\u00e4lt Hitze oder K\u00e4lte effizient drau\u00dfen. Die Montage erfolgt in wenigen Minuten, mit einwandfreien Ergebnissen. Die Nachr\u00fcstung sieht aus wie das Original, das direkt im Werk eingebaut wurde.\u00a0<\/p>\n<ul>\n<li><span>Robustes, langlebiges Rollo-Material <\/span><\/li>\n<li><span>Von unten nach oben verstellbar \u2013 Sichtschutz mit Ausblick <\/span><\/li>\n<li><span>Optimierte W\u00e4rmeisolierung durch aluminiumbeschichtetes Gewebe<\/span><\/li>\n<li><span>Komfortable Handhabung mit 3 Einstellpositionen (offen, Sichtschutz, geschlossen) <\/span><\/li>\n<\/ul>\n","protected":false},"excerpt":{"rendered":"<p>Dieses robuste Verdunkelungsrollo wurde speziell f\u00fcr die im Juni 2019 eingef\u00fchrten Ford Transit V363 Facelift-Modelle entwickelt. Es kann von unten nach oben in drei Positionen eingestellt werden und bietet die perfekte Kombination aus Sichtschutz, Schatten und W\u00e4rmeisolierung. Das aluminiumbeschichtete Material h\u00e4lt Hitze oder K\u00e4lte effizient drau\u00dfen. Die Montage erfolgt in wenigen Minuten, mit einwandfreien Ergebnissen. [&hellip;]<\/p>\n","protected":false},"featured_media":129025,"template":"","meta":{"_acf_changed":false},"product_featured_cat":[],"product_brand":[3029],"product_cat":[4714],"product_tag":[],"class_list":{"0":"post-129041","1":"product","2":"type-product","3":"status-publish","4":"has-post-thumbnail","6":"product_brand-dometic-de","7":"product_cat-fahrerhausverdunkelung","9":"first","10":"instock","11":"taxable","12":"shipping-taxable","13":"purchasable","14":"product-type-simple"},"acf":[],"yoast_head":"<!-- This site is optimized with the Yoast SEO plugin v27.4 - https:\/\/yoast.com\/product\/yoast-seo-wordpress\/ -->\n<title>Verdunklungssystem DOMETIC FR 400 Frontscheibe Ford Transit V363 - Bantam Camping AG<\/title>\n<meta name=\"robots\" content=\"index, follow, max-snippet:-1, max-image-preview:large, max-video-preview:-1\" \/>\n<link rel=\"canonical\" href=\"https:\/\/shop.bantam.ch\/de\/produkt\/verdunklungssystem-fr-400-frontscheibe-ford-transit-v363\/\" \/>\n<meta property=\"og:locale\" content=\"de_DE\" \/>\n<meta property=\"og:type\" content=\"article\" \/>\n<meta property=\"og:title\" content=\"Verdunklungssystem DOMETIC FR 400 Frontscheibe Ford Transit V363 - Bantam Camping AG\" \/>\n<meta property=\"og:description\" content=\"Dieses robuste Verdunkelungsrollo wurde speziell f\u00fcr die im Juni 2019 eingef\u00fchrten Ford Transit V363 Facelift-Modelle entwickelt. Es kann von unten nach oben in drei Positionen eingestellt werden und bietet die perfekte Kombination aus Sichtschutz, Schatten und W\u00e4rmeisolierung. Das aluminiumbeschichtete Material h\u00e4lt Hitze oder K\u00e4lte effizient drau\u00dfen. Die Montage erfolgt in wenigen Minuten, mit einwandfreien Ergebnissen. [&hellip;]\" \/>\n<meta property=\"og:url\" content=\"https:\/\/shop.bantam.ch\/de\/produkt\/verdunklungssystem-fr-400-frontscheibe-ford-transit-v363\/\" \/>\n<meta property=\"og:site_name\" content=\"Bantam Camping AG\" \/>\n<meta property=\"article:modified_time\" content=\"2026-04-17T19:55:04+00:00\" \/>\n<meta property=\"og:image\" content=\"https:\/\/shop.bantam.ch\/wp-content\/uploads\/2023\/03\/9948694107.jpg\" \/>\n\t<meta property=\"og:image:width\" content=\"1000\" \/>\n\t<meta property=\"og:image:height\" content=\"667\" \/>\n\t<meta property=\"og:image:type\" content=\"image\/jpeg\" \/>\n<meta name=\"twitter:card\" content=\"summary_large_image\" \/>\n<script type=\"application\/ld+json\" class=\"yoast-schema-graph\">{\"@context\":\"https:\\\/\\\/schema.org\",\"@graph\":[{\"@type\":\"WebPage\",\"@id\":\"https:\\\/\\\/shop.bantam.ch\\\/de\\\/produkt\\\/verdunklungssystem-fr-400-frontscheibe-ford-transit-v363\\\/\",\"url\":\"https:\\\/\\\/shop.bantam.ch\\\/de\\\/produkt\\\/verdunklungssystem-fr-400-frontscheibe-ford-transit-v363\\\/\",\"name\":\"Verdunklungssystem DOMETIC FR 400 Frontscheibe Ford Transit V363 - Bantam Camping AG\",\"isPartOf\":{\"@id\":\"https:\\\/\\\/shop.bantam.ch\\\/de\\\/#website\"},\"primaryImageOfPage\":{\"@id\":\"https:\\\/\\\/shop.bantam.ch\\\/de\\\/produkt\\\/verdunklungssystem-fr-400-frontscheibe-ford-transit-v363\\\/#primaryimage\"},\"image\":{\"@id\":\"https:\\\/\\\/shop.bantam.ch\\\/de\\\/produkt\\\/verdunklungssystem-fr-400-frontscheibe-ford-transit-v363\\\/#primaryimage\"},\"thumbnailUrl\":\"https:\\\/\\\/shop.bantam.ch\\\/wp-content\\\/uploads\\\/2023\\\/03\\\/9948694107.jpg\",\"datePublished\":\"2023-03-01T00:45:58+00:00\",\"dateModified\":\"2026-04-17T19:55:04+00:00\",\"breadcrumb\":{\"@id\":\"https:\\\/\\\/shop.bantam.ch\\\/de\\\/produkt\\\/verdunklungssystem-fr-400-frontscheibe-ford-transit-v363\\\/#breadcrumb\"},\"inLanguage\":\"de\",\"potentialAction\":[{\"@type\":\"ReadAction\",\"target\":[\"https:\\\/\\\/shop.bantam.ch\\\/de\\\/produkt\\\/verdunklungssystem-fr-400-frontscheibe-ford-transit-v363\\\/\"]}]},{\"@type\":\"ImageObject\",\"inLanguage\":\"de\",\"@id\":\"https:\\\/\\\/shop.bantam.ch\\\/de\\\/produkt\\\/verdunklungssystem-fr-400-frontscheibe-ford-transit-v363\\\/#primaryimage\",\"url\":\"https:\\\/\\\/shop.bantam.ch\\\/wp-content\\\/uploads\\\/2023\\\/03\\\/9948694107.jpg\",\"contentUrl\":\"https:\\\/\\\/shop.bantam.ch\\\/wp-content\\\/uploads\\\/2023\\\/03\\\/9948694107.jpg\",\"width\":1000,\"height\":667},{\"@type\":\"BreadcrumbList\",\"@id\":\"https:\\\/\\\/shop.bantam.ch\\\/de\\\/produkt\\\/verdunklungssystem-fr-400-frontscheibe-ford-transit-v363\\\/#breadcrumb\",\"itemListElement\":[{\"@type\":\"ListItem\",\"position\":1,\"name\":\"Accueil\",\"item\":\"https:\\\/\\\/shop.bantam.ch\\\/de\\\/\"},{\"@type\":\"ListItem\",\"position\":2,\"name\":\"Shop\",\"item\":\"https:\\\/\\\/shop.bantam.ch\\\/de\\\/shop\\\/\"},{\"@type\":\"ListItem\",\"position\":3,\"name\":\"Verdunklungssystem DOMETIC FR 400 Frontscheibe Ford Transit V363\"}]},{\"@type\":\"WebSite\",\"@id\":\"https:\\\/\\\/shop.bantam.ch\\\/de\\\/#website\",\"url\":\"https:\\\/\\\/shop.bantam.ch\\\/de\\\/\",\"name\":\"Bantam Camping AG\",\"description\":\"\",\"publisher\":{\"@id\":\"https:\\\/\\\/shop.bantam.ch\\\/de\\\/#organization\"},\"inLanguage\":\"de\"},{\"@type\":\"Organization\",\"@id\":\"https:\\\/\\\/shop.bantam.ch\\\/de\\\/#organization\",\"name\":\"Bantam Camping AG\",\"url\":\"https:\\\/\\\/shop.bantam.ch\\\/de\\\/\",\"logo\":{\"@type\":\"ImageObject\",\"inLanguage\":\"de\",\"@id\":\"https:\\\/\\\/shop.bantam.ch\\\/de\\\/#\\\/schema\\\/logo\\\/image\\\/\",\"url\":\"https:\\\/\\\/shop.bantam.ch\\\/wp-content\\\/uploads\\\/2022\\\/12\\\/bantam-logo.png\",\"contentUrl\":\"https:\\\/\\\/shop.bantam.ch\\\/wp-content\\\/uploads\\\/2022\\\/12\\\/bantam-logo.png\",\"width\":320,\"height\":71,\"caption\":\"Bantam Camping AG\"},\"image\":{\"@id\":\"https:\\\/\\\/shop.bantam.ch\\\/de\\\/#\\\/schema\\\/logo\\\/image\\\/\"}}]}<\/script>\n<!-- \/ Yoast SEO plugin. -->","yoast_head_json":{"title":"Verdunklungssystem DOMETIC FR 400 Frontscheibe Ford Transit V363 - Bantam Camping AG","robots":{"index":"index","follow":"follow","max-snippet":"max-snippet:-1","max-image-preview":"max-image-preview:large","max-video-preview":"max-video-preview:-1"},"canonical":"https:\/\/shop.bantam.ch\/de\/produkt\/verdunklungssystem-fr-400-frontscheibe-ford-transit-v363\/","og_locale":"de_DE","og_type":"article","og_title":"Verdunklungssystem DOMETIC FR 400 Frontscheibe Ford Transit V363 - Bantam Camping AG","og_description":"Dieses robuste Verdunkelungsrollo wurde speziell f\u00fcr die im Juni 2019 eingef\u00fchrten Ford Transit V363 Facelift-Modelle entwickelt. Es kann von unten nach oben in drei Positionen eingestellt werden und bietet die perfekte Kombination aus Sichtschutz, Schatten und W\u00e4rmeisolierung. Das aluminiumbeschichtete Material h\u00e4lt Hitze oder K\u00e4lte effizient drau\u00dfen. Die Montage erfolgt in wenigen Minuten, mit einwandfreien Ergebnissen. [&hellip;]","og_url":"https:\/\/shop.bantam.ch\/de\/produkt\/verdunklungssystem-fr-400-frontscheibe-ford-transit-v363\/","og_site_name":"Bantam Camping AG","article_modified_time":"2026-04-17T19:55:04+00:00","og_image":[{"width":1000,"height":667,"url":"https:\/\/shop.bantam.ch\/wp-content\/uploads\/2023\/03\/9948694107.jpg","type":"image\/jpeg"}],"twitter_card":"summary_large_image","schema":{"@context":"https:\/\/schema.org","@graph":[{"@type":"WebPage","@id":"https:\/\/shop.bantam.ch\/de\/produkt\/verdunklungssystem-fr-400-frontscheibe-ford-transit-v363\/","url":"https:\/\/shop.bantam.ch\/de\/produkt\/verdunklungssystem-fr-400-frontscheibe-ford-transit-v363\/","name":"Verdunklungssystem DOMETIC FR 400 Frontscheibe Ford Transit V363 - Bantam Camping AG","isPartOf":{"@id":"https:\/\/shop.bantam.ch\/de\/#website"},"primaryImageOfPage":{"@id":"https:\/\/shop.bantam.ch\/de\/produkt\/verdunklungssystem-fr-400-frontscheibe-ford-transit-v363\/#primaryimage"},"image":{"@id":"https:\/\/shop.bantam.ch\/de\/produkt\/verdunklungssystem-fr-400-frontscheibe-ford-transit-v363\/#primaryimage"},"thumbnailUrl":"https:\/\/shop.bantam.ch\/wp-content\/uploads\/2023\/03\/9948694107.jpg","datePublished":"2023-03-01T00:45:58+00:00","dateModified":"2026-04-17T19:55:04+00:00","breadcrumb":{"@id":"https:\/\/shop.bantam.ch\/de\/produkt\/verdunklungssystem-fr-400-frontscheibe-ford-transit-v363\/#breadcrumb"},"inLanguage":"de","potentialAction":[{"@type":"ReadAction","target":["https:\/\/shop.bantam.ch\/de\/produkt\/verdunklungssystem-fr-400-frontscheibe-ford-transit-v363\/"]}]},{"@type":"ImageObject","inLanguage":"de","@id":"https:\/\/shop.bantam.ch\/de\/produkt\/verdunklungssystem-fr-400-frontscheibe-ford-transit-v363\/#primaryimage","url":"https:\/\/shop.bantam.ch\/wp-content\/uploads\/2023\/03\/9948694107.jpg","contentUrl":"https:\/\/shop.bantam.ch\/wp-content\/uploads\/2023\/03\/9948694107.jpg","width":1000,"height":667},{"@type":"BreadcrumbList","@id":"https:\/\/shop.bantam.ch\/de\/produkt\/verdunklungssystem-fr-400-frontscheibe-ford-transit-v363\/#breadcrumb","itemListElement":[{"@type":"ListItem","position":1,"name":"Accueil","item":"https:\/\/shop.bantam.ch\/de\/"},{"@type":"ListItem","position":2,"name":"Shop","item":"https:\/\/shop.bantam.ch\/de\/shop\/"},{"@type":"ListItem","position":3,"name":"Verdunklungssystem DOMETIC FR 400 Frontscheibe Ford Transit V363"}]},{"@type":"WebSite","@id":"https:\/\/shop.bantam.ch\/de\/#website","url":"https:\/\/shop.bantam.ch\/de\/","name":"Bantam Camping AG","description":"","publisher":{"@id":"https:\/\/shop.bantam.ch\/de\/#organization"},"inLanguage":"de"},{"@type":"Organization","@id":"https:\/\/shop.bantam.ch\/de\/#organization","name":"Bantam Camping AG","url":"https:\/\/shop.bantam.ch\/de\/","logo":{"@type":"ImageObject","inLanguage":"de","@id":"https:\/\/shop.bantam.ch\/de\/#\/schema\/logo\/image\/","url":"https:\/\/shop.bantam.ch\/wp-content\/uploads\/2022\/12\/bantam-logo.png","contentUrl":"https:\/\/shop.bantam.ch\/wp-content\/uploads\/2022\/12\/bantam-logo.png","width":320,"height":71,"caption":"Bantam Camping AG"},"image":{"@id":"https:\/\/shop.bantam.ch\/de\/#\/schema\/logo\/image\/"}}]}},"_links":{"self":[{"href":"https:\/\/shop.bantam.ch\/de\/wp-json\/wp\/v2\/product\/129041","targetHints":{"allow":["GET"]}}],"collection":[{"href":"https:\/\/shop.bantam.ch\/de\/wp-json\/wp\/v2\/product"}],"about":[{"href":"https:\/\/shop.bantam.ch\/de\/wp-json\/wp\/v2\/types\/product"}],"wp:featuredmedia":[{"embeddable":true,"href":"https:\/\/shop.bantam.ch\/de\/wp-json\/wp\/v2\/media\/129025"}],"wp:attachment":[{"href":"https:\/\/shop.bantam.ch\/de\/wp-json\/wp\/v2\/media?parent=129041"}],"wp:term":[{"taxonomy":"product_featured_cat","embeddable":true,"href":"https:\/\/shop.bantam.ch\/de\/wp-json\/wp\/v2\/product_featured_cat?post=129041"},{"taxonomy":"product_brand","embeddable":true,"href":"https:\/\/shop.bantam.ch\/de\/wp-json\/wp\/v2\/product_brand?post=129041"},{"taxonomy":"product_cat","embeddable":true,"href":"https:\/\/shop.bantam.ch\/de\/wp-json\/wp\/v2\/product_cat?post=129041"},{"taxonomy":"product_tag","embeddable":true,"href":"https:\/\/shop.bantam.ch\/de\/wp-json\/wp\/v2\/product_tag?post=129041"}],"curies":[{"name":"wp","href":"https:\/\/api.w.org\/{rel}","templated":true}]}}