{"id":128579,"date":"2023-03-01T01:38:25","date_gmt":"2023-03-01T00:38:25","guid":{"rendered":"https:\/\/shop.bantam.ch\/produit\/leichtmetallfelge-cw6-65-x-16-zoll-mistral-anthracite-polished-glossy\/"},"modified":"2026-04-21T21:55:51","modified_gmt":"2026-04-21T19:55:51","slug":"leichtmetallfelge-cw6-65-x-16-zoll-mistral-anthracite-polished-glossy","status":"publish","type":"product","link":"https:\/\/shop.bantam.ch\/de\/produkt\/leichtmetallfelge-cw6-65-x-16-zoll-mistral-anthracite-polished-glossy\/","title":{"rendered":"Leichtmetallfelge BORBET CW6 6,5  x 16 Zoll mistral anthracite polished glossy"},"content":{"rendered":"<p>Leichtmetallr\u00e4der von Borbet mit mehr Traglast auch f\u00fcr Ihren Camper Van verleihen dem Fahrzeug einen individuellen Style und bieten kompromisslose Zuverl\u00e4ssigkeit. Lieferung mit ECE &#8211; Gutachten, Radschrauben und Zentrierring soweit modellspezifisch gefordert.<br \/>Die Felgen sind fahrzeugspezifisch eingeteilt und besitzen auch entsprechende Gutachten f\u00fcr deren Betrieb. Je nach Fahrzeugausf\u00fchrung und Ausbaustufe kann es jedoch vorkommen dass im Gutachten die E-Zulassungsnummer abweicht und daher f\u00fcr den Betrieb der Felgen Einzelabnahmen durch T\u00dcV, DEKRA o.\u00e4. erforderlich sind.<\/p>\n<ul>\n<li>Mercedes Sprinter, VW Crafter<\/li>\n<li>Felgengr\u00f6\u00dfe: 6.5 x 16&#8243;<\/li>\n<li>Traglast: 1.350 kg<\/li>\n<\/ul>\n","protected":false},"excerpt":{"rendered":"<p>Leichtmetallr\u00e4der von Borbet mit mehr Traglast auch f\u00fcr Ihren Camper Van verleihen dem Fahrzeug einen individuellen Style und bieten kompromisslose Zuverl\u00e4ssigkeit. Lieferung mit ECE &#8211; Gutachten, Radschrauben und Zentrierring soweit modellspezifisch gefordert.Die Felgen sind fahrzeugspezifisch eingeteilt und besitzen auch entsprechende Gutachten f\u00fcr deren Betrieb. Je nach Fahrzeugausf\u00fchrung und Ausbaustufe kann es jedoch vorkommen dass im [&hellip;]<\/p>\n","protected":false},"featured_media":128577,"template":"","meta":{"_acf_changed":false},"product_featured_cat":[],"product_brand":[3455],"product_cat":[4810],"product_tag":[],"class_list":{"0":"post-128579","1":"product","2":"type-product","3":"status-publish","4":"has-post-thumbnail","6":"product_brand-borbet-de","7":"product_cat-raeder-felgen","9":"first","10":"instock","11":"taxable","12":"shipping-taxable","13":"purchasable","14":"product-type-simple"},"acf":[],"yoast_head":"<!-- This site is optimized with the Yoast SEO plugin v27.4 - https:\/\/yoast.com\/product\/yoast-seo-wordpress\/ -->\n<title>Leichtmetallfelge BORBET CW6 6,5 x 16 Zoll mistral anthracite polished glossy - Bantam Camping AG<\/title>\n<meta name=\"robots\" content=\"index, follow, max-snippet:-1, max-image-preview:large, max-video-preview:-1\" \/>\n<link rel=\"canonical\" href=\"https:\/\/shop.bantam.ch\/de\/produkt\/leichtmetallfelge-cw6-65-x-16-zoll-mistral-anthracite-polished-glossy\/\" \/>\n<meta property=\"og:locale\" content=\"de_DE\" \/>\n<meta property=\"og:type\" content=\"article\" \/>\n<meta property=\"og:title\" content=\"Leichtmetallfelge BORBET CW6 6,5 x 16 Zoll mistral anthracite polished glossy - Bantam Camping AG\" \/>\n<meta property=\"og:description\" content=\"Leichtmetallr\u00e4der von Borbet mit mehr Traglast auch f\u00fcr Ihren Camper Van verleihen dem Fahrzeug einen individuellen Style und bieten kompromisslose Zuverl\u00e4ssigkeit. Lieferung mit ECE &#8211; Gutachten, Radschrauben und Zentrierring soweit modellspezifisch gefordert.Die Felgen sind fahrzeugspezifisch eingeteilt und besitzen auch entsprechende Gutachten f\u00fcr deren Betrieb. Je nach Fahrzeugausf\u00fchrung und Ausbaustufe kann es jedoch vorkommen dass im [&hellip;]\" \/>\n<meta property=\"og:url\" content=\"https:\/\/shop.bantam.ch\/de\/produkt\/leichtmetallfelge-cw6-65-x-16-zoll-mistral-anthracite-polished-glossy\/\" \/>\n<meta property=\"og:site_name\" content=\"Bantam Camping AG\" \/>\n<meta property=\"article:modified_time\" content=\"2026-04-21T19:55:51+00:00\" \/>\n<meta property=\"og:image\" content=\"https:\/\/shop.bantam.ch\/wp-content\/uploads\/2023\/03\/9948645100.jpg\" \/>\n\t<meta property=\"og:image:width\" content=\"1000\" \/>\n\t<meta property=\"og:image:height\" content=\"972\" \/>\n\t<meta property=\"og:image:type\" content=\"image\/jpeg\" \/>\n<meta name=\"twitter:card\" content=\"summary_large_image\" \/>\n<script type=\"application\/ld+json\" class=\"yoast-schema-graph\">{\"@context\":\"https:\\\/\\\/schema.org\",\"@graph\":[{\"@type\":\"WebPage\",\"@id\":\"https:\\\/\\\/shop.bantam.ch\\\/de\\\/produkt\\\/leichtmetallfelge-cw6-65-x-16-zoll-mistral-anthracite-polished-glossy\\\/\",\"url\":\"https:\\\/\\\/shop.bantam.ch\\\/de\\\/produkt\\\/leichtmetallfelge-cw6-65-x-16-zoll-mistral-anthracite-polished-glossy\\\/\",\"name\":\"Leichtmetallfelge BORBET CW6 6,5 x 16 Zoll mistral anthracite polished glossy - Bantam Camping AG\",\"isPartOf\":{\"@id\":\"https:\\\/\\\/shop.bantam.ch\\\/de\\\/#website\"},\"primaryImageOfPage\":{\"@id\":\"https:\\\/\\\/shop.bantam.ch\\\/de\\\/produkt\\\/leichtmetallfelge-cw6-65-x-16-zoll-mistral-anthracite-polished-glossy\\\/#primaryimage\"},\"image\":{\"@id\":\"https:\\\/\\\/shop.bantam.ch\\\/de\\\/produkt\\\/leichtmetallfelge-cw6-65-x-16-zoll-mistral-anthracite-polished-glossy\\\/#primaryimage\"},\"thumbnailUrl\":\"https:\\\/\\\/shop.bantam.ch\\\/wp-content\\\/uploads\\\/2023\\\/03\\\/9948645100.jpg\",\"datePublished\":\"2023-03-01T00:38:25+00:00\",\"dateModified\":\"2026-04-21T19:55:51+00:00\",\"breadcrumb\":{\"@id\":\"https:\\\/\\\/shop.bantam.ch\\\/de\\\/produkt\\\/leichtmetallfelge-cw6-65-x-16-zoll-mistral-anthracite-polished-glossy\\\/#breadcrumb\"},\"inLanguage\":\"de\",\"potentialAction\":[{\"@type\":\"ReadAction\",\"target\":[\"https:\\\/\\\/shop.bantam.ch\\\/de\\\/produkt\\\/leichtmetallfelge-cw6-65-x-16-zoll-mistral-anthracite-polished-glossy\\\/\"]}]},{\"@type\":\"ImageObject\",\"inLanguage\":\"de\",\"@id\":\"https:\\\/\\\/shop.bantam.ch\\\/de\\\/produkt\\\/leichtmetallfelge-cw6-65-x-16-zoll-mistral-anthracite-polished-glossy\\\/#primaryimage\",\"url\":\"https:\\\/\\\/shop.bantam.ch\\\/wp-content\\\/uploads\\\/2023\\\/03\\\/9948645100.jpg\",\"contentUrl\":\"https:\\\/\\\/shop.bantam.ch\\\/wp-content\\\/uploads\\\/2023\\\/03\\\/9948645100.jpg\",\"width\":1000,\"height\":972},{\"@type\":\"BreadcrumbList\",\"@id\":\"https:\\\/\\\/shop.bantam.ch\\\/de\\\/produkt\\\/leichtmetallfelge-cw6-65-x-16-zoll-mistral-anthracite-polished-glossy\\\/#breadcrumb\",\"itemListElement\":[{\"@type\":\"ListItem\",\"position\":1,\"name\":\"Accueil\",\"item\":\"https:\\\/\\\/shop.bantam.ch\\\/de\\\/\"},{\"@type\":\"ListItem\",\"position\":2,\"name\":\"Shop\",\"item\":\"https:\\\/\\\/shop.bantam.ch\\\/de\\\/shop\\\/\"},{\"@type\":\"ListItem\",\"position\":3,\"name\":\"Leichtmetallfelge BORBET CW6 6,5 x 16 Zoll mistral anthracite polished glossy\"}]},{\"@type\":\"WebSite\",\"@id\":\"https:\\\/\\\/shop.bantam.ch\\\/de\\\/#website\",\"url\":\"https:\\\/\\\/shop.bantam.ch\\\/de\\\/\",\"name\":\"Bantam Camping AG\",\"description\":\"\",\"publisher\":{\"@id\":\"https:\\\/\\\/shop.bantam.ch\\\/de\\\/#organization\"},\"inLanguage\":\"de\"},{\"@type\":\"Organization\",\"@id\":\"https:\\\/\\\/shop.bantam.ch\\\/de\\\/#organization\",\"name\":\"Bantam Camping AG\",\"url\":\"https:\\\/\\\/shop.bantam.ch\\\/de\\\/\",\"logo\":{\"@type\":\"ImageObject\",\"inLanguage\":\"de\",\"@id\":\"https:\\\/\\\/shop.bantam.ch\\\/de\\\/#\\\/schema\\\/logo\\\/image\\\/\",\"url\":\"https:\\\/\\\/shop.bantam.ch\\\/wp-content\\\/uploads\\\/2022\\\/12\\\/bantam-logo.png\",\"contentUrl\":\"https:\\\/\\\/shop.bantam.ch\\\/wp-content\\\/uploads\\\/2022\\\/12\\\/bantam-logo.png\",\"width\":320,\"height\":71,\"caption\":\"Bantam Camping AG\"},\"image\":{\"@id\":\"https:\\\/\\\/shop.bantam.ch\\\/de\\\/#\\\/schema\\\/logo\\\/image\\\/\"}}]}<\/script>\n<!-- \/ Yoast SEO plugin. -->","yoast_head_json":{"title":"Leichtmetallfelge BORBET CW6 6,5 x 16 Zoll mistral anthracite polished glossy - Bantam Camping AG","robots":{"index":"index","follow":"follow","max-snippet":"max-snippet:-1","max-image-preview":"max-image-preview:large","max-video-preview":"max-video-preview:-1"},"canonical":"https:\/\/shop.bantam.ch\/de\/produkt\/leichtmetallfelge-cw6-65-x-16-zoll-mistral-anthracite-polished-glossy\/","og_locale":"de_DE","og_type":"article","og_title":"Leichtmetallfelge BORBET CW6 6,5 x 16 Zoll mistral anthracite polished glossy - Bantam Camping AG","og_description":"Leichtmetallr\u00e4der von Borbet mit mehr Traglast auch f\u00fcr Ihren Camper Van verleihen dem Fahrzeug einen individuellen Style und bieten kompromisslose Zuverl\u00e4ssigkeit. Lieferung mit ECE &#8211; Gutachten, Radschrauben und Zentrierring soweit modellspezifisch gefordert.Die Felgen sind fahrzeugspezifisch eingeteilt und besitzen auch entsprechende Gutachten f\u00fcr deren Betrieb. Je nach Fahrzeugausf\u00fchrung und Ausbaustufe kann es jedoch vorkommen dass im [&hellip;]","og_url":"https:\/\/shop.bantam.ch\/de\/produkt\/leichtmetallfelge-cw6-65-x-16-zoll-mistral-anthracite-polished-glossy\/","og_site_name":"Bantam Camping AG","article_modified_time":"2026-04-21T19:55:51+00:00","og_image":[{"width":1000,"height":972,"url":"https:\/\/shop.bantam.ch\/wp-content\/uploads\/2023\/03\/9948645100.jpg","type":"image\/jpeg"}],"twitter_card":"summary_large_image","schema":{"@context":"https:\/\/schema.org","@graph":[{"@type":"WebPage","@id":"https:\/\/shop.bantam.ch\/de\/produkt\/leichtmetallfelge-cw6-65-x-16-zoll-mistral-anthracite-polished-glossy\/","url":"https:\/\/shop.bantam.ch\/de\/produkt\/leichtmetallfelge-cw6-65-x-16-zoll-mistral-anthracite-polished-glossy\/","name":"Leichtmetallfelge BORBET CW6 6,5 x 16 Zoll mistral anthracite polished glossy - Bantam Camping AG","isPartOf":{"@id":"https:\/\/shop.bantam.ch\/de\/#website"},"primaryImageOfPage":{"@id":"https:\/\/shop.bantam.ch\/de\/produkt\/leichtmetallfelge-cw6-65-x-16-zoll-mistral-anthracite-polished-glossy\/#primaryimage"},"image":{"@id":"https:\/\/shop.bantam.ch\/de\/produkt\/leichtmetallfelge-cw6-65-x-16-zoll-mistral-anthracite-polished-glossy\/#primaryimage"},"thumbnailUrl":"https:\/\/shop.bantam.ch\/wp-content\/uploads\/2023\/03\/9948645100.jpg","datePublished":"2023-03-01T00:38:25+00:00","dateModified":"2026-04-21T19:55:51+00:00","breadcrumb":{"@id":"https:\/\/shop.bantam.ch\/de\/produkt\/leichtmetallfelge-cw6-65-x-16-zoll-mistral-anthracite-polished-glossy\/#breadcrumb"},"inLanguage":"de","potentialAction":[{"@type":"ReadAction","target":["https:\/\/shop.bantam.ch\/de\/produkt\/leichtmetallfelge-cw6-65-x-16-zoll-mistral-anthracite-polished-glossy\/"]}]},{"@type":"ImageObject","inLanguage":"de","@id":"https:\/\/shop.bantam.ch\/de\/produkt\/leichtmetallfelge-cw6-65-x-16-zoll-mistral-anthracite-polished-glossy\/#primaryimage","url":"https:\/\/shop.bantam.ch\/wp-content\/uploads\/2023\/03\/9948645100.jpg","contentUrl":"https:\/\/shop.bantam.ch\/wp-content\/uploads\/2023\/03\/9948645100.jpg","width":1000,"height":972},{"@type":"BreadcrumbList","@id":"https:\/\/shop.bantam.ch\/de\/produkt\/leichtmetallfelge-cw6-65-x-16-zoll-mistral-anthracite-polished-glossy\/#breadcrumb","itemListElement":[{"@type":"ListItem","position":1,"name":"Accueil","item":"https:\/\/shop.bantam.ch\/de\/"},{"@type":"ListItem","position":2,"name":"Shop","item":"https:\/\/shop.bantam.ch\/de\/shop\/"},{"@type":"ListItem","position":3,"name":"Leichtmetallfelge BORBET CW6 6,5 x 16 Zoll mistral anthracite polished glossy"}]},{"@type":"WebSite","@id":"https:\/\/shop.bantam.ch\/de\/#website","url":"https:\/\/shop.bantam.ch\/de\/","name":"Bantam Camping AG","description":"","publisher":{"@id":"https:\/\/shop.bantam.ch\/de\/#organization"},"inLanguage":"de"},{"@type":"Organization","@id":"https:\/\/shop.bantam.ch\/de\/#organization","name":"Bantam Camping AG","url":"https:\/\/shop.bantam.ch\/de\/","logo":{"@type":"ImageObject","inLanguage":"de","@id":"https:\/\/shop.bantam.ch\/de\/#\/schema\/logo\/image\/","url":"https:\/\/shop.bantam.ch\/wp-content\/uploads\/2022\/12\/bantam-logo.png","contentUrl":"https:\/\/shop.bantam.ch\/wp-content\/uploads\/2022\/12\/bantam-logo.png","width":320,"height":71,"caption":"Bantam Camping AG"},"image":{"@id":"https:\/\/shop.bantam.ch\/de\/#\/schema\/logo\/image\/"}}]}},"_links":{"self":[{"href":"https:\/\/shop.bantam.ch\/de\/wp-json\/wp\/v2\/product\/128579","targetHints":{"allow":["GET"]}}],"collection":[{"href":"https:\/\/shop.bantam.ch\/de\/wp-json\/wp\/v2\/product"}],"about":[{"href":"https:\/\/shop.bantam.ch\/de\/wp-json\/wp\/v2\/types\/product"}],"wp:featuredmedia":[{"embeddable":true,"href":"https:\/\/shop.bantam.ch\/de\/wp-json\/wp\/v2\/media\/128577"}],"wp:attachment":[{"href":"https:\/\/shop.bantam.ch\/de\/wp-json\/wp\/v2\/media?parent=128579"}],"wp:term":[{"taxonomy":"product_featured_cat","embeddable":true,"href":"https:\/\/shop.bantam.ch\/de\/wp-json\/wp\/v2\/product_featured_cat?post=128579"},{"taxonomy":"product_brand","embeddable":true,"href":"https:\/\/shop.bantam.ch\/de\/wp-json\/wp\/v2\/product_brand?post=128579"},{"taxonomy":"product_cat","embeddable":true,"href":"https:\/\/shop.bantam.ch\/de\/wp-json\/wp\/v2\/product_cat?post=128579"},{"taxonomy":"product_tag","embeddable":true,"href":"https:\/\/shop.bantam.ch\/de\/wp-json\/wp\/v2\/product_tag?post=128579"}],"curies":[{"name":"wp","href":"https:\/\/api.w.org\/{rel}","templated":true}]}}