{"id":128519,"date":"2023-03-01T01:37:09","date_gmt":"2023-03-01T00:37:09","guid":{"rendered":"https:\/\/shop.bantam.ch\/produit\/feuerpfanne-gusseisen-2-griffe-niedriger-rand-durchm-35-cm\/"},"modified":"2026-04-20T21:56:09","modified_gmt":"2026-04-20T19:56:09","slug":"feuerpfanne-gusseisen-2-griffe-niedriger-rand-durchm-35-cm","status":"publish","type":"product","link":"https:\/\/shop.bantam.ch\/de\/produkt\/feuerpfanne-gusseisen-2-griffe-niedriger-rand-durchm-35-cm\/","title":{"rendered":"Feuerpfanne VALHAL OUTDOOR Gusseisen 2 Griffe, niedriger Rand, Durchm. 35 cm"},"content":{"rendered":"<p>Die Valhal Outdoor Feuerpfanne ist eine \u201eflache\u201c Pfanne, so dass sie auch problemlos als Plancha verwendet werden kann. Der Rand der Pfanne ist niedrig, gemessen von innen nur 2,5 cm. Genau wie die anderen Valhal Outdoor Skillets ist der VH35F vollst\u00e4ndig aus Gusseisen gefertigt, perfekt f\u00fcr den Einsatz an allen W\u00e4rmequellen. Benutzen Sie ihn drinnen, oder benutzen Sie ihn im Freien. Nat\u00fcrlich weist diese niedrige Pfanne auch die charakteristischen Designelemente auf, wie zum Beispiel das Logo am Boden der Pfanne.<span><br \/><\/span><\/p>\n","protected":false},"excerpt":{"rendered":"<p>Die Valhal Outdoor Feuerpfanne ist eine \u201eflache\u201c Pfanne, so dass sie auch problemlos als Plancha verwendet werden kann. Der Rand der Pfanne ist niedrig, gemessen von innen nur 2,5 cm. Genau wie die anderen Valhal Outdoor Skillets ist der VH35F vollst\u00e4ndig aus Gusseisen gefertigt, perfekt f\u00fcr den Einsatz an allen W\u00e4rmequellen. Benutzen Sie ihn drinnen, [&hellip;]<\/p>\n","protected":false},"featured_media":128517,"template":"","meta":{"_acf_changed":false},"product_featured_cat":[],"product_brand":[3655],"product_cat":[4264],"product_tag":[],"class_list":{"0":"post-128519","1":"product","2":"type-product","3":"status-publish","4":"has-post-thumbnail","6":"product_brand-valhal-outdoor-de","7":"product_cat-gusspfannen-toepfe","9":"first","10":"instock","11":"taxable","12":"shipping-taxable","13":"purchasable","14":"product-type-simple"},"acf":[],"yoast_head":"<!-- This site is optimized with the Yoast SEO plugin v27.4 - https:\/\/yoast.com\/product\/yoast-seo-wordpress\/ -->\n<title>Feuerpfanne VALHAL OUTDOOR Gusseisen 2 Griffe, niedriger Rand, Durchm. 35 cm - Bantam Camping AG<\/title>\n<meta name=\"robots\" content=\"index, follow, max-snippet:-1, max-image-preview:large, max-video-preview:-1\" \/>\n<link rel=\"canonical\" href=\"https:\/\/shop.bantam.ch\/de\/produkt\/feuerpfanne-gusseisen-2-griffe-niedriger-rand-durchm-35-cm\/\" \/>\n<meta property=\"og:locale\" content=\"de_DE\" \/>\n<meta property=\"og:type\" content=\"article\" \/>\n<meta property=\"og:title\" content=\"Feuerpfanne VALHAL OUTDOOR Gusseisen 2 Griffe, niedriger Rand, Durchm. 35 cm - Bantam Camping AG\" \/>\n<meta property=\"og:description\" content=\"Die Valhal Outdoor Feuerpfanne ist eine \u201eflache\u201c Pfanne, so dass sie auch problemlos als Plancha verwendet werden kann. Der Rand der Pfanne ist niedrig, gemessen von innen nur 2,5 cm. Genau wie die anderen Valhal Outdoor Skillets ist der VH35F vollst\u00e4ndig aus Gusseisen gefertigt, perfekt f\u00fcr den Einsatz an allen W\u00e4rmequellen. Benutzen Sie ihn drinnen, [&hellip;]\" \/>\n<meta property=\"og:url\" content=\"https:\/\/shop.bantam.ch\/de\/produkt\/feuerpfanne-gusseisen-2-griffe-niedriger-rand-durchm-35-cm\/\" \/>\n<meta property=\"og:site_name\" content=\"Bantam Camping AG\" \/>\n<meta property=\"article:modified_time\" content=\"2026-04-20T19:56:09+00:00\" \/>\n<meta property=\"og:image\" content=\"https:\/\/shop.bantam.ch\/wp-content\/uploads\/2023\/03\/9957815100.jpg\" \/>\n\t<meta property=\"og:image:width\" content=\"1000\" \/>\n\t<meta property=\"og:image:height\" content=\"406\" \/>\n\t<meta property=\"og:image:type\" content=\"image\/jpeg\" \/>\n<meta name=\"twitter:card\" content=\"summary_large_image\" \/>\n<script type=\"application\/ld+json\" class=\"yoast-schema-graph\">{\"@context\":\"https:\\\/\\\/schema.org\",\"@graph\":[{\"@type\":\"WebPage\",\"@id\":\"https:\\\/\\\/shop.bantam.ch\\\/de\\\/produkt\\\/feuerpfanne-gusseisen-2-griffe-niedriger-rand-durchm-35-cm\\\/\",\"url\":\"https:\\\/\\\/shop.bantam.ch\\\/de\\\/produkt\\\/feuerpfanne-gusseisen-2-griffe-niedriger-rand-durchm-35-cm\\\/\",\"name\":\"Feuerpfanne VALHAL OUTDOOR Gusseisen 2 Griffe, niedriger Rand, Durchm. 35 cm - Bantam Camping AG\",\"isPartOf\":{\"@id\":\"https:\\\/\\\/shop.bantam.ch\\\/de\\\/#website\"},\"primaryImageOfPage\":{\"@id\":\"https:\\\/\\\/shop.bantam.ch\\\/de\\\/produkt\\\/feuerpfanne-gusseisen-2-griffe-niedriger-rand-durchm-35-cm\\\/#primaryimage\"},\"image\":{\"@id\":\"https:\\\/\\\/shop.bantam.ch\\\/de\\\/produkt\\\/feuerpfanne-gusseisen-2-griffe-niedriger-rand-durchm-35-cm\\\/#primaryimage\"},\"thumbnailUrl\":\"https:\\\/\\\/shop.bantam.ch\\\/wp-content\\\/uploads\\\/2023\\\/03\\\/9957815100.jpg\",\"datePublished\":\"2023-03-01T00:37:09+00:00\",\"dateModified\":\"2026-04-20T19:56:09+00:00\",\"breadcrumb\":{\"@id\":\"https:\\\/\\\/shop.bantam.ch\\\/de\\\/produkt\\\/feuerpfanne-gusseisen-2-griffe-niedriger-rand-durchm-35-cm\\\/#breadcrumb\"},\"inLanguage\":\"de\",\"potentialAction\":[{\"@type\":\"ReadAction\",\"target\":[\"https:\\\/\\\/shop.bantam.ch\\\/de\\\/produkt\\\/feuerpfanne-gusseisen-2-griffe-niedriger-rand-durchm-35-cm\\\/\"]}]},{\"@type\":\"ImageObject\",\"inLanguage\":\"de\",\"@id\":\"https:\\\/\\\/shop.bantam.ch\\\/de\\\/produkt\\\/feuerpfanne-gusseisen-2-griffe-niedriger-rand-durchm-35-cm\\\/#primaryimage\",\"url\":\"https:\\\/\\\/shop.bantam.ch\\\/wp-content\\\/uploads\\\/2023\\\/03\\\/9957815100.jpg\",\"contentUrl\":\"https:\\\/\\\/shop.bantam.ch\\\/wp-content\\\/uploads\\\/2023\\\/03\\\/9957815100.jpg\",\"width\":1000,\"height\":406},{\"@type\":\"BreadcrumbList\",\"@id\":\"https:\\\/\\\/shop.bantam.ch\\\/de\\\/produkt\\\/feuerpfanne-gusseisen-2-griffe-niedriger-rand-durchm-35-cm\\\/#breadcrumb\",\"itemListElement\":[{\"@type\":\"ListItem\",\"position\":1,\"name\":\"Accueil\",\"item\":\"https:\\\/\\\/shop.bantam.ch\\\/de\\\/\"},{\"@type\":\"ListItem\",\"position\":2,\"name\":\"Shop\",\"item\":\"https:\\\/\\\/shop.bantam.ch\\\/de\\\/shop\\\/\"},{\"@type\":\"ListItem\",\"position\":3,\"name\":\"Feuerpfanne VALHAL OUTDOOR Gusseisen 2 Griffe, niedriger Rand, Durchm. 35 cm\"}]},{\"@type\":\"WebSite\",\"@id\":\"https:\\\/\\\/shop.bantam.ch\\\/de\\\/#website\",\"url\":\"https:\\\/\\\/shop.bantam.ch\\\/de\\\/\",\"name\":\"Bantam Camping AG\",\"description\":\"\",\"publisher\":{\"@id\":\"https:\\\/\\\/shop.bantam.ch\\\/de\\\/#organization\"},\"inLanguage\":\"de\"},{\"@type\":\"Organization\",\"@id\":\"https:\\\/\\\/shop.bantam.ch\\\/de\\\/#organization\",\"name\":\"Bantam Camping AG\",\"url\":\"https:\\\/\\\/shop.bantam.ch\\\/de\\\/\",\"logo\":{\"@type\":\"ImageObject\",\"inLanguage\":\"de\",\"@id\":\"https:\\\/\\\/shop.bantam.ch\\\/de\\\/#\\\/schema\\\/logo\\\/image\\\/\",\"url\":\"https:\\\/\\\/shop.bantam.ch\\\/wp-content\\\/uploads\\\/2022\\\/12\\\/bantam-logo.png\",\"contentUrl\":\"https:\\\/\\\/shop.bantam.ch\\\/wp-content\\\/uploads\\\/2022\\\/12\\\/bantam-logo.png\",\"width\":320,\"height\":71,\"caption\":\"Bantam Camping AG\"},\"image\":{\"@id\":\"https:\\\/\\\/shop.bantam.ch\\\/de\\\/#\\\/schema\\\/logo\\\/image\\\/\"}}]}<\/script>\n<!-- \/ Yoast SEO plugin. -->","yoast_head_json":{"title":"Feuerpfanne VALHAL OUTDOOR Gusseisen 2 Griffe, niedriger Rand, Durchm. 35 cm - Bantam Camping AG","robots":{"index":"index","follow":"follow","max-snippet":"max-snippet:-1","max-image-preview":"max-image-preview:large","max-video-preview":"max-video-preview:-1"},"canonical":"https:\/\/shop.bantam.ch\/de\/produkt\/feuerpfanne-gusseisen-2-griffe-niedriger-rand-durchm-35-cm\/","og_locale":"de_DE","og_type":"article","og_title":"Feuerpfanne VALHAL OUTDOOR Gusseisen 2 Griffe, niedriger Rand, Durchm. 35 cm - Bantam Camping AG","og_description":"Die Valhal Outdoor Feuerpfanne ist eine \u201eflache\u201c Pfanne, so dass sie auch problemlos als Plancha verwendet werden kann. Der Rand der Pfanne ist niedrig, gemessen von innen nur 2,5 cm. Genau wie die anderen Valhal Outdoor Skillets ist der VH35F vollst\u00e4ndig aus Gusseisen gefertigt, perfekt f\u00fcr den Einsatz an allen W\u00e4rmequellen. Benutzen Sie ihn drinnen, [&hellip;]","og_url":"https:\/\/shop.bantam.ch\/de\/produkt\/feuerpfanne-gusseisen-2-griffe-niedriger-rand-durchm-35-cm\/","og_site_name":"Bantam Camping AG","article_modified_time":"2026-04-20T19:56:09+00:00","og_image":[{"width":1000,"height":406,"url":"https:\/\/shop.bantam.ch\/wp-content\/uploads\/2023\/03\/9957815100.jpg","type":"image\/jpeg"}],"twitter_card":"summary_large_image","schema":{"@context":"https:\/\/schema.org","@graph":[{"@type":"WebPage","@id":"https:\/\/shop.bantam.ch\/de\/produkt\/feuerpfanne-gusseisen-2-griffe-niedriger-rand-durchm-35-cm\/","url":"https:\/\/shop.bantam.ch\/de\/produkt\/feuerpfanne-gusseisen-2-griffe-niedriger-rand-durchm-35-cm\/","name":"Feuerpfanne VALHAL OUTDOOR Gusseisen 2 Griffe, niedriger Rand, Durchm. 35 cm - Bantam Camping AG","isPartOf":{"@id":"https:\/\/shop.bantam.ch\/de\/#website"},"primaryImageOfPage":{"@id":"https:\/\/shop.bantam.ch\/de\/produkt\/feuerpfanne-gusseisen-2-griffe-niedriger-rand-durchm-35-cm\/#primaryimage"},"image":{"@id":"https:\/\/shop.bantam.ch\/de\/produkt\/feuerpfanne-gusseisen-2-griffe-niedriger-rand-durchm-35-cm\/#primaryimage"},"thumbnailUrl":"https:\/\/shop.bantam.ch\/wp-content\/uploads\/2023\/03\/9957815100.jpg","datePublished":"2023-03-01T00:37:09+00:00","dateModified":"2026-04-20T19:56:09+00:00","breadcrumb":{"@id":"https:\/\/shop.bantam.ch\/de\/produkt\/feuerpfanne-gusseisen-2-griffe-niedriger-rand-durchm-35-cm\/#breadcrumb"},"inLanguage":"de","potentialAction":[{"@type":"ReadAction","target":["https:\/\/shop.bantam.ch\/de\/produkt\/feuerpfanne-gusseisen-2-griffe-niedriger-rand-durchm-35-cm\/"]}]},{"@type":"ImageObject","inLanguage":"de","@id":"https:\/\/shop.bantam.ch\/de\/produkt\/feuerpfanne-gusseisen-2-griffe-niedriger-rand-durchm-35-cm\/#primaryimage","url":"https:\/\/shop.bantam.ch\/wp-content\/uploads\/2023\/03\/9957815100.jpg","contentUrl":"https:\/\/shop.bantam.ch\/wp-content\/uploads\/2023\/03\/9957815100.jpg","width":1000,"height":406},{"@type":"BreadcrumbList","@id":"https:\/\/shop.bantam.ch\/de\/produkt\/feuerpfanne-gusseisen-2-griffe-niedriger-rand-durchm-35-cm\/#breadcrumb","itemListElement":[{"@type":"ListItem","position":1,"name":"Accueil","item":"https:\/\/shop.bantam.ch\/de\/"},{"@type":"ListItem","position":2,"name":"Shop","item":"https:\/\/shop.bantam.ch\/de\/shop\/"},{"@type":"ListItem","position":3,"name":"Feuerpfanne VALHAL OUTDOOR Gusseisen 2 Griffe, niedriger Rand, Durchm. 35 cm"}]},{"@type":"WebSite","@id":"https:\/\/shop.bantam.ch\/de\/#website","url":"https:\/\/shop.bantam.ch\/de\/","name":"Bantam Camping AG","description":"","publisher":{"@id":"https:\/\/shop.bantam.ch\/de\/#organization"},"inLanguage":"de"},{"@type":"Organization","@id":"https:\/\/shop.bantam.ch\/de\/#organization","name":"Bantam Camping AG","url":"https:\/\/shop.bantam.ch\/de\/","logo":{"@type":"ImageObject","inLanguage":"de","@id":"https:\/\/shop.bantam.ch\/de\/#\/schema\/logo\/image\/","url":"https:\/\/shop.bantam.ch\/wp-content\/uploads\/2022\/12\/bantam-logo.png","contentUrl":"https:\/\/shop.bantam.ch\/wp-content\/uploads\/2022\/12\/bantam-logo.png","width":320,"height":71,"caption":"Bantam Camping AG"},"image":{"@id":"https:\/\/shop.bantam.ch\/de\/#\/schema\/logo\/image\/"}}]}},"_links":{"self":[{"href":"https:\/\/shop.bantam.ch\/de\/wp-json\/wp\/v2\/product\/128519","targetHints":{"allow":["GET"]}}],"collection":[{"href":"https:\/\/shop.bantam.ch\/de\/wp-json\/wp\/v2\/product"}],"about":[{"href":"https:\/\/shop.bantam.ch\/de\/wp-json\/wp\/v2\/types\/product"}],"wp:featuredmedia":[{"embeddable":true,"href":"https:\/\/shop.bantam.ch\/de\/wp-json\/wp\/v2\/media\/128517"}],"wp:attachment":[{"href":"https:\/\/shop.bantam.ch\/de\/wp-json\/wp\/v2\/media?parent=128519"}],"wp:term":[{"taxonomy":"product_featured_cat","embeddable":true,"href":"https:\/\/shop.bantam.ch\/de\/wp-json\/wp\/v2\/product_featured_cat?post=128519"},{"taxonomy":"product_brand","embeddable":true,"href":"https:\/\/shop.bantam.ch\/de\/wp-json\/wp\/v2\/product_brand?post=128519"},{"taxonomy":"product_cat","embeddable":true,"href":"https:\/\/shop.bantam.ch\/de\/wp-json\/wp\/v2\/product_cat?post=128519"},{"taxonomy":"product_tag","embeddable":true,"href":"https:\/\/shop.bantam.ch\/de\/wp-json\/wp\/v2\/product_tag?post=128519"}],"curies":[{"name":"wp","href":"https:\/\/api.w.org\/{rel}","templated":true}]}}