{"id":128465,"date":"2023-03-01T01:35:54","date_gmt":"2023-03-01T00:35:54","guid":{"rendered":"https:\/\/shop.bantam.ch\/produit\/perkolator-emaille-17-l\/"},"modified":"2026-04-18T21:55:34","modified_gmt":"2026-04-18T19:55:34","slug":"perkolator-emaille-17-l","status":"publish","type":"product","link":"https:\/\/shop.bantam.ch\/de\/produkt\/perkolator-emaille-17-l\/","title":{"rendered":"Perkolator VALHAL OUTDOOR Emaille 1,7 l"},"content":{"rendered":"<p>Wenn Sie Kaffee mit einer Perkolator zubereiten, erhalten Sie den geschmackvollsten und aromatischsten Kaffee. Mit dem Perkolator von Valhal Outdoor k\u00f6nnen Sie den leckersten Kaffee zu Hause auf Ihrem Herd oder drau\u00dfen am Lagerfeuer zubereiten. Dank des gro\u00dfz\u00fcgigen Fassungsverm\u00f6gens von 1,7 l bereiten Sie ungef\u00e4hr 6 Tassen Kaffee gleichzeitig zu.<br \/>Der Perkolator ist mit einem gro\u00dfen Auslauf ausgestattet, der das Eingie\u00dfen etwas erleichtert. Der Perkolator von Valhal Outdoor hat auch einen gro\u00dfen Griff, sodass Sie ihn bequem mit Grillhandschuhen greifen oder auf ein Dreibein h\u00e4ngen k\u00f6nnen.Wenn Sie Kaffee mit einer Perkolator zubereiten, erhalten Sie den geschmackvollsten und aromatischsten Kaffee. Mit dem Perkolator von Valhal Outdoor k\u00f6nnen Sie den leckersten Kaffee zu Hause auf Ihrem Herd oder drau\u00dfen am Lagerfeuer zubereiten. Dank des gro\u00dfz\u00fcgigen Fassungsverm\u00f6gens von 1,7 l bereiten Sie ungef\u00e4hr 6 Tassen Kaffee gleichzeitig zu.\u00a0Der Perkolator ist mit einem gro\u00dfen Auslauf ausgestattet, der das Eingie\u00dfen etwas erleichtert. Der Perkolator von Valhal Outdoor hat auch einen gro\u00dfen Griff, sodass Sie ihn bequem mit Grillhandschuhen greifen oder auf ein Dreibein h\u00e4ngen k\u00f6nnen.<\/p>\n","protected":false},"excerpt":{"rendered":"<p>Wenn Sie Kaffee mit einer Perkolator zubereiten, erhalten Sie den geschmackvollsten und aromatischsten Kaffee. Mit dem Perkolator von Valhal Outdoor k\u00f6nnen Sie den leckersten Kaffee zu Hause auf Ihrem Herd oder drau\u00dfen am Lagerfeuer zubereiten. Dank des gro\u00dfz\u00fcgigen Fassungsverm\u00f6gens von 1,7 l bereiten Sie ungef\u00e4hr 6 Tassen Kaffee gleichzeitig zu.Der Perkolator ist mit einem gro\u00dfen [&hellip;]<\/p>\n","protected":false},"featured_media":128461,"template":"","meta":{"_acf_changed":false},"product_featured_cat":[],"product_brand":[3655],"product_cat":[4268],"product_tag":[],"class_list":{"0":"post-128465","1":"product","2":"type-product","3":"status-publish","4":"has-post-thumbnail","6":"product_brand-valhal-outdoor-de","7":"product_cat-wasserkessel","9":"first","10":"instock","11":"taxable","12":"shipping-taxable","13":"purchasable","14":"product-type-simple"},"acf":[],"yoast_head":"<!-- This site is optimized with the Yoast SEO plugin v27.4 - https:\/\/yoast.com\/product\/yoast-seo-wordpress\/ -->\n<title>Perkolator VALHAL OUTDOOR Emaille 1,7 l - Bantam Camping AG<\/title>\n<meta name=\"robots\" content=\"index, follow, max-snippet:-1, max-image-preview:large, max-video-preview:-1\" \/>\n<link rel=\"canonical\" href=\"https:\/\/shop.bantam.ch\/de\/produkt\/perkolator-emaille-17-l\/\" \/>\n<meta property=\"og:locale\" content=\"de_DE\" \/>\n<meta property=\"og:type\" content=\"article\" \/>\n<meta property=\"og:title\" content=\"Perkolator VALHAL OUTDOOR Emaille 1,7 l - Bantam Camping AG\" \/>\n<meta property=\"og:description\" content=\"Wenn Sie Kaffee mit einer Perkolator zubereiten, erhalten Sie den geschmackvollsten und aromatischsten Kaffee. Mit dem Perkolator von Valhal Outdoor k\u00f6nnen Sie den leckersten Kaffee zu Hause auf Ihrem Herd oder drau\u00dfen am Lagerfeuer zubereiten. Dank des gro\u00dfz\u00fcgigen Fassungsverm\u00f6gens von 1,7 l bereiten Sie ungef\u00e4hr 6 Tassen Kaffee gleichzeitig zu.Der Perkolator ist mit einem gro\u00dfen [&hellip;]\" \/>\n<meta property=\"og:url\" content=\"https:\/\/shop.bantam.ch\/de\/produkt\/perkolator-emaille-17-l\/\" \/>\n<meta property=\"og:site_name\" content=\"Bantam Camping AG\" \/>\n<meta property=\"article:modified_time\" content=\"2026-04-18T19:55:34+00:00\" \/>\n<meta property=\"og:image\" content=\"https:\/\/shop.bantam.ch\/wp-content\/uploads\/2023\/03\/9957809100.jpg\" \/>\n\t<meta property=\"og:image:width\" content=\"1000\" \/>\n\t<meta property=\"og:image:height\" content=\"1000\" \/>\n\t<meta property=\"og:image:type\" content=\"image\/jpeg\" \/>\n<meta name=\"twitter:card\" content=\"summary_large_image\" \/>\n<meta name=\"twitter:label1\" content=\"Gesch\u00e4tzte Lesezeit\" \/>\n\t<meta name=\"twitter:data1\" content=\"1\u00a0Minute\" \/>\n<script type=\"application\/ld+json\" class=\"yoast-schema-graph\">{\"@context\":\"https:\\\/\\\/schema.org\",\"@graph\":[{\"@type\":\"WebPage\",\"@id\":\"https:\\\/\\\/shop.bantam.ch\\\/de\\\/produkt\\\/perkolator-emaille-17-l\\\/\",\"url\":\"https:\\\/\\\/shop.bantam.ch\\\/de\\\/produkt\\\/perkolator-emaille-17-l\\\/\",\"name\":\"Perkolator VALHAL OUTDOOR Emaille 1,7 l - Bantam Camping AG\",\"isPartOf\":{\"@id\":\"https:\\\/\\\/shop.bantam.ch\\\/de\\\/#website\"},\"primaryImageOfPage\":{\"@id\":\"https:\\\/\\\/shop.bantam.ch\\\/de\\\/produkt\\\/perkolator-emaille-17-l\\\/#primaryimage\"},\"image\":{\"@id\":\"https:\\\/\\\/shop.bantam.ch\\\/de\\\/produkt\\\/perkolator-emaille-17-l\\\/#primaryimage\"},\"thumbnailUrl\":\"https:\\\/\\\/shop.bantam.ch\\\/wp-content\\\/uploads\\\/2023\\\/03\\\/9957809100.jpg\",\"datePublished\":\"2023-03-01T00:35:54+00:00\",\"dateModified\":\"2026-04-18T19:55:34+00:00\",\"breadcrumb\":{\"@id\":\"https:\\\/\\\/shop.bantam.ch\\\/de\\\/produkt\\\/perkolator-emaille-17-l\\\/#breadcrumb\"},\"inLanguage\":\"de\",\"potentialAction\":[{\"@type\":\"ReadAction\",\"target\":[\"https:\\\/\\\/shop.bantam.ch\\\/de\\\/produkt\\\/perkolator-emaille-17-l\\\/\"]}]},{\"@type\":\"ImageObject\",\"inLanguage\":\"de\",\"@id\":\"https:\\\/\\\/shop.bantam.ch\\\/de\\\/produkt\\\/perkolator-emaille-17-l\\\/#primaryimage\",\"url\":\"https:\\\/\\\/shop.bantam.ch\\\/wp-content\\\/uploads\\\/2023\\\/03\\\/9957809100.jpg\",\"contentUrl\":\"https:\\\/\\\/shop.bantam.ch\\\/wp-content\\\/uploads\\\/2023\\\/03\\\/9957809100.jpg\",\"width\":1000,\"height\":1000},{\"@type\":\"BreadcrumbList\",\"@id\":\"https:\\\/\\\/shop.bantam.ch\\\/de\\\/produkt\\\/perkolator-emaille-17-l\\\/#breadcrumb\",\"itemListElement\":[{\"@type\":\"ListItem\",\"position\":1,\"name\":\"Accueil\",\"item\":\"https:\\\/\\\/shop.bantam.ch\\\/de\\\/\"},{\"@type\":\"ListItem\",\"position\":2,\"name\":\"Shop\",\"item\":\"https:\\\/\\\/shop.bantam.ch\\\/de\\\/shop\\\/\"},{\"@type\":\"ListItem\",\"position\":3,\"name\":\"Perkolator VALHAL OUTDOOR Emaille 1,7 l\"}]},{\"@type\":\"WebSite\",\"@id\":\"https:\\\/\\\/shop.bantam.ch\\\/de\\\/#website\",\"url\":\"https:\\\/\\\/shop.bantam.ch\\\/de\\\/\",\"name\":\"Bantam Camping AG\",\"description\":\"\",\"publisher\":{\"@id\":\"https:\\\/\\\/shop.bantam.ch\\\/de\\\/#organization\"},\"inLanguage\":\"de\"},{\"@type\":\"Organization\",\"@id\":\"https:\\\/\\\/shop.bantam.ch\\\/de\\\/#organization\",\"name\":\"Bantam Camping AG\",\"url\":\"https:\\\/\\\/shop.bantam.ch\\\/de\\\/\",\"logo\":{\"@type\":\"ImageObject\",\"inLanguage\":\"de\",\"@id\":\"https:\\\/\\\/shop.bantam.ch\\\/de\\\/#\\\/schema\\\/logo\\\/image\\\/\",\"url\":\"https:\\\/\\\/shop.bantam.ch\\\/wp-content\\\/uploads\\\/2022\\\/12\\\/bantam-logo.png\",\"contentUrl\":\"https:\\\/\\\/shop.bantam.ch\\\/wp-content\\\/uploads\\\/2022\\\/12\\\/bantam-logo.png\",\"width\":320,\"height\":71,\"caption\":\"Bantam Camping AG\"},\"image\":{\"@id\":\"https:\\\/\\\/shop.bantam.ch\\\/de\\\/#\\\/schema\\\/logo\\\/image\\\/\"}}]}<\/script>\n<!-- \/ Yoast SEO plugin. -->","yoast_head_json":{"title":"Perkolator VALHAL OUTDOOR Emaille 1,7 l - Bantam Camping AG","robots":{"index":"index","follow":"follow","max-snippet":"max-snippet:-1","max-image-preview":"max-image-preview:large","max-video-preview":"max-video-preview:-1"},"canonical":"https:\/\/shop.bantam.ch\/de\/produkt\/perkolator-emaille-17-l\/","og_locale":"de_DE","og_type":"article","og_title":"Perkolator VALHAL OUTDOOR Emaille 1,7 l - Bantam Camping AG","og_description":"Wenn Sie Kaffee mit einer Perkolator zubereiten, erhalten Sie den geschmackvollsten und aromatischsten Kaffee. Mit dem Perkolator von Valhal Outdoor k\u00f6nnen Sie den leckersten Kaffee zu Hause auf Ihrem Herd oder drau\u00dfen am Lagerfeuer zubereiten. Dank des gro\u00dfz\u00fcgigen Fassungsverm\u00f6gens von 1,7 l bereiten Sie ungef\u00e4hr 6 Tassen Kaffee gleichzeitig zu.Der Perkolator ist mit einem gro\u00dfen [&hellip;]","og_url":"https:\/\/shop.bantam.ch\/de\/produkt\/perkolator-emaille-17-l\/","og_site_name":"Bantam Camping AG","article_modified_time":"2026-04-18T19:55:34+00:00","og_image":[{"width":1000,"height":1000,"url":"https:\/\/shop.bantam.ch\/wp-content\/uploads\/2023\/03\/9957809100.jpg","type":"image\/jpeg"}],"twitter_card":"summary_large_image","twitter_misc":{"Gesch\u00e4tzte Lesezeit":"1\u00a0Minute"},"schema":{"@context":"https:\/\/schema.org","@graph":[{"@type":"WebPage","@id":"https:\/\/shop.bantam.ch\/de\/produkt\/perkolator-emaille-17-l\/","url":"https:\/\/shop.bantam.ch\/de\/produkt\/perkolator-emaille-17-l\/","name":"Perkolator VALHAL OUTDOOR Emaille 1,7 l - Bantam Camping AG","isPartOf":{"@id":"https:\/\/shop.bantam.ch\/de\/#website"},"primaryImageOfPage":{"@id":"https:\/\/shop.bantam.ch\/de\/produkt\/perkolator-emaille-17-l\/#primaryimage"},"image":{"@id":"https:\/\/shop.bantam.ch\/de\/produkt\/perkolator-emaille-17-l\/#primaryimage"},"thumbnailUrl":"https:\/\/shop.bantam.ch\/wp-content\/uploads\/2023\/03\/9957809100.jpg","datePublished":"2023-03-01T00:35:54+00:00","dateModified":"2026-04-18T19:55:34+00:00","breadcrumb":{"@id":"https:\/\/shop.bantam.ch\/de\/produkt\/perkolator-emaille-17-l\/#breadcrumb"},"inLanguage":"de","potentialAction":[{"@type":"ReadAction","target":["https:\/\/shop.bantam.ch\/de\/produkt\/perkolator-emaille-17-l\/"]}]},{"@type":"ImageObject","inLanguage":"de","@id":"https:\/\/shop.bantam.ch\/de\/produkt\/perkolator-emaille-17-l\/#primaryimage","url":"https:\/\/shop.bantam.ch\/wp-content\/uploads\/2023\/03\/9957809100.jpg","contentUrl":"https:\/\/shop.bantam.ch\/wp-content\/uploads\/2023\/03\/9957809100.jpg","width":1000,"height":1000},{"@type":"BreadcrumbList","@id":"https:\/\/shop.bantam.ch\/de\/produkt\/perkolator-emaille-17-l\/#breadcrumb","itemListElement":[{"@type":"ListItem","position":1,"name":"Accueil","item":"https:\/\/shop.bantam.ch\/de\/"},{"@type":"ListItem","position":2,"name":"Shop","item":"https:\/\/shop.bantam.ch\/de\/shop\/"},{"@type":"ListItem","position":3,"name":"Perkolator VALHAL OUTDOOR Emaille 1,7 l"}]},{"@type":"WebSite","@id":"https:\/\/shop.bantam.ch\/de\/#website","url":"https:\/\/shop.bantam.ch\/de\/","name":"Bantam Camping AG","description":"","publisher":{"@id":"https:\/\/shop.bantam.ch\/de\/#organization"},"inLanguage":"de"},{"@type":"Organization","@id":"https:\/\/shop.bantam.ch\/de\/#organization","name":"Bantam Camping AG","url":"https:\/\/shop.bantam.ch\/de\/","logo":{"@type":"ImageObject","inLanguage":"de","@id":"https:\/\/shop.bantam.ch\/de\/#\/schema\/logo\/image\/","url":"https:\/\/shop.bantam.ch\/wp-content\/uploads\/2022\/12\/bantam-logo.png","contentUrl":"https:\/\/shop.bantam.ch\/wp-content\/uploads\/2022\/12\/bantam-logo.png","width":320,"height":71,"caption":"Bantam Camping AG"},"image":{"@id":"https:\/\/shop.bantam.ch\/de\/#\/schema\/logo\/image\/"}}]}},"_links":{"self":[{"href":"https:\/\/shop.bantam.ch\/de\/wp-json\/wp\/v2\/product\/128465","targetHints":{"allow":["GET"]}}],"collection":[{"href":"https:\/\/shop.bantam.ch\/de\/wp-json\/wp\/v2\/product"}],"about":[{"href":"https:\/\/shop.bantam.ch\/de\/wp-json\/wp\/v2\/types\/product"}],"wp:featuredmedia":[{"embeddable":true,"href":"https:\/\/shop.bantam.ch\/de\/wp-json\/wp\/v2\/media\/128461"}],"wp:attachment":[{"href":"https:\/\/shop.bantam.ch\/de\/wp-json\/wp\/v2\/media?parent=128465"}],"wp:term":[{"taxonomy":"product_featured_cat","embeddable":true,"href":"https:\/\/shop.bantam.ch\/de\/wp-json\/wp\/v2\/product_featured_cat?post=128465"},{"taxonomy":"product_brand","embeddable":true,"href":"https:\/\/shop.bantam.ch\/de\/wp-json\/wp\/v2\/product_brand?post=128465"},{"taxonomy":"product_cat","embeddable":true,"href":"https:\/\/shop.bantam.ch\/de\/wp-json\/wp\/v2\/product_cat?post=128465"},{"taxonomy":"product_tag","embeddable":true,"href":"https:\/\/shop.bantam.ch\/de\/wp-json\/wp\/v2\/product_tag?post=128465"}],"curies":[{"name":"wp","href":"https:\/\/api.w.org\/{rel}","templated":true}]}}