{"id":128451,"date":"2023-03-01T01:35:35","date_gmt":"2023-03-01T00:35:35","guid":{"rendered":"https:\/\/shop.bantam.ch\/produit\/wokpfanne-gusseisen-durchm-36-cm\/"},"modified":"2026-04-20T21:56:02","modified_gmt":"2026-04-20T19:56:02","slug":"wokpfanne-gusseisen-durchm-36-cm","status":"publish","type":"product","link":"https:\/\/shop.bantam.ch\/de\/produkt\/wokpfanne-gusseisen-durchm-36-cm\/","title":{"rendered":"Wokpfanne VALHAL OUTDOOR Gusseisen Durchm. 36 cm"},"content":{"rendered":"<p>Der Wok ist ein gusseiserner Wok mit einem Durchmesser von 36 cm, der in die neue Produktlinie von Valhal Outdoor passt. Gusseisen ist ein Material, das die W\u00e4rme gut leitet und speichert und zudem f\u00fcr jede W\u00e4rmequelle geeignet ist. Aufgrund seiner Gr\u00f6\u00dfe passt er perfekt auf die gro\u00dfen Kamado-Grillmodelle und die einzigartigen Kocheigenschaften von Gusseisen machen ihn perfekt f\u00fcr die Zubereitung von Wok-Gerichten.\u00a0Der Valhal Outdoor-Wok ist bereits mit einem nat\u00fcrlichen \u00d6l vorbehandelt, so dass Sie dies vor dem ersten Gebrauch nicht selbst tun m\u00fcssen. Trotzdem empfehlen wir Ihnen, den Wok vor dem ersten Gebrauch richtig aufzuheizen. Wenn Sie sich gut um Ihren Wok k\u00fcmmern, haben Sie eine Pfanne f\u00fcrs Leben. Um die Langlebigkeit Ihrer Pfanne zu gew\u00e4hrleisten, empfehlen wir Ihnen, diese regelm\u00e4\u00dfig mit Wachs zu behandeln.<\/p>\n","protected":false},"excerpt":{"rendered":"<p>Der Wok ist ein gusseiserner Wok mit einem Durchmesser von 36 cm, der in die neue Produktlinie von Valhal Outdoor passt. Gusseisen ist ein Material, das die W\u00e4rme gut leitet und speichert und zudem f\u00fcr jede W\u00e4rmequelle geeignet ist. Aufgrund seiner Gr\u00f6\u00dfe passt er perfekt auf die gro\u00dfen Kamado-Grillmodelle und die einzigartigen Kocheigenschaften von Gusseisen [&hellip;]<\/p>\n","protected":false},"featured_media":128449,"template":"","meta":{"_acf_changed":false},"product_featured_cat":[],"product_brand":[3655],"product_cat":[4264],"product_tag":[],"class_list":{"0":"post-128451","1":"product","2":"type-product","3":"status-publish","4":"has-post-thumbnail","6":"product_brand-valhal-outdoor-de","7":"product_cat-gusspfannen-toepfe","9":"first","10":"instock","11":"taxable","12":"shipping-taxable","13":"purchasable","14":"product-type-simple"},"acf":[],"yoast_head":"<!-- This site is optimized with the Yoast SEO plugin v27.4 - https:\/\/yoast.com\/product\/yoast-seo-wordpress\/ -->\n<title>Wokpfanne VALHAL OUTDOOR Gusseisen Durchm. 36 cm - Bantam Camping AG<\/title>\n<meta name=\"robots\" content=\"index, follow, max-snippet:-1, max-image-preview:large, max-video-preview:-1\" \/>\n<link rel=\"canonical\" href=\"https:\/\/shop.bantam.ch\/de\/produkt\/wokpfanne-gusseisen-durchm-36-cm\/\" \/>\n<meta property=\"og:locale\" content=\"de_DE\" \/>\n<meta property=\"og:type\" content=\"article\" \/>\n<meta property=\"og:title\" content=\"Wokpfanne VALHAL OUTDOOR Gusseisen Durchm. 36 cm - Bantam Camping AG\" \/>\n<meta property=\"og:description\" content=\"Der Wok ist ein gusseiserner Wok mit einem Durchmesser von 36 cm, der in die neue Produktlinie von Valhal Outdoor passt. Gusseisen ist ein Material, das die W\u00e4rme gut leitet und speichert und zudem f\u00fcr jede W\u00e4rmequelle geeignet ist. Aufgrund seiner Gr\u00f6\u00dfe passt er perfekt auf die gro\u00dfen Kamado-Grillmodelle und die einzigartigen Kocheigenschaften von Gusseisen [&hellip;]\" \/>\n<meta property=\"og:url\" content=\"https:\/\/shop.bantam.ch\/de\/produkt\/wokpfanne-gusseisen-durchm-36-cm\/\" \/>\n<meta property=\"og:site_name\" content=\"Bantam Camping AG\" \/>\n<meta property=\"article:modified_time\" content=\"2026-04-20T19:56:02+00:00\" \/>\n<meta property=\"og:image\" content=\"https:\/\/shop.bantam.ch\/wp-content\/uploads\/2023\/03\/9957807100.jpg\" \/>\n\t<meta property=\"og:image:width\" content=\"1000\" \/>\n\t<meta property=\"og:image:height\" content=\"1000\" \/>\n\t<meta property=\"og:image:type\" content=\"image\/jpeg\" \/>\n<meta name=\"twitter:card\" content=\"summary_large_image\" \/>\n<meta name=\"twitter:label1\" content=\"Gesch\u00e4tzte Lesezeit\" \/>\n\t<meta name=\"twitter:data1\" content=\"1\u00a0Minute\" \/>\n<script type=\"application\/ld+json\" class=\"yoast-schema-graph\">{\"@context\":\"https:\\\/\\\/schema.org\",\"@graph\":[{\"@type\":\"WebPage\",\"@id\":\"https:\\\/\\\/shop.bantam.ch\\\/de\\\/produkt\\\/wokpfanne-gusseisen-durchm-36-cm\\\/\",\"url\":\"https:\\\/\\\/shop.bantam.ch\\\/de\\\/produkt\\\/wokpfanne-gusseisen-durchm-36-cm\\\/\",\"name\":\"Wokpfanne VALHAL OUTDOOR Gusseisen Durchm. 36 cm - Bantam Camping AG\",\"isPartOf\":{\"@id\":\"https:\\\/\\\/shop.bantam.ch\\\/de\\\/#website\"},\"primaryImageOfPage\":{\"@id\":\"https:\\\/\\\/shop.bantam.ch\\\/de\\\/produkt\\\/wokpfanne-gusseisen-durchm-36-cm\\\/#primaryimage\"},\"image\":{\"@id\":\"https:\\\/\\\/shop.bantam.ch\\\/de\\\/produkt\\\/wokpfanne-gusseisen-durchm-36-cm\\\/#primaryimage\"},\"thumbnailUrl\":\"https:\\\/\\\/shop.bantam.ch\\\/wp-content\\\/uploads\\\/2023\\\/03\\\/9957807100.jpg\",\"datePublished\":\"2023-03-01T00:35:35+00:00\",\"dateModified\":\"2026-04-20T19:56:02+00:00\",\"breadcrumb\":{\"@id\":\"https:\\\/\\\/shop.bantam.ch\\\/de\\\/produkt\\\/wokpfanne-gusseisen-durchm-36-cm\\\/#breadcrumb\"},\"inLanguage\":\"de\",\"potentialAction\":[{\"@type\":\"ReadAction\",\"target\":[\"https:\\\/\\\/shop.bantam.ch\\\/de\\\/produkt\\\/wokpfanne-gusseisen-durchm-36-cm\\\/\"]}]},{\"@type\":\"ImageObject\",\"inLanguage\":\"de\",\"@id\":\"https:\\\/\\\/shop.bantam.ch\\\/de\\\/produkt\\\/wokpfanne-gusseisen-durchm-36-cm\\\/#primaryimage\",\"url\":\"https:\\\/\\\/shop.bantam.ch\\\/wp-content\\\/uploads\\\/2023\\\/03\\\/9957807100.jpg\",\"contentUrl\":\"https:\\\/\\\/shop.bantam.ch\\\/wp-content\\\/uploads\\\/2023\\\/03\\\/9957807100.jpg\",\"width\":1000,\"height\":1000},{\"@type\":\"BreadcrumbList\",\"@id\":\"https:\\\/\\\/shop.bantam.ch\\\/de\\\/produkt\\\/wokpfanne-gusseisen-durchm-36-cm\\\/#breadcrumb\",\"itemListElement\":[{\"@type\":\"ListItem\",\"position\":1,\"name\":\"Accueil\",\"item\":\"https:\\\/\\\/shop.bantam.ch\\\/de\\\/\"},{\"@type\":\"ListItem\",\"position\":2,\"name\":\"Shop\",\"item\":\"https:\\\/\\\/shop.bantam.ch\\\/de\\\/shop\\\/\"},{\"@type\":\"ListItem\",\"position\":3,\"name\":\"Wokpfanne VALHAL OUTDOOR Gusseisen Durchm. 36 cm\"}]},{\"@type\":\"WebSite\",\"@id\":\"https:\\\/\\\/shop.bantam.ch\\\/de\\\/#website\",\"url\":\"https:\\\/\\\/shop.bantam.ch\\\/de\\\/\",\"name\":\"Bantam Camping AG\",\"description\":\"\",\"publisher\":{\"@id\":\"https:\\\/\\\/shop.bantam.ch\\\/de\\\/#organization\"},\"inLanguage\":\"de\"},{\"@type\":\"Organization\",\"@id\":\"https:\\\/\\\/shop.bantam.ch\\\/de\\\/#organization\",\"name\":\"Bantam Camping AG\",\"url\":\"https:\\\/\\\/shop.bantam.ch\\\/de\\\/\",\"logo\":{\"@type\":\"ImageObject\",\"inLanguage\":\"de\",\"@id\":\"https:\\\/\\\/shop.bantam.ch\\\/de\\\/#\\\/schema\\\/logo\\\/image\\\/\",\"url\":\"https:\\\/\\\/shop.bantam.ch\\\/wp-content\\\/uploads\\\/2022\\\/12\\\/bantam-logo.png\",\"contentUrl\":\"https:\\\/\\\/shop.bantam.ch\\\/wp-content\\\/uploads\\\/2022\\\/12\\\/bantam-logo.png\",\"width\":320,\"height\":71,\"caption\":\"Bantam Camping AG\"},\"image\":{\"@id\":\"https:\\\/\\\/shop.bantam.ch\\\/de\\\/#\\\/schema\\\/logo\\\/image\\\/\"}}]}<\/script>\n<!-- \/ Yoast SEO plugin. -->","yoast_head_json":{"title":"Wokpfanne VALHAL OUTDOOR Gusseisen Durchm. 36 cm - Bantam Camping AG","robots":{"index":"index","follow":"follow","max-snippet":"max-snippet:-1","max-image-preview":"max-image-preview:large","max-video-preview":"max-video-preview:-1"},"canonical":"https:\/\/shop.bantam.ch\/de\/produkt\/wokpfanne-gusseisen-durchm-36-cm\/","og_locale":"de_DE","og_type":"article","og_title":"Wokpfanne VALHAL OUTDOOR Gusseisen Durchm. 36 cm - Bantam Camping AG","og_description":"Der Wok ist ein gusseiserner Wok mit einem Durchmesser von 36 cm, der in die neue Produktlinie von Valhal Outdoor passt. Gusseisen ist ein Material, das die W\u00e4rme gut leitet und speichert und zudem f\u00fcr jede W\u00e4rmequelle geeignet ist. Aufgrund seiner Gr\u00f6\u00dfe passt er perfekt auf die gro\u00dfen Kamado-Grillmodelle und die einzigartigen Kocheigenschaften von Gusseisen [&hellip;]","og_url":"https:\/\/shop.bantam.ch\/de\/produkt\/wokpfanne-gusseisen-durchm-36-cm\/","og_site_name":"Bantam Camping AG","article_modified_time":"2026-04-20T19:56:02+00:00","og_image":[{"width":1000,"height":1000,"url":"https:\/\/shop.bantam.ch\/wp-content\/uploads\/2023\/03\/9957807100.jpg","type":"image\/jpeg"}],"twitter_card":"summary_large_image","twitter_misc":{"Gesch\u00e4tzte Lesezeit":"1\u00a0Minute"},"schema":{"@context":"https:\/\/schema.org","@graph":[{"@type":"WebPage","@id":"https:\/\/shop.bantam.ch\/de\/produkt\/wokpfanne-gusseisen-durchm-36-cm\/","url":"https:\/\/shop.bantam.ch\/de\/produkt\/wokpfanne-gusseisen-durchm-36-cm\/","name":"Wokpfanne VALHAL OUTDOOR Gusseisen Durchm. 36 cm - Bantam Camping AG","isPartOf":{"@id":"https:\/\/shop.bantam.ch\/de\/#website"},"primaryImageOfPage":{"@id":"https:\/\/shop.bantam.ch\/de\/produkt\/wokpfanne-gusseisen-durchm-36-cm\/#primaryimage"},"image":{"@id":"https:\/\/shop.bantam.ch\/de\/produkt\/wokpfanne-gusseisen-durchm-36-cm\/#primaryimage"},"thumbnailUrl":"https:\/\/shop.bantam.ch\/wp-content\/uploads\/2023\/03\/9957807100.jpg","datePublished":"2023-03-01T00:35:35+00:00","dateModified":"2026-04-20T19:56:02+00:00","breadcrumb":{"@id":"https:\/\/shop.bantam.ch\/de\/produkt\/wokpfanne-gusseisen-durchm-36-cm\/#breadcrumb"},"inLanguage":"de","potentialAction":[{"@type":"ReadAction","target":["https:\/\/shop.bantam.ch\/de\/produkt\/wokpfanne-gusseisen-durchm-36-cm\/"]}]},{"@type":"ImageObject","inLanguage":"de","@id":"https:\/\/shop.bantam.ch\/de\/produkt\/wokpfanne-gusseisen-durchm-36-cm\/#primaryimage","url":"https:\/\/shop.bantam.ch\/wp-content\/uploads\/2023\/03\/9957807100.jpg","contentUrl":"https:\/\/shop.bantam.ch\/wp-content\/uploads\/2023\/03\/9957807100.jpg","width":1000,"height":1000},{"@type":"BreadcrumbList","@id":"https:\/\/shop.bantam.ch\/de\/produkt\/wokpfanne-gusseisen-durchm-36-cm\/#breadcrumb","itemListElement":[{"@type":"ListItem","position":1,"name":"Accueil","item":"https:\/\/shop.bantam.ch\/de\/"},{"@type":"ListItem","position":2,"name":"Shop","item":"https:\/\/shop.bantam.ch\/de\/shop\/"},{"@type":"ListItem","position":3,"name":"Wokpfanne VALHAL OUTDOOR Gusseisen Durchm. 36 cm"}]},{"@type":"WebSite","@id":"https:\/\/shop.bantam.ch\/de\/#website","url":"https:\/\/shop.bantam.ch\/de\/","name":"Bantam Camping AG","description":"","publisher":{"@id":"https:\/\/shop.bantam.ch\/de\/#organization"},"inLanguage":"de"},{"@type":"Organization","@id":"https:\/\/shop.bantam.ch\/de\/#organization","name":"Bantam Camping AG","url":"https:\/\/shop.bantam.ch\/de\/","logo":{"@type":"ImageObject","inLanguage":"de","@id":"https:\/\/shop.bantam.ch\/de\/#\/schema\/logo\/image\/","url":"https:\/\/shop.bantam.ch\/wp-content\/uploads\/2022\/12\/bantam-logo.png","contentUrl":"https:\/\/shop.bantam.ch\/wp-content\/uploads\/2022\/12\/bantam-logo.png","width":320,"height":71,"caption":"Bantam Camping AG"},"image":{"@id":"https:\/\/shop.bantam.ch\/de\/#\/schema\/logo\/image\/"}}]}},"_links":{"self":[{"href":"https:\/\/shop.bantam.ch\/de\/wp-json\/wp\/v2\/product\/128451","targetHints":{"allow":["GET"]}}],"collection":[{"href":"https:\/\/shop.bantam.ch\/de\/wp-json\/wp\/v2\/product"}],"about":[{"href":"https:\/\/shop.bantam.ch\/de\/wp-json\/wp\/v2\/types\/product"}],"wp:featuredmedia":[{"embeddable":true,"href":"https:\/\/shop.bantam.ch\/de\/wp-json\/wp\/v2\/media\/128449"}],"wp:attachment":[{"href":"https:\/\/shop.bantam.ch\/de\/wp-json\/wp\/v2\/media?parent=128451"}],"wp:term":[{"taxonomy":"product_featured_cat","embeddable":true,"href":"https:\/\/shop.bantam.ch\/de\/wp-json\/wp\/v2\/product_featured_cat?post=128451"},{"taxonomy":"product_brand","embeddable":true,"href":"https:\/\/shop.bantam.ch\/de\/wp-json\/wp\/v2\/product_brand?post=128451"},{"taxonomy":"product_cat","embeddable":true,"href":"https:\/\/shop.bantam.ch\/de\/wp-json\/wp\/v2\/product_cat?post=128451"},{"taxonomy":"product_tag","embeddable":true,"href":"https:\/\/shop.bantam.ch\/de\/wp-json\/wp\/v2\/product_tag?post=128451"}],"curies":[{"name":"wp","href":"https:\/\/api.w.org\/{rel}","templated":true}]}}