{"id":128443,"date":"2023-03-01T01:35:24","date_gmt":"2023-03-01T00:35:24","guid":{"rendered":"https:\/\/shop.bantam.ch\/produit\/pfannenknecht-und-grillrost-edelstahl-durchm-34-cm\/"},"modified":"2026-04-17T21:54:22","modified_gmt":"2026-04-17T19:54:22","slug":"pfannenknecht-und-grillrost-edelstahl-durchm-34-cm","status":"publish","type":"product","link":"https:\/\/shop.bantam.ch\/de\/produkt\/pfannenknecht-und-grillrost-edelstahl-durchm-34-cm\/","title":{"rendered":"Pfannenknecht und Grillrost VALHAL OUTDOOR Edelstahl Durchm. 34 cm mit klappbaren F\u00fc\u00dfen"},"content":{"rendered":"<p>Wenn Sie mehr H\u00f6he zum Kochen mit Ihrer Pfanne oder Ihrem Dutch Oven ben\u00f6tigen, k\u00f6nnen Sie den Edelstahl-Pfannenknecht verwenden. Das erleichtert das Kochen und vergr\u00f6\u00dfert den Abstand zur W\u00e4rmequelle. Der St\u00e4nder kann aber auch als Grillrost verwendet werden, so dass Sie gar keine Pfanne ben\u00f6tigen. Mit einem Durchmesser von 34 cm haben Sie viel Platz zum Grillen. Die Beine lassen sich einklappen, so dass man ihn leicht mitnehmen oder aufbewahren kann.<\/p>\n","protected":false},"excerpt":{"rendered":"<p>Wenn Sie mehr H\u00f6he zum Kochen mit Ihrer Pfanne oder Ihrem Dutch Oven ben\u00f6tigen, k\u00f6nnen Sie den Edelstahl-Pfannenknecht verwenden. Das erleichtert das Kochen und vergr\u00f6\u00dfert den Abstand zur W\u00e4rmequelle. Der St\u00e4nder kann aber auch als Grillrost verwendet werden, so dass Sie gar keine Pfanne ben\u00f6tigen. Mit einem Durchmesser von 34 cm haben Sie viel Platz [&hellip;]<\/p>\n","protected":false},"featured_media":128441,"template":"","meta":{"_acf_changed":false},"product_featured_cat":[],"product_brand":[3655],"product_cat":[4340],"product_tag":[],"class_list":{"0":"post-128443","1":"product","2":"type-product","3":"status-publish","4":"has-post-thumbnail","6":"product_brand-valhal-outdoor-de","7":"product_cat-grillzubehoer","9":"first","10":"instock","11":"taxable","12":"shipping-taxable","13":"purchasable","14":"product-type-simple"},"acf":[],"yoast_head":"<!-- This site is optimized with the Yoast SEO plugin v27.4 - https:\/\/yoast.com\/product\/yoast-seo-wordpress\/ -->\n<title>Pfannenknecht und Grillrost VALHAL OUTDOOR Edelstahl Durchm. 34 cm mit klappbaren F\u00fc\u00dfen - Bantam Camping AG<\/title>\n<meta name=\"robots\" content=\"index, follow, max-snippet:-1, max-image-preview:large, max-video-preview:-1\" \/>\n<link rel=\"canonical\" href=\"https:\/\/shop.bantam.ch\/de\/produkt\/pfannenknecht-und-grillrost-edelstahl-durchm-34-cm\/\" \/>\n<meta property=\"og:locale\" content=\"de_DE\" \/>\n<meta property=\"og:type\" content=\"article\" \/>\n<meta property=\"og:title\" content=\"Pfannenknecht und Grillrost VALHAL OUTDOOR Edelstahl Durchm. 34 cm mit klappbaren F\u00fc\u00dfen - Bantam Camping AG\" \/>\n<meta property=\"og:description\" content=\"Wenn Sie mehr H\u00f6he zum Kochen mit Ihrer Pfanne oder Ihrem Dutch Oven ben\u00f6tigen, k\u00f6nnen Sie den Edelstahl-Pfannenknecht verwenden. Das erleichtert das Kochen und vergr\u00f6\u00dfert den Abstand zur W\u00e4rmequelle. Der St\u00e4nder kann aber auch als Grillrost verwendet werden, so dass Sie gar keine Pfanne ben\u00f6tigen. Mit einem Durchmesser von 34 cm haben Sie viel Platz [&hellip;]\" \/>\n<meta property=\"og:url\" content=\"https:\/\/shop.bantam.ch\/de\/produkt\/pfannenknecht-und-grillrost-edelstahl-durchm-34-cm\/\" \/>\n<meta property=\"og:site_name\" content=\"Bantam Camping AG\" \/>\n<meta property=\"article:modified_time\" content=\"2026-04-17T19:54:22+00:00\" \/>\n<meta property=\"og:image\" content=\"https:\/\/shop.bantam.ch\/wp-content\/uploads\/2023\/03\/9957805100.jpg\" \/>\n\t<meta property=\"og:image:width\" content=\"1000\" \/>\n\t<meta property=\"og:image:height\" content=\"1000\" \/>\n\t<meta property=\"og:image:type\" content=\"image\/jpeg\" \/>\n<meta name=\"twitter:card\" content=\"summary_large_image\" \/>\n<script type=\"application\/ld+json\" class=\"yoast-schema-graph\">{\"@context\":\"https:\\\/\\\/schema.org\",\"@graph\":[{\"@type\":\"WebPage\",\"@id\":\"https:\\\/\\\/shop.bantam.ch\\\/de\\\/produkt\\\/pfannenknecht-und-grillrost-edelstahl-durchm-34-cm\\\/\",\"url\":\"https:\\\/\\\/shop.bantam.ch\\\/de\\\/produkt\\\/pfannenknecht-und-grillrost-edelstahl-durchm-34-cm\\\/\",\"name\":\"Pfannenknecht und Grillrost VALHAL OUTDOOR Edelstahl Durchm. 34 cm mit klappbaren F\u00fc\u00dfen - Bantam Camping AG\",\"isPartOf\":{\"@id\":\"https:\\\/\\\/shop.bantam.ch\\\/de\\\/#website\"},\"primaryImageOfPage\":{\"@id\":\"https:\\\/\\\/shop.bantam.ch\\\/de\\\/produkt\\\/pfannenknecht-und-grillrost-edelstahl-durchm-34-cm\\\/#primaryimage\"},\"image\":{\"@id\":\"https:\\\/\\\/shop.bantam.ch\\\/de\\\/produkt\\\/pfannenknecht-und-grillrost-edelstahl-durchm-34-cm\\\/#primaryimage\"},\"thumbnailUrl\":\"https:\\\/\\\/shop.bantam.ch\\\/wp-content\\\/uploads\\\/2023\\\/03\\\/9957805100.jpg\",\"datePublished\":\"2023-03-01T00:35:24+00:00\",\"dateModified\":\"2026-04-17T19:54:22+00:00\",\"breadcrumb\":{\"@id\":\"https:\\\/\\\/shop.bantam.ch\\\/de\\\/produkt\\\/pfannenknecht-und-grillrost-edelstahl-durchm-34-cm\\\/#breadcrumb\"},\"inLanguage\":\"de\",\"potentialAction\":[{\"@type\":\"ReadAction\",\"target\":[\"https:\\\/\\\/shop.bantam.ch\\\/de\\\/produkt\\\/pfannenknecht-und-grillrost-edelstahl-durchm-34-cm\\\/\"]}]},{\"@type\":\"ImageObject\",\"inLanguage\":\"de\",\"@id\":\"https:\\\/\\\/shop.bantam.ch\\\/de\\\/produkt\\\/pfannenknecht-und-grillrost-edelstahl-durchm-34-cm\\\/#primaryimage\",\"url\":\"https:\\\/\\\/shop.bantam.ch\\\/wp-content\\\/uploads\\\/2023\\\/03\\\/9957805100.jpg\",\"contentUrl\":\"https:\\\/\\\/shop.bantam.ch\\\/wp-content\\\/uploads\\\/2023\\\/03\\\/9957805100.jpg\",\"width\":1000,\"height\":1000},{\"@type\":\"BreadcrumbList\",\"@id\":\"https:\\\/\\\/shop.bantam.ch\\\/de\\\/produkt\\\/pfannenknecht-und-grillrost-edelstahl-durchm-34-cm\\\/#breadcrumb\",\"itemListElement\":[{\"@type\":\"ListItem\",\"position\":1,\"name\":\"Accueil\",\"item\":\"https:\\\/\\\/shop.bantam.ch\\\/de\\\/\"},{\"@type\":\"ListItem\",\"position\":2,\"name\":\"Shop\",\"item\":\"https:\\\/\\\/shop.bantam.ch\\\/de\\\/shop\\\/\"},{\"@type\":\"ListItem\",\"position\":3,\"name\":\"Pfannenknecht und Grillrost VALHAL OUTDOOR Edelstahl Durchm. 34 cm mit klappbaren F\u00fc\u00dfen\"}]},{\"@type\":\"WebSite\",\"@id\":\"https:\\\/\\\/shop.bantam.ch\\\/de\\\/#website\",\"url\":\"https:\\\/\\\/shop.bantam.ch\\\/de\\\/\",\"name\":\"Bantam Camping AG\",\"description\":\"\",\"publisher\":{\"@id\":\"https:\\\/\\\/shop.bantam.ch\\\/de\\\/#organization\"},\"inLanguage\":\"de\"},{\"@type\":\"Organization\",\"@id\":\"https:\\\/\\\/shop.bantam.ch\\\/de\\\/#organization\",\"name\":\"Bantam Camping AG\",\"url\":\"https:\\\/\\\/shop.bantam.ch\\\/de\\\/\",\"logo\":{\"@type\":\"ImageObject\",\"inLanguage\":\"de\",\"@id\":\"https:\\\/\\\/shop.bantam.ch\\\/de\\\/#\\\/schema\\\/logo\\\/image\\\/\",\"url\":\"https:\\\/\\\/shop.bantam.ch\\\/wp-content\\\/uploads\\\/2022\\\/12\\\/bantam-logo.png\",\"contentUrl\":\"https:\\\/\\\/shop.bantam.ch\\\/wp-content\\\/uploads\\\/2022\\\/12\\\/bantam-logo.png\",\"width\":320,\"height\":71,\"caption\":\"Bantam Camping AG\"},\"image\":{\"@id\":\"https:\\\/\\\/shop.bantam.ch\\\/de\\\/#\\\/schema\\\/logo\\\/image\\\/\"}}]}<\/script>\n<!-- \/ Yoast SEO plugin. -->","yoast_head_json":{"title":"Pfannenknecht und Grillrost VALHAL OUTDOOR Edelstahl Durchm. 34 cm mit klappbaren F\u00fc\u00dfen - Bantam Camping AG","robots":{"index":"index","follow":"follow","max-snippet":"max-snippet:-1","max-image-preview":"max-image-preview:large","max-video-preview":"max-video-preview:-1"},"canonical":"https:\/\/shop.bantam.ch\/de\/produkt\/pfannenknecht-und-grillrost-edelstahl-durchm-34-cm\/","og_locale":"de_DE","og_type":"article","og_title":"Pfannenknecht und Grillrost VALHAL OUTDOOR Edelstahl Durchm. 34 cm mit klappbaren F\u00fc\u00dfen - Bantam Camping AG","og_description":"Wenn Sie mehr H\u00f6he zum Kochen mit Ihrer Pfanne oder Ihrem Dutch Oven ben\u00f6tigen, k\u00f6nnen Sie den Edelstahl-Pfannenknecht verwenden. Das erleichtert das Kochen und vergr\u00f6\u00dfert den Abstand zur W\u00e4rmequelle. Der St\u00e4nder kann aber auch als Grillrost verwendet werden, so dass Sie gar keine Pfanne ben\u00f6tigen. Mit einem Durchmesser von 34 cm haben Sie viel Platz [&hellip;]","og_url":"https:\/\/shop.bantam.ch\/de\/produkt\/pfannenknecht-und-grillrost-edelstahl-durchm-34-cm\/","og_site_name":"Bantam Camping AG","article_modified_time":"2026-04-17T19:54:22+00:00","og_image":[{"width":1000,"height":1000,"url":"https:\/\/shop.bantam.ch\/wp-content\/uploads\/2023\/03\/9957805100.jpg","type":"image\/jpeg"}],"twitter_card":"summary_large_image","schema":{"@context":"https:\/\/schema.org","@graph":[{"@type":"WebPage","@id":"https:\/\/shop.bantam.ch\/de\/produkt\/pfannenknecht-und-grillrost-edelstahl-durchm-34-cm\/","url":"https:\/\/shop.bantam.ch\/de\/produkt\/pfannenknecht-und-grillrost-edelstahl-durchm-34-cm\/","name":"Pfannenknecht und Grillrost VALHAL OUTDOOR Edelstahl Durchm. 34 cm mit klappbaren F\u00fc\u00dfen - Bantam Camping AG","isPartOf":{"@id":"https:\/\/shop.bantam.ch\/de\/#website"},"primaryImageOfPage":{"@id":"https:\/\/shop.bantam.ch\/de\/produkt\/pfannenknecht-und-grillrost-edelstahl-durchm-34-cm\/#primaryimage"},"image":{"@id":"https:\/\/shop.bantam.ch\/de\/produkt\/pfannenknecht-und-grillrost-edelstahl-durchm-34-cm\/#primaryimage"},"thumbnailUrl":"https:\/\/shop.bantam.ch\/wp-content\/uploads\/2023\/03\/9957805100.jpg","datePublished":"2023-03-01T00:35:24+00:00","dateModified":"2026-04-17T19:54:22+00:00","breadcrumb":{"@id":"https:\/\/shop.bantam.ch\/de\/produkt\/pfannenknecht-und-grillrost-edelstahl-durchm-34-cm\/#breadcrumb"},"inLanguage":"de","potentialAction":[{"@type":"ReadAction","target":["https:\/\/shop.bantam.ch\/de\/produkt\/pfannenknecht-und-grillrost-edelstahl-durchm-34-cm\/"]}]},{"@type":"ImageObject","inLanguage":"de","@id":"https:\/\/shop.bantam.ch\/de\/produkt\/pfannenknecht-und-grillrost-edelstahl-durchm-34-cm\/#primaryimage","url":"https:\/\/shop.bantam.ch\/wp-content\/uploads\/2023\/03\/9957805100.jpg","contentUrl":"https:\/\/shop.bantam.ch\/wp-content\/uploads\/2023\/03\/9957805100.jpg","width":1000,"height":1000},{"@type":"BreadcrumbList","@id":"https:\/\/shop.bantam.ch\/de\/produkt\/pfannenknecht-und-grillrost-edelstahl-durchm-34-cm\/#breadcrumb","itemListElement":[{"@type":"ListItem","position":1,"name":"Accueil","item":"https:\/\/shop.bantam.ch\/de\/"},{"@type":"ListItem","position":2,"name":"Shop","item":"https:\/\/shop.bantam.ch\/de\/shop\/"},{"@type":"ListItem","position":3,"name":"Pfannenknecht und Grillrost VALHAL OUTDOOR Edelstahl Durchm. 34 cm mit klappbaren F\u00fc\u00dfen"}]},{"@type":"WebSite","@id":"https:\/\/shop.bantam.ch\/de\/#website","url":"https:\/\/shop.bantam.ch\/de\/","name":"Bantam Camping AG","description":"","publisher":{"@id":"https:\/\/shop.bantam.ch\/de\/#organization"},"inLanguage":"de"},{"@type":"Organization","@id":"https:\/\/shop.bantam.ch\/de\/#organization","name":"Bantam Camping AG","url":"https:\/\/shop.bantam.ch\/de\/","logo":{"@type":"ImageObject","inLanguage":"de","@id":"https:\/\/shop.bantam.ch\/de\/#\/schema\/logo\/image\/","url":"https:\/\/shop.bantam.ch\/wp-content\/uploads\/2022\/12\/bantam-logo.png","contentUrl":"https:\/\/shop.bantam.ch\/wp-content\/uploads\/2022\/12\/bantam-logo.png","width":320,"height":71,"caption":"Bantam Camping AG"},"image":{"@id":"https:\/\/shop.bantam.ch\/de\/#\/schema\/logo\/image\/"}}]}},"_links":{"self":[{"href":"https:\/\/shop.bantam.ch\/de\/wp-json\/wp\/v2\/product\/128443","targetHints":{"allow":["GET"]}}],"collection":[{"href":"https:\/\/shop.bantam.ch\/de\/wp-json\/wp\/v2\/product"}],"about":[{"href":"https:\/\/shop.bantam.ch\/de\/wp-json\/wp\/v2\/types\/product"}],"wp:featuredmedia":[{"embeddable":true,"href":"https:\/\/shop.bantam.ch\/de\/wp-json\/wp\/v2\/media\/128441"}],"wp:attachment":[{"href":"https:\/\/shop.bantam.ch\/de\/wp-json\/wp\/v2\/media?parent=128443"}],"wp:term":[{"taxonomy":"product_featured_cat","embeddable":true,"href":"https:\/\/shop.bantam.ch\/de\/wp-json\/wp\/v2\/product_featured_cat?post=128443"},{"taxonomy":"product_brand","embeddable":true,"href":"https:\/\/shop.bantam.ch\/de\/wp-json\/wp\/v2\/product_brand?post=128443"},{"taxonomy":"product_cat","embeddable":true,"href":"https:\/\/shop.bantam.ch\/de\/wp-json\/wp\/v2\/product_cat?post=128443"},{"taxonomy":"product_tag","embeddable":true,"href":"https:\/\/shop.bantam.ch\/de\/wp-json\/wp\/v2\/product_tag?post=128443"}],"curies":[{"name":"wp","href":"https:\/\/api.w.org\/{rel}","templated":true}]}}