{"id":128399,"date":"2023-03-01T01:34:42","date_gmt":"2023-03-01T00:34:42","guid":{"rendered":"https:\/\/shop.bantam.ch\/produit\/lenkradschloss-commercial-high-security-wheel-lock\/"},"modified":"2026-05-08T21:54:29","modified_gmt":"2026-05-08T19:54:29","slug":"lenkradschloss-commercial-high-security-wheel-lock","status":"publish","type":"product","link":"https:\/\/shop.bantam.ch\/de\/produkt\/lenkradschloss-commercial-high-security-wheel-lock\/","title":{"rendered":"Lenkradschloss Milenco Commercial High Security Wheel Lock"},"content":{"rendered":"<p>Sichert am Lenkrad und verhindert Drehungen, bietet eine starke Diebstahlabschreckung und bietet un\u00fcbertroffenen Angriffswiderstand. 15,5 cm l\u00e4nger als die Standardversion, speziell entwickelt, um die Sicherheit in Transportern und Reisemobilen mit gr\u00f6\u00dferen Fahrerhausfl\u00e4chen zu erh\u00f6hen. Verkauft Secure Gold.<\/p>\n","protected":false},"excerpt":{"rendered":"<p>Sichert am Lenkrad und verhindert Drehungen, bietet eine starke Diebstahlabschreckung und bietet un\u00fcbertroffenen Angriffswiderstand. 15,5 cm l\u00e4nger als die Standardversion, speziell entwickelt, um die Sicherheit in Transportern und Reisemobilen mit gr\u00f6\u00dferen Fahrerhausfl\u00e4chen zu erh\u00f6hen. Verkauft Secure Gold.<\/p>\n","protected":false},"featured_media":128393,"template":"","meta":{"_acf_changed":false},"product_featured_cat":[],"product_brand":[3143],"product_cat":[4672],"product_tag":[],"class_list":{"0":"post-128399","1":"product","2":"type-product","3":"status-publish","4":"has-post-thumbnail","6":"product_brand-milenco-de","7":"product_cat-wegfahrsperren","9":"first","10":"instock","11":"taxable","12":"shipping-taxable","13":"purchasable","14":"product-type-simple"},"acf":[],"yoast_head":"<!-- This site is optimized with the Yoast SEO plugin v27.5 - https:\/\/yoast.com\/product\/yoast-seo-wordpress\/ -->\n<title>Lenkradschloss Milenco Commercial High Security Wheel Lock - Bantam<\/title>\n<meta name=\"robots\" content=\"index, follow, max-snippet:-1, max-image-preview:large, max-video-preview:-1\" \/>\n<link rel=\"canonical\" href=\"https:\/\/shop.bantam.ch\/de\/produkt\/lenkradschloss-commercial-high-security-wheel-lock\/\" \/>\n<meta property=\"og:locale\" content=\"de_DE\" \/>\n<meta property=\"og:type\" content=\"article\" \/>\n<meta property=\"og:title\" content=\"Lenkradschloss Milenco Commercial High Security Wheel Lock - Bantam\" \/>\n<meta property=\"og:description\" content=\"Sichert am Lenkrad und verhindert Drehungen, bietet eine starke Diebstahlabschreckung und bietet un\u00fcbertroffenen Angriffswiderstand. 15,5 cm l\u00e4nger als die Standardversion, speziell entwickelt, um die Sicherheit in Transportern und Reisemobilen mit gr\u00f6\u00dferen Fahrerhausfl\u00e4chen zu erh\u00f6hen. Verkauft Secure Gold.\" \/>\n<meta property=\"og:url\" content=\"https:\/\/shop.bantam.ch\/de\/produkt\/lenkradschloss-commercial-high-security-wheel-lock\/\" \/>\n<meta property=\"og:site_name\" content=\"Bantam\" \/>\n<meta property=\"article:modified_time\" content=\"2026-05-08T19:54:29+00:00\" \/>\n<meta property=\"og:image\" content=\"https:\/\/shop.bantam.ch\/wp-content\/uploads\/2023\/03\/9948633100.jpg\" \/>\n\t<meta property=\"og:image:width\" content=\"1000\" \/>\n\t<meta property=\"og:image:height\" content=\"750\" \/>\n\t<meta property=\"og:image:type\" content=\"image\/jpeg\" \/>\n<meta name=\"twitter:card\" content=\"summary_large_image\" \/>\n<script type=\"application\/ld+json\" class=\"yoast-schema-graph\">{\"@context\":\"https:\\\/\\\/schema.org\",\"@graph\":[{\"@type\":\"WebPage\",\"@id\":\"https:\\\/\\\/shop.bantam.ch\\\/de\\\/produkt\\\/lenkradschloss-commercial-high-security-wheel-lock\\\/\",\"url\":\"https:\\\/\\\/shop.bantam.ch\\\/de\\\/produkt\\\/lenkradschloss-commercial-high-security-wheel-lock\\\/\",\"name\":\"Lenkradschloss Milenco Commercial High Security Wheel Lock - Bantam\",\"isPartOf\":{\"@id\":\"https:\\\/\\\/shop.bantam.ch\\\/de\\\/#website\"},\"primaryImageOfPage\":{\"@id\":\"https:\\\/\\\/shop.bantam.ch\\\/de\\\/produkt\\\/lenkradschloss-commercial-high-security-wheel-lock\\\/#primaryimage\"},\"image\":{\"@id\":\"https:\\\/\\\/shop.bantam.ch\\\/de\\\/produkt\\\/lenkradschloss-commercial-high-security-wheel-lock\\\/#primaryimage\"},\"thumbnailUrl\":\"https:\\\/\\\/shop.bantam.ch\\\/wp-content\\\/uploads\\\/2023\\\/03\\\/9948633100.jpg\",\"datePublished\":\"2023-03-01T00:34:42+00:00\",\"dateModified\":\"2026-05-08T19:54:29+00:00\",\"breadcrumb\":{\"@id\":\"https:\\\/\\\/shop.bantam.ch\\\/de\\\/produkt\\\/lenkradschloss-commercial-high-security-wheel-lock\\\/#breadcrumb\"},\"inLanguage\":\"de\",\"potentialAction\":[{\"@type\":\"ReadAction\",\"target\":[\"https:\\\/\\\/shop.bantam.ch\\\/de\\\/produkt\\\/lenkradschloss-commercial-high-security-wheel-lock\\\/\"]}]},{\"@type\":\"ImageObject\",\"inLanguage\":\"de\",\"@id\":\"https:\\\/\\\/shop.bantam.ch\\\/de\\\/produkt\\\/lenkradschloss-commercial-high-security-wheel-lock\\\/#primaryimage\",\"url\":\"https:\\\/\\\/shop.bantam.ch\\\/wp-content\\\/uploads\\\/2023\\\/03\\\/9948633100.jpg\",\"contentUrl\":\"https:\\\/\\\/shop.bantam.ch\\\/wp-content\\\/uploads\\\/2023\\\/03\\\/9948633100.jpg\",\"width\":1000,\"height\":750},{\"@type\":\"BreadcrumbList\",\"@id\":\"https:\\\/\\\/shop.bantam.ch\\\/de\\\/produkt\\\/lenkradschloss-commercial-high-security-wheel-lock\\\/#breadcrumb\",\"itemListElement\":[{\"@type\":\"ListItem\",\"position\":1,\"name\":\"Accueil\",\"item\":\"https:\\\/\\\/shop.bantam.ch\\\/de\\\/\"},{\"@type\":\"ListItem\",\"position\":2,\"name\":\"Shop\",\"item\":\"https:\\\/\\\/shop.bantam.ch\\\/de\\\/shop\\\/\"},{\"@type\":\"ListItem\",\"position\":3,\"name\":\"Lenkradschloss Milenco Commercial High Security Wheel Lock\"}]},{\"@type\":\"WebSite\",\"@id\":\"https:\\\/\\\/shop.bantam.ch\\\/de\\\/#website\",\"url\":\"https:\\\/\\\/shop.bantam.ch\\\/de\\\/\",\"name\":\"Bantam\",\"description\":\"\",\"publisher\":{\"@id\":\"https:\\\/\\\/shop.bantam.ch\\\/de\\\/#organization\"},\"inLanguage\":\"de\"},{\"@type\":\"Organization\",\"@id\":\"https:\\\/\\\/shop.bantam.ch\\\/de\\\/#organization\",\"name\":\"Bantam\",\"url\":\"https:\\\/\\\/shop.bantam.ch\\\/de\\\/\",\"logo\":{\"@type\":\"ImageObject\",\"inLanguage\":\"de\",\"@id\":\"https:\\\/\\\/shop.bantam.ch\\\/de\\\/#\\\/schema\\\/logo\\\/image\\\/\",\"url\":\"https:\\\/\\\/shop.bantam.ch\\\/wp-content\\\/uploads\\\/2022\\\/12\\\/bantam-logo.png\",\"contentUrl\":\"https:\\\/\\\/shop.bantam.ch\\\/wp-content\\\/uploads\\\/2022\\\/12\\\/bantam-logo.png\",\"width\":320,\"height\":71,\"caption\":\"Bantam\"},\"image\":{\"@id\":\"https:\\\/\\\/shop.bantam.ch\\\/de\\\/#\\\/schema\\\/logo\\\/image\\\/\"}}]}<\/script>\n<!-- \/ Yoast SEO plugin. -->","yoast_head_json":{"title":"Lenkradschloss Milenco Commercial High Security Wheel Lock - Bantam","robots":{"index":"index","follow":"follow","max-snippet":"max-snippet:-1","max-image-preview":"max-image-preview:large","max-video-preview":"max-video-preview:-1"},"canonical":"https:\/\/shop.bantam.ch\/de\/produkt\/lenkradschloss-commercial-high-security-wheel-lock\/","og_locale":"de_DE","og_type":"article","og_title":"Lenkradschloss Milenco Commercial High Security Wheel Lock - Bantam","og_description":"Sichert am Lenkrad und verhindert Drehungen, bietet eine starke Diebstahlabschreckung und bietet un\u00fcbertroffenen Angriffswiderstand. 15,5 cm l\u00e4nger als die Standardversion, speziell entwickelt, um die Sicherheit in Transportern und Reisemobilen mit gr\u00f6\u00dferen Fahrerhausfl\u00e4chen zu erh\u00f6hen. Verkauft Secure Gold.","og_url":"https:\/\/shop.bantam.ch\/de\/produkt\/lenkradschloss-commercial-high-security-wheel-lock\/","og_site_name":"Bantam","article_modified_time":"2026-05-08T19:54:29+00:00","og_image":[{"width":1000,"height":750,"url":"https:\/\/shop.bantam.ch\/wp-content\/uploads\/2023\/03\/9948633100.jpg","type":"image\/jpeg"}],"twitter_card":"summary_large_image","schema":{"@context":"https:\/\/schema.org","@graph":[{"@type":"WebPage","@id":"https:\/\/shop.bantam.ch\/de\/produkt\/lenkradschloss-commercial-high-security-wheel-lock\/","url":"https:\/\/shop.bantam.ch\/de\/produkt\/lenkradschloss-commercial-high-security-wheel-lock\/","name":"Lenkradschloss Milenco Commercial High Security Wheel Lock - Bantam","isPartOf":{"@id":"https:\/\/shop.bantam.ch\/de\/#website"},"primaryImageOfPage":{"@id":"https:\/\/shop.bantam.ch\/de\/produkt\/lenkradschloss-commercial-high-security-wheel-lock\/#primaryimage"},"image":{"@id":"https:\/\/shop.bantam.ch\/de\/produkt\/lenkradschloss-commercial-high-security-wheel-lock\/#primaryimage"},"thumbnailUrl":"https:\/\/shop.bantam.ch\/wp-content\/uploads\/2023\/03\/9948633100.jpg","datePublished":"2023-03-01T00:34:42+00:00","dateModified":"2026-05-08T19:54:29+00:00","breadcrumb":{"@id":"https:\/\/shop.bantam.ch\/de\/produkt\/lenkradschloss-commercial-high-security-wheel-lock\/#breadcrumb"},"inLanguage":"de","potentialAction":[{"@type":"ReadAction","target":["https:\/\/shop.bantam.ch\/de\/produkt\/lenkradschloss-commercial-high-security-wheel-lock\/"]}]},{"@type":"ImageObject","inLanguage":"de","@id":"https:\/\/shop.bantam.ch\/de\/produkt\/lenkradschloss-commercial-high-security-wheel-lock\/#primaryimage","url":"https:\/\/shop.bantam.ch\/wp-content\/uploads\/2023\/03\/9948633100.jpg","contentUrl":"https:\/\/shop.bantam.ch\/wp-content\/uploads\/2023\/03\/9948633100.jpg","width":1000,"height":750},{"@type":"BreadcrumbList","@id":"https:\/\/shop.bantam.ch\/de\/produkt\/lenkradschloss-commercial-high-security-wheel-lock\/#breadcrumb","itemListElement":[{"@type":"ListItem","position":1,"name":"Accueil","item":"https:\/\/shop.bantam.ch\/de\/"},{"@type":"ListItem","position":2,"name":"Shop","item":"https:\/\/shop.bantam.ch\/de\/shop\/"},{"@type":"ListItem","position":3,"name":"Lenkradschloss Milenco Commercial High Security Wheel Lock"}]},{"@type":"WebSite","@id":"https:\/\/shop.bantam.ch\/de\/#website","url":"https:\/\/shop.bantam.ch\/de\/","name":"Bantam","description":"","publisher":{"@id":"https:\/\/shop.bantam.ch\/de\/#organization"},"inLanguage":"de"},{"@type":"Organization","@id":"https:\/\/shop.bantam.ch\/de\/#organization","name":"Bantam","url":"https:\/\/shop.bantam.ch\/de\/","logo":{"@type":"ImageObject","inLanguage":"de","@id":"https:\/\/shop.bantam.ch\/de\/#\/schema\/logo\/image\/","url":"https:\/\/shop.bantam.ch\/wp-content\/uploads\/2022\/12\/bantam-logo.png","contentUrl":"https:\/\/shop.bantam.ch\/wp-content\/uploads\/2022\/12\/bantam-logo.png","width":320,"height":71,"caption":"Bantam"},"image":{"@id":"https:\/\/shop.bantam.ch\/de\/#\/schema\/logo\/image\/"}}]}},"_links":{"self":[{"href":"https:\/\/shop.bantam.ch\/de\/wp-json\/wp\/v2\/product\/128399","targetHints":{"allow":["GET"]}}],"collection":[{"href":"https:\/\/shop.bantam.ch\/de\/wp-json\/wp\/v2\/product"}],"about":[{"href":"https:\/\/shop.bantam.ch\/de\/wp-json\/wp\/v2\/types\/product"}],"wp:featuredmedia":[{"embeddable":true,"href":"https:\/\/shop.bantam.ch\/de\/wp-json\/wp\/v2\/media\/128393"}],"wp:attachment":[{"href":"https:\/\/shop.bantam.ch\/de\/wp-json\/wp\/v2\/media?parent=128399"}],"wp:term":[{"taxonomy":"product_featured_cat","embeddable":true,"href":"https:\/\/shop.bantam.ch\/de\/wp-json\/wp\/v2\/product_featured_cat?post=128399"},{"taxonomy":"product_brand","embeddable":true,"href":"https:\/\/shop.bantam.ch\/de\/wp-json\/wp\/v2\/product_brand?post=128399"},{"taxonomy":"product_cat","embeddable":true,"href":"https:\/\/shop.bantam.ch\/de\/wp-json\/wp\/v2\/product_cat?post=128399"},{"taxonomy":"product_tag","embeddable":true,"href":"https:\/\/shop.bantam.ch\/de\/wp-json\/wp\/v2\/product_tag?post=128399"}],"curies":[{"name":"wp","href":"https:\/\/api.w.org\/{rel}","templated":true}]}}