{"id":128343,"date":"2023-03-01T01:33:30","date_gmt":"2023-03-01T00:33:30","guid":{"rendered":"https:\/\/shop.bantam.ch\/produit\/smoker-durchm-17-cm\/"},"modified":"2026-04-17T21:54:15","modified_gmt":"2026-04-17T19:54:15","slug":"smoker-durchm-17-cm","status":"publish","type":"product","link":"https:\/\/shop.bantam.ch\/de\/produkt\/smoker-durchm-17-cm\/","title":{"rendered":"Smoker VALHAL OUTDOOR Gusseisen Durchm. 17 cm"},"content":{"rendered":"<p>M\u00f6chten Sie Ihrem Gericht einen rauchigen Geschmack verleihen, aber Ihre Holzsp\u00e4ne brennen zu schnell aus? Die Smoker Rauchbox bietet die L\u00f6sung. Wenn Sie eine R\u00e4ucherbox verwenden, brennen Ihre Holzsp\u00e4ne weniger schnell aus, rauchen l\u00e4nger und geben daher l\u00e4nger Aroma ab. Die Rauchbox von Valhal Outdoor hat oben und unten Luftl\u00f6cher f\u00fcr einen besseren Luftstrom.<\/p>\n","protected":false},"excerpt":{"rendered":"<p>M\u00f6chten Sie Ihrem Gericht einen rauchigen Geschmack verleihen, aber Ihre Holzsp\u00e4ne brennen zu schnell aus? Die Smoker Rauchbox bietet die L\u00f6sung. Wenn Sie eine R\u00e4ucherbox verwenden, brennen Ihre Holzsp\u00e4ne weniger schnell aus, rauchen l\u00e4nger und geben daher l\u00e4nger Aroma ab. Die Rauchbox von Valhal Outdoor hat oben und unten Luftl\u00f6cher f\u00fcr einen besseren Luftstrom.<\/p>\n","protected":false},"featured_media":128335,"template":"","meta":{"_acf_changed":false},"product_featured_cat":[],"product_brand":[3655],"product_cat":[4264],"product_tag":[],"class_list":{"0":"post-128343","1":"product","2":"type-product","3":"status-publish","4":"has-post-thumbnail","6":"product_brand-valhal-outdoor-de","7":"product_cat-gusspfannen-toepfe","9":"first","10":"instock","11":"taxable","12":"shipping-taxable","13":"purchasable","14":"product-type-simple"},"acf":[],"yoast_head":"<!-- This site is optimized with the Yoast SEO plugin v27.4 - https:\/\/yoast.com\/product\/yoast-seo-wordpress\/ -->\n<title>Smoker VALHAL OUTDOOR Gusseisen Durchm. 17 cm - Bantam Camping AG<\/title>\n<meta name=\"robots\" content=\"index, follow, max-snippet:-1, max-image-preview:large, max-video-preview:-1\" \/>\n<link rel=\"canonical\" href=\"https:\/\/shop.bantam.ch\/de\/produkt\/smoker-durchm-17-cm\/\" \/>\n<meta property=\"og:locale\" content=\"de_DE\" \/>\n<meta property=\"og:type\" content=\"article\" \/>\n<meta property=\"og:title\" content=\"Smoker VALHAL OUTDOOR Gusseisen Durchm. 17 cm - Bantam Camping AG\" \/>\n<meta property=\"og:description\" content=\"M\u00f6chten Sie Ihrem Gericht einen rauchigen Geschmack verleihen, aber Ihre Holzsp\u00e4ne brennen zu schnell aus? Die Smoker Rauchbox bietet die L\u00f6sung. Wenn Sie eine R\u00e4ucherbox verwenden, brennen Ihre Holzsp\u00e4ne weniger schnell aus, rauchen l\u00e4nger und geben daher l\u00e4nger Aroma ab. Die Rauchbox von Valhal Outdoor hat oben und unten Luftl\u00f6cher f\u00fcr einen besseren Luftstrom.\" \/>\n<meta property=\"og:url\" content=\"https:\/\/shop.bantam.ch\/de\/produkt\/smoker-durchm-17-cm\/\" \/>\n<meta property=\"og:site_name\" content=\"Bantam Camping AG\" \/>\n<meta property=\"article:modified_time\" content=\"2026-04-17T19:54:15+00:00\" \/>\n<meta property=\"og:image\" content=\"https:\/\/shop.bantam.ch\/wp-content\/uploads\/2023\/03\/9957802100.jpg\" \/>\n\t<meta property=\"og:image:width\" content=\"1000\" \/>\n\t<meta property=\"og:image:height\" content=\"560\" \/>\n\t<meta property=\"og:image:type\" content=\"image\/jpeg\" \/>\n<meta name=\"twitter:card\" content=\"summary_large_image\" \/>\n<script type=\"application\/ld+json\" class=\"yoast-schema-graph\">{\"@context\":\"https:\\\/\\\/schema.org\",\"@graph\":[{\"@type\":\"WebPage\",\"@id\":\"https:\\\/\\\/shop.bantam.ch\\\/de\\\/produkt\\\/smoker-durchm-17-cm\\\/\",\"url\":\"https:\\\/\\\/shop.bantam.ch\\\/de\\\/produkt\\\/smoker-durchm-17-cm\\\/\",\"name\":\"Smoker VALHAL OUTDOOR Gusseisen Durchm. 17 cm - Bantam Camping AG\",\"isPartOf\":{\"@id\":\"https:\\\/\\\/shop.bantam.ch\\\/de\\\/#website\"},\"primaryImageOfPage\":{\"@id\":\"https:\\\/\\\/shop.bantam.ch\\\/de\\\/produkt\\\/smoker-durchm-17-cm\\\/#primaryimage\"},\"image\":{\"@id\":\"https:\\\/\\\/shop.bantam.ch\\\/de\\\/produkt\\\/smoker-durchm-17-cm\\\/#primaryimage\"},\"thumbnailUrl\":\"https:\\\/\\\/shop.bantam.ch\\\/wp-content\\\/uploads\\\/2023\\\/03\\\/9957802100.jpg\",\"datePublished\":\"2023-03-01T00:33:30+00:00\",\"dateModified\":\"2026-04-17T19:54:15+00:00\",\"breadcrumb\":{\"@id\":\"https:\\\/\\\/shop.bantam.ch\\\/de\\\/produkt\\\/smoker-durchm-17-cm\\\/#breadcrumb\"},\"inLanguage\":\"de\",\"potentialAction\":[{\"@type\":\"ReadAction\",\"target\":[\"https:\\\/\\\/shop.bantam.ch\\\/de\\\/produkt\\\/smoker-durchm-17-cm\\\/\"]}]},{\"@type\":\"ImageObject\",\"inLanguage\":\"de\",\"@id\":\"https:\\\/\\\/shop.bantam.ch\\\/de\\\/produkt\\\/smoker-durchm-17-cm\\\/#primaryimage\",\"url\":\"https:\\\/\\\/shop.bantam.ch\\\/wp-content\\\/uploads\\\/2023\\\/03\\\/9957802100.jpg\",\"contentUrl\":\"https:\\\/\\\/shop.bantam.ch\\\/wp-content\\\/uploads\\\/2023\\\/03\\\/9957802100.jpg\",\"width\":1000,\"height\":560},{\"@type\":\"BreadcrumbList\",\"@id\":\"https:\\\/\\\/shop.bantam.ch\\\/de\\\/produkt\\\/smoker-durchm-17-cm\\\/#breadcrumb\",\"itemListElement\":[{\"@type\":\"ListItem\",\"position\":1,\"name\":\"Accueil\",\"item\":\"https:\\\/\\\/shop.bantam.ch\\\/de\\\/\"},{\"@type\":\"ListItem\",\"position\":2,\"name\":\"Shop\",\"item\":\"https:\\\/\\\/shop.bantam.ch\\\/de\\\/shop\\\/\"},{\"@type\":\"ListItem\",\"position\":3,\"name\":\"Smoker VALHAL OUTDOOR Gusseisen Durchm. 17 cm\"}]},{\"@type\":\"WebSite\",\"@id\":\"https:\\\/\\\/shop.bantam.ch\\\/de\\\/#website\",\"url\":\"https:\\\/\\\/shop.bantam.ch\\\/de\\\/\",\"name\":\"Bantam Camping AG\",\"description\":\"\",\"publisher\":{\"@id\":\"https:\\\/\\\/shop.bantam.ch\\\/de\\\/#organization\"},\"inLanguage\":\"de\"},{\"@type\":\"Organization\",\"@id\":\"https:\\\/\\\/shop.bantam.ch\\\/de\\\/#organization\",\"name\":\"Bantam Camping AG\",\"url\":\"https:\\\/\\\/shop.bantam.ch\\\/de\\\/\",\"logo\":{\"@type\":\"ImageObject\",\"inLanguage\":\"de\",\"@id\":\"https:\\\/\\\/shop.bantam.ch\\\/de\\\/#\\\/schema\\\/logo\\\/image\\\/\",\"url\":\"https:\\\/\\\/shop.bantam.ch\\\/wp-content\\\/uploads\\\/2022\\\/12\\\/bantam-logo.png\",\"contentUrl\":\"https:\\\/\\\/shop.bantam.ch\\\/wp-content\\\/uploads\\\/2022\\\/12\\\/bantam-logo.png\",\"width\":320,\"height\":71,\"caption\":\"Bantam Camping AG\"},\"image\":{\"@id\":\"https:\\\/\\\/shop.bantam.ch\\\/de\\\/#\\\/schema\\\/logo\\\/image\\\/\"}}]}<\/script>\n<!-- \/ Yoast SEO plugin. -->","yoast_head_json":{"title":"Smoker VALHAL OUTDOOR Gusseisen Durchm. 17 cm - Bantam Camping AG","robots":{"index":"index","follow":"follow","max-snippet":"max-snippet:-1","max-image-preview":"max-image-preview:large","max-video-preview":"max-video-preview:-1"},"canonical":"https:\/\/shop.bantam.ch\/de\/produkt\/smoker-durchm-17-cm\/","og_locale":"de_DE","og_type":"article","og_title":"Smoker VALHAL OUTDOOR Gusseisen Durchm. 17 cm - Bantam Camping AG","og_description":"M\u00f6chten Sie Ihrem Gericht einen rauchigen Geschmack verleihen, aber Ihre Holzsp\u00e4ne brennen zu schnell aus? Die Smoker Rauchbox bietet die L\u00f6sung. Wenn Sie eine R\u00e4ucherbox verwenden, brennen Ihre Holzsp\u00e4ne weniger schnell aus, rauchen l\u00e4nger und geben daher l\u00e4nger Aroma ab. Die Rauchbox von Valhal Outdoor hat oben und unten Luftl\u00f6cher f\u00fcr einen besseren Luftstrom.","og_url":"https:\/\/shop.bantam.ch\/de\/produkt\/smoker-durchm-17-cm\/","og_site_name":"Bantam Camping AG","article_modified_time":"2026-04-17T19:54:15+00:00","og_image":[{"width":1000,"height":560,"url":"https:\/\/shop.bantam.ch\/wp-content\/uploads\/2023\/03\/9957802100.jpg","type":"image\/jpeg"}],"twitter_card":"summary_large_image","schema":{"@context":"https:\/\/schema.org","@graph":[{"@type":"WebPage","@id":"https:\/\/shop.bantam.ch\/de\/produkt\/smoker-durchm-17-cm\/","url":"https:\/\/shop.bantam.ch\/de\/produkt\/smoker-durchm-17-cm\/","name":"Smoker VALHAL OUTDOOR Gusseisen Durchm. 17 cm - Bantam Camping AG","isPartOf":{"@id":"https:\/\/shop.bantam.ch\/de\/#website"},"primaryImageOfPage":{"@id":"https:\/\/shop.bantam.ch\/de\/produkt\/smoker-durchm-17-cm\/#primaryimage"},"image":{"@id":"https:\/\/shop.bantam.ch\/de\/produkt\/smoker-durchm-17-cm\/#primaryimage"},"thumbnailUrl":"https:\/\/shop.bantam.ch\/wp-content\/uploads\/2023\/03\/9957802100.jpg","datePublished":"2023-03-01T00:33:30+00:00","dateModified":"2026-04-17T19:54:15+00:00","breadcrumb":{"@id":"https:\/\/shop.bantam.ch\/de\/produkt\/smoker-durchm-17-cm\/#breadcrumb"},"inLanguage":"de","potentialAction":[{"@type":"ReadAction","target":["https:\/\/shop.bantam.ch\/de\/produkt\/smoker-durchm-17-cm\/"]}]},{"@type":"ImageObject","inLanguage":"de","@id":"https:\/\/shop.bantam.ch\/de\/produkt\/smoker-durchm-17-cm\/#primaryimage","url":"https:\/\/shop.bantam.ch\/wp-content\/uploads\/2023\/03\/9957802100.jpg","contentUrl":"https:\/\/shop.bantam.ch\/wp-content\/uploads\/2023\/03\/9957802100.jpg","width":1000,"height":560},{"@type":"BreadcrumbList","@id":"https:\/\/shop.bantam.ch\/de\/produkt\/smoker-durchm-17-cm\/#breadcrumb","itemListElement":[{"@type":"ListItem","position":1,"name":"Accueil","item":"https:\/\/shop.bantam.ch\/de\/"},{"@type":"ListItem","position":2,"name":"Shop","item":"https:\/\/shop.bantam.ch\/de\/shop\/"},{"@type":"ListItem","position":3,"name":"Smoker VALHAL OUTDOOR Gusseisen Durchm. 17 cm"}]},{"@type":"WebSite","@id":"https:\/\/shop.bantam.ch\/de\/#website","url":"https:\/\/shop.bantam.ch\/de\/","name":"Bantam Camping AG","description":"","publisher":{"@id":"https:\/\/shop.bantam.ch\/de\/#organization"},"inLanguage":"de"},{"@type":"Organization","@id":"https:\/\/shop.bantam.ch\/de\/#organization","name":"Bantam Camping AG","url":"https:\/\/shop.bantam.ch\/de\/","logo":{"@type":"ImageObject","inLanguage":"de","@id":"https:\/\/shop.bantam.ch\/de\/#\/schema\/logo\/image\/","url":"https:\/\/shop.bantam.ch\/wp-content\/uploads\/2022\/12\/bantam-logo.png","contentUrl":"https:\/\/shop.bantam.ch\/wp-content\/uploads\/2022\/12\/bantam-logo.png","width":320,"height":71,"caption":"Bantam Camping AG"},"image":{"@id":"https:\/\/shop.bantam.ch\/de\/#\/schema\/logo\/image\/"}}]}},"_links":{"self":[{"href":"https:\/\/shop.bantam.ch\/de\/wp-json\/wp\/v2\/product\/128343","targetHints":{"allow":["GET"]}}],"collection":[{"href":"https:\/\/shop.bantam.ch\/de\/wp-json\/wp\/v2\/product"}],"about":[{"href":"https:\/\/shop.bantam.ch\/de\/wp-json\/wp\/v2\/types\/product"}],"wp:featuredmedia":[{"embeddable":true,"href":"https:\/\/shop.bantam.ch\/de\/wp-json\/wp\/v2\/media\/128335"}],"wp:attachment":[{"href":"https:\/\/shop.bantam.ch\/de\/wp-json\/wp\/v2\/media?parent=128343"}],"wp:term":[{"taxonomy":"product_featured_cat","embeddable":true,"href":"https:\/\/shop.bantam.ch\/de\/wp-json\/wp\/v2\/product_featured_cat?post=128343"},{"taxonomy":"product_brand","embeddable":true,"href":"https:\/\/shop.bantam.ch\/de\/wp-json\/wp\/v2\/product_brand?post=128343"},{"taxonomy":"product_cat","embeddable":true,"href":"https:\/\/shop.bantam.ch\/de\/wp-json\/wp\/v2\/product_cat?post=128343"},{"taxonomy":"product_tag","embeddable":true,"href":"https:\/\/shop.bantam.ch\/de\/wp-json\/wp\/v2\/product_tag?post=128343"}],"curies":[{"name":"wp","href":"https:\/\/api.w.org\/{rel}","templated":true}]}}