{"id":128333,"date":"2023-03-01T01:33:23","date_gmt":"2023-03-01T00:33:23","guid":{"rendered":"https:\/\/shop.bantam.ch\/produit\/muffinform-fuer-7-stueck-durchm-22-cm\/"},"modified":"2026-04-19T21:57:13","modified_gmt":"2026-04-19T19:57:13","slug":"muffinform-fuer-7-stueck-durchm-22-cm","status":"publish","type":"product","link":"https:\/\/shop.bantam.ch\/de\/produkt\/muffinform-fuer-7-stueck-durchm-22-cm\/","title":{"rendered":"Muffinform VALHAL OUTDOOR Gusseisen f\u00fcr 7 St\u00fcck Durch. 22 cm"},"content":{"rendered":"<p>Die Muffinform von Valhal Outdoor bietet Platz zum Backen von 7 Muffins auf einmal. Sie ist aus Gusseisen und kann im Backofen, im oder auf dem Grill verwendet werden, hat aber auch einen Griff, um sie z. B. an ein Stativ zu h\u00e4ngen. Mit seinem Durchmesser von 22 cm passt er auch in Dutch Ovens von 6,1 l und mehr. Dadurch werden die M\u00f6glichkeiten und die Verwendbarkeit weiter erh\u00f6ht.\u00a0Nat\u00fcrlich k\u00f6nnen Sie mit der Muffinform die leckersten Muffins backen, aber das ist noch nicht alles. Sie k\u00f6nnen auch herzhafte Gerichte wie z.B. Mini-Quiches zubereiten.<\/p>\n","protected":false},"excerpt":{"rendered":"<p>Die Muffinform von Valhal Outdoor bietet Platz zum Backen von 7 Muffins auf einmal. Sie ist aus Gusseisen und kann im Backofen, im oder auf dem Grill verwendet werden, hat aber auch einen Griff, um sie z. B. an ein Stativ zu h\u00e4ngen. Mit seinem Durchmesser von 22 cm passt er auch in Dutch Ovens [&hellip;]<\/p>\n","protected":false},"featured_media":128329,"template":"","meta":{"_acf_changed":false},"product_featured_cat":[],"product_brand":[3655],"product_cat":[4264],"product_tag":[],"class_list":{"0":"post-128333","1":"product","2":"type-product","3":"status-publish","4":"has-post-thumbnail","6":"product_brand-valhal-outdoor-de","7":"product_cat-gusspfannen-toepfe","9":"first","10":"instock","11":"taxable","12":"shipping-taxable","13":"purchasable","14":"product-type-simple"},"acf":[],"yoast_head":"<!-- This site is optimized with the Yoast SEO plugin v27.4 - https:\/\/yoast.com\/product\/yoast-seo-wordpress\/ -->\n<title>Muffinform VALHAL OUTDOOR Gusseisen f\u00fcr 7 St\u00fcck Durch. 22 cm - Bantam Camping AG<\/title>\n<meta name=\"robots\" content=\"index, follow, max-snippet:-1, max-image-preview:large, max-video-preview:-1\" \/>\n<link rel=\"canonical\" href=\"https:\/\/shop.bantam.ch\/de\/produkt\/muffinform-fuer-7-stueck-durchm-22-cm\/\" \/>\n<meta property=\"og:locale\" content=\"de_DE\" \/>\n<meta property=\"og:type\" content=\"article\" \/>\n<meta property=\"og:title\" content=\"Muffinform VALHAL OUTDOOR Gusseisen f\u00fcr 7 St\u00fcck Durch. 22 cm - Bantam Camping AG\" \/>\n<meta property=\"og:description\" content=\"Die Muffinform von Valhal Outdoor bietet Platz zum Backen von 7 Muffins auf einmal. Sie ist aus Gusseisen und kann im Backofen, im oder auf dem Grill verwendet werden, hat aber auch einen Griff, um sie z. B. an ein Stativ zu h\u00e4ngen. Mit seinem Durchmesser von 22 cm passt er auch in Dutch Ovens [&hellip;]\" \/>\n<meta property=\"og:url\" content=\"https:\/\/shop.bantam.ch\/de\/produkt\/muffinform-fuer-7-stueck-durchm-22-cm\/\" \/>\n<meta property=\"og:site_name\" content=\"Bantam Camping AG\" \/>\n<meta property=\"article:modified_time\" content=\"2026-04-19T19:57:13+00:00\" \/>\n<meta property=\"og:image\" content=\"https:\/\/shop.bantam.ch\/wp-content\/uploads\/2023\/03\/9957801100.jpg\" \/>\n\t<meta property=\"og:image:width\" content=\"1000\" \/>\n\t<meta property=\"og:image:height\" content=\"845\" \/>\n\t<meta property=\"og:image:type\" content=\"image\/jpeg\" \/>\n<meta name=\"twitter:card\" content=\"summary_large_image\" \/>\n<script type=\"application\/ld+json\" class=\"yoast-schema-graph\">{\"@context\":\"https:\\\/\\\/schema.org\",\"@graph\":[{\"@type\":\"WebPage\",\"@id\":\"https:\\\/\\\/shop.bantam.ch\\\/de\\\/produkt\\\/muffinform-fuer-7-stueck-durchm-22-cm\\\/\",\"url\":\"https:\\\/\\\/shop.bantam.ch\\\/de\\\/produkt\\\/muffinform-fuer-7-stueck-durchm-22-cm\\\/\",\"name\":\"Muffinform VALHAL OUTDOOR Gusseisen f\u00fcr 7 St\u00fcck Durch. 22 cm - Bantam Camping AG\",\"isPartOf\":{\"@id\":\"https:\\\/\\\/shop.bantam.ch\\\/de\\\/#website\"},\"primaryImageOfPage\":{\"@id\":\"https:\\\/\\\/shop.bantam.ch\\\/de\\\/produkt\\\/muffinform-fuer-7-stueck-durchm-22-cm\\\/#primaryimage\"},\"image\":{\"@id\":\"https:\\\/\\\/shop.bantam.ch\\\/de\\\/produkt\\\/muffinform-fuer-7-stueck-durchm-22-cm\\\/#primaryimage\"},\"thumbnailUrl\":\"https:\\\/\\\/shop.bantam.ch\\\/wp-content\\\/uploads\\\/2023\\\/03\\\/9957801100.jpg\",\"datePublished\":\"2023-03-01T00:33:23+00:00\",\"dateModified\":\"2026-04-19T19:57:13+00:00\",\"breadcrumb\":{\"@id\":\"https:\\\/\\\/shop.bantam.ch\\\/de\\\/produkt\\\/muffinform-fuer-7-stueck-durchm-22-cm\\\/#breadcrumb\"},\"inLanguage\":\"de\",\"potentialAction\":[{\"@type\":\"ReadAction\",\"target\":[\"https:\\\/\\\/shop.bantam.ch\\\/de\\\/produkt\\\/muffinform-fuer-7-stueck-durchm-22-cm\\\/\"]}]},{\"@type\":\"ImageObject\",\"inLanguage\":\"de\",\"@id\":\"https:\\\/\\\/shop.bantam.ch\\\/de\\\/produkt\\\/muffinform-fuer-7-stueck-durchm-22-cm\\\/#primaryimage\",\"url\":\"https:\\\/\\\/shop.bantam.ch\\\/wp-content\\\/uploads\\\/2023\\\/03\\\/9957801100.jpg\",\"contentUrl\":\"https:\\\/\\\/shop.bantam.ch\\\/wp-content\\\/uploads\\\/2023\\\/03\\\/9957801100.jpg\",\"width\":1000,\"height\":845},{\"@type\":\"BreadcrumbList\",\"@id\":\"https:\\\/\\\/shop.bantam.ch\\\/de\\\/produkt\\\/muffinform-fuer-7-stueck-durchm-22-cm\\\/#breadcrumb\",\"itemListElement\":[{\"@type\":\"ListItem\",\"position\":1,\"name\":\"Accueil\",\"item\":\"https:\\\/\\\/shop.bantam.ch\\\/de\\\/\"},{\"@type\":\"ListItem\",\"position\":2,\"name\":\"Shop\",\"item\":\"https:\\\/\\\/shop.bantam.ch\\\/de\\\/shop\\\/\"},{\"@type\":\"ListItem\",\"position\":3,\"name\":\"Muffinform VALHAL OUTDOOR Gusseisen f\u00fcr 7 St\u00fcck Durch. 22 cm\"}]},{\"@type\":\"WebSite\",\"@id\":\"https:\\\/\\\/shop.bantam.ch\\\/de\\\/#website\",\"url\":\"https:\\\/\\\/shop.bantam.ch\\\/de\\\/\",\"name\":\"Bantam Camping AG\",\"description\":\"\",\"publisher\":{\"@id\":\"https:\\\/\\\/shop.bantam.ch\\\/de\\\/#organization\"},\"inLanguage\":\"de\"},{\"@type\":\"Organization\",\"@id\":\"https:\\\/\\\/shop.bantam.ch\\\/de\\\/#organization\",\"name\":\"Bantam Camping AG\",\"url\":\"https:\\\/\\\/shop.bantam.ch\\\/de\\\/\",\"logo\":{\"@type\":\"ImageObject\",\"inLanguage\":\"de\",\"@id\":\"https:\\\/\\\/shop.bantam.ch\\\/de\\\/#\\\/schema\\\/logo\\\/image\\\/\",\"url\":\"https:\\\/\\\/shop.bantam.ch\\\/wp-content\\\/uploads\\\/2022\\\/12\\\/bantam-logo.png\",\"contentUrl\":\"https:\\\/\\\/shop.bantam.ch\\\/wp-content\\\/uploads\\\/2022\\\/12\\\/bantam-logo.png\",\"width\":320,\"height\":71,\"caption\":\"Bantam Camping AG\"},\"image\":{\"@id\":\"https:\\\/\\\/shop.bantam.ch\\\/de\\\/#\\\/schema\\\/logo\\\/image\\\/\"}}]}<\/script>\n<!-- \/ Yoast SEO plugin. -->","yoast_head_json":{"title":"Muffinform VALHAL OUTDOOR Gusseisen f\u00fcr 7 St\u00fcck Durch. 22 cm - Bantam Camping AG","robots":{"index":"index","follow":"follow","max-snippet":"max-snippet:-1","max-image-preview":"max-image-preview:large","max-video-preview":"max-video-preview:-1"},"canonical":"https:\/\/shop.bantam.ch\/de\/produkt\/muffinform-fuer-7-stueck-durchm-22-cm\/","og_locale":"de_DE","og_type":"article","og_title":"Muffinform VALHAL OUTDOOR Gusseisen f\u00fcr 7 St\u00fcck Durch. 22 cm - Bantam Camping AG","og_description":"Die Muffinform von Valhal Outdoor bietet Platz zum Backen von 7 Muffins auf einmal. Sie ist aus Gusseisen und kann im Backofen, im oder auf dem Grill verwendet werden, hat aber auch einen Griff, um sie z. B. an ein Stativ zu h\u00e4ngen. Mit seinem Durchmesser von 22 cm passt er auch in Dutch Ovens [&hellip;]","og_url":"https:\/\/shop.bantam.ch\/de\/produkt\/muffinform-fuer-7-stueck-durchm-22-cm\/","og_site_name":"Bantam Camping AG","article_modified_time":"2026-04-19T19:57:13+00:00","og_image":[{"width":1000,"height":845,"url":"https:\/\/shop.bantam.ch\/wp-content\/uploads\/2023\/03\/9957801100.jpg","type":"image\/jpeg"}],"twitter_card":"summary_large_image","schema":{"@context":"https:\/\/schema.org","@graph":[{"@type":"WebPage","@id":"https:\/\/shop.bantam.ch\/de\/produkt\/muffinform-fuer-7-stueck-durchm-22-cm\/","url":"https:\/\/shop.bantam.ch\/de\/produkt\/muffinform-fuer-7-stueck-durchm-22-cm\/","name":"Muffinform VALHAL OUTDOOR Gusseisen f\u00fcr 7 St\u00fcck Durch. 22 cm - Bantam Camping AG","isPartOf":{"@id":"https:\/\/shop.bantam.ch\/de\/#website"},"primaryImageOfPage":{"@id":"https:\/\/shop.bantam.ch\/de\/produkt\/muffinform-fuer-7-stueck-durchm-22-cm\/#primaryimage"},"image":{"@id":"https:\/\/shop.bantam.ch\/de\/produkt\/muffinform-fuer-7-stueck-durchm-22-cm\/#primaryimage"},"thumbnailUrl":"https:\/\/shop.bantam.ch\/wp-content\/uploads\/2023\/03\/9957801100.jpg","datePublished":"2023-03-01T00:33:23+00:00","dateModified":"2026-04-19T19:57:13+00:00","breadcrumb":{"@id":"https:\/\/shop.bantam.ch\/de\/produkt\/muffinform-fuer-7-stueck-durchm-22-cm\/#breadcrumb"},"inLanguage":"de","potentialAction":[{"@type":"ReadAction","target":["https:\/\/shop.bantam.ch\/de\/produkt\/muffinform-fuer-7-stueck-durchm-22-cm\/"]}]},{"@type":"ImageObject","inLanguage":"de","@id":"https:\/\/shop.bantam.ch\/de\/produkt\/muffinform-fuer-7-stueck-durchm-22-cm\/#primaryimage","url":"https:\/\/shop.bantam.ch\/wp-content\/uploads\/2023\/03\/9957801100.jpg","contentUrl":"https:\/\/shop.bantam.ch\/wp-content\/uploads\/2023\/03\/9957801100.jpg","width":1000,"height":845},{"@type":"BreadcrumbList","@id":"https:\/\/shop.bantam.ch\/de\/produkt\/muffinform-fuer-7-stueck-durchm-22-cm\/#breadcrumb","itemListElement":[{"@type":"ListItem","position":1,"name":"Accueil","item":"https:\/\/shop.bantam.ch\/de\/"},{"@type":"ListItem","position":2,"name":"Shop","item":"https:\/\/shop.bantam.ch\/de\/shop\/"},{"@type":"ListItem","position":3,"name":"Muffinform VALHAL OUTDOOR Gusseisen f\u00fcr 7 St\u00fcck Durch. 22 cm"}]},{"@type":"WebSite","@id":"https:\/\/shop.bantam.ch\/de\/#website","url":"https:\/\/shop.bantam.ch\/de\/","name":"Bantam Camping AG","description":"","publisher":{"@id":"https:\/\/shop.bantam.ch\/de\/#organization"},"inLanguage":"de"},{"@type":"Organization","@id":"https:\/\/shop.bantam.ch\/de\/#organization","name":"Bantam Camping AG","url":"https:\/\/shop.bantam.ch\/de\/","logo":{"@type":"ImageObject","inLanguage":"de","@id":"https:\/\/shop.bantam.ch\/de\/#\/schema\/logo\/image\/","url":"https:\/\/shop.bantam.ch\/wp-content\/uploads\/2022\/12\/bantam-logo.png","contentUrl":"https:\/\/shop.bantam.ch\/wp-content\/uploads\/2022\/12\/bantam-logo.png","width":320,"height":71,"caption":"Bantam Camping AG"},"image":{"@id":"https:\/\/shop.bantam.ch\/de\/#\/schema\/logo\/image\/"}}]}},"_links":{"self":[{"href":"https:\/\/shop.bantam.ch\/de\/wp-json\/wp\/v2\/product\/128333","targetHints":{"allow":["GET"]}}],"collection":[{"href":"https:\/\/shop.bantam.ch\/de\/wp-json\/wp\/v2\/product"}],"about":[{"href":"https:\/\/shop.bantam.ch\/de\/wp-json\/wp\/v2\/types\/product"}],"wp:featuredmedia":[{"embeddable":true,"href":"https:\/\/shop.bantam.ch\/de\/wp-json\/wp\/v2\/media\/128329"}],"wp:attachment":[{"href":"https:\/\/shop.bantam.ch\/de\/wp-json\/wp\/v2\/media?parent=128333"}],"wp:term":[{"taxonomy":"product_featured_cat","embeddable":true,"href":"https:\/\/shop.bantam.ch\/de\/wp-json\/wp\/v2\/product_featured_cat?post=128333"},{"taxonomy":"product_brand","embeddable":true,"href":"https:\/\/shop.bantam.ch\/de\/wp-json\/wp\/v2\/product_brand?post=128333"},{"taxonomy":"product_cat","embeddable":true,"href":"https:\/\/shop.bantam.ch\/de\/wp-json\/wp\/v2\/product_cat?post=128333"},{"taxonomy":"product_tag","embeddable":true,"href":"https:\/\/shop.bantam.ch\/de\/wp-json\/wp\/v2\/product_tag?post=128333"}],"curies":[{"name":"wp","href":"https:\/\/api.w.org\/{rel}","templated":true}]}}