{"id":128073,"date":"2023-03-01T01:28:55","date_gmt":"2023-03-01T00:28:55","guid":{"rendered":"https:\/\/shop.bantam.ch\/produit\/stuetzplatten-jumbo-foot-4-stueck\/"},"modified":"2026-04-17T21:54:02","modified_gmt":"2026-04-17T19:54:02","slug":"stuetzplatten-jumbo-foot-4-stueck","status":"publish","type":"product","link":"https:\/\/shop.bantam.ch\/de\/produkt\/stuetzplatten-jumbo-foot-4-stueck\/","title":{"rendered":"St\u00fctzplatten Heusser products Jumbo Foot Inhalt 4 St\u00fcck"},"content":{"rendered":"<p>St\u00fctzplattenset\u00a0 Jumbo Foot<\/p>\n<ul>\n<li>f\u00fcr alle g\u00e4ngigen Kurbelst\u00fctzen, auch f\u00fcr schwere Ausdrehst\u00fctzen\u00a0<\/li>\n<li>Schnelle, leichte Montage<\/li>\n<li>Dauermontage f\u00fcr schnelles und stabiles Parken<\/li>\n<li>Sch\u00fctzt die Kurbelst\u00fctze vor dem Einsinken in nicht befestigten Untergrund<\/li>\n<li>aus hochwertigem, robusten Kunststoff<\/li>\n<\/ul>\n","protected":false},"excerpt":{"rendered":"<p>St\u00fctzplattenset\u00a0 Jumbo Foot f\u00fcr alle g\u00e4ngigen Kurbelst\u00fctzen, auch f\u00fcr schwere Ausdrehst\u00fctzen\u00a0 Schnelle, leichte Montage Dauermontage f\u00fcr schnelles und stabiles Parken Sch\u00fctzt die Kurbelst\u00fctze vor dem Einsinken in nicht befestigten Untergrund aus hochwertigem, robusten Kunststoff<\/p>\n","protected":false},"featured_media":128071,"template":"","meta":{"_acf_changed":false},"product_featured_cat":[],"product_brand":[3119],"product_cat":[4776],"product_tag":[],"class_list":{"0":"post-128073","1":"product","2":"type-product","3":"status-publish","4":"has-post-thumbnail","6":"product_brand-heusser-products-de","7":"product_cat-steckstuetzen","9":"first","10":"instock","11":"taxable","12":"shipping-taxable","13":"purchasable","14":"product-type-simple"},"acf":[],"yoast_head":"<!-- This site is optimized with the Yoast SEO plugin v27.4 - https:\/\/yoast.com\/product\/yoast-seo-wordpress\/ -->\n<title>St\u00fctzplatten Heusser products Jumbo Foot Inhalt 4 St\u00fcck - Bantam Camping AG<\/title>\n<meta name=\"robots\" content=\"index, follow, max-snippet:-1, max-image-preview:large, max-video-preview:-1\" \/>\n<link rel=\"canonical\" href=\"https:\/\/shop.bantam.ch\/de\/produkt\/stuetzplatten-jumbo-foot-4-stueck\/\" \/>\n<meta property=\"og:locale\" content=\"de_DE\" \/>\n<meta property=\"og:type\" content=\"article\" \/>\n<meta property=\"og:title\" content=\"St\u00fctzplatten Heusser products Jumbo Foot Inhalt 4 St\u00fcck - Bantam Camping AG\" \/>\n<meta property=\"og:description\" content=\"St\u00fctzplattenset\u00a0 Jumbo Foot f\u00fcr alle g\u00e4ngigen Kurbelst\u00fctzen, auch f\u00fcr schwere Ausdrehst\u00fctzen\u00a0 Schnelle, leichte Montage Dauermontage f\u00fcr schnelles und stabiles Parken Sch\u00fctzt die Kurbelst\u00fctze vor dem Einsinken in nicht befestigten Untergrund aus hochwertigem, robusten Kunststoff\" \/>\n<meta property=\"og:url\" content=\"https:\/\/shop.bantam.ch\/de\/produkt\/stuetzplatten-jumbo-foot-4-stueck\/\" \/>\n<meta property=\"og:site_name\" content=\"Bantam Camping AG\" \/>\n<meta property=\"article:modified_time\" content=\"2026-04-17T19:54:02+00:00\" \/>\n<meta property=\"og:image\" content=\"https:\/\/shop.bantam.ch\/wp-content\/uploads\/2023\/03\/9948626100-scaled.jpg\" \/>\n\t<meta property=\"og:image:width\" content=\"2362\" \/>\n\t<meta property=\"og:image:height\" content=\"1772\" \/>\n\t<meta property=\"og:image:type\" content=\"image\/jpeg\" \/>\n<meta name=\"twitter:card\" content=\"summary_large_image\" \/>\n<script type=\"application\/ld+json\" class=\"yoast-schema-graph\">{\"@context\":\"https:\\\/\\\/schema.org\",\"@graph\":[{\"@type\":\"WebPage\",\"@id\":\"https:\\\/\\\/shop.bantam.ch\\\/de\\\/produkt\\\/stuetzplatten-jumbo-foot-4-stueck\\\/\",\"url\":\"https:\\\/\\\/shop.bantam.ch\\\/de\\\/produkt\\\/stuetzplatten-jumbo-foot-4-stueck\\\/\",\"name\":\"St\u00fctzplatten Heusser products Jumbo Foot Inhalt 4 St\u00fcck - Bantam Camping AG\",\"isPartOf\":{\"@id\":\"https:\\\/\\\/shop.bantam.ch\\\/de\\\/#website\"},\"primaryImageOfPage\":{\"@id\":\"https:\\\/\\\/shop.bantam.ch\\\/de\\\/produkt\\\/stuetzplatten-jumbo-foot-4-stueck\\\/#primaryimage\"},\"image\":{\"@id\":\"https:\\\/\\\/shop.bantam.ch\\\/de\\\/produkt\\\/stuetzplatten-jumbo-foot-4-stueck\\\/#primaryimage\"},\"thumbnailUrl\":\"https:\\\/\\\/shop.bantam.ch\\\/wp-content\\\/uploads\\\/2023\\\/03\\\/9948626100-scaled.jpg\",\"datePublished\":\"2023-03-01T00:28:55+00:00\",\"dateModified\":\"2026-04-17T19:54:02+00:00\",\"breadcrumb\":{\"@id\":\"https:\\\/\\\/shop.bantam.ch\\\/de\\\/produkt\\\/stuetzplatten-jumbo-foot-4-stueck\\\/#breadcrumb\"},\"inLanguage\":\"de\",\"potentialAction\":[{\"@type\":\"ReadAction\",\"target\":[\"https:\\\/\\\/shop.bantam.ch\\\/de\\\/produkt\\\/stuetzplatten-jumbo-foot-4-stueck\\\/\"]}]},{\"@type\":\"ImageObject\",\"inLanguage\":\"de\",\"@id\":\"https:\\\/\\\/shop.bantam.ch\\\/de\\\/produkt\\\/stuetzplatten-jumbo-foot-4-stueck\\\/#primaryimage\",\"url\":\"https:\\\/\\\/shop.bantam.ch\\\/wp-content\\\/uploads\\\/2023\\\/03\\\/9948626100-scaled.jpg\",\"contentUrl\":\"https:\\\/\\\/shop.bantam.ch\\\/wp-content\\\/uploads\\\/2023\\\/03\\\/9948626100-scaled.jpg\",\"width\":2048,\"height\":1536},{\"@type\":\"BreadcrumbList\",\"@id\":\"https:\\\/\\\/shop.bantam.ch\\\/de\\\/produkt\\\/stuetzplatten-jumbo-foot-4-stueck\\\/#breadcrumb\",\"itemListElement\":[{\"@type\":\"ListItem\",\"position\":1,\"name\":\"Accueil\",\"item\":\"https:\\\/\\\/shop.bantam.ch\\\/de\\\/\"},{\"@type\":\"ListItem\",\"position\":2,\"name\":\"Shop\",\"item\":\"https:\\\/\\\/shop.bantam.ch\\\/de\\\/shop\\\/\"},{\"@type\":\"ListItem\",\"position\":3,\"name\":\"St\u00fctzplatten Heusser products Jumbo Foot Inhalt 4 St\u00fcck\"}]},{\"@type\":\"WebSite\",\"@id\":\"https:\\\/\\\/shop.bantam.ch\\\/de\\\/#website\",\"url\":\"https:\\\/\\\/shop.bantam.ch\\\/de\\\/\",\"name\":\"Bantam Camping AG\",\"description\":\"\",\"publisher\":{\"@id\":\"https:\\\/\\\/shop.bantam.ch\\\/de\\\/#organization\"},\"inLanguage\":\"de\"},{\"@type\":\"Organization\",\"@id\":\"https:\\\/\\\/shop.bantam.ch\\\/de\\\/#organization\",\"name\":\"Bantam Camping AG\",\"url\":\"https:\\\/\\\/shop.bantam.ch\\\/de\\\/\",\"logo\":{\"@type\":\"ImageObject\",\"inLanguage\":\"de\",\"@id\":\"https:\\\/\\\/shop.bantam.ch\\\/de\\\/#\\\/schema\\\/logo\\\/image\\\/\",\"url\":\"https:\\\/\\\/shop.bantam.ch\\\/wp-content\\\/uploads\\\/2022\\\/12\\\/bantam-logo.png\",\"contentUrl\":\"https:\\\/\\\/shop.bantam.ch\\\/wp-content\\\/uploads\\\/2022\\\/12\\\/bantam-logo.png\",\"width\":320,\"height\":71,\"caption\":\"Bantam Camping AG\"},\"image\":{\"@id\":\"https:\\\/\\\/shop.bantam.ch\\\/de\\\/#\\\/schema\\\/logo\\\/image\\\/\"}}]}<\/script>\n<!-- \/ Yoast SEO plugin. -->","yoast_head_json":{"title":"St\u00fctzplatten Heusser products Jumbo Foot Inhalt 4 St\u00fcck - Bantam Camping AG","robots":{"index":"index","follow":"follow","max-snippet":"max-snippet:-1","max-image-preview":"max-image-preview:large","max-video-preview":"max-video-preview:-1"},"canonical":"https:\/\/shop.bantam.ch\/de\/produkt\/stuetzplatten-jumbo-foot-4-stueck\/","og_locale":"de_DE","og_type":"article","og_title":"St\u00fctzplatten Heusser products Jumbo Foot Inhalt 4 St\u00fcck - Bantam Camping AG","og_description":"St\u00fctzplattenset\u00a0 Jumbo Foot f\u00fcr alle g\u00e4ngigen Kurbelst\u00fctzen, auch f\u00fcr schwere Ausdrehst\u00fctzen\u00a0 Schnelle, leichte Montage Dauermontage f\u00fcr schnelles und stabiles Parken Sch\u00fctzt die Kurbelst\u00fctze vor dem Einsinken in nicht befestigten Untergrund aus hochwertigem, robusten Kunststoff","og_url":"https:\/\/shop.bantam.ch\/de\/produkt\/stuetzplatten-jumbo-foot-4-stueck\/","og_site_name":"Bantam Camping AG","article_modified_time":"2026-04-17T19:54:02+00:00","og_image":[{"width":2362,"height":1772,"url":"https:\/\/shop.bantam.ch\/wp-content\/uploads\/2023\/03\/9948626100-scaled.jpg","type":"image\/jpeg"}],"twitter_card":"summary_large_image","schema":{"@context":"https:\/\/schema.org","@graph":[{"@type":"WebPage","@id":"https:\/\/shop.bantam.ch\/de\/produkt\/stuetzplatten-jumbo-foot-4-stueck\/","url":"https:\/\/shop.bantam.ch\/de\/produkt\/stuetzplatten-jumbo-foot-4-stueck\/","name":"St\u00fctzplatten Heusser products Jumbo Foot Inhalt 4 St\u00fcck - Bantam Camping AG","isPartOf":{"@id":"https:\/\/shop.bantam.ch\/de\/#website"},"primaryImageOfPage":{"@id":"https:\/\/shop.bantam.ch\/de\/produkt\/stuetzplatten-jumbo-foot-4-stueck\/#primaryimage"},"image":{"@id":"https:\/\/shop.bantam.ch\/de\/produkt\/stuetzplatten-jumbo-foot-4-stueck\/#primaryimage"},"thumbnailUrl":"https:\/\/shop.bantam.ch\/wp-content\/uploads\/2023\/03\/9948626100-scaled.jpg","datePublished":"2023-03-01T00:28:55+00:00","dateModified":"2026-04-17T19:54:02+00:00","breadcrumb":{"@id":"https:\/\/shop.bantam.ch\/de\/produkt\/stuetzplatten-jumbo-foot-4-stueck\/#breadcrumb"},"inLanguage":"de","potentialAction":[{"@type":"ReadAction","target":["https:\/\/shop.bantam.ch\/de\/produkt\/stuetzplatten-jumbo-foot-4-stueck\/"]}]},{"@type":"ImageObject","inLanguage":"de","@id":"https:\/\/shop.bantam.ch\/de\/produkt\/stuetzplatten-jumbo-foot-4-stueck\/#primaryimage","url":"https:\/\/shop.bantam.ch\/wp-content\/uploads\/2023\/03\/9948626100-scaled.jpg","contentUrl":"https:\/\/shop.bantam.ch\/wp-content\/uploads\/2023\/03\/9948626100-scaled.jpg","width":2048,"height":1536},{"@type":"BreadcrumbList","@id":"https:\/\/shop.bantam.ch\/de\/produkt\/stuetzplatten-jumbo-foot-4-stueck\/#breadcrumb","itemListElement":[{"@type":"ListItem","position":1,"name":"Accueil","item":"https:\/\/shop.bantam.ch\/de\/"},{"@type":"ListItem","position":2,"name":"Shop","item":"https:\/\/shop.bantam.ch\/de\/shop\/"},{"@type":"ListItem","position":3,"name":"St\u00fctzplatten Heusser products Jumbo Foot Inhalt 4 St\u00fcck"}]},{"@type":"WebSite","@id":"https:\/\/shop.bantam.ch\/de\/#website","url":"https:\/\/shop.bantam.ch\/de\/","name":"Bantam Camping AG","description":"","publisher":{"@id":"https:\/\/shop.bantam.ch\/de\/#organization"},"inLanguage":"de"},{"@type":"Organization","@id":"https:\/\/shop.bantam.ch\/de\/#organization","name":"Bantam Camping AG","url":"https:\/\/shop.bantam.ch\/de\/","logo":{"@type":"ImageObject","inLanguage":"de","@id":"https:\/\/shop.bantam.ch\/de\/#\/schema\/logo\/image\/","url":"https:\/\/shop.bantam.ch\/wp-content\/uploads\/2022\/12\/bantam-logo.png","contentUrl":"https:\/\/shop.bantam.ch\/wp-content\/uploads\/2022\/12\/bantam-logo.png","width":320,"height":71,"caption":"Bantam Camping AG"},"image":{"@id":"https:\/\/shop.bantam.ch\/de\/#\/schema\/logo\/image\/"}}]}},"_links":{"self":[{"href":"https:\/\/shop.bantam.ch\/de\/wp-json\/wp\/v2\/product\/128073","targetHints":{"allow":["GET"]}}],"collection":[{"href":"https:\/\/shop.bantam.ch\/de\/wp-json\/wp\/v2\/product"}],"about":[{"href":"https:\/\/shop.bantam.ch\/de\/wp-json\/wp\/v2\/types\/product"}],"wp:featuredmedia":[{"embeddable":true,"href":"https:\/\/shop.bantam.ch\/de\/wp-json\/wp\/v2\/media\/128071"}],"wp:attachment":[{"href":"https:\/\/shop.bantam.ch\/de\/wp-json\/wp\/v2\/media?parent=128073"}],"wp:term":[{"taxonomy":"product_featured_cat","embeddable":true,"href":"https:\/\/shop.bantam.ch\/de\/wp-json\/wp\/v2\/product_featured_cat?post=128073"},{"taxonomy":"product_brand","embeddable":true,"href":"https:\/\/shop.bantam.ch\/de\/wp-json\/wp\/v2\/product_brand?post=128073"},{"taxonomy":"product_cat","embeddable":true,"href":"https:\/\/shop.bantam.ch\/de\/wp-json\/wp\/v2\/product_cat?post=128073"},{"taxonomy":"product_tag","embeddable":true,"href":"https:\/\/shop.bantam.ch\/de\/wp-json\/wp\/v2\/product_tag?post=128073"}],"curies":[{"name":"wp","href":"https:\/\/api.w.org\/{rel}","templated":true}]}}