{"id":128061,"date":"2023-03-01T01:28:39","date_gmt":"2023-03-01T00:28:39","guid":{"rendered":"https:\/\/shop.bantam.ch\/produit\/intensivreiniger-pearl-fuer-reisemobile-und-boote\/"},"modified":"2026-04-18T21:55:05","modified_gmt":"2026-04-18T19:55:05","slug":"intensivreiniger-pearl-fuer-reisemobile-und-boote","status":"publish","type":"product","link":"https:\/\/shop.bantam.ch\/de\/produkt\/intensivreiniger-pearl-fuer-reisemobile-und-boote\/","title":{"rendered":"Intensivreiniger awiwa pearl f\u00fcr Reisemobile und Boote 1 l"},"content":{"rendered":"<p>awiwa pearl ist ein hochkonzentrierter Intensivreiniger und idealer Regenstreifenentferner aus nachwachsenden Rohstoffen. Er eignet sich f\u00fcr die Reinigung von Reisemobile und Boote und die Pflege verschiedenster Oberfl\u00e4chen (Lack, Folienbeschichtung, Acrylglas, Glas, Kunststoff, Gummi, N\u00e4hte, Chrom, Plexiglas, Edelstahl, Keramik, Carbon, etc.). Der Reiniger entfernt hartn\u00e4ckige Verschmutzungen und Ablagerungen, witterungsbedingte Bel\u00e4ge (wie z. B. Schwarze Regenstreifen), Insekte, Harze, sowie Fette und \u00d6le. Awiwa pearl schont Material und Farben und ist chlor- und s\u00e4urefrei.<\/p>\n","protected":false},"excerpt":{"rendered":"<p>awiwa pearl ist ein hochkonzentrierter Intensivreiniger und idealer Regenstreifenentferner aus nachwachsenden Rohstoffen. Er eignet sich f\u00fcr die Reinigung von Reisemobile und Boote und die Pflege verschiedenster Oberfl\u00e4chen (Lack, Folienbeschichtung, Acrylglas, Glas, Kunststoff, Gummi, N\u00e4hte, Chrom, Plexiglas, Edelstahl, Keramik, Carbon, etc.). Der Reiniger entfernt hartn\u00e4ckige Verschmutzungen und Ablagerungen, witterungsbedingte Bel\u00e4ge (wie z. B. Schwarze Regenstreifen), Insekte, [&hellip;]<\/p>\n","protected":false},"featured_media":128059,"template":"","meta":{"_acf_changed":false},"product_featured_cat":[],"product_brand":[3517],"product_cat":[5092],"product_tag":[],"class_list":{"0":"post-128061","1":"product","2":"type-product","3":"status-publish","4":"has-post-thumbnail","6":"product_brand-awiwa-de","7":"product_cat-reinigung-spezialreiniger","9":"first","10":"instock","11":"taxable","12":"shipping-taxable","13":"purchasable","14":"product-type-simple"},"acf":[],"yoast_head":"<!-- This site is optimized with the Yoast SEO plugin v27.4 - https:\/\/yoast.com\/product\/yoast-seo-wordpress\/ -->\n<title>Intensivreiniger awiwa pearl f\u00fcr Reisemobile und Boote 1 l - Bantam Camping AG<\/title>\n<meta name=\"robots\" content=\"index, follow, max-snippet:-1, max-image-preview:large, max-video-preview:-1\" \/>\n<link rel=\"canonical\" href=\"https:\/\/shop.bantam.ch\/de\/produkt\/intensivreiniger-pearl-fuer-reisemobile-und-boote\/\" \/>\n<meta property=\"og:locale\" content=\"de_DE\" \/>\n<meta property=\"og:type\" content=\"article\" \/>\n<meta property=\"og:title\" content=\"Intensivreiniger awiwa pearl f\u00fcr Reisemobile und Boote 1 l - Bantam Camping AG\" \/>\n<meta property=\"og:description\" content=\"awiwa pearl ist ein hochkonzentrierter Intensivreiniger und idealer Regenstreifenentferner aus nachwachsenden Rohstoffen. Er eignet sich f\u00fcr die Reinigung von Reisemobile und Boote und die Pflege verschiedenster Oberfl\u00e4chen (Lack, Folienbeschichtung, Acrylglas, Glas, Kunststoff, Gummi, N\u00e4hte, Chrom, Plexiglas, Edelstahl, Keramik, Carbon, etc.). Der Reiniger entfernt hartn\u00e4ckige Verschmutzungen und Ablagerungen, witterungsbedingte Bel\u00e4ge (wie z. B. Schwarze Regenstreifen), Insekte, [&hellip;]\" \/>\n<meta property=\"og:url\" content=\"https:\/\/shop.bantam.ch\/de\/produkt\/intensivreiniger-pearl-fuer-reisemobile-und-boote\/\" \/>\n<meta property=\"og:site_name\" content=\"Bantam Camping AG\" \/>\n<meta property=\"article:modified_time\" content=\"2026-04-18T19:55:05+00:00\" \/>\n<meta property=\"og:image\" content=\"https:\/\/shop.bantam.ch\/wp-content\/uploads\/2023\/03\/9948625100.jpg\" \/>\n\t<meta property=\"og:image:width\" content=\"277\" \/>\n\t<meta property=\"og:image:height\" content=\"1000\" \/>\n\t<meta property=\"og:image:type\" content=\"image\/jpeg\" \/>\n<meta name=\"twitter:card\" content=\"summary_large_image\" \/>\n<script type=\"application\/ld+json\" class=\"yoast-schema-graph\">{\"@context\":\"https:\\\/\\\/schema.org\",\"@graph\":[{\"@type\":\"WebPage\",\"@id\":\"https:\\\/\\\/shop.bantam.ch\\\/de\\\/produkt\\\/intensivreiniger-pearl-fuer-reisemobile-und-boote\\\/\",\"url\":\"https:\\\/\\\/shop.bantam.ch\\\/de\\\/produkt\\\/intensivreiniger-pearl-fuer-reisemobile-und-boote\\\/\",\"name\":\"Intensivreiniger awiwa pearl f\u00fcr Reisemobile und Boote 1 l - Bantam Camping AG\",\"isPartOf\":{\"@id\":\"https:\\\/\\\/shop.bantam.ch\\\/de\\\/#website\"},\"primaryImageOfPage\":{\"@id\":\"https:\\\/\\\/shop.bantam.ch\\\/de\\\/produkt\\\/intensivreiniger-pearl-fuer-reisemobile-und-boote\\\/#primaryimage\"},\"image\":{\"@id\":\"https:\\\/\\\/shop.bantam.ch\\\/de\\\/produkt\\\/intensivreiniger-pearl-fuer-reisemobile-und-boote\\\/#primaryimage\"},\"thumbnailUrl\":\"https:\\\/\\\/shop.bantam.ch\\\/wp-content\\\/uploads\\\/2023\\\/03\\\/9948625100.jpg\",\"datePublished\":\"2023-03-01T00:28:39+00:00\",\"dateModified\":\"2026-04-18T19:55:05+00:00\",\"breadcrumb\":{\"@id\":\"https:\\\/\\\/shop.bantam.ch\\\/de\\\/produkt\\\/intensivreiniger-pearl-fuer-reisemobile-und-boote\\\/#breadcrumb\"},\"inLanguage\":\"de\",\"potentialAction\":[{\"@type\":\"ReadAction\",\"target\":[\"https:\\\/\\\/shop.bantam.ch\\\/de\\\/produkt\\\/intensivreiniger-pearl-fuer-reisemobile-und-boote\\\/\"]}]},{\"@type\":\"ImageObject\",\"inLanguage\":\"de\",\"@id\":\"https:\\\/\\\/shop.bantam.ch\\\/de\\\/produkt\\\/intensivreiniger-pearl-fuer-reisemobile-und-boote\\\/#primaryimage\",\"url\":\"https:\\\/\\\/shop.bantam.ch\\\/wp-content\\\/uploads\\\/2023\\\/03\\\/9948625100.jpg\",\"contentUrl\":\"https:\\\/\\\/shop.bantam.ch\\\/wp-content\\\/uploads\\\/2023\\\/03\\\/9948625100.jpg\",\"width\":277,\"height\":1000},{\"@type\":\"BreadcrumbList\",\"@id\":\"https:\\\/\\\/shop.bantam.ch\\\/de\\\/produkt\\\/intensivreiniger-pearl-fuer-reisemobile-und-boote\\\/#breadcrumb\",\"itemListElement\":[{\"@type\":\"ListItem\",\"position\":1,\"name\":\"Accueil\",\"item\":\"https:\\\/\\\/shop.bantam.ch\\\/de\\\/\"},{\"@type\":\"ListItem\",\"position\":2,\"name\":\"Shop\",\"item\":\"https:\\\/\\\/shop.bantam.ch\\\/de\\\/shop\\\/\"},{\"@type\":\"ListItem\",\"position\":3,\"name\":\"Intensivreiniger awiwa pearl f\u00fcr Reisemobile und Boote 1 l\"}]},{\"@type\":\"WebSite\",\"@id\":\"https:\\\/\\\/shop.bantam.ch\\\/de\\\/#website\",\"url\":\"https:\\\/\\\/shop.bantam.ch\\\/de\\\/\",\"name\":\"Bantam Camping AG\",\"description\":\"\",\"publisher\":{\"@id\":\"https:\\\/\\\/shop.bantam.ch\\\/de\\\/#organization\"},\"inLanguage\":\"de\"},{\"@type\":\"Organization\",\"@id\":\"https:\\\/\\\/shop.bantam.ch\\\/de\\\/#organization\",\"name\":\"Bantam Camping AG\",\"url\":\"https:\\\/\\\/shop.bantam.ch\\\/de\\\/\",\"logo\":{\"@type\":\"ImageObject\",\"inLanguage\":\"de\",\"@id\":\"https:\\\/\\\/shop.bantam.ch\\\/de\\\/#\\\/schema\\\/logo\\\/image\\\/\",\"url\":\"https:\\\/\\\/shop.bantam.ch\\\/wp-content\\\/uploads\\\/2022\\\/12\\\/bantam-logo.png\",\"contentUrl\":\"https:\\\/\\\/shop.bantam.ch\\\/wp-content\\\/uploads\\\/2022\\\/12\\\/bantam-logo.png\",\"width\":320,\"height\":71,\"caption\":\"Bantam Camping AG\"},\"image\":{\"@id\":\"https:\\\/\\\/shop.bantam.ch\\\/de\\\/#\\\/schema\\\/logo\\\/image\\\/\"}}]}<\/script>\n<!-- \/ Yoast SEO plugin. -->","yoast_head_json":{"title":"Intensivreiniger awiwa pearl f\u00fcr Reisemobile und Boote 1 l - Bantam Camping AG","robots":{"index":"index","follow":"follow","max-snippet":"max-snippet:-1","max-image-preview":"max-image-preview:large","max-video-preview":"max-video-preview:-1"},"canonical":"https:\/\/shop.bantam.ch\/de\/produkt\/intensivreiniger-pearl-fuer-reisemobile-und-boote\/","og_locale":"de_DE","og_type":"article","og_title":"Intensivreiniger awiwa pearl f\u00fcr Reisemobile und Boote 1 l - Bantam Camping AG","og_description":"awiwa pearl ist ein hochkonzentrierter Intensivreiniger und idealer Regenstreifenentferner aus nachwachsenden Rohstoffen. Er eignet sich f\u00fcr die Reinigung von Reisemobile und Boote und die Pflege verschiedenster Oberfl\u00e4chen (Lack, Folienbeschichtung, Acrylglas, Glas, Kunststoff, Gummi, N\u00e4hte, Chrom, Plexiglas, Edelstahl, Keramik, Carbon, etc.). Der Reiniger entfernt hartn\u00e4ckige Verschmutzungen und Ablagerungen, witterungsbedingte Bel\u00e4ge (wie z. B. Schwarze Regenstreifen), Insekte, [&hellip;]","og_url":"https:\/\/shop.bantam.ch\/de\/produkt\/intensivreiniger-pearl-fuer-reisemobile-und-boote\/","og_site_name":"Bantam Camping AG","article_modified_time":"2026-04-18T19:55:05+00:00","og_image":[{"width":277,"height":1000,"url":"https:\/\/shop.bantam.ch\/wp-content\/uploads\/2023\/03\/9948625100.jpg","type":"image\/jpeg"}],"twitter_card":"summary_large_image","schema":{"@context":"https:\/\/schema.org","@graph":[{"@type":"WebPage","@id":"https:\/\/shop.bantam.ch\/de\/produkt\/intensivreiniger-pearl-fuer-reisemobile-und-boote\/","url":"https:\/\/shop.bantam.ch\/de\/produkt\/intensivreiniger-pearl-fuer-reisemobile-und-boote\/","name":"Intensivreiniger awiwa pearl f\u00fcr Reisemobile und Boote 1 l - Bantam Camping AG","isPartOf":{"@id":"https:\/\/shop.bantam.ch\/de\/#website"},"primaryImageOfPage":{"@id":"https:\/\/shop.bantam.ch\/de\/produkt\/intensivreiniger-pearl-fuer-reisemobile-und-boote\/#primaryimage"},"image":{"@id":"https:\/\/shop.bantam.ch\/de\/produkt\/intensivreiniger-pearl-fuer-reisemobile-und-boote\/#primaryimage"},"thumbnailUrl":"https:\/\/shop.bantam.ch\/wp-content\/uploads\/2023\/03\/9948625100.jpg","datePublished":"2023-03-01T00:28:39+00:00","dateModified":"2026-04-18T19:55:05+00:00","breadcrumb":{"@id":"https:\/\/shop.bantam.ch\/de\/produkt\/intensivreiniger-pearl-fuer-reisemobile-und-boote\/#breadcrumb"},"inLanguage":"de","potentialAction":[{"@type":"ReadAction","target":["https:\/\/shop.bantam.ch\/de\/produkt\/intensivreiniger-pearl-fuer-reisemobile-und-boote\/"]}]},{"@type":"ImageObject","inLanguage":"de","@id":"https:\/\/shop.bantam.ch\/de\/produkt\/intensivreiniger-pearl-fuer-reisemobile-und-boote\/#primaryimage","url":"https:\/\/shop.bantam.ch\/wp-content\/uploads\/2023\/03\/9948625100.jpg","contentUrl":"https:\/\/shop.bantam.ch\/wp-content\/uploads\/2023\/03\/9948625100.jpg","width":277,"height":1000},{"@type":"BreadcrumbList","@id":"https:\/\/shop.bantam.ch\/de\/produkt\/intensivreiniger-pearl-fuer-reisemobile-und-boote\/#breadcrumb","itemListElement":[{"@type":"ListItem","position":1,"name":"Accueil","item":"https:\/\/shop.bantam.ch\/de\/"},{"@type":"ListItem","position":2,"name":"Shop","item":"https:\/\/shop.bantam.ch\/de\/shop\/"},{"@type":"ListItem","position":3,"name":"Intensivreiniger awiwa pearl f\u00fcr Reisemobile und Boote 1 l"}]},{"@type":"WebSite","@id":"https:\/\/shop.bantam.ch\/de\/#website","url":"https:\/\/shop.bantam.ch\/de\/","name":"Bantam Camping AG","description":"","publisher":{"@id":"https:\/\/shop.bantam.ch\/de\/#organization"},"inLanguage":"de"},{"@type":"Organization","@id":"https:\/\/shop.bantam.ch\/de\/#organization","name":"Bantam Camping AG","url":"https:\/\/shop.bantam.ch\/de\/","logo":{"@type":"ImageObject","inLanguage":"de","@id":"https:\/\/shop.bantam.ch\/de\/#\/schema\/logo\/image\/","url":"https:\/\/shop.bantam.ch\/wp-content\/uploads\/2022\/12\/bantam-logo.png","contentUrl":"https:\/\/shop.bantam.ch\/wp-content\/uploads\/2022\/12\/bantam-logo.png","width":320,"height":71,"caption":"Bantam Camping AG"},"image":{"@id":"https:\/\/shop.bantam.ch\/de\/#\/schema\/logo\/image\/"}}]}},"_links":{"self":[{"href":"https:\/\/shop.bantam.ch\/de\/wp-json\/wp\/v2\/product\/128061","targetHints":{"allow":["GET"]}}],"collection":[{"href":"https:\/\/shop.bantam.ch\/de\/wp-json\/wp\/v2\/product"}],"about":[{"href":"https:\/\/shop.bantam.ch\/de\/wp-json\/wp\/v2\/types\/product"}],"wp:featuredmedia":[{"embeddable":true,"href":"https:\/\/shop.bantam.ch\/de\/wp-json\/wp\/v2\/media\/128059"}],"wp:attachment":[{"href":"https:\/\/shop.bantam.ch\/de\/wp-json\/wp\/v2\/media?parent=128061"}],"wp:term":[{"taxonomy":"product_featured_cat","embeddable":true,"href":"https:\/\/shop.bantam.ch\/de\/wp-json\/wp\/v2\/product_featured_cat?post=128061"},{"taxonomy":"product_brand","embeddable":true,"href":"https:\/\/shop.bantam.ch\/de\/wp-json\/wp\/v2\/product_brand?post=128061"},{"taxonomy":"product_cat","embeddable":true,"href":"https:\/\/shop.bantam.ch\/de\/wp-json\/wp\/v2\/product_cat?post=128061"},{"taxonomy":"product_tag","embeddable":true,"href":"https:\/\/shop.bantam.ch\/de\/wp-json\/wp\/v2\/product_tag?post=128061"}],"curies":[{"name":"wp","href":"https:\/\/api.w.org\/{rel}","templated":true}]}}