{"id":128045,"date":"2023-03-01T01:28:19","date_gmt":"2023-03-01T00:28:19","guid":{"rendered":"https:\/\/shop.bantam.ch\/produit\/hdmi-extender-mini-ii\/"},"modified":"2026-04-20T21:55:28","modified_gmt":"2026-04-20T19:55:28","slug":"hdmi-extender-mini-ii","status":"publish","type":"product","link":"https:\/\/shop.bantam.ch\/de\/produkt\/hdmi-extender-mini-ii\/","title":{"rendered":"HDMI Extender MEGASAT Mini II"},"content":{"rendered":"<p>Der HDMI Extender Mini besteht aus einem Sender und einem Empf\u00e4nger die\u00a0jeweils eine HDMI-Schnittstelle besitzen. Das System erm\u00f6glicht eine drahtlose \u00dcbertragung der HDMI-Signale in Full-HD bis zu einer Entfernung von 30 Metern. Der Anschluss und die Verbindung erfolgen in sekundenschnelle (Plug &amp; Play). Durch den Betrieb mit einer 5 GHz-Frequenz werden St\u00f6rungen anderer Funkquellen\u00a0gemindert bzw. ausgeschlossen. Zur Stromversorgung verbinden Sie den Sender und Empf\u00e4nger mit dem Micro-USB-Kabel und dem USB-Anschluss am Quellger\u00e4t und Wiedergabeger\u00e4t. Alternativ k\u00f6nnen Sie auch ein passendes Netzteil verwenden (DC 5 V, 1A).\u00a0Der Sender unterst\u00fctzt bis zu zwei Empf\u00e4nger, somit k\u00f6nnen Sie Ihr HDMIQuellsignal\u00a0auf zwei Empfangsger\u00e4te verteilen (zus\u00e4tzliches Set erforderlich). Die perfekte L\u00f6sung f\u00fcr Meetings, Konferenzen, Home-Entertainment und\u00a0Multimedia-Anwendungen.<\/p>\n","protected":false},"excerpt":{"rendered":"<p>Der HDMI Extender Mini besteht aus einem Sender und einem Empf\u00e4nger die\u00a0jeweils eine HDMI-Schnittstelle besitzen. Das System erm\u00f6glicht eine drahtlose \u00dcbertragung der HDMI-Signale in Full-HD bis zu einer Entfernung von 30 Metern. Der Anschluss und die Verbindung erfolgen in sekundenschnelle (Plug &amp; Play). Durch den Betrieb mit einer 5 GHz-Frequenz werden St\u00f6rungen anderer Funkquellen\u00a0gemindert bzw. [&hellip;]<\/p>\n","protected":false},"featured_media":128037,"template":"","meta":{"_acf_changed":false},"product_featured_cat":[],"product_brand":[3201],"product_cat":[4992],"product_tag":[],"class_list":{"0":"post-128045","1":"product","2":"type-product","3":"status-publish","4":"has-post-thumbnail","6":"product_brand-megasat-de","7":"product_cat-weiteres-zubehoer-fuer-fernseher","9":"first","10":"instock","11":"taxable","12":"shipping-taxable","13":"purchasable","14":"product-type-simple"},"acf":[],"yoast_head":"<!-- This site is optimized with the Yoast SEO plugin v27.4 - https:\/\/yoast.com\/product\/yoast-seo-wordpress\/ -->\n<title>HDMI Extender MEGASAT Mini II - Bantam Camping AG<\/title>\n<meta name=\"robots\" content=\"index, follow, max-snippet:-1, max-image-preview:large, max-video-preview:-1\" \/>\n<link rel=\"canonical\" href=\"https:\/\/shop.bantam.ch\/de\/produkt\/hdmi-extender-mini-ii\/\" \/>\n<meta property=\"og:locale\" content=\"de_DE\" \/>\n<meta property=\"og:type\" content=\"article\" \/>\n<meta property=\"og:title\" content=\"HDMI Extender MEGASAT Mini II - Bantam Camping AG\" \/>\n<meta property=\"og:description\" content=\"Der HDMI Extender Mini besteht aus einem Sender und einem Empf\u00e4nger die\u00a0jeweils eine HDMI-Schnittstelle besitzen. Das System erm\u00f6glicht eine drahtlose \u00dcbertragung der HDMI-Signale in Full-HD bis zu einer Entfernung von 30 Metern. Der Anschluss und die Verbindung erfolgen in sekundenschnelle (Plug &amp; Play). Durch den Betrieb mit einer 5 GHz-Frequenz werden St\u00f6rungen anderer Funkquellen\u00a0gemindert bzw. [&hellip;]\" \/>\n<meta property=\"og:url\" content=\"https:\/\/shop.bantam.ch\/de\/produkt\/hdmi-extender-mini-ii\/\" \/>\n<meta property=\"og:site_name\" content=\"Bantam Camping AG\" \/>\n<meta property=\"article:modified_time\" content=\"2026-04-20T19:55:28+00:00\" \/>\n<meta property=\"og:image\" content=\"https:\/\/shop.bantam.ch\/wp-content\/uploads\/2023\/03\/9961853100.jpg\" \/>\n\t<meta property=\"og:image:width\" content=\"1000\" \/>\n\t<meta property=\"og:image:height\" content=\"900\" \/>\n\t<meta property=\"og:image:type\" content=\"image\/jpeg\" \/>\n<meta name=\"twitter:card\" content=\"summary_large_image\" \/>\n<meta name=\"twitter:label1\" content=\"Gesch\u00e4tzte Lesezeit\" \/>\n\t<meta name=\"twitter:data1\" content=\"1\u00a0Minute\" \/>\n<script type=\"application\/ld+json\" class=\"yoast-schema-graph\">{\"@context\":\"https:\\\/\\\/schema.org\",\"@graph\":[{\"@type\":\"WebPage\",\"@id\":\"https:\\\/\\\/shop.bantam.ch\\\/de\\\/produkt\\\/hdmi-extender-mini-ii\\\/\",\"url\":\"https:\\\/\\\/shop.bantam.ch\\\/de\\\/produkt\\\/hdmi-extender-mini-ii\\\/\",\"name\":\"HDMI Extender MEGASAT Mini II - Bantam Camping AG\",\"isPartOf\":{\"@id\":\"https:\\\/\\\/shop.bantam.ch\\\/de\\\/#website\"},\"primaryImageOfPage\":{\"@id\":\"https:\\\/\\\/shop.bantam.ch\\\/de\\\/produkt\\\/hdmi-extender-mini-ii\\\/#primaryimage\"},\"image\":{\"@id\":\"https:\\\/\\\/shop.bantam.ch\\\/de\\\/produkt\\\/hdmi-extender-mini-ii\\\/#primaryimage\"},\"thumbnailUrl\":\"https:\\\/\\\/shop.bantam.ch\\\/wp-content\\\/uploads\\\/2023\\\/03\\\/9961853100.jpg\",\"datePublished\":\"2023-03-01T00:28:19+00:00\",\"dateModified\":\"2026-04-20T19:55:28+00:00\",\"breadcrumb\":{\"@id\":\"https:\\\/\\\/shop.bantam.ch\\\/de\\\/produkt\\\/hdmi-extender-mini-ii\\\/#breadcrumb\"},\"inLanguage\":\"de\",\"potentialAction\":[{\"@type\":\"ReadAction\",\"target\":[\"https:\\\/\\\/shop.bantam.ch\\\/de\\\/produkt\\\/hdmi-extender-mini-ii\\\/\"]}]},{\"@type\":\"ImageObject\",\"inLanguage\":\"de\",\"@id\":\"https:\\\/\\\/shop.bantam.ch\\\/de\\\/produkt\\\/hdmi-extender-mini-ii\\\/#primaryimage\",\"url\":\"https:\\\/\\\/shop.bantam.ch\\\/wp-content\\\/uploads\\\/2023\\\/03\\\/9961853100.jpg\",\"contentUrl\":\"https:\\\/\\\/shop.bantam.ch\\\/wp-content\\\/uploads\\\/2023\\\/03\\\/9961853100.jpg\",\"width\":1000,\"height\":900},{\"@type\":\"BreadcrumbList\",\"@id\":\"https:\\\/\\\/shop.bantam.ch\\\/de\\\/produkt\\\/hdmi-extender-mini-ii\\\/#breadcrumb\",\"itemListElement\":[{\"@type\":\"ListItem\",\"position\":1,\"name\":\"Accueil\",\"item\":\"https:\\\/\\\/shop.bantam.ch\\\/de\\\/\"},{\"@type\":\"ListItem\",\"position\":2,\"name\":\"Shop\",\"item\":\"https:\\\/\\\/shop.bantam.ch\\\/de\\\/shop\\\/\"},{\"@type\":\"ListItem\",\"position\":3,\"name\":\"HDMI Extender MEGASAT Mini II\"}]},{\"@type\":\"WebSite\",\"@id\":\"https:\\\/\\\/shop.bantam.ch\\\/de\\\/#website\",\"url\":\"https:\\\/\\\/shop.bantam.ch\\\/de\\\/\",\"name\":\"Bantam Camping AG\",\"description\":\"\",\"publisher\":{\"@id\":\"https:\\\/\\\/shop.bantam.ch\\\/de\\\/#organization\"},\"inLanguage\":\"de\"},{\"@type\":\"Organization\",\"@id\":\"https:\\\/\\\/shop.bantam.ch\\\/de\\\/#organization\",\"name\":\"Bantam Camping AG\",\"url\":\"https:\\\/\\\/shop.bantam.ch\\\/de\\\/\",\"logo\":{\"@type\":\"ImageObject\",\"inLanguage\":\"de\",\"@id\":\"https:\\\/\\\/shop.bantam.ch\\\/de\\\/#\\\/schema\\\/logo\\\/image\\\/\",\"url\":\"https:\\\/\\\/shop.bantam.ch\\\/wp-content\\\/uploads\\\/2022\\\/12\\\/bantam-logo.png\",\"contentUrl\":\"https:\\\/\\\/shop.bantam.ch\\\/wp-content\\\/uploads\\\/2022\\\/12\\\/bantam-logo.png\",\"width\":320,\"height\":71,\"caption\":\"Bantam Camping AG\"},\"image\":{\"@id\":\"https:\\\/\\\/shop.bantam.ch\\\/de\\\/#\\\/schema\\\/logo\\\/image\\\/\"}}]}<\/script>\n<!-- \/ Yoast SEO plugin. -->","yoast_head_json":{"title":"HDMI Extender MEGASAT Mini II - Bantam Camping AG","robots":{"index":"index","follow":"follow","max-snippet":"max-snippet:-1","max-image-preview":"max-image-preview:large","max-video-preview":"max-video-preview:-1"},"canonical":"https:\/\/shop.bantam.ch\/de\/produkt\/hdmi-extender-mini-ii\/","og_locale":"de_DE","og_type":"article","og_title":"HDMI Extender MEGASAT Mini II - Bantam Camping AG","og_description":"Der HDMI Extender Mini besteht aus einem Sender und einem Empf\u00e4nger die\u00a0jeweils eine HDMI-Schnittstelle besitzen. Das System erm\u00f6glicht eine drahtlose \u00dcbertragung der HDMI-Signale in Full-HD bis zu einer Entfernung von 30 Metern. Der Anschluss und die Verbindung erfolgen in sekundenschnelle (Plug &amp; Play). Durch den Betrieb mit einer 5 GHz-Frequenz werden St\u00f6rungen anderer Funkquellen\u00a0gemindert bzw. [&hellip;]","og_url":"https:\/\/shop.bantam.ch\/de\/produkt\/hdmi-extender-mini-ii\/","og_site_name":"Bantam Camping AG","article_modified_time":"2026-04-20T19:55:28+00:00","og_image":[{"width":1000,"height":900,"url":"https:\/\/shop.bantam.ch\/wp-content\/uploads\/2023\/03\/9961853100.jpg","type":"image\/jpeg"}],"twitter_card":"summary_large_image","twitter_misc":{"Gesch\u00e4tzte Lesezeit":"1\u00a0Minute"},"schema":{"@context":"https:\/\/schema.org","@graph":[{"@type":"WebPage","@id":"https:\/\/shop.bantam.ch\/de\/produkt\/hdmi-extender-mini-ii\/","url":"https:\/\/shop.bantam.ch\/de\/produkt\/hdmi-extender-mini-ii\/","name":"HDMI Extender MEGASAT Mini II - Bantam Camping AG","isPartOf":{"@id":"https:\/\/shop.bantam.ch\/de\/#website"},"primaryImageOfPage":{"@id":"https:\/\/shop.bantam.ch\/de\/produkt\/hdmi-extender-mini-ii\/#primaryimage"},"image":{"@id":"https:\/\/shop.bantam.ch\/de\/produkt\/hdmi-extender-mini-ii\/#primaryimage"},"thumbnailUrl":"https:\/\/shop.bantam.ch\/wp-content\/uploads\/2023\/03\/9961853100.jpg","datePublished":"2023-03-01T00:28:19+00:00","dateModified":"2026-04-20T19:55:28+00:00","breadcrumb":{"@id":"https:\/\/shop.bantam.ch\/de\/produkt\/hdmi-extender-mini-ii\/#breadcrumb"},"inLanguage":"de","potentialAction":[{"@type":"ReadAction","target":["https:\/\/shop.bantam.ch\/de\/produkt\/hdmi-extender-mini-ii\/"]}]},{"@type":"ImageObject","inLanguage":"de","@id":"https:\/\/shop.bantam.ch\/de\/produkt\/hdmi-extender-mini-ii\/#primaryimage","url":"https:\/\/shop.bantam.ch\/wp-content\/uploads\/2023\/03\/9961853100.jpg","contentUrl":"https:\/\/shop.bantam.ch\/wp-content\/uploads\/2023\/03\/9961853100.jpg","width":1000,"height":900},{"@type":"BreadcrumbList","@id":"https:\/\/shop.bantam.ch\/de\/produkt\/hdmi-extender-mini-ii\/#breadcrumb","itemListElement":[{"@type":"ListItem","position":1,"name":"Accueil","item":"https:\/\/shop.bantam.ch\/de\/"},{"@type":"ListItem","position":2,"name":"Shop","item":"https:\/\/shop.bantam.ch\/de\/shop\/"},{"@type":"ListItem","position":3,"name":"HDMI Extender MEGASAT Mini II"}]},{"@type":"WebSite","@id":"https:\/\/shop.bantam.ch\/de\/#website","url":"https:\/\/shop.bantam.ch\/de\/","name":"Bantam Camping AG","description":"","publisher":{"@id":"https:\/\/shop.bantam.ch\/de\/#organization"},"inLanguage":"de"},{"@type":"Organization","@id":"https:\/\/shop.bantam.ch\/de\/#organization","name":"Bantam Camping AG","url":"https:\/\/shop.bantam.ch\/de\/","logo":{"@type":"ImageObject","inLanguage":"de","@id":"https:\/\/shop.bantam.ch\/de\/#\/schema\/logo\/image\/","url":"https:\/\/shop.bantam.ch\/wp-content\/uploads\/2022\/12\/bantam-logo.png","contentUrl":"https:\/\/shop.bantam.ch\/wp-content\/uploads\/2022\/12\/bantam-logo.png","width":320,"height":71,"caption":"Bantam Camping AG"},"image":{"@id":"https:\/\/shop.bantam.ch\/de\/#\/schema\/logo\/image\/"}}]}},"_links":{"self":[{"href":"https:\/\/shop.bantam.ch\/de\/wp-json\/wp\/v2\/product\/128045","targetHints":{"allow":["GET"]}}],"collection":[{"href":"https:\/\/shop.bantam.ch\/de\/wp-json\/wp\/v2\/product"}],"about":[{"href":"https:\/\/shop.bantam.ch\/de\/wp-json\/wp\/v2\/types\/product"}],"wp:featuredmedia":[{"embeddable":true,"href":"https:\/\/shop.bantam.ch\/de\/wp-json\/wp\/v2\/media\/128037"}],"wp:attachment":[{"href":"https:\/\/shop.bantam.ch\/de\/wp-json\/wp\/v2\/media?parent=128045"}],"wp:term":[{"taxonomy":"product_featured_cat","embeddable":true,"href":"https:\/\/shop.bantam.ch\/de\/wp-json\/wp\/v2\/product_featured_cat?post=128045"},{"taxonomy":"product_brand","embeddable":true,"href":"https:\/\/shop.bantam.ch\/de\/wp-json\/wp\/v2\/product_brand?post=128045"},{"taxonomy":"product_cat","embeddable":true,"href":"https:\/\/shop.bantam.ch\/de\/wp-json\/wp\/v2\/product_cat?post=128045"},{"taxonomy":"product_tag","embeddable":true,"href":"https:\/\/shop.bantam.ch\/de\/wp-json\/wp\/v2\/product_tag?post=128045"}],"curies":[{"name":"wp","href":"https:\/\/api.w.org\/{rel}","templated":true}]}}