{"id":128025,"date":"2023-03-01T01:28:08","date_gmt":"2023-03-01T00:28:08","guid":{"rendered":"https:\/\/shop.bantam.ch\/produit\/funkalarmanlage-wipro-easy\/"},"modified":"2026-04-17T21:53:54","modified_gmt":"2026-04-17T19:53:54","slug":"funkalarmanlage-wipro-easy","status":"publish","type":"product","link":"https:\/\/shop.bantam.ch\/de\/produkt\/funkalarmanlage-wipro-easy\/","title":{"rendered":"Funkalarmanlage THITRONIK WiPro easy"},"content":{"rendered":"<p>Die WiPro easy ist die ideale Alarmanlage f\u00fcr Caravan Besitzer und DIY Enthusiasten. Die kompakte Alarmanlage ist einfach zu installieren und bietet den bew\u00e4hrten THITRONIK\u00ae Sicherheitsstandard. Im Lieferumfang erhalten Sie einen Funk-Handsender, mit dem Sie die Alarmanlage scharf und unscharf schalten k\u00f6nnen, sowie einen Funk-Magnetkontakt. Au\u00dferdem l\u00e4sst sich die Anlage um bis zu 8 weitere Funk-Komponenten erweitern. Die 105 dB laute Sirene schreckt jeden Eindringling ab und die Panikalarm-Funktion sorgt f\u00fcr zus\u00e4tzliche Sicherheit.\u00a0<\/p>\n<p><strong>Kompromisslose Sicherheit<\/strong><\/p>\n<p>Die WiPro easy l\u00e4sst sich Modular erweitern und passt sich damit Deinen Sicherheitsbed\u00fcrfnissen an. Durch das umfangreiche Sortiment an Funk-Zubeh\u00f6r wird die Alarmanlage jedem Sicherheits-Anspruch optimal gerecht. Dabei spielt es keine Rolle, ob Ihr Fahrzeug das neueste seiner Klasse oder ein geliebter Oldtimer ist: Die Eing\u00e4nge der Alarmanlage erlauben die Verwendung in allen Basisfahrzeugen, gleich welchen Herstellers oder welchen Alters.<\/p>\n<p>\u00a0<\/p>\n<p><strong>Der Schutz, den Dein Projekt verdient<\/strong><\/p>\n<p>Das Funk-Alarmsystem WiPro easy bietet Ihnen zuverl\u00e4ssigen Schutz f\u00fcr Dein Fahrzeug \u2013 und ist dabei leicht und intuitiv zu bedienen. Moderne Funk-Magnetkontakte passen sich an unterschiedliche Fensterrahmen-Modelle an und sichern die Fahrzeugh\u00fclle. So treten keine Fehlalarme auf.<\/p>\n<p>\u00a0<\/p>\n<p><strong>Maximale Sicherheit \u2013 ohne Bewegungsmelder<\/strong><\/p>\n<p>Die WiPro easy \u00fcberwacht die H\u00fclle Ihres Fahrzeugs, nicht erst den Innenraum. Bei Gefahr reagiert sie schneller und zuverl\u00e4ssiger als Anlagen, die auf Bewegungsmeldern basieren, deshalb k\u00f6nnen Sie die Anlage auch aktivieren, wenn Sie sich im Fahrzeug aufhalten. So sch\u00fctzen Sie das Wichtigste: Sich selbst und Ihre Mitreisenden.<\/p>\n<p>\u00a0<\/p>\n<p><strong>Einfache Bedienung<\/strong><\/p>\n<p>Mit dem mitgelieferten Funk-Handsender k\u00f6nnen Sie die WiPro easy ganz einfach und bequem steuern. Sollten Sie einen zweiten Funk-Handsender ben\u00f6tigen, k\u00f6nnen Sie ihn ganz einfach in Ihr Alarmsystem einbinden.<\/p>\n<ul>\n<li>Spannungsversorgung: Zentrale &amp; Sirene 12 V<\/li>\n<li>Stromaufnahme: Zentrale ca. 6\u2008mA<\/li>\n<li>Frequenz: 868, 35 MHz<\/li>\n<li>Temperaturbereich: Zentrale -20\u00b0C bis +80\u00b0C<\/li>\n<li>Funk-Reichweite (Freifeld): bis 75 m<\/li>\n<li>Geh\u00e4use Schutzklasse: IP 40<\/li>\n<\/ul>\n<p>\u00a0<\/p>\n","protected":false},"excerpt":{"rendered":"<p>Die WiPro easy ist die ideale Alarmanlage f\u00fcr Caravan Besitzer und DIY Enthusiasten. Die kompakte Alarmanlage ist einfach zu installieren und bietet den bew\u00e4hrten THITRONIK\u00ae Sicherheitsstandard. Im Lieferumfang erhalten Sie einen Funk-Handsender, mit dem Sie die Alarmanlage scharf und unscharf schalten k\u00f6nnen, sowie einen Funk-Magnetkontakt. Au\u00dferdem l\u00e4sst sich die Anlage um bis zu 8 weitere [&hellip;]<\/p>\n","protected":false},"featured_media":128023,"template":"","meta":{"_acf_changed":false},"product_featured_cat":[],"product_brand":[3217],"product_cat":[5052],"product_tag":[],"class_list":{"0":"post-128025","1":"product","2":"type-product","3":"status-publish","4":"has-post-thumbnail","6":"product_brand-thitronik-de","7":"product_cat-alarmanlagen","9":"first","10":"instock","11":"taxable","12":"shipping-taxable","13":"purchasable","14":"product-type-simple"},"acf":[],"yoast_head":"<!-- This site is optimized with the Yoast SEO plugin v27.4 - https:\/\/yoast.com\/product\/yoast-seo-wordpress\/ -->\n<title>Funkalarmanlage THITRONIK WiPro easy - Bantam Camping AG<\/title>\n<meta name=\"robots\" content=\"index, follow, max-snippet:-1, max-image-preview:large, max-video-preview:-1\" \/>\n<link rel=\"canonical\" href=\"https:\/\/shop.bantam.ch\/de\/produkt\/funkalarmanlage-wipro-easy\/\" \/>\n<meta property=\"og:locale\" content=\"de_DE\" \/>\n<meta property=\"og:type\" content=\"article\" \/>\n<meta property=\"og:title\" content=\"Funkalarmanlage THITRONIK WiPro easy - Bantam Camping AG\" \/>\n<meta property=\"og:description\" content=\"Die WiPro easy ist die ideale Alarmanlage f\u00fcr Caravan Besitzer und DIY Enthusiasten. Die kompakte Alarmanlage ist einfach zu installieren und bietet den bew\u00e4hrten THITRONIK\u00ae Sicherheitsstandard. Im Lieferumfang erhalten Sie einen Funk-Handsender, mit dem Sie die Alarmanlage scharf und unscharf schalten k\u00f6nnen, sowie einen Funk-Magnetkontakt. Au\u00dferdem l\u00e4sst sich die Anlage um bis zu 8 weitere [&hellip;]\" \/>\n<meta property=\"og:url\" content=\"https:\/\/shop.bantam.ch\/de\/produkt\/funkalarmanlage-wipro-easy\/\" \/>\n<meta property=\"og:site_name\" content=\"Bantam Camping AG\" \/>\n<meta property=\"article:modified_time\" content=\"2026-04-17T19:53:54+00:00\" \/>\n<meta property=\"og:image\" content=\"https:\/\/shop.bantam.ch\/wp-content\/uploads\/2023\/03\/9948602100.jpg\" \/>\n\t<meta property=\"og:image:width\" content=\"956\" \/>\n\t<meta property=\"og:image:height\" content=\"540\" \/>\n\t<meta property=\"og:image:type\" content=\"image\/jpeg\" \/>\n<meta name=\"twitter:card\" content=\"summary_large_image\" \/>\n<meta name=\"twitter:label1\" content=\"Gesch\u00e4tzte Lesezeit\" \/>\n\t<meta name=\"twitter:data1\" content=\"2\u00a0Minuten\" \/>\n<script type=\"application\/ld+json\" class=\"yoast-schema-graph\">{\"@context\":\"https:\\\/\\\/schema.org\",\"@graph\":[{\"@type\":\"WebPage\",\"@id\":\"https:\\\/\\\/shop.bantam.ch\\\/de\\\/produkt\\\/funkalarmanlage-wipro-easy\\\/\",\"url\":\"https:\\\/\\\/shop.bantam.ch\\\/de\\\/produkt\\\/funkalarmanlage-wipro-easy\\\/\",\"name\":\"Funkalarmanlage THITRONIK WiPro easy - Bantam Camping AG\",\"isPartOf\":{\"@id\":\"https:\\\/\\\/shop.bantam.ch\\\/de\\\/#website\"},\"primaryImageOfPage\":{\"@id\":\"https:\\\/\\\/shop.bantam.ch\\\/de\\\/produkt\\\/funkalarmanlage-wipro-easy\\\/#primaryimage\"},\"image\":{\"@id\":\"https:\\\/\\\/shop.bantam.ch\\\/de\\\/produkt\\\/funkalarmanlage-wipro-easy\\\/#primaryimage\"},\"thumbnailUrl\":\"https:\\\/\\\/shop.bantam.ch\\\/wp-content\\\/uploads\\\/2023\\\/03\\\/9948602100.jpg\",\"datePublished\":\"2023-03-01T00:28:08+00:00\",\"dateModified\":\"2026-04-17T19:53:54+00:00\",\"breadcrumb\":{\"@id\":\"https:\\\/\\\/shop.bantam.ch\\\/de\\\/produkt\\\/funkalarmanlage-wipro-easy\\\/#breadcrumb\"},\"inLanguage\":\"de\",\"potentialAction\":[{\"@type\":\"ReadAction\",\"target\":[\"https:\\\/\\\/shop.bantam.ch\\\/de\\\/produkt\\\/funkalarmanlage-wipro-easy\\\/\"]}]},{\"@type\":\"ImageObject\",\"inLanguage\":\"de\",\"@id\":\"https:\\\/\\\/shop.bantam.ch\\\/de\\\/produkt\\\/funkalarmanlage-wipro-easy\\\/#primaryimage\",\"url\":\"https:\\\/\\\/shop.bantam.ch\\\/wp-content\\\/uploads\\\/2023\\\/03\\\/9948602100.jpg\",\"contentUrl\":\"https:\\\/\\\/shop.bantam.ch\\\/wp-content\\\/uploads\\\/2023\\\/03\\\/9948602100.jpg\",\"width\":956,\"height\":540},{\"@type\":\"BreadcrumbList\",\"@id\":\"https:\\\/\\\/shop.bantam.ch\\\/de\\\/produkt\\\/funkalarmanlage-wipro-easy\\\/#breadcrumb\",\"itemListElement\":[{\"@type\":\"ListItem\",\"position\":1,\"name\":\"Accueil\",\"item\":\"https:\\\/\\\/shop.bantam.ch\\\/de\\\/\"},{\"@type\":\"ListItem\",\"position\":2,\"name\":\"Shop\",\"item\":\"https:\\\/\\\/shop.bantam.ch\\\/de\\\/shop\\\/\"},{\"@type\":\"ListItem\",\"position\":3,\"name\":\"Funkalarmanlage THITRONIK WiPro easy\"}]},{\"@type\":\"WebSite\",\"@id\":\"https:\\\/\\\/shop.bantam.ch\\\/de\\\/#website\",\"url\":\"https:\\\/\\\/shop.bantam.ch\\\/de\\\/\",\"name\":\"Bantam Camping AG\",\"description\":\"\",\"publisher\":{\"@id\":\"https:\\\/\\\/shop.bantam.ch\\\/de\\\/#organization\"},\"inLanguage\":\"de\"},{\"@type\":\"Organization\",\"@id\":\"https:\\\/\\\/shop.bantam.ch\\\/de\\\/#organization\",\"name\":\"Bantam Camping AG\",\"url\":\"https:\\\/\\\/shop.bantam.ch\\\/de\\\/\",\"logo\":{\"@type\":\"ImageObject\",\"inLanguage\":\"de\",\"@id\":\"https:\\\/\\\/shop.bantam.ch\\\/de\\\/#\\\/schema\\\/logo\\\/image\\\/\",\"url\":\"https:\\\/\\\/shop.bantam.ch\\\/wp-content\\\/uploads\\\/2022\\\/12\\\/bantam-logo.png\",\"contentUrl\":\"https:\\\/\\\/shop.bantam.ch\\\/wp-content\\\/uploads\\\/2022\\\/12\\\/bantam-logo.png\",\"width\":320,\"height\":71,\"caption\":\"Bantam Camping AG\"},\"image\":{\"@id\":\"https:\\\/\\\/shop.bantam.ch\\\/de\\\/#\\\/schema\\\/logo\\\/image\\\/\"}}]}<\/script>\n<!-- \/ Yoast SEO plugin. -->","yoast_head_json":{"title":"Funkalarmanlage THITRONIK WiPro easy - Bantam Camping AG","robots":{"index":"index","follow":"follow","max-snippet":"max-snippet:-1","max-image-preview":"max-image-preview:large","max-video-preview":"max-video-preview:-1"},"canonical":"https:\/\/shop.bantam.ch\/de\/produkt\/funkalarmanlage-wipro-easy\/","og_locale":"de_DE","og_type":"article","og_title":"Funkalarmanlage THITRONIK WiPro easy - Bantam Camping AG","og_description":"Die WiPro easy ist die ideale Alarmanlage f\u00fcr Caravan Besitzer und DIY Enthusiasten. Die kompakte Alarmanlage ist einfach zu installieren und bietet den bew\u00e4hrten THITRONIK\u00ae Sicherheitsstandard. Im Lieferumfang erhalten Sie einen Funk-Handsender, mit dem Sie die Alarmanlage scharf und unscharf schalten k\u00f6nnen, sowie einen Funk-Magnetkontakt. Au\u00dferdem l\u00e4sst sich die Anlage um bis zu 8 weitere [&hellip;]","og_url":"https:\/\/shop.bantam.ch\/de\/produkt\/funkalarmanlage-wipro-easy\/","og_site_name":"Bantam Camping AG","article_modified_time":"2026-04-17T19:53:54+00:00","og_image":[{"width":956,"height":540,"url":"https:\/\/shop.bantam.ch\/wp-content\/uploads\/2023\/03\/9948602100.jpg","type":"image\/jpeg"}],"twitter_card":"summary_large_image","twitter_misc":{"Gesch\u00e4tzte Lesezeit":"2\u00a0Minuten"},"schema":{"@context":"https:\/\/schema.org","@graph":[{"@type":"WebPage","@id":"https:\/\/shop.bantam.ch\/de\/produkt\/funkalarmanlage-wipro-easy\/","url":"https:\/\/shop.bantam.ch\/de\/produkt\/funkalarmanlage-wipro-easy\/","name":"Funkalarmanlage THITRONIK WiPro easy - Bantam Camping AG","isPartOf":{"@id":"https:\/\/shop.bantam.ch\/de\/#website"},"primaryImageOfPage":{"@id":"https:\/\/shop.bantam.ch\/de\/produkt\/funkalarmanlage-wipro-easy\/#primaryimage"},"image":{"@id":"https:\/\/shop.bantam.ch\/de\/produkt\/funkalarmanlage-wipro-easy\/#primaryimage"},"thumbnailUrl":"https:\/\/shop.bantam.ch\/wp-content\/uploads\/2023\/03\/9948602100.jpg","datePublished":"2023-03-01T00:28:08+00:00","dateModified":"2026-04-17T19:53:54+00:00","breadcrumb":{"@id":"https:\/\/shop.bantam.ch\/de\/produkt\/funkalarmanlage-wipro-easy\/#breadcrumb"},"inLanguage":"de","potentialAction":[{"@type":"ReadAction","target":["https:\/\/shop.bantam.ch\/de\/produkt\/funkalarmanlage-wipro-easy\/"]}]},{"@type":"ImageObject","inLanguage":"de","@id":"https:\/\/shop.bantam.ch\/de\/produkt\/funkalarmanlage-wipro-easy\/#primaryimage","url":"https:\/\/shop.bantam.ch\/wp-content\/uploads\/2023\/03\/9948602100.jpg","contentUrl":"https:\/\/shop.bantam.ch\/wp-content\/uploads\/2023\/03\/9948602100.jpg","width":956,"height":540},{"@type":"BreadcrumbList","@id":"https:\/\/shop.bantam.ch\/de\/produkt\/funkalarmanlage-wipro-easy\/#breadcrumb","itemListElement":[{"@type":"ListItem","position":1,"name":"Accueil","item":"https:\/\/shop.bantam.ch\/de\/"},{"@type":"ListItem","position":2,"name":"Shop","item":"https:\/\/shop.bantam.ch\/de\/shop\/"},{"@type":"ListItem","position":3,"name":"Funkalarmanlage THITRONIK WiPro easy"}]},{"@type":"WebSite","@id":"https:\/\/shop.bantam.ch\/de\/#website","url":"https:\/\/shop.bantam.ch\/de\/","name":"Bantam Camping AG","description":"","publisher":{"@id":"https:\/\/shop.bantam.ch\/de\/#organization"},"inLanguage":"de"},{"@type":"Organization","@id":"https:\/\/shop.bantam.ch\/de\/#organization","name":"Bantam Camping AG","url":"https:\/\/shop.bantam.ch\/de\/","logo":{"@type":"ImageObject","inLanguage":"de","@id":"https:\/\/shop.bantam.ch\/de\/#\/schema\/logo\/image\/","url":"https:\/\/shop.bantam.ch\/wp-content\/uploads\/2022\/12\/bantam-logo.png","contentUrl":"https:\/\/shop.bantam.ch\/wp-content\/uploads\/2022\/12\/bantam-logo.png","width":320,"height":71,"caption":"Bantam Camping AG"},"image":{"@id":"https:\/\/shop.bantam.ch\/de\/#\/schema\/logo\/image\/"}}]}},"_links":{"self":[{"href":"https:\/\/shop.bantam.ch\/de\/wp-json\/wp\/v2\/product\/128025","targetHints":{"allow":["GET"]}}],"collection":[{"href":"https:\/\/shop.bantam.ch\/de\/wp-json\/wp\/v2\/product"}],"about":[{"href":"https:\/\/shop.bantam.ch\/de\/wp-json\/wp\/v2\/types\/product"}],"wp:featuredmedia":[{"embeddable":true,"href":"https:\/\/shop.bantam.ch\/de\/wp-json\/wp\/v2\/media\/128023"}],"wp:attachment":[{"href":"https:\/\/shop.bantam.ch\/de\/wp-json\/wp\/v2\/media?parent=128025"}],"wp:term":[{"taxonomy":"product_featured_cat","embeddable":true,"href":"https:\/\/shop.bantam.ch\/de\/wp-json\/wp\/v2\/product_featured_cat?post=128025"},{"taxonomy":"product_brand","embeddable":true,"href":"https:\/\/shop.bantam.ch\/de\/wp-json\/wp\/v2\/product_brand?post=128025"},{"taxonomy":"product_cat","embeddable":true,"href":"https:\/\/shop.bantam.ch\/de\/wp-json\/wp\/v2\/product_cat?post=128025"},{"taxonomy":"product_tag","embeddable":true,"href":"https:\/\/shop.bantam.ch\/de\/wp-json\/wp\/v2\/product_tag?post=128025"}],"curies":[{"name":"wp","href":"https:\/\/api.w.org\/{rel}","templated":true}]}}