{"id":127951,"date":"2023-03-01T01:27:06","date_gmt":"2023-03-01T00:27:06","guid":{"rendered":"https:\/\/shop.bantam.ch\/produit\/steakbesteck-set-specials-12-tlg-silber\/"},"modified":"2026-04-16T22:01:28","modified_gmt":"2026-04-16T20:01:28","slug":"steakbesteck-set-specials-12-tlg-silber","status":"publish","type":"product","link":"https:\/\/shop.bantam.ch\/de\/produkt\/steakbesteck-set-specials-12-tlg-silber\/","title":{"rendered":"Steakbesteck-Set ZWILLING Specials 12-tlg., Farbe silber"},"content":{"rendered":"<p>Um bei einem sommerlichen Grillabend das gegrillte Steak auch richtig genie\u00dfen zu k\u00f6nnen, darf das passende Steakbesteck nat\u00fcrlich nicht fehlen. Mit dem ZWILLING Steakbesteckset wird jeder Grillabend von nun an zum echten S\u00fcdstaaten-Barbecue. Denn schon die rustikale Holzboxverpackung \u2013 die sich bestens zur Aufbewahrung des Steakbestecks nutzen l\u00e4sst \u2013 erinnert an den Wilden Westen und macht das Set zu einem perfekten Geschenk, das mit Sicherheit gut ankommt. Das 12-teilige Set beinhaltet 6 hochwertige ZWILLING Steakmesser und 6 ZWILLING Steakgabeln. Aus 18\/10 Edelstahl gefertigt, sind sie rostfrei und f\u00fcr die Reinigung in der Sp\u00fclmaschine bestens geeignet. Durch die f\u00fcr Steakmesser typische, spitz zulaufende Klingenform lassen sich Steaks leicht schneiden.<\/p>\n<ul>\n<li>18\/10 Edelstahl<\/li>\n<li>Rostfrei<\/li>\n<li>Spitz zulaufende Klingenform<\/li>\n<li>Gl\u00e4nzende Optik<\/li>\n<li>In rustikaler Holzbox<\/li>\n<li>Ideal als Geschenk<\/li>\n<li>F\u00fcr 6 Personen<\/li>\n<\/ul>\n<p>Lieferumfang:<br \/>6 Steakmesser<br \/>6 Steakgabeln<\/p>\n<p>\u00a0<\/p>\n<p>\u00a0<\/p>\n","protected":false},"excerpt":{"rendered":"<p>Um bei einem sommerlichen Grillabend das gegrillte Steak auch richtig genie\u00dfen zu k\u00f6nnen, darf das passende Steakbesteck nat\u00fcrlich nicht fehlen. Mit dem ZWILLING Steakbesteckset wird jeder Grillabend von nun an zum echten S\u00fcdstaaten-Barbecue. Denn schon die rustikale Holzboxverpackung \u2013 die sich bestens zur Aufbewahrung des Steakbestecks nutzen l\u00e4sst \u2013 erinnert an den Wilden Westen und [&hellip;]<\/p>\n","protected":false},"featured_media":127949,"template":"","meta":{"_acf_changed":false},"product_featured_cat":[],"product_brand":[3579],"product_cat":[3990],"product_tag":[],"class_list":{"0":"post-127951","1":"product","2":"type-product","3":"status-publish","4":"has-post-thumbnail","6":"product_brand-zwilling-de","7":"product_cat-besteck","9":"first","10":"instock","11":"taxable","12":"shipping-taxable","13":"purchasable","14":"product-type-simple"},"acf":[],"yoast_head":"<!-- This site is optimized with the Yoast SEO plugin v27.4 - https:\/\/yoast.com\/product\/yoast-seo-wordpress\/ -->\n<title>Steakbesteck-Set ZWILLING Specials 12-tlg., Farbe silber - Bantam Camping AG<\/title>\n<meta name=\"robots\" content=\"index, follow, max-snippet:-1, max-image-preview:large, max-video-preview:-1\" \/>\n<link rel=\"canonical\" href=\"https:\/\/shop.bantam.ch\/de\/produkt\/steakbesteck-set-specials-12-tlg-silber\/\" \/>\n<meta property=\"og:locale\" content=\"de_DE\" \/>\n<meta property=\"og:type\" content=\"article\" \/>\n<meta property=\"og:title\" content=\"Steakbesteck-Set ZWILLING Specials 12-tlg., Farbe silber - Bantam Camping AG\" \/>\n<meta property=\"og:description\" content=\"Um bei einem sommerlichen Grillabend das gegrillte Steak auch richtig genie\u00dfen zu k\u00f6nnen, darf das passende Steakbesteck nat\u00fcrlich nicht fehlen. Mit dem ZWILLING Steakbesteckset wird jeder Grillabend von nun an zum echten S\u00fcdstaaten-Barbecue. Denn schon die rustikale Holzboxverpackung \u2013 die sich bestens zur Aufbewahrung des Steakbestecks nutzen l\u00e4sst \u2013 erinnert an den Wilden Westen und [&hellip;]\" \/>\n<meta property=\"og:url\" content=\"https:\/\/shop.bantam.ch\/de\/produkt\/steakbesteck-set-specials-12-tlg-silber\/\" \/>\n<meta property=\"og:site_name\" content=\"Bantam Camping AG\" \/>\n<meta property=\"article:modified_time\" content=\"2026-04-16T20:01:28+00:00\" \/>\n<meta property=\"og:image\" content=\"https:\/\/shop.bantam.ch\/wp-content\/uploads\/2023\/03\/9984736100.jpg\" \/>\n\t<meta property=\"og:image:width\" content=\"226\" \/>\n\t<meta property=\"og:image:height\" content=\"1000\" \/>\n\t<meta property=\"og:image:type\" content=\"image\/jpeg\" \/>\n<meta name=\"twitter:card\" content=\"summary_large_image\" \/>\n<meta name=\"twitter:label1\" content=\"Gesch\u00e4tzte Lesezeit\" \/>\n\t<meta name=\"twitter:data1\" content=\"1\u00a0Minute\" \/>\n<script type=\"application\/ld+json\" class=\"yoast-schema-graph\">{\"@context\":\"https:\\\/\\\/schema.org\",\"@graph\":[{\"@type\":\"WebPage\",\"@id\":\"https:\\\/\\\/shop.bantam.ch\\\/de\\\/produkt\\\/steakbesteck-set-specials-12-tlg-silber\\\/\",\"url\":\"https:\\\/\\\/shop.bantam.ch\\\/de\\\/produkt\\\/steakbesteck-set-specials-12-tlg-silber\\\/\",\"name\":\"Steakbesteck-Set ZWILLING Specials 12-tlg., Farbe silber - Bantam Camping AG\",\"isPartOf\":{\"@id\":\"https:\\\/\\\/shop.bantam.ch\\\/de\\\/#website\"},\"primaryImageOfPage\":{\"@id\":\"https:\\\/\\\/shop.bantam.ch\\\/de\\\/produkt\\\/steakbesteck-set-specials-12-tlg-silber\\\/#primaryimage\"},\"image\":{\"@id\":\"https:\\\/\\\/shop.bantam.ch\\\/de\\\/produkt\\\/steakbesteck-set-specials-12-tlg-silber\\\/#primaryimage\"},\"thumbnailUrl\":\"https:\\\/\\\/shop.bantam.ch\\\/wp-content\\\/uploads\\\/2023\\\/03\\\/9984736100.jpg\",\"datePublished\":\"2023-03-01T00:27:06+00:00\",\"dateModified\":\"2026-04-16T20:01:28+00:00\",\"breadcrumb\":{\"@id\":\"https:\\\/\\\/shop.bantam.ch\\\/de\\\/produkt\\\/steakbesteck-set-specials-12-tlg-silber\\\/#breadcrumb\"},\"inLanguage\":\"de\",\"potentialAction\":[{\"@type\":\"ReadAction\",\"target\":[\"https:\\\/\\\/shop.bantam.ch\\\/de\\\/produkt\\\/steakbesteck-set-specials-12-tlg-silber\\\/\"]}]},{\"@type\":\"ImageObject\",\"inLanguage\":\"de\",\"@id\":\"https:\\\/\\\/shop.bantam.ch\\\/de\\\/produkt\\\/steakbesteck-set-specials-12-tlg-silber\\\/#primaryimage\",\"url\":\"https:\\\/\\\/shop.bantam.ch\\\/wp-content\\\/uploads\\\/2023\\\/03\\\/9984736100.jpg\",\"contentUrl\":\"https:\\\/\\\/shop.bantam.ch\\\/wp-content\\\/uploads\\\/2023\\\/03\\\/9984736100.jpg\",\"width\":226,\"height\":1000},{\"@type\":\"BreadcrumbList\",\"@id\":\"https:\\\/\\\/shop.bantam.ch\\\/de\\\/produkt\\\/steakbesteck-set-specials-12-tlg-silber\\\/#breadcrumb\",\"itemListElement\":[{\"@type\":\"ListItem\",\"position\":1,\"name\":\"Accueil\",\"item\":\"https:\\\/\\\/shop.bantam.ch\\\/de\\\/\"},{\"@type\":\"ListItem\",\"position\":2,\"name\":\"Shop\",\"item\":\"https:\\\/\\\/shop.bantam.ch\\\/de\\\/shop\\\/\"},{\"@type\":\"ListItem\",\"position\":3,\"name\":\"Steakbesteck-Set ZWILLING Specials 12-tlg., Farbe silber\"}]},{\"@type\":\"WebSite\",\"@id\":\"https:\\\/\\\/shop.bantam.ch\\\/de\\\/#website\",\"url\":\"https:\\\/\\\/shop.bantam.ch\\\/de\\\/\",\"name\":\"Bantam Camping AG\",\"description\":\"\",\"publisher\":{\"@id\":\"https:\\\/\\\/shop.bantam.ch\\\/de\\\/#organization\"},\"inLanguage\":\"de\"},{\"@type\":\"Organization\",\"@id\":\"https:\\\/\\\/shop.bantam.ch\\\/de\\\/#organization\",\"name\":\"Bantam Camping AG\",\"url\":\"https:\\\/\\\/shop.bantam.ch\\\/de\\\/\",\"logo\":{\"@type\":\"ImageObject\",\"inLanguage\":\"de\",\"@id\":\"https:\\\/\\\/shop.bantam.ch\\\/de\\\/#\\\/schema\\\/logo\\\/image\\\/\",\"url\":\"https:\\\/\\\/shop.bantam.ch\\\/wp-content\\\/uploads\\\/2022\\\/12\\\/bantam-logo.png\",\"contentUrl\":\"https:\\\/\\\/shop.bantam.ch\\\/wp-content\\\/uploads\\\/2022\\\/12\\\/bantam-logo.png\",\"width\":320,\"height\":71,\"caption\":\"Bantam Camping AG\"},\"image\":{\"@id\":\"https:\\\/\\\/shop.bantam.ch\\\/de\\\/#\\\/schema\\\/logo\\\/image\\\/\"}}]}<\/script>\n<!-- \/ Yoast SEO plugin. -->","yoast_head_json":{"title":"Steakbesteck-Set ZWILLING Specials 12-tlg., Farbe silber - Bantam Camping AG","robots":{"index":"index","follow":"follow","max-snippet":"max-snippet:-1","max-image-preview":"max-image-preview:large","max-video-preview":"max-video-preview:-1"},"canonical":"https:\/\/shop.bantam.ch\/de\/produkt\/steakbesteck-set-specials-12-tlg-silber\/","og_locale":"de_DE","og_type":"article","og_title":"Steakbesteck-Set ZWILLING Specials 12-tlg., Farbe silber - Bantam Camping AG","og_description":"Um bei einem sommerlichen Grillabend das gegrillte Steak auch richtig genie\u00dfen zu k\u00f6nnen, darf das passende Steakbesteck nat\u00fcrlich nicht fehlen. Mit dem ZWILLING Steakbesteckset wird jeder Grillabend von nun an zum echten S\u00fcdstaaten-Barbecue. Denn schon die rustikale Holzboxverpackung \u2013 die sich bestens zur Aufbewahrung des Steakbestecks nutzen l\u00e4sst \u2013 erinnert an den Wilden Westen und [&hellip;]","og_url":"https:\/\/shop.bantam.ch\/de\/produkt\/steakbesteck-set-specials-12-tlg-silber\/","og_site_name":"Bantam Camping AG","article_modified_time":"2026-04-16T20:01:28+00:00","og_image":[{"width":226,"height":1000,"url":"https:\/\/shop.bantam.ch\/wp-content\/uploads\/2023\/03\/9984736100.jpg","type":"image\/jpeg"}],"twitter_card":"summary_large_image","twitter_misc":{"Gesch\u00e4tzte Lesezeit":"1\u00a0Minute"},"schema":{"@context":"https:\/\/schema.org","@graph":[{"@type":"WebPage","@id":"https:\/\/shop.bantam.ch\/de\/produkt\/steakbesteck-set-specials-12-tlg-silber\/","url":"https:\/\/shop.bantam.ch\/de\/produkt\/steakbesteck-set-specials-12-tlg-silber\/","name":"Steakbesteck-Set ZWILLING Specials 12-tlg., Farbe silber - Bantam Camping AG","isPartOf":{"@id":"https:\/\/shop.bantam.ch\/de\/#website"},"primaryImageOfPage":{"@id":"https:\/\/shop.bantam.ch\/de\/produkt\/steakbesteck-set-specials-12-tlg-silber\/#primaryimage"},"image":{"@id":"https:\/\/shop.bantam.ch\/de\/produkt\/steakbesteck-set-specials-12-tlg-silber\/#primaryimage"},"thumbnailUrl":"https:\/\/shop.bantam.ch\/wp-content\/uploads\/2023\/03\/9984736100.jpg","datePublished":"2023-03-01T00:27:06+00:00","dateModified":"2026-04-16T20:01:28+00:00","breadcrumb":{"@id":"https:\/\/shop.bantam.ch\/de\/produkt\/steakbesteck-set-specials-12-tlg-silber\/#breadcrumb"},"inLanguage":"de","potentialAction":[{"@type":"ReadAction","target":["https:\/\/shop.bantam.ch\/de\/produkt\/steakbesteck-set-specials-12-tlg-silber\/"]}]},{"@type":"ImageObject","inLanguage":"de","@id":"https:\/\/shop.bantam.ch\/de\/produkt\/steakbesteck-set-specials-12-tlg-silber\/#primaryimage","url":"https:\/\/shop.bantam.ch\/wp-content\/uploads\/2023\/03\/9984736100.jpg","contentUrl":"https:\/\/shop.bantam.ch\/wp-content\/uploads\/2023\/03\/9984736100.jpg","width":226,"height":1000},{"@type":"BreadcrumbList","@id":"https:\/\/shop.bantam.ch\/de\/produkt\/steakbesteck-set-specials-12-tlg-silber\/#breadcrumb","itemListElement":[{"@type":"ListItem","position":1,"name":"Accueil","item":"https:\/\/shop.bantam.ch\/de\/"},{"@type":"ListItem","position":2,"name":"Shop","item":"https:\/\/shop.bantam.ch\/de\/shop\/"},{"@type":"ListItem","position":3,"name":"Steakbesteck-Set ZWILLING Specials 12-tlg., Farbe silber"}]},{"@type":"WebSite","@id":"https:\/\/shop.bantam.ch\/de\/#website","url":"https:\/\/shop.bantam.ch\/de\/","name":"Bantam Camping AG","description":"","publisher":{"@id":"https:\/\/shop.bantam.ch\/de\/#organization"},"inLanguage":"de"},{"@type":"Organization","@id":"https:\/\/shop.bantam.ch\/de\/#organization","name":"Bantam Camping AG","url":"https:\/\/shop.bantam.ch\/de\/","logo":{"@type":"ImageObject","inLanguage":"de","@id":"https:\/\/shop.bantam.ch\/de\/#\/schema\/logo\/image\/","url":"https:\/\/shop.bantam.ch\/wp-content\/uploads\/2022\/12\/bantam-logo.png","contentUrl":"https:\/\/shop.bantam.ch\/wp-content\/uploads\/2022\/12\/bantam-logo.png","width":320,"height":71,"caption":"Bantam Camping AG"},"image":{"@id":"https:\/\/shop.bantam.ch\/de\/#\/schema\/logo\/image\/"}}]}},"_links":{"self":[{"href":"https:\/\/shop.bantam.ch\/de\/wp-json\/wp\/v2\/product\/127951","targetHints":{"allow":["GET"]}}],"collection":[{"href":"https:\/\/shop.bantam.ch\/de\/wp-json\/wp\/v2\/product"}],"about":[{"href":"https:\/\/shop.bantam.ch\/de\/wp-json\/wp\/v2\/types\/product"}],"wp:featuredmedia":[{"embeddable":true,"href":"https:\/\/shop.bantam.ch\/de\/wp-json\/wp\/v2\/media\/127949"}],"wp:attachment":[{"href":"https:\/\/shop.bantam.ch\/de\/wp-json\/wp\/v2\/media?parent=127951"}],"wp:term":[{"taxonomy":"product_featured_cat","embeddable":true,"href":"https:\/\/shop.bantam.ch\/de\/wp-json\/wp\/v2\/product_featured_cat?post=127951"},{"taxonomy":"product_brand","embeddable":true,"href":"https:\/\/shop.bantam.ch\/de\/wp-json\/wp\/v2\/product_brand?post=127951"},{"taxonomy":"product_cat","embeddable":true,"href":"https:\/\/shop.bantam.ch\/de\/wp-json\/wp\/v2\/product_cat?post=127951"},{"taxonomy":"product_tag","embeddable":true,"href":"https:\/\/shop.bantam.ch\/de\/wp-json\/wp\/v2\/product_tag?post=127951"}],"curies":[{"name":"wp","href":"https:\/\/api.w.org\/{rel}","templated":true}]}}