{"id":127947,"date":"2023-03-01T01:27:00","date_gmt":"2023-03-01T00:27:00","guid":{"rendered":"https:\/\/shop.bantam.ch\/produit\/messerschaerfer-twin-sharp-rot\/"},"modified":"2026-04-17T21:53:47","modified_gmt":"2026-04-17T19:53:47","slug":"messerschaerfer-twin-sharp-rot","status":"publish","type":"product","link":"https:\/\/shop.bantam.ch\/de\/produkt\/messerschaerfer-twin-sharp-rot\/","title":{"rendered":"Messersch\u00e4rfer ZWILLING Twin Sharp, Farbe rot"},"content":{"rendered":"<p>Der TWINSHARP\u00ae Messersch\u00e4rfer von ZWILLING ist ein Sch\u00e4rfer f\u00fcr einfaches und sicheres Nachsch\u00e4rfen. Denn auch das beste Messer verliert an Sch\u00e4rfe und muss deswegen regelm\u00e4\u00dfig nachgesch\u00e4rft werden. Durch die rote Farbe erh\u00e4lt der Messersch\u00e4rfer einen modernen Look. Die Klinge des Messers wird einfach durch den Messersch\u00e4rfer gezogen, so dass das Messer entgratet und gesch\u00e4rft wird. Durch den verwendeten Kunststoff ist der Sch\u00e4rfer leicht zu reinigen. Der wertige Messersch\u00e4rfer aus der Serie TWINSHARP\u00ae wird Ihnen das Nachsch\u00e4rfen Ihrer Messerklingen erleichtern.<\/p>\n<ul>\n<li>Die Edelstahl- und Keramikscheiben erm\u00f6glichen einen Grob- und Feinschliff der Messer in einem Schritt &#8211; f\u00fcr einfaches und sicheres Nachsch\u00e4rfen<\/li>\n<li>Der Sch\u00e4rfwinkel von ca. 35\u00b0 ist voreingestellt<\/li>\n<li>Geeignet f\u00fcr alle Messer mit glatter Schneide<\/li>\n<li>Die Edelstahl- und Keramikscheiben erm\u00f6glichen einen Grob- und Feinschliff der Messer in einem Schritt<\/li>\n<\/ul>\n","protected":false},"excerpt":{"rendered":"<p>Der TWINSHARP\u00ae Messersch\u00e4rfer von ZWILLING ist ein Sch\u00e4rfer f\u00fcr einfaches und sicheres Nachsch\u00e4rfen. Denn auch das beste Messer verliert an Sch\u00e4rfe und muss deswegen regelm\u00e4\u00dfig nachgesch\u00e4rft werden. Durch die rote Farbe erh\u00e4lt der Messersch\u00e4rfer einen modernen Look. Die Klinge des Messers wird einfach durch den Messersch\u00e4rfer gezogen, so dass das Messer entgratet und gesch\u00e4rft wird. [&hellip;]<\/p>\n","protected":false},"featured_media":127945,"template":"","meta":{"_acf_changed":false},"product_featured_cat":[],"product_brand":[3579],"product_cat":[4286],"product_tag":[],"class_list":{"0":"post-127947","1":"product","2":"type-product","3":"status-publish","4":"has-post-thumbnail","6":"product_brand-zwilling-de","7":"product_cat-kuechenhelfer","9":"first","10":"instock","11":"taxable","12":"shipping-taxable","13":"purchasable","14":"product-type-simple"},"acf":[],"yoast_head":"<!-- This site is optimized with the Yoast SEO plugin v27.4 - https:\/\/yoast.com\/product\/yoast-seo-wordpress\/ -->\n<title>Messersch\u00e4rfer ZWILLING Twin Sharp, Farbe rot - Bantam Camping AG<\/title>\n<meta name=\"robots\" content=\"index, follow, max-snippet:-1, max-image-preview:large, max-video-preview:-1\" \/>\n<link rel=\"canonical\" href=\"https:\/\/shop.bantam.ch\/de\/produkt\/messerschaerfer-twin-sharp-rot\/\" \/>\n<meta property=\"og:locale\" content=\"de_DE\" \/>\n<meta property=\"og:type\" content=\"article\" \/>\n<meta property=\"og:title\" content=\"Messersch\u00e4rfer ZWILLING Twin Sharp, Farbe rot - Bantam Camping AG\" \/>\n<meta property=\"og:description\" content=\"Der TWINSHARP\u00ae Messersch\u00e4rfer von ZWILLING ist ein Sch\u00e4rfer f\u00fcr einfaches und sicheres Nachsch\u00e4rfen. Denn auch das beste Messer verliert an Sch\u00e4rfe und muss deswegen regelm\u00e4\u00dfig nachgesch\u00e4rft werden. Durch die rote Farbe erh\u00e4lt der Messersch\u00e4rfer einen modernen Look. Die Klinge des Messers wird einfach durch den Messersch\u00e4rfer gezogen, so dass das Messer entgratet und gesch\u00e4rft wird. [&hellip;]\" \/>\n<meta property=\"og:url\" content=\"https:\/\/shop.bantam.ch\/de\/produkt\/messerschaerfer-twin-sharp-rot\/\" \/>\n<meta property=\"og:site_name\" content=\"Bantam Camping AG\" \/>\n<meta property=\"article:modified_time\" content=\"2026-04-17T19:53:47+00:00\" \/>\n<meta property=\"og:image\" content=\"https:\/\/shop.bantam.ch\/wp-content\/uploads\/2023\/03\/9984735100.jpg\" \/>\n\t<meta property=\"og:image:width\" content=\"1000\" \/>\n\t<meta property=\"og:image:height\" content=\"420\" \/>\n\t<meta property=\"og:image:type\" content=\"image\/jpeg\" \/>\n<meta name=\"twitter:card\" content=\"summary_large_image\" \/>\n<meta name=\"twitter:label1\" content=\"Gesch\u00e4tzte Lesezeit\" \/>\n\t<meta name=\"twitter:data1\" content=\"1\u00a0Minute\" \/>\n<script type=\"application\/ld+json\" class=\"yoast-schema-graph\">{\"@context\":\"https:\\\/\\\/schema.org\",\"@graph\":[{\"@type\":\"WebPage\",\"@id\":\"https:\\\/\\\/shop.bantam.ch\\\/de\\\/produkt\\\/messerschaerfer-twin-sharp-rot\\\/\",\"url\":\"https:\\\/\\\/shop.bantam.ch\\\/de\\\/produkt\\\/messerschaerfer-twin-sharp-rot\\\/\",\"name\":\"Messersch\u00e4rfer ZWILLING Twin Sharp, Farbe rot - Bantam Camping AG\",\"isPartOf\":{\"@id\":\"https:\\\/\\\/shop.bantam.ch\\\/de\\\/#website\"},\"primaryImageOfPage\":{\"@id\":\"https:\\\/\\\/shop.bantam.ch\\\/de\\\/produkt\\\/messerschaerfer-twin-sharp-rot\\\/#primaryimage\"},\"image\":{\"@id\":\"https:\\\/\\\/shop.bantam.ch\\\/de\\\/produkt\\\/messerschaerfer-twin-sharp-rot\\\/#primaryimage\"},\"thumbnailUrl\":\"https:\\\/\\\/shop.bantam.ch\\\/wp-content\\\/uploads\\\/2023\\\/03\\\/9984735100.jpg\",\"datePublished\":\"2023-03-01T00:27:00+00:00\",\"dateModified\":\"2026-04-17T19:53:47+00:00\",\"breadcrumb\":{\"@id\":\"https:\\\/\\\/shop.bantam.ch\\\/de\\\/produkt\\\/messerschaerfer-twin-sharp-rot\\\/#breadcrumb\"},\"inLanguage\":\"de\",\"potentialAction\":[{\"@type\":\"ReadAction\",\"target\":[\"https:\\\/\\\/shop.bantam.ch\\\/de\\\/produkt\\\/messerschaerfer-twin-sharp-rot\\\/\"]}]},{\"@type\":\"ImageObject\",\"inLanguage\":\"de\",\"@id\":\"https:\\\/\\\/shop.bantam.ch\\\/de\\\/produkt\\\/messerschaerfer-twin-sharp-rot\\\/#primaryimage\",\"url\":\"https:\\\/\\\/shop.bantam.ch\\\/wp-content\\\/uploads\\\/2023\\\/03\\\/9984735100.jpg\",\"contentUrl\":\"https:\\\/\\\/shop.bantam.ch\\\/wp-content\\\/uploads\\\/2023\\\/03\\\/9984735100.jpg\",\"width\":1000,\"height\":420},{\"@type\":\"BreadcrumbList\",\"@id\":\"https:\\\/\\\/shop.bantam.ch\\\/de\\\/produkt\\\/messerschaerfer-twin-sharp-rot\\\/#breadcrumb\",\"itemListElement\":[{\"@type\":\"ListItem\",\"position\":1,\"name\":\"Accueil\",\"item\":\"https:\\\/\\\/shop.bantam.ch\\\/de\\\/\"},{\"@type\":\"ListItem\",\"position\":2,\"name\":\"Shop\",\"item\":\"https:\\\/\\\/shop.bantam.ch\\\/de\\\/shop\\\/\"},{\"@type\":\"ListItem\",\"position\":3,\"name\":\"Messersch\u00e4rfer ZWILLING Twin Sharp, Farbe rot\"}]},{\"@type\":\"WebSite\",\"@id\":\"https:\\\/\\\/shop.bantam.ch\\\/de\\\/#website\",\"url\":\"https:\\\/\\\/shop.bantam.ch\\\/de\\\/\",\"name\":\"Bantam Camping AG\",\"description\":\"\",\"publisher\":{\"@id\":\"https:\\\/\\\/shop.bantam.ch\\\/de\\\/#organization\"},\"inLanguage\":\"de\"},{\"@type\":\"Organization\",\"@id\":\"https:\\\/\\\/shop.bantam.ch\\\/de\\\/#organization\",\"name\":\"Bantam Camping AG\",\"url\":\"https:\\\/\\\/shop.bantam.ch\\\/de\\\/\",\"logo\":{\"@type\":\"ImageObject\",\"inLanguage\":\"de\",\"@id\":\"https:\\\/\\\/shop.bantam.ch\\\/de\\\/#\\\/schema\\\/logo\\\/image\\\/\",\"url\":\"https:\\\/\\\/shop.bantam.ch\\\/wp-content\\\/uploads\\\/2022\\\/12\\\/bantam-logo.png\",\"contentUrl\":\"https:\\\/\\\/shop.bantam.ch\\\/wp-content\\\/uploads\\\/2022\\\/12\\\/bantam-logo.png\",\"width\":320,\"height\":71,\"caption\":\"Bantam Camping AG\"},\"image\":{\"@id\":\"https:\\\/\\\/shop.bantam.ch\\\/de\\\/#\\\/schema\\\/logo\\\/image\\\/\"}}]}<\/script>\n<!-- \/ Yoast SEO plugin. -->","yoast_head_json":{"title":"Messersch\u00e4rfer ZWILLING Twin Sharp, Farbe rot - Bantam Camping AG","robots":{"index":"index","follow":"follow","max-snippet":"max-snippet:-1","max-image-preview":"max-image-preview:large","max-video-preview":"max-video-preview:-1"},"canonical":"https:\/\/shop.bantam.ch\/de\/produkt\/messerschaerfer-twin-sharp-rot\/","og_locale":"de_DE","og_type":"article","og_title":"Messersch\u00e4rfer ZWILLING Twin Sharp, Farbe rot - Bantam Camping AG","og_description":"Der TWINSHARP\u00ae Messersch\u00e4rfer von ZWILLING ist ein Sch\u00e4rfer f\u00fcr einfaches und sicheres Nachsch\u00e4rfen. Denn auch das beste Messer verliert an Sch\u00e4rfe und muss deswegen regelm\u00e4\u00dfig nachgesch\u00e4rft werden. Durch die rote Farbe erh\u00e4lt der Messersch\u00e4rfer einen modernen Look. Die Klinge des Messers wird einfach durch den Messersch\u00e4rfer gezogen, so dass das Messer entgratet und gesch\u00e4rft wird. [&hellip;]","og_url":"https:\/\/shop.bantam.ch\/de\/produkt\/messerschaerfer-twin-sharp-rot\/","og_site_name":"Bantam Camping AG","article_modified_time":"2026-04-17T19:53:47+00:00","og_image":[{"width":1000,"height":420,"url":"https:\/\/shop.bantam.ch\/wp-content\/uploads\/2023\/03\/9984735100.jpg","type":"image\/jpeg"}],"twitter_card":"summary_large_image","twitter_misc":{"Gesch\u00e4tzte Lesezeit":"1\u00a0Minute"},"schema":{"@context":"https:\/\/schema.org","@graph":[{"@type":"WebPage","@id":"https:\/\/shop.bantam.ch\/de\/produkt\/messerschaerfer-twin-sharp-rot\/","url":"https:\/\/shop.bantam.ch\/de\/produkt\/messerschaerfer-twin-sharp-rot\/","name":"Messersch\u00e4rfer ZWILLING Twin Sharp, Farbe rot - Bantam Camping AG","isPartOf":{"@id":"https:\/\/shop.bantam.ch\/de\/#website"},"primaryImageOfPage":{"@id":"https:\/\/shop.bantam.ch\/de\/produkt\/messerschaerfer-twin-sharp-rot\/#primaryimage"},"image":{"@id":"https:\/\/shop.bantam.ch\/de\/produkt\/messerschaerfer-twin-sharp-rot\/#primaryimage"},"thumbnailUrl":"https:\/\/shop.bantam.ch\/wp-content\/uploads\/2023\/03\/9984735100.jpg","datePublished":"2023-03-01T00:27:00+00:00","dateModified":"2026-04-17T19:53:47+00:00","breadcrumb":{"@id":"https:\/\/shop.bantam.ch\/de\/produkt\/messerschaerfer-twin-sharp-rot\/#breadcrumb"},"inLanguage":"de","potentialAction":[{"@type":"ReadAction","target":["https:\/\/shop.bantam.ch\/de\/produkt\/messerschaerfer-twin-sharp-rot\/"]}]},{"@type":"ImageObject","inLanguage":"de","@id":"https:\/\/shop.bantam.ch\/de\/produkt\/messerschaerfer-twin-sharp-rot\/#primaryimage","url":"https:\/\/shop.bantam.ch\/wp-content\/uploads\/2023\/03\/9984735100.jpg","contentUrl":"https:\/\/shop.bantam.ch\/wp-content\/uploads\/2023\/03\/9984735100.jpg","width":1000,"height":420},{"@type":"BreadcrumbList","@id":"https:\/\/shop.bantam.ch\/de\/produkt\/messerschaerfer-twin-sharp-rot\/#breadcrumb","itemListElement":[{"@type":"ListItem","position":1,"name":"Accueil","item":"https:\/\/shop.bantam.ch\/de\/"},{"@type":"ListItem","position":2,"name":"Shop","item":"https:\/\/shop.bantam.ch\/de\/shop\/"},{"@type":"ListItem","position":3,"name":"Messersch\u00e4rfer ZWILLING Twin Sharp, Farbe rot"}]},{"@type":"WebSite","@id":"https:\/\/shop.bantam.ch\/de\/#website","url":"https:\/\/shop.bantam.ch\/de\/","name":"Bantam Camping AG","description":"","publisher":{"@id":"https:\/\/shop.bantam.ch\/de\/#organization"},"inLanguage":"de"},{"@type":"Organization","@id":"https:\/\/shop.bantam.ch\/de\/#organization","name":"Bantam Camping AG","url":"https:\/\/shop.bantam.ch\/de\/","logo":{"@type":"ImageObject","inLanguage":"de","@id":"https:\/\/shop.bantam.ch\/de\/#\/schema\/logo\/image\/","url":"https:\/\/shop.bantam.ch\/wp-content\/uploads\/2022\/12\/bantam-logo.png","contentUrl":"https:\/\/shop.bantam.ch\/wp-content\/uploads\/2022\/12\/bantam-logo.png","width":320,"height":71,"caption":"Bantam Camping AG"},"image":{"@id":"https:\/\/shop.bantam.ch\/de\/#\/schema\/logo\/image\/"}}]}},"_links":{"self":[{"href":"https:\/\/shop.bantam.ch\/de\/wp-json\/wp\/v2\/product\/127947","targetHints":{"allow":["GET"]}}],"collection":[{"href":"https:\/\/shop.bantam.ch\/de\/wp-json\/wp\/v2\/product"}],"about":[{"href":"https:\/\/shop.bantam.ch\/de\/wp-json\/wp\/v2\/types\/product"}],"wp:featuredmedia":[{"embeddable":true,"href":"https:\/\/shop.bantam.ch\/de\/wp-json\/wp\/v2\/media\/127945"}],"wp:attachment":[{"href":"https:\/\/shop.bantam.ch\/de\/wp-json\/wp\/v2\/media?parent=127947"}],"wp:term":[{"taxonomy":"product_featured_cat","embeddable":true,"href":"https:\/\/shop.bantam.ch\/de\/wp-json\/wp\/v2\/product_featured_cat?post=127947"},{"taxonomy":"product_brand","embeddable":true,"href":"https:\/\/shop.bantam.ch\/de\/wp-json\/wp\/v2\/product_brand?post=127947"},{"taxonomy":"product_cat","embeddable":true,"href":"https:\/\/shop.bantam.ch\/de\/wp-json\/wp\/v2\/product_cat?post=127947"},{"taxonomy":"product_tag","embeddable":true,"href":"https:\/\/shop.bantam.ch\/de\/wp-json\/wp\/v2\/product_tag?post=127947"}],"curies":[{"name":"wp","href":"https:\/\/api.w.org\/{rel}","templated":true}]}}