{"id":127943,"date":"2023-03-01T01:26:55","date_gmt":"2023-03-01T00:26:55","guid":{"rendered":"https:\/\/shop.bantam.ch\/produit\/messerset-twin-grip-2-tlg-schwarz\/"},"modified":"2026-04-17T21:53:47","modified_gmt":"2026-04-17T19:53:47","slug":"messerset-twin-grip-2-tlg-schwarz","status":"publish","type":"product","link":"https:\/\/shop.bantam.ch\/de\/produkt\/messerset-twin-grip-2-tlg-schwarz\/","title":{"rendered":"Messerset ZWILLING Twin Grip 2-tlg., Farbe schwarz"},"content":{"rendered":"<p>Das K\u00fcchenmesser hat ein ergonomisches Griffdesign aus Kunststoff und bietet so beim Schneiden viel Komfort ohne Erm\u00fcden. Die eisgeh\u00e4rtete FRIODUR Klinge aus rostfreiem Edelstahl ist besonders schneidhaltig und dabei flexibel.<\/p>\n<ul>\n<li>FRIODUR\u00ae eisgeh\u00e4rtete Klinge f\u00fcr besonders lange Haltbarkeit der Schneide und Korrosionsbest\u00e4ndigkeit.<\/li>\n<li>Rostfreier Spezialstahl<\/li>\n<li>Enth\u00e4lt 1 Sparsch\u00e4ler (6,5 cm), 1 Gem\u00fcsemesser (8 cm)<\/li>\n<li>Robuste Klinge<\/li>\n<li>Ergonomischer Griff f\u00fcr ideale Balance<\/li>\n<li>Hohe Korrosionsbest\u00e4ndigkeit<\/li>\n<li>Hochwertig verarbeitet<\/li>\n<\/ul>\n","protected":false},"excerpt":{"rendered":"<p>Das K\u00fcchenmesser hat ein ergonomisches Griffdesign aus Kunststoff und bietet so beim Schneiden viel Komfort ohne Erm\u00fcden. Die eisgeh\u00e4rtete FRIODUR Klinge aus rostfreiem Edelstahl ist besonders schneidhaltig und dabei flexibel. FRIODUR\u00ae eisgeh\u00e4rtete Klinge f\u00fcr besonders lange Haltbarkeit der Schneide und Korrosionsbest\u00e4ndigkeit. Rostfreier Spezialstahl Enth\u00e4lt 1 Sparsch\u00e4ler (6,5 cm), 1 Gem\u00fcsemesser (8 cm) Robuste Klinge Ergonomischer [&hellip;]<\/p>\n","protected":false},"featured_media":127941,"template":"","meta":{"_acf_changed":false},"product_featured_cat":[],"product_brand":[3579],"product_cat":[4286],"product_tag":[],"class_list":{"0":"post-127943","1":"product","2":"type-product","3":"status-publish","4":"has-post-thumbnail","6":"product_brand-zwilling-de","7":"product_cat-kuechenhelfer","9":"first","10":"instock","11":"taxable","12":"shipping-taxable","13":"purchasable","14":"product-type-simple"},"acf":[],"yoast_head":"<!-- This site is optimized with the Yoast SEO plugin v27.4 - https:\/\/yoast.com\/product\/yoast-seo-wordpress\/ -->\n<title>Messerset ZWILLING Twin Grip 2-tlg., Farbe schwarz - Bantam Camping AG<\/title>\n<meta name=\"robots\" content=\"index, follow, max-snippet:-1, max-image-preview:large, max-video-preview:-1\" \/>\n<link rel=\"canonical\" href=\"https:\/\/shop.bantam.ch\/de\/produkt\/messerset-twin-grip-2-tlg-schwarz\/\" \/>\n<meta property=\"og:locale\" content=\"de_DE\" \/>\n<meta property=\"og:type\" content=\"article\" \/>\n<meta property=\"og:title\" content=\"Messerset ZWILLING Twin Grip 2-tlg., Farbe schwarz - Bantam Camping AG\" \/>\n<meta property=\"og:description\" content=\"Das K\u00fcchenmesser hat ein ergonomisches Griffdesign aus Kunststoff und bietet so beim Schneiden viel Komfort ohne Erm\u00fcden. Die eisgeh\u00e4rtete FRIODUR Klinge aus rostfreiem Edelstahl ist besonders schneidhaltig und dabei flexibel. FRIODUR\u00ae eisgeh\u00e4rtete Klinge f\u00fcr besonders lange Haltbarkeit der Schneide und Korrosionsbest\u00e4ndigkeit. Rostfreier Spezialstahl Enth\u00e4lt 1 Sparsch\u00e4ler (6,5 cm), 1 Gem\u00fcsemesser (8 cm) Robuste Klinge Ergonomischer [&hellip;]\" \/>\n<meta property=\"og:url\" content=\"https:\/\/shop.bantam.ch\/de\/produkt\/messerset-twin-grip-2-tlg-schwarz\/\" \/>\n<meta property=\"og:site_name\" content=\"Bantam Camping AG\" \/>\n<meta property=\"article:modified_time\" content=\"2026-04-17T19:53:47+00:00\" \/>\n<meta property=\"og:image\" content=\"https:\/\/shop.bantam.ch\/wp-content\/uploads\/2023\/03\/9984733100-1.jpg\" \/>\n\t<meta property=\"og:image:width\" content=\"1000\" \/>\n\t<meta property=\"og:image:height\" content=\"311\" \/>\n\t<meta property=\"og:image:type\" content=\"image\/jpeg\" \/>\n<meta name=\"twitter:card\" content=\"summary_large_image\" \/>\n<script type=\"application\/ld+json\" class=\"yoast-schema-graph\">{\"@context\":\"https:\\\/\\\/schema.org\",\"@graph\":[{\"@type\":\"WebPage\",\"@id\":\"https:\\\/\\\/shop.bantam.ch\\\/de\\\/produkt\\\/messerset-twin-grip-2-tlg-schwarz\\\/\",\"url\":\"https:\\\/\\\/shop.bantam.ch\\\/de\\\/produkt\\\/messerset-twin-grip-2-tlg-schwarz\\\/\",\"name\":\"Messerset ZWILLING Twin Grip 2-tlg., Farbe schwarz - Bantam Camping AG\",\"isPartOf\":{\"@id\":\"https:\\\/\\\/shop.bantam.ch\\\/de\\\/#website\"},\"primaryImageOfPage\":{\"@id\":\"https:\\\/\\\/shop.bantam.ch\\\/de\\\/produkt\\\/messerset-twin-grip-2-tlg-schwarz\\\/#primaryimage\"},\"image\":{\"@id\":\"https:\\\/\\\/shop.bantam.ch\\\/de\\\/produkt\\\/messerset-twin-grip-2-tlg-schwarz\\\/#primaryimage\"},\"thumbnailUrl\":\"https:\\\/\\\/shop.bantam.ch\\\/wp-content\\\/uploads\\\/2023\\\/03\\\/9984733100-1.jpg\",\"datePublished\":\"2023-03-01T00:26:55+00:00\",\"dateModified\":\"2026-04-17T19:53:47+00:00\",\"breadcrumb\":{\"@id\":\"https:\\\/\\\/shop.bantam.ch\\\/de\\\/produkt\\\/messerset-twin-grip-2-tlg-schwarz\\\/#breadcrumb\"},\"inLanguage\":\"de\",\"potentialAction\":[{\"@type\":\"ReadAction\",\"target\":[\"https:\\\/\\\/shop.bantam.ch\\\/de\\\/produkt\\\/messerset-twin-grip-2-tlg-schwarz\\\/\"]}]},{\"@type\":\"ImageObject\",\"inLanguage\":\"de\",\"@id\":\"https:\\\/\\\/shop.bantam.ch\\\/de\\\/produkt\\\/messerset-twin-grip-2-tlg-schwarz\\\/#primaryimage\",\"url\":\"https:\\\/\\\/shop.bantam.ch\\\/wp-content\\\/uploads\\\/2023\\\/03\\\/9984733100-1.jpg\",\"contentUrl\":\"https:\\\/\\\/shop.bantam.ch\\\/wp-content\\\/uploads\\\/2023\\\/03\\\/9984733100-1.jpg\",\"width\":1000,\"height\":311},{\"@type\":\"BreadcrumbList\",\"@id\":\"https:\\\/\\\/shop.bantam.ch\\\/de\\\/produkt\\\/messerset-twin-grip-2-tlg-schwarz\\\/#breadcrumb\",\"itemListElement\":[{\"@type\":\"ListItem\",\"position\":1,\"name\":\"Accueil\",\"item\":\"https:\\\/\\\/shop.bantam.ch\\\/de\\\/\"},{\"@type\":\"ListItem\",\"position\":2,\"name\":\"Shop\",\"item\":\"https:\\\/\\\/shop.bantam.ch\\\/de\\\/shop\\\/\"},{\"@type\":\"ListItem\",\"position\":3,\"name\":\"Messerset ZWILLING Twin Grip 2-tlg., Farbe schwarz\"}]},{\"@type\":\"WebSite\",\"@id\":\"https:\\\/\\\/shop.bantam.ch\\\/de\\\/#website\",\"url\":\"https:\\\/\\\/shop.bantam.ch\\\/de\\\/\",\"name\":\"Bantam Camping AG\",\"description\":\"\",\"publisher\":{\"@id\":\"https:\\\/\\\/shop.bantam.ch\\\/de\\\/#organization\"},\"inLanguage\":\"de\"},{\"@type\":\"Organization\",\"@id\":\"https:\\\/\\\/shop.bantam.ch\\\/de\\\/#organization\",\"name\":\"Bantam Camping AG\",\"url\":\"https:\\\/\\\/shop.bantam.ch\\\/de\\\/\",\"logo\":{\"@type\":\"ImageObject\",\"inLanguage\":\"de\",\"@id\":\"https:\\\/\\\/shop.bantam.ch\\\/de\\\/#\\\/schema\\\/logo\\\/image\\\/\",\"url\":\"https:\\\/\\\/shop.bantam.ch\\\/wp-content\\\/uploads\\\/2022\\\/12\\\/bantam-logo.png\",\"contentUrl\":\"https:\\\/\\\/shop.bantam.ch\\\/wp-content\\\/uploads\\\/2022\\\/12\\\/bantam-logo.png\",\"width\":320,\"height\":71,\"caption\":\"Bantam Camping AG\"},\"image\":{\"@id\":\"https:\\\/\\\/shop.bantam.ch\\\/de\\\/#\\\/schema\\\/logo\\\/image\\\/\"}}]}<\/script>\n<!-- \/ Yoast SEO plugin. -->","yoast_head_json":{"title":"Messerset ZWILLING Twin Grip 2-tlg., Farbe schwarz - Bantam Camping AG","robots":{"index":"index","follow":"follow","max-snippet":"max-snippet:-1","max-image-preview":"max-image-preview:large","max-video-preview":"max-video-preview:-1"},"canonical":"https:\/\/shop.bantam.ch\/de\/produkt\/messerset-twin-grip-2-tlg-schwarz\/","og_locale":"de_DE","og_type":"article","og_title":"Messerset ZWILLING Twin Grip 2-tlg., Farbe schwarz - Bantam Camping AG","og_description":"Das K\u00fcchenmesser hat ein ergonomisches Griffdesign aus Kunststoff und bietet so beim Schneiden viel Komfort ohne Erm\u00fcden. Die eisgeh\u00e4rtete FRIODUR Klinge aus rostfreiem Edelstahl ist besonders schneidhaltig und dabei flexibel. FRIODUR\u00ae eisgeh\u00e4rtete Klinge f\u00fcr besonders lange Haltbarkeit der Schneide und Korrosionsbest\u00e4ndigkeit. Rostfreier Spezialstahl Enth\u00e4lt 1 Sparsch\u00e4ler (6,5 cm), 1 Gem\u00fcsemesser (8 cm) Robuste Klinge Ergonomischer [&hellip;]","og_url":"https:\/\/shop.bantam.ch\/de\/produkt\/messerset-twin-grip-2-tlg-schwarz\/","og_site_name":"Bantam Camping AG","article_modified_time":"2026-04-17T19:53:47+00:00","og_image":[{"width":1000,"height":311,"url":"https:\/\/shop.bantam.ch\/wp-content\/uploads\/2023\/03\/9984733100-1.jpg","type":"image\/jpeg"}],"twitter_card":"summary_large_image","schema":{"@context":"https:\/\/schema.org","@graph":[{"@type":"WebPage","@id":"https:\/\/shop.bantam.ch\/de\/produkt\/messerset-twin-grip-2-tlg-schwarz\/","url":"https:\/\/shop.bantam.ch\/de\/produkt\/messerset-twin-grip-2-tlg-schwarz\/","name":"Messerset ZWILLING Twin Grip 2-tlg., Farbe schwarz - Bantam Camping AG","isPartOf":{"@id":"https:\/\/shop.bantam.ch\/de\/#website"},"primaryImageOfPage":{"@id":"https:\/\/shop.bantam.ch\/de\/produkt\/messerset-twin-grip-2-tlg-schwarz\/#primaryimage"},"image":{"@id":"https:\/\/shop.bantam.ch\/de\/produkt\/messerset-twin-grip-2-tlg-schwarz\/#primaryimage"},"thumbnailUrl":"https:\/\/shop.bantam.ch\/wp-content\/uploads\/2023\/03\/9984733100-1.jpg","datePublished":"2023-03-01T00:26:55+00:00","dateModified":"2026-04-17T19:53:47+00:00","breadcrumb":{"@id":"https:\/\/shop.bantam.ch\/de\/produkt\/messerset-twin-grip-2-tlg-schwarz\/#breadcrumb"},"inLanguage":"de","potentialAction":[{"@type":"ReadAction","target":["https:\/\/shop.bantam.ch\/de\/produkt\/messerset-twin-grip-2-tlg-schwarz\/"]}]},{"@type":"ImageObject","inLanguage":"de","@id":"https:\/\/shop.bantam.ch\/de\/produkt\/messerset-twin-grip-2-tlg-schwarz\/#primaryimage","url":"https:\/\/shop.bantam.ch\/wp-content\/uploads\/2023\/03\/9984733100-1.jpg","contentUrl":"https:\/\/shop.bantam.ch\/wp-content\/uploads\/2023\/03\/9984733100-1.jpg","width":1000,"height":311},{"@type":"BreadcrumbList","@id":"https:\/\/shop.bantam.ch\/de\/produkt\/messerset-twin-grip-2-tlg-schwarz\/#breadcrumb","itemListElement":[{"@type":"ListItem","position":1,"name":"Accueil","item":"https:\/\/shop.bantam.ch\/de\/"},{"@type":"ListItem","position":2,"name":"Shop","item":"https:\/\/shop.bantam.ch\/de\/shop\/"},{"@type":"ListItem","position":3,"name":"Messerset ZWILLING Twin Grip 2-tlg., Farbe schwarz"}]},{"@type":"WebSite","@id":"https:\/\/shop.bantam.ch\/de\/#website","url":"https:\/\/shop.bantam.ch\/de\/","name":"Bantam Camping AG","description":"","publisher":{"@id":"https:\/\/shop.bantam.ch\/de\/#organization"},"inLanguage":"de"},{"@type":"Organization","@id":"https:\/\/shop.bantam.ch\/de\/#organization","name":"Bantam Camping AG","url":"https:\/\/shop.bantam.ch\/de\/","logo":{"@type":"ImageObject","inLanguage":"de","@id":"https:\/\/shop.bantam.ch\/de\/#\/schema\/logo\/image\/","url":"https:\/\/shop.bantam.ch\/wp-content\/uploads\/2022\/12\/bantam-logo.png","contentUrl":"https:\/\/shop.bantam.ch\/wp-content\/uploads\/2022\/12\/bantam-logo.png","width":320,"height":71,"caption":"Bantam Camping AG"},"image":{"@id":"https:\/\/shop.bantam.ch\/de\/#\/schema\/logo\/image\/"}}]}},"_links":{"self":[{"href":"https:\/\/shop.bantam.ch\/de\/wp-json\/wp\/v2\/product\/127943","targetHints":{"allow":["GET"]}}],"collection":[{"href":"https:\/\/shop.bantam.ch\/de\/wp-json\/wp\/v2\/product"}],"about":[{"href":"https:\/\/shop.bantam.ch\/de\/wp-json\/wp\/v2\/types\/product"}],"wp:featuredmedia":[{"embeddable":true,"href":"https:\/\/shop.bantam.ch\/de\/wp-json\/wp\/v2\/media\/127941"}],"wp:attachment":[{"href":"https:\/\/shop.bantam.ch\/de\/wp-json\/wp\/v2\/media?parent=127943"}],"wp:term":[{"taxonomy":"product_featured_cat","embeddable":true,"href":"https:\/\/shop.bantam.ch\/de\/wp-json\/wp\/v2\/product_featured_cat?post=127943"},{"taxonomy":"product_brand","embeddable":true,"href":"https:\/\/shop.bantam.ch\/de\/wp-json\/wp\/v2\/product_brand?post=127943"},{"taxonomy":"product_cat","embeddable":true,"href":"https:\/\/shop.bantam.ch\/de\/wp-json\/wp\/v2\/product_cat?post=127943"},{"taxonomy":"product_tag","embeddable":true,"href":"https:\/\/shop.bantam.ch\/de\/wp-json\/wp\/v2\/product_tag?post=127943"}],"curies":[{"name":"wp","href":"https:\/\/api.w.org\/{rel}","templated":true}]}}