{"id":127939,"date":"2023-03-01T01:26:50","date_gmt":"2023-03-01T00:26:50","guid":{"rendered":"https:\/\/shop.bantam.ch\/produit\/messerset-twin-grip-3-tlg\/"},"modified":"2026-04-17T21:53:47","modified_gmt":"2026-04-17T19:53:47","slug":"messerset-twin-grip-3-tlg","status":"publish","type":"product","link":"https:\/\/shop.bantam.ch\/de\/produkt\/messerset-twin-grip-3-tlg\/","title":{"rendered":"Messerset ZWILLING Twin Grip 3-tlg., gemischte Farben"},"content":{"rendered":"<p>Dieses Messerset aus der Serie TWIN Grip von ZWILLING ist ideal f\u00fcr Einsteiger*innen geeignet, sodass auch Kochneulinge damit gut arbeiten k\u00f6nnen und sich auf ein Schneidwerkzeug f\u00fcr pr\u00e4zises Arbeiten freuen k\u00f6nnen. Dank der ergonomischen Form des Griffs aus Kunststoff in der Farbe gemischte Farben liegt das K\u00fcchenmesser stets angenehm in der Hand.<\/p>\n<ul>\n<li>FRIODUR\u00ae eisgeh\u00e4rtete Klinge f\u00fcr besonders lange Haltbarkeit der Schneide und Korrosionsbest\u00e4ndigkeit.<\/li>\n<li>Rostfreier Spezialstahl<\/li>\n<li>Enth\u00e4lt 1 Sch\u00e4lmesser (6 cm), 1 Spick- und Garniermesser (9 cm), 1 Universalmesser (12 cm)<\/li>\n<li>Robuste Klinge<\/li>\n<li>F\u00fcr pr\u00e4zises Schneiden<\/li>\n<li>Korrosionsbest\u00e4ndig<\/li>\n<li>Hochwertig verarbeitet<\/li>\n<\/ul>\n","protected":false},"excerpt":{"rendered":"<p>Dieses Messerset aus der Serie TWIN Grip von ZWILLING ist ideal f\u00fcr Einsteiger*innen geeignet, sodass auch Kochneulinge damit gut arbeiten k\u00f6nnen und sich auf ein Schneidwerkzeug f\u00fcr pr\u00e4zises Arbeiten freuen k\u00f6nnen. Dank der ergonomischen Form des Griffs aus Kunststoff in der Farbe gemischte Farben liegt das K\u00fcchenmesser stets angenehm in der Hand. FRIODUR\u00ae eisgeh\u00e4rtete Klinge [&hellip;]<\/p>\n","protected":false},"featured_media":127937,"template":"","meta":{"_acf_changed":false},"product_featured_cat":[],"product_brand":[3579],"product_cat":[4286],"product_tag":[],"class_list":{"0":"post-127939","1":"product","2":"type-product","3":"status-publish","4":"has-post-thumbnail","6":"product_brand-zwilling-de","7":"product_cat-kuechenhelfer","9":"first","10":"instock","11":"taxable","12":"shipping-taxable","13":"purchasable","14":"product-type-simple"},"acf":[],"yoast_head":"<!-- This site is optimized with the Yoast SEO plugin v27.4 - https:\/\/yoast.com\/product\/yoast-seo-wordpress\/ -->\n<title>Messerset ZWILLING Twin Grip 3-tlg., gemischte Farben - Bantam Camping AG<\/title>\n<meta name=\"robots\" content=\"index, follow, max-snippet:-1, max-image-preview:large, max-video-preview:-1\" \/>\n<link rel=\"canonical\" href=\"https:\/\/shop.bantam.ch\/de\/produkt\/messerset-twin-grip-3-tlg\/\" \/>\n<meta property=\"og:locale\" content=\"de_DE\" \/>\n<meta property=\"og:type\" content=\"article\" \/>\n<meta property=\"og:title\" content=\"Messerset ZWILLING Twin Grip 3-tlg., gemischte Farben - Bantam Camping AG\" \/>\n<meta property=\"og:description\" content=\"Dieses Messerset aus der Serie TWIN Grip von ZWILLING ist ideal f\u00fcr Einsteiger*innen geeignet, sodass auch Kochneulinge damit gut arbeiten k\u00f6nnen und sich auf ein Schneidwerkzeug f\u00fcr pr\u00e4zises Arbeiten freuen k\u00f6nnen. Dank der ergonomischen Form des Griffs aus Kunststoff in der Farbe gemischte Farben liegt das K\u00fcchenmesser stets angenehm in der Hand. FRIODUR\u00ae eisgeh\u00e4rtete Klinge [&hellip;]\" \/>\n<meta property=\"og:url\" content=\"https:\/\/shop.bantam.ch\/de\/produkt\/messerset-twin-grip-3-tlg\/\" \/>\n<meta property=\"og:site_name\" content=\"Bantam Camping AG\" \/>\n<meta property=\"article:modified_time\" content=\"2026-04-17T19:53:47+00:00\" \/>\n<meta property=\"og:image\" content=\"https:\/\/shop.bantam.ch\/wp-content\/uploads\/2023\/03\/9984733100.jpg\" \/>\n\t<meta property=\"og:image:width\" content=\"1000\" \/>\n\t<meta property=\"og:image:height\" content=\"311\" \/>\n\t<meta property=\"og:image:type\" content=\"image\/jpeg\" \/>\n<meta name=\"twitter:card\" content=\"summary_large_image\" \/>\n<script type=\"application\/ld+json\" class=\"yoast-schema-graph\">{\"@context\":\"https:\\\/\\\/schema.org\",\"@graph\":[{\"@type\":\"WebPage\",\"@id\":\"https:\\\/\\\/shop.bantam.ch\\\/de\\\/produkt\\\/messerset-twin-grip-3-tlg\\\/\",\"url\":\"https:\\\/\\\/shop.bantam.ch\\\/de\\\/produkt\\\/messerset-twin-grip-3-tlg\\\/\",\"name\":\"Messerset ZWILLING Twin Grip 3-tlg., gemischte Farben - Bantam Camping AG\",\"isPartOf\":{\"@id\":\"https:\\\/\\\/shop.bantam.ch\\\/de\\\/#website\"},\"primaryImageOfPage\":{\"@id\":\"https:\\\/\\\/shop.bantam.ch\\\/de\\\/produkt\\\/messerset-twin-grip-3-tlg\\\/#primaryimage\"},\"image\":{\"@id\":\"https:\\\/\\\/shop.bantam.ch\\\/de\\\/produkt\\\/messerset-twin-grip-3-tlg\\\/#primaryimage\"},\"thumbnailUrl\":\"https:\\\/\\\/shop.bantam.ch\\\/wp-content\\\/uploads\\\/2023\\\/03\\\/9984733100.jpg\",\"datePublished\":\"2023-03-01T00:26:50+00:00\",\"dateModified\":\"2026-04-17T19:53:47+00:00\",\"breadcrumb\":{\"@id\":\"https:\\\/\\\/shop.bantam.ch\\\/de\\\/produkt\\\/messerset-twin-grip-3-tlg\\\/#breadcrumb\"},\"inLanguage\":\"de\",\"potentialAction\":[{\"@type\":\"ReadAction\",\"target\":[\"https:\\\/\\\/shop.bantam.ch\\\/de\\\/produkt\\\/messerset-twin-grip-3-tlg\\\/\"]}]},{\"@type\":\"ImageObject\",\"inLanguage\":\"de\",\"@id\":\"https:\\\/\\\/shop.bantam.ch\\\/de\\\/produkt\\\/messerset-twin-grip-3-tlg\\\/#primaryimage\",\"url\":\"https:\\\/\\\/shop.bantam.ch\\\/wp-content\\\/uploads\\\/2023\\\/03\\\/9984733100.jpg\",\"contentUrl\":\"https:\\\/\\\/shop.bantam.ch\\\/wp-content\\\/uploads\\\/2023\\\/03\\\/9984733100.jpg\",\"width\":1000,\"height\":311},{\"@type\":\"BreadcrumbList\",\"@id\":\"https:\\\/\\\/shop.bantam.ch\\\/de\\\/produkt\\\/messerset-twin-grip-3-tlg\\\/#breadcrumb\",\"itemListElement\":[{\"@type\":\"ListItem\",\"position\":1,\"name\":\"Accueil\",\"item\":\"https:\\\/\\\/shop.bantam.ch\\\/de\\\/\"},{\"@type\":\"ListItem\",\"position\":2,\"name\":\"Shop\",\"item\":\"https:\\\/\\\/shop.bantam.ch\\\/de\\\/shop\\\/\"},{\"@type\":\"ListItem\",\"position\":3,\"name\":\"Messerset ZWILLING Twin Grip 3-tlg., gemischte Farben\"}]},{\"@type\":\"WebSite\",\"@id\":\"https:\\\/\\\/shop.bantam.ch\\\/de\\\/#website\",\"url\":\"https:\\\/\\\/shop.bantam.ch\\\/de\\\/\",\"name\":\"Bantam Camping AG\",\"description\":\"\",\"publisher\":{\"@id\":\"https:\\\/\\\/shop.bantam.ch\\\/de\\\/#organization\"},\"inLanguage\":\"de\"},{\"@type\":\"Organization\",\"@id\":\"https:\\\/\\\/shop.bantam.ch\\\/de\\\/#organization\",\"name\":\"Bantam Camping AG\",\"url\":\"https:\\\/\\\/shop.bantam.ch\\\/de\\\/\",\"logo\":{\"@type\":\"ImageObject\",\"inLanguage\":\"de\",\"@id\":\"https:\\\/\\\/shop.bantam.ch\\\/de\\\/#\\\/schema\\\/logo\\\/image\\\/\",\"url\":\"https:\\\/\\\/shop.bantam.ch\\\/wp-content\\\/uploads\\\/2022\\\/12\\\/bantam-logo.png\",\"contentUrl\":\"https:\\\/\\\/shop.bantam.ch\\\/wp-content\\\/uploads\\\/2022\\\/12\\\/bantam-logo.png\",\"width\":320,\"height\":71,\"caption\":\"Bantam Camping AG\"},\"image\":{\"@id\":\"https:\\\/\\\/shop.bantam.ch\\\/de\\\/#\\\/schema\\\/logo\\\/image\\\/\"}}]}<\/script>\n<!-- \/ Yoast SEO plugin. -->","yoast_head_json":{"title":"Messerset ZWILLING Twin Grip 3-tlg., gemischte Farben - Bantam Camping AG","robots":{"index":"index","follow":"follow","max-snippet":"max-snippet:-1","max-image-preview":"max-image-preview:large","max-video-preview":"max-video-preview:-1"},"canonical":"https:\/\/shop.bantam.ch\/de\/produkt\/messerset-twin-grip-3-tlg\/","og_locale":"de_DE","og_type":"article","og_title":"Messerset ZWILLING Twin Grip 3-tlg., gemischte Farben - Bantam Camping AG","og_description":"Dieses Messerset aus der Serie TWIN Grip von ZWILLING ist ideal f\u00fcr Einsteiger*innen geeignet, sodass auch Kochneulinge damit gut arbeiten k\u00f6nnen und sich auf ein Schneidwerkzeug f\u00fcr pr\u00e4zises Arbeiten freuen k\u00f6nnen. Dank der ergonomischen Form des Griffs aus Kunststoff in der Farbe gemischte Farben liegt das K\u00fcchenmesser stets angenehm in der Hand. FRIODUR\u00ae eisgeh\u00e4rtete Klinge [&hellip;]","og_url":"https:\/\/shop.bantam.ch\/de\/produkt\/messerset-twin-grip-3-tlg\/","og_site_name":"Bantam Camping AG","article_modified_time":"2026-04-17T19:53:47+00:00","og_image":[{"width":1000,"height":311,"url":"https:\/\/shop.bantam.ch\/wp-content\/uploads\/2023\/03\/9984733100.jpg","type":"image\/jpeg"}],"twitter_card":"summary_large_image","schema":{"@context":"https:\/\/schema.org","@graph":[{"@type":"WebPage","@id":"https:\/\/shop.bantam.ch\/de\/produkt\/messerset-twin-grip-3-tlg\/","url":"https:\/\/shop.bantam.ch\/de\/produkt\/messerset-twin-grip-3-tlg\/","name":"Messerset ZWILLING Twin Grip 3-tlg., gemischte Farben - Bantam Camping AG","isPartOf":{"@id":"https:\/\/shop.bantam.ch\/de\/#website"},"primaryImageOfPage":{"@id":"https:\/\/shop.bantam.ch\/de\/produkt\/messerset-twin-grip-3-tlg\/#primaryimage"},"image":{"@id":"https:\/\/shop.bantam.ch\/de\/produkt\/messerset-twin-grip-3-tlg\/#primaryimage"},"thumbnailUrl":"https:\/\/shop.bantam.ch\/wp-content\/uploads\/2023\/03\/9984733100.jpg","datePublished":"2023-03-01T00:26:50+00:00","dateModified":"2026-04-17T19:53:47+00:00","breadcrumb":{"@id":"https:\/\/shop.bantam.ch\/de\/produkt\/messerset-twin-grip-3-tlg\/#breadcrumb"},"inLanguage":"de","potentialAction":[{"@type":"ReadAction","target":["https:\/\/shop.bantam.ch\/de\/produkt\/messerset-twin-grip-3-tlg\/"]}]},{"@type":"ImageObject","inLanguage":"de","@id":"https:\/\/shop.bantam.ch\/de\/produkt\/messerset-twin-grip-3-tlg\/#primaryimage","url":"https:\/\/shop.bantam.ch\/wp-content\/uploads\/2023\/03\/9984733100.jpg","contentUrl":"https:\/\/shop.bantam.ch\/wp-content\/uploads\/2023\/03\/9984733100.jpg","width":1000,"height":311},{"@type":"BreadcrumbList","@id":"https:\/\/shop.bantam.ch\/de\/produkt\/messerset-twin-grip-3-tlg\/#breadcrumb","itemListElement":[{"@type":"ListItem","position":1,"name":"Accueil","item":"https:\/\/shop.bantam.ch\/de\/"},{"@type":"ListItem","position":2,"name":"Shop","item":"https:\/\/shop.bantam.ch\/de\/shop\/"},{"@type":"ListItem","position":3,"name":"Messerset ZWILLING Twin Grip 3-tlg., gemischte Farben"}]},{"@type":"WebSite","@id":"https:\/\/shop.bantam.ch\/de\/#website","url":"https:\/\/shop.bantam.ch\/de\/","name":"Bantam Camping AG","description":"","publisher":{"@id":"https:\/\/shop.bantam.ch\/de\/#organization"},"inLanguage":"de"},{"@type":"Organization","@id":"https:\/\/shop.bantam.ch\/de\/#organization","name":"Bantam Camping AG","url":"https:\/\/shop.bantam.ch\/de\/","logo":{"@type":"ImageObject","inLanguage":"de","@id":"https:\/\/shop.bantam.ch\/de\/#\/schema\/logo\/image\/","url":"https:\/\/shop.bantam.ch\/wp-content\/uploads\/2022\/12\/bantam-logo.png","contentUrl":"https:\/\/shop.bantam.ch\/wp-content\/uploads\/2022\/12\/bantam-logo.png","width":320,"height":71,"caption":"Bantam Camping AG"},"image":{"@id":"https:\/\/shop.bantam.ch\/de\/#\/schema\/logo\/image\/"}}]}},"_links":{"self":[{"href":"https:\/\/shop.bantam.ch\/de\/wp-json\/wp\/v2\/product\/127939","targetHints":{"allow":["GET"]}}],"collection":[{"href":"https:\/\/shop.bantam.ch\/de\/wp-json\/wp\/v2\/product"}],"about":[{"href":"https:\/\/shop.bantam.ch\/de\/wp-json\/wp\/v2\/types\/product"}],"wp:featuredmedia":[{"embeddable":true,"href":"https:\/\/shop.bantam.ch\/de\/wp-json\/wp\/v2\/media\/127937"}],"wp:attachment":[{"href":"https:\/\/shop.bantam.ch\/de\/wp-json\/wp\/v2\/media?parent=127939"}],"wp:term":[{"taxonomy":"product_featured_cat","embeddable":true,"href":"https:\/\/shop.bantam.ch\/de\/wp-json\/wp\/v2\/product_featured_cat?post=127939"},{"taxonomy":"product_brand","embeddable":true,"href":"https:\/\/shop.bantam.ch\/de\/wp-json\/wp\/v2\/product_brand?post=127939"},{"taxonomy":"product_cat","embeddable":true,"href":"https:\/\/shop.bantam.ch\/de\/wp-json\/wp\/v2\/product_cat?post=127939"},{"taxonomy":"product_tag","embeddable":true,"href":"https:\/\/shop.bantam.ch\/de\/wp-json\/wp\/v2\/product_tag?post=127939"}],"curies":[{"name":"wp","href":"https:\/\/api.w.org\/{rel}","templated":true}]}}