{"id":127883,"date":"2023-03-01T01:25:58","date_gmt":"2023-03-01T00:25:58","guid":{"rendered":"https:\/\/shop.bantam.ch\/produit\/taschenlampe-p6r-core-schwarz\/"},"modified":"2026-04-20T21:55:12","modified_gmt":"2026-04-20T19:55:12","slug":"taschenlampe-p6r-core-schwarz","status":"publish","type":"product","link":"https:\/\/shop.bantam.ch\/de\/produkt\/taschenlampe-p6r-core-schwarz\/","title":{"rendered":"Taschenlampe LEDLENSER P6R Core Farbe schwarz"},"content":{"rendered":"<p>Nicht weniger als die P-Revolution steckt in der P6R Core, der perfekt vor Staub und Wasser gesch\u00fctzten Taschenlampe f\u00fcr vielf\u00e4ltige Einsatzzwecke. Im schlanken, eleganten Design verbirgt sich modernste Technik, die f\u00fcr leuchtende Aussichten sorgt: stufenlos dimmbar und konfigurierbar mit der innovativen Smart Light Technology, dazu bequem aufladbar mit dem Magnetic Charge System. Nat\u00fcrlich ist auch das patentierte\u00b3 Advanced Focus System an Bord, das dank Multi-Core Optics f\u00fcr unser typisches, perfektes Lichtbild sorgt \u2013 notfalls auch unter Wasser! Und m\u00f6chte man die H\u00e4nde frei haben und einen Raum ausleuchten, l\u00e4sst sich die Lampe einfach auf die Endkappe stellen.<\/p>\n<ul>\n<li>Advanced Focus System f\u00fcr effizientes, ma\u00dfgeschneidertes Licht im fokussierten und defokussierten Zustand<\/li>\n<li>Light Technology zum Personalisieren aller Lichtfunktionen<\/li>\n<li>Extrem hoher Schutz vor Staub und Wasser (Schutzklasse IP68) dank Flex Sealing Technology<\/li>\n<li>Constant Light f\u00fcr konstanten Lichtstrom \u00fcber einen langen Zeitraum<\/li>\n<li>Bequemes Aufladen des Akkus per Magnetic Charge System<\/li>\n<\/ul>\n<p>Lieferumfang: <br \/>1 Akkusatz<br \/>Handschlaufe<\/p>\n","protected":false},"excerpt":{"rendered":"<p>Nicht weniger als die P-Revolution steckt in der P6R Core, der perfekt vor Staub und Wasser gesch\u00fctzten Taschenlampe f\u00fcr vielf\u00e4ltige Einsatzzwecke. Im schlanken, eleganten Design verbirgt sich modernste Technik, die f\u00fcr leuchtende Aussichten sorgt: stufenlos dimmbar und konfigurierbar mit der innovativen Smart Light Technology, dazu bequem aufladbar mit dem Magnetic Charge System. Nat\u00fcrlich ist auch [&hellip;]<\/p>\n","protected":false},"featured_media":127881,"template":"","meta":{"_acf_changed":false},"product_featured_cat":[],"product_brand":[3437],"product_cat":[4376],"product_tag":[],"class_list":{"0":"post-127883","1":"product","2":"type-product","3":"status-publish","4":"has-post-thumbnail","6":"product_brand-ledlenser-de","7":"product_cat-taschenlampen","9":"first","10":"instock","11":"taxable","12":"shipping-taxable","13":"purchasable","14":"product-type-simple"},"acf":[],"yoast_head":"<!-- This site is optimized with the Yoast SEO plugin v27.4 - https:\/\/yoast.com\/product\/yoast-seo-wordpress\/ -->\n<title>Taschenlampe LEDLENSER P6R Core Farbe schwarz - Bantam Camping AG<\/title>\n<meta name=\"robots\" content=\"index, follow, max-snippet:-1, max-image-preview:large, max-video-preview:-1\" \/>\n<link rel=\"canonical\" href=\"https:\/\/shop.bantam.ch\/de\/produkt\/taschenlampe-p6r-core-schwarz\/\" \/>\n<meta property=\"og:locale\" content=\"de_DE\" \/>\n<meta property=\"og:type\" content=\"article\" \/>\n<meta property=\"og:title\" content=\"Taschenlampe LEDLENSER P6R Core Farbe schwarz - Bantam Camping AG\" \/>\n<meta property=\"og:description\" content=\"Nicht weniger als die P-Revolution steckt in der P6R Core, der perfekt vor Staub und Wasser gesch\u00fctzten Taschenlampe f\u00fcr vielf\u00e4ltige Einsatzzwecke. Im schlanken, eleganten Design verbirgt sich modernste Technik, die f\u00fcr leuchtende Aussichten sorgt: stufenlos dimmbar und konfigurierbar mit der innovativen Smart Light Technology, dazu bequem aufladbar mit dem Magnetic Charge System. Nat\u00fcrlich ist auch [&hellip;]\" \/>\n<meta property=\"og:url\" content=\"https:\/\/shop.bantam.ch\/de\/produkt\/taschenlampe-p6r-core-schwarz\/\" \/>\n<meta property=\"og:site_name\" content=\"Bantam Camping AG\" \/>\n<meta property=\"article:modified_time\" content=\"2026-04-20T19:55:12+00:00\" \/>\n<meta property=\"og:image\" content=\"https:\/\/shop.bantam.ch\/wp-content\/uploads\/2023\/03\/997061111.jpg\" \/>\n\t<meta property=\"og:image:width\" content=\"227\" \/>\n\t<meta property=\"og:image:height\" content=\"1000\" \/>\n\t<meta property=\"og:image:type\" content=\"image\/jpeg\" \/>\n<meta name=\"twitter:card\" content=\"summary_large_image\" \/>\n<meta name=\"twitter:label1\" content=\"Gesch\u00e4tzte Lesezeit\" \/>\n\t<meta name=\"twitter:data1\" content=\"1\u00a0Minute\" \/>\n<script type=\"application\/ld+json\" class=\"yoast-schema-graph\">{\"@context\":\"https:\\\/\\\/schema.org\",\"@graph\":[{\"@type\":\"WebPage\",\"@id\":\"https:\\\/\\\/shop.bantam.ch\\\/de\\\/produkt\\\/taschenlampe-p6r-core-schwarz\\\/\",\"url\":\"https:\\\/\\\/shop.bantam.ch\\\/de\\\/produkt\\\/taschenlampe-p6r-core-schwarz\\\/\",\"name\":\"Taschenlampe LEDLENSER P6R Core Farbe schwarz - Bantam Camping AG\",\"isPartOf\":{\"@id\":\"https:\\\/\\\/shop.bantam.ch\\\/de\\\/#website\"},\"primaryImageOfPage\":{\"@id\":\"https:\\\/\\\/shop.bantam.ch\\\/de\\\/produkt\\\/taschenlampe-p6r-core-schwarz\\\/#primaryimage\"},\"image\":{\"@id\":\"https:\\\/\\\/shop.bantam.ch\\\/de\\\/produkt\\\/taschenlampe-p6r-core-schwarz\\\/#primaryimage\"},\"thumbnailUrl\":\"https:\\\/\\\/shop.bantam.ch\\\/wp-content\\\/uploads\\\/2023\\\/03\\\/997061111.jpg\",\"datePublished\":\"2023-03-01T00:25:58+00:00\",\"dateModified\":\"2026-04-20T19:55:12+00:00\",\"breadcrumb\":{\"@id\":\"https:\\\/\\\/shop.bantam.ch\\\/de\\\/produkt\\\/taschenlampe-p6r-core-schwarz\\\/#breadcrumb\"},\"inLanguage\":\"de\",\"potentialAction\":[{\"@type\":\"ReadAction\",\"target\":[\"https:\\\/\\\/shop.bantam.ch\\\/de\\\/produkt\\\/taschenlampe-p6r-core-schwarz\\\/\"]}]},{\"@type\":\"ImageObject\",\"inLanguage\":\"de\",\"@id\":\"https:\\\/\\\/shop.bantam.ch\\\/de\\\/produkt\\\/taschenlampe-p6r-core-schwarz\\\/#primaryimage\",\"url\":\"https:\\\/\\\/shop.bantam.ch\\\/wp-content\\\/uploads\\\/2023\\\/03\\\/997061111.jpg\",\"contentUrl\":\"https:\\\/\\\/shop.bantam.ch\\\/wp-content\\\/uploads\\\/2023\\\/03\\\/997061111.jpg\",\"width\":227,\"height\":1000},{\"@type\":\"BreadcrumbList\",\"@id\":\"https:\\\/\\\/shop.bantam.ch\\\/de\\\/produkt\\\/taschenlampe-p6r-core-schwarz\\\/#breadcrumb\",\"itemListElement\":[{\"@type\":\"ListItem\",\"position\":1,\"name\":\"Accueil\",\"item\":\"https:\\\/\\\/shop.bantam.ch\\\/de\\\/\"},{\"@type\":\"ListItem\",\"position\":2,\"name\":\"Shop\",\"item\":\"https:\\\/\\\/shop.bantam.ch\\\/de\\\/shop\\\/\"},{\"@type\":\"ListItem\",\"position\":3,\"name\":\"Taschenlampe LEDLENSER P6R Core Farbe schwarz\"}]},{\"@type\":\"WebSite\",\"@id\":\"https:\\\/\\\/shop.bantam.ch\\\/de\\\/#website\",\"url\":\"https:\\\/\\\/shop.bantam.ch\\\/de\\\/\",\"name\":\"Bantam Camping AG\",\"description\":\"\",\"publisher\":{\"@id\":\"https:\\\/\\\/shop.bantam.ch\\\/de\\\/#organization\"},\"inLanguage\":\"de\"},{\"@type\":\"Organization\",\"@id\":\"https:\\\/\\\/shop.bantam.ch\\\/de\\\/#organization\",\"name\":\"Bantam Camping AG\",\"url\":\"https:\\\/\\\/shop.bantam.ch\\\/de\\\/\",\"logo\":{\"@type\":\"ImageObject\",\"inLanguage\":\"de\",\"@id\":\"https:\\\/\\\/shop.bantam.ch\\\/de\\\/#\\\/schema\\\/logo\\\/image\\\/\",\"url\":\"https:\\\/\\\/shop.bantam.ch\\\/wp-content\\\/uploads\\\/2022\\\/12\\\/bantam-logo.png\",\"contentUrl\":\"https:\\\/\\\/shop.bantam.ch\\\/wp-content\\\/uploads\\\/2022\\\/12\\\/bantam-logo.png\",\"width\":320,\"height\":71,\"caption\":\"Bantam Camping AG\"},\"image\":{\"@id\":\"https:\\\/\\\/shop.bantam.ch\\\/de\\\/#\\\/schema\\\/logo\\\/image\\\/\"}}]}<\/script>\n<!-- \/ Yoast SEO plugin. -->","yoast_head_json":{"title":"Taschenlampe LEDLENSER P6R Core Farbe schwarz - Bantam Camping AG","robots":{"index":"index","follow":"follow","max-snippet":"max-snippet:-1","max-image-preview":"max-image-preview:large","max-video-preview":"max-video-preview:-1"},"canonical":"https:\/\/shop.bantam.ch\/de\/produkt\/taschenlampe-p6r-core-schwarz\/","og_locale":"de_DE","og_type":"article","og_title":"Taschenlampe LEDLENSER P6R Core Farbe schwarz - Bantam Camping AG","og_description":"Nicht weniger als die P-Revolution steckt in der P6R Core, der perfekt vor Staub und Wasser gesch\u00fctzten Taschenlampe f\u00fcr vielf\u00e4ltige Einsatzzwecke. Im schlanken, eleganten Design verbirgt sich modernste Technik, die f\u00fcr leuchtende Aussichten sorgt: stufenlos dimmbar und konfigurierbar mit der innovativen Smart Light Technology, dazu bequem aufladbar mit dem Magnetic Charge System. Nat\u00fcrlich ist auch [&hellip;]","og_url":"https:\/\/shop.bantam.ch\/de\/produkt\/taschenlampe-p6r-core-schwarz\/","og_site_name":"Bantam Camping AG","article_modified_time":"2026-04-20T19:55:12+00:00","og_image":[{"width":227,"height":1000,"url":"https:\/\/shop.bantam.ch\/wp-content\/uploads\/2023\/03\/997061111.jpg","type":"image\/jpeg"}],"twitter_card":"summary_large_image","twitter_misc":{"Gesch\u00e4tzte Lesezeit":"1\u00a0Minute"},"schema":{"@context":"https:\/\/schema.org","@graph":[{"@type":"WebPage","@id":"https:\/\/shop.bantam.ch\/de\/produkt\/taschenlampe-p6r-core-schwarz\/","url":"https:\/\/shop.bantam.ch\/de\/produkt\/taschenlampe-p6r-core-schwarz\/","name":"Taschenlampe LEDLENSER P6R Core Farbe schwarz - Bantam Camping AG","isPartOf":{"@id":"https:\/\/shop.bantam.ch\/de\/#website"},"primaryImageOfPage":{"@id":"https:\/\/shop.bantam.ch\/de\/produkt\/taschenlampe-p6r-core-schwarz\/#primaryimage"},"image":{"@id":"https:\/\/shop.bantam.ch\/de\/produkt\/taschenlampe-p6r-core-schwarz\/#primaryimage"},"thumbnailUrl":"https:\/\/shop.bantam.ch\/wp-content\/uploads\/2023\/03\/997061111.jpg","datePublished":"2023-03-01T00:25:58+00:00","dateModified":"2026-04-20T19:55:12+00:00","breadcrumb":{"@id":"https:\/\/shop.bantam.ch\/de\/produkt\/taschenlampe-p6r-core-schwarz\/#breadcrumb"},"inLanguage":"de","potentialAction":[{"@type":"ReadAction","target":["https:\/\/shop.bantam.ch\/de\/produkt\/taschenlampe-p6r-core-schwarz\/"]}]},{"@type":"ImageObject","inLanguage":"de","@id":"https:\/\/shop.bantam.ch\/de\/produkt\/taschenlampe-p6r-core-schwarz\/#primaryimage","url":"https:\/\/shop.bantam.ch\/wp-content\/uploads\/2023\/03\/997061111.jpg","contentUrl":"https:\/\/shop.bantam.ch\/wp-content\/uploads\/2023\/03\/997061111.jpg","width":227,"height":1000},{"@type":"BreadcrumbList","@id":"https:\/\/shop.bantam.ch\/de\/produkt\/taschenlampe-p6r-core-schwarz\/#breadcrumb","itemListElement":[{"@type":"ListItem","position":1,"name":"Accueil","item":"https:\/\/shop.bantam.ch\/de\/"},{"@type":"ListItem","position":2,"name":"Shop","item":"https:\/\/shop.bantam.ch\/de\/shop\/"},{"@type":"ListItem","position":3,"name":"Taschenlampe LEDLENSER P6R Core Farbe schwarz"}]},{"@type":"WebSite","@id":"https:\/\/shop.bantam.ch\/de\/#website","url":"https:\/\/shop.bantam.ch\/de\/","name":"Bantam Camping AG","description":"","publisher":{"@id":"https:\/\/shop.bantam.ch\/de\/#organization"},"inLanguage":"de"},{"@type":"Organization","@id":"https:\/\/shop.bantam.ch\/de\/#organization","name":"Bantam Camping AG","url":"https:\/\/shop.bantam.ch\/de\/","logo":{"@type":"ImageObject","inLanguage":"de","@id":"https:\/\/shop.bantam.ch\/de\/#\/schema\/logo\/image\/","url":"https:\/\/shop.bantam.ch\/wp-content\/uploads\/2022\/12\/bantam-logo.png","contentUrl":"https:\/\/shop.bantam.ch\/wp-content\/uploads\/2022\/12\/bantam-logo.png","width":320,"height":71,"caption":"Bantam Camping AG"},"image":{"@id":"https:\/\/shop.bantam.ch\/de\/#\/schema\/logo\/image\/"}}]}},"_links":{"self":[{"href":"https:\/\/shop.bantam.ch\/de\/wp-json\/wp\/v2\/product\/127883","targetHints":{"allow":["GET"]}}],"collection":[{"href":"https:\/\/shop.bantam.ch\/de\/wp-json\/wp\/v2\/product"}],"about":[{"href":"https:\/\/shop.bantam.ch\/de\/wp-json\/wp\/v2\/types\/product"}],"wp:featuredmedia":[{"embeddable":true,"href":"https:\/\/shop.bantam.ch\/de\/wp-json\/wp\/v2\/media\/127881"}],"wp:attachment":[{"href":"https:\/\/shop.bantam.ch\/de\/wp-json\/wp\/v2\/media?parent=127883"}],"wp:term":[{"taxonomy":"product_featured_cat","embeddable":true,"href":"https:\/\/shop.bantam.ch\/de\/wp-json\/wp\/v2\/product_featured_cat?post=127883"},{"taxonomy":"product_brand","embeddable":true,"href":"https:\/\/shop.bantam.ch\/de\/wp-json\/wp\/v2\/product_brand?post=127883"},{"taxonomy":"product_cat","embeddable":true,"href":"https:\/\/shop.bantam.ch\/de\/wp-json\/wp\/v2\/product_cat?post=127883"},{"taxonomy":"product_tag","embeddable":true,"href":"https:\/\/shop.bantam.ch\/de\/wp-json\/wp\/v2\/product_tag?post=127883"}],"curies":[{"name":"wp","href":"https:\/\/api.w.org\/{rel}","templated":true}]}}