{"id":127867,"date":"2023-03-01T01:25:41","date_gmt":"2023-03-01T00:25:41","guid":{"rendered":"https:\/\/shop.bantam.ch\/produit\/gu-kochbuch-backofen-to-go\/"},"modified":"2026-05-11T21:51:57","modified_gmt":"2026-05-11T19:51:57","slug":"gu-kochbuch-backofen-to-go","status":"publish","type":"product","link":"https:\/\/shop.bantam.ch\/de\/produkt\/gu-kochbuch-backofen-to-go\/","title":{"rendered":"GU-Kochbuch OMNIA Backofen to go"},"content":{"rendered":"<p>GU &#8211; Kochbuch \u201eBackofen to go\u201c f\u00fcr den Omnia Backofen<\/p>\n<p>BACKEN UNTER FREIEM HIMMEL<\/p>\n<p>Morgens aus dem Zelt krabbeln, den Duft warmer Br\u00f6tchen in der Nase? Abends Lasagne unterm Sternenhimmel futtern? Alles geht, alles drin mit dem OMNIA Campingbackofen und den Rezepten von \u201eBackofen to go\u201c!<\/p>\n<p>Was Back\u00f6fen drinnen k\u00f6nnen, zaubern sie auch drau\u00dfen unter freiem Himmel: Brot, Br\u00f6tchen, Kuchen, Aufl\u00e4ufe und \u00dcberbackenes, unkompliziert, mit wenigen Zutaten, von s\u00fc\u00df bis herzhaft.<\/p>\n<p>Obendrauf viele Tipps rund um den kultigen Campingbackofen &#8211; da kommt auf kleiner Flamme gro\u00df raus, was bei Wind und Wetter w\u00e4rmt!<\/p>\n<p>Auf 160 Seiten sch\u00f6n bebildert mit leckeren Rezeptideen. Hochwertige Aufmachung. Aus Europas gr\u00f6\u00dftem Kochbuchverlag Gr\u00e4fe &amp; Unzer (GU).<\/p>\n","protected":false},"excerpt":{"rendered":"<p>GU &#8211; Kochbuch \u201eBackofen to go\u201c f\u00fcr den Omnia Backofen BACKEN UNTER FREIEM HIMMEL Morgens aus dem Zelt krabbeln, den Duft warmer Br\u00f6tchen in der Nase? Abends Lasagne unterm Sternenhimmel futtern? Alles geht, alles drin mit dem OMNIA Campingbackofen und den Rezepten von \u201eBackofen to go\u201c! Was Back\u00f6fen drinnen k\u00f6nnen, zaubern sie auch drau\u00dfen unter [&hellip;]<\/p>\n","protected":false},"featured_media":127861,"template":"","meta":{"_acf_changed":false},"product_featured_cat":[],"product_brand":[3293],"product_cat":[4348],"product_tag":[],"class_list":{"0":"post-127867","1":"product","2":"type-product","3":"status-publish","4":"has-post-thumbnail","6":"product_brand-omnia-de","7":"product_cat-kochbuecher","9":"first","10":"instock","11":"taxable","12":"shipping-taxable","13":"purchasable","14":"product-type-simple"},"acf":[],"yoast_head":"<!-- This site is optimized with the Yoast SEO plugin v27.5 - https:\/\/yoast.com\/product\/yoast-seo-wordpress\/ -->\n<title>GU-Kochbuch OMNIA Backofen to go - Bantam<\/title>\n<meta name=\"robots\" content=\"index, follow, max-snippet:-1, max-image-preview:large, max-video-preview:-1\" \/>\n<link rel=\"canonical\" href=\"https:\/\/shop.bantam.ch\/de\/produkt\/gu-kochbuch-backofen-to-go\/\" \/>\n<meta property=\"og:locale\" content=\"de_DE\" \/>\n<meta property=\"og:type\" content=\"article\" \/>\n<meta property=\"og:title\" content=\"GU-Kochbuch OMNIA Backofen to go - Bantam\" \/>\n<meta property=\"og:description\" content=\"GU &#8211; Kochbuch \u201eBackofen to go\u201c f\u00fcr den Omnia Backofen BACKEN UNTER FREIEM HIMMEL Morgens aus dem Zelt krabbeln, den Duft warmer Br\u00f6tchen in der Nase? Abends Lasagne unterm Sternenhimmel futtern? Alles geht, alles drin mit dem OMNIA Campingbackofen und den Rezepten von \u201eBackofen to go\u201c! Was Back\u00f6fen drinnen k\u00f6nnen, zaubern sie auch drau\u00dfen unter [&hellip;]\" \/>\n<meta property=\"og:url\" content=\"https:\/\/shop.bantam.ch\/de\/produkt\/gu-kochbuch-backofen-to-go\/\" \/>\n<meta property=\"og:site_name\" content=\"Bantam\" \/>\n<meta property=\"article:modified_time\" content=\"2026-05-11T19:51:57+00:00\" \/>\n<meta property=\"og:image\" content=\"https:\/\/shop.bantam.ch\/wp-content\/uploads\/2023\/03\/995779311.jpg\" \/>\n\t<meta property=\"og:image:width\" content=\"551\" \/>\n\t<meta property=\"og:image:height\" content=\"721\" \/>\n\t<meta property=\"og:image:type\" content=\"image\/jpeg\" \/>\n<meta name=\"twitter:card\" content=\"summary_large_image\" \/>\n<meta name=\"twitter:label1\" content=\"Gesch\u00e4tzte Lesezeit\" \/>\n\t<meta name=\"twitter:data1\" content=\"1\u00a0Minute\" \/>\n<script type=\"application\/ld+json\" class=\"yoast-schema-graph\">{\"@context\":\"https:\\\/\\\/schema.org\",\"@graph\":[{\"@type\":\"WebPage\",\"@id\":\"https:\\\/\\\/shop.bantam.ch\\\/de\\\/produkt\\\/gu-kochbuch-backofen-to-go\\\/\",\"url\":\"https:\\\/\\\/shop.bantam.ch\\\/de\\\/produkt\\\/gu-kochbuch-backofen-to-go\\\/\",\"name\":\"GU-Kochbuch OMNIA Backofen to go - Bantam\",\"isPartOf\":{\"@id\":\"https:\\\/\\\/shop.bantam.ch\\\/de\\\/#website\"},\"primaryImageOfPage\":{\"@id\":\"https:\\\/\\\/shop.bantam.ch\\\/de\\\/produkt\\\/gu-kochbuch-backofen-to-go\\\/#primaryimage\"},\"image\":{\"@id\":\"https:\\\/\\\/shop.bantam.ch\\\/de\\\/produkt\\\/gu-kochbuch-backofen-to-go\\\/#primaryimage\"},\"thumbnailUrl\":\"https:\\\/\\\/shop.bantam.ch\\\/wp-content\\\/uploads\\\/2023\\\/03\\\/995779311.jpg\",\"datePublished\":\"2023-03-01T00:25:41+00:00\",\"dateModified\":\"2026-05-11T19:51:57+00:00\",\"breadcrumb\":{\"@id\":\"https:\\\/\\\/shop.bantam.ch\\\/de\\\/produkt\\\/gu-kochbuch-backofen-to-go\\\/#breadcrumb\"},\"inLanguage\":\"de\",\"potentialAction\":[{\"@type\":\"ReadAction\",\"target\":[\"https:\\\/\\\/shop.bantam.ch\\\/de\\\/produkt\\\/gu-kochbuch-backofen-to-go\\\/\"]}]},{\"@type\":\"ImageObject\",\"inLanguage\":\"de\",\"@id\":\"https:\\\/\\\/shop.bantam.ch\\\/de\\\/produkt\\\/gu-kochbuch-backofen-to-go\\\/#primaryimage\",\"url\":\"https:\\\/\\\/shop.bantam.ch\\\/wp-content\\\/uploads\\\/2023\\\/03\\\/995779311.jpg\",\"contentUrl\":\"https:\\\/\\\/shop.bantam.ch\\\/wp-content\\\/uploads\\\/2023\\\/03\\\/995779311.jpg\",\"width\":551,\"height\":721},{\"@type\":\"BreadcrumbList\",\"@id\":\"https:\\\/\\\/shop.bantam.ch\\\/de\\\/produkt\\\/gu-kochbuch-backofen-to-go\\\/#breadcrumb\",\"itemListElement\":[{\"@type\":\"ListItem\",\"position\":1,\"name\":\"Accueil\",\"item\":\"https:\\\/\\\/shop.bantam.ch\\\/de\\\/\"},{\"@type\":\"ListItem\",\"position\":2,\"name\":\"Shop\",\"item\":\"https:\\\/\\\/shop.bantam.ch\\\/de\\\/shop\\\/\"},{\"@type\":\"ListItem\",\"position\":3,\"name\":\"GU-Kochbuch OMNIA Backofen to go\"}]},{\"@type\":\"WebSite\",\"@id\":\"https:\\\/\\\/shop.bantam.ch\\\/de\\\/#website\",\"url\":\"https:\\\/\\\/shop.bantam.ch\\\/de\\\/\",\"name\":\"Bantam\",\"description\":\"\",\"publisher\":{\"@id\":\"https:\\\/\\\/shop.bantam.ch\\\/de\\\/#organization\"},\"inLanguage\":\"de\"},{\"@type\":\"Organization\",\"@id\":\"https:\\\/\\\/shop.bantam.ch\\\/de\\\/#organization\",\"name\":\"Bantam\",\"url\":\"https:\\\/\\\/shop.bantam.ch\\\/de\\\/\",\"logo\":{\"@type\":\"ImageObject\",\"inLanguage\":\"de\",\"@id\":\"https:\\\/\\\/shop.bantam.ch\\\/de\\\/#\\\/schema\\\/logo\\\/image\\\/\",\"url\":\"https:\\\/\\\/shop.bantam.ch\\\/wp-content\\\/uploads\\\/2022\\\/12\\\/bantam-logo.png\",\"contentUrl\":\"https:\\\/\\\/shop.bantam.ch\\\/wp-content\\\/uploads\\\/2022\\\/12\\\/bantam-logo.png\",\"width\":320,\"height\":71,\"caption\":\"Bantam\"},\"image\":{\"@id\":\"https:\\\/\\\/shop.bantam.ch\\\/de\\\/#\\\/schema\\\/logo\\\/image\\\/\"}}]}<\/script>\n<!-- \/ Yoast SEO plugin. -->","yoast_head_json":{"title":"GU-Kochbuch OMNIA Backofen to go - Bantam","robots":{"index":"index","follow":"follow","max-snippet":"max-snippet:-1","max-image-preview":"max-image-preview:large","max-video-preview":"max-video-preview:-1"},"canonical":"https:\/\/shop.bantam.ch\/de\/produkt\/gu-kochbuch-backofen-to-go\/","og_locale":"de_DE","og_type":"article","og_title":"GU-Kochbuch OMNIA Backofen to go - Bantam","og_description":"GU &#8211; Kochbuch \u201eBackofen to go\u201c f\u00fcr den Omnia Backofen BACKEN UNTER FREIEM HIMMEL Morgens aus dem Zelt krabbeln, den Duft warmer Br\u00f6tchen in der Nase? Abends Lasagne unterm Sternenhimmel futtern? Alles geht, alles drin mit dem OMNIA Campingbackofen und den Rezepten von \u201eBackofen to go\u201c! Was Back\u00f6fen drinnen k\u00f6nnen, zaubern sie auch drau\u00dfen unter [&hellip;]","og_url":"https:\/\/shop.bantam.ch\/de\/produkt\/gu-kochbuch-backofen-to-go\/","og_site_name":"Bantam","article_modified_time":"2026-05-11T19:51:57+00:00","og_image":[{"width":551,"height":721,"url":"https:\/\/shop.bantam.ch\/wp-content\/uploads\/2023\/03\/995779311.jpg","type":"image\/jpeg"}],"twitter_card":"summary_large_image","twitter_misc":{"Gesch\u00e4tzte Lesezeit":"1\u00a0Minute"},"schema":{"@context":"https:\/\/schema.org","@graph":[{"@type":"WebPage","@id":"https:\/\/shop.bantam.ch\/de\/produkt\/gu-kochbuch-backofen-to-go\/","url":"https:\/\/shop.bantam.ch\/de\/produkt\/gu-kochbuch-backofen-to-go\/","name":"GU-Kochbuch OMNIA Backofen to go - Bantam","isPartOf":{"@id":"https:\/\/shop.bantam.ch\/de\/#website"},"primaryImageOfPage":{"@id":"https:\/\/shop.bantam.ch\/de\/produkt\/gu-kochbuch-backofen-to-go\/#primaryimage"},"image":{"@id":"https:\/\/shop.bantam.ch\/de\/produkt\/gu-kochbuch-backofen-to-go\/#primaryimage"},"thumbnailUrl":"https:\/\/shop.bantam.ch\/wp-content\/uploads\/2023\/03\/995779311.jpg","datePublished":"2023-03-01T00:25:41+00:00","dateModified":"2026-05-11T19:51:57+00:00","breadcrumb":{"@id":"https:\/\/shop.bantam.ch\/de\/produkt\/gu-kochbuch-backofen-to-go\/#breadcrumb"},"inLanguage":"de","potentialAction":[{"@type":"ReadAction","target":["https:\/\/shop.bantam.ch\/de\/produkt\/gu-kochbuch-backofen-to-go\/"]}]},{"@type":"ImageObject","inLanguage":"de","@id":"https:\/\/shop.bantam.ch\/de\/produkt\/gu-kochbuch-backofen-to-go\/#primaryimage","url":"https:\/\/shop.bantam.ch\/wp-content\/uploads\/2023\/03\/995779311.jpg","contentUrl":"https:\/\/shop.bantam.ch\/wp-content\/uploads\/2023\/03\/995779311.jpg","width":551,"height":721},{"@type":"BreadcrumbList","@id":"https:\/\/shop.bantam.ch\/de\/produkt\/gu-kochbuch-backofen-to-go\/#breadcrumb","itemListElement":[{"@type":"ListItem","position":1,"name":"Accueil","item":"https:\/\/shop.bantam.ch\/de\/"},{"@type":"ListItem","position":2,"name":"Shop","item":"https:\/\/shop.bantam.ch\/de\/shop\/"},{"@type":"ListItem","position":3,"name":"GU-Kochbuch OMNIA Backofen to go"}]},{"@type":"WebSite","@id":"https:\/\/shop.bantam.ch\/de\/#website","url":"https:\/\/shop.bantam.ch\/de\/","name":"Bantam","description":"","publisher":{"@id":"https:\/\/shop.bantam.ch\/de\/#organization"},"inLanguage":"de"},{"@type":"Organization","@id":"https:\/\/shop.bantam.ch\/de\/#organization","name":"Bantam","url":"https:\/\/shop.bantam.ch\/de\/","logo":{"@type":"ImageObject","inLanguage":"de","@id":"https:\/\/shop.bantam.ch\/de\/#\/schema\/logo\/image\/","url":"https:\/\/shop.bantam.ch\/wp-content\/uploads\/2022\/12\/bantam-logo.png","contentUrl":"https:\/\/shop.bantam.ch\/wp-content\/uploads\/2022\/12\/bantam-logo.png","width":320,"height":71,"caption":"Bantam"},"image":{"@id":"https:\/\/shop.bantam.ch\/de\/#\/schema\/logo\/image\/"}}]}},"_links":{"self":[{"href":"https:\/\/shop.bantam.ch\/de\/wp-json\/wp\/v2\/product\/127867","targetHints":{"allow":["GET"]}}],"collection":[{"href":"https:\/\/shop.bantam.ch\/de\/wp-json\/wp\/v2\/product"}],"about":[{"href":"https:\/\/shop.bantam.ch\/de\/wp-json\/wp\/v2\/types\/product"}],"wp:featuredmedia":[{"embeddable":true,"href":"https:\/\/shop.bantam.ch\/de\/wp-json\/wp\/v2\/media\/127861"}],"wp:attachment":[{"href":"https:\/\/shop.bantam.ch\/de\/wp-json\/wp\/v2\/media?parent=127867"}],"wp:term":[{"taxonomy":"product_featured_cat","embeddable":true,"href":"https:\/\/shop.bantam.ch\/de\/wp-json\/wp\/v2\/product_featured_cat?post=127867"},{"taxonomy":"product_brand","embeddable":true,"href":"https:\/\/shop.bantam.ch\/de\/wp-json\/wp\/v2\/product_brand?post=127867"},{"taxonomy":"product_cat","embeddable":true,"href":"https:\/\/shop.bantam.ch\/de\/wp-json\/wp\/v2\/product_cat?post=127867"},{"taxonomy":"product_tag","embeddable":true,"href":"https:\/\/shop.bantam.ch\/de\/wp-json\/wp\/v2\/product_tag?post=127867"}],"curies":[{"name":"wp","href":"https:\/\/api.w.org\/{rel}","templated":true}]}}