{"id":127859,"date":"2023-03-01T01:25:35","date_gmt":"2023-03-01T00:25:35","guid":{"rendered":"https:\/\/shop.bantam.ch\/produit\/kochbuch-one-pot-rezepte\/"},"modified":"2026-04-19T21:56:28","modified_gmt":"2026-04-19T19:56:28","slug":"kochbuch-one-pot-rezepte","status":"publish","type":"product","link":"https:\/\/shop.bantam.ch\/de\/produkt\/kochbuch-one-pot-rezepte\/","title":{"rendered":"Kochbuch OMNIA One Pot Rezepte"},"content":{"rendered":"<p>Kochbuch \u201eOne Pot Rezepte \u2013 schnell &amp; einfach\u201c f\u00fcr den Omnia Backofen<\/p>\n<p>Unkompliziert ratz-fatz gekocht! Es ist das bekannte Eintopfessen, das Gro\u00df und Klein schmeckt. Im Nu, ohne gro\u00dfen Zeit- und Arbeitsaufwand, stehen neben k\u00f6stliche Klassiker auch Neuheiten auf dem Tisch, die jeden gl\u00fccklich machen. Einfacher geht es nicht!<\/p>\n<p>Das Kochbuch \u201eOne Pot Rezepte \u2013 schnell &amp; einfach\u201c f\u00fcr den Omnia Backofen ist auf 64 Seiten sch\u00f6n bebildert mit leckeren Rezeptideen. Gebunden, Hartcover mit Leseband.<\/p>\n","protected":false},"excerpt":{"rendered":"<p>Kochbuch \u201eOne Pot Rezepte \u2013 schnell &amp; einfach\u201c f\u00fcr den Omnia Backofen Unkompliziert ratz-fatz gekocht! Es ist das bekannte Eintopfessen, das Gro\u00df und Klein schmeckt. Im Nu, ohne gro\u00dfen Zeit- und Arbeitsaufwand, stehen neben k\u00f6stliche Klassiker auch Neuheiten auf dem Tisch, die jeden gl\u00fccklich machen. Einfacher geht es nicht! Das Kochbuch \u201eOne Pot Rezepte \u2013 [&hellip;]<\/p>\n","protected":false},"featured_media":127857,"template":"","meta":{"_acf_changed":false},"product_featured_cat":[],"product_brand":[3293],"product_cat":[4348],"product_tag":[],"class_list":{"0":"post-127859","1":"product","2":"type-product","3":"status-publish","4":"has-post-thumbnail","6":"product_brand-omnia-de","7":"product_cat-kochbuecher","9":"first","10":"instock","11":"taxable","12":"shipping-taxable","13":"purchasable","14":"product-type-simple"},"acf":[],"yoast_head":"<!-- This site is optimized with the Yoast SEO plugin v27.4 - https:\/\/yoast.com\/product\/yoast-seo-wordpress\/ -->\n<title>Kochbuch OMNIA One Pot Rezepte - Bantam Camping AG<\/title>\n<meta name=\"robots\" content=\"index, follow, max-snippet:-1, max-image-preview:large, max-video-preview:-1\" \/>\n<link rel=\"canonical\" href=\"https:\/\/shop.bantam.ch\/de\/produkt\/kochbuch-one-pot-rezepte\/\" \/>\n<meta property=\"og:locale\" content=\"de_DE\" \/>\n<meta property=\"og:type\" content=\"article\" \/>\n<meta property=\"og:title\" content=\"Kochbuch OMNIA One Pot Rezepte - Bantam Camping AG\" \/>\n<meta property=\"og:description\" content=\"Kochbuch \u201eOne Pot Rezepte \u2013 schnell &amp; einfach\u201c f\u00fcr den Omnia Backofen Unkompliziert ratz-fatz gekocht! Es ist das bekannte Eintopfessen, das Gro\u00df und Klein schmeckt. Im Nu, ohne gro\u00dfen Zeit- und Arbeitsaufwand, stehen neben k\u00f6stliche Klassiker auch Neuheiten auf dem Tisch, die jeden gl\u00fccklich machen. Einfacher geht es nicht! Das Kochbuch \u201eOne Pot Rezepte \u2013 [&hellip;]\" \/>\n<meta property=\"og:url\" content=\"https:\/\/shop.bantam.ch\/de\/produkt\/kochbuch-one-pot-rezepte\/\" \/>\n<meta property=\"og:site_name\" content=\"Bantam Camping AG\" \/>\n<meta property=\"article:modified_time\" content=\"2026-04-19T19:56:28+00:00\" \/>\n<meta property=\"og:image\" content=\"https:\/\/shop.bantam.ch\/wp-content\/uploads\/2023\/03\/995779211-scaled.jpg\" \/>\n\t<meta property=\"og:image:width\" content=\"2334\" \/>\n\t<meta property=\"og:image:height\" content=\"2334\" \/>\n\t<meta property=\"og:image:type\" content=\"image\/jpeg\" \/>\n<meta name=\"twitter:card\" content=\"summary_large_image\" \/>\n<script type=\"application\/ld+json\" class=\"yoast-schema-graph\">{\"@context\":\"https:\\\/\\\/schema.org\",\"@graph\":[{\"@type\":\"WebPage\",\"@id\":\"https:\\\/\\\/shop.bantam.ch\\\/de\\\/produkt\\\/kochbuch-one-pot-rezepte\\\/\",\"url\":\"https:\\\/\\\/shop.bantam.ch\\\/de\\\/produkt\\\/kochbuch-one-pot-rezepte\\\/\",\"name\":\"Kochbuch OMNIA One Pot Rezepte - Bantam Camping AG\",\"isPartOf\":{\"@id\":\"https:\\\/\\\/shop.bantam.ch\\\/de\\\/#website\"},\"primaryImageOfPage\":{\"@id\":\"https:\\\/\\\/shop.bantam.ch\\\/de\\\/produkt\\\/kochbuch-one-pot-rezepte\\\/#primaryimage\"},\"image\":{\"@id\":\"https:\\\/\\\/shop.bantam.ch\\\/de\\\/produkt\\\/kochbuch-one-pot-rezepte\\\/#primaryimage\"},\"thumbnailUrl\":\"https:\\\/\\\/shop.bantam.ch\\\/wp-content\\\/uploads\\\/2023\\\/03\\\/995779211-scaled.jpg\",\"datePublished\":\"2023-03-01T00:25:35+00:00\",\"dateModified\":\"2026-04-19T19:56:28+00:00\",\"breadcrumb\":{\"@id\":\"https:\\\/\\\/shop.bantam.ch\\\/de\\\/produkt\\\/kochbuch-one-pot-rezepte\\\/#breadcrumb\"},\"inLanguage\":\"de\",\"potentialAction\":[{\"@type\":\"ReadAction\",\"target\":[\"https:\\\/\\\/shop.bantam.ch\\\/de\\\/produkt\\\/kochbuch-one-pot-rezepte\\\/\"]}]},{\"@type\":\"ImageObject\",\"inLanguage\":\"de\",\"@id\":\"https:\\\/\\\/shop.bantam.ch\\\/de\\\/produkt\\\/kochbuch-one-pot-rezepte\\\/#primaryimage\",\"url\":\"https:\\\/\\\/shop.bantam.ch\\\/wp-content\\\/uploads\\\/2023\\\/03\\\/995779211-scaled.jpg\",\"contentUrl\":\"https:\\\/\\\/shop.bantam.ch\\\/wp-content\\\/uploads\\\/2023\\\/03\\\/995779211-scaled.jpg\",\"width\":2048,\"height\":2048},{\"@type\":\"BreadcrumbList\",\"@id\":\"https:\\\/\\\/shop.bantam.ch\\\/de\\\/produkt\\\/kochbuch-one-pot-rezepte\\\/#breadcrumb\",\"itemListElement\":[{\"@type\":\"ListItem\",\"position\":1,\"name\":\"Accueil\",\"item\":\"https:\\\/\\\/shop.bantam.ch\\\/de\\\/\"},{\"@type\":\"ListItem\",\"position\":2,\"name\":\"Shop\",\"item\":\"https:\\\/\\\/shop.bantam.ch\\\/de\\\/shop\\\/\"},{\"@type\":\"ListItem\",\"position\":3,\"name\":\"Kochbuch OMNIA One Pot Rezepte\"}]},{\"@type\":\"WebSite\",\"@id\":\"https:\\\/\\\/shop.bantam.ch\\\/de\\\/#website\",\"url\":\"https:\\\/\\\/shop.bantam.ch\\\/de\\\/\",\"name\":\"Bantam Camping AG\",\"description\":\"\",\"publisher\":{\"@id\":\"https:\\\/\\\/shop.bantam.ch\\\/de\\\/#organization\"},\"inLanguage\":\"de\"},{\"@type\":\"Organization\",\"@id\":\"https:\\\/\\\/shop.bantam.ch\\\/de\\\/#organization\",\"name\":\"Bantam Camping AG\",\"url\":\"https:\\\/\\\/shop.bantam.ch\\\/de\\\/\",\"logo\":{\"@type\":\"ImageObject\",\"inLanguage\":\"de\",\"@id\":\"https:\\\/\\\/shop.bantam.ch\\\/de\\\/#\\\/schema\\\/logo\\\/image\\\/\",\"url\":\"https:\\\/\\\/shop.bantam.ch\\\/wp-content\\\/uploads\\\/2022\\\/12\\\/bantam-logo.png\",\"contentUrl\":\"https:\\\/\\\/shop.bantam.ch\\\/wp-content\\\/uploads\\\/2022\\\/12\\\/bantam-logo.png\",\"width\":320,\"height\":71,\"caption\":\"Bantam Camping AG\"},\"image\":{\"@id\":\"https:\\\/\\\/shop.bantam.ch\\\/de\\\/#\\\/schema\\\/logo\\\/image\\\/\"}}]}<\/script>\n<!-- \/ Yoast SEO plugin. -->","yoast_head_json":{"title":"Kochbuch OMNIA One Pot Rezepte - Bantam Camping AG","robots":{"index":"index","follow":"follow","max-snippet":"max-snippet:-1","max-image-preview":"max-image-preview:large","max-video-preview":"max-video-preview:-1"},"canonical":"https:\/\/shop.bantam.ch\/de\/produkt\/kochbuch-one-pot-rezepte\/","og_locale":"de_DE","og_type":"article","og_title":"Kochbuch OMNIA One Pot Rezepte - Bantam Camping AG","og_description":"Kochbuch \u201eOne Pot Rezepte \u2013 schnell &amp; einfach\u201c f\u00fcr den Omnia Backofen Unkompliziert ratz-fatz gekocht! Es ist das bekannte Eintopfessen, das Gro\u00df und Klein schmeckt. Im Nu, ohne gro\u00dfen Zeit- und Arbeitsaufwand, stehen neben k\u00f6stliche Klassiker auch Neuheiten auf dem Tisch, die jeden gl\u00fccklich machen. Einfacher geht es nicht! Das Kochbuch \u201eOne Pot Rezepte \u2013 [&hellip;]","og_url":"https:\/\/shop.bantam.ch\/de\/produkt\/kochbuch-one-pot-rezepte\/","og_site_name":"Bantam Camping AG","article_modified_time":"2026-04-19T19:56:28+00:00","og_image":[{"width":2334,"height":2334,"url":"https:\/\/shop.bantam.ch\/wp-content\/uploads\/2023\/03\/995779211-scaled.jpg","type":"image\/jpeg"}],"twitter_card":"summary_large_image","schema":{"@context":"https:\/\/schema.org","@graph":[{"@type":"WebPage","@id":"https:\/\/shop.bantam.ch\/de\/produkt\/kochbuch-one-pot-rezepte\/","url":"https:\/\/shop.bantam.ch\/de\/produkt\/kochbuch-one-pot-rezepte\/","name":"Kochbuch OMNIA One Pot Rezepte - Bantam Camping AG","isPartOf":{"@id":"https:\/\/shop.bantam.ch\/de\/#website"},"primaryImageOfPage":{"@id":"https:\/\/shop.bantam.ch\/de\/produkt\/kochbuch-one-pot-rezepte\/#primaryimage"},"image":{"@id":"https:\/\/shop.bantam.ch\/de\/produkt\/kochbuch-one-pot-rezepte\/#primaryimage"},"thumbnailUrl":"https:\/\/shop.bantam.ch\/wp-content\/uploads\/2023\/03\/995779211-scaled.jpg","datePublished":"2023-03-01T00:25:35+00:00","dateModified":"2026-04-19T19:56:28+00:00","breadcrumb":{"@id":"https:\/\/shop.bantam.ch\/de\/produkt\/kochbuch-one-pot-rezepte\/#breadcrumb"},"inLanguage":"de","potentialAction":[{"@type":"ReadAction","target":["https:\/\/shop.bantam.ch\/de\/produkt\/kochbuch-one-pot-rezepte\/"]}]},{"@type":"ImageObject","inLanguage":"de","@id":"https:\/\/shop.bantam.ch\/de\/produkt\/kochbuch-one-pot-rezepte\/#primaryimage","url":"https:\/\/shop.bantam.ch\/wp-content\/uploads\/2023\/03\/995779211-scaled.jpg","contentUrl":"https:\/\/shop.bantam.ch\/wp-content\/uploads\/2023\/03\/995779211-scaled.jpg","width":2048,"height":2048},{"@type":"BreadcrumbList","@id":"https:\/\/shop.bantam.ch\/de\/produkt\/kochbuch-one-pot-rezepte\/#breadcrumb","itemListElement":[{"@type":"ListItem","position":1,"name":"Accueil","item":"https:\/\/shop.bantam.ch\/de\/"},{"@type":"ListItem","position":2,"name":"Shop","item":"https:\/\/shop.bantam.ch\/de\/shop\/"},{"@type":"ListItem","position":3,"name":"Kochbuch OMNIA One Pot Rezepte"}]},{"@type":"WebSite","@id":"https:\/\/shop.bantam.ch\/de\/#website","url":"https:\/\/shop.bantam.ch\/de\/","name":"Bantam Camping AG","description":"","publisher":{"@id":"https:\/\/shop.bantam.ch\/de\/#organization"},"inLanguage":"de"},{"@type":"Organization","@id":"https:\/\/shop.bantam.ch\/de\/#organization","name":"Bantam Camping AG","url":"https:\/\/shop.bantam.ch\/de\/","logo":{"@type":"ImageObject","inLanguage":"de","@id":"https:\/\/shop.bantam.ch\/de\/#\/schema\/logo\/image\/","url":"https:\/\/shop.bantam.ch\/wp-content\/uploads\/2022\/12\/bantam-logo.png","contentUrl":"https:\/\/shop.bantam.ch\/wp-content\/uploads\/2022\/12\/bantam-logo.png","width":320,"height":71,"caption":"Bantam Camping AG"},"image":{"@id":"https:\/\/shop.bantam.ch\/de\/#\/schema\/logo\/image\/"}}]}},"_links":{"self":[{"href":"https:\/\/shop.bantam.ch\/de\/wp-json\/wp\/v2\/product\/127859","targetHints":{"allow":["GET"]}}],"collection":[{"href":"https:\/\/shop.bantam.ch\/de\/wp-json\/wp\/v2\/product"}],"about":[{"href":"https:\/\/shop.bantam.ch\/de\/wp-json\/wp\/v2\/types\/product"}],"wp:featuredmedia":[{"embeddable":true,"href":"https:\/\/shop.bantam.ch\/de\/wp-json\/wp\/v2\/media\/127857"}],"wp:attachment":[{"href":"https:\/\/shop.bantam.ch\/de\/wp-json\/wp\/v2\/media?parent=127859"}],"wp:term":[{"taxonomy":"product_featured_cat","embeddable":true,"href":"https:\/\/shop.bantam.ch\/de\/wp-json\/wp\/v2\/product_featured_cat?post=127859"},{"taxonomy":"product_brand","embeddable":true,"href":"https:\/\/shop.bantam.ch\/de\/wp-json\/wp\/v2\/product_brand?post=127859"},{"taxonomy":"product_cat","embeddable":true,"href":"https:\/\/shop.bantam.ch\/de\/wp-json\/wp\/v2\/product_cat?post=127859"},{"taxonomy":"product_tag","embeddable":true,"href":"https:\/\/shop.bantam.ch\/de\/wp-json\/wp\/v2\/product_tag?post=127859"}],"curies":[{"name":"wp","href":"https:\/\/api.w.org\/{rel}","templated":true}]}}