{"id":127717,"date":"2023-03-01T01:24:00","date_gmt":"2023-03-01T00:24:00","guid":{"rendered":"https:\/\/shop.bantam.ch\/produit\/topfset-fusion-7-1-durchm-22-cm-grau\/"},"modified":"2026-04-20T21:54:56","modified_gmt":"2026-04-20T19:54:56","slug":"topfset-fusion-7-1-durchm-22-cm-grau","status":"publish","type":"product","link":"https:\/\/shop.bantam.ch\/de\/produkt\/topfset-fusion-7-1-durchm-22-cm-grau\/","title":{"rendered":"Topfset BRUNNER Fusion 7+1 Durchm. 22 cm Farbe grau"},"content":{"rendered":"<p>\u00a0Hochwertige Kochgeschirrsetkollektion mit induktionsf\u00e4higem Boden und kratzfester Keramik-Antihaftbeschichtung. Ausgestattet mit den revolution\u00e4ren Vacublock und Magnetogrip Systemen. Alle T\u00f6pfe und Pfannen sind platzsparend ineinander stapelbar.<\/p>\n<p>Neu entwickeltes Griff- und Verbindungssystem, das durch die Verwendung von abklappbaren Griffen mit integriertem Magnetelement eine deutliche Verringerung des Packma\u00dfes der Topfsets erm\u00f6glicht und zudem die Verwendung eines Zurrgurtes zur Stabilisierung von Topf und Pfanne w\u00e4hrend des Transportes unn\u00f6tig macht.<\/p>\n<p>Herdarten: Gas &#8211; Electric &#8211; Radiant Ring &#8211; Induction<\/p>\n<p>Lieferumfang:<br \/>Topf \u00d8 22 cm, 4,9 l<br \/>Topf \u00d8 22 cm, 1,5 l<br \/>Topf \u00d8 20 cm, 1,2 l<br \/>Topf \u00d8 18 cm, 1,7 l<br \/>Deckel \u00d8 22 cm<br \/>Deckel \u00d8 22\/20\/18 cm<br \/>Griffzange<\/p>\n","protected":false},"excerpt":{"rendered":"<p>\u00a0Hochwertige Kochgeschirrsetkollektion mit induktionsf\u00e4higem Boden und kratzfester Keramik-Antihaftbeschichtung. Ausgestattet mit den revolution\u00e4ren Vacublock und Magnetogrip Systemen. Alle T\u00f6pfe und Pfannen sind platzsparend ineinander stapelbar. Neu entwickeltes Griff- und Verbindungssystem, das durch die Verwendung von abklappbaren Griffen mit integriertem Magnetelement eine deutliche Verringerung des Packma\u00dfes der Topfsets erm\u00f6glicht und zudem die Verwendung eines Zurrgurtes zur Stabilisierung [&hellip;]<\/p>\n","protected":false},"featured_media":127705,"template":"","meta":{"_acf_changed":false},"product_featured_cat":[],"product_brand":[3081],"product_cat":[4266],"product_tag":[],"class_list":{"0":"post-127717","1":"product","2":"type-product","3":"status-publish","4":"has-post-thumbnail","6":"product_brand-brunner-de","7":"product_cat-kochtoepfe-pfannen-sets","9":"first","10":"instock","11":"taxable","12":"shipping-taxable","13":"purchasable","14":"product-type-simple"},"acf":[],"yoast_head":"<!-- This site is optimized with the Yoast SEO plugin v27.4 - https:\/\/yoast.com\/product\/yoast-seo-wordpress\/ -->\n<title>Topfset BRUNNER Fusion 7+1 Durchm. 22 cm Farbe grau - Bantam Camping AG<\/title>\n<meta name=\"robots\" content=\"index, follow, max-snippet:-1, max-image-preview:large, max-video-preview:-1\" \/>\n<link rel=\"canonical\" href=\"https:\/\/shop.bantam.ch\/de\/produkt\/topfset-fusion-7-1-durchm-22-cm-grau\/\" \/>\n<meta property=\"og:locale\" content=\"de_DE\" \/>\n<meta property=\"og:type\" content=\"article\" \/>\n<meta property=\"og:title\" content=\"Topfset BRUNNER Fusion 7+1 Durchm. 22 cm Farbe grau - Bantam Camping AG\" \/>\n<meta property=\"og:description\" content=\"\u00a0Hochwertige Kochgeschirrsetkollektion mit induktionsf\u00e4higem Boden und kratzfester Keramik-Antihaftbeschichtung. Ausgestattet mit den revolution\u00e4ren Vacublock und Magnetogrip Systemen. Alle T\u00f6pfe und Pfannen sind platzsparend ineinander stapelbar. Neu entwickeltes Griff- und Verbindungssystem, das durch die Verwendung von abklappbaren Griffen mit integriertem Magnetelement eine deutliche Verringerung des Packma\u00dfes der Topfsets erm\u00f6glicht und zudem die Verwendung eines Zurrgurtes zur Stabilisierung [&hellip;]\" \/>\n<meta property=\"og:url\" content=\"https:\/\/shop.bantam.ch\/de\/produkt\/topfset-fusion-7-1-durchm-22-cm-grau\/\" \/>\n<meta property=\"og:site_name\" content=\"Bantam Camping AG\" \/>\n<meta property=\"article:modified_time\" content=\"2026-04-20T19:54:56+00:00\" \/>\n<meta property=\"og:image\" content=\"https:\/\/shop.bantam.ch\/wp-content\/uploads\/2023\/03\/9984745100.jpg\" \/>\n\t<meta property=\"og:image:width\" content=\"1000\" \/>\n\t<meta property=\"og:image:height\" content=\"418\" \/>\n\t<meta property=\"og:image:type\" content=\"image\/jpeg\" \/>\n<meta name=\"twitter:card\" content=\"summary_large_image\" \/>\n<script type=\"application\/ld+json\" class=\"yoast-schema-graph\">{\"@context\":\"https:\\\/\\\/schema.org\",\"@graph\":[{\"@type\":\"WebPage\",\"@id\":\"https:\\\/\\\/shop.bantam.ch\\\/de\\\/produkt\\\/topfset-fusion-7-1-durchm-22-cm-grau\\\/\",\"url\":\"https:\\\/\\\/shop.bantam.ch\\\/de\\\/produkt\\\/topfset-fusion-7-1-durchm-22-cm-grau\\\/\",\"name\":\"Topfset BRUNNER Fusion 7+1 Durchm. 22 cm Farbe grau - Bantam Camping AG\",\"isPartOf\":{\"@id\":\"https:\\\/\\\/shop.bantam.ch\\\/de\\\/#website\"},\"primaryImageOfPage\":{\"@id\":\"https:\\\/\\\/shop.bantam.ch\\\/de\\\/produkt\\\/topfset-fusion-7-1-durchm-22-cm-grau\\\/#primaryimage\"},\"image\":{\"@id\":\"https:\\\/\\\/shop.bantam.ch\\\/de\\\/produkt\\\/topfset-fusion-7-1-durchm-22-cm-grau\\\/#primaryimage\"},\"thumbnailUrl\":\"https:\\\/\\\/shop.bantam.ch\\\/wp-content\\\/uploads\\\/2023\\\/03\\\/9984745100.jpg\",\"datePublished\":\"2023-03-01T00:24:00+00:00\",\"dateModified\":\"2026-04-20T19:54:56+00:00\",\"breadcrumb\":{\"@id\":\"https:\\\/\\\/shop.bantam.ch\\\/de\\\/produkt\\\/topfset-fusion-7-1-durchm-22-cm-grau\\\/#breadcrumb\"},\"inLanguage\":\"de\",\"potentialAction\":[{\"@type\":\"ReadAction\",\"target\":[\"https:\\\/\\\/shop.bantam.ch\\\/de\\\/produkt\\\/topfset-fusion-7-1-durchm-22-cm-grau\\\/\"]}]},{\"@type\":\"ImageObject\",\"inLanguage\":\"de\",\"@id\":\"https:\\\/\\\/shop.bantam.ch\\\/de\\\/produkt\\\/topfset-fusion-7-1-durchm-22-cm-grau\\\/#primaryimage\",\"url\":\"https:\\\/\\\/shop.bantam.ch\\\/wp-content\\\/uploads\\\/2023\\\/03\\\/9984745100.jpg\",\"contentUrl\":\"https:\\\/\\\/shop.bantam.ch\\\/wp-content\\\/uploads\\\/2023\\\/03\\\/9984745100.jpg\",\"width\":1000,\"height\":418},{\"@type\":\"BreadcrumbList\",\"@id\":\"https:\\\/\\\/shop.bantam.ch\\\/de\\\/produkt\\\/topfset-fusion-7-1-durchm-22-cm-grau\\\/#breadcrumb\",\"itemListElement\":[{\"@type\":\"ListItem\",\"position\":1,\"name\":\"Accueil\",\"item\":\"https:\\\/\\\/shop.bantam.ch\\\/de\\\/\"},{\"@type\":\"ListItem\",\"position\":2,\"name\":\"Shop\",\"item\":\"https:\\\/\\\/shop.bantam.ch\\\/de\\\/shop\\\/\"},{\"@type\":\"ListItem\",\"position\":3,\"name\":\"Topfset BRUNNER Fusion 7+1 Durchm. 22 cm Farbe grau\"}]},{\"@type\":\"WebSite\",\"@id\":\"https:\\\/\\\/shop.bantam.ch\\\/de\\\/#website\",\"url\":\"https:\\\/\\\/shop.bantam.ch\\\/de\\\/\",\"name\":\"Bantam Camping AG\",\"description\":\"\",\"publisher\":{\"@id\":\"https:\\\/\\\/shop.bantam.ch\\\/de\\\/#organization\"},\"inLanguage\":\"de\"},{\"@type\":\"Organization\",\"@id\":\"https:\\\/\\\/shop.bantam.ch\\\/de\\\/#organization\",\"name\":\"Bantam Camping AG\",\"url\":\"https:\\\/\\\/shop.bantam.ch\\\/de\\\/\",\"logo\":{\"@type\":\"ImageObject\",\"inLanguage\":\"de\",\"@id\":\"https:\\\/\\\/shop.bantam.ch\\\/de\\\/#\\\/schema\\\/logo\\\/image\\\/\",\"url\":\"https:\\\/\\\/shop.bantam.ch\\\/wp-content\\\/uploads\\\/2022\\\/12\\\/bantam-logo.png\",\"contentUrl\":\"https:\\\/\\\/shop.bantam.ch\\\/wp-content\\\/uploads\\\/2022\\\/12\\\/bantam-logo.png\",\"width\":320,\"height\":71,\"caption\":\"Bantam Camping AG\"},\"image\":{\"@id\":\"https:\\\/\\\/shop.bantam.ch\\\/de\\\/#\\\/schema\\\/logo\\\/image\\\/\"}}]}<\/script>\n<!-- \/ Yoast SEO plugin. -->","yoast_head_json":{"title":"Topfset BRUNNER Fusion 7+1 Durchm. 22 cm Farbe grau - Bantam Camping AG","robots":{"index":"index","follow":"follow","max-snippet":"max-snippet:-1","max-image-preview":"max-image-preview:large","max-video-preview":"max-video-preview:-1"},"canonical":"https:\/\/shop.bantam.ch\/de\/produkt\/topfset-fusion-7-1-durchm-22-cm-grau\/","og_locale":"de_DE","og_type":"article","og_title":"Topfset BRUNNER Fusion 7+1 Durchm. 22 cm Farbe grau - Bantam Camping AG","og_description":"\u00a0Hochwertige Kochgeschirrsetkollektion mit induktionsf\u00e4higem Boden und kratzfester Keramik-Antihaftbeschichtung. Ausgestattet mit den revolution\u00e4ren Vacublock und Magnetogrip Systemen. Alle T\u00f6pfe und Pfannen sind platzsparend ineinander stapelbar. Neu entwickeltes Griff- und Verbindungssystem, das durch die Verwendung von abklappbaren Griffen mit integriertem Magnetelement eine deutliche Verringerung des Packma\u00dfes der Topfsets erm\u00f6glicht und zudem die Verwendung eines Zurrgurtes zur Stabilisierung [&hellip;]","og_url":"https:\/\/shop.bantam.ch\/de\/produkt\/topfset-fusion-7-1-durchm-22-cm-grau\/","og_site_name":"Bantam Camping AG","article_modified_time":"2026-04-20T19:54:56+00:00","og_image":[{"width":1000,"height":418,"url":"https:\/\/shop.bantam.ch\/wp-content\/uploads\/2023\/03\/9984745100.jpg","type":"image\/jpeg"}],"twitter_card":"summary_large_image","schema":{"@context":"https:\/\/schema.org","@graph":[{"@type":"WebPage","@id":"https:\/\/shop.bantam.ch\/de\/produkt\/topfset-fusion-7-1-durchm-22-cm-grau\/","url":"https:\/\/shop.bantam.ch\/de\/produkt\/topfset-fusion-7-1-durchm-22-cm-grau\/","name":"Topfset BRUNNER Fusion 7+1 Durchm. 22 cm Farbe grau - Bantam Camping AG","isPartOf":{"@id":"https:\/\/shop.bantam.ch\/de\/#website"},"primaryImageOfPage":{"@id":"https:\/\/shop.bantam.ch\/de\/produkt\/topfset-fusion-7-1-durchm-22-cm-grau\/#primaryimage"},"image":{"@id":"https:\/\/shop.bantam.ch\/de\/produkt\/topfset-fusion-7-1-durchm-22-cm-grau\/#primaryimage"},"thumbnailUrl":"https:\/\/shop.bantam.ch\/wp-content\/uploads\/2023\/03\/9984745100.jpg","datePublished":"2023-03-01T00:24:00+00:00","dateModified":"2026-04-20T19:54:56+00:00","breadcrumb":{"@id":"https:\/\/shop.bantam.ch\/de\/produkt\/topfset-fusion-7-1-durchm-22-cm-grau\/#breadcrumb"},"inLanguage":"de","potentialAction":[{"@type":"ReadAction","target":["https:\/\/shop.bantam.ch\/de\/produkt\/topfset-fusion-7-1-durchm-22-cm-grau\/"]}]},{"@type":"ImageObject","inLanguage":"de","@id":"https:\/\/shop.bantam.ch\/de\/produkt\/topfset-fusion-7-1-durchm-22-cm-grau\/#primaryimage","url":"https:\/\/shop.bantam.ch\/wp-content\/uploads\/2023\/03\/9984745100.jpg","contentUrl":"https:\/\/shop.bantam.ch\/wp-content\/uploads\/2023\/03\/9984745100.jpg","width":1000,"height":418},{"@type":"BreadcrumbList","@id":"https:\/\/shop.bantam.ch\/de\/produkt\/topfset-fusion-7-1-durchm-22-cm-grau\/#breadcrumb","itemListElement":[{"@type":"ListItem","position":1,"name":"Accueil","item":"https:\/\/shop.bantam.ch\/de\/"},{"@type":"ListItem","position":2,"name":"Shop","item":"https:\/\/shop.bantam.ch\/de\/shop\/"},{"@type":"ListItem","position":3,"name":"Topfset BRUNNER Fusion 7+1 Durchm. 22 cm Farbe grau"}]},{"@type":"WebSite","@id":"https:\/\/shop.bantam.ch\/de\/#website","url":"https:\/\/shop.bantam.ch\/de\/","name":"Bantam Camping AG","description":"","publisher":{"@id":"https:\/\/shop.bantam.ch\/de\/#organization"},"inLanguage":"de"},{"@type":"Organization","@id":"https:\/\/shop.bantam.ch\/de\/#organization","name":"Bantam Camping AG","url":"https:\/\/shop.bantam.ch\/de\/","logo":{"@type":"ImageObject","inLanguage":"de","@id":"https:\/\/shop.bantam.ch\/de\/#\/schema\/logo\/image\/","url":"https:\/\/shop.bantam.ch\/wp-content\/uploads\/2022\/12\/bantam-logo.png","contentUrl":"https:\/\/shop.bantam.ch\/wp-content\/uploads\/2022\/12\/bantam-logo.png","width":320,"height":71,"caption":"Bantam Camping AG"},"image":{"@id":"https:\/\/shop.bantam.ch\/de\/#\/schema\/logo\/image\/"}}]}},"_links":{"self":[{"href":"https:\/\/shop.bantam.ch\/de\/wp-json\/wp\/v2\/product\/127717","targetHints":{"allow":["GET"]}}],"collection":[{"href":"https:\/\/shop.bantam.ch\/de\/wp-json\/wp\/v2\/product"}],"about":[{"href":"https:\/\/shop.bantam.ch\/de\/wp-json\/wp\/v2\/types\/product"}],"wp:featuredmedia":[{"embeddable":true,"href":"https:\/\/shop.bantam.ch\/de\/wp-json\/wp\/v2\/media\/127705"}],"wp:attachment":[{"href":"https:\/\/shop.bantam.ch\/de\/wp-json\/wp\/v2\/media?parent=127717"}],"wp:term":[{"taxonomy":"product_featured_cat","embeddable":true,"href":"https:\/\/shop.bantam.ch\/de\/wp-json\/wp\/v2\/product_featured_cat?post=127717"},{"taxonomy":"product_brand","embeddable":true,"href":"https:\/\/shop.bantam.ch\/de\/wp-json\/wp\/v2\/product_brand?post=127717"},{"taxonomy":"product_cat","embeddable":true,"href":"https:\/\/shop.bantam.ch\/de\/wp-json\/wp\/v2\/product_cat?post=127717"},{"taxonomy":"product_tag","embeddable":true,"href":"https:\/\/shop.bantam.ch\/de\/wp-json\/wp\/v2\/product_tag?post=127717"}],"curies":[{"name":"wp","href":"https:\/\/api.w.org\/{rel}","templated":true}]}}