{"id":127545,"date":"2023-03-01T01:22:17","date_gmt":"2023-03-01T00:22:17","guid":{"rendered":"https:\/\/shop.bantam.ch\/produit\/kontermutter-pegstop-2-0-3-stueck\/"},"modified":"2026-04-18T21:54:15","modified_gmt":"2026-04-18T19:54:15","slug":"kontermutter-pegstop-2-0-3-stueck","status":"publish","type":"product","link":"https:\/\/shop.bantam.ch\/de\/produkt\/kontermutter-pegstop-2-0-3-stueck\/","title":{"rendered":"Kontermutter Peggy Peg Peg&amp;Stop 2.0 Inhalt 3 St\u00fcck"},"content":{"rendered":"<p>H\u00f6henverstellbare Kontermutter 2.0 (mit Haken) zum Nachr\u00fcsten f\u00fcr Peg&amp;Stop Schraubheringe. Dadurch muss der Schraubhering nicht immer ganz eingeschraubt werden. Der Peggy kann durch ein bis zwei Rechtsdrehungen mit der Kontermutter nicht nur unsere Ankerplatten super mit Gegendruck befestigen, sondern auch Zelte und Sturmleinen sicher abspannen. Passend f\u00fcr alle P&amp;S Schraubheringe mit durchg\u00e4ngigem Gewinde.<\/p>\n<p>Lieferumfang:<br \/>3 St\u00fcck<\/p>\n","protected":false},"excerpt":{"rendered":"<p>H\u00f6henverstellbare Kontermutter 2.0 (mit Haken) zum Nachr\u00fcsten f\u00fcr Peg&amp;Stop Schraubheringe. Dadurch muss der Schraubhering nicht immer ganz eingeschraubt werden. Der Peggy kann durch ein bis zwei Rechtsdrehungen mit der Kontermutter nicht nur unsere Ankerplatten super mit Gegendruck befestigen, sondern auch Zelte und Sturmleinen sicher abspannen. Passend f\u00fcr alle P&amp;S Schraubheringe mit durchg\u00e4ngigem Gewinde. Lieferumfang:3 St\u00fcck<\/p>\n","protected":false},"featured_media":127543,"template":"","meta":{"_acf_changed":false},"product_featured_cat":[],"product_brand":[3117],"product_cat":[4254],"product_tag":[],"class_list":{"0":"post-127545","1":"product","2":"type-product","3":"status-publish","4":"has-post-thumbnail","6":"product_brand-peggy-peg-de","7":"product_cat-aufbau-zubehoer","9":"first","10":"instock","11":"taxable","12":"shipping-taxable","13":"purchasable","14":"product-type-simple"},"acf":[],"yoast_head":"<!-- This site is optimized with the Yoast SEO plugin v27.4 - https:\/\/yoast.com\/product\/yoast-seo-wordpress\/ -->\n<title>Kontermutter Peggy Peg Peg&amp;Stop 2.0 Inhalt 3 St\u00fcck - Bantam Camping AG<\/title>\n<meta name=\"robots\" content=\"index, follow, max-snippet:-1, max-image-preview:large, max-video-preview:-1\" \/>\n<link rel=\"canonical\" href=\"https:\/\/shop.bantam.ch\/de\/produkt\/kontermutter-pegstop-2-0-3-stueck\/\" \/>\n<meta property=\"og:locale\" content=\"de_DE\" \/>\n<meta property=\"og:type\" content=\"article\" \/>\n<meta property=\"og:title\" content=\"Kontermutter Peggy Peg Peg&amp;Stop 2.0 Inhalt 3 St\u00fcck - Bantam Camping AG\" \/>\n<meta property=\"og:description\" content=\"H\u00f6henverstellbare Kontermutter 2.0 (mit Haken) zum Nachr\u00fcsten f\u00fcr Peg&amp;Stop Schraubheringe. Dadurch muss der Schraubhering nicht immer ganz eingeschraubt werden. Der Peggy kann durch ein bis zwei Rechtsdrehungen mit der Kontermutter nicht nur unsere Ankerplatten super mit Gegendruck befestigen, sondern auch Zelte und Sturmleinen sicher abspannen. Passend f\u00fcr alle P&amp;S Schraubheringe mit durchg\u00e4ngigem Gewinde. Lieferumfang:3 St\u00fcck\" \/>\n<meta property=\"og:url\" content=\"https:\/\/shop.bantam.ch\/de\/produkt\/kontermutter-pegstop-2-0-3-stueck\/\" \/>\n<meta property=\"og:site_name\" content=\"Bantam Camping AG\" \/>\n<meta property=\"article:modified_time\" content=\"2026-04-18T19:54:15+00:00\" \/>\n<meta property=\"og:image\" content=\"https:\/\/shop.bantam.ch\/wp-content\/uploads\/2023\/03\/9948599100.jpg\" \/>\n\t<meta property=\"og:image:width\" content=\"840\" \/>\n\t<meta property=\"og:image:height\" content=\"1000\" \/>\n\t<meta property=\"og:image:type\" content=\"image\/jpeg\" \/>\n<meta name=\"twitter:card\" content=\"summary_large_image\" \/>\n<script type=\"application\/ld+json\" class=\"yoast-schema-graph\">{\"@context\":\"https:\\\/\\\/schema.org\",\"@graph\":[{\"@type\":\"WebPage\",\"@id\":\"https:\\\/\\\/shop.bantam.ch\\\/de\\\/produkt\\\/kontermutter-pegstop-2-0-3-stueck\\\/\",\"url\":\"https:\\\/\\\/shop.bantam.ch\\\/de\\\/produkt\\\/kontermutter-pegstop-2-0-3-stueck\\\/\",\"name\":\"Kontermutter Peggy Peg Peg&amp;Stop 2.0 Inhalt 3 St\u00fcck - Bantam Camping AG\",\"isPartOf\":{\"@id\":\"https:\\\/\\\/shop.bantam.ch\\\/de\\\/#website\"},\"primaryImageOfPage\":{\"@id\":\"https:\\\/\\\/shop.bantam.ch\\\/de\\\/produkt\\\/kontermutter-pegstop-2-0-3-stueck\\\/#primaryimage\"},\"image\":{\"@id\":\"https:\\\/\\\/shop.bantam.ch\\\/de\\\/produkt\\\/kontermutter-pegstop-2-0-3-stueck\\\/#primaryimage\"},\"thumbnailUrl\":\"https:\\\/\\\/shop.bantam.ch\\\/wp-content\\\/uploads\\\/2023\\\/03\\\/9948599100.jpg\",\"datePublished\":\"2023-03-01T00:22:17+00:00\",\"dateModified\":\"2026-04-18T19:54:15+00:00\",\"breadcrumb\":{\"@id\":\"https:\\\/\\\/shop.bantam.ch\\\/de\\\/produkt\\\/kontermutter-pegstop-2-0-3-stueck\\\/#breadcrumb\"},\"inLanguage\":\"de\",\"potentialAction\":[{\"@type\":\"ReadAction\",\"target\":[\"https:\\\/\\\/shop.bantam.ch\\\/de\\\/produkt\\\/kontermutter-pegstop-2-0-3-stueck\\\/\"]}]},{\"@type\":\"ImageObject\",\"inLanguage\":\"de\",\"@id\":\"https:\\\/\\\/shop.bantam.ch\\\/de\\\/produkt\\\/kontermutter-pegstop-2-0-3-stueck\\\/#primaryimage\",\"url\":\"https:\\\/\\\/shop.bantam.ch\\\/wp-content\\\/uploads\\\/2023\\\/03\\\/9948599100.jpg\",\"contentUrl\":\"https:\\\/\\\/shop.bantam.ch\\\/wp-content\\\/uploads\\\/2023\\\/03\\\/9948599100.jpg\",\"width\":840,\"height\":1000},{\"@type\":\"BreadcrumbList\",\"@id\":\"https:\\\/\\\/shop.bantam.ch\\\/de\\\/produkt\\\/kontermutter-pegstop-2-0-3-stueck\\\/#breadcrumb\",\"itemListElement\":[{\"@type\":\"ListItem\",\"position\":1,\"name\":\"Accueil\",\"item\":\"https:\\\/\\\/shop.bantam.ch\\\/de\\\/\"},{\"@type\":\"ListItem\",\"position\":2,\"name\":\"Shop\",\"item\":\"https:\\\/\\\/shop.bantam.ch\\\/de\\\/shop\\\/\"},{\"@type\":\"ListItem\",\"position\":3,\"name\":\"Kontermutter Peggy Peg Peg&amp;Stop 2.0 Inhalt 3 St\u00fcck\"}]},{\"@type\":\"WebSite\",\"@id\":\"https:\\\/\\\/shop.bantam.ch\\\/de\\\/#website\",\"url\":\"https:\\\/\\\/shop.bantam.ch\\\/de\\\/\",\"name\":\"Bantam Camping AG\",\"description\":\"\",\"publisher\":{\"@id\":\"https:\\\/\\\/shop.bantam.ch\\\/de\\\/#organization\"},\"inLanguage\":\"de\"},{\"@type\":\"Organization\",\"@id\":\"https:\\\/\\\/shop.bantam.ch\\\/de\\\/#organization\",\"name\":\"Bantam Camping AG\",\"url\":\"https:\\\/\\\/shop.bantam.ch\\\/de\\\/\",\"logo\":{\"@type\":\"ImageObject\",\"inLanguage\":\"de\",\"@id\":\"https:\\\/\\\/shop.bantam.ch\\\/de\\\/#\\\/schema\\\/logo\\\/image\\\/\",\"url\":\"https:\\\/\\\/shop.bantam.ch\\\/wp-content\\\/uploads\\\/2022\\\/12\\\/bantam-logo.png\",\"contentUrl\":\"https:\\\/\\\/shop.bantam.ch\\\/wp-content\\\/uploads\\\/2022\\\/12\\\/bantam-logo.png\",\"width\":320,\"height\":71,\"caption\":\"Bantam Camping AG\"},\"image\":{\"@id\":\"https:\\\/\\\/shop.bantam.ch\\\/de\\\/#\\\/schema\\\/logo\\\/image\\\/\"}}]}<\/script>\n<!-- \/ Yoast SEO plugin. -->","yoast_head_json":{"title":"Kontermutter Peggy Peg Peg&amp;Stop 2.0 Inhalt 3 St\u00fcck - Bantam Camping AG","robots":{"index":"index","follow":"follow","max-snippet":"max-snippet:-1","max-image-preview":"max-image-preview:large","max-video-preview":"max-video-preview:-1"},"canonical":"https:\/\/shop.bantam.ch\/de\/produkt\/kontermutter-pegstop-2-0-3-stueck\/","og_locale":"de_DE","og_type":"article","og_title":"Kontermutter Peggy Peg Peg&amp;Stop 2.0 Inhalt 3 St\u00fcck - Bantam Camping AG","og_description":"H\u00f6henverstellbare Kontermutter 2.0 (mit Haken) zum Nachr\u00fcsten f\u00fcr Peg&amp;Stop Schraubheringe. Dadurch muss der Schraubhering nicht immer ganz eingeschraubt werden. Der Peggy kann durch ein bis zwei Rechtsdrehungen mit der Kontermutter nicht nur unsere Ankerplatten super mit Gegendruck befestigen, sondern auch Zelte und Sturmleinen sicher abspannen. Passend f\u00fcr alle P&amp;S Schraubheringe mit durchg\u00e4ngigem Gewinde. Lieferumfang:3 St\u00fcck","og_url":"https:\/\/shop.bantam.ch\/de\/produkt\/kontermutter-pegstop-2-0-3-stueck\/","og_site_name":"Bantam Camping AG","article_modified_time":"2026-04-18T19:54:15+00:00","og_image":[{"width":840,"height":1000,"url":"https:\/\/shop.bantam.ch\/wp-content\/uploads\/2023\/03\/9948599100.jpg","type":"image\/jpeg"}],"twitter_card":"summary_large_image","schema":{"@context":"https:\/\/schema.org","@graph":[{"@type":"WebPage","@id":"https:\/\/shop.bantam.ch\/de\/produkt\/kontermutter-pegstop-2-0-3-stueck\/","url":"https:\/\/shop.bantam.ch\/de\/produkt\/kontermutter-pegstop-2-0-3-stueck\/","name":"Kontermutter Peggy Peg Peg&amp;Stop 2.0 Inhalt 3 St\u00fcck - Bantam Camping AG","isPartOf":{"@id":"https:\/\/shop.bantam.ch\/de\/#website"},"primaryImageOfPage":{"@id":"https:\/\/shop.bantam.ch\/de\/produkt\/kontermutter-pegstop-2-0-3-stueck\/#primaryimage"},"image":{"@id":"https:\/\/shop.bantam.ch\/de\/produkt\/kontermutter-pegstop-2-0-3-stueck\/#primaryimage"},"thumbnailUrl":"https:\/\/shop.bantam.ch\/wp-content\/uploads\/2023\/03\/9948599100.jpg","datePublished":"2023-03-01T00:22:17+00:00","dateModified":"2026-04-18T19:54:15+00:00","breadcrumb":{"@id":"https:\/\/shop.bantam.ch\/de\/produkt\/kontermutter-pegstop-2-0-3-stueck\/#breadcrumb"},"inLanguage":"de","potentialAction":[{"@type":"ReadAction","target":["https:\/\/shop.bantam.ch\/de\/produkt\/kontermutter-pegstop-2-0-3-stueck\/"]}]},{"@type":"ImageObject","inLanguage":"de","@id":"https:\/\/shop.bantam.ch\/de\/produkt\/kontermutter-pegstop-2-0-3-stueck\/#primaryimage","url":"https:\/\/shop.bantam.ch\/wp-content\/uploads\/2023\/03\/9948599100.jpg","contentUrl":"https:\/\/shop.bantam.ch\/wp-content\/uploads\/2023\/03\/9948599100.jpg","width":840,"height":1000},{"@type":"BreadcrumbList","@id":"https:\/\/shop.bantam.ch\/de\/produkt\/kontermutter-pegstop-2-0-3-stueck\/#breadcrumb","itemListElement":[{"@type":"ListItem","position":1,"name":"Accueil","item":"https:\/\/shop.bantam.ch\/de\/"},{"@type":"ListItem","position":2,"name":"Shop","item":"https:\/\/shop.bantam.ch\/de\/shop\/"},{"@type":"ListItem","position":3,"name":"Kontermutter Peggy Peg Peg&amp;Stop 2.0 Inhalt 3 St\u00fcck"}]},{"@type":"WebSite","@id":"https:\/\/shop.bantam.ch\/de\/#website","url":"https:\/\/shop.bantam.ch\/de\/","name":"Bantam Camping AG","description":"","publisher":{"@id":"https:\/\/shop.bantam.ch\/de\/#organization"},"inLanguage":"de"},{"@type":"Organization","@id":"https:\/\/shop.bantam.ch\/de\/#organization","name":"Bantam Camping AG","url":"https:\/\/shop.bantam.ch\/de\/","logo":{"@type":"ImageObject","inLanguage":"de","@id":"https:\/\/shop.bantam.ch\/de\/#\/schema\/logo\/image\/","url":"https:\/\/shop.bantam.ch\/wp-content\/uploads\/2022\/12\/bantam-logo.png","contentUrl":"https:\/\/shop.bantam.ch\/wp-content\/uploads\/2022\/12\/bantam-logo.png","width":320,"height":71,"caption":"Bantam Camping AG"},"image":{"@id":"https:\/\/shop.bantam.ch\/de\/#\/schema\/logo\/image\/"}}]}},"_links":{"self":[{"href":"https:\/\/shop.bantam.ch\/de\/wp-json\/wp\/v2\/product\/127545","targetHints":{"allow":["GET"]}}],"collection":[{"href":"https:\/\/shop.bantam.ch\/de\/wp-json\/wp\/v2\/product"}],"about":[{"href":"https:\/\/shop.bantam.ch\/de\/wp-json\/wp\/v2\/types\/product"}],"wp:featuredmedia":[{"embeddable":true,"href":"https:\/\/shop.bantam.ch\/de\/wp-json\/wp\/v2\/media\/127543"}],"wp:attachment":[{"href":"https:\/\/shop.bantam.ch\/de\/wp-json\/wp\/v2\/media?parent=127545"}],"wp:term":[{"taxonomy":"product_featured_cat","embeddable":true,"href":"https:\/\/shop.bantam.ch\/de\/wp-json\/wp\/v2\/product_featured_cat?post=127545"},{"taxonomy":"product_brand","embeddable":true,"href":"https:\/\/shop.bantam.ch\/de\/wp-json\/wp\/v2\/product_brand?post=127545"},{"taxonomy":"product_cat","embeddable":true,"href":"https:\/\/shop.bantam.ch\/de\/wp-json\/wp\/v2\/product_cat?post=127545"},{"taxonomy":"product_tag","embeddable":true,"href":"https:\/\/shop.bantam.ch\/de\/wp-json\/wp\/v2\/product_tag?post=127545"}],"curies":[{"name":"wp","href":"https:\/\/api.w.org\/{rel}","templated":true}]}}