{"id":127503,"date":"2023-03-01T01:21:48","date_gmt":"2023-03-01T00:21:48","guid":{"rendered":"https:\/\/shop.bantam.ch\/produit\/spezial-kit-fuer-270-grad-markisen\/"},"modified":"2026-04-18T21:54:14","modified_gmt":"2026-04-18T19:54:14","slug":"spezial-kit-fuer-270-grad-markisen","status":"publish","type":"product","link":"https:\/\/shop.bantam.ch\/de\/produkt\/spezial-kit-fuer-270-grad-markisen\/","title":{"rendered":"Spezial Kit Peggy Peg f\u00fcr 270 Grad Markisen"},"content":{"rendered":"<p>Sichern Sie ihre 270\u00b0 Markise bei aufkommenden Winden zus\u00e4tzlich durch unsere clevere Produktkombination aus Spanngurten und Schraubheringen zum Einschrauben mit dem Akkuschrauber oder per Handschl\u00fcssel f\u00fcr 270\u00b0 Markisen, Pavillons u.v.m. Ideal f\u00fcr normale, weiche und sandige B\u00f6den durch komprimierende Gewinde. Der Hardcore Peggy (Alu) erm\u00f6glicht es Ihnen ihre Markise auch auf extrem hartem steinigen Boden zu befestigen. Nur dieser wird eingeschlagen und sp\u00e4ter ausgeschraubt. Der h\u00f6henverstellbare Haken bei allen Peggys erm\u00f6glicht au\u00dferdem eine Verwendung in den unterschiedlichsten Bodenbeschaffenheiten, wenn z.B. die Schraubheringe nicht vollst\u00e4ndig in den Boden gehen. Wo Sie auch sind, egal zu welcher Jahreszeit. (Vorbohren kann hilfreich sein, speziell im Winter).<\/p>\n","protected":false},"excerpt":{"rendered":"<p>Sichern Sie ihre 270\u00b0 Markise bei aufkommenden Winden zus\u00e4tzlich durch unsere clevere Produktkombination aus Spanngurten und Schraubheringen zum Einschrauben mit dem Akkuschrauber oder per Handschl\u00fcssel f\u00fcr 270\u00b0 Markisen, Pavillons u.v.m. Ideal f\u00fcr normale, weiche und sandige B\u00f6den durch komprimierende Gewinde. Der Hardcore Peggy (Alu) erm\u00f6glicht es Ihnen ihre Markise auch auf extrem hartem steinigen Boden [&hellip;]<\/p>\n","protected":false},"featured_media":127499,"template":"","meta":{"_acf_changed":false},"product_featured_cat":[],"product_brand":[3117],"product_cat":[3988],"product_tag":[],"class_list":{"0":"post-127503","1":"product","2":"type-product","3":"status-publish","4":"has-post-thumbnail","6":"product_brand-peggy-peg-de","7":"product_cat-zelte-vorzelte-zubehoer","9":"first","10":"instock","11":"taxable","12":"shipping-taxable","13":"purchasable","14":"product-type-simple"},"acf":[],"yoast_head":"<!-- This site is optimized with the Yoast SEO plugin v27.4 - https:\/\/yoast.com\/product\/yoast-seo-wordpress\/ -->\n<title>Spezial Kit Peggy Peg f\u00fcr 270 Grad Markisen - Bantam Camping AG<\/title>\n<meta name=\"robots\" content=\"index, follow, max-snippet:-1, max-image-preview:large, max-video-preview:-1\" \/>\n<link rel=\"canonical\" href=\"https:\/\/shop.bantam.ch\/de\/produkt\/spezial-kit-fuer-270-grad-markisen\/\" \/>\n<meta property=\"og:locale\" content=\"de_DE\" \/>\n<meta property=\"og:type\" content=\"article\" \/>\n<meta property=\"og:title\" content=\"Spezial Kit Peggy Peg f\u00fcr 270 Grad Markisen - Bantam Camping AG\" \/>\n<meta property=\"og:description\" content=\"Sichern Sie ihre 270\u00b0 Markise bei aufkommenden Winden zus\u00e4tzlich durch unsere clevere Produktkombination aus Spanngurten und Schraubheringen zum Einschrauben mit dem Akkuschrauber oder per Handschl\u00fcssel f\u00fcr 270\u00b0 Markisen, Pavillons u.v.m. Ideal f\u00fcr normale, weiche und sandige B\u00f6den durch komprimierende Gewinde. Der Hardcore Peggy (Alu) erm\u00f6glicht es Ihnen ihre Markise auch auf extrem hartem steinigen Boden [&hellip;]\" \/>\n<meta property=\"og:url\" content=\"https:\/\/shop.bantam.ch\/de\/produkt\/spezial-kit-fuer-270-grad-markisen\/\" \/>\n<meta property=\"og:site_name\" content=\"Bantam Camping AG\" \/>\n<meta property=\"article:modified_time\" content=\"2026-04-18T19:54:14+00:00\" \/>\n<meta property=\"og:image\" content=\"https:\/\/shop.bantam.ch\/wp-content\/uploads\/2023\/03\/9948598100.jpg\" \/>\n\t<meta property=\"og:image:width\" content=\"500\" \/>\n\t<meta property=\"og:image:height\" content=\"500\" \/>\n\t<meta property=\"og:image:type\" content=\"image\/jpeg\" \/>\n<meta name=\"twitter:card\" content=\"summary_large_image\" \/>\n<meta name=\"twitter:label1\" content=\"Gesch\u00e4tzte Lesezeit\" \/>\n\t<meta name=\"twitter:data1\" content=\"1\u00a0Minute\" \/>\n<script type=\"application\/ld+json\" class=\"yoast-schema-graph\">{\"@context\":\"https:\\\/\\\/schema.org\",\"@graph\":[{\"@type\":\"WebPage\",\"@id\":\"https:\\\/\\\/shop.bantam.ch\\\/de\\\/produkt\\\/spezial-kit-fuer-270-grad-markisen\\\/\",\"url\":\"https:\\\/\\\/shop.bantam.ch\\\/de\\\/produkt\\\/spezial-kit-fuer-270-grad-markisen\\\/\",\"name\":\"Spezial Kit Peggy Peg f\u00fcr 270 Grad Markisen - Bantam Camping AG\",\"isPartOf\":{\"@id\":\"https:\\\/\\\/shop.bantam.ch\\\/de\\\/#website\"},\"primaryImageOfPage\":{\"@id\":\"https:\\\/\\\/shop.bantam.ch\\\/de\\\/produkt\\\/spezial-kit-fuer-270-grad-markisen\\\/#primaryimage\"},\"image\":{\"@id\":\"https:\\\/\\\/shop.bantam.ch\\\/de\\\/produkt\\\/spezial-kit-fuer-270-grad-markisen\\\/#primaryimage\"},\"thumbnailUrl\":\"https:\\\/\\\/shop.bantam.ch\\\/wp-content\\\/uploads\\\/2023\\\/03\\\/9948598100.jpg\",\"datePublished\":\"2023-03-01T00:21:48+00:00\",\"dateModified\":\"2026-04-18T19:54:14+00:00\",\"breadcrumb\":{\"@id\":\"https:\\\/\\\/shop.bantam.ch\\\/de\\\/produkt\\\/spezial-kit-fuer-270-grad-markisen\\\/#breadcrumb\"},\"inLanguage\":\"de\",\"potentialAction\":[{\"@type\":\"ReadAction\",\"target\":[\"https:\\\/\\\/shop.bantam.ch\\\/de\\\/produkt\\\/spezial-kit-fuer-270-grad-markisen\\\/\"]}]},{\"@type\":\"ImageObject\",\"inLanguage\":\"de\",\"@id\":\"https:\\\/\\\/shop.bantam.ch\\\/de\\\/produkt\\\/spezial-kit-fuer-270-grad-markisen\\\/#primaryimage\",\"url\":\"https:\\\/\\\/shop.bantam.ch\\\/wp-content\\\/uploads\\\/2023\\\/03\\\/9948598100.jpg\",\"contentUrl\":\"https:\\\/\\\/shop.bantam.ch\\\/wp-content\\\/uploads\\\/2023\\\/03\\\/9948598100.jpg\",\"width\":500,\"height\":500},{\"@type\":\"BreadcrumbList\",\"@id\":\"https:\\\/\\\/shop.bantam.ch\\\/de\\\/produkt\\\/spezial-kit-fuer-270-grad-markisen\\\/#breadcrumb\",\"itemListElement\":[{\"@type\":\"ListItem\",\"position\":1,\"name\":\"Accueil\",\"item\":\"https:\\\/\\\/shop.bantam.ch\\\/de\\\/\"},{\"@type\":\"ListItem\",\"position\":2,\"name\":\"Shop\",\"item\":\"https:\\\/\\\/shop.bantam.ch\\\/de\\\/shop\\\/\"},{\"@type\":\"ListItem\",\"position\":3,\"name\":\"Spezial Kit Peggy Peg f\u00fcr 270 Grad Markisen\"}]},{\"@type\":\"WebSite\",\"@id\":\"https:\\\/\\\/shop.bantam.ch\\\/de\\\/#website\",\"url\":\"https:\\\/\\\/shop.bantam.ch\\\/de\\\/\",\"name\":\"Bantam Camping AG\",\"description\":\"\",\"publisher\":{\"@id\":\"https:\\\/\\\/shop.bantam.ch\\\/de\\\/#organization\"},\"inLanguage\":\"de\"},{\"@type\":\"Organization\",\"@id\":\"https:\\\/\\\/shop.bantam.ch\\\/de\\\/#organization\",\"name\":\"Bantam Camping AG\",\"url\":\"https:\\\/\\\/shop.bantam.ch\\\/de\\\/\",\"logo\":{\"@type\":\"ImageObject\",\"inLanguage\":\"de\",\"@id\":\"https:\\\/\\\/shop.bantam.ch\\\/de\\\/#\\\/schema\\\/logo\\\/image\\\/\",\"url\":\"https:\\\/\\\/shop.bantam.ch\\\/wp-content\\\/uploads\\\/2022\\\/12\\\/bantam-logo.png\",\"contentUrl\":\"https:\\\/\\\/shop.bantam.ch\\\/wp-content\\\/uploads\\\/2022\\\/12\\\/bantam-logo.png\",\"width\":320,\"height\":71,\"caption\":\"Bantam Camping AG\"},\"image\":{\"@id\":\"https:\\\/\\\/shop.bantam.ch\\\/de\\\/#\\\/schema\\\/logo\\\/image\\\/\"}}]}<\/script>\n<!-- \/ Yoast SEO plugin. -->","yoast_head_json":{"title":"Spezial Kit Peggy Peg f\u00fcr 270 Grad Markisen - Bantam Camping AG","robots":{"index":"index","follow":"follow","max-snippet":"max-snippet:-1","max-image-preview":"max-image-preview:large","max-video-preview":"max-video-preview:-1"},"canonical":"https:\/\/shop.bantam.ch\/de\/produkt\/spezial-kit-fuer-270-grad-markisen\/","og_locale":"de_DE","og_type":"article","og_title":"Spezial Kit Peggy Peg f\u00fcr 270 Grad Markisen - Bantam Camping AG","og_description":"Sichern Sie ihre 270\u00b0 Markise bei aufkommenden Winden zus\u00e4tzlich durch unsere clevere Produktkombination aus Spanngurten und Schraubheringen zum Einschrauben mit dem Akkuschrauber oder per Handschl\u00fcssel f\u00fcr 270\u00b0 Markisen, Pavillons u.v.m. Ideal f\u00fcr normale, weiche und sandige B\u00f6den durch komprimierende Gewinde. Der Hardcore Peggy (Alu) erm\u00f6glicht es Ihnen ihre Markise auch auf extrem hartem steinigen Boden [&hellip;]","og_url":"https:\/\/shop.bantam.ch\/de\/produkt\/spezial-kit-fuer-270-grad-markisen\/","og_site_name":"Bantam Camping AG","article_modified_time":"2026-04-18T19:54:14+00:00","og_image":[{"width":500,"height":500,"url":"https:\/\/shop.bantam.ch\/wp-content\/uploads\/2023\/03\/9948598100.jpg","type":"image\/jpeg"}],"twitter_card":"summary_large_image","twitter_misc":{"Gesch\u00e4tzte Lesezeit":"1\u00a0Minute"},"schema":{"@context":"https:\/\/schema.org","@graph":[{"@type":"WebPage","@id":"https:\/\/shop.bantam.ch\/de\/produkt\/spezial-kit-fuer-270-grad-markisen\/","url":"https:\/\/shop.bantam.ch\/de\/produkt\/spezial-kit-fuer-270-grad-markisen\/","name":"Spezial Kit Peggy Peg f\u00fcr 270 Grad Markisen - Bantam Camping AG","isPartOf":{"@id":"https:\/\/shop.bantam.ch\/de\/#website"},"primaryImageOfPage":{"@id":"https:\/\/shop.bantam.ch\/de\/produkt\/spezial-kit-fuer-270-grad-markisen\/#primaryimage"},"image":{"@id":"https:\/\/shop.bantam.ch\/de\/produkt\/spezial-kit-fuer-270-grad-markisen\/#primaryimage"},"thumbnailUrl":"https:\/\/shop.bantam.ch\/wp-content\/uploads\/2023\/03\/9948598100.jpg","datePublished":"2023-03-01T00:21:48+00:00","dateModified":"2026-04-18T19:54:14+00:00","breadcrumb":{"@id":"https:\/\/shop.bantam.ch\/de\/produkt\/spezial-kit-fuer-270-grad-markisen\/#breadcrumb"},"inLanguage":"de","potentialAction":[{"@type":"ReadAction","target":["https:\/\/shop.bantam.ch\/de\/produkt\/spezial-kit-fuer-270-grad-markisen\/"]}]},{"@type":"ImageObject","inLanguage":"de","@id":"https:\/\/shop.bantam.ch\/de\/produkt\/spezial-kit-fuer-270-grad-markisen\/#primaryimage","url":"https:\/\/shop.bantam.ch\/wp-content\/uploads\/2023\/03\/9948598100.jpg","contentUrl":"https:\/\/shop.bantam.ch\/wp-content\/uploads\/2023\/03\/9948598100.jpg","width":500,"height":500},{"@type":"BreadcrumbList","@id":"https:\/\/shop.bantam.ch\/de\/produkt\/spezial-kit-fuer-270-grad-markisen\/#breadcrumb","itemListElement":[{"@type":"ListItem","position":1,"name":"Accueil","item":"https:\/\/shop.bantam.ch\/de\/"},{"@type":"ListItem","position":2,"name":"Shop","item":"https:\/\/shop.bantam.ch\/de\/shop\/"},{"@type":"ListItem","position":3,"name":"Spezial Kit Peggy Peg f\u00fcr 270 Grad Markisen"}]},{"@type":"WebSite","@id":"https:\/\/shop.bantam.ch\/de\/#website","url":"https:\/\/shop.bantam.ch\/de\/","name":"Bantam Camping AG","description":"","publisher":{"@id":"https:\/\/shop.bantam.ch\/de\/#organization"},"inLanguage":"de"},{"@type":"Organization","@id":"https:\/\/shop.bantam.ch\/de\/#organization","name":"Bantam Camping AG","url":"https:\/\/shop.bantam.ch\/de\/","logo":{"@type":"ImageObject","inLanguage":"de","@id":"https:\/\/shop.bantam.ch\/de\/#\/schema\/logo\/image\/","url":"https:\/\/shop.bantam.ch\/wp-content\/uploads\/2022\/12\/bantam-logo.png","contentUrl":"https:\/\/shop.bantam.ch\/wp-content\/uploads\/2022\/12\/bantam-logo.png","width":320,"height":71,"caption":"Bantam Camping AG"},"image":{"@id":"https:\/\/shop.bantam.ch\/de\/#\/schema\/logo\/image\/"}}]}},"_links":{"self":[{"href":"https:\/\/shop.bantam.ch\/de\/wp-json\/wp\/v2\/product\/127503","targetHints":{"allow":["GET"]}}],"collection":[{"href":"https:\/\/shop.bantam.ch\/de\/wp-json\/wp\/v2\/product"}],"about":[{"href":"https:\/\/shop.bantam.ch\/de\/wp-json\/wp\/v2\/types\/product"}],"wp:featuredmedia":[{"embeddable":true,"href":"https:\/\/shop.bantam.ch\/de\/wp-json\/wp\/v2\/media\/127499"}],"wp:attachment":[{"href":"https:\/\/shop.bantam.ch\/de\/wp-json\/wp\/v2\/media?parent=127503"}],"wp:term":[{"taxonomy":"product_featured_cat","embeddable":true,"href":"https:\/\/shop.bantam.ch\/de\/wp-json\/wp\/v2\/product_featured_cat?post=127503"},{"taxonomy":"product_brand","embeddable":true,"href":"https:\/\/shop.bantam.ch\/de\/wp-json\/wp\/v2\/product_brand?post=127503"},{"taxonomy":"product_cat","embeddable":true,"href":"https:\/\/shop.bantam.ch\/de\/wp-json\/wp\/v2\/product_cat?post=127503"},{"taxonomy":"product_tag","embeddable":true,"href":"https:\/\/shop.bantam.ch\/de\/wp-json\/wp\/v2\/product_tag?post=127503"}],"curies":[{"name":"wp","href":"https:\/\/api.w.org\/{rel}","templated":true}]}}