{"id":127491,"date":"2023-03-01T01:21:35","date_gmt":"2023-03-01T00:21:35","guid":{"rendered":"https:\/\/shop.bantam.ch\/produit\/schraubhering-mit-kontermutter-peg-stop-heavy-dulty-4-stueck\/"},"modified":"2026-05-01T21:51:39","modified_gmt":"2026-05-01T19:51:39","slug":"schraubhering-mit-kontermutter-peg-stop-heavy-dulty-4-stueck","status":"publish","type":"product","link":"https:\/\/shop.bantam.ch\/de\/produkt\/schraubhering-mit-kontermutter-peg-stop-heavy-dulty-4-stueck\/","title":{"rendered":"Schraubhering Peggy Peg mit Kontermutter PEG &amp; STOP Heavy Duty Inhalt 4 St\u00fcck"},"content":{"rendered":"<p>Peg&amp;Stop Heavy Duty ist unser st\u00e4rkster Schraubhering aus recyceltem Edelstahl in Marinequalit\u00e4t mit der neuen Kontermutter. Dieser Schraubhering wurde speziell f\u00fcr die Anwendung mit einem Schlag-Schrauber entwickelt und sollte auch damit verwendet werden (Ein Akku-Schrauber hat je nach Bodenbeschaffenheit nur bedingt Kraft). Konzipiert in erster Linie f\u00fcr hoch verdichtete, extrem harte und steinige B\u00f6den in au\u00dfergew\u00f6hnlichen Bedingungen. Durch die h\u00f6henverstellbare Kontermutter 2.0 (mit Haken) muss der Schraubhering nicht immer ganz eingeschraubt werden. Dieser Peggy kann durch ein bis zwei Rechtsdrehungen mit der Kontermutter nicht nur unsere Ankerplatten super mit Gegendruck befestigen, sondern auch Zelte und Sturmleinen sicher abspannen. Den P&amp;S HD einschrauben bis er keinen Vortrieb mehr hat und fest im Erdreich verankert ist. Dann Mutter zum tiefstm\u00f6glichen Punkt drehen und Leine oder Abspannelement einhaken &#8211; fertig.<\/p>\n<p>Inhalt:<br \/>4er Set<\/p>\n","protected":false},"excerpt":{"rendered":"<p>Peg&amp;Stop Heavy Duty ist unser st\u00e4rkster Schraubhering aus recyceltem Edelstahl in Marinequalit\u00e4t mit der neuen Kontermutter. Dieser Schraubhering wurde speziell f\u00fcr die Anwendung mit einem Schlag-Schrauber entwickelt und sollte auch damit verwendet werden (Ein Akku-Schrauber hat je nach Bodenbeschaffenheit nur bedingt Kraft). Konzipiert in erster Linie f\u00fcr hoch verdichtete, extrem harte und steinige B\u00f6den in [&hellip;]<\/p>\n","protected":false},"featured_media":127485,"template":"","meta":{"_acf_changed":false},"product_featured_cat":[],"product_brand":[3117],"product_cat":[4254],"product_tag":[],"class_list":{"0":"post-127491","1":"product","2":"type-product","3":"status-publish","4":"has-post-thumbnail","6":"product_brand-peggy-peg-de","7":"product_cat-aufbau-zubehoer","9":"first","10":"instock","11":"taxable","12":"shipping-taxable","13":"purchasable","14":"product-type-simple"},"acf":[],"yoast_head":"<!-- This site is optimized with the Yoast SEO plugin v27.5 - https:\/\/yoast.com\/product\/yoast-seo-wordpress\/ -->\n<title>Schraubhering Peggy Peg mit Kontermutter PEG &amp; STOP Heavy Duty Inhalt 4 St\u00fcck - Bantam<\/title>\n<meta name=\"robots\" content=\"index, follow, max-snippet:-1, max-image-preview:large, max-video-preview:-1\" \/>\n<link rel=\"canonical\" href=\"https:\/\/shop.bantam.ch\/de\/produkt\/schraubhering-mit-kontermutter-peg-stop-heavy-dulty-4-stueck\/\" \/>\n<meta property=\"og:locale\" content=\"de_DE\" \/>\n<meta property=\"og:type\" content=\"article\" \/>\n<meta property=\"og:title\" content=\"Schraubhering Peggy Peg mit Kontermutter PEG &amp; STOP Heavy Duty Inhalt 4 St\u00fcck - Bantam\" \/>\n<meta property=\"og:description\" content=\"Peg&amp;Stop Heavy Duty ist unser st\u00e4rkster Schraubhering aus recyceltem Edelstahl in Marinequalit\u00e4t mit der neuen Kontermutter. Dieser Schraubhering wurde speziell f\u00fcr die Anwendung mit einem Schlag-Schrauber entwickelt und sollte auch damit verwendet werden (Ein Akku-Schrauber hat je nach Bodenbeschaffenheit nur bedingt Kraft). Konzipiert in erster Linie f\u00fcr hoch verdichtete, extrem harte und steinige B\u00f6den in [&hellip;]\" \/>\n<meta property=\"og:url\" content=\"https:\/\/shop.bantam.ch\/de\/produkt\/schraubhering-mit-kontermutter-peg-stop-heavy-dulty-4-stueck\/\" \/>\n<meta property=\"og:site_name\" content=\"Bantam\" \/>\n<meta property=\"article:modified_time\" content=\"2026-05-01T19:51:39+00:00\" \/>\n<meta property=\"og:image\" content=\"https:\/\/shop.bantam.ch\/wp-content\/uploads\/2023\/03\/9948596100.jpg\" \/>\n\t<meta property=\"og:image:width\" content=\"1000\" \/>\n\t<meta property=\"og:image:height\" content=\"744\" \/>\n\t<meta property=\"og:image:type\" content=\"image\/jpeg\" \/>\n<meta name=\"twitter:card\" content=\"summary_large_image\" \/>\n<meta name=\"twitter:label1\" content=\"Gesch\u00e4tzte Lesezeit\" \/>\n\t<meta name=\"twitter:data1\" content=\"1\u00a0Minute\" \/>\n<script type=\"application\/ld+json\" class=\"yoast-schema-graph\">{\"@context\":\"https:\\\/\\\/schema.org\",\"@graph\":[{\"@type\":\"WebPage\",\"@id\":\"https:\\\/\\\/shop.bantam.ch\\\/de\\\/produkt\\\/schraubhering-mit-kontermutter-peg-stop-heavy-dulty-4-stueck\\\/\",\"url\":\"https:\\\/\\\/shop.bantam.ch\\\/de\\\/produkt\\\/schraubhering-mit-kontermutter-peg-stop-heavy-dulty-4-stueck\\\/\",\"name\":\"Schraubhering Peggy Peg mit Kontermutter PEG &amp; STOP Heavy Duty Inhalt 4 St\u00fcck - Bantam\",\"isPartOf\":{\"@id\":\"https:\\\/\\\/shop.bantam.ch\\\/de\\\/#website\"},\"primaryImageOfPage\":{\"@id\":\"https:\\\/\\\/shop.bantam.ch\\\/de\\\/produkt\\\/schraubhering-mit-kontermutter-peg-stop-heavy-dulty-4-stueck\\\/#primaryimage\"},\"image\":{\"@id\":\"https:\\\/\\\/shop.bantam.ch\\\/de\\\/produkt\\\/schraubhering-mit-kontermutter-peg-stop-heavy-dulty-4-stueck\\\/#primaryimage\"},\"thumbnailUrl\":\"https:\\\/\\\/shop.bantam.ch\\\/wp-content\\\/uploads\\\/2023\\\/03\\\/9948596100.jpg\",\"datePublished\":\"2023-03-01T00:21:35+00:00\",\"dateModified\":\"2026-05-01T19:51:39+00:00\",\"breadcrumb\":{\"@id\":\"https:\\\/\\\/shop.bantam.ch\\\/de\\\/produkt\\\/schraubhering-mit-kontermutter-peg-stop-heavy-dulty-4-stueck\\\/#breadcrumb\"},\"inLanguage\":\"de\",\"potentialAction\":[{\"@type\":\"ReadAction\",\"target\":[\"https:\\\/\\\/shop.bantam.ch\\\/de\\\/produkt\\\/schraubhering-mit-kontermutter-peg-stop-heavy-dulty-4-stueck\\\/\"]}]},{\"@type\":\"ImageObject\",\"inLanguage\":\"de\",\"@id\":\"https:\\\/\\\/shop.bantam.ch\\\/de\\\/produkt\\\/schraubhering-mit-kontermutter-peg-stop-heavy-dulty-4-stueck\\\/#primaryimage\",\"url\":\"https:\\\/\\\/shop.bantam.ch\\\/wp-content\\\/uploads\\\/2023\\\/03\\\/9948596100.jpg\",\"contentUrl\":\"https:\\\/\\\/shop.bantam.ch\\\/wp-content\\\/uploads\\\/2023\\\/03\\\/9948596100.jpg\",\"width\":1000,\"height\":744},{\"@type\":\"BreadcrumbList\",\"@id\":\"https:\\\/\\\/shop.bantam.ch\\\/de\\\/produkt\\\/schraubhering-mit-kontermutter-peg-stop-heavy-dulty-4-stueck\\\/#breadcrumb\",\"itemListElement\":[{\"@type\":\"ListItem\",\"position\":1,\"name\":\"Accueil\",\"item\":\"https:\\\/\\\/shop.bantam.ch\\\/de\\\/\"},{\"@type\":\"ListItem\",\"position\":2,\"name\":\"Shop\",\"item\":\"https:\\\/\\\/shop.bantam.ch\\\/de\\\/shop\\\/\"},{\"@type\":\"ListItem\",\"position\":3,\"name\":\"Schraubhering Peggy Peg mit Kontermutter PEG &amp; STOP Heavy Duty Inhalt 4 St\u00fcck\"}]},{\"@type\":\"WebSite\",\"@id\":\"https:\\\/\\\/shop.bantam.ch\\\/de\\\/#website\",\"url\":\"https:\\\/\\\/shop.bantam.ch\\\/de\\\/\",\"name\":\"Bantam\",\"description\":\"\",\"publisher\":{\"@id\":\"https:\\\/\\\/shop.bantam.ch\\\/de\\\/#organization\"},\"inLanguage\":\"de\"},{\"@type\":\"Organization\",\"@id\":\"https:\\\/\\\/shop.bantam.ch\\\/de\\\/#organization\",\"name\":\"Bantam\",\"url\":\"https:\\\/\\\/shop.bantam.ch\\\/de\\\/\",\"logo\":{\"@type\":\"ImageObject\",\"inLanguage\":\"de\",\"@id\":\"https:\\\/\\\/shop.bantam.ch\\\/de\\\/#\\\/schema\\\/logo\\\/image\\\/\",\"url\":\"https:\\\/\\\/shop.bantam.ch\\\/wp-content\\\/uploads\\\/2022\\\/12\\\/bantam-logo.png\",\"contentUrl\":\"https:\\\/\\\/shop.bantam.ch\\\/wp-content\\\/uploads\\\/2022\\\/12\\\/bantam-logo.png\",\"width\":320,\"height\":71,\"caption\":\"Bantam\"},\"image\":{\"@id\":\"https:\\\/\\\/shop.bantam.ch\\\/de\\\/#\\\/schema\\\/logo\\\/image\\\/\"}}]}<\/script>\n<!-- \/ Yoast SEO plugin. -->","yoast_head_json":{"title":"Schraubhering Peggy Peg mit Kontermutter PEG &amp; STOP Heavy Duty Inhalt 4 St\u00fcck - Bantam","robots":{"index":"index","follow":"follow","max-snippet":"max-snippet:-1","max-image-preview":"max-image-preview:large","max-video-preview":"max-video-preview:-1"},"canonical":"https:\/\/shop.bantam.ch\/de\/produkt\/schraubhering-mit-kontermutter-peg-stop-heavy-dulty-4-stueck\/","og_locale":"de_DE","og_type":"article","og_title":"Schraubhering Peggy Peg mit Kontermutter PEG &amp; STOP Heavy Duty Inhalt 4 St\u00fcck - Bantam","og_description":"Peg&amp;Stop Heavy Duty ist unser st\u00e4rkster Schraubhering aus recyceltem Edelstahl in Marinequalit\u00e4t mit der neuen Kontermutter. Dieser Schraubhering wurde speziell f\u00fcr die Anwendung mit einem Schlag-Schrauber entwickelt und sollte auch damit verwendet werden (Ein Akku-Schrauber hat je nach Bodenbeschaffenheit nur bedingt Kraft). Konzipiert in erster Linie f\u00fcr hoch verdichtete, extrem harte und steinige B\u00f6den in [&hellip;]","og_url":"https:\/\/shop.bantam.ch\/de\/produkt\/schraubhering-mit-kontermutter-peg-stop-heavy-dulty-4-stueck\/","og_site_name":"Bantam","article_modified_time":"2026-05-01T19:51:39+00:00","og_image":[{"width":1000,"height":744,"url":"https:\/\/shop.bantam.ch\/wp-content\/uploads\/2023\/03\/9948596100.jpg","type":"image\/jpeg"}],"twitter_card":"summary_large_image","twitter_misc":{"Gesch\u00e4tzte Lesezeit":"1\u00a0Minute"},"schema":{"@context":"https:\/\/schema.org","@graph":[{"@type":"WebPage","@id":"https:\/\/shop.bantam.ch\/de\/produkt\/schraubhering-mit-kontermutter-peg-stop-heavy-dulty-4-stueck\/","url":"https:\/\/shop.bantam.ch\/de\/produkt\/schraubhering-mit-kontermutter-peg-stop-heavy-dulty-4-stueck\/","name":"Schraubhering Peggy Peg mit Kontermutter PEG &amp; STOP Heavy Duty Inhalt 4 St\u00fcck - Bantam","isPartOf":{"@id":"https:\/\/shop.bantam.ch\/de\/#website"},"primaryImageOfPage":{"@id":"https:\/\/shop.bantam.ch\/de\/produkt\/schraubhering-mit-kontermutter-peg-stop-heavy-dulty-4-stueck\/#primaryimage"},"image":{"@id":"https:\/\/shop.bantam.ch\/de\/produkt\/schraubhering-mit-kontermutter-peg-stop-heavy-dulty-4-stueck\/#primaryimage"},"thumbnailUrl":"https:\/\/shop.bantam.ch\/wp-content\/uploads\/2023\/03\/9948596100.jpg","datePublished":"2023-03-01T00:21:35+00:00","dateModified":"2026-05-01T19:51:39+00:00","breadcrumb":{"@id":"https:\/\/shop.bantam.ch\/de\/produkt\/schraubhering-mit-kontermutter-peg-stop-heavy-dulty-4-stueck\/#breadcrumb"},"inLanguage":"de","potentialAction":[{"@type":"ReadAction","target":["https:\/\/shop.bantam.ch\/de\/produkt\/schraubhering-mit-kontermutter-peg-stop-heavy-dulty-4-stueck\/"]}]},{"@type":"ImageObject","inLanguage":"de","@id":"https:\/\/shop.bantam.ch\/de\/produkt\/schraubhering-mit-kontermutter-peg-stop-heavy-dulty-4-stueck\/#primaryimage","url":"https:\/\/shop.bantam.ch\/wp-content\/uploads\/2023\/03\/9948596100.jpg","contentUrl":"https:\/\/shop.bantam.ch\/wp-content\/uploads\/2023\/03\/9948596100.jpg","width":1000,"height":744},{"@type":"BreadcrumbList","@id":"https:\/\/shop.bantam.ch\/de\/produkt\/schraubhering-mit-kontermutter-peg-stop-heavy-dulty-4-stueck\/#breadcrumb","itemListElement":[{"@type":"ListItem","position":1,"name":"Accueil","item":"https:\/\/shop.bantam.ch\/de\/"},{"@type":"ListItem","position":2,"name":"Shop","item":"https:\/\/shop.bantam.ch\/de\/shop\/"},{"@type":"ListItem","position":3,"name":"Schraubhering Peggy Peg mit Kontermutter PEG &amp; STOP Heavy Duty Inhalt 4 St\u00fcck"}]},{"@type":"WebSite","@id":"https:\/\/shop.bantam.ch\/de\/#website","url":"https:\/\/shop.bantam.ch\/de\/","name":"Bantam","description":"","publisher":{"@id":"https:\/\/shop.bantam.ch\/de\/#organization"},"inLanguage":"de"},{"@type":"Organization","@id":"https:\/\/shop.bantam.ch\/de\/#organization","name":"Bantam","url":"https:\/\/shop.bantam.ch\/de\/","logo":{"@type":"ImageObject","inLanguage":"de","@id":"https:\/\/shop.bantam.ch\/de\/#\/schema\/logo\/image\/","url":"https:\/\/shop.bantam.ch\/wp-content\/uploads\/2022\/12\/bantam-logo.png","contentUrl":"https:\/\/shop.bantam.ch\/wp-content\/uploads\/2022\/12\/bantam-logo.png","width":320,"height":71,"caption":"Bantam"},"image":{"@id":"https:\/\/shop.bantam.ch\/de\/#\/schema\/logo\/image\/"}}]}},"_links":{"self":[{"href":"https:\/\/shop.bantam.ch\/de\/wp-json\/wp\/v2\/product\/127491","targetHints":{"allow":["GET"]}}],"collection":[{"href":"https:\/\/shop.bantam.ch\/de\/wp-json\/wp\/v2\/product"}],"about":[{"href":"https:\/\/shop.bantam.ch\/de\/wp-json\/wp\/v2\/types\/product"}],"wp:featuredmedia":[{"embeddable":true,"href":"https:\/\/shop.bantam.ch\/de\/wp-json\/wp\/v2\/media\/127485"}],"wp:attachment":[{"href":"https:\/\/shop.bantam.ch\/de\/wp-json\/wp\/v2\/media?parent=127491"}],"wp:term":[{"taxonomy":"product_featured_cat","embeddable":true,"href":"https:\/\/shop.bantam.ch\/de\/wp-json\/wp\/v2\/product_featured_cat?post=127491"},{"taxonomy":"product_brand","embeddable":true,"href":"https:\/\/shop.bantam.ch\/de\/wp-json\/wp\/v2\/product_brand?post=127491"},{"taxonomy":"product_cat","embeddable":true,"href":"https:\/\/shop.bantam.ch\/de\/wp-json\/wp\/v2\/product_cat?post=127491"},{"taxonomy":"product_tag","embeddable":true,"href":"https:\/\/shop.bantam.ch\/de\/wp-json\/wp\/v2\/product_tag?post=127491"}],"curies":[{"name":"wp","href":"https:\/\/api.w.org\/{rel}","templated":true}]}}