{"id":127483,"date":"2023-03-01T01:21:28","date_gmt":"2023-03-01T00:21:28","guid":{"rendered":"https:\/\/shop.bantam.ch\/produit\/leiter-verlaengerung-54-cm-fuer-desert-dachzelt\/"},"modified":"2026-05-02T21:51:21","modified_gmt":"2026-05-02T19:51:21","slug":"leiter-verlaengerung-54-cm-fuer-desert-dachzelt","status":"publish","type":"product","link":"https:\/\/shop.bantam.ch\/de\/produkt\/leiter-verlaengerung-54-cm-fuer-desert-dachzelt\/","title":{"rendered":"Leiter Verl\u00e4ngerung horntools 54 cm f\u00fcr Desert Dachzelt"},"content":{"rendered":"<p>Die Verl\u00e4ngerung erweitert die Leiter von horntools um 54 cm. Diese wird ben\u00f6tigt, falls dein Dachzelt h\u00f6her\u00a0montiet wurde als 205 cm. Die Erweiterung kann ganz einfach an der originalen Leiter befestigt werden.\u00a0<br \/>Hinweis:\u00a0Die Leiterverl\u00e4ngerung passt nur zu den Leitern unserer Desert-Dachzelte und dem Trapper Joe Dachzelt.<\/p>\n<p>Material:<br \/>Aluminium<\/p>\n","protected":false},"excerpt":{"rendered":"<p>Die Verl\u00e4ngerung erweitert die Leiter von horntools um 54 cm. Diese wird ben\u00f6tigt, falls dein Dachzelt h\u00f6her\u00a0montiet wurde als 205 cm. Die Erweiterung kann ganz einfach an der originalen Leiter befestigt werden.\u00a0Hinweis:\u00a0Die Leiterverl\u00e4ngerung passt nur zu den Leitern unserer Desert-Dachzelte und dem Trapper Joe Dachzelt. Material:Aluminium<\/p>\n","protected":false},"featured_media":127481,"template":"","meta":{"_acf_changed":false},"product_featured_cat":[],"product_brand":[3509],"product_cat":[4244],"product_tag":[],"class_list":{"0":"post-127483","1":"product","2":"type-product","3":"status-publish","4":"has-post-thumbnail","6":"product_brand-horntools-de","7":"product_cat-dachzelte","9":"first","10":"instock","11":"taxable","12":"shipping-taxable","13":"purchasable","14":"product-type-simple"},"acf":[],"yoast_head":"<!-- This site is optimized with the Yoast SEO plugin v27.5 - https:\/\/yoast.com\/product\/yoast-seo-wordpress\/ -->\n<title>Leiter Verl\u00e4ngerung horntools 54 cm f\u00fcr Desert Dachzelt - Bantam<\/title>\n<meta name=\"robots\" content=\"index, follow, max-snippet:-1, max-image-preview:large, max-video-preview:-1\" \/>\n<link rel=\"canonical\" href=\"https:\/\/shop.bantam.ch\/de\/produkt\/leiter-verlaengerung-54-cm-fuer-desert-dachzelt\/\" \/>\n<meta property=\"og:locale\" content=\"de_DE\" \/>\n<meta property=\"og:type\" content=\"article\" \/>\n<meta property=\"og:title\" content=\"Leiter Verl\u00e4ngerung horntools 54 cm f\u00fcr Desert Dachzelt - Bantam\" \/>\n<meta property=\"og:description\" content=\"Die Verl\u00e4ngerung erweitert die Leiter von horntools um 54 cm. Diese wird ben\u00f6tigt, falls dein Dachzelt h\u00f6her\u00a0montiet wurde als 205 cm. Die Erweiterung kann ganz einfach an der originalen Leiter befestigt werden.\u00a0Hinweis:\u00a0Die Leiterverl\u00e4ngerung passt nur zu den Leitern unserer Desert-Dachzelte und dem Trapper Joe Dachzelt. Material:Aluminium\" \/>\n<meta property=\"og:url\" content=\"https:\/\/shop.bantam.ch\/de\/produkt\/leiter-verlaengerung-54-cm-fuer-desert-dachzelt\/\" \/>\n<meta property=\"og:site_name\" content=\"Bantam\" \/>\n<meta property=\"article:modified_time\" content=\"2026-05-02T19:51:21+00:00\" \/>\n<meta property=\"og:image\" content=\"https:\/\/shop.bantam.ch\/wp-content\/uploads\/2023\/03\/9934245100-scaled.jpg\" \/>\n\t<meta property=\"og:image:width\" content=\"3248\" \/>\n\t<meta property=\"og:image:height\" content=\"6000\" \/>\n\t<meta property=\"og:image:type\" content=\"image\/jpeg\" \/>\n<meta name=\"twitter:card\" content=\"summary_large_image\" \/>\n<script type=\"application\/ld+json\" class=\"yoast-schema-graph\">{\"@context\":\"https:\\\/\\\/schema.org\",\"@graph\":[{\"@type\":\"WebPage\",\"@id\":\"https:\\\/\\\/shop.bantam.ch\\\/de\\\/produkt\\\/leiter-verlaengerung-54-cm-fuer-desert-dachzelt\\\/\",\"url\":\"https:\\\/\\\/shop.bantam.ch\\\/de\\\/produkt\\\/leiter-verlaengerung-54-cm-fuer-desert-dachzelt\\\/\",\"name\":\"Leiter Verl\u00e4ngerung horntools 54 cm f\u00fcr Desert Dachzelt - Bantam\",\"isPartOf\":{\"@id\":\"https:\\\/\\\/shop.bantam.ch\\\/de\\\/#website\"},\"primaryImageOfPage\":{\"@id\":\"https:\\\/\\\/shop.bantam.ch\\\/de\\\/produkt\\\/leiter-verlaengerung-54-cm-fuer-desert-dachzelt\\\/#primaryimage\"},\"image\":{\"@id\":\"https:\\\/\\\/shop.bantam.ch\\\/de\\\/produkt\\\/leiter-verlaengerung-54-cm-fuer-desert-dachzelt\\\/#primaryimage\"},\"thumbnailUrl\":\"https:\\\/\\\/shop.bantam.ch\\\/wp-content\\\/uploads\\\/2023\\\/03\\\/9934245100-scaled.jpg\",\"datePublished\":\"2023-03-01T00:21:28+00:00\",\"dateModified\":\"2026-05-02T19:51:21+00:00\",\"breadcrumb\":{\"@id\":\"https:\\\/\\\/shop.bantam.ch\\\/de\\\/produkt\\\/leiter-verlaengerung-54-cm-fuer-desert-dachzelt\\\/#breadcrumb\"},\"inLanguage\":\"de\",\"potentialAction\":[{\"@type\":\"ReadAction\",\"target\":[\"https:\\\/\\\/shop.bantam.ch\\\/de\\\/produkt\\\/leiter-verlaengerung-54-cm-fuer-desert-dachzelt\\\/\"]}]},{\"@type\":\"ImageObject\",\"inLanguage\":\"de\",\"@id\":\"https:\\\/\\\/shop.bantam.ch\\\/de\\\/produkt\\\/leiter-verlaengerung-54-cm-fuer-desert-dachzelt\\\/#primaryimage\",\"url\":\"https:\\\/\\\/shop.bantam.ch\\\/wp-content\\\/uploads\\\/2023\\\/03\\\/9934245100-scaled.jpg\",\"contentUrl\":\"https:\\\/\\\/shop.bantam.ch\\\/wp-content\\\/uploads\\\/2023\\\/03\\\/9934245100-scaled.jpg\",\"width\":1109,\"height\":2048},{\"@type\":\"BreadcrumbList\",\"@id\":\"https:\\\/\\\/shop.bantam.ch\\\/de\\\/produkt\\\/leiter-verlaengerung-54-cm-fuer-desert-dachzelt\\\/#breadcrumb\",\"itemListElement\":[{\"@type\":\"ListItem\",\"position\":1,\"name\":\"Accueil\",\"item\":\"https:\\\/\\\/shop.bantam.ch\\\/de\\\/\"},{\"@type\":\"ListItem\",\"position\":2,\"name\":\"Shop\",\"item\":\"https:\\\/\\\/shop.bantam.ch\\\/de\\\/shop\\\/\"},{\"@type\":\"ListItem\",\"position\":3,\"name\":\"Leiter Verl\u00e4ngerung horntools 54 cm f\u00fcr Desert Dachzelt\"}]},{\"@type\":\"WebSite\",\"@id\":\"https:\\\/\\\/shop.bantam.ch\\\/de\\\/#website\",\"url\":\"https:\\\/\\\/shop.bantam.ch\\\/de\\\/\",\"name\":\"Bantam\",\"description\":\"\",\"publisher\":{\"@id\":\"https:\\\/\\\/shop.bantam.ch\\\/de\\\/#organization\"},\"inLanguage\":\"de\"},{\"@type\":\"Organization\",\"@id\":\"https:\\\/\\\/shop.bantam.ch\\\/de\\\/#organization\",\"name\":\"Bantam\",\"url\":\"https:\\\/\\\/shop.bantam.ch\\\/de\\\/\",\"logo\":{\"@type\":\"ImageObject\",\"inLanguage\":\"de\",\"@id\":\"https:\\\/\\\/shop.bantam.ch\\\/de\\\/#\\\/schema\\\/logo\\\/image\\\/\",\"url\":\"https:\\\/\\\/shop.bantam.ch\\\/wp-content\\\/uploads\\\/2022\\\/12\\\/bantam-logo.png\",\"contentUrl\":\"https:\\\/\\\/shop.bantam.ch\\\/wp-content\\\/uploads\\\/2022\\\/12\\\/bantam-logo.png\",\"width\":320,\"height\":71,\"caption\":\"Bantam\"},\"image\":{\"@id\":\"https:\\\/\\\/shop.bantam.ch\\\/de\\\/#\\\/schema\\\/logo\\\/image\\\/\"}}]}<\/script>\n<!-- \/ Yoast SEO plugin. -->","yoast_head_json":{"title":"Leiter Verl\u00e4ngerung horntools 54 cm f\u00fcr Desert Dachzelt - Bantam","robots":{"index":"index","follow":"follow","max-snippet":"max-snippet:-1","max-image-preview":"max-image-preview:large","max-video-preview":"max-video-preview:-1"},"canonical":"https:\/\/shop.bantam.ch\/de\/produkt\/leiter-verlaengerung-54-cm-fuer-desert-dachzelt\/","og_locale":"de_DE","og_type":"article","og_title":"Leiter Verl\u00e4ngerung horntools 54 cm f\u00fcr Desert Dachzelt - Bantam","og_description":"Die Verl\u00e4ngerung erweitert die Leiter von horntools um 54 cm. Diese wird ben\u00f6tigt, falls dein Dachzelt h\u00f6her\u00a0montiet wurde als 205 cm. Die Erweiterung kann ganz einfach an der originalen Leiter befestigt werden.\u00a0Hinweis:\u00a0Die Leiterverl\u00e4ngerung passt nur zu den Leitern unserer Desert-Dachzelte und dem Trapper Joe Dachzelt. Material:Aluminium","og_url":"https:\/\/shop.bantam.ch\/de\/produkt\/leiter-verlaengerung-54-cm-fuer-desert-dachzelt\/","og_site_name":"Bantam","article_modified_time":"2026-05-02T19:51:21+00:00","og_image":[{"width":3248,"height":6000,"url":"https:\/\/shop.bantam.ch\/wp-content\/uploads\/2023\/03\/9934245100-scaled.jpg","type":"image\/jpeg"}],"twitter_card":"summary_large_image","schema":{"@context":"https:\/\/schema.org","@graph":[{"@type":"WebPage","@id":"https:\/\/shop.bantam.ch\/de\/produkt\/leiter-verlaengerung-54-cm-fuer-desert-dachzelt\/","url":"https:\/\/shop.bantam.ch\/de\/produkt\/leiter-verlaengerung-54-cm-fuer-desert-dachzelt\/","name":"Leiter Verl\u00e4ngerung horntools 54 cm f\u00fcr Desert Dachzelt - Bantam","isPartOf":{"@id":"https:\/\/shop.bantam.ch\/de\/#website"},"primaryImageOfPage":{"@id":"https:\/\/shop.bantam.ch\/de\/produkt\/leiter-verlaengerung-54-cm-fuer-desert-dachzelt\/#primaryimage"},"image":{"@id":"https:\/\/shop.bantam.ch\/de\/produkt\/leiter-verlaengerung-54-cm-fuer-desert-dachzelt\/#primaryimage"},"thumbnailUrl":"https:\/\/shop.bantam.ch\/wp-content\/uploads\/2023\/03\/9934245100-scaled.jpg","datePublished":"2023-03-01T00:21:28+00:00","dateModified":"2026-05-02T19:51:21+00:00","breadcrumb":{"@id":"https:\/\/shop.bantam.ch\/de\/produkt\/leiter-verlaengerung-54-cm-fuer-desert-dachzelt\/#breadcrumb"},"inLanguage":"de","potentialAction":[{"@type":"ReadAction","target":["https:\/\/shop.bantam.ch\/de\/produkt\/leiter-verlaengerung-54-cm-fuer-desert-dachzelt\/"]}]},{"@type":"ImageObject","inLanguage":"de","@id":"https:\/\/shop.bantam.ch\/de\/produkt\/leiter-verlaengerung-54-cm-fuer-desert-dachzelt\/#primaryimage","url":"https:\/\/shop.bantam.ch\/wp-content\/uploads\/2023\/03\/9934245100-scaled.jpg","contentUrl":"https:\/\/shop.bantam.ch\/wp-content\/uploads\/2023\/03\/9934245100-scaled.jpg","width":1109,"height":2048},{"@type":"BreadcrumbList","@id":"https:\/\/shop.bantam.ch\/de\/produkt\/leiter-verlaengerung-54-cm-fuer-desert-dachzelt\/#breadcrumb","itemListElement":[{"@type":"ListItem","position":1,"name":"Accueil","item":"https:\/\/shop.bantam.ch\/de\/"},{"@type":"ListItem","position":2,"name":"Shop","item":"https:\/\/shop.bantam.ch\/de\/shop\/"},{"@type":"ListItem","position":3,"name":"Leiter Verl\u00e4ngerung horntools 54 cm f\u00fcr Desert Dachzelt"}]},{"@type":"WebSite","@id":"https:\/\/shop.bantam.ch\/de\/#website","url":"https:\/\/shop.bantam.ch\/de\/","name":"Bantam","description":"","publisher":{"@id":"https:\/\/shop.bantam.ch\/de\/#organization"},"inLanguage":"de"},{"@type":"Organization","@id":"https:\/\/shop.bantam.ch\/de\/#organization","name":"Bantam","url":"https:\/\/shop.bantam.ch\/de\/","logo":{"@type":"ImageObject","inLanguage":"de","@id":"https:\/\/shop.bantam.ch\/de\/#\/schema\/logo\/image\/","url":"https:\/\/shop.bantam.ch\/wp-content\/uploads\/2022\/12\/bantam-logo.png","contentUrl":"https:\/\/shop.bantam.ch\/wp-content\/uploads\/2022\/12\/bantam-logo.png","width":320,"height":71,"caption":"Bantam"},"image":{"@id":"https:\/\/shop.bantam.ch\/de\/#\/schema\/logo\/image\/"}}]}},"_links":{"self":[{"href":"https:\/\/shop.bantam.ch\/de\/wp-json\/wp\/v2\/product\/127483","targetHints":{"allow":["GET"]}}],"collection":[{"href":"https:\/\/shop.bantam.ch\/de\/wp-json\/wp\/v2\/product"}],"about":[{"href":"https:\/\/shop.bantam.ch\/de\/wp-json\/wp\/v2\/types\/product"}],"wp:featuredmedia":[{"embeddable":true,"href":"https:\/\/shop.bantam.ch\/de\/wp-json\/wp\/v2\/media\/127481"}],"wp:attachment":[{"href":"https:\/\/shop.bantam.ch\/de\/wp-json\/wp\/v2\/media?parent=127483"}],"wp:term":[{"taxonomy":"product_featured_cat","embeddable":true,"href":"https:\/\/shop.bantam.ch\/de\/wp-json\/wp\/v2\/product_featured_cat?post=127483"},{"taxonomy":"product_brand","embeddable":true,"href":"https:\/\/shop.bantam.ch\/de\/wp-json\/wp\/v2\/product_brand?post=127483"},{"taxonomy":"product_cat","embeddable":true,"href":"https:\/\/shop.bantam.ch\/de\/wp-json\/wp\/v2\/product_cat?post=127483"},{"taxonomy":"product_tag","embeddable":true,"href":"https:\/\/shop.bantam.ch\/de\/wp-json\/wp\/v2\/product_tag?post=127483"}],"curies":[{"name":"wp","href":"https:\/\/api.w.org\/{rel}","templated":true}]}}