{"id":127460,"date":"2023-03-01T01:20:45","date_gmt":"2023-03-01T00:20:45","guid":{"rendered":"https:\/\/shop.bantam.ch\/produit\/innenzelt-thermo-fuer-dachzelt-desert-i-grau\/"},"modified":"2026-05-02T23:42:04","modified_gmt":"2026-05-02T21:42:04","slug":"innenzelt-thermo-fuer-dachzelt-desert-i-grau","status":"publish","type":"product","link":"https:\/\/shop.bantam.ch\/de\/produkt\/innenzelt-thermo-fuer-dachzelt-desert-i-grau\/","title":{"rendered":"Innenzelt Thermo f\u00fcr Dachzelt Desert I, grau"},"content":{"rendered":"<p>Du m\u00f6chtest ganzj\u00e4hrig mit deinem Dachzelt unterwegs sein, hast aber keine Heizung\u00a0oder m\u00f6chtest auch keine?\u00a0Dann ist das neue Thermo Innenzelt genau das Richtige f\u00fcr dich!\u00a0Ganz einfach kann die Isolierung im Inneren des Dachzeltes eingeh\u00e4ngt werden.\u00a0Durch die Rei\u00dfverschl\u00fcsse k\u00f6nnen die Fenster trotzdem zum L\u00fcften ge\u00f6ffnet werden und\u00a0es geht kein Komfort im Zelt verloren.\u00a0Die Thermo Isolation ist passend f\u00fcr das nentsprechende Desert Dachzelt.\u00a0Dein idealer Begleiter f\u00fcr kalte Regionen.\u00a0Wenn man die Isolierung im Zelt lassen m\u00f6chte, ist beim Zusammenfalten etwas mehr\u00a0Sorgfalt n\u00f6tig und es ist zu beachten, dass die Bettw\u00e4sche somit keinen Platz mehr darin findet.<\/p>\n<p>Material:<br \/>65% Baumwolle, 35% Polyester<\/p>\n","protected":false},"excerpt":{"rendered":"<p>Du m\u00f6chtest ganzj\u00e4hrig mit deinem Dachzelt unterwegs sein, hast aber keine Heizung\u00a0oder m\u00f6chtest auch keine?\u00a0Dann ist das neue Thermo Innenzelt genau das Richtige f\u00fcr dich!\u00a0Ganz einfach kann die Isolierung im Inneren des Dachzeltes eingeh\u00e4ngt werden.\u00a0Durch die Rei\u00dfverschl\u00fcsse k\u00f6nnen die Fenster trotzdem zum L\u00fcften ge\u00f6ffnet werden und\u00a0es geht kein Komfort im Zelt verloren.\u00a0Die Thermo Isolation ist [&hellip;]<\/p>\n","protected":false},"featured_media":127403,"template":"","meta":{"_acf_changed":false},"product_featured_cat":[],"product_brand":[3509],"product_cat":[4244],"product_tag":[],"class_list":{"0":"post-127460","1":"product","2":"type-product","3":"status-publish","4":"has-post-thumbnail","6":"product_brand-horntools-de","7":"product_cat-dachzelte","9":"first","10":"instock","11":"taxable","12":"shipping-taxable","13":"purchasable","14":"product-type-variable"},"acf":[],"yoast_head":"<!-- This site is optimized with the Yoast SEO plugin v27.5 - https:\/\/yoast.com\/product\/yoast-seo-wordpress\/ -->\n<title>Innenzelt Thermo f\u00fcr Dachzelt Desert I, grau - Bantam<\/title>\n<meta name=\"robots\" content=\"index, follow, max-snippet:-1, max-image-preview:large, max-video-preview:-1\" \/>\n<link rel=\"canonical\" href=\"https:\/\/shop.bantam.ch\/de\/produkt\/innenzelt-thermo-fuer-dachzelt-desert-i-grau\/\" \/>\n<meta property=\"og:locale\" content=\"de_DE\" \/>\n<meta property=\"og:type\" content=\"article\" \/>\n<meta property=\"og:title\" content=\"Innenzelt Thermo f\u00fcr Dachzelt Desert I, grau - Bantam\" \/>\n<meta property=\"og:description\" content=\"Du m\u00f6chtest ganzj\u00e4hrig mit deinem Dachzelt unterwegs sein, hast aber keine Heizung\u00a0oder m\u00f6chtest auch keine?\u00a0Dann ist das neue Thermo Innenzelt genau das Richtige f\u00fcr dich!\u00a0Ganz einfach kann die Isolierung im Inneren des Dachzeltes eingeh\u00e4ngt werden.\u00a0Durch die Rei\u00dfverschl\u00fcsse k\u00f6nnen die Fenster trotzdem zum L\u00fcften ge\u00f6ffnet werden und\u00a0es geht kein Komfort im Zelt verloren.\u00a0Die Thermo Isolation ist [&hellip;]\" \/>\n<meta property=\"og:url\" content=\"https:\/\/shop.bantam.ch\/de\/produkt\/innenzelt-thermo-fuer-dachzelt-desert-i-grau\/\" \/>\n<meta property=\"og:site_name\" content=\"Bantam\" \/>\n<meta property=\"article:modified_time\" content=\"2026-05-02T21:42:04+00:00\" \/>\n<meta property=\"og:image\" content=\"https:\/\/shop.bantam.ch\/wp-content\/uploads\/2023\/03\/9970607100.png\" \/>\n\t<meta property=\"og:image:width\" content=\"550\" \/>\n\t<meta property=\"og:image:height\" content=\"400\" \/>\n\t<meta property=\"og:image:type\" content=\"image\/png\" \/>\n<meta name=\"twitter:card\" content=\"summary_large_image\" \/>\n<meta name=\"twitter:label1\" content=\"Gesch\u00e4tzte Lesezeit\" \/>\n\t<meta name=\"twitter:data1\" content=\"1\u00a0Minute\" \/>\n<script type=\"application\/ld+json\" class=\"yoast-schema-graph\">{\"@context\":\"https:\\\/\\\/schema.org\",\"@graph\":[{\"@type\":\"WebPage\",\"@id\":\"https:\\\/\\\/shop.bantam.ch\\\/de\\\/produkt\\\/innenzelt-thermo-fuer-dachzelt-desert-i-grau\\\/\",\"url\":\"https:\\\/\\\/shop.bantam.ch\\\/de\\\/produkt\\\/innenzelt-thermo-fuer-dachzelt-desert-i-grau\\\/\",\"name\":\"Innenzelt Thermo f\u00fcr Dachzelt Desert I, grau - Bantam\",\"isPartOf\":{\"@id\":\"https:\\\/\\\/shop.bantam.ch\\\/de\\\/#website\"},\"primaryImageOfPage\":{\"@id\":\"https:\\\/\\\/shop.bantam.ch\\\/de\\\/produkt\\\/innenzelt-thermo-fuer-dachzelt-desert-i-grau\\\/#primaryimage\"},\"image\":{\"@id\":\"https:\\\/\\\/shop.bantam.ch\\\/de\\\/produkt\\\/innenzelt-thermo-fuer-dachzelt-desert-i-grau\\\/#primaryimage\"},\"thumbnailUrl\":\"https:\\\/\\\/shop.bantam.ch\\\/wp-content\\\/uploads\\\/2023\\\/03\\\/9970607100.png\",\"datePublished\":\"2023-03-01T00:20:45+00:00\",\"dateModified\":\"2026-05-02T21:42:04+00:00\",\"breadcrumb\":{\"@id\":\"https:\\\/\\\/shop.bantam.ch\\\/de\\\/produkt\\\/innenzelt-thermo-fuer-dachzelt-desert-i-grau\\\/#breadcrumb\"},\"inLanguage\":\"de\",\"potentialAction\":[{\"@type\":\"ReadAction\",\"target\":[\"https:\\\/\\\/shop.bantam.ch\\\/de\\\/produkt\\\/innenzelt-thermo-fuer-dachzelt-desert-i-grau\\\/\"]}]},{\"@type\":\"ImageObject\",\"inLanguage\":\"de\",\"@id\":\"https:\\\/\\\/shop.bantam.ch\\\/de\\\/produkt\\\/innenzelt-thermo-fuer-dachzelt-desert-i-grau\\\/#primaryimage\",\"url\":\"https:\\\/\\\/shop.bantam.ch\\\/wp-content\\\/uploads\\\/2023\\\/03\\\/9970607100.png\",\"contentUrl\":\"https:\\\/\\\/shop.bantam.ch\\\/wp-content\\\/uploads\\\/2023\\\/03\\\/9970607100.png\",\"width\":550,\"height\":400},{\"@type\":\"BreadcrumbList\",\"@id\":\"https:\\\/\\\/shop.bantam.ch\\\/de\\\/produkt\\\/innenzelt-thermo-fuer-dachzelt-desert-i-grau\\\/#breadcrumb\",\"itemListElement\":[{\"@type\":\"ListItem\",\"position\":1,\"name\":\"Accueil\",\"item\":\"https:\\\/\\\/shop.bantam.ch\\\/de\\\/\"},{\"@type\":\"ListItem\",\"position\":2,\"name\":\"Shop\",\"item\":\"https:\\\/\\\/shop.bantam.ch\\\/de\\\/shop\\\/\"},{\"@type\":\"ListItem\",\"position\":3,\"name\":\"Innenzelt Thermo f\u00fcr Dachzelt Desert I, grau\"}]},{\"@type\":\"WebSite\",\"@id\":\"https:\\\/\\\/shop.bantam.ch\\\/de\\\/#website\",\"url\":\"https:\\\/\\\/shop.bantam.ch\\\/de\\\/\",\"name\":\"Bantam\",\"description\":\"\",\"publisher\":{\"@id\":\"https:\\\/\\\/shop.bantam.ch\\\/de\\\/#organization\"},\"inLanguage\":\"de\"},{\"@type\":\"Organization\",\"@id\":\"https:\\\/\\\/shop.bantam.ch\\\/de\\\/#organization\",\"name\":\"Bantam\",\"url\":\"https:\\\/\\\/shop.bantam.ch\\\/de\\\/\",\"logo\":{\"@type\":\"ImageObject\",\"inLanguage\":\"de\",\"@id\":\"https:\\\/\\\/shop.bantam.ch\\\/de\\\/#\\\/schema\\\/logo\\\/image\\\/\",\"url\":\"https:\\\/\\\/shop.bantam.ch\\\/wp-content\\\/uploads\\\/2022\\\/12\\\/bantam-logo.png\",\"contentUrl\":\"https:\\\/\\\/shop.bantam.ch\\\/wp-content\\\/uploads\\\/2022\\\/12\\\/bantam-logo.png\",\"width\":320,\"height\":71,\"caption\":\"Bantam\"},\"image\":{\"@id\":\"https:\\\/\\\/shop.bantam.ch\\\/de\\\/#\\\/schema\\\/logo\\\/image\\\/\"}}]}<\/script>\n<!-- \/ Yoast SEO plugin. -->","yoast_head_json":{"title":"Innenzelt Thermo f\u00fcr Dachzelt Desert I, grau - Bantam","robots":{"index":"index","follow":"follow","max-snippet":"max-snippet:-1","max-image-preview":"max-image-preview:large","max-video-preview":"max-video-preview:-1"},"canonical":"https:\/\/shop.bantam.ch\/de\/produkt\/innenzelt-thermo-fuer-dachzelt-desert-i-grau\/","og_locale":"de_DE","og_type":"article","og_title":"Innenzelt Thermo f\u00fcr Dachzelt Desert I, grau - Bantam","og_description":"Du m\u00f6chtest ganzj\u00e4hrig mit deinem Dachzelt unterwegs sein, hast aber keine Heizung\u00a0oder m\u00f6chtest auch keine?\u00a0Dann ist das neue Thermo Innenzelt genau das Richtige f\u00fcr dich!\u00a0Ganz einfach kann die Isolierung im Inneren des Dachzeltes eingeh\u00e4ngt werden.\u00a0Durch die Rei\u00dfverschl\u00fcsse k\u00f6nnen die Fenster trotzdem zum L\u00fcften ge\u00f6ffnet werden und\u00a0es geht kein Komfort im Zelt verloren.\u00a0Die Thermo Isolation ist [&hellip;]","og_url":"https:\/\/shop.bantam.ch\/de\/produkt\/innenzelt-thermo-fuer-dachzelt-desert-i-grau\/","og_site_name":"Bantam","article_modified_time":"2026-05-02T21:42:04+00:00","og_image":[{"width":550,"height":400,"url":"https:\/\/shop.bantam.ch\/wp-content\/uploads\/2023\/03\/9970607100.png","type":"image\/png"}],"twitter_card":"summary_large_image","twitter_misc":{"Gesch\u00e4tzte Lesezeit":"1\u00a0Minute"},"schema":{"@context":"https:\/\/schema.org","@graph":[{"@type":"WebPage","@id":"https:\/\/shop.bantam.ch\/de\/produkt\/innenzelt-thermo-fuer-dachzelt-desert-i-grau\/","url":"https:\/\/shop.bantam.ch\/de\/produkt\/innenzelt-thermo-fuer-dachzelt-desert-i-grau\/","name":"Innenzelt Thermo f\u00fcr Dachzelt Desert I, grau - Bantam","isPartOf":{"@id":"https:\/\/shop.bantam.ch\/de\/#website"},"primaryImageOfPage":{"@id":"https:\/\/shop.bantam.ch\/de\/produkt\/innenzelt-thermo-fuer-dachzelt-desert-i-grau\/#primaryimage"},"image":{"@id":"https:\/\/shop.bantam.ch\/de\/produkt\/innenzelt-thermo-fuer-dachzelt-desert-i-grau\/#primaryimage"},"thumbnailUrl":"https:\/\/shop.bantam.ch\/wp-content\/uploads\/2023\/03\/9970607100.png","datePublished":"2023-03-01T00:20:45+00:00","dateModified":"2026-05-02T21:42:04+00:00","breadcrumb":{"@id":"https:\/\/shop.bantam.ch\/de\/produkt\/innenzelt-thermo-fuer-dachzelt-desert-i-grau\/#breadcrumb"},"inLanguage":"de","potentialAction":[{"@type":"ReadAction","target":["https:\/\/shop.bantam.ch\/de\/produkt\/innenzelt-thermo-fuer-dachzelt-desert-i-grau\/"]}]},{"@type":"ImageObject","inLanguage":"de","@id":"https:\/\/shop.bantam.ch\/de\/produkt\/innenzelt-thermo-fuer-dachzelt-desert-i-grau\/#primaryimage","url":"https:\/\/shop.bantam.ch\/wp-content\/uploads\/2023\/03\/9970607100.png","contentUrl":"https:\/\/shop.bantam.ch\/wp-content\/uploads\/2023\/03\/9970607100.png","width":550,"height":400},{"@type":"BreadcrumbList","@id":"https:\/\/shop.bantam.ch\/de\/produkt\/innenzelt-thermo-fuer-dachzelt-desert-i-grau\/#breadcrumb","itemListElement":[{"@type":"ListItem","position":1,"name":"Accueil","item":"https:\/\/shop.bantam.ch\/de\/"},{"@type":"ListItem","position":2,"name":"Shop","item":"https:\/\/shop.bantam.ch\/de\/shop\/"},{"@type":"ListItem","position":3,"name":"Innenzelt Thermo f\u00fcr Dachzelt Desert I, grau"}]},{"@type":"WebSite","@id":"https:\/\/shop.bantam.ch\/de\/#website","url":"https:\/\/shop.bantam.ch\/de\/","name":"Bantam","description":"","publisher":{"@id":"https:\/\/shop.bantam.ch\/de\/#organization"},"inLanguage":"de"},{"@type":"Organization","@id":"https:\/\/shop.bantam.ch\/de\/#organization","name":"Bantam","url":"https:\/\/shop.bantam.ch\/de\/","logo":{"@type":"ImageObject","inLanguage":"de","@id":"https:\/\/shop.bantam.ch\/de\/#\/schema\/logo\/image\/","url":"https:\/\/shop.bantam.ch\/wp-content\/uploads\/2022\/12\/bantam-logo.png","contentUrl":"https:\/\/shop.bantam.ch\/wp-content\/uploads\/2022\/12\/bantam-logo.png","width":320,"height":71,"caption":"Bantam"},"image":{"@id":"https:\/\/shop.bantam.ch\/de\/#\/schema\/logo\/image\/"}}]}},"_links":{"self":[{"href":"https:\/\/shop.bantam.ch\/de\/wp-json\/wp\/v2\/product\/127460","targetHints":{"allow":["GET"]}}],"collection":[{"href":"https:\/\/shop.bantam.ch\/de\/wp-json\/wp\/v2\/product"}],"about":[{"href":"https:\/\/shop.bantam.ch\/de\/wp-json\/wp\/v2\/types\/product"}],"wp:featuredmedia":[{"embeddable":true,"href":"https:\/\/shop.bantam.ch\/de\/wp-json\/wp\/v2\/media\/127403"}],"wp:attachment":[{"href":"https:\/\/shop.bantam.ch\/de\/wp-json\/wp\/v2\/media?parent=127460"}],"wp:term":[{"taxonomy":"product_featured_cat","embeddable":true,"href":"https:\/\/shop.bantam.ch\/de\/wp-json\/wp\/v2\/product_featured_cat?post=127460"},{"taxonomy":"product_brand","embeddable":true,"href":"https:\/\/shop.bantam.ch\/de\/wp-json\/wp\/v2\/product_brand?post=127460"},{"taxonomy":"product_cat","embeddable":true,"href":"https:\/\/shop.bantam.ch\/de\/wp-json\/wp\/v2\/product_cat?post=127460"},{"taxonomy":"product_tag","embeddable":true,"href":"https:\/\/shop.bantam.ch\/de\/wp-json\/wp\/v2\/product_tag?post=127460"}],"curies":[{"name":"wp","href":"https:\/\/api.w.org\/{rel}","templated":true}]}}