{"id":127343,"date":"2023-03-01T01:19:27","date_gmt":"2023-03-01T00:19:27","guid":{"rendered":"https:\/\/shop.bantam.ch\/produit\/dachtraegersystem-smartclamp-system-short\/"},"modified":"2026-04-18T21:54:00","modified_gmt":"2026-04-18T19:54:00","slug":"dachtraegersystem-smartclamp-system-short","status":"publish","type":"product","link":"https:\/\/shop.bantam.ch\/de\/produkt\/dachtraegersystem-smartclamp-system-short\/","title":{"rendered":"Dachtr\u00e4gersystem THULE SmartClamp System Short"},"content":{"rendered":"<p>Flexible Dachtr\u00e4gerl\u00f6sung f\u00fcr Vans mit Zubeh\u00f6r. Montage 10 cm vom Rand nach innen auf dem Dach.\u00a0Passend f\u00fcr Dachzubeh\u00f6r und Dachtr\u00e4ger f\u00fcr Sportausr\u00fcstung (muss separat gekauft werden).<\/p>\n<p>&#8211; Geeignet f\u00fcr H2 Ducato | Jumper | Boxer | Movano ab Baujahr 2022<br \/>&#8211; Tr\u00e4gt bis zu 100 kg auf Ihrem Dach.<br \/>&#8211; Einfache Montage ohne Bohren durch Befestigung der SmartClamps an 4 der Befestigungspunkte des Vans und der Markisenverbindung am Markisenadapter<br \/>&#8211; Wichtig: Das Dach des Vans muss 10 cm von den Befestigungspunkten nach innen frei von Hindernissen sein.<br \/>&#8211; Kompatibel mit dem Thule Omnistor 6300 Paket (muss separat gekauft werden)<br \/>&#8211; Kompatibel mit einer Thule Markise, montiert mit dem Thule Ducato Adapter &gt; 2017 (301649\/301650)<\/p>\n<p>Lieferumfang:<br \/>2 x Basisschienen, 1.64 m<br \/>4 x SmartClamps<br \/>2 x Markisenanschlussplatten<br \/>Befestigungsmaterial<\/p>\n","protected":false},"excerpt":{"rendered":"<p>Flexible Dachtr\u00e4gerl\u00f6sung f\u00fcr Vans mit Zubeh\u00f6r. Montage 10 cm vom Rand nach innen auf dem Dach.\u00a0Passend f\u00fcr Dachzubeh\u00f6r und Dachtr\u00e4ger f\u00fcr Sportausr\u00fcstung (muss separat gekauft werden). &#8211; Geeignet f\u00fcr H2 Ducato | Jumper | Boxer | Movano ab Baujahr 2022&#8211; Tr\u00e4gt bis zu 100 kg auf Ihrem Dach.&#8211; Einfache Montage ohne Bohren durch Befestigung der [&hellip;]<\/p>\n","protected":false},"featured_media":127339,"template":"","meta":{"_acf_changed":false},"product_featured_cat":[],"product_brand":[3047],"product_cat":[4798],"product_tag":[],"class_list":{"0":"post-127343","1":"product","2":"type-product","3":"status-publish","4":"has-post-thumbnail","6":"product_brand-thule-de","7":"product_cat-dachrelinge-traeger","9":"first","10":"instock","11":"taxable","12":"shipping-taxable","13":"purchasable","14":"product-type-simple"},"acf":[],"yoast_head":"<!-- This site is optimized with the Yoast SEO plugin v27.4 - https:\/\/yoast.com\/product\/yoast-seo-wordpress\/ -->\n<title>Dachtr\u00e4gersystem THULE SmartClamp System Short - Bantam Camping AG<\/title>\n<meta name=\"robots\" content=\"index, follow, max-snippet:-1, max-image-preview:large, max-video-preview:-1\" \/>\n<link rel=\"canonical\" href=\"https:\/\/shop.bantam.ch\/de\/produkt\/dachtraegersystem-smartclamp-system-short\/\" \/>\n<meta property=\"og:locale\" content=\"de_DE\" \/>\n<meta property=\"og:type\" content=\"article\" \/>\n<meta property=\"og:title\" content=\"Dachtr\u00e4gersystem THULE SmartClamp System Short - Bantam Camping AG\" \/>\n<meta property=\"og:description\" content=\"Flexible Dachtr\u00e4gerl\u00f6sung f\u00fcr Vans mit Zubeh\u00f6r. Montage 10 cm vom Rand nach innen auf dem Dach.\u00a0Passend f\u00fcr Dachzubeh\u00f6r und Dachtr\u00e4ger f\u00fcr Sportausr\u00fcstung (muss separat gekauft werden). &#8211; Geeignet f\u00fcr H2 Ducato | Jumper | Boxer | Movano ab Baujahr 2022&#8211; Tr\u00e4gt bis zu 100 kg auf Ihrem Dach.&#8211; Einfache Montage ohne Bohren durch Befestigung der [&hellip;]\" \/>\n<meta property=\"og:url\" content=\"https:\/\/shop.bantam.ch\/de\/produkt\/dachtraegersystem-smartclamp-system-short\/\" \/>\n<meta property=\"og:site_name\" content=\"Bantam Camping AG\" \/>\n<meta property=\"article:modified_time\" content=\"2026-04-18T19:54:00+00:00\" \/>\n<meta property=\"og:image\" content=\"https:\/\/shop.bantam.ch\/wp-content\/uploads\/2023\/03\/9948574100.jpg\" \/>\n\t<meta property=\"og:image:width\" content=\"2048\" \/>\n\t<meta property=\"og:image:height\" content=\"1365\" \/>\n\t<meta property=\"og:image:type\" content=\"image\/jpeg\" \/>\n<meta name=\"twitter:card\" content=\"summary_large_image\" \/>\n<meta name=\"twitter:label1\" content=\"Gesch\u00e4tzte Lesezeit\" \/>\n\t<meta name=\"twitter:data1\" content=\"1\u00a0Minute\" \/>\n<script type=\"application\/ld+json\" class=\"yoast-schema-graph\">{\"@context\":\"https:\\\/\\\/schema.org\",\"@graph\":[{\"@type\":\"WebPage\",\"@id\":\"https:\\\/\\\/shop.bantam.ch\\\/de\\\/produkt\\\/dachtraegersystem-smartclamp-system-short\\\/\",\"url\":\"https:\\\/\\\/shop.bantam.ch\\\/de\\\/produkt\\\/dachtraegersystem-smartclamp-system-short\\\/\",\"name\":\"Dachtr\u00e4gersystem THULE SmartClamp System Short - Bantam Camping AG\",\"isPartOf\":{\"@id\":\"https:\\\/\\\/shop.bantam.ch\\\/de\\\/#website\"},\"primaryImageOfPage\":{\"@id\":\"https:\\\/\\\/shop.bantam.ch\\\/de\\\/produkt\\\/dachtraegersystem-smartclamp-system-short\\\/#primaryimage\"},\"image\":{\"@id\":\"https:\\\/\\\/shop.bantam.ch\\\/de\\\/produkt\\\/dachtraegersystem-smartclamp-system-short\\\/#primaryimage\"},\"thumbnailUrl\":\"https:\\\/\\\/shop.bantam.ch\\\/wp-content\\\/uploads\\\/2023\\\/03\\\/9948574100.jpg\",\"datePublished\":\"2023-03-01T00:19:27+00:00\",\"dateModified\":\"2026-04-18T19:54:00+00:00\",\"breadcrumb\":{\"@id\":\"https:\\\/\\\/shop.bantam.ch\\\/de\\\/produkt\\\/dachtraegersystem-smartclamp-system-short\\\/#breadcrumb\"},\"inLanguage\":\"de\",\"potentialAction\":[{\"@type\":\"ReadAction\",\"target\":[\"https:\\\/\\\/shop.bantam.ch\\\/de\\\/produkt\\\/dachtraegersystem-smartclamp-system-short\\\/\"]}]},{\"@type\":\"ImageObject\",\"inLanguage\":\"de\",\"@id\":\"https:\\\/\\\/shop.bantam.ch\\\/de\\\/produkt\\\/dachtraegersystem-smartclamp-system-short\\\/#primaryimage\",\"url\":\"https:\\\/\\\/shop.bantam.ch\\\/wp-content\\\/uploads\\\/2023\\\/03\\\/9948574100.jpg\",\"contentUrl\":\"https:\\\/\\\/shop.bantam.ch\\\/wp-content\\\/uploads\\\/2023\\\/03\\\/9948574100.jpg\",\"width\":2048,\"height\":1365},{\"@type\":\"BreadcrumbList\",\"@id\":\"https:\\\/\\\/shop.bantam.ch\\\/de\\\/produkt\\\/dachtraegersystem-smartclamp-system-short\\\/#breadcrumb\",\"itemListElement\":[{\"@type\":\"ListItem\",\"position\":1,\"name\":\"Accueil\",\"item\":\"https:\\\/\\\/shop.bantam.ch\\\/de\\\/\"},{\"@type\":\"ListItem\",\"position\":2,\"name\":\"Shop\",\"item\":\"https:\\\/\\\/shop.bantam.ch\\\/de\\\/shop\\\/\"},{\"@type\":\"ListItem\",\"position\":3,\"name\":\"Dachtr\u00e4gersystem THULE SmartClamp System Short\"}]},{\"@type\":\"WebSite\",\"@id\":\"https:\\\/\\\/shop.bantam.ch\\\/de\\\/#website\",\"url\":\"https:\\\/\\\/shop.bantam.ch\\\/de\\\/\",\"name\":\"Bantam Camping AG\",\"description\":\"\",\"publisher\":{\"@id\":\"https:\\\/\\\/shop.bantam.ch\\\/de\\\/#organization\"},\"inLanguage\":\"de\"},{\"@type\":\"Organization\",\"@id\":\"https:\\\/\\\/shop.bantam.ch\\\/de\\\/#organization\",\"name\":\"Bantam Camping AG\",\"url\":\"https:\\\/\\\/shop.bantam.ch\\\/de\\\/\",\"logo\":{\"@type\":\"ImageObject\",\"inLanguage\":\"de\",\"@id\":\"https:\\\/\\\/shop.bantam.ch\\\/de\\\/#\\\/schema\\\/logo\\\/image\\\/\",\"url\":\"https:\\\/\\\/shop.bantam.ch\\\/wp-content\\\/uploads\\\/2022\\\/12\\\/bantam-logo.png\",\"contentUrl\":\"https:\\\/\\\/shop.bantam.ch\\\/wp-content\\\/uploads\\\/2022\\\/12\\\/bantam-logo.png\",\"width\":320,\"height\":71,\"caption\":\"Bantam Camping AG\"},\"image\":{\"@id\":\"https:\\\/\\\/shop.bantam.ch\\\/de\\\/#\\\/schema\\\/logo\\\/image\\\/\"}}]}<\/script>\n<!-- \/ Yoast SEO plugin. -->","yoast_head_json":{"title":"Dachtr\u00e4gersystem THULE SmartClamp System Short - Bantam Camping AG","robots":{"index":"index","follow":"follow","max-snippet":"max-snippet:-1","max-image-preview":"max-image-preview:large","max-video-preview":"max-video-preview:-1"},"canonical":"https:\/\/shop.bantam.ch\/de\/produkt\/dachtraegersystem-smartclamp-system-short\/","og_locale":"de_DE","og_type":"article","og_title":"Dachtr\u00e4gersystem THULE SmartClamp System Short - Bantam Camping AG","og_description":"Flexible Dachtr\u00e4gerl\u00f6sung f\u00fcr Vans mit Zubeh\u00f6r. Montage 10 cm vom Rand nach innen auf dem Dach.\u00a0Passend f\u00fcr Dachzubeh\u00f6r und Dachtr\u00e4ger f\u00fcr Sportausr\u00fcstung (muss separat gekauft werden). &#8211; Geeignet f\u00fcr H2 Ducato | Jumper | Boxer | Movano ab Baujahr 2022&#8211; Tr\u00e4gt bis zu 100 kg auf Ihrem Dach.&#8211; Einfache Montage ohne Bohren durch Befestigung der [&hellip;]","og_url":"https:\/\/shop.bantam.ch\/de\/produkt\/dachtraegersystem-smartclamp-system-short\/","og_site_name":"Bantam Camping AG","article_modified_time":"2026-04-18T19:54:00+00:00","og_image":[{"width":2048,"height":1365,"url":"https:\/\/shop.bantam.ch\/wp-content\/uploads\/2023\/03\/9948574100.jpg","type":"image\/jpeg"}],"twitter_card":"summary_large_image","twitter_misc":{"Gesch\u00e4tzte Lesezeit":"1\u00a0Minute"},"schema":{"@context":"https:\/\/schema.org","@graph":[{"@type":"WebPage","@id":"https:\/\/shop.bantam.ch\/de\/produkt\/dachtraegersystem-smartclamp-system-short\/","url":"https:\/\/shop.bantam.ch\/de\/produkt\/dachtraegersystem-smartclamp-system-short\/","name":"Dachtr\u00e4gersystem THULE SmartClamp System Short - Bantam Camping AG","isPartOf":{"@id":"https:\/\/shop.bantam.ch\/de\/#website"},"primaryImageOfPage":{"@id":"https:\/\/shop.bantam.ch\/de\/produkt\/dachtraegersystem-smartclamp-system-short\/#primaryimage"},"image":{"@id":"https:\/\/shop.bantam.ch\/de\/produkt\/dachtraegersystem-smartclamp-system-short\/#primaryimage"},"thumbnailUrl":"https:\/\/shop.bantam.ch\/wp-content\/uploads\/2023\/03\/9948574100.jpg","datePublished":"2023-03-01T00:19:27+00:00","dateModified":"2026-04-18T19:54:00+00:00","breadcrumb":{"@id":"https:\/\/shop.bantam.ch\/de\/produkt\/dachtraegersystem-smartclamp-system-short\/#breadcrumb"},"inLanguage":"de","potentialAction":[{"@type":"ReadAction","target":["https:\/\/shop.bantam.ch\/de\/produkt\/dachtraegersystem-smartclamp-system-short\/"]}]},{"@type":"ImageObject","inLanguage":"de","@id":"https:\/\/shop.bantam.ch\/de\/produkt\/dachtraegersystem-smartclamp-system-short\/#primaryimage","url":"https:\/\/shop.bantam.ch\/wp-content\/uploads\/2023\/03\/9948574100.jpg","contentUrl":"https:\/\/shop.bantam.ch\/wp-content\/uploads\/2023\/03\/9948574100.jpg","width":2048,"height":1365},{"@type":"BreadcrumbList","@id":"https:\/\/shop.bantam.ch\/de\/produkt\/dachtraegersystem-smartclamp-system-short\/#breadcrumb","itemListElement":[{"@type":"ListItem","position":1,"name":"Accueil","item":"https:\/\/shop.bantam.ch\/de\/"},{"@type":"ListItem","position":2,"name":"Shop","item":"https:\/\/shop.bantam.ch\/de\/shop\/"},{"@type":"ListItem","position":3,"name":"Dachtr\u00e4gersystem THULE SmartClamp System Short"}]},{"@type":"WebSite","@id":"https:\/\/shop.bantam.ch\/de\/#website","url":"https:\/\/shop.bantam.ch\/de\/","name":"Bantam Camping AG","description":"","publisher":{"@id":"https:\/\/shop.bantam.ch\/de\/#organization"},"inLanguage":"de"},{"@type":"Organization","@id":"https:\/\/shop.bantam.ch\/de\/#organization","name":"Bantam Camping AG","url":"https:\/\/shop.bantam.ch\/de\/","logo":{"@type":"ImageObject","inLanguage":"de","@id":"https:\/\/shop.bantam.ch\/de\/#\/schema\/logo\/image\/","url":"https:\/\/shop.bantam.ch\/wp-content\/uploads\/2022\/12\/bantam-logo.png","contentUrl":"https:\/\/shop.bantam.ch\/wp-content\/uploads\/2022\/12\/bantam-logo.png","width":320,"height":71,"caption":"Bantam Camping AG"},"image":{"@id":"https:\/\/shop.bantam.ch\/de\/#\/schema\/logo\/image\/"}}]}},"_links":{"self":[{"href":"https:\/\/shop.bantam.ch\/de\/wp-json\/wp\/v2\/product\/127343","targetHints":{"allow":["GET"]}}],"collection":[{"href":"https:\/\/shop.bantam.ch\/de\/wp-json\/wp\/v2\/product"}],"about":[{"href":"https:\/\/shop.bantam.ch\/de\/wp-json\/wp\/v2\/types\/product"}],"wp:featuredmedia":[{"embeddable":true,"href":"https:\/\/shop.bantam.ch\/de\/wp-json\/wp\/v2\/media\/127339"}],"wp:attachment":[{"href":"https:\/\/shop.bantam.ch\/de\/wp-json\/wp\/v2\/media?parent=127343"}],"wp:term":[{"taxonomy":"product_featured_cat","embeddable":true,"href":"https:\/\/shop.bantam.ch\/de\/wp-json\/wp\/v2\/product_featured_cat?post=127343"},{"taxonomy":"product_brand","embeddable":true,"href":"https:\/\/shop.bantam.ch\/de\/wp-json\/wp\/v2\/product_brand?post=127343"},{"taxonomy":"product_cat","embeddable":true,"href":"https:\/\/shop.bantam.ch\/de\/wp-json\/wp\/v2\/product_cat?post=127343"},{"taxonomy":"product_tag","embeddable":true,"href":"https:\/\/shop.bantam.ch\/de\/wp-json\/wp\/v2\/product_tag?post=127343"}],"curies":[{"name":"wp","href":"https:\/\/api.w.org\/{rel}","templated":true}]}}