{"id":127335,"date":"2023-03-01T01:19:17","date_gmt":"2023-03-01T00:19:17","guid":{"rendered":"https:\/\/shop.bantam.ch\/produit\/essential-trail-kit\/"},"modified":"2026-04-17T21:52:57","modified_gmt":"2026-04-17T19:52:57","slug":"essential-trail-kit","status":"publish","type":"product","link":"https:\/\/shop.bantam.ch\/de\/produkt\/essential-trail-kit\/","title":{"rendered":"Essential Trail Kit PRIMUS Edelstahl"},"content":{"rendered":"<p>Der Essential Trail Kit ist die perfekte Trekking-K\u00fcche, egal ob f\u00fcr allein reisende Camping-Einsteiger oder erfahrene Outdoor-K\u00f6che. Dieses Kit wurde in Schweden entworfen und in Europa handgefertigt und bietet Platz f\u00fcr alles, was du zum Kochen f\u00fcr deine n\u00e4chste Mahlzeit unterwegs ben\u00f6tigst. Zum einfachen Verstauen den Essential Trail Stove an der 230 g Gaskartusche befestigen und in den 0,5 l Topf packen\u2013 eine leichte und hervorragend verstaubare Camping-K\u00fcche, die in weniger als einer Minute einsatzbereit ist. Der Brenner bringt mit seiner 2.500 W Flamme einen Liter Wasser in dreieinhalb Minuten zum Kochen, und der dank Laminar-Flow-Brennertechnologie niedrige Schwerpunkt sorgt f\u00fcr eine stabile Kochfl\u00e4che. Koche ganz einfach das Wasser f\u00fcr deine Nudeln oder deine gefriergetrocknete Mahlzeit im Topf. Brate dein Fr\u00fchst\u00fccksei in der Bratpfanne bzw. dem Deckel, der mit einer Antihaft-Beschichtung aus Keramik versehen ist. Die abnehmbaren Griffe k\u00f6nnen verschieden eingerichtet werden, um das Kochen zu erleichtern bzw. alles zusammenzuhalten, wenn das Kit verstaut wird. Wird mit Netzbeutel geliefert.<\/p>\n","protected":false},"excerpt":{"rendered":"<p>Der Essential Trail Kit ist die perfekte Trekking-K\u00fcche, egal ob f\u00fcr allein reisende Camping-Einsteiger oder erfahrene Outdoor-K\u00f6che. Dieses Kit wurde in Schweden entworfen und in Europa handgefertigt und bietet Platz f\u00fcr alles, was du zum Kochen f\u00fcr deine n\u00e4chste Mahlzeit unterwegs ben\u00f6tigst. Zum einfachen Verstauen den Essential Trail Stove an der 230 g Gaskartusche befestigen [&hellip;]<\/p>\n","protected":false},"featured_media":127325,"template":"","meta":{"_acf_changed":false},"product_featured_cat":[],"product_brand":[3415],"product_cat":[4306],"product_tag":[],"class_list":{"0":"post-127335","1":"product","2":"type-product","3":"status-publish","4":"has-post-thumbnail","6":"product_brand-primus-de","7":"product_cat-kocher-kocher","9":"first","10":"instock","11":"taxable","12":"shipping-taxable","13":"purchasable","14":"product-type-simple"},"acf":[],"yoast_head":"<!-- This site is optimized with the Yoast SEO plugin v27.4 - https:\/\/yoast.com\/product\/yoast-seo-wordpress\/ -->\n<title>Essential Trail Kit PRIMUS Edelstahl - Bantam Camping AG<\/title>\n<meta name=\"robots\" content=\"index, follow, max-snippet:-1, max-image-preview:large, max-video-preview:-1\" \/>\n<link rel=\"canonical\" href=\"https:\/\/shop.bantam.ch\/de\/produkt\/essential-trail-kit\/\" \/>\n<meta property=\"og:locale\" content=\"de_DE\" \/>\n<meta property=\"og:type\" content=\"article\" \/>\n<meta property=\"og:title\" content=\"Essential Trail Kit PRIMUS Edelstahl - Bantam Camping AG\" \/>\n<meta property=\"og:description\" content=\"Der Essential Trail Kit ist die perfekte Trekking-K\u00fcche, egal ob f\u00fcr allein reisende Camping-Einsteiger oder erfahrene Outdoor-K\u00f6che. Dieses Kit wurde in Schweden entworfen und in Europa handgefertigt und bietet Platz f\u00fcr alles, was du zum Kochen f\u00fcr deine n\u00e4chste Mahlzeit unterwegs ben\u00f6tigst. Zum einfachen Verstauen den Essential Trail Stove an der 230 g Gaskartusche befestigen [&hellip;]\" \/>\n<meta property=\"og:url\" content=\"https:\/\/shop.bantam.ch\/de\/produkt\/essential-trail-kit\/\" \/>\n<meta property=\"og:site_name\" content=\"Bantam Camping AG\" \/>\n<meta property=\"article:modified_time\" content=\"2026-04-17T19:52:57+00:00\" \/>\n<meta property=\"og:image\" content=\"https:\/\/shop.bantam.ch\/wp-content\/uploads\/2023\/03\/995779011.jpg\" \/>\n\t<meta property=\"og:image:width\" content=\"1500\" \/>\n\t<meta property=\"og:image:height\" content=\"866\" \/>\n\t<meta property=\"og:image:type\" content=\"image\/jpeg\" \/>\n<meta name=\"twitter:card\" content=\"summary_large_image\" \/>\n<meta name=\"twitter:label1\" content=\"Gesch\u00e4tzte Lesezeit\" \/>\n\t<meta name=\"twitter:data1\" content=\"1\u00a0Minute\" \/>\n<script type=\"application\/ld+json\" class=\"yoast-schema-graph\">{\"@context\":\"https:\\\/\\\/schema.org\",\"@graph\":[{\"@type\":\"WebPage\",\"@id\":\"https:\\\/\\\/shop.bantam.ch\\\/de\\\/produkt\\\/essential-trail-kit\\\/\",\"url\":\"https:\\\/\\\/shop.bantam.ch\\\/de\\\/produkt\\\/essential-trail-kit\\\/\",\"name\":\"Essential Trail Kit PRIMUS Edelstahl - Bantam Camping AG\",\"isPartOf\":{\"@id\":\"https:\\\/\\\/shop.bantam.ch\\\/de\\\/#website\"},\"primaryImageOfPage\":{\"@id\":\"https:\\\/\\\/shop.bantam.ch\\\/de\\\/produkt\\\/essential-trail-kit\\\/#primaryimage\"},\"image\":{\"@id\":\"https:\\\/\\\/shop.bantam.ch\\\/de\\\/produkt\\\/essential-trail-kit\\\/#primaryimage\"},\"thumbnailUrl\":\"https:\\\/\\\/shop.bantam.ch\\\/wp-content\\\/uploads\\\/2023\\\/03\\\/995779011.jpg\",\"datePublished\":\"2023-03-01T00:19:17+00:00\",\"dateModified\":\"2026-04-17T19:52:57+00:00\",\"breadcrumb\":{\"@id\":\"https:\\\/\\\/shop.bantam.ch\\\/de\\\/produkt\\\/essential-trail-kit\\\/#breadcrumb\"},\"inLanguage\":\"de\",\"potentialAction\":[{\"@type\":\"ReadAction\",\"target\":[\"https:\\\/\\\/shop.bantam.ch\\\/de\\\/produkt\\\/essential-trail-kit\\\/\"]}]},{\"@type\":\"ImageObject\",\"inLanguage\":\"de\",\"@id\":\"https:\\\/\\\/shop.bantam.ch\\\/de\\\/produkt\\\/essential-trail-kit\\\/#primaryimage\",\"url\":\"https:\\\/\\\/shop.bantam.ch\\\/wp-content\\\/uploads\\\/2023\\\/03\\\/995779011.jpg\",\"contentUrl\":\"https:\\\/\\\/shop.bantam.ch\\\/wp-content\\\/uploads\\\/2023\\\/03\\\/995779011.jpg\",\"width\":1500,\"height\":866},{\"@type\":\"BreadcrumbList\",\"@id\":\"https:\\\/\\\/shop.bantam.ch\\\/de\\\/produkt\\\/essential-trail-kit\\\/#breadcrumb\",\"itemListElement\":[{\"@type\":\"ListItem\",\"position\":1,\"name\":\"Accueil\",\"item\":\"https:\\\/\\\/shop.bantam.ch\\\/de\\\/\"},{\"@type\":\"ListItem\",\"position\":2,\"name\":\"Shop\",\"item\":\"https:\\\/\\\/shop.bantam.ch\\\/de\\\/shop\\\/\"},{\"@type\":\"ListItem\",\"position\":3,\"name\":\"Essential Trail Kit PRIMUS Edelstahl\"}]},{\"@type\":\"WebSite\",\"@id\":\"https:\\\/\\\/shop.bantam.ch\\\/de\\\/#website\",\"url\":\"https:\\\/\\\/shop.bantam.ch\\\/de\\\/\",\"name\":\"Bantam Camping AG\",\"description\":\"\",\"publisher\":{\"@id\":\"https:\\\/\\\/shop.bantam.ch\\\/de\\\/#organization\"},\"inLanguage\":\"de\"},{\"@type\":\"Organization\",\"@id\":\"https:\\\/\\\/shop.bantam.ch\\\/de\\\/#organization\",\"name\":\"Bantam Camping AG\",\"url\":\"https:\\\/\\\/shop.bantam.ch\\\/de\\\/\",\"logo\":{\"@type\":\"ImageObject\",\"inLanguage\":\"de\",\"@id\":\"https:\\\/\\\/shop.bantam.ch\\\/de\\\/#\\\/schema\\\/logo\\\/image\\\/\",\"url\":\"https:\\\/\\\/shop.bantam.ch\\\/wp-content\\\/uploads\\\/2022\\\/12\\\/bantam-logo.png\",\"contentUrl\":\"https:\\\/\\\/shop.bantam.ch\\\/wp-content\\\/uploads\\\/2022\\\/12\\\/bantam-logo.png\",\"width\":320,\"height\":71,\"caption\":\"Bantam Camping AG\"},\"image\":{\"@id\":\"https:\\\/\\\/shop.bantam.ch\\\/de\\\/#\\\/schema\\\/logo\\\/image\\\/\"}}]}<\/script>\n<!-- \/ Yoast SEO plugin. -->","yoast_head_json":{"title":"Essential Trail Kit PRIMUS Edelstahl - Bantam Camping AG","robots":{"index":"index","follow":"follow","max-snippet":"max-snippet:-1","max-image-preview":"max-image-preview:large","max-video-preview":"max-video-preview:-1"},"canonical":"https:\/\/shop.bantam.ch\/de\/produkt\/essential-trail-kit\/","og_locale":"de_DE","og_type":"article","og_title":"Essential Trail Kit PRIMUS Edelstahl - Bantam Camping AG","og_description":"Der Essential Trail Kit ist die perfekte Trekking-K\u00fcche, egal ob f\u00fcr allein reisende Camping-Einsteiger oder erfahrene Outdoor-K\u00f6che. Dieses Kit wurde in Schweden entworfen und in Europa handgefertigt und bietet Platz f\u00fcr alles, was du zum Kochen f\u00fcr deine n\u00e4chste Mahlzeit unterwegs ben\u00f6tigst. Zum einfachen Verstauen den Essential Trail Stove an der 230 g Gaskartusche befestigen [&hellip;]","og_url":"https:\/\/shop.bantam.ch\/de\/produkt\/essential-trail-kit\/","og_site_name":"Bantam Camping AG","article_modified_time":"2026-04-17T19:52:57+00:00","og_image":[{"width":1500,"height":866,"url":"https:\/\/shop.bantam.ch\/wp-content\/uploads\/2023\/03\/995779011.jpg","type":"image\/jpeg"}],"twitter_card":"summary_large_image","twitter_misc":{"Gesch\u00e4tzte Lesezeit":"1\u00a0Minute"},"schema":{"@context":"https:\/\/schema.org","@graph":[{"@type":"WebPage","@id":"https:\/\/shop.bantam.ch\/de\/produkt\/essential-trail-kit\/","url":"https:\/\/shop.bantam.ch\/de\/produkt\/essential-trail-kit\/","name":"Essential Trail Kit PRIMUS Edelstahl - Bantam Camping AG","isPartOf":{"@id":"https:\/\/shop.bantam.ch\/de\/#website"},"primaryImageOfPage":{"@id":"https:\/\/shop.bantam.ch\/de\/produkt\/essential-trail-kit\/#primaryimage"},"image":{"@id":"https:\/\/shop.bantam.ch\/de\/produkt\/essential-trail-kit\/#primaryimage"},"thumbnailUrl":"https:\/\/shop.bantam.ch\/wp-content\/uploads\/2023\/03\/995779011.jpg","datePublished":"2023-03-01T00:19:17+00:00","dateModified":"2026-04-17T19:52:57+00:00","breadcrumb":{"@id":"https:\/\/shop.bantam.ch\/de\/produkt\/essential-trail-kit\/#breadcrumb"},"inLanguage":"de","potentialAction":[{"@type":"ReadAction","target":["https:\/\/shop.bantam.ch\/de\/produkt\/essential-trail-kit\/"]}]},{"@type":"ImageObject","inLanguage":"de","@id":"https:\/\/shop.bantam.ch\/de\/produkt\/essential-trail-kit\/#primaryimage","url":"https:\/\/shop.bantam.ch\/wp-content\/uploads\/2023\/03\/995779011.jpg","contentUrl":"https:\/\/shop.bantam.ch\/wp-content\/uploads\/2023\/03\/995779011.jpg","width":1500,"height":866},{"@type":"BreadcrumbList","@id":"https:\/\/shop.bantam.ch\/de\/produkt\/essential-trail-kit\/#breadcrumb","itemListElement":[{"@type":"ListItem","position":1,"name":"Accueil","item":"https:\/\/shop.bantam.ch\/de\/"},{"@type":"ListItem","position":2,"name":"Shop","item":"https:\/\/shop.bantam.ch\/de\/shop\/"},{"@type":"ListItem","position":3,"name":"Essential Trail Kit PRIMUS Edelstahl"}]},{"@type":"WebSite","@id":"https:\/\/shop.bantam.ch\/de\/#website","url":"https:\/\/shop.bantam.ch\/de\/","name":"Bantam Camping AG","description":"","publisher":{"@id":"https:\/\/shop.bantam.ch\/de\/#organization"},"inLanguage":"de"},{"@type":"Organization","@id":"https:\/\/shop.bantam.ch\/de\/#organization","name":"Bantam Camping AG","url":"https:\/\/shop.bantam.ch\/de\/","logo":{"@type":"ImageObject","inLanguage":"de","@id":"https:\/\/shop.bantam.ch\/de\/#\/schema\/logo\/image\/","url":"https:\/\/shop.bantam.ch\/wp-content\/uploads\/2022\/12\/bantam-logo.png","contentUrl":"https:\/\/shop.bantam.ch\/wp-content\/uploads\/2022\/12\/bantam-logo.png","width":320,"height":71,"caption":"Bantam Camping AG"},"image":{"@id":"https:\/\/shop.bantam.ch\/de\/#\/schema\/logo\/image\/"}}]}},"_links":{"self":[{"href":"https:\/\/shop.bantam.ch\/de\/wp-json\/wp\/v2\/product\/127335","targetHints":{"allow":["GET"]}}],"collection":[{"href":"https:\/\/shop.bantam.ch\/de\/wp-json\/wp\/v2\/product"}],"about":[{"href":"https:\/\/shop.bantam.ch\/de\/wp-json\/wp\/v2\/types\/product"}],"wp:featuredmedia":[{"embeddable":true,"href":"https:\/\/shop.bantam.ch\/de\/wp-json\/wp\/v2\/media\/127325"}],"wp:attachment":[{"href":"https:\/\/shop.bantam.ch\/de\/wp-json\/wp\/v2\/media?parent=127335"}],"wp:term":[{"taxonomy":"product_featured_cat","embeddable":true,"href":"https:\/\/shop.bantam.ch\/de\/wp-json\/wp\/v2\/product_featured_cat?post=127335"},{"taxonomy":"product_brand","embeddable":true,"href":"https:\/\/shop.bantam.ch\/de\/wp-json\/wp\/v2\/product_brand?post=127335"},{"taxonomy":"product_cat","embeddable":true,"href":"https:\/\/shop.bantam.ch\/de\/wp-json\/wp\/v2\/product_cat?post=127335"},{"taxonomy":"product_tag","embeddable":true,"href":"https:\/\/shop.bantam.ch\/de\/wp-json\/wp\/v2\/product_tag?post=127335"}],"curies":[{"name":"wp","href":"https:\/\/api.w.org\/{rel}","templated":true}]}}