{"id":127301,"date":"2023-03-01T01:18:59","date_gmt":"2023-03-01T00:18:59","guid":{"rendered":"https:\/\/shop.bantam.ch\/produit\/tisch-titanium-quadra-4-compack\/"},"modified":"2026-04-17T21:52:56","modified_gmt":"2026-04-17T19:52:56","slug":"tisch-titanium-quadra-4-compack","status":"publish","type":"product","link":"https:\/\/shop.bantam.ch\/de\/produkt\/tisch-titanium-quadra-4-compack\/","title":{"rendered":"Tisch BRUNNER Titanium Quadra 4 Compack Farbe schwarz"},"content":{"rendered":"<p>Der Quadra Compack 4 Rolltisch gl\u00e4nzt durch eine neu entwickelte, teilbare Rahmenkonstruktion, die eine erhebliche Reduzierung des Packma\u00dfes ermglicht und somit auf die speziellen Raumanforderungen von Minibussen, Vans und Kastenwagen zugeschnitten ist. Unver\u00e4ndert im Vergleich zum Quadra Classic bleiben die Stabilit\u00e4t, die Funktionalit\u00e4t und die Optik bei aufgebautem Tisch.<\/p>\n<ul>\n<li>Passend f\u00fcr max. 4 Personen<\/li>\n<li>Alu-Gestell mit Stecksystem<\/li>\n<li>Niveauausgleich<\/li>\n<li>Gapless-Rolltischplatte aus Alluminium<\/li>\n<li>Sehr kompaktes Packma\u00df<\/li>\n<li>Mit Packsack<\/li>\n<\/ul>\n","protected":false},"excerpt":{"rendered":"<p>Der Quadra Compack 4 Rolltisch gl\u00e4nzt durch eine neu entwickelte, teilbare Rahmenkonstruktion, die eine erhebliche Reduzierung des Packma\u00dfes ermglicht und somit auf die speziellen Raumanforderungen von Minibussen, Vans und Kastenwagen zugeschnitten ist. Unver\u00e4ndert im Vergleich zum Quadra Classic bleiben die Stabilit\u00e4t, die Funktionalit\u00e4t und die Optik bei aufgebautem Tisch. Passend f\u00fcr max. 4 Personen Alu-Gestell [&hellip;]<\/p>\n","protected":false},"featured_media":127289,"template":"","meta":{"_acf_changed":false},"product_featured_cat":[],"product_brand":[3081],"product_cat":[4054],"product_tag":[],"class_list":{"0":"post-127301","1":"product","2":"type-product","3":"status-publish","4":"has-post-thumbnail","6":"product_brand-brunner-de","7":"product_cat-campingtische","9":"first","10":"instock","11":"taxable","12":"shipping-taxable","13":"purchasable","14":"product-type-simple"},"acf":[],"yoast_head":"<!-- This site is optimized with the Yoast SEO plugin v27.4 - https:\/\/yoast.com\/product\/yoast-seo-wordpress\/ -->\n<title>Tisch BRUNNER Titanium Quadra 4 Compack Farbe schwarz - Bantam Camping AG<\/title>\n<meta name=\"robots\" content=\"index, follow, max-snippet:-1, max-image-preview:large, max-video-preview:-1\" \/>\n<link rel=\"canonical\" href=\"https:\/\/shop.bantam.ch\/de\/produkt\/tisch-titanium-quadra-4-compack\/\" \/>\n<meta property=\"og:locale\" content=\"de_DE\" \/>\n<meta property=\"og:type\" content=\"article\" \/>\n<meta property=\"og:title\" content=\"Tisch BRUNNER Titanium Quadra 4 Compack Farbe schwarz - Bantam Camping AG\" \/>\n<meta property=\"og:description\" content=\"Der Quadra Compack 4 Rolltisch gl\u00e4nzt durch eine neu entwickelte, teilbare Rahmenkonstruktion, die eine erhebliche Reduzierung des Packma\u00dfes ermglicht und somit auf die speziellen Raumanforderungen von Minibussen, Vans und Kastenwagen zugeschnitten ist. Unver\u00e4ndert im Vergleich zum Quadra Classic bleiben die Stabilit\u00e4t, die Funktionalit\u00e4t und die Optik bei aufgebautem Tisch. Passend f\u00fcr max. 4 Personen Alu-Gestell [&hellip;]\" \/>\n<meta property=\"og:url\" content=\"https:\/\/shop.bantam.ch\/de\/produkt\/tisch-titanium-quadra-4-compack\/\" \/>\n<meta property=\"og:site_name\" content=\"Bantam Camping AG\" \/>\n<meta property=\"article:modified_time\" content=\"2026-04-17T19:52:56+00:00\" \/>\n<meta property=\"og:image\" content=\"https:\/\/shop.bantam.ch\/wp-content\/uploads\/2023\/03\/996137111.jpg\" \/>\n\t<meta property=\"og:image:width\" content=\"1800\" \/>\n\t<meta property=\"og:image:height\" content=\"1363\" \/>\n\t<meta property=\"og:image:type\" content=\"image\/jpeg\" \/>\n<meta name=\"twitter:card\" content=\"summary_large_image\" \/>\n<script type=\"application\/ld+json\" class=\"yoast-schema-graph\">{\"@context\":\"https:\\\/\\\/schema.org\",\"@graph\":[{\"@type\":\"WebPage\",\"@id\":\"https:\\\/\\\/shop.bantam.ch\\\/de\\\/produkt\\\/tisch-titanium-quadra-4-compack\\\/\",\"url\":\"https:\\\/\\\/shop.bantam.ch\\\/de\\\/produkt\\\/tisch-titanium-quadra-4-compack\\\/\",\"name\":\"Tisch BRUNNER Titanium Quadra 4 Compack Farbe schwarz - Bantam Camping AG\",\"isPartOf\":{\"@id\":\"https:\\\/\\\/shop.bantam.ch\\\/de\\\/#website\"},\"primaryImageOfPage\":{\"@id\":\"https:\\\/\\\/shop.bantam.ch\\\/de\\\/produkt\\\/tisch-titanium-quadra-4-compack\\\/#primaryimage\"},\"image\":{\"@id\":\"https:\\\/\\\/shop.bantam.ch\\\/de\\\/produkt\\\/tisch-titanium-quadra-4-compack\\\/#primaryimage\"},\"thumbnailUrl\":\"https:\\\/\\\/shop.bantam.ch\\\/wp-content\\\/uploads\\\/2023\\\/03\\\/996137111.jpg\",\"datePublished\":\"2023-03-01T00:18:59+00:00\",\"dateModified\":\"2026-04-17T19:52:56+00:00\",\"breadcrumb\":{\"@id\":\"https:\\\/\\\/shop.bantam.ch\\\/de\\\/produkt\\\/tisch-titanium-quadra-4-compack\\\/#breadcrumb\"},\"inLanguage\":\"de\",\"potentialAction\":[{\"@type\":\"ReadAction\",\"target\":[\"https:\\\/\\\/shop.bantam.ch\\\/de\\\/produkt\\\/tisch-titanium-quadra-4-compack\\\/\"]}]},{\"@type\":\"ImageObject\",\"inLanguage\":\"de\",\"@id\":\"https:\\\/\\\/shop.bantam.ch\\\/de\\\/produkt\\\/tisch-titanium-quadra-4-compack\\\/#primaryimage\",\"url\":\"https:\\\/\\\/shop.bantam.ch\\\/wp-content\\\/uploads\\\/2023\\\/03\\\/996137111.jpg\",\"contentUrl\":\"https:\\\/\\\/shop.bantam.ch\\\/wp-content\\\/uploads\\\/2023\\\/03\\\/996137111.jpg\",\"width\":1800,\"height\":1363},{\"@type\":\"BreadcrumbList\",\"@id\":\"https:\\\/\\\/shop.bantam.ch\\\/de\\\/produkt\\\/tisch-titanium-quadra-4-compack\\\/#breadcrumb\",\"itemListElement\":[{\"@type\":\"ListItem\",\"position\":1,\"name\":\"Accueil\",\"item\":\"https:\\\/\\\/shop.bantam.ch\\\/de\\\/\"},{\"@type\":\"ListItem\",\"position\":2,\"name\":\"Shop\",\"item\":\"https:\\\/\\\/shop.bantam.ch\\\/de\\\/shop\\\/\"},{\"@type\":\"ListItem\",\"position\":3,\"name\":\"Tisch BRUNNER Titanium Quadra 4 Compack Farbe schwarz\"}]},{\"@type\":\"WebSite\",\"@id\":\"https:\\\/\\\/shop.bantam.ch\\\/de\\\/#website\",\"url\":\"https:\\\/\\\/shop.bantam.ch\\\/de\\\/\",\"name\":\"Bantam Camping AG\",\"description\":\"\",\"publisher\":{\"@id\":\"https:\\\/\\\/shop.bantam.ch\\\/de\\\/#organization\"},\"inLanguage\":\"de\"},{\"@type\":\"Organization\",\"@id\":\"https:\\\/\\\/shop.bantam.ch\\\/de\\\/#organization\",\"name\":\"Bantam Camping AG\",\"url\":\"https:\\\/\\\/shop.bantam.ch\\\/de\\\/\",\"logo\":{\"@type\":\"ImageObject\",\"inLanguage\":\"de\",\"@id\":\"https:\\\/\\\/shop.bantam.ch\\\/de\\\/#\\\/schema\\\/logo\\\/image\\\/\",\"url\":\"https:\\\/\\\/shop.bantam.ch\\\/wp-content\\\/uploads\\\/2022\\\/12\\\/bantam-logo.png\",\"contentUrl\":\"https:\\\/\\\/shop.bantam.ch\\\/wp-content\\\/uploads\\\/2022\\\/12\\\/bantam-logo.png\",\"width\":320,\"height\":71,\"caption\":\"Bantam Camping AG\"},\"image\":{\"@id\":\"https:\\\/\\\/shop.bantam.ch\\\/de\\\/#\\\/schema\\\/logo\\\/image\\\/\"}}]}<\/script>\n<!-- \/ Yoast SEO plugin. -->","yoast_head_json":{"title":"Tisch BRUNNER Titanium Quadra 4 Compack Farbe schwarz - Bantam Camping AG","robots":{"index":"index","follow":"follow","max-snippet":"max-snippet:-1","max-image-preview":"max-image-preview:large","max-video-preview":"max-video-preview:-1"},"canonical":"https:\/\/shop.bantam.ch\/de\/produkt\/tisch-titanium-quadra-4-compack\/","og_locale":"de_DE","og_type":"article","og_title":"Tisch BRUNNER Titanium Quadra 4 Compack Farbe schwarz - Bantam Camping AG","og_description":"Der Quadra Compack 4 Rolltisch gl\u00e4nzt durch eine neu entwickelte, teilbare Rahmenkonstruktion, die eine erhebliche Reduzierung des Packma\u00dfes ermglicht und somit auf die speziellen Raumanforderungen von Minibussen, Vans und Kastenwagen zugeschnitten ist. Unver\u00e4ndert im Vergleich zum Quadra Classic bleiben die Stabilit\u00e4t, die Funktionalit\u00e4t und die Optik bei aufgebautem Tisch. Passend f\u00fcr max. 4 Personen Alu-Gestell [&hellip;]","og_url":"https:\/\/shop.bantam.ch\/de\/produkt\/tisch-titanium-quadra-4-compack\/","og_site_name":"Bantam Camping AG","article_modified_time":"2026-04-17T19:52:56+00:00","og_image":[{"width":1800,"height":1363,"url":"https:\/\/shop.bantam.ch\/wp-content\/uploads\/2023\/03\/996137111.jpg","type":"image\/jpeg"}],"twitter_card":"summary_large_image","schema":{"@context":"https:\/\/schema.org","@graph":[{"@type":"WebPage","@id":"https:\/\/shop.bantam.ch\/de\/produkt\/tisch-titanium-quadra-4-compack\/","url":"https:\/\/shop.bantam.ch\/de\/produkt\/tisch-titanium-quadra-4-compack\/","name":"Tisch BRUNNER Titanium Quadra 4 Compack Farbe schwarz - Bantam Camping AG","isPartOf":{"@id":"https:\/\/shop.bantam.ch\/de\/#website"},"primaryImageOfPage":{"@id":"https:\/\/shop.bantam.ch\/de\/produkt\/tisch-titanium-quadra-4-compack\/#primaryimage"},"image":{"@id":"https:\/\/shop.bantam.ch\/de\/produkt\/tisch-titanium-quadra-4-compack\/#primaryimage"},"thumbnailUrl":"https:\/\/shop.bantam.ch\/wp-content\/uploads\/2023\/03\/996137111.jpg","datePublished":"2023-03-01T00:18:59+00:00","dateModified":"2026-04-17T19:52:56+00:00","breadcrumb":{"@id":"https:\/\/shop.bantam.ch\/de\/produkt\/tisch-titanium-quadra-4-compack\/#breadcrumb"},"inLanguage":"de","potentialAction":[{"@type":"ReadAction","target":["https:\/\/shop.bantam.ch\/de\/produkt\/tisch-titanium-quadra-4-compack\/"]}]},{"@type":"ImageObject","inLanguage":"de","@id":"https:\/\/shop.bantam.ch\/de\/produkt\/tisch-titanium-quadra-4-compack\/#primaryimage","url":"https:\/\/shop.bantam.ch\/wp-content\/uploads\/2023\/03\/996137111.jpg","contentUrl":"https:\/\/shop.bantam.ch\/wp-content\/uploads\/2023\/03\/996137111.jpg","width":1800,"height":1363},{"@type":"BreadcrumbList","@id":"https:\/\/shop.bantam.ch\/de\/produkt\/tisch-titanium-quadra-4-compack\/#breadcrumb","itemListElement":[{"@type":"ListItem","position":1,"name":"Accueil","item":"https:\/\/shop.bantam.ch\/de\/"},{"@type":"ListItem","position":2,"name":"Shop","item":"https:\/\/shop.bantam.ch\/de\/shop\/"},{"@type":"ListItem","position":3,"name":"Tisch BRUNNER Titanium Quadra 4 Compack Farbe schwarz"}]},{"@type":"WebSite","@id":"https:\/\/shop.bantam.ch\/de\/#website","url":"https:\/\/shop.bantam.ch\/de\/","name":"Bantam Camping AG","description":"","publisher":{"@id":"https:\/\/shop.bantam.ch\/de\/#organization"},"inLanguage":"de"},{"@type":"Organization","@id":"https:\/\/shop.bantam.ch\/de\/#organization","name":"Bantam Camping AG","url":"https:\/\/shop.bantam.ch\/de\/","logo":{"@type":"ImageObject","inLanguage":"de","@id":"https:\/\/shop.bantam.ch\/de\/#\/schema\/logo\/image\/","url":"https:\/\/shop.bantam.ch\/wp-content\/uploads\/2022\/12\/bantam-logo.png","contentUrl":"https:\/\/shop.bantam.ch\/wp-content\/uploads\/2022\/12\/bantam-logo.png","width":320,"height":71,"caption":"Bantam Camping AG"},"image":{"@id":"https:\/\/shop.bantam.ch\/de\/#\/schema\/logo\/image\/"}}]}},"_links":{"self":[{"href":"https:\/\/shop.bantam.ch\/de\/wp-json\/wp\/v2\/product\/127301","targetHints":{"allow":["GET"]}}],"collection":[{"href":"https:\/\/shop.bantam.ch\/de\/wp-json\/wp\/v2\/product"}],"about":[{"href":"https:\/\/shop.bantam.ch\/de\/wp-json\/wp\/v2\/types\/product"}],"wp:featuredmedia":[{"embeddable":true,"href":"https:\/\/shop.bantam.ch\/de\/wp-json\/wp\/v2\/media\/127289"}],"wp:attachment":[{"href":"https:\/\/shop.bantam.ch\/de\/wp-json\/wp\/v2\/media?parent=127301"}],"wp:term":[{"taxonomy":"product_featured_cat","embeddable":true,"href":"https:\/\/shop.bantam.ch\/de\/wp-json\/wp\/v2\/product_featured_cat?post=127301"},{"taxonomy":"product_brand","embeddable":true,"href":"https:\/\/shop.bantam.ch\/de\/wp-json\/wp\/v2\/product_brand?post=127301"},{"taxonomy":"product_cat","embeddable":true,"href":"https:\/\/shop.bantam.ch\/de\/wp-json\/wp\/v2\/product_cat?post=127301"},{"taxonomy":"product_tag","embeddable":true,"href":"https:\/\/shop.bantam.ch\/de\/wp-json\/wp\/v2\/product_tag?post=127301"}],"curies":[{"name":"wp","href":"https:\/\/api.w.org\/{rel}","templated":true}]}}