{"id":127217,"date":"2023-03-01T01:18:06","date_gmt":"2023-03-01T00:18:06","guid":{"rendered":"https:\/\/shop.bantam.ch\/produit\/trinkglas-club-no-1-superglas-250-ml-4er-set-crystal-clear\/"},"modified":"2026-05-03T21:52:09","modified_gmt":"2026-05-03T19:52:09","slug":"trinkglas-club-no-1-superglas-250-ml-4er-set-crystal-clear","status":"publish","type":"product","link":"https:\/\/shop.bantam.ch\/de\/produkt\/trinkglas-club-no-1-superglas-250-ml-4er-set-crystal-clear\/","title":{"rendered":"Trinkglas koziol CLUB No. 1 Superglas 250 ml, 4er-Set Farbe crystal clear"},"content":{"rendered":"<p>Wir sehen uns drau\u00dfen mit CLUB NO.1! Das Supermaterial verkraftet selbst Weitw\u00fcrfe ohne Kratzer oder Scherben und macht die Gl\u00e4ser ideal f\u00fcr Outdoorbereiche wie Terrasse oder Balkon und \u00fcberall dort, wo man Scherben keinesfalls gebrauchen kann. Die Gl\u00e4ser lassen sich perfekt in der Sp\u00fclmaschine reinigen und sind immer wiederverwendbar. Bei allen Freiluft-Festivit\u00e4ten ist es dabei, denn es ist leicht, sto\u00dffest und kompakt ineinander stapelbar. Mit seiner Kombination aus faszinierender Facettenoptik, angenehmer Haptik macht CLUB NO.1 jedes Picknick stilvoller und Abende auf dem Balkon zum besonders unbeschwerten Genuss.<\/p>\n<ul>\n<li>Ansprechende Diamantschliff-Optik<\/li>\n<li>Angenehme Haptik<\/li>\n<li>Handliches Format<\/li>\n<li>Auch f\u00fcr Kinder geeignet<\/li>\n<li>Stapelbar<\/li>\n<li>100 % CO2-neutral<\/li>\n<li>Melaminfrei<\/li>\n<\/ul>\n","protected":false},"excerpt":{"rendered":"<p>Wir sehen uns drau\u00dfen mit CLUB NO.1! Das Supermaterial verkraftet selbst Weitw\u00fcrfe ohne Kratzer oder Scherben und macht die Gl\u00e4ser ideal f\u00fcr Outdoorbereiche wie Terrasse oder Balkon und \u00fcberall dort, wo man Scherben keinesfalls gebrauchen kann. Die Gl\u00e4ser lassen sich perfekt in der Sp\u00fclmaschine reinigen und sind immer wiederverwendbar. Bei allen Freiluft-Festivit\u00e4ten ist es dabei, [&hellip;]<\/p>\n","protected":false},"featured_media":127209,"template":"","meta":{"_acf_changed":false},"product_featured_cat":[],"product_brand":[3585],"product_cat":[4270],"product_tag":[],"class_list":{"0":"post-127217","1":"product","2":"type-product","3":"status-publish","4":"has-post-thumbnail","6":"product_brand-koziol-de","7":"product_cat-becher-tassen-glaeser","9":"first","10":"instock","11":"taxable","12":"shipping-taxable","13":"purchasable","14":"product-type-simple"},"acf":[],"yoast_head":"<!-- This site is optimized with the Yoast SEO plugin v27.5 - https:\/\/yoast.com\/product\/yoast-seo-wordpress\/ -->\n<title>Trinkglas koziol CLUB No. 1 Superglas 250 ml, 4er-Set Farbe crystal clear - Bantam<\/title>\n<meta name=\"robots\" content=\"index, follow, max-snippet:-1, max-image-preview:large, max-video-preview:-1\" \/>\n<link rel=\"canonical\" href=\"https:\/\/shop.bantam.ch\/de\/produkt\/trinkglas-club-no-1-superglas-250-ml-4er-set-crystal-clear\/\" \/>\n<meta property=\"og:locale\" content=\"de_DE\" \/>\n<meta property=\"og:type\" content=\"article\" \/>\n<meta property=\"og:title\" content=\"Trinkglas koziol CLUB No. 1 Superglas 250 ml, 4er-Set Farbe crystal clear - Bantam\" \/>\n<meta property=\"og:description\" content=\"Wir sehen uns drau\u00dfen mit CLUB NO.1! Das Supermaterial verkraftet selbst Weitw\u00fcrfe ohne Kratzer oder Scherben und macht die Gl\u00e4ser ideal f\u00fcr Outdoorbereiche wie Terrasse oder Balkon und \u00fcberall dort, wo man Scherben keinesfalls gebrauchen kann. Die Gl\u00e4ser lassen sich perfekt in der Sp\u00fclmaschine reinigen und sind immer wiederverwendbar. Bei allen Freiluft-Festivit\u00e4ten ist es dabei, [&hellip;]\" \/>\n<meta property=\"og:url\" content=\"https:\/\/shop.bantam.ch\/de\/produkt\/trinkglas-club-no-1-superglas-250-ml-4er-set-crystal-clear\/\" \/>\n<meta property=\"og:site_name\" content=\"Bantam\" \/>\n<meta property=\"article:modified_time\" content=\"2026-05-03T19:52:09+00:00\" \/>\n<meta property=\"og:image\" content=\"https:\/\/shop.bantam.ch\/wp-content\/uploads\/2023\/03\/9984719100.jpg\" \/>\n\t<meta property=\"og:image:width\" content=\"745\" \/>\n\t<meta property=\"og:image:height\" content=\"1000\" \/>\n\t<meta property=\"og:image:type\" content=\"image\/jpeg\" \/>\n<meta name=\"twitter:card\" content=\"summary_large_image\" \/>\n<meta name=\"twitter:label1\" content=\"Gesch\u00e4tzte Lesezeit\" \/>\n\t<meta name=\"twitter:data1\" content=\"1\u00a0Minute\" \/>\n<script type=\"application\/ld+json\" class=\"yoast-schema-graph\">{\"@context\":\"https:\\\/\\\/schema.org\",\"@graph\":[{\"@type\":\"WebPage\",\"@id\":\"https:\\\/\\\/shop.bantam.ch\\\/de\\\/produkt\\\/trinkglas-club-no-1-superglas-250-ml-4er-set-crystal-clear\\\/\",\"url\":\"https:\\\/\\\/shop.bantam.ch\\\/de\\\/produkt\\\/trinkglas-club-no-1-superglas-250-ml-4er-set-crystal-clear\\\/\",\"name\":\"Trinkglas koziol CLUB No. 1 Superglas 250 ml, 4er-Set Farbe crystal clear - Bantam\",\"isPartOf\":{\"@id\":\"https:\\\/\\\/shop.bantam.ch\\\/de\\\/#website\"},\"primaryImageOfPage\":{\"@id\":\"https:\\\/\\\/shop.bantam.ch\\\/de\\\/produkt\\\/trinkglas-club-no-1-superglas-250-ml-4er-set-crystal-clear\\\/#primaryimage\"},\"image\":{\"@id\":\"https:\\\/\\\/shop.bantam.ch\\\/de\\\/produkt\\\/trinkglas-club-no-1-superglas-250-ml-4er-set-crystal-clear\\\/#primaryimage\"},\"thumbnailUrl\":\"https:\\\/\\\/shop.bantam.ch\\\/wp-content\\\/uploads\\\/2023\\\/03\\\/9984719100.jpg\",\"datePublished\":\"2023-03-01T00:18:06+00:00\",\"dateModified\":\"2026-05-03T19:52:09+00:00\",\"breadcrumb\":{\"@id\":\"https:\\\/\\\/shop.bantam.ch\\\/de\\\/produkt\\\/trinkglas-club-no-1-superglas-250-ml-4er-set-crystal-clear\\\/#breadcrumb\"},\"inLanguage\":\"de\",\"potentialAction\":[{\"@type\":\"ReadAction\",\"target\":[\"https:\\\/\\\/shop.bantam.ch\\\/de\\\/produkt\\\/trinkglas-club-no-1-superglas-250-ml-4er-set-crystal-clear\\\/\"]}]},{\"@type\":\"ImageObject\",\"inLanguage\":\"de\",\"@id\":\"https:\\\/\\\/shop.bantam.ch\\\/de\\\/produkt\\\/trinkglas-club-no-1-superglas-250-ml-4er-set-crystal-clear\\\/#primaryimage\",\"url\":\"https:\\\/\\\/shop.bantam.ch\\\/wp-content\\\/uploads\\\/2023\\\/03\\\/9984719100.jpg\",\"contentUrl\":\"https:\\\/\\\/shop.bantam.ch\\\/wp-content\\\/uploads\\\/2023\\\/03\\\/9984719100.jpg\",\"width\":745,\"height\":1000},{\"@type\":\"BreadcrumbList\",\"@id\":\"https:\\\/\\\/shop.bantam.ch\\\/de\\\/produkt\\\/trinkglas-club-no-1-superglas-250-ml-4er-set-crystal-clear\\\/#breadcrumb\",\"itemListElement\":[{\"@type\":\"ListItem\",\"position\":1,\"name\":\"Accueil\",\"item\":\"https:\\\/\\\/shop.bantam.ch\\\/de\\\/\"},{\"@type\":\"ListItem\",\"position\":2,\"name\":\"Shop\",\"item\":\"https:\\\/\\\/shop.bantam.ch\\\/de\\\/shop\\\/\"},{\"@type\":\"ListItem\",\"position\":3,\"name\":\"Trinkglas koziol CLUB No. 1 Superglas 250 ml, 4er-Set Farbe crystal clear\"}]},{\"@type\":\"WebSite\",\"@id\":\"https:\\\/\\\/shop.bantam.ch\\\/de\\\/#website\",\"url\":\"https:\\\/\\\/shop.bantam.ch\\\/de\\\/\",\"name\":\"Bantam\",\"description\":\"\",\"publisher\":{\"@id\":\"https:\\\/\\\/shop.bantam.ch\\\/de\\\/#organization\"},\"inLanguage\":\"de\"},{\"@type\":\"Organization\",\"@id\":\"https:\\\/\\\/shop.bantam.ch\\\/de\\\/#organization\",\"name\":\"Bantam\",\"url\":\"https:\\\/\\\/shop.bantam.ch\\\/de\\\/\",\"logo\":{\"@type\":\"ImageObject\",\"inLanguage\":\"de\",\"@id\":\"https:\\\/\\\/shop.bantam.ch\\\/de\\\/#\\\/schema\\\/logo\\\/image\\\/\",\"url\":\"https:\\\/\\\/shop.bantam.ch\\\/wp-content\\\/uploads\\\/2022\\\/12\\\/bantam-logo.png\",\"contentUrl\":\"https:\\\/\\\/shop.bantam.ch\\\/wp-content\\\/uploads\\\/2022\\\/12\\\/bantam-logo.png\",\"width\":320,\"height\":71,\"caption\":\"Bantam\"},\"image\":{\"@id\":\"https:\\\/\\\/shop.bantam.ch\\\/de\\\/#\\\/schema\\\/logo\\\/image\\\/\"}}]}<\/script>\n<!-- \/ Yoast SEO plugin. -->","yoast_head_json":{"title":"Trinkglas koziol CLUB No. 1 Superglas 250 ml, 4er-Set Farbe crystal clear - Bantam","robots":{"index":"index","follow":"follow","max-snippet":"max-snippet:-1","max-image-preview":"max-image-preview:large","max-video-preview":"max-video-preview:-1"},"canonical":"https:\/\/shop.bantam.ch\/de\/produkt\/trinkglas-club-no-1-superglas-250-ml-4er-set-crystal-clear\/","og_locale":"de_DE","og_type":"article","og_title":"Trinkglas koziol CLUB No. 1 Superglas 250 ml, 4er-Set Farbe crystal clear - Bantam","og_description":"Wir sehen uns drau\u00dfen mit CLUB NO.1! Das Supermaterial verkraftet selbst Weitw\u00fcrfe ohne Kratzer oder Scherben und macht die Gl\u00e4ser ideal f\u00fcr Outdoorbereiche wie Terrasse oder Balkon und \u00fcberall dort, wo man Scherben keinesfalls gebrauchen kann. Die Gl\u00e4ser lassen sich perfekt in der Sp\u00fclmaschine reinigen und sind immer wiederverwendbar. Bei allen Freiluft-Festivit\u00e4ten ist es dabei, [&hellip;]","og_url":"https:\/\/shop.bantam.ch\/de\/produkt\/trinkglas-club-no-1-superglas-250-ml-4er-set-crystal-clear\/","og_site_name":"Bantam","article_modified_time":"2026-05-03T19:52:09+00:00","og_image":[{"width":745,"height":1000,"url":"https:\/\/shop.bantam.ch\/wp-content\/uploads\/2023\/03\/9984719100.jpg","type":"image\/jpeg"}],"twitter_card":"summary_large_image","twitter_misc":{"Gesch\u00e4tzte Lesezeit":"1\u00a0Minute"},"schema":{"@context":"https:\/\/schema.org","@graph":[{"@type":"WebPage","@id":"https:\/\/shop.bantam.ch\/de\/produkt\/trinkglas-club-no-1-superglas-250-ml-4er-set-crystal-clear\/","url":"https:\/\/shop.bantam.ch\/de\/produkt\/trinkglas-club-no-1-superglas-250-ml-4er-set-crystal-clear\/","name":"Trinkglas koziol CLUB No. 1 Superglas 250 ml, 4er-Set Farbe crystal clear - Bantam","isPartOf":{"@id":"https:\/\/shop.bantam.ch\/de\/#website"},"primaryImageOfPage":{"@id":"https:\/\/shop.bantam.ch\/de\/produkt\/trinkglas-club-no-1-superglas-250-ml-4er-set-crystal-clear\/#primaryimage"},"image":{"@id":"https:\/\/shop.bantam.ch\/de\/produkt\/trinkglas-club-no-1-superglas-250-ml-4er-set-crystal-clear\/#primaryimage"},"thumbnailUrl":"https:\/\/shop.bantam.ch\/wp-content\/uploads\/2023\/03\/9984719100.jpg","datePublished":"2023-03-01T00:18:06+00:00","dateModified":"2026-05-03T19:52:09+00:00","breadcrumb":{"@id":"https:\/\/shop.bantam.ch\/de\/produkt\/trinkglas-club-no-1-superglas-250-ml-4er-set-crystal-clear\/#breadcrumb"},"inLanguage":"de","potentialAction":[{"@type":"ReadAction","target":["https:\/\/shop.bantam.ch\/de\/produkt\/trinkglas-club-no-1-superglas-250-ml-4er-set-crystal-clear\/"]}]},{"@type":"ImageObject","inLanguage":"de","@id":"https:\/\/shop.bantam.ch\/de\/produkt\/trinkglas-club-no-1-superglas-250-ml-4er-set-crystal-clear\/#primaryimage","url":"https:\/\/shop.bantam.ch\/wp-content\/uploads\/2023\/03\/9984719100.jpg","contentUrl":"https:\/\/shop.bantam.ch\/wp-content\/uploads\/2023\/03\/9984719100.jpg","width":745,"height":1000},{"@type":"BreadcrumbList","@id":"https:\/\/shop.bantam.ch\/de\/produkt\/trinkglas-club-no-1-superglas-250-ml-4er-set-crystal-clear\/#breadcrumb","itemListElement":[{"@type":"ListItem","position":1,"name":"Accueil","item":"https:\/\/shop.bantam.ch\/de\/"},{"@type":"ListItem","position":2,"name":"Shop","item":"https:\/\/shop.bantam.ch\/de\/shop\/"},{"@type":"ListItem","position":3,"name":"Trinkglas koziol CLUB No. 1 Superglas 250 ml, 4er-Set Farbe crystal clear"}]},{"@type":"WebSite","@id":"https:\/\/shop.bantam.ch\/de\/#website","url":"https:\/\/shop.bantam.ch\/de\/","name":"Bantam","description":"","publisher":{"@id":"https:\/\/shop.bantam.ch\/de\/#organization"},"inLanguage":"de"},{"@type":"Organization","@id":"https:\/\/shop.bantam.ch\/de\/#organization","name":"Bantam","url":"https:\/\/shop.bantam.ch\/de\/","logo":{"@type":"ImageObject","inLanguage":"de","@id":"https:\/\/shop.bantam.ch\/de\/#\/schema\/logo\/image\/","url":"https:\/\/shop.bantam.ch\/wp-content\/uploads\/2022\/12\/bantam-logo.png","contentUrl":"https:\/\/shop.bantam.ch\/wp-content\/uploads\/2022\/12\/bantam-logo.png","width":320,"height":71,"caption":"Bantam"},"image":{"@id":"https:\/\/shop.bantam.ch\/de\/#\/schema\/logo\/image\/"}}]}},"_links":{"self":[{"href":"https:\/\/shop.bantam.ch\/de\/wp-json\/wp\/v2\/product\/127217","targetHints":{"allow":["GET"]}}],"collection":[{"href":"https:\/\/shop.bantam.ch\/de\/wp-json\/wp\/v2\/product"}],"about":[{"href":"https:\/\/shop.bantam.ch\/de\/wp-json\/wp\/v2\/types\/product"}],"wp:featuredmedia":[{"embeddable":true,"href":"https:\/\/shop.bantam.ch\/de\/wp-json\/wp\/v2\/media\/127209"}],"wp:attachment":[{"href":"https:\/\/shop.bantam.ch\/de\/wp-json\/wp\/v2\/media?parent=127217"}],"wp:term":[{"taxonomy":"product_featured_cat","embeddable":true,"href":"https:\/\/shop.bantam.ch\/de\/wp-json\/wp\/v2\/product_featured_cat?post=127217"},{"taxonomy":"product_brand","embeddable":true,"href":"https:\/\/shop.bantam.ch\/de\/wp-json\/wp\/v2\/product_brand?post=127217"},{"taxonomy":"product_cat","embeddable":true,"href":"https:\/\/shop.bantam.ch\/de\/wp-json\/wp\/v2\/product_cat?post=127217"},{"taxonomy":"product_tag","embeddable":true,"href":"https:\/\/shop.bantam.ch\/de\/wp-json\/wp\/v2\/product_tag?post=127217"}],"curies":[{"name":"wp","href":"https:\/\/api.w.org\/{rel}","templated":true}]}}