{"id":127003,"date":"2023-03-01T01:15:11","date_gmt":"2023-03-01T00:15:11","guid":{"rendered":"https:\/\/shop.bantam.ch\/produit\/fahrradtraeger-fluegeltuerkupplungstraeger-sd260\/"},"modified":"2026-04-17T21:52:43","modified_gmt":"2026-04-17T19:52:43","slug":"fahrradtraeger-fluegeltuerkupplungstraeger-sd260","status":"publish","type":"product","link":"https:\/\/shop.bantam.ch\/de\/produkt\/fahrradtraeger-fluegeltuerkupplungstraeger-sd260\/","title":{"rendered":"Fahrradtr\u00e4ger EUFAB Fl\u00fcgelt\u00fcr- kupplungstr\u00e4ger SD260 Traglast 60 kg, 2 Fahrr\u00e4der"},"content":{"rendered":"<p>Zum Transportieren von Fahrr\u00e4dern auf der Anh\u00e4ngerkupplung speziell f\u00fcr Kastenwagen und Wohnmobile, Familienbusse, Hochdachkombis mit Fl\u00fcgelt\u00fcren sowie PKWs. 70cm Schiebeweg erm\u00f6glicht die \u00d6ffnung von bis zu ca. 85cm breiten T\u00fcren.<\/p>\n<ul>\n<li>Strap-Rahmenhalter speziell f\u00fcr empfindliche Rahmen<\/li>\n<li>Einfache und schnelle Montage mit Schnellverschluss-System<\/li>\n<li>Auch f\u00fcr Fahrr\u00e4der mit Oversize und Y-Rahmen geeignet<\/li>\n<li>Passen f\u00fcr nahezu alle Anh\u00e4ngerkupplungstypen<\/li>\n<li>Mit verstellbarem Kennzeichenhalter, auch f\u00fcr \u00d6sterreich passend<\/li>\n<li>Kompaktes Stauma\u00df<\/li>\n<li>E-Bike geeignet: Max. Belastung der einzelnen Schienen 30 kg<\/li>\n<li>Ausziehbar um 70 cm<\/li>\n<li>Schienenabstand ca. 24 cm<\/li>\n<li>Max. Reifenbreite in der Schiene bis 3,25 Zoll<\/li>\n<li>Beleuchtungsanschluss 13-poliger Stecker<\/li>\n<\/ul>\n","protected":false},"excerpt":{"rendered":"<p>Zum Transportieren von Fahrr\u00e4dern auf der Anh\u00e4ngerkupplung speziell f\u00fcr Kastenwagen und Wohnmobile, Familienbusse, Hochdachkombis mit Fl\u00fcgelt\u00fcren sowie PKWs. 70cm Schiebeweg erm\u00f6glicht die \u00d6ffnung von bis zu ca. 85cm breiten T\u00fcren. Strap-Rahmenhalter speziell f\u00fcr empfindliche Rahmen Einfache und schnelle Montage mit Schnellverschluss-System Auch f\u00fcr Fahrr\u00e4der mit Oversize und Y-Rahmen geeignet Passen f\u00fcr nahezu alle Anh\u00e4ngerkupplungstypen Mit [&hellip;]<\/p>\n","protected":false},"featured_media":126971,"template":"","meta":{"_acf_changed":false},"product_featured_cat":[],"product_brand":[3571],"product_cat":[4694],"product_tag":[],"class_list":{"0":"post-127003","1":"product","2":"type-product","3":"status-publish","4":"has-post-thumbnail","6":"product_brand-las-de","7":"product_cat-kupplungs-fahrradtraeger","9":"first","10":"instock","11":"taxable","12":"shipping-taxable","13":"purchasable","14":"product-type-simple"},"acf":[],"yoast_head":"<!-- This site is optimized with the Yoast SEO plugin v27.4 - https:\/\/yoast.com\/product\/yoast-seo-wordpress\/ -->\n<title>Fahrradtr\u00e4ger EUFAB Fl\u00fcgelt\u00fcr- kupplungstr\u00e4ger SD260 Traglast 60 kg, 2 Fahrr\u00e4der - Bantam Camping AG<\/title>\n<meta name=\"robots\" content=\"index, follow, max-snippet:-1, max-image-preview:large, max-video-preview:-1\" \/>\n<link rel=\"canonical\" href=\"https:\/\/shop.bantam.ch\/de\/produkt\/fahrradtraeger-fluegeltuerkupplungstraeger-sd260\/\" \/>\n<meta property=\"og:locale\" content=\"de_DE\" \/>\n<meta property=\"og:type\" content=\"article\" \/>\n<meta property=\"og:title\" content=\"Fahrradtr\u00e4ger EUFAB Fl\u00fcgelt\u00fcr- kupplungstr\u00e4ger SD260 Traglast 60 kg, 2 Fahrr\u00e4der - Bantam Camping AG\" \/>\n<meta property=\"og:description\" content=\"Zum Transportieren von Fahrr\u00e4dern auf der Anh\u00e4ngerkupplung speziell f\u00fcr Kastenwagen und Wohnmobile, Familienbusse, Hochdachkombis mit Fl\u00fcgelt\u00fcren sowie PKWs. 70cm Schiebeweg erm\u00f6glicht die \u00d6ffnung von bis zu ca. 85cm breiten T\u00fcren. Strap-Rahmenhalter speziell f\u00fcr empfindliche Rahmen Einfache und schnelle Montage mit Schnellverschluss-System Auch f\u00fcr Fahrr\u00e4der mit Oversize und Y-Rahmen geeignet Passen f\u00fcr nahezu alle Anh\u00e4ngerkupplungstypen Mit [&hellip;]\" \/>\n<meta property=\"og:url\" content=\"https:\/\/shop.bantam.ch\/de\/produkt\/fahrradtraeger-fluegeltuerkupplungstraeger-sd260\/\" \/>\n<meta property=\"og:site_name\" content=\"Bantam Camping AG\" \/>\n<meta property=\"article:modified_time\" content=\"2026-04-17T19:52:43+00:00\" \/>\n<meta property=\"og:image\" content=\"https:\/\/shop.bantam.ch\/wp-content\/uploads\/2023\/03\/9944802100-scaled.jpg\" \/>\n\t<meta property=\"og:image:width\" content=\"2500\" \/>\n\t<meta property=\"og:image:height\" content=\"1900\" \/>\n\t<meta property=\"og:image:type\" content=\"image\/jpeg\" \/>\n<meta name=\"twitter:card\" content=\"summary_large_image\" \/>\n<meta name=\"twitter:label1\" content=\"Gesch\u00e4tzte Lesezeit\" \/>\n\t<meta name=\"twitter:data1\" content=\"1\u00a0Minute\" \/>\n<script type=\"application\/ld+json\" class=\"yoast-schema-graph\">{\"@context\":\"https:\\\/\\\/schema.org\",\"@graph\":[{\"@type\":\"WebPage\",\"@id\":\"https:\\\/\\\/shop.bantam.ch\\\/de\\\/produkt\\\/fahrradtraeger-fluegeltuerkupplungstraeger-sd260\\\/\",\"url\":\"https:\\\/\\\/shop.bantam.ch\\\/de\\\/produkt\\\/fahrradtraeger-fluegeltuerkupplungstraeger-sd260\\\/\",\"name\":\"Fahrradtr\u00e4ger EUFAB Fl\u00fcgelt\u00fcr- kupplungstr\u00e4ger SD260 Traglast 60 kg, 2 Fahrr\u00e4der - Bantam Camping AG\",\"isPartOf\":{\"@id\":\"https:\\\/\\\/shop.bantam.ch\\\/de\\\/#website\"},\"primaryImageOfPage\":{\"@id\":\"https:\\\/\\\/shop.bantam.ch\\\/de\\\/produkt\\\/fahrradtraeger-fluegeltuerkupplungstraeger-sd260\\\/#primaryimage\"},\"image\":{\"@id\":\"https:\\\/\\\/shop.bantam.ch\\\/de\\\/produkt\\\/fahrradtraeger-fluegeltuerkupplungstraeger-sd260\\\/#primaryimage\"},\"thumbnailUrl\":\"https:\\\/\\\/shop.bantam.ch\\\/wp-content\\\/uploads\\\/2023\\\/03\\\/9944802100-scaled.jpg\",\"datePublished\":\"2023-03-01T00:15:11+00:00\",\"dateModified\":\"2026-04-17T19:52:43+00:00\",\"breadcrumb\":{\"@id\":\"https:\\\/\\\/shop.bantam.ch\\\/de\\\/produkt\\\/fahrradtraeger-fluegeltuerkupplungstraeger-sd260\\\/#breadcrumb\"},\"inLanguage\":\"de\",\"potentialAction\":[{\"@type\":\"ReadAction\",\"target\":[\"https:\\\/\\\/shop.bantam.ch\\\/de\\\/produkt\\\/fahrradtraeger-fluegeltuerkupplungstraeger-sd260\\\/\"]}]},{\"@type\":\"ImageObject\",\"inLanguage\":\"de\",\"@id\":\"https:\\\/\\\/shop.bantam.ch\\\/de\\\/produkt\\\/fahrradtraeger-fluegeltuerkupplungstraeger-sd260\\\/#primaryimage\",\"url\":\"https:\\\/\\\/shop.bantam.ch\\\/wp-content\\\/uploads\\\/2023\\\/03\\\/9944802100-scaled.jpg\",\"contentUrl\":\"https:\\\/\\\/shop.bantam.ch\\\/wp-content\\\/uploads\\\/2023\\\/03\\\/9944802100-scaled.jpg\",\"width\":2048,\"height\":1556},{\"@type\":\"BreadcrumbList\",\"@id\":\"https:\\\/\\\/shop.bantam.ch\\\/de\\\/produkt\\\/fahrradtraeger-fluegeltuerkupplungstraeger-sd260\\\/#breadcrumb\",\"itemListElement\":[{\"@type\":\"ListItem\",\"position\":1,\"name\":\"Accueil\",\"item\":\"https:\\\/\\\/shop.bantam.ch\\\/de\\\/\"},{\"@type\":\"ListItem\",\"position\":2,\"name\":\"Shop\",\"item\":\"https:\\\/\\\/shop.bantam.ch\\\/de\\\/shop\\\/\"},{\"@type\":\"ListItem\",\"position\":3,\"name\":\"Fahrradtr\u00e4ger EUFAB Fl\u00fcgelt\u00fcr- kupplungstr\u00e4ger SD260 Traglast 60 kg, 2 Fahrr\u00e4der\"}]},{\"@type\":\"WebSite\",\"@id\":\"https:\\\/\\\/shop.bantam.ch\\\/de\\\/#website\",\"url\":\"https:\\\/\\\/shop.bantam.ch\\\/de\\\/\",\"name\":\"Bantam Camping AG\",\"description\":\"\",\"publisher\":{\"@id\":\"https:\\\/\\\/shop.bantam.ch\\\/de\\\/#organization\"},\"inLanguage\":\"de\"},{\"@type\":\"Organization\",\"@id\":\"https:\\\/\\\/shop.bantam.ch\\\/de\\\/#organization\",\"name\":\"Bantam Camping AG\",\"url\":\"https:\\\/\\\/shop.bantam.ch\\\/de\\\/\",\"logo\":{\"@type\":\"ImageObject\",\"inLanguage\":\"de\",\"@id\":\"https:\\\/\\\/shop.bantam.ch\\\/de\\\/#\\\/schema\\\/logo\\\/image\\\/\",\"url\":\"https:\\\/\\\/shop.bantam.ch\\\/wp-content\\\/uploads\\\/2022\\\/12\\\/bantam-logo.png\",\"contentUrl\":\"https:\\\/\\\/shop.bantam.ch\\\/wp-content\\\/uploads\\\/2022\\\/12\\\/bantam-logo.png\",\"width\":320,\"height\":71,\"caption\":\"Bantam Camping AG\"},\"image\":{\"@id\":\"https:\\\/\\\/shop.bantam.ch\\\/de\\\/#\\\/schema\\\/logo\\\/image\\\/\"}}]}<\/script>\n<!-- \/ Yoast SEO plugin. -->","yoast_head_json":{"title":"Fahrradtr\u00e4ger EUFAB Fl\u00fcgelt\u00fcr- kupplungstr\u00e4ger SD260 Traglast 60 kg, 2 Fahrr\u00e4der - Bantam Camping AG","robots":{"index":"index","follow":"follow","max-snippet":"max-snippet:-1","max-image-preview":"max-image-preview:large","max-video-preview":"max-video-preview:-1"},"canonical":"https:\/\/shop.bantam.ch\/de\/produkt\/fahrradtraeger-fluegeltuerkupplungstraeger-sd260\/","og_locale":"de_DE","og_type":"article","og_title":"Fahrradtr\u00e4ger EUFAB Fl\u00fcgelt\u00fcr- kupplungstr\u00e4ger SD260 Traglast 60 kg, 2 Fahrr\u00e4der - Bantam Camping AG","og_description":"Zum Transportieren von Fahrr\u00e4dern auf der Anh\u00e4ngerkupplung speziell f\u00fcr Kastenwagen und Wohnmobile, Familienbusse, Hochdachkombis mit Fl\u00fcgelt\u00fcren sowie PKWs. 70cm Schiebeweg erm\u00f6glicht die \u00d6ffnung von bis zu ca. 85cm breiten T\u00fcren. Strap-Rahmenhalter speziell f\u00fcr empfindliche Rahmen Einfache und schnelle Montage mit Schnellverschluss-System Auch f\u00fcr Fahrr\u00e4der mit Oversize und Y-Rahmen geeignet Passen f\u00fcr nahezu alle Anh\u00e4ngerkupplungstypen Mit [&hellip;]","og_url":"https:\/\/shop.bantam.ch\/de\/produkt\/fahrradtraeger-fluegeltuerkupplungstraeger-sd260\/","og_site_name":"Bantam Camping AG","article_modified_time":"2026-04-17T19:52:43+00:00","og_image":[{"width":2500,"height":1900,"url":"https:\/\/shop.bantam.ch\/wp-content\/uploads\/2023\/03\/9944802100-scaled.jpg","type":"image\/jpeg"}],"twitter_card":"summary_large_image","twitter_misc":{"Gesch\u00e4tzte Lesezeit":"1\u00a0Minute"},"schema":{"@context":"https:\/\/schema.org","@graph":[{"@type":"WebPage","@id":"https:\/\/shop.bantam.ch\/de\/produkt\/fahrradtraeger-fluegeltuerkupplungstraeger-sd260\/","url":"https:\/\/shop.bantam.ch\/de\/produkt\/fahrradtraeger-fluegeltuerkupplungstraeger-sd260\/","name":"Fahrradtr\u00e4ger EUFAB Fl\u00fcgelt\u00fcr- kupplungstr\u00e4ger SD260 Traglast 60 kg, 2 Fahrr\u00e4der - Bantam Camping AG","isPartOf":{"@id":"https:\/\/shop.bantam.ch\/de\/#website"},"primaryImageOfPage":{"@id":"https:\/\/shop.bantam.ch\/de\/produkt\/fahrradtraeger-fluegeltuerkupplungstraeger-sd260\/#primaryimage"},"image":{"@id":"https:\/\/shop.bantam.ch\/de\/produkt\/fahrradtraeger-fluegeltuerkupplungstraeger-sd260\/#primaryimage"},"thumbnailUrl":"https:\/\/shop.bantam.ch\/wp-content\/uploads\/2023\/03\/9944802100-scaled.jpg","datePublished":"2023-03-01T00:15:11+00:00","dateModified":"2026-04-17T19:52:43+00:00","breadcrumb":{"@id":"https:\/\/shop.bantam.ch\/de\/produkt\/fahrradtraeger-fluegeltuerkupplungstraeger-sd260\/#breadcrumb"},"inLanguage":"de","potentialAction":[{"@type":"ReadAction","target":["https:\/\/shop.bantam.ch\/de\/produkt\/fahrradtraeger-fluegeltuerkupplungstraeger-sd260\/"]}]},{"@type":"ImageObject","inLanguage":"de","@id":"https:\/\/shop.bantam.ch\/de\/produkt\/fahrradtraeger-fluegeltuerkupplungstraeger-sd260\/#primaryimage","url":"https:\/\/shop.bantam.ch\/wp-content\/uploads\/2023\/03\/9944802100-scaled.jpg","contentUrl":"https:\/\/shop.bantam.ch\/wp-content\/uploads\/2023\/03\/9944802100-scaled.jpg","width":2048,"height":1556},{"@type":"BreadcrumbList","@id":"https:\/\/shop.bantam.ch\/de\/produkt\/fahrradtraeger-fluegeltuerkupplungstraeger-sd260\/#breadcrumb","itemListElement":[{"@type":"ListItem","position":1,"name":"Accueil","item":"https:\/\/shop.bantam.ch\/de\/"},{"@type":"ListItem","position":2,"name":"Shop","item":"https:\/\/shop.bantam.ch\/de\/shop\/"},{"@type":"ListItem","position":3,"name":"Fahrradtr\u00e4ger EUFAB Fl\u00fcgelt\u00fcr- kupplungstr\u00e4ger SD260 Traglast 60 kg, 2 Fahrr\u00e4der"}]},{"@type":"WebSite","@id":"https:\/\/shop.bantam.ch\/de\/#website","url":"https:\/\/shop.bantam.ch\/de\/","name":"Bantam Camping AG","description":"","publisher":{"@id":"https:\/\/shop.bantam.ch\/de\/#organization"},"inLanguage":"de"},{"@type":"Organization","@id":"https:\/\/shop.bantam.ch\/de\/#organization","name":"Bantam Camping AG","url":"https:\/\/shop.bantam.ch\/de\/","logo":{"@type":"ImageObject","inLanguage":"de","@id":"https:\/\/shop.bantam.ch\/de\/#\/schema\/logo\/image\/","url":"https:\/\/shop.bantam.ch\/wp-content\/uploads\/2022\/12\/bantam-logo.png","contentUrl":"https:\/\/shop.bantam.ch\/wp-content\/uploads\/2022\/12\/bantam-logo.png","width":320,"height":71,"caption":"Bantam Camping AG"},"image":{"@id":"https:\/\/shop.bantam.ch\/de\/#\/schema\/logo\/image\/"}}]}},"_links":{"self":[{"href":"https:\/\/shop.bantam.ch\/de\/wp-json\/wp\/v2\/product\/127003","targetHints":{"allow":["GET"]}}],"collection":[{"href":"https:\/\/shop.bantam.ch\/de\/wp-json\/wp\/v2\/product"}],"about":[{"href":"https:\/\/shop.bantam.ch\/de\/wp-json\/wp\/v2\/types\/product"}],"wp:featuredmedia":[{"embeddable":true,"href":"https:\/\/shop.bantam.ch\/de\/wp-json\/wp\/v2\/media\/126971"}],"wp:attachment":[{"href":"https:\/\/shop.bantam.ch\/de\/wp-json\/wp\/v2\/media?parent=127003"}],"wp:term":[{"taxonomy":"product_featured_cat","embeddable":true,"href":"https:\/\/shop.bantam.ch\/de\/wp-json\/wp\/v2\/product_featured_cat?post=127003"},{"taxonomy":"product_brand","embeddable":true,"href":"https:\/\/shop.bantam.ch\/de\/wp-json\/wp\/v2\/product_brand?post=127003"},{"taxonomy":"product_cat","embeddable":true,"href":"https:\/\/shop.bantam.ch\/de\/wp-json\/wp\/v2\/product_cat?post=127003"},{"taxonomy":"product_tag","embeddable":true,"href":"https:\/\/shop.bantam.ch\/de\/wp-json\/wp\/v2\/product_tag?post=127003"}],"curies":[{"name":"wp","href":"https:\/\/api.w.org\/{rel}","templated":true}]}}