{"id":126969,"date":"2023-03-01T01:15:00","date_gmt":"2023-03-01T00:15:00","guid":{"rendered":"https:\/\/shop.bantam.ch\/produit\/batterie-2kwh-lfp\/"},"modified":"2026-04-17T21:52:42","modified_gmt":"2026-04-17T19:52:42","slug":"batterie-2kwh-lfp","status":"publish","type":"product","link":"https:\/\/shop.bantam.ch\/de\/produkt\/batterie-2kwh-lfp\/","title":{"rendered":"Batterie ECOFLOW 2kWh LFP"},"content":{"rendered":"<p>EcoFlow Power Kit Li-Fe Batterie f\u00fcr Power Kit 2 kWh: Erh\u00e4ltlich in zwei Gr\u00f6\u00dfen von 2 kWh als auch 5 kWh (je nach Ausf\u00fchrung), bis zu drei Batterien stapelbar f\u00fcr eine Kapazit\u00e4t von bis zu 15 kWh. Das integrierte BMS sch\u00fctzt die Batterien vor Aktivit\u00e4ten, die \u00fcber ihre Kapazit\u00e4tsgrenzen hinausgehen. Dabei werden Temperatur, Spannung und Strom \u00fcberwacht, sodass Ihr System sich bleibt. Dank der integrierten automatischen Vorw\u00e4rmfunktion k\u00f6nnen Sie die Batterien sicher bei Temperaturen von bis zu -20\u00b0C verwenden. Die Batterien k\u00f6nnen per Plug&amp;Play bequem mit dem Hub des EcoFlow Power Kit Hubs verbunden werden.<\/p>\n<p>Spezifikationen:<\/p>\n<ul>\n<li>2 kWh LFP-Batterie (Je nach Ausf\u00fchrung)<\/li>\n<li>Nettogewicht: Ca. 17,1 kg (37,7 Ibs)<\/li>\n<li>Abmessungen: 348 x 198 x 285 mm (13,7 x 7,8 x 11,2 Zoll)<\/li>\n<li>Nennkapazit\u00e4t: 2048 Wh (40Ah)<\/li>\n<li>Nennspannung: 51,2 V<\/li>\n<li>Konfiguration: 16 S2P<\/li>\n<li>Ladeschlussspannung: 57,6 V<\/li>\n<li>Entladeschlussspannung: 40 V<\/li>\n<li>Max. anhaltender Ladestrom: 32 A<\/li>\n<li>Max. anhaltender Entladestrom: 80 A<\/li>\n<li>Batterie-Chemie: LiFePO4<\/li>\n<li>Lebenszyklus:&nbsp; 3.000 Zyklen bis 80 % Kapazit\u00e4t<\/li>\n<li>IP-Schutzart: IP54<\/li>\n<li>Entladetemperaturbereich: 20 \u00b0C bis 50 \u00b0C (-4 \u00b0F bis 122 \u00b0F)<\/li>\n<li>Ladetemperaturbereich: -20 \u00b0C bis 50 \u00b0C (-4 \u00b0F bis122 \u00b0F) (automatische Erw\u00e4rmung unter 0 \u00b0C (32 \u00b0F))<\/li>\n<li>Luftfeuchtigkeitsbereich: Max. 90 % RH<\/li>\n<li>Lagertemperatur: -20 \u00b0C ~ 50 \u00b0C (-4 \u00b0F ~ 122 \u00b0F) (optimal 15 \u00b0C ~ 25 \u00b0C (59 \u00b0F ~ 77 \u00b0F)<\/li>\n<\/ul>\n","protected":false},"excerpt":{"rendered":"<p>EcoFlow Power Kit Li-Fe Batterie f\u00fcr Power Kit 2 kWh: Erh\u00e4ltlich in zwei Gr\u00f6\u00dfen von 2 kWh als auch 5 kWh (je nach Ausf\u00fchrung), bis zu drei Batterien stapelbar f\u00fcr eine Kapazit\u00e4t von bis zu 15 kWh. Das integrierte BMS sch\u00fctzt die Batterien vor Aktivit\u00e4ten, die \u00fcber ihre Kapazit\u00e4tsgrenzen hinausgehen. Dabei werden Temperatur, Spannung und [&hellip;]<\/p>\n","protected":false},"featured_media":126965,"template":"","meta":{"_acf_changed":false},"product_featured_cat":[],"product_brand":[3629],"product_cat":[5114],"product_tag":[],"class_list":{"0":"post-126969","1":"product","2":"type-product","3":"status-publish","4":"has-post-thumbnail","6":"product_brand-ecoflow-de","7":"product_cat-lithium-batterien","9":"first","10":"instock","11":"taxable","12":"shipping-taxable","13":"purchasable","14":"product-type-simple"},"acf":[],"yoast_head":"<!-- This site is optimized with the Yoast SEO plugin v27.4 - https:\/\/yoast.com\/product\/yoast-seo-wordpress\/ -->\n<title>Batterie ECOFLOW 2kWh LFP - Bantam Camping AG<\/title>\n<meta name=\"robots\" content=\"index, follow, max-snippet:-1, max-image-preview:large, max-video-preview:-1\" \/>\n<link rel=\"canonical\" href=\"https:\/\/shop.bantam.ch\/de\/produkt\/batterie-2kwh-lfp\/\" \/>\n<meta property=\"og:locale\" content=\"de_DE\" \/>\n<meta property=\"og:type\" content=\"article\" \/>\n<meta property=\"og:title\" content=\"Batterie ECOFLOW 2kWh LFP - Bantam Camping AG\" \/>\n<meta property=\"og:description\" content=\"EcoFlow Power Kit Li-Fe Batterie f\u00fcr Power Kit 2 kWh: Erh\u00e4ltlich in zwei Gr\u00f6\u00dfen von 2 kWh als auch 5 kWh (je nach Ausf\u00fchrung), bis zu drei Batterien stapelbar f\u00fcr eine Kapazit\u00e4t von bis zu 15 kWh. Das integrierte BMS sch\u00fctzt die Batterien vor Aktivit\u00e4ten, die \u00fcber ihre Kapazit\u00e4tsgrenzen hinausgehen. Dabei werden Temperatur, Spannung und [&hellip;]\" \/>\n<meta property=\"og:url\" content=\"https:\/\/shop.bantam.ch\/de\/produkt\/batterie-2kwh-lfp\/\" \/>\n<meta property=\"og:site_name\" content=\"Bantam Camping AG\" \/>\n<meta property=\"article:modified_time\" content=\"2026-04-17T19:52:42+00:00\" \/>\n<meta property=\"og:image\" content=\"https:\/\/shop.bantam.ch\/wp-content\/uploads\/2023\/03\/994370811.png\" \/>\n\t<meta property=\"og:image:width\" content=\"600\" \/>\n\t<meta property=\"og:image:height\" content=\"600\" \/>\n\t<meta property=\"og:image:type\" content=\"image\/png\" \/>\n<meta name=\"twitter:card\" content=\"summary_large_image\" \/>\n<meta name=\"twitter:label1\" content=\"Gesch\u00e4tzte Lesezeit\" \/>\n\t<meta name=\"twitter:data1\" content=\"1\u00a0Minute\" \/>\n<script type=\"application\/ld+json\" class=\"yoast-schema-graph\">{\"@context\":\"https:\\\/\\\/schema.org\",\"@graph\":[{\"@type\":\"WebPage\",\"@id\":\"https:\\\/\\\/shop.bantam.ch\\\/de\\\/produkt\\\/batterie-2kwh-lfp\\\/\",\"url\":\"https:\\\/\\\/shop.bantam.ch\\\/de\\\/produkt\\\/batterie-2kwh-lfp\\\/\",\"name\":\"Batterie ECOFLOW 2kWh LFP - Bantam Camping AG\",\"isPartOf\":{\"@id\":\"https:\\\/\\\/shop.bantam.ch\\\/de\\\/#website\"},\"primaryImageOfPage\":{\"@id\":\"https:\\\/\\\/shop.bantam.ch\\\/de\\\/produkt\\\/batterie-2kwh-lfp\\\/#primaryimage\"},\"image\":{\"@id\":\"https:\\\/\\\/shop.bantam.ch\\\/de\\\/produkt\\\/batterie-2kwh-lfp\\\/#primaryimage\"},\"thumbnailUrl\":\"https:\\\/\\\/shop.bantam.ch\\\/wp-content\\\/uploads\\\/2023\\\/03\\\/994370811.png\",\"datePublished\":\"2023-03-01T00:15:00+00:00\",\"dateModified\":\"2026-04-17T19:52:42+00:00\",\"breadcrumb\":{\"@id\":\"https:\\\/\\\/shop.bantam.ch\\\/de\\\/produkt\\\/batterie-2kwh-lfp\\\/#breadcrumb\"},\"inLanguage\":\"de\",\"potentialAction\":[{\"@type\":\"ReadAction\",\"target\":[\"https:\\\/\\\/shop.bantam.ch\\\/de\\\/produkt\\\/batterie-2kwh-lfp\\\/\"]}]},{\"@type\":\"ImageObject\",\"inLanguage\":\"de\",\"@id\":\"https:\\\/\\\/shop.bantam.ch\\\/de\\\/produkt\\\/batterie-2kwh-lfp\\\/#primaryimage\",\"url\":\"https:\\\/\\\/shop.bantam.ch\\\/wp-content\\\/uploads\\\/2023\\\/03\\\/994370811.png\",\"contentUrl\":\"https:\\\/\\\/shop.bantam.ch\\\/wp-content\\\/uploads\\\/2023\\\/03\\\/994370811.png\",\"width\":600,\"height\":600},{\"@type\":\"BreadcrumbList\",\"@id\":\"https:\\\/\\\/shop.bantam.ch\\\/de\\\/produkt\\\/batterie-2kwh-lfp\\\/#breadcrumb\",\"itemListElement\":[{\"@type\":\"ListItem\",\"position\":1,\"name\":\"Accueil\",\"item\":\"https:\\\/\\\/shop.bantam.ch\\\/de\\\/\"},{\"@type\":\"ListItem\",\"position\":2,\"name\":\"Shop\",\"item\":\"https:\\\/\\\/shop.bantam.ch\\\/de\\\/shop\\\/\"},{\"@type\":\"ListItem\",\"position\":3,\"name\":\"Batterie ECOFLOW 2kWh LFP\"}]},{\"@type\":\"WebSite\",\"@id\":\"https:\\\/\\\/shop.bantam.ch\\\/de\\\/#website\",\"url\":\"https:\\\/\\\/shop.bantam.ch\\\/de\\\/\",\"name\":\"Bantam Camping AG\",\"description\":\"\",\"publisher\":{\"@id\":\"https:\\\/\\\/shop.bantam.ch\\\/de\\\/#organization\"},\"inLanguage\":\"de\"},{\"@type\":\"Organization\",\"@id\":\"https:\\\/\\\/shop.bantam.ch\\\/de\\\/#organization\",\"name\":\"Bantam Camping AG\",\"url\":\"https:\\\/\\\/shop.bantam.ch\\\/de\\\/\",\"logo\":{\"@type\":\"ImageObject\",\"inLanguage\":\"de\",\"@id\":\"https:\\\/\\\/shop.bantam.ch\\\/de\\\/#\\\/schema\\\/logo\\\/image\\\/\",\"url\":\"https:\\\/\\\/shop.bantam.ch\\\/wp-content\\\/uploads\\\/2022\\\/12\\\/bantam-logo.png\",\"contentUrl\":\"https:\\\/\\\/shop.bantam.ch\\\/wp-content\\\/uploads\\\/2022\\\/12\\\/bantam-logo.png\",\"width\":320,\"height\":71,\"caption\":\"Bantam Camping AG\"},\"image\":{\"@id\":\"https:\\\/\\\/shop.bantam.ch\\\/de\\\/#\\\/schema\\\/logo\\\/image\\\/\"}}]}<\/script>\n<!-- \/ Yoast SEO plugin. -->","yoast_head_json":{"title":"Batterie ECOFLOW 2kWh LFP - Bantam Camping AG","robots":{"index":"index","follow":"follow","max-snippet":"max-snippet:-1","max-image-preview":"max-image-preview:large","max-video-preview":"max-video-preview:-1"},"canonical":"https:\/\/shop.bantam.ch\/de\/produkt\/batterie-2kwh-lfp\/","og_locale":"de_DE","og_type":"article","og_title":"Batterie ECOFLOW 2kWh LFP - Bantam Camping AG","og_description":"EcoFlow Power Kit Li-Fe Batterie f\u00fcr Power Kit 2 kWh: Erh\u00e4ltlich in zwei Gr\u00f6\u00dfen von 2 kWh als auch 5 kWh (je nach Ausf\u00fchrung), bis zu drei Batterien stapelbar f\u00fcr eine Kapazit\u00e4t von bis zu 15 kWh. Das integrierte BMS sch\u00fctzt die Batterien vor Aktivit\u00e4ten, die \u00fcber ihre Kapazit\u00e4tsgrenzen hinausgehen. Dabei werden Temperatur, Spannung und [&hellip;]","og_url":"https:\/\/shop.bantam.ch\/de\/produkt\/batterie-2kwh-lfp\/","og_site_name":"Bantam Camping AG","article_modified_time":"2026-04-17T19:52:42+00:00","og_image":[{"width":600,"height":600,"url":"https:\/\/shop.bantam.ch\/wp-content\/uploads\/2023\/03\/994370811.png","type":"image\/png"}],"twitter_card":"summary_large_image","twitter_misc":{"Gesch\u00e4tzte Lesezeit":"1\u00a0Minute"},"schema":{"@context":"https:\/\/schema.org","@graph":[{"@type":"WebPage","@id":"https:\/\/shop.bantam.ch\/de\/produkt\/batterie-2kwh-lfp\/","url":"https:\/\/shop.bantam.ch\/de\/produkt\/batterie-2kwh-lfp\/","name":"Batterie ECOFLOW 2kWh LFP - Bantam Camping AG","isPartOf":{"@id":"https:\/\/shop.bantam.ch\/de\/#website"},"primaryImageOfPage":{"@id":"https:\/\/shop.bantam.ch\/de\/produkt\/batterie-2kwh-lfp\/#primaryimage"},"image":{"@id":"https:\/\/shop.bantam.ch\/de\/produkt\/batterie-2kwh-lfp\/#primaryimage"},"thumbnailUrl":"https:\/\/shop.bantam.ch\/wp-content\/uploads\/2023\/03\/994370811.png","datePublished":"2023-03-01T00:15:00+00:00","dateModified":"2026-04-17T19:52:42+00:00","breadcrumb":{"@id":"https:\/\/shop.bantam.ch\/de\/produkt\/batterie-2kwh-lfp\/#breadcrumb"},"inLanguage":"de","potentialAction":[{"@type":"ReadAction","target":["https:\/\/shop.bantam.ch\/de\/produkt\/batterie-2kwh-lfp\/"]}]},{"@type":"ImageObject","inLanguage":"de","@id":"https:\/\/shop.bantam.ch\/de\/produkt\/batterie-2kwh-lfp\/#primaryimage","url":"https:\/\/shop.bantam.ch\/wp-content\/uploads\/2023\/03\/994370811.png","contentUrl":"https:\/\/shop.bantam.ch\/wp-content\/uploads\/2023\/03\/994370811.png","width":600,"height":600},{"@type":"BreadcrumbList","@id":"https:\/\/shop.bantam.ch\/de\/produkt\/batterie-2kwh-lfp\/#breadcrumb","itemListElement":[{"@type":"ListItem","position":1,"name":"Accueil","item":"https:\/\/shop.bantam.ch\/de\/"},{"@type":"ListItem","position":2,"name":"Shop","item":"https:\/\/shop.bantam.ch\/de\/shop\/"},{"@type":"ListItem","position":3,"name":"Batterie ECOFLOW 2kWh LFP"}]},{"@type":"WebSite","@id":"https:\/\/shop.bantam.ch\/de\/#website","url":"https:\/\/shop.bantam.ch\/de\/","name":"Bantam Camping AG","description":"","publisher":{"@id":"https:\/\/shop.bantam.ch\/de\/#organization"},"inLanguage":"de"},{"@type":"Organization","@id":"https:\/\/shop.bantam.ch\/de\/#organization","name":"Bantam Camping AG","url":"https:\/\/shop.bantam.ch\/de\/","logo":{"@type":"ImageObject","inLanguage":"de","@id":"https:\/\/shop.bantam.ch\/de\/#\/schema\/logo\/image\/","url":"https:\/\/shop.bantam.ch\/wp-content\/uploads\/2022\/12\/bantam-logo.png","contentUrl":"https:\/\/shop.bantam.ch\/wp-content\/uploads\/2022\/12\/bantam-logo.png","width":320,"height":71,"caption":"Bantam Camping AG"},"image":{"@id":"https:\/\/shop.bantam.ch\/de\/#\/schema\/logo\/image\/"}}]}},"_links":{"self":[{"href":"https:\/\/shop.bantam.ch\/de\/wp-json\/wp\/v2\/product\/126969","targetHints":{"allow":["GET"]}}],"collection":[{"href":"https:\/\/shop.bantam.ch\/de\/wp-json\/wp\/v2\/product"}],"about":[{"href":"https:\/\/shop.bantam.ch\/de\/wp-json\/wp\/v2\/types\/product"}],"wp:featuredmedia":[{"embeddable":true,"href":"https:\/\/shop.bantam.ch\/de\/wp-json\/wp\/v2\/media\/126965"}],"wp:attachment":[{"href":"https:\/\/shop.bantam.ch\/de\/wp-json\/wp\/v2\/media?parent=126969"}],"wp:term":[{"taxonomy":"product_featured_cat","embeddable":true,"href":"https:\/\/shop.bantam.ch\/de\/wp-json\/wp\/v2\/product_featured_cat?post=126969"},{"taxonomy":"product_brand","embeddable":true,"href":"https:\/\/shop.bantam.ch\/de\/wp-json\/wp\/v2\/product_brand?post=126969"},{"taxonomy":"product_cat","embeddable":true,"href":"https:\/\/shop.bantam.ch\/de\/wp-json\/wp\/v2\/product_cat?post=126969"},{"taxonomy":"product_tag","embeddable":true,"href":"https:\/\/shop.bantam.ch\/de\/wp-json\/wp\/v2\/product_tag?post=126969"}],"curies":[{"name":"wp","href":"https:\/\/api.w.org\/{rel}","templated":true}]}}