{"id":126963,"date":"2023-03-01T01:14:53","date_gmt":"2023-03-01T00:14:53","guid":{"rendered":"https:\/\/shop.bantam.ch\/produit\/power-hub-independence-kit\/"},"modified":"2026-04-17T21:52:42","modified_gmt":"2026-04-17T19:52:42","slug":"power-hub-independence-kit","status":"publish","type":"product","link":"https:\/\/shop.bantam.ch\/de\/produkt\/power-hub-independence-kit\/","title":{"rendered":"Power Hub ECOFLOW Independence Kit"},"content":{"rendered":"<p>EcoFlow Independence Kit Prepared Kit mit Monitor: Das EcoFlow Independence Kit l\u00e4sst sich in 2 Varianten kombinieren. zum einen mit einer 2kWh Batterie, zum anderen mit einer 5 kWh Batterie (beide Batterien separat erh\u00e4ltlich). Bei beiden Kit\u00b4s gibt es die M\u00f6glichkeit Batterien zu stapeln, sodass Ihre Power bis zu 4 kWh, bzw. 15 kWh aufger\u00fcstet werden kann. Das Kit bietet Energie f\u00fcr ein sorgenfreies und netzunabh\u00e4ngiges Wohnen und Wohnmobil-Reisen &#8211; und das auf kleinem Raum.&nbsp;<br \/>EcoFlow Power Hub: Der EcoFlow Power Hub verf\u00fcgt \u00fcber ein einfaches Plug and Play Design, mit dem Sie ein Kit von EcoFlow schneller erweitern und anpassen k\u00f6nnen als jede andere Stromversorgungsl\u00f6sung auf dem Markt. Der Power Hub kombiniert zwei MPPT-Solarladeregler, ein Batterieladeger\u00e4t mit MPPT, einen DC-DC Abw\u00e4rtswandler und ein Wechselrichter-Ladeger\u00e4t. Mit wenigen Modulen und d\u00fcnneren Kabeln spart dieses 48V-System Platz und verringert den Installationsaufwand. Das gesamte System kann mit Handy und einer Bluetooth-Verbindung gesteuert werden. Das Wechselrichter-Ladeger\u00e4t verf\u00fcgt \u00fcber einen Bypass-Modus, indem der Netzstrom direkt an AC-Ger\u00e4te geleitet wird. Der X-Boost erm\u00f6glicht das Erreichen einer AC-Leistung von 5000W und der X-Stream hat eine Schnellladung mit 3000W AC-Eingang. Zum Schutz des Generators, passt das Batterieladeger\u00e4t den Strom automatisch an. Der MPPT-Solarregler besitzt einen umfassenden Schutz und einen hervorragenden Umwandlungswirkungsgrad. Sein intelligenter MPPT-Algorithmus erm\u00f6glicht ein schnelles Tracking und optimalen Solarertrag.<\/p>\n<p>Eigenschaften:<\/p>\n<ul>\n<li>Abmessung: 30 x 48 x 14cm<\/li>\n<li>Gewicht: 14kg<\/li>\n<li>Bluetooth, WLAN, mobile App<\/li>\n<li>Lagertemperatur: -25\u00b0C bis 60\u00b0C<\/li>\n<li>Betriebstemperatur: -25\u00b0C bis 60\u00b0C<\/li>\n<li>AC-Haupteingangsspannung: 220-240V<\/li>\n<li>EcoFlow AC\/DC-Verteilerkasten<\/li>\n<\/ul>\n<p>Mit einem einfach zu verdrahtenden Stecker und klaren LED-Anzeigen bietet der intelligente Verteilerkasten eine einfache Einrichtung und macht die Einstellung der Stromverteilung sicherer und \u00fcbersichtlicher.<\/p>\n<p>Eigenschaften:<\/p>\n<ul>\n<li>AC Eingang: 220-240V, 50Hz<\/li>\n<li>Maximaler Eingangsstrom: 30A<\/li>\n<li>DC Ausgang: 10-30V DC<\/li>\n<li>Maximaler Eingangsstrom 70A<\/li>\n<li>Gewicht: 2,6kg<\/li>\n<li>Abmessungen: 354 x 210 x 98mm<\/li>\n<li>Betriebstemperatur: -25\u00b0C bis 60\u00b0C<\/li>\n<li>Lagertemperatur: -25\u00b0C bis 60\u00b0C<\/li>\n<\/ul>\n<p>EcoFlow Konsole: Nach dem montieren Ihrer Touchscreen-Konsole steuern Sie Ihr gesamtes Stromversorgungssystem bequem von Ihrem Wohnmobil oder Haus aus. Behalten Sie den Energieverbrauch im Auge, passen Sie die Einstellungen an und sehen Sie Ihren Energiebedarf auf dem handlichen Bildschirm. Stellen Sie ohne Probleme Ihre 12\/24 DC-Ausgangsspannung, AC-Eingangsfrequenz und -Strom, sowie die Lade- und Entladungsstufen ein. Anschlie\u00dfend k\u00f6nnen Sie den DC-Ausgang und die Echtzeit-Batterieladedaten, einschlie\u00dflich der Ladezeiten \u00fcberwachen. Um immer auf den neuesten Stand zu bleiben, aktualisieren Sie die Firmware. Somit sch\u00fctzen Sie Ihr System und verbessern die Funktionalit\u00e4t.<\/p>\n<p>Lieferumfang:<br \/>1x EcoFlow Power Hub<br \/>1x EcoFlow AC\/DC-Verteilerkasten<br \/>1x EcoFlow Konsole<br \/>1x EcoFlow Kabelpaket<\/p>\n","protected":false},"excerpt":{"rendered":"<p>EcoFlow Independence Kit Prepared Kit mit Monitor: Das EcoFlow Independence Kit l\u00e4sst sich in 2 Varianten kombinieren. zum einen mit einer 2kWh Batterie, zum anderen mit einer 5 kWh Batterie (beide Batterien separat erh\u00e4ltlich). Bei beiden Kit\u00b4s gibt es die M\u00f6glichkeit Batterien zu stapeln, sodass Ihre Power bis zu 4 kWh, bzw. 15 kWh aufger\u00fcstet [&hellip;]<\/p>\n","protected":false},"featured_media":126955,"template":"","meta":{"_acf_changed":false},"product_featured_cat":[],"product_brand":[3629],"product_cat":[4912,4878,4170],"product_tag":[],"class_list":{"0":"post-126963","1":"product","2":"type-product","3":"status-publish","4":"has-post-thumbnail","6":"product_brand-ecoflow-de","7":"product_cat-ladegeraete","8":"product_cat-solar-laderegler","9":"product_cat-wechselrichter","11":"first","12":"instock","13":"taxable","14":"shipping-taxable","15":"purchasable","16":"product-type-simple"},"acf":[],"yoast_head":"<!-- This site is optimized with the Yoast SEO plugin v27.4 - https:\/\/yoast.com\/product\/yoast-seo-wordpress\/ -->\n<title>Power Hub ECOFLOW Independence Kit - Bantam Camping AG<\/title>\n<meta name=\"robots\" content=\"index, follow, max-snippet:-1, max-image-preview:large, max-video-preview:-1\" \/>\n<link rel=\"canonical\" href=\"https:\/\/shop.bantam.ch\/de\/produkt\/power-hub-independence-kit\/\" \/>\n<meta property=\"og:locale\" content=\"de_DE\" \/>\n<meta property=\"og:type\" content=\"article\" \/>\n<meta property=\"og:title\" content=\"Power Hub ECOFLOW Independence Kit - Bantam Camping AG\" \/>\n<meta property=\"og:description\" content=\"EcoFlow Independence Kit Prepared Kit mit Monitor: Das EcoFlow Independence Kit l\u00e4sst sich in 2 Varianten kombinieren. zum einen mit einer 2kWh Batterie, zum anderen mit einer 5 kWh Batterie (beide Batterien separat erh\u00e4ltlich). Bei beiden Kit\u00b4s gibt es die M\u00f6glichkeit Batterien zu stapeln, sodass Ihre Power bis zu 4 kWh, bzw. 15 kWh aufger\u00fcstet [&hellip;]\" \/>\n<meta property=\"og:url\" content=\"https:\/\/shop.bantam.ch\/de\/produkt\/power-hub-independence-kit\/\" \/>\n<meta property=\"og:site_name\" content=\"Bantam Camping AG\" \/>\n<meta property=\"article:modified_time\" content=\"2026-04-17T19:52:42+00:00\" \/>\n<meta property=\"og:image\" content=\"https:\/\/shop.bantam.ch\/wp-content\/uploads\/2023\/03\/994370111.png\" \/>\n\t<meta property=\"og:image:width\" content=\"600\" \/>\n\t<meta property=\"og:image:height\" content=\"600\" \/>\n\t<meta property=\"og:image:type\" content=\"image\/png\" \/>\n<meta name=\"twitter:card\" content=\"summary_large_image\" \/>\n<meta name=\"twitter:label1\" content=\"Gesch\u00e4tzte Lesezeit\" \/>\n\t<meta name=\"twitter:data1\" content=\"2\u00a0Minuten\" \/>\n<script type=\"application\/ld+json\" class=\"yoast-schema-graph\">{\"@context\":\"https:\\\/\\\/schema.org\",\"@graph\":[{\"@type\":\"WebPage\",\"@id\":\"https:\\\/\\\/shop.bantam.ch\\\/de\\\/produkt\\\/power-hub-independence-kit\\\/\",\"url\":\"https:\\\/\\\/shop.bantam.ch\\\/de\\\/produkt\\\/power-hub-independence-kit\\\/\",\"name\":\"Power Hub ECOFLOW Independence Kit - Bantam Camping AG\",\"isPartOf\":{\"@id\":\"https:\\\/\\\/shop.bantam.ch\\\/de\\\/#website\"},\"primaryImageOfPage\":{\"@id\":\"https:\\\/\\\/shop.bantam.ch\\\/de\\\/produkt\\\/power-hub-independence-kit\\\/#primaryimage\"},\"image\":{\"@id\":\"https:\\\/\\\/shop.bantam.ch\\\/de\\\/produkt\\\/power-hub-independence-kit\\\/#primaryimage\"},\"thumbnailUrl\":\"https:\\\/\\\/shop.bantam.ch\\\/wp-content\\\/uploads\\\/2023\\\/03\\\/994370111.png\",\"datePublished\":\"2023-03-01T00:14:53+00:00\",\"dateModified\":\"2026-04-17T19:52:42+00:00\",\"breadcrumb\":{\"@id\":\"https:\\\/\\\/shop.bantam.ch\\\/de\\\/produkt\\\/power-hub-independence-kit\\\/#breadcrumb\"},\"inLanguage\":\"de\",\"potentialAction\":[{\"@type\":\"ReadAction\",\"target\":[\"https:\\\/\\\/shop.bantam.ch\\\/de\\\/produkt\\\/power-hub-independence-kit\\\/\"]}]},{\"@type\":\"ImageObject\",\"inLanguage\":\"de\",\"@id\":\"https:\\\/\\\/shop.bantam.ch\\\/de\\\/produkt\\\/power-hub-independence-kit\\\/#primaryimage\",\"url\":\"https:\\\/\\\/shop.bantam.ch\\\/wp-content\\\/uploads\\\/2023\\\/03\\\/994370111.png\",\"contentUrl\":\"https:\\\/\\\/shop.bantam.ch\\\/wp-content\\\/uploads\\\/2023\\\/03\\\/994370111.png\",\"width\":600,\"height\":600},{\"@type\":\"BreadcrumbList\",\"@id\":\"https:\\\/\\\/shop.bantam.ch\\\/de\\\/produkt\\\/power-hub-independence-kit\\\/#breadcrumb\",\"itemListElement\":[{\"@type\":\"ListItem\",\"position\":1,\"name\":\"Accueil\",\"item\":\"https:\\\/\\\/shop.bantam.ch\\\/de\\\/\"},{\"@type\":\"ListItem\",\"position\":2,\"name\":\"Shop\",\"item\":\"https:\\\/\\\/shop.bantam.ch\\\/de\\\/shop\\\/\"},{\"@type\":\"ListItem\",\"position\":3,\"name\":\"Power Hub ECOFLOW Independence Kit\"}]},{\"@type\":\"WebSite\",\"@id\":\"https:\\\/\\\/shop.bantam.ch\\\/de\\\/#website\",\"url\":\"https:\\\/\\\/shop.bantam.ch\\\/de\\\/\",\"name\":\"Bantam Camping AG\",\"description\":\"\",\"publisher\":{\"@id\":\"https:\\\/\\\/shop.bantam.ch\\\/de\\\/#organization\"},\"inLanguage\":\"de\"},{\"@type\":\"Organization\",\"@id\":\"https:\\\/\\\/shop.bantam.ch\\\/de\\\/#organization\",\"name\":\"Bantam Camping AG\",\"url\":\"https:\\\/\\\/shop.bantam.ch\\\/de\\\/\",\"logo\":{\"@type\":\"ImageObject\",\"inLanguage\":\"de\",\"@id\":\"https:\\\/\\\/shop.bantam.ch\\\/de\\\/#\\\/schema\\\/logo\\\/image\\\/\",\"url\":\"https:\\\/\\\/shop.bantam.ch\\\/wp-content\\\/uploads\\\/2022\\\/12\\\/bantam-logo.png\",\"contentUrl\":\"https:\\\/\\\/shop.bantam.ch\\\/wp-content\\\/uploads\\\/2022\\\/12\\\/bantam-logo.png\",\"width\":320,\"height\":71,\"caption\":\"Bantam Camping AG\"},\"image\":{\"@id\":\"https:\\\/\\\/shop.bantam.ch\\\/de\\\/#\\\/schema\\\/logo\\\/image\\\/\"}}]}<\/script>\n<!-- \/ Yoast SEO plugin. -->","yoast_head_json":{"title":"Power Hub ECOFLOW Independence Kit - Bantam Camping AG","robots":{"index":"index","follow":"follow","max-snippet":"max-snippet:-1","max-image-preview":"max-image-preview:large","max-video-preview":"max-video-preview:-1"},"canonical":"https:\/\/shop.bantam.ch\/de\/produkt\/power-hub-independence-kit\/","og_locale":"de_DE","og_type":"article","og_title":"Power Hub ECOFLOW Independence Kit - Bantam Camping AG","og_description":"EcoFlow Independence Kit Prepared Kit mit Monitor: Das EcoFlow Independence Kit l\u00e4sst sich in 2 Varianten kombinieren. zum einen mit einer 2kWh Batterie, zum anderen mit einer 5 kWh Batterie (beide Batterien separat erh\u00e4ltlich). Bei beiden Kit\u00b4s gibt es die M\u00f6glichkeit Batterien zu stapeln, sodass Ihre Power bis zu 4 kWh, bzw. 15 kWh aufger\u00fcstet [&hellip;]","og_url":"https:\/\/shop.bantam.ch\/de\/produkt\/power-hub-independence-kit\/","og_site_name":"Bantam Camping AG","article_modified_time":"2026-04-17T19:52:42+00:00","og_image":[{"width":600,"height":600,"url":"https:\/\/shop.bantam.ch\/wp-content\/uploads\/2023\/03\/994370111.png","type":"image\/png"}],"twitter_card":"summary_large_image","twitter_misc":{"Gesch\u00e4tzte Lesezeit":"2\u00a0Minuten"},"schema":{"@context":"https:\/\/schema.org","@graph":[{"@type":"WebPage","@id":"https:\/\/shop.bantam.ch\/de\/produkt\/power-hub-independence-kit\/","url":"https:\/\/shop.bantam.ch\/de\/produkt\/power-hub-independence-kit\/","name":"Power Hub ECOFLOW Independence Kit - Bantam Camping AG","isPartOf":{"@id":"https:\/\/shop.bantam.ch\/de\/#website"},"primaryImageOfPage":{"@id":"https:\/\/shop.bantam.ch\/de\/produkt\/power-hub-independence-kit\/#primaryimage"},"image":{"@id":"https:\/\/shop.bantam.ch\/de\/produkt\/power-hub-independence-kit\/#primaryimage"},"thumbnailUrl":"https:\/\/shop.bantam.ch\/wp-content\/uploads\/2023\/03\/994370111.png","datePublished":"2023-03-01T00:14:53+00:00","dateModified":"2026-04-17T19:52:42+00:00","breadcrumb":{"@id":"https:\/\/shop.bantam.ch\/de\/produkt\/power-hub-independence-kit\/#breadcrumb"},"inLanguage":"de","potentialAction":[{"@type":"ReadAction","target":["https:\/\/shop.bantam.ch\/de\/produkt\/power-hub-independence-kit\/"]}]},{"@type":"ImageObject","inLanguage":"de","@id":"https:\/\/shop.bantam.ch\/de\/produkt\/power-hub-independence-kit\/#primaryimage","url":"https:\/\/shop.bantam.ch\/wp-content\/uploads\/2023\/03\/994370111.png","contentUrl":"https:\/\/shop.bantam.ch\/wp-content\/uploads\/2023\/03\/994370111.png","width":600,"height":600},{"@type":"BreadcrumbList","@id":"https:\/\/shop.bantam.ch\/de\/produkt\/power-hub-independence-kit\/#breadcrumb","itemListElement":[{"@type":"ListItem","position":1,"name":"Accueil","item":"https:\/\/shop.bantam.ch\/de\/"},{"@type":"ListItem","position":2,"name":"Shop","item":"https:\/\/shop.bantam.ch\/de\/shop\/"},{"@type":"ListItem","position":3,"name":"Power Hub ECOFLOW Independence Kit"}]},{"@type":"WebSite","@id":"https:\/\/shop.bantam.ch\/de\/#website","url":"https:\/\/shop.bantam.ch\/de\/","name":"Bantam Camping AG","description":"","publisher":{"@id":"https:\/\/shop.bantam.ch\/de\/#organization"},"inLanguage":"de"},{"@type":"Organization","@id":"https:\/\/shop.bantam.ch\/de\/#organization","name":"Bantam Camping AG","url":"https:\/\/shop.bantam.ch\/de\/","logo":{"@type":"ImageObject","inLanguage":"de","@id":"https:\/\/shop.bantam.ch\/de\/#\/schema\/logo\/image\/","url":"https:\/\/shop.bantam.ch\/wp-content\/uploads\/2022\/12\/bantam-logo.png","contentUrl":"https:\/\/shop.bantam.ch\/wp-content\/uploads\/2022\/12\/bantam-logo.png","width":320,"height":71,"caption":"Bantam Camping AG"},"image":{"@id":"https:\/\/shop.bantam.ch\/de\/#\/schema\/logo\/image\/"}}]}},"_links":{"self":[{"href":"https:\/\/shop.bantam.ch\/de\/wp-json\/wp\/v2\/product\/126963","targetHints":{"allow":["GET"]}}],"collection":[{"href":"https:\/\/shop.bantam.ch\/de\/wp-json\/wp\/v2\/product"}],"about":[{"href":"https:\/\/shop.bantam.ch\/de\/wp-json\/wp\/v2\/types\/product"}],"wp:featuredmedia":[{"embeddable":true,"href":"https:\/\/shop.bantam.ch\/de\/wp-json\/wp\/v2\/media\/126955"}],"wp:attachment":[{"href":"https:\/\/shop.bantam.ch\/de\/wp-json\/wp\/v2\/media?parent=126963"}],"wp:term":[{"taxonomy":"product_featured_cat","embeddable":true,"href":"https:\/\/shop.bantam.ch\/de\/wp-json\/wp\/v2\/product_featured_cat?post=126963"},{"taxonomy":"product_brand","embeddable":true,"href":"https:\/\/shop.bantam.ch\/de\/wp-json\/wp\/v2\/product_brand?post=126963"},{"taxonomy":"product_cat","embeddable":true,"href":"https:\/\/shop.bantam.ch\/de\/wp-json\/wp\/v2\/product_cat?post=126963"},{"taxonomy":"product_tag","embeddable":true,"href":"https:\/\/shop.bantam.ch\/de\/wp-json\/wp\/v2\/product_tag?post=126963"}],"curies":[{"name":"wp","href":"https:\/\/api.w.org\/{rel}","templated":true}]}}