{"id":126603,"date":"2023-03-01T01:11:53","date_gmt":"2023-03-01T00:11:53","guid":{"rendered":"https:\/\/shop.bantam.ch\/produit\/krocketset\/"},"modified":"2026-04-22T21:53:18","modified_gmt":"2026-04-22T19:53:18","slug":"krocketset","status":"publish","type":"product","link":"https:\/\/shop.bantam.ch\/de\/produkt\/krocketset\/","title":{"rendered":"Krocketset Eichhorn"},"content":{"rendered":"<p>eim Eichhorn Krocket Spiel m\u00fcssen bunte Holzkugeln mit hammer\u00e4hnlichen Schl\u00e4gern aus Holz durch kleine Tore in einer vorgegebenen Reihenfolge und Richtung bis zum Ziel gebracht werden. Das Set beinhaltet zwei 65 cm gro\u00dfe Schl\u00e4ger, 4 B\u00e4lle mit einem Durchmesser von 50 mm, ein Start- und ein Ziel-Stab sowie 10 Tore zum Aufstellen. Zu Ostern, zum Geburtstag oder einfach so ist das Krocket Set die perfekte Geschenkidee und sorgt f\u00fcr gro\u00dfen Spielspa\u00df in jedem Garten und Park. Das Spiel ist super leicht und schnell auf der Wiese aufgebaut und spielbereit, und ist f\u00fcr Kinder ab drei Jahren geeignet.<\/p>\n","protected":false},"excerpt":{"rendered":"<p>eim Eichhorn Krocket Spiel m\u00fcssen bunte Holzkugeln mit hammer\u00e4hnlichen Schl\u00e4gern aus Holz durch kleine Tore in einer vorgegebenen Reihenfolge und Richtung bis zum Ziel gebracht werden. Das Set beinhaltet zwei 65 cm gro\u00dfe Schl\u00e4ger, 4 B\u00e4lle mit einem Durchmesser von 50 mm, ein Start- und ein Ziel-Stab sowie 10 Tore zum Aufstellen. Zu Ostern, zum [&hellip;]<\/p>\n","protected":false},"featured_media":126597,"template":"","meta":{"_acf_changed":false},"product_featured_cat":[],"product_brand":[3651],"product_cat":[4458],"product_tag":[],"class_list":{"0":"post-126603","1":"product","2":"type-product","3":"status-publish","4":"has-post-thumbnail","6":"product_brand-eichhorn-de","7":"product_cat-spielzeug","9":"first","10":"instock","11":"taxable","12":"shipping-taxable","13":"purchasable","14":"product-type-simple"},"acf":[],"yoast_head":"<!-- This site is optimized with the Yoast SEO plugin v27.4 - https:\/\/yoast.com\/product\/yoast-seo-wordpress\/ -->\n<title>Krocketset Eichhorn - Bantam Camping AG<\/title>\n<meta name=\"robots\" content=\"index, follow, max-snippet:-1, max-image-preview:large, max-video-preview:-1\" \/>\n<link rel=\"canonical\" href=\"https:\/\/shop.bantam.ch\/de\/produkt\/krocketset\/\" \/>\n<meta property=\"og:locale\" content=\"de_DE\" \/>\n<meta property=\"og:type\" content=\"article\" \/>\n<meta property=\"og:title\" content=\"Krocketset Eichhorn - Bantam Camping AG\" \/>\n<meta property=\"og:description\" content=\"eim Eichhorn Krocket Spiel m\u00fcssen bunte Holzkugeln mit hammer\u00e4hnlichen Schl\u00e4gern aus Holz durch kleine Tore in einer vorgegebenen Reihenfolge und Richtung bis zum Ziel gebracht werden. Das Set beinhaltet zwei 65 cm gro\u00dfe Schl\u00e4ger, 4 B\u00e4lle mit einem Durchmesser von 50 mm, ein Start- und ein Ziel-Stab sowie 10 Tore zum Aufstellen. Zu Ostern, zum [&hellip;]\" \/>\n<meta property=\"og:url\" content=\"https:\/\/shop.bantam.ch\/de\/produkt\/krocketset\/\" \/>\n<meta property=\"og:site_name\" content=\"Bantam Camping AG\" \/>\n<meta property=\"article:modified_time\" content=\"2026-04-22T19:53:18+00:00\" \/>\n<meta property=\"og:image\" content=\"https:\/\/shop.bantam.ch\/wp-content\/uploads\/2023\/03\/9961359101.jpg\" \/>\n\t<meta property=\"og:image:width\" content=\"1000\" \/>\n\t<meta property=\"og:image:height\" content=\"731\" \/>\n\t<meta property=\"og:image:type\" content=\"image\/jpeg\" \/>\n<meta name=\"twitter:card\" content=\"summary_large_image\" \/>\n<meta name=\"twitter:label1\" content=\"Gesch\u00e4tzte Lesezeit\" \/>\n\t<meta name=\"twitter:data1\" content=\"1\u00a0Minute\" \/>\n<script type=\"application\/ld+json\" class=\"yoast-schema-graph\">{\"@context\":\"https:\\\/\\\/schema.org\",\"@graph\":[{\"@type\":\"WebPage\",\"@id\":\"https:\\\/\\\/shop.bantam.ch\\\/de\\\/produkt\\\/krocketset\\\/\",\"url\":\"https:\\\/\\\/shop.bantam.ch\\\/de\\\/produkt\\\/krocketset\\\/\",\"name\":\"Krocketset Eichhorn - Bantam Camping AG\",\"isPartOf\":{\"@id\":\"https:\\\/\\\/shop.bantam.ch\\\/de\\\/#website\"},\"primaryImageOfPage\":{\"@id\":\"https:\\\/\\\/shop.bantam.ch\\\/de\\\/produkt\\\/krocketset\\\/#primaryimage\"},\"image\":{\"@id\":\"https:\\\/\\\/shop.bantam.ch\\\/de\\\/produkt\\\/krocketset\\\/#primaryimage\"},\"thumbnailUrl\":\"https:\\\/\\\/shop.bantam.ch\\\/wp-content\\\/uploads\\\/2023\\\/03\\\/9961359101.jpg\",\"datePublished\":\"2023-03-01T00:11:53+00:00\",\"dateModified\":\"2026-04-22T19:53:18+00:00\",\"breadcrumb\":{\"@id\":\"https:\\\/\\\/shop.bantam.ch\\\/de\\\/produkt\\\/krocketset\\\/#breadcrumb\"},\"inLanguage\":\"de\",\"potentialAction\":[{\"@type\":\"ReadAction\",\"target\":[\"https:\\\/\\\/shop.bantam.ch\\\/de\\\/produkt\\\/krocketset\\\/\"]}]},{\"@type\":\"ImageObject\",\"inLanguage\":\"de\",\"@id\":\"https:\\\/\\\/shop.bantam.ch\\\/de\\\/produkt\\\/krocketset\\\/#primaryimage\",\"url\":\"https:\\\/\\\/shop.bantam.ch\\\/wp-content\\\/uploads\\\/2023\\\/03\\\/9961359101.jpg\",\"contentUrl\":\"https:\\\/\\\/shop.bantam.ch\\\/wp-content\\\/uploads\\\/2023\\\/03\\\/9961359101.jpg\",\"width\":1000,\"height\":731},{\"@type\":\"BreadcrumbList\",\"@id\":\"https:\\\/\\\/shop.bantam.ch\\\/de\\\/produkt\\\/krocketset\\\/#breadcrumb\",\"itemListElement\":[{\"@type\":\"ListItem\",\"position\":1,\"name\":\"Accueil\",\"item\":\"https:\\\/\\\/shop.bantam.ch\\\/de\\\/\"},{\"@type\":\"ListItem\",\"position\":2,\"name\":\"Shop\",\"item\":\"https:\\\/\\\/shop.bantam.ch\\\/de\\\/shop\\\/\"},{\"@type\":\"ListItem\",\"position\":3,\"name\":\"Krocketset Eichhorn\"}]},{\"@type\":\"WebSite\",\"@id\":\"https:\\\/\\\/shop.bantam.ch\\\/de\\\/#website\",\"url\":\"https:\\\/\\\/shop.bantam.ch\\\/de\\\/\",\"name\":\"Bantam Camping AG\",\"description\":\"\",\"publisher\":{\"@id\":\"https:\\\/\\\/shop.bantam.ch\\\/de\\\/#organization\"},\"inLanguage\":\"de\"},{\"@type\":\"Organization\",\"@id\":\"https:\\\/\\\/shop.bantam.ch\\\/de\\\/#organization\",\"name\":\"Bantam Camping AG\",\"url\":\"https:\\\/\\\/shop.bantam.ch\\\/de\\\/\",\"logo\":{\"@type\":\"ImageObject\",\"inLanguage\":\"de\",\"@id\":\"https:\\\/\\\/shop.bantam.ch\\\/de\\\/#\\\/schema\\\/logo\\\/image\\\/\",\"url\":\"https:\\\/\\\/shop.bantam.ch\\\/wp-content\\\/uploads\\\/2022\\\/12\\\/bantam-logo.png\",\"contentUrl\":\"https:\\\/\\\/shop.bantam.ch\\\/wp-content\\\/uploads\\\/2022\\\/12\\\/bantam-logo.png\",\"width\":320,\"height\":71,\"caption\":\"Bantam Camping AG\"},\"image\":{\"@id\":\"https:\\\/\\\/shop.bantam.ch\\\/de\\\/#\\\/schema\\\/logo\\\/image\\\/\"}}]}<\/script>\n<!-- \/ Yoast SEO plugin. -->","yoast_head_json":{"title":"Krocketset Eichhorn - Bantam Camping AG","robots":{"index":"index","follow":"follow","max-snippet":"max-snippet:-1","max-image-preview":"max-image-preview:large","max-video-preview":"max-video-preview:-1"},"canonical":"https:\/\/shop.bantam.ch\/de\/produkt\/krocketset\/","og_locale":"de_DE","og_type":"article","og_title":"Krocketset Eichhorn - Bantam Camping AG","og_description":"eim Eichhorn Krocket Spiel m\u00fcssen bunte Holzkugeln mit hammer\u00e4hnlichen Schl\u00e4gern aus Holz durch kleine Tore in einer vorgegebenen Reihenfolge und Richtung bis zum Ziel gebracht werden. Das Set beinhaltet zwei 65 cm gro\u00dfe Schl\u00e4ger, 4 B\u00e4lle mit einem Durchmesser von 50 mm, ein Start- und ein Ziel-Stab sowie 10 Tore zum Aufstellen. Zu Ostern, zum [&hellip;]","og_url":"https:\/\/shop.bantam.ch\/de\/produkt\/krocketset\/","og_site_name":"Bantam Camping AG","article_modified_time":"2026-04-22T19:53:18+00:00","og_image":[{"width":1000,"height":731,"url":"https:\/\/shop.bantam.ch\/wp-content\/uploads\/2023\/03\/9961359101.jpg","type":"image\/jpeg"}],"twitter_card":"summary_large_image","twitter_misc":{"Gesch\u00e4tzte Lesezeit":"1\u00a0Minute"},"schema":{"@context":"https:\/\/schema.org","@graph":[{"@type":"WebPage","@id":"https:\/\/shop.bantam.ch\/de\/produkt\/krocketset\/","url":"https:\/\/shop.bantam.ch\/de\/produkt\/krocketset\/","name":"Krocketset Eichhorn - Bantam Camping AG","isPartOf":{"@id":"https:\/\/shop.bantam.ch\/de\/#website"},"primaryImageOfPage":{"@id":"https:\/\/shop.bantam.ch\/de\/produkt\/krocketset\/#primaryimage"},"image":{"@id":"https:\/\/shop.bantam.ch\/de\/produkt\/krocketset\/#primaryimage"},"thumbnailUrl":"https:\/\/shop.bantam.ch\/wp-content\/uploads\/2023\/03\/9961359101.jpg","datePublished":"2023-03-01T00:11:53+00:00","dateModified":"2026-04-22T19:53:18+00:00","breadcrumb":{"@id":"https:\/\/shop.bantam.ch\/de\/produkt\/krocketset\/#breadcrumb"},"inLanguage":"de","potentialAction":[{"@type":"ReadAction","target":["https:\/\/shop.bantam.ch\/de\/produkt\/krocketset\/"]}]},{"@type":"ImageObject","inLanguage":"de","@id":"https:\/\/shop.bantam.ch\/de\/produkt\/krocketset\/#primaryimage","url":"https:\/\/shop.bantam.ch\/wp-content\/uploads\/2023\/03\/9961359101.jpg","contentUrl":"https:\/\/shop.bantam.ch\/wp-content\/uploads\/2023\/03\/9961359101.jpg","width":1000,"height":731},{"@type":"BreadcrumbList","@id":"https:\/\/shop.bantam.ch\/de\/produkt\/krocketset\/#breadcrumb","itemListElement":[{"@type":"ListItem","position":1,"name":"Accueil","item":"https:\/\/shop.bantam.ch\/de\/"},{"@type":"ListItem","position":2,"name":"Shop","item":"https:\/\/shop.bantam.ch\/de\/shop\/"},{"@type":"ListItem","position":3,"name":"Krocketset Eichhorn"}]},{"@type":"WebSite","@id":"https:\/\/shop.bantam.ch\/de\/#website","url":"https:\/\/shop.bantam.ch\/de\/","name":"Bantam Camping AG","description":"","publisher":{"@id":"https:\/\/shop.bantam.ch\/de\/#organization"},"inLanguage":"de"},{"@type":"Organization","@id":"https:\/\/shop.bantam.ch\/de\/#organization","name":"Bantam Camping AG","url":"https:\/\/shop.bantam.ch\/de\/","logo":{"@type":"ImageObject","inLanguage":"de","@id":"https:\/\/shop.bantam.ch\/de\/#\/schema\/logo\/image\/","url":"https:\/\/shop.bantam.ch\/wp-content\/uploads\/2022\/12\/bantam-logo.png","contentUrl":"https:\/\/shop.bantam.ch\/wp-content\/uploads\/2022\/12\/bantam-logo.png","width":320,"height":71,"caption":"Bantam Camping AG"},"image":{"@id":"https:\/\/shop.bantam.ch\/de\/#\/schema\/logo\/image\/"}}]}},"_links":{"self":[{"href":"https:\/\/shop.bantam.ch\/de\/wp-json\/wp\/v2\/product\/126603","targetHints":{"allow":["GET"]}}],"collection":[{"href":"https:\/\/shop.bantam.ch\/de\/wp-json\/wp\/v2\/product"}],"about":[{"href":"https:\/\/shop.bantam.ch\/de\/wp-json\/wp\/v2\/types\/product"}],"wp:featuredmedia":[{"embeddable":true,"href":"https:\/\/shop.bantam.ch\/de\/wp-json\/wp\/v2\/media\/126597"}],"wp:attachment":[{"href":"https:\/\/shop.bantam.ch\/de\/wp-json\/wp\/v2\/media?parent=126603"}],"wp:term":[{"taxonomy":"product_featured_cat","embeddable":true,"href":"https:\/\/shop.bantam.ch\/de\/wp-json\/wp\/v2\/product_featured_cat?post=126603"},{"taxonomy":"product_brand","embeddable":true,"href":"https:\/\/shop.bantam.ch\/de\/wp-json\/wp\/v2\/product_brand?post=126603"},{"taxonomy":"product_cat","embeddable":true,"href":"https:\/\/shop.bantam.ch\/de\/wp-json\/wp\/v2\/product_cat?post=126603"},{"taxonomy":"product_tag","embeddable":true,"href":"https:\/\/shop.bantam.ch\/de\/wp-json\/wp\/v2\/product_tag?post=126603"}],"curies":[{"name":"wp","href":"https:\/\/api.w.org\/{rel}","templated":true}]}}