{"id":126431,"date":"2023-03-01T01:08:48","date_gmt":"2023-03-01T00:08:48","guid":{"rendered":"https:\/\/shop.bantam.ch\/produit\/reisebuch-sueditalien-west\/"},"modified":"2026-04-19T21:55:10","modified_gmt":"2026-04-19T19:55:10","slug":"reisebuch-sueditalien-west","status":"publish","type":"product","link":"https:\/\/shop.bantam.ch\/de\/produkt\/reisebuch-sueditalien-west\/","title":{"rendered":"Reisebuch WOMO S\u00fcditalien West"},"content":{"rendered":"<p>2500 km in 12 Touren durch Kampanien, die Basilikata und Kalabrien zu den bekanntesten und vielen unbekannten Sehensw\u00fcrdigkeiten. Genaue Markierung vieler Stell-, Bade-, Picknick- und Wanderparkpl\u00e4tze, Toiletten, VE-Stationen, Trinkwasserstellen sowie der sch\u00f6nsten Campingpl\u00e4tze. Wanderungen auf den Vesuv, im Parco Nazionale Cilento, im Parco Nazionale Pollino und in der Sila Grande. Erforschung der Grotte di Bussento und der Inghiottitoio del Orsivacca. Kultursch\u00e4tze, St\u00e4dte mit Zeugnisen aller historischen Epochen. Traumhafte Sandstr\u00e4nde am Thyrrenischen und Ionischen Meer. \u00dcber 170 Pl\u00e4tze zum bequemen \u00dcbernachten mit genauer Anfahrtsbeschreibung, Ausstattung und pr\u00e4zisen GPS-Koordinaten. Viele Tipps z.B. zu Camping, Gastankstellen, \u00d6ffnungszeiten, Preisen, Verst\u00e4ndigung, Packliste und allen Anreisestrecken.<\/p>\n","protected":false},"excerpt":{"rendered":"<p>2500 km in 12 Touren durch Kampanien, die Basilikata und Kalabrien zu den bekanntesten und vielen unbekannten Sehensw\u00fcrdigkeiten. Genaue Markierung vieler Stell-, Bade-, Picknick- und Wanderparkpl\u00e4tze, Toiletten, VE-Stationen, Trinkwasserstellen sowie der sch\u00f6nsten Campingpl\u00e4tze. Wanderungen auf den Vesuv, im Parco Nazionale Cilento, im Parco Nazionale Pollino und in der Sila Grande. Erforschung der Grotte di Bussento [&hellip;]<\/p>\n","protected":false},"featured_media":126429,"template":"","meta":{"_acf_changed":false},"product_featured_cat":[],"product_brand":[3125],"product_cat":[4352],"product_tag":[],"class_list":{"0":"post-126431","1":"product","2":"type-product","3":"status-publish","4":"has-post-thumbnail","6":"product_brand-womo-de","7":"product_cat-reisefuehrer","9":"first","10":"instock","11":"taxable","12":"shipping-taxable","13":"purchasable","14":"product-type-simple"},"acf":[],"yoast_head":"<!-- This site is optimized with the Yoast SEO plugin v27.4 - https:\/\/yoast.com\/product\/yoast-seo-wordpress\/ -->\n<title>Reisebuch WOMO S\u00fcditalien West - Bantam Camping AG<\/title>\n<meta name=\"robots\" content=\"index, follow, max-snippet:-1, max-image-preview:large, max-video-preview:-1\" \/>\n<link rel=\"canonical\" href=\"https:\/\/shop.bantam.ch\/de\/produkt\/reisebuch-sueditalien-west\/\" \/>\n<meta property=\"og:locale\" content=\"de_DE\" \/>\n<meta property=\"og:type\" content=\"article\" \/>\n<meta property=\"og:title\" content=\"Reisebuch WOMO S\u00fcditalien West - Bantam Camping AG\" \/>\n<meta property=\"og:description\" content=\"2500 km in 12 Touren durch Kampanien, die Basilikata und Kalabrien zu den bekanntesten und vielen unbekannten Sehensw\u00fcrdigkeiten. Genaue Markierung vieler Stell-, Bade-, Picknick- und Wanderparkpl\u00e4tze, Toiletten, VE-Stationen, Trinkwasserstellen sowie der sch\u00f6nsten Campingpl\u00e4tze. Wanderungen auf den Vesuv, im Parco Nazionale Cilento, im Parco Nazionale Pollino und in der Sila Grande. Erforschung der Grotte di Bussento [&hellip;]\" \/>\n<meta property=\"og:url\" content=\"https:\/\/shop.bantam.ch\/de\/produkt\/reisebuch-sueditalien-west\/\" \/>\n<meta property=\"og:site_name\" content=\"Bantam Camping AG\" \/>\n<meta property=\"article:modified_time\" content=\"2026-04-19T19:55:10+00:00\" \/>\n<meta property=\"og:image\" content=\"https:\/\/shop.bantam.ch\/wp-content\/uploads\/2023\/03\/9961726100.jpg\" \/>\n\t<meta property=\"og:image:width\" content=\"510\" \/>\n\t<meta property=\"og:image:height\" content=\"1000\" \/>\n\t<meta property=\"og:image:type\" content=\"image\/jpeg\" \/>\n<meta name=\"twitter:card\" content=\"summary_large_image\" \/>\n<meta name=\"twitter:label1\" content=\"Gesch\u00e4tzte Lesezeit\" \/>\n\t<meta name=\"twitter:data1\" content=\"1\u00a0Minute\" \/>\n<script type=\"application\/ld+json\" class=\"yoast-schema-graph\">{\"@context\":\"https:\\\/\\\/schema.org\",\"@graph\":[{\"@type\":\"WebPage\",\"@id\":\"https:\\\/\\\/shop.bantam.ch\\\/de\\\/produkt\\\/reisebuch-sueditalien-west\\\/\",\"url\":\"https:\\\/\\\/shop.bantam.ch\\\/de\\\/produkt\\\/reisebuch-sueditalien-west\\\/\",\"name\":\"Reisebuch WOMO S\u00fcditalien West - Bantam Camping AG\",\"isPartOf\":{\"@id\":\"https:\\\/\\\/shop.bantam.ch\\\/de\\\/#website\"},\"primaryImageOfPage\":{\"@id\":\"https:\\\/\\\/shop.bantam.ch\\\/de\\\/produkt\\\/reisebuch-sueditalien-west\\\/#primaryimage\"},\"image\":{\"@id\":\"https:\\\/\\\/shop.bantam.ch\\\/de\\\/produkt\\\/reisebuch-sueditalien-west\\\/#primaryimage\"},\"thumbnailUrl\":\"https:\\\/\\\/shop.bantam.ch\\\/wp-content\\\/uploads\\\/2023\\\/03\\\/9961726100.jpg\",\"datePublished\":\"2023-03-01T00:08:48+00:00\",\"dateModified\":\"2026-04-19T19:55:10+00:00\",\"breadcrumb\":{\"@id\":\"https:\\\/\\\/shop.bantam.ch\\\/de\\\/produkt\\\/reisebuch-sueditalien-west\\\/#breadcrumb\"},\"inLanguage\":\"de\",\"potentialAction\":[{\"@type\":\"ReadAction\",\"target\":[\"https:\\\/\\\/shop.bantam.ch\\\/de\\\/produkt\\\/reisebuch-sueditalien-west\\\/\"]}]},{\"@type\":\"ImageObject\",\"inLanguage\":\"de\",\"@id\":\"https:\\\/\\\/shop.bantam.ch\\\/de\\\/produkt\\\/reisebuch-sueditalien-west\\\/#primaryimage\",\"url\":\"https:\\\/\\\/shop.bantam.ch\\\/wp-content\\\/uploads\\\/2023\\\/03\\\/9961726100.jpg\",\"contentUrl\":\"https:\\\/\\\/shop.bantam.ch\\\/wp-content\\\/uploads\\\/2023\\\/03\\\/9961726100.jpg\",\"width\":510,\"height\":1000},{\"@type\":\"BreadcrumbList\",\"@id\":\"https:\\\/\\\/shop.bantam.ch\\\/de\\\/produkt\\\/reisebuch-sueditalien-west\\\/#breadcrumb\",\"itemListElement\":[{\"@type\":\"ListItem\",\"position\":1,\"name\":\"Accueil\",\"item\":\"https:\\\/\\\/shop.bantam.ch\\\/de\\\/\"},{\"@type\":\"ListItem\",\"position\":2,\"name\":\"Shop\",\"item\":\"https:\\\/\\\/shop.bantam.ch\\\/de\\\/shop\\\/\"},{\"@type\":\"ListItem\",\"position\":3,\"name\":\"Reisebuch WOMO S\u00fcditalien West\"}]},{\"@type\":\"WebSite\",\"@id\":\"https:\\\/\\\/shop.bantam.ch\\\/de\\\/#website\",\"url\":\"https:\\\/\\\/shop.bantam.ch\\\/de\\\/\",\"name\":\"Bantam Camping AG\",\"description\":\"\",\"publisher\":{\"@id\":\"https:\\\/\\\/shop.bantam.ch\\\/de\\\/#organization\"},\"inLanguage\":\"de\"},{\"@type\":\"Organization\",\"@id\":\"https:\\\/\\\/shop.bantam.ch\\\/de\\\/#organization\",\"name\":\"Bantam Camping AG\",\"url\":\"https:\\\/\\\/shop.bantam.ch\\\/de\\\/\",\"logo\":{\"@type\":\"ImageObject\",\"inLanguage\":\"de\",\"@id\":\"https:\\\/\\\/shop.bantam.ch\\\/de\\\/#\\\/schema\\\/logo\\\/image\\\/\",\"url\":\"https:\\\/\\\/shop.bantam.ch\\\/wp-content\\\/uploads\\\/2022\\\/12\\\/bantam-logo.png\",\"contentUrl\":\"https:\\\/\\\/shop.bantam.ch\\\/wp-content\\\/uploads\\\/2022\\\/12\\\/bantam-logo.png\",\"width\":320,\"height\":71,\"caption\":\"Bantam Camping AG\"},\"image\":{\"@id\":\"https:\\\/\\\/shop.bantam.ch\\\/de\\\/#\\\/schema\\\/logo\\\/image\\\/\"}}]}<\/script>\n<!-- \/ Yoast SEO plugin. -->","yoast_head_json":{"title":"Reisebuch WOMO S\u00fcditalien West - Bantam Camping AG","robots":{"index":"index","follow":"follow","max-snippet":"max-snippet:-1","max-image-preview":"max-image-preview:large","max-video-preview":"max-video-preview:-1"},"canonical":"https:\/\/shop.bantam.ch\/de\/produkt\/reisebuch-sueditalien-west\/","og_locale":"de_DE","og_type":"article","og_title":"Reisebuch WOMO S\u00fcditalien West - Bantam Camping AG","og_description":"2500 km in 12 Touren durch Kampanien, die Basilikata und Kalabrien zu den bekanntesten und vielen unbekannten Sehensw\u00fcrdigkeiten. Genaue Markierung vieler Stell-, Bade-, Picknick- und Wanderparkpl\u00e4tze, Toiletten, VE-Stationen, Trinkwasserstellen sowie der sch\u00f6nsten Campingpl\u00e4tze. Wanderungen auf den Vesuv, im Parco Nazionale Cilento, im Parco Nazionale Pollino und in der Sila Grande. Erforschung der Grotte di Bussento [&hellip;]","og_url":"https:\/\/shop.bantam.ch\/de\/produkt\/reisebuch-sueditalien-west\/","og_site_name":"Bantam Camping AG","article_modified_time":"2026-04-19T19:55:10+00:00","og_image":[{"width":510,"height":1000,"url":"https:\/\/shop.bantam.ch\/wp-content\/uploads\/2023\/03\/9961726100.jpg","type":"image\/jpeg"}],"twitter_card":"summary_large_image","twitter_misc":{"Gesch\u00e4tzte Lesezeit":"1\u00a0Minute"},"schema":{"@context":"https:\/\/schema.org","@graph":[{"@type":"WebPage","@id":"https:\/\/shop.bantam.ch\/de\/produkt\/reisebuch-sueditalien-west\/","url":"https:\/\/shop.bantam.ch\/de\/produkt\/reisebuch-sueditalien-west\/","name":"Reisebuch WOMO S\u00fcditalien West - Bantam Camping AG","isPartOf":{"@id":"https:\/\/shop.bantam.ch\/de\/#website"},"primaryImageOfPage":{"@id":"https:\/\/shop.bantam.ch\/de\/produkt\/reisebuch-sueditalien-west\/#primaryimage"},"image":{"@id":"https:\/\/shop.bantam.ch\/de\/produkt\/reisebuch-sueditalien-west\/#primaryimage"},"thumbnailUrl":"https:\/\/shop.bantam.ch\/wp-content\/uploads\/2023\/03\/9961726100.jpg","datePublished":"2023-03-01T00:08:48+00:00","dateModified":"2026-04-19T19:55:10+00:00","breadcrumb":{"@id":"https:\/\/shop.bantam.ch\/de\/produkt\/reisebuch-sueditalien-west\/#breadcrumb"},"inLanguage":"de","potentialAction":[{"@type":"ReadAction","target":["https:\/\/shop.bantam.ch\/de\/produkt\/reisebuch-sueditalien-west\/"]}]},{"@type":"ImageObject","inLanguage":"de","@id":"https:\/\/shop.bantam.ch\/de\/produkt\/reisebuch-sueditalien-west\/#primaryimage","url":"https:\/\/shop.bantam.ch\/wp-content\/uploads\/2023\/03\/9961726100.jpg","contentUrl":"https:\/\/shop.bantam.ch\/wp-content\/uploads\/2023\/03\/9961726100.jpg","width":510,"height":1000},{"@type":"BreadcrumbList","@id":"https:\/\/shop.bantam.ch\/de\/produkt\/reisebuch-sueditalien-west\/#breadcrumb","itemListElement":[{"@type":"ListItem","position":1,"name":"Accueil","item":"https:\/\/shop.bantam.ch\/de\/"},{"@type":"ListItem","position":2,"name":"Shop","item":"https:\/\/shop.bantam.ch\/de\/shop\/"},{"@type":"ListItem","position":3,"name":"Reisebuch WOMO S\u00fcditalien West"}]},{"@type":"WebSite","@id":"https:\/\/shop.bantam.ch\/de\/#website","url":"https:\/\/shop.bantam.ch\/de\/","name":"Bantam Camping AG","description":"","publisher":{"@id":"https:\/\/shop.bantam.ch\/de\/#organization"},"inLanguage":"de"},{"@type":"Organization","@id":"https:\/\/shop.bantam.ch\/de\/#organization","name":"Bantam Camping AG","url":"https:\/\/shop.bantam.ch\/de\/","logo":{"@type":"ImageObject","inLanguage":"de","@id":"https:\/\/shop.bantam.ch\/de\/#\/schema\/logo\/image\/","url":"https:\/\/shop.bantam.ch\/wp-content\/uploads\/2022\/12\/bantam-logo.png","contentUrl":"https:\/\/shop.bantam.ch\/wp-content\/uploads\/2022\/12\/bantam-logo.png","width":320,"height":71,"caption":"Bantam Camping AG"},"image":{"@id":"https:\/\/shop.bantam.ch\/de\/#\/schema\/logo\/image\/"}}]}},"_links":{"self":[{"href":"https:\/\/shop.bantam.ch\/de\/wp-json\/wp\/v2\/product\/126431","targetHints":{"allow":["GET"]}}],"collection":[{"href":"https:\/\/shop.bantam.ch\/de\/wp-json\/wp\/v2\/product"}],"about":[{"href":"https:\/\/shop.bantam.ch\/de\/wp-json\/wp\/v2\/types\/product"}],"wp:featuredmedia":[{"embeddable":true,"href":"https:\/\/shop.bantam.ch\/de\/wp-json\/wp\/v2\/media\/126429"}],"wp:attachment":[{"href":"https:\/\/shop.bantam.ch\/de\/wp-json\/wp\/v2\/media?parent=126431"}],"wp:term":[{"taxonomy":"product_featured_cat","embeddable":true,"href":"https:\/\/shop.bantam.ch\/de\/wp-json\/wp\/v2\/product_featured_cat?post=126431"},{"taxonomy":"product_brand","embeddable":true,"href":"https:\/\/shop.bantam.ch\/de\/wp-json\/wp\/v2\/product_brand?post=126431"},{"taxonomy":"product_cat","embeddable":true,"href":"https:\/\/shop.bantam.ch\/de\/wp-json\/wp\/v2\/product_cat?post=126431"},{"taxonomy":"product_tag","embeddable":true,"href":"https:\/\/shop.bantam.ch\/de\/wp-json\/wp\/v2\/product_tag?post=126431"}],"curies":[{"name":"wp","href":"https:\/\/api.w.org\/{rel}","templated":true}]}}