{"id":126397,"date":"2023-03-01T01:07:47","date_gmt":"2023-03-01T00:07:47","guid":{"rendered":"https:\/\/shop.bantam.ch\/produit\/heizsystem-combi-d-mit-inet-x-panel\/"},"modified":"2026-05-02T23:40:33","modified_gmt":"2026-05-02T21:40:33","slug":"heizsystem-combi-d-mit-inet-x-panel","status":"publish","type":"product","link":"https:\/\/shop.bantam.ch\/de\/produkt\/heizsystem-combi-d-mit-inet-x-panel\/","title":{"rendered":"Heizsystem Combi D mit iNet X Panel"},"content":{"rendered":"<p>Heizung und Warmwasser in einem: Die Truma Combi Heizungen vereinen zwei Funktionen in einem Ger\u00e4t. Sie heizen den Wohnraum und erw\u00e4rmen im integrierten Edelstahlbeh\u00e4lter Wasser. Je nach Modell lassen sich die Combi Heizungen im Gas-, Elektro-, Diesel- oder Mischbetrieb nutzen. Neuheiten zur Combi D \u201cn\u00e4chste Generation\u201d<\/p>\n<ul>\n<li>um 3 kg und Combi D (E) um 3,4 kg im Vergleich zu den Vorg\u00e4ngermodellen<\/li>\n<li>L\u00e4nger autark: sehr geringer Batteriestromverbrauch<\/li>\n<li>Sparsamer: weniger Dieselverbrauch durch effizientere Verbrennung<\/li>\n<li>Service- und wartungsfreundlicher: h\u00f6here Lebensdauer durch effizientere Verbrennungsregelung<\/li>\n<li>Automatische H\u00f6henanpassung: integrierter H\u00f6hensensor sorgt automatisch f\u00fcr einen optimalen Verbrennungsprozess in H\u00f6hen bis 3000 m<\/li>\n<li>Einheitlich: Wandkamin bei beiden Combi Varianten gleich<\/li>\n<\/ul>\n<ul>\n<li>Anzahl der Brennstufen: 4 (Combi D 4), 6 (Combi D 6)<\/li>\n<li>W\u00e4rmeleistung: 4.000 W (Combi D 4), 6.000 W (Combi D 6)<\/li>\n<li>Wasserinhalt: 10 l<\/li>\n<li>Nennw\u00e4rmeleistung Mischbetrieb: max. 3.900 W (Combi D 4), max. 6.900 W (Combi D 6)<\/li>\n<li>Nennw\u00e4rmeleistung Elektrobetrieb 900 W &amp; 1.800 W<\/li>\n<li>Aufheizen des Wassers von ca. 15 \u00b0C bis ca. 60 \u00b0C: ca. 24 Min.<\/li>\n<li>Stromverbrauch 12 V: Heizen und Warmwasser: 0,4 \u2013 8,1 A Warmwasser: 0,5 A<\/li>\n<li>Stromverbrauch 230 V: 3,9 \u2013 7,8 A<\/li>\n<\/ul>\n<p>Lieferumfang:<\/p>\n<p>Combi D (E) Heizung mit Raumtemperaturf\u00fchler, Truma iNet X Panel, Bedienteilkabel 6 m, Kraftstoffleitung, Dosierpumpe, Standard Tankanschlussset und Befestigungsteilen. (ohne Abgasf\u00fchrung und ohne Wasseranschluss Set)<\/p>\n","protected":false},"excerpt":{"rendered":"<p>Heizung und Warmwasser in einem: Die Truma Combi Heizungen vereinen zwei Funktionen in einem Ger\u00e4t. Sie heizen den Wohnraum und erw\u00e4rmen im integrierten Edelstahlbeh\u00e4lter Wasser. Je nach Modell lassen sich die Combi Heizungen im Gas-, Elektro-, Diesel- oder Mischbetrieb nutzen. Neuheiten zur Combi D \u201cn\u00e4chste Generation\u201d um 3 kg und Combi D (E) um 3,4 [&hellip;]<\/p>\n","protected":false},"featured_media":126353,"template":"","meta":{"_acf_changed":false},"product_featured_cat":[],"product_brand":[3027],"product_cat":[4540,4542],"product_tag":[],"class_list":{"0":"post-126397","1":"product","2":"type-product","3":"status-publish","4":"has-post-thumbnail","6":"product_brand-truma-de","7":"product_cat-dieselheizungen","8":"product_cat-elektroheizungen","10":"first","11":"instock","12":"taxable","13":"shipping-taxable","14":"purchasable","15":"product-type-variable"},"acf":[],"yoast_head":"<!-- This site is optimized with the Yoast SEO plugin v27.5 - https:\/\/yoast.com\/product\/yoast-seo-wordpress\/ -->\n<title>Heizsystem Combi D mit iNet X Panel - Bantam<\/title>\n<meta name=\"robots\" content=\"index, follow, max-snippet:-1, max-image-preview:large, max-video-preview:-1\" \/>\n<link rel=\"canonical\" href=\"https:\/\/shop.bantam.ch\/de\/produkt\/heizsystem-combi-d-mit-inet-x-panel\/\" \/>\n<meta property=\"og:locale\" content=\"de_DE\" \/>\n<meta property=\"og:type\" content=\"article\" \/>\n<meta property=\"og:title\" content=\"Heizsystem Combi D mit iNet X Panel - Bantam\" \/>\n<meta property=\"og:description\" content=\"Heizung und Warmwasser in einem: Die Truma Combi Heizungen vereinen zwei Funktionen in einem Ger\u00e4t. Sie heizen den Wohnraum und erw\u00e4rmen im integrierten Edelstahlbeh\u00e4lter Wasser. Je nach Modell lassen sich die Combi Heizungen im Gas-, Elektro-, Diesel- oder Mischbetrieb nutzen. Neuheiten zur Combi D \u201cn\u00e4chste Generation\u201d um 3 kg und Combi D (E) um 3,4 [&hellip;]\" \/>\n<meta property=\"og:url\" content=\"https:\/\/shop.bantam.ch\/de\/produkt\/heizsystem-combi-d-mit-inet-x-panel\/\" \/>\n<meta property=\"og:site_name\" content=\"Bantam\" \/>\n<meta property=\"article:modified_time\" content=\"2026-05-02T21:40:33+00:00\" \/>\n<meta property=\"og:image\" content=\"https:\/\/shop.bantam.ch\/wp-content\/uploads\/2023\/03\/995777011-scaled.jpg\" \/>\n\t<meta property=\"og:image:width\" content=\"1024\" \/>\n\t<meta property=\"og:image:height\" content=\"796\" \/>\n\t<meta property=\"og:image:type\" content=\"image\/jpeg\" \/>\n<meta name=\"twitter:card\" content=\"summary_large_image\" \/>\n<meta name=\"twitter:label1\" content=\"Gesch\u00e4tzte Lesezeit\" \/>\n\t<meta name=\"twitter:data1\" content=\"1\u00a0Minute\" \/>\n<script type=\"application\/ld+json\" class=\"yoast-schema-graph\">{\"@context\":\"https:\\\/\\\/schema.org\",\"@graph\":[{\"@type\":\"WebPage\",\"@id\":\"https:\\\/\\\/shop.bantam.ch\\\/de\\\/produkt\\\/heizsystem-combi-d-mit-inet-x-panel\\\/\",\"url\":\"https:\\\/\\\/shop.bantam.ch\\\/de\\\/produkt\\\/heizsystem-combi-d-mit-inet-x-panel\\\/\",\"name\":\"Heizsystem Combi D mit iNet X Panel - Bantam\",\"isPartOf\":{\"@id\":\"https:\\\/\\\/shop.bantam.ch\\\/de\\\/#website\"},\"primaryImageOfPage\":{\"@id\":\"https:\\\/\\\/shop.bantam.ch\\\/de\\\/produkt\\\/heizsystem-combi-d-mit-inet-x-panel\\\/#primaryimage\"},\"image\":{\"@id\":\"https:\\\/\\\/shop.bantam.ch\\\/de\\\/produkt\\\/heizsystem-combi-d-mit-inet-x-panel\\\/#primaryimage\"},\"thumbnailUrl\":\"https:\\\/\\\/shop.bantam.ch\\\/wp-content\\\/uploads\\\/2023\\\/03\\\/995777011-scaled.jpg\",\"datePublished\":\"2023-03-01T00:07:47+00:00\",\"dateModified\":\"2026-05-02T21:40:33+00:00\",\"breadcrumb\":{\"@id\":\"https:\\\/\\\/shop.bantam.ch\\\/de\\\/produkt\\\/heizsystem-combi-d-mit-inet-x-panel\\\/#breadcrumb\"},\"inLanguage\":\"de\",\"potentialAction\":[{\"@type\":\"ReadAction\",\"target\":[\"https:\\\/\\\/shop.bantam.ch\\\/de\\\/produkt\\\/heizsystem-combi-d-mit-inet-x-panel\\\/\"]}]},{\"@type\":\"ImageObject\",\"inLanguage\":\"de\",\"@id\":\"https:\\\/\\\/shop.bantam.ch\\\/de\\\/produkt\\\/heizsystem-combi-d-mit-inet-x-panel\\\/#primaryimage\",\"url\":\"https:\\\/\\\/shop.bantam.ch\\\/wp-content\\\/uploads\\\/2023\\\/03\\\/995777011-scaled.jpg\",\"contentUrl\":\"https:\\\/\\\/shop.bantam.ch\\\/wp-content\\\/uploads\\\/2023\\\/03\\\/995777011-scaled.jpg\",\"width\":2048,\"height\":1593},{\"@type\":\"BreadcrumbList\",\"@id\":\"https:\\\/\\\/shop.bantam.ch\\\/de\\\/produkt\\\/heizsystem-combi-d-mit-inet-x-panel\\\/#breadcrumb\",\"itemListElement\":[{\"@type\":\"ListItem\",\"position\":1,\"name\":\"Accueil\",\"item\":\"https:\\\/\\\/shop.bantam.ch\\\/de\\\/\"},{\"@type\":\"ListItem\",\"position\":2,\"name\":\"Shop\",\"item\":\"https:\\\/\\\/shop.bantam.ch\\\/de\\\/shop\\\/\"},{\"@type\":\"ListItem\",\"position\":3,\"name\":\"Heizsystem Combi D mit iNet X Panel\"}]},{\"@type\":\"WebSite\",\"@id\":\"https:\\\/\\\/shop.bantam.ch\\\/de\\\/#website\",\"url\":\"https:\\\/\\\/shop.bantam.ch\\\/de\\\/\",\"name\":\"Bantam\",\"description\":\"\",\"publisher\":{\"@id\":\"https:\\\/\\\/shop.bantam.ch\\\/de\\\/#organization\"},\"inLanguage\":\"de\"},{\"@type\":\"Organization\",\"@id\":\"https:\\\/\\\/shop.bantam.ch\\\/de\\\/#organization\",\"name\":\"Bantam\",\"url\":\"https:\\\/\\\/shop.bantam.ch\\\/de\\\/\",\"logo\":{\"@type\":\"ImageObject\",\"inLanguage\":\"de\",\"@id\":\"https:\\\/\\\/shop.bantam.ch\\\/de\\\/#\\\/schema\\\/logo\\\/image\\\/\",\"url\":\"https:\\\/\\\/shop.bantam.ch\\\/wp-content\\\/uploads\\\/2022\\\/12\\\/bantam-logo.png\",\"contentUrl\":\"https:\\\/\\\/shop.bantam.ch\\\/wp-content\\\/uploads\\\/2022\\\/12\\\/bantam-logo.png\",\"width\":320,\"height\":71,\"caption\":\"Bantam\"},\"image\":{\"@id\":\"https:\\\/\\\/shop.bantam.ch\\\/de\\\/#\\\/schema\\\/logo\\\/image\\\/\"}}]}<\/script>\n<!-- \/ Yoast SEO plugin. -->","yoast_head_json":{"title":"Heizsystem Combi D mit iNet X Panel - Bantam","robots":{"index":"index","follow":"follow","max-snippet":"max-snippet:-1","max-image-preview":"max-image-preview:large","max-video-preview":"max-video-preview:-1"},"canonical":"https:\/\/shop.bantam.ch\/de\/produkt\/heizsystem-combi-d-mit-inet-x-panel\/","og_locale":"de_DE","og_type":"article","og_title":"Heizsystem Combi D mit iNet X Panel - Bantam","og_description":"Heizung und Warmwasser in einem: Die Truma Combi Heizungen vereinen zwei Funktionen in einem Ger\u00e4t. Sie heizen den Wohnraum und erw\u00e4rmen im integrierten Edelstahlbeh\u00e4lter Wasser. Je nach Modell lassen sich die Combi Heizungen im Gas-, Elektro-, Diesel- oder Mischbetrieb nutzen. Neuheiten zur Combi D \u201cn\u00e4chste Generation\u201d um 3 kg und Combi D (E) um 3,4 [&hellip;]","og_url":"https:\/\/shop.bantam.ch\/de\/produkt\/heizsystem-combi-d-mit-inet-x-panel\/","og_site_name":"Bantam","article_modified_time":"2026-05-02T21:40:33+00:00","og_image":[{"url":"https:\/\/shop.bantam.ch\/wp-content\/uploads\/2023\/03\/995777011-scaled.jpg","width":1024,"height":796,"type":"image\/jpeg"}],"twitter_card":"summary_large_image","twitter_misc":{"Gesch\u00e4tzte Lesezeit":"1\u00a0Minute"},"schema":{"@context":"https:\/\/schema.org","@graph":[{"@type":"WebPage","@id":"https:\/\/shop.bantam.ch\/de\/produkt\/heizsystem-combi-d-mit-inet-x-panel\/","url":"https:\/\/shop.bantam.ch\/de\/produkt\/heizsystem-combi-d-mit-inet-x-panel\/","name":"Heizsystem Combi D mit iNet X Panel - Bantam","isPartOf":{"@id":"https:\/\/shop.bantam.ch\/de\/#website"},"primaryImageOfPage":{"@id":"https:\/\/shop.bantam.ch\/de\/produkt\/heizsystem-combi-d-mit-inet-x-panel\/#primaryimage"},"image":{"@id":"https:\/\/shop.bantam.ch\/de\/produkt\/heizsystem-combi-d-mit-inet-x-panel\/#primaryimage"},"thumbnailUrl":"https:\/\/shop.bantam.ch\/wp-content\/uploads\/2023\/03\/995777011-scaled.jpg","datePublished":"2023-03-01T00:07:47+00:00","dateModified":"2026-05-02T21:40:33+00:00","breadcrumb":{"@id":"https:\/\/shop.bantam.ch\/de\/produkt\/heizsystem-combi-d-mit-inet-x-panel\/#breadcrumb"},"inLanguage":"de","potentialAction":[{"@type":"ReadAction","target":["https:\/\/shop.bantam.ch\/de\/produkt\/heizsystem-combi-d-mit-inet-x-panel\/"]}]},{"@type":"ImageObject","inLanguage":"de","@id":"https:\/\/shop.bantam.ch\/de\/produkt\/heizsystem-combi-d-mit-inet-x-panel\/#primaryimage","url":"https:\/\/shop.bantam.ch\/wp-content\/uploads\/2023\/03\/995777011-scaled.jpg","contentUrl":"https:\/\/shop.bantam.ch\/wp-content\/uploads\/2023\/03\/995777011-scaled.jpg","width":2048,"height":1593},{"@type":"BreadcrumbList","@id":"https:\/\/shop.bantam.ch\/de\/produkt\/heizsystem-combi-d-mit-inet-x-panel\/#breadcrumb","itemListElement":[{"@type":"ListItem","position":1,"name":"Accueil","item":"https:\/\/shop.bantam.ch\/de\/"},{"@type":"ListItem","position":2,"name":"Shop","item":"https:\/\/shop.bantam.ch\/de\/shop\/"},{"@type":"ListItem","position":3,"name":"Heizsystem Combi D mit iNet X Panel"}]},{"@type":"WebSite","@id":"https:\/\/shop.bantam.ch\/de\/#website","url":"https:\/\/shop.bantam.ch\/de\/","name":"Bantam","description":"","publisher":{"@id":"https:\/\/shop.bantam.ch\/de\/#organization"},"inLanguage":"de"},{"@type":"Organization","@id":"https:\/\/shop.bantam.ch\/de\/#organization","name":"Bantam","url":"https:\/\/shop.bantam.ch\/de\/","logo":{"@type":"ImageObject","inLanguage":"de","@id":"https:\/\/shop.bantam.ch\/de\/#\/schema\/logo\/image\/","url":"https:\/\/shop.bantam.ch\/wp-content\/uploads\/2022\/12\/bantam-logo.png","contentUrl":"https:\/\/shop.bantam.ch\/wp-content\/uploads\/2022\/12\/bantam-logo.png","width":320,"height":71,"caption":"Bantam"},"image":{"@id":"https:\/\/shop.bantam.ch\/de\/#\/schema\/logo\/image\/"}}]}},"_links":{"self":[{"href":"https:\/\/shop.bantam.ch\/de\/wp-json\/wp\/v2\/product\/126397","targetHints":{"allow":["GET"]}}],"collection":[{"href":"https:\/\/shop.bantam.ch\/de\/wp-json\/wp\/v2\/product"}],"about":[{"href":"https:\/\/shop.bantam.ch\/de\/wp-json\/wp\/v2\/types\/product"}],"wp:featuredmedia":[{"embeddable":true,"href":"https:\/\/shop.bantam.ch\/de\/wp-json\/wp\/v2\/media\/126353"}],"wp:attachment":[{"href":"https:\/\/shop.bantam.ch\/de\/wp-json\/wp\/v2\/media?parent=126397"}],"wp:term":[{"taxonomy":"product_featured_cat","embeddable":true,"href":"https:\/\/shop.bantam.ch\/de\/wp-json\/wp\/v2\/product_featured_cat?post=126397"},{"taxonomy":"product_brand","embeddable":true,"href":"https:\/\/shop.bantam.ch\/de\/wp-json\/wp\/v2\/product_brand?post=126397"},{"taxonomy":"product_cat","embeddable":true,"href":"https:\/\/shop.bantam.ch\/de\/wp-json\/wp\/v2\/product_cat?post=126397"},{"taxonomy":"product_tag","embeddable":true,"href":"https:\/\/shop.bantam.ch\/de\/wp-json\/wp\/v2\/product_tag?post=126397"}],"curies":[{"name":"wp","href":"https:\/\/api.w.org\/{rel}","templated":true}]}}