{"id":126337,"date":"2023-03-01T01:07:24","date_gmt":"2023-03-01T00:07:24","guid":{"rendered":"https:\/\/shop.bantam.ch\/produit\/reanimationshilfe-by-beurer\/"},"modified":"2026-05-01T21:50:48","modified_gmt":"2026-05-01T19:50:48","slug":"reanimationshilfe-by-beurer","status":"publish","type":"product","link":"https:\/\/shop.bantam.ch\/de\/produkt\/reanimationshilfe-by-beurer\/","title":{"rendered":"Reanimationshilfe LifePad by Beurer"},"content":{"rendered":"<p>Ein Herzstillstand kann jeden treffen \u2013 meistens unerwartet<\/p>\n<p>Mit dem LifePad\u00ae kann sofort geholfen werden<\/p>\n<p>Das menschliche Gehirn kann bei einem Herz-Kreislauf-Stillstand h\u00f6chstens f\u00fcnf Minuten ohne Sauerstoff \u00fcberleben, wobei mit jeder Minute die\u00a0Wahrscheinlichkeit f\u00fcr schwerwiegende Folgen steigt. Nicht einmal bei der H\u00e4lfte der Herzstillst\u00e4nde in Deutschland f\u00fchren Ersthelfer die lebensrettenden Handgriffe aus. Wenn mehr Menschen unverz\u00fcglich handeln w\u00fcrden, k\u00f6nnten sich die \u00dcberlebenschancen der Betroffenen um ein Vielfaches\u00a0erh\u00f6hen.<\/p>\n<p>Vorteile des LifePads\u00ae:<\/p>\n<ul>\n<li>Schritt-f\u00fcr-Schritt-Anleitung zur Reanimation: Einfache Anwendung, keine Vorkenntnisse notwendig<\/li>\n<li>Visuelles und akustisches Feedbacksystem:\u00a0F\u00fcr optimale Kompressionstiefe und Druckfrequenz<\/li>\n<li>Kompakte Gr\u00f6\u00dfe:\u00a0Im DIN A5 Format (21&#215;16 cm) in jeder Tasche gut verstaubar<\/li>\n<li>Flexibles Material:\u00a0Passt sich der K\u00f6rperform an<\/li>\n<li>Einfache Positionierung:\u00a0Anleitung und Markierung direkt auf dem Pad<\/li>\n<\/ul>\n","protected":false},"excerpt":{"rendered":"<p>Ein Herzstillstand kann jeden treffen \u2013 meistens unerwartet Mit dem LifePad\u00ae kann sofort geholfen werden Das menschliche Gehirn kann bei einem Herz-Kreislauf-Stillstand h\u00f6chstens f\u00fcnf Minuten ohne Sauerstoff \u00fcberleben, wobei mit jeder Minute die\u00a0Wahrscheinlichkeit f\u00fcr schwerwiegende Folgen steigt. Nicht einmal bei der H\u00e4lfte der Herzstillst\u00e4nde in Deutschland f\u00fchren Ersthelfer die lebensrettenden Handgriffe aus. Wenn mehr Menschen [&hellip;]<\/p>\n","protected":false},"featured_media":126323,"template":"","meta":{"_acf_changed":false},"product_featured_cat":[],"product_brand":[3643],"product_cat":[4428],"product_tag":[],"class_list":{"0":"post-126337","1":"product","2":"type-product","3":"status-publish","4":"has-post-thumbnail","6":"product_brand-lifepad-de","7":"product_cat-erste-hilfe","9":"first","10":"instock","11":"taxable","12":"shipping-taxable","13":"purchasable","14":"product-type-simple"},"acf":[],"yoast_head":"<!-- This site is optimized with the Yoast SEO plugin v27.5 - https:\/\/yoast.com\/product\/yoast-seo-wordpress\/ -->\n<title>Reanimationshilfe LifePad by Beurer - Bantam<\/title>\n<meta name=\"robots\" content=\"index, follow, max-snippet:-1, max-image-preview:large, max-video-preview:-1\" \/>\n<link rel=\"canonical\" href=\"https:\/\/shop.bantam.ch\/de\/produkt\/reanimationshilfe-by-beurer\/\" \/>\n<meta property=\"og:locale\" content=\"de_DE\" \/>\n<meta property=\"og:type\" content=\"article\" \/>\n<meta property=\"og:title\" content=\"Reanimationshilfe LifePad by Beurer - Bantam\" \/>\n<meta property=\"og:description\" content=\"Ein Herzstillstand kann jeden treffen \u2013 meistens unerwartet Mit dem LifePad\u00ae kann sofort geholfen werden Das menschliche Gehirn kann bei einem Herz-Kreislauf-Stillstand h\u00f6chstens f\u00fcnf Minuten ohne Sauerstoff \u00fcberleben, wobei mit jeder Minute die\u00a0Wahrscheinlichkeit f\u00fcr schwerwiegende Folgen steigt. Nicht einmal bei der H\u00e4lfte der Herzstillst\u00e4nde in Deutschland f\u00fchren Ersthelfer die lebensrettenden Handgriffe aus. Wenn mehr Menschen [&hellip;]\" \/>\n<meta property=\"og:url\" content=\"https:\/\/shop.bantam.ch\/de\/produkt\/reanimationshilfe-by-beurer\/\" \/>\n<meta property=\"og:site_name\" content=\"Bantam\" \/>\n<meta property=\"article:modified_time\" content=\"2026-05-01T19:50:48+00:00\" \/>\n<meta property=\"og:image\" content=\"https:\/\/shop.bantam.ch\/wp-content\/uploads\/2023\/03\/996135611.jpg\" \/>\n\t<meta property=\"og:image:width\" content=\"754\" \/>\n\t<meta property=\"og:image:height\" content=\"1000\" \/>\n\t<meta property=\"og:image:type\" content=\"image\/jpeg\" \/>\n<meta name=\"twitter:card\" content=\"summary_large_image\" \/>\n<meta name=\"twitter:label1\" content=\"Gesch\u00e4tzte Lesezeit\" \/>\n\t<meta name=\"twitter:data1\" content=\"1\u00a0Minute\" \/>\n<script type=\"application\/ld+json\" class=\"yoast-schema-graph\">{\"@context\":\"https:\\\/\\\/schema.org\",\"@graph\":[{\"@type\":\"WebPage\",\"@id\":\"https:\\\/\\\/shop.bantam.ch\\\/de\\\/produkt\\\/reanimationshilfe-by-beurer\\\/\",\"url\":\"https:\\\/\\\/shop.bantam.ch\\\/de\\\/produkt\\\/reanimationshilfe-by-beurer\\\/\",\"name\":\"Reanimationshilfe LifePad by Beurer - Bantam\",\"isPartOf\":{\"@id\":\"https:\\\/\\\/shop.bantam.ch\\\/de\\\/#website\"},\"primaryImageOfPage\":{\"@id\":\"https:\\\/\\\/shop.bantam.ch\\\/de\\\/produkt\\\/reanimationshilfe-by-beurer\\\/#primaryimage\"},\"image\":{\"@id\":\"https:\\\/\\\/shop.bantam.ch\\\/de\\\/produkt\\\/reanimationshilfe-by-beurer\\\/#primaryimage\"},\"thumbnailUrl\":\"https:\\\/\\\/shop.bantam.ch\\\/wp-content\\\/uploads\\\/2023\\\/03\\\/996135611.jpg\",\"datePublished\":\"2023-03-01T00:07:24+00:00\",\"dateModified\":\"2026-05-01T19:50:48+00:00\",\"breadcrumb\":{\"@id\":\"https:\\\/\\\/shop.bantam.ch\\\/de\\\/produkt\\\/reanimationshilfe-by-beurer\\\/#breadcrumb\"},\"inLanguage\":\"de\",\"potentialAction\":[{\"@type\":\"ReadAction\",\"target\":[\"https:\\\/\\\/shop.bantam.ch\\\/de\\\/produkt\\\/reanimationshilfe-by-beurer\\\/\"]}]},{\"@type\":\"ImageObject\",\"inLanguage\":\"de\",\"@id\":\"https:\\\/\\\/shop.bantam.ch\\\/de\\\/produkt\\\/reanimationshilfe-by-beurer\\\/#primaryimage\",\"url\":\"https:\\\/\\\/shop.bantam.ch\\\/wp-content\\\/uploads\\\/2023\\\/03\\\/996135611.jpg\",\"contentUrl\":\"https:\\\/\\\/shop.bantam.ch\\\/wp-content\\\/uploads\\\/2023\\\/03\\\/996135611.jpg\",\"width\":754,\"height\":1000},{\"@type\":\"BreadcrumbList\",\"@id\":\"https:\\\/\\\/shop.bantam.ch\\\/de\\\/produkt\\\/reanimationshilfe-by-beurer\\\/#breadcrumb\",\"itemListElement\":[{\"@type\":\"ListItem\",\"position\":1,\"name\":\"Accueil\",\"item\":\"https:\\\/\\\/shop.bantam.ch\\\/de\\\/\"},{\"@type\":\"ListItem\",\"position\":2,\"name\":\"Shop\",\"item\":\"https:\\\/\\\/shop.bantam.ch\\\/de\\\/shop\\\/\"},{\"@type\":\"ListItem\",\"position\":3,\"name\":\"Reanimationshilfe LifePad by Beurer\"}]},{\"@type\":\"WebSite\",\"@id\":\"https:\\\/\\\/shop.bantam.ch\\\/de\\\/#website\",\"url\":\"https:\\\/\\\/shop.bantam.ch\\\/de\\\/\",\"name\":\"Bantam\",\"description\":\"\",\"publisher\":{\"@id\":\"https:\\\/\\\/shop.bantam.ch\\\/de\\\/#organization\"},\"inLanguage\":\"de\"},{\"@type\":\"Organization\",\"@id\":\"https:\\\/\\\/shop.bantam.ch\\\/de\\\/#organization\",\"name\":\"Bantam\",\"url\":\"https:\\\/\\\/shop.bantam.ch\\\/de\\\/\",\"logo\":{\"@type\":\"ImageObject\",\"inLanguage\":\"de\",\"@id\":\"https:\\\/\\\/shop.bantam.ch\\\/de\\\/#\\\/schema\\\/logo\\\/image\\\/\",\"url\":\"https:\\\/\\\/shop.bantam.ch\\\/wp-content\\\/uploads\\\/2022\\\/12\\\/bantam-logo.png\",\"contentUrl\":\"https:\\\/\\\/shop.bantam.ch\\\/wp-content\\\/uploads\\\/2022\\\/12\\\/bantam-logo.png\",\"width\":320,\"height\":71,\"caption\":\"Bantam\"},\"image\":{\"@id\":\"https:\\\/\\\/shop.bantam.ch\\\/de\\\/#\\\/schema\\\/logo\\\/image\\\/\"}}]}<\/script>\n<!-- \/ Yoast SEO plugin. -->","yoast_head_json":{"title":"Reanimationshilfe LifePad by Beurer - Bantam","robots":{"index":"index","follow":"follow","max-snippet":"max-snippet:-1","max-image-preview":"max-image-preview:large","max-video-preview":"max-video-preview:-1"},"canonical":"https:\/\/shop.bantam.ch\/de\/produkt\/reanimationshilfe-by-beurer\/","og_locale":"de_DE","og_type":"article","og_title":"Reanimationshilfe LifePad by Beurer - Bantam","og_description":"Ein Herzstillstand kann jeden treffen \u2013 meistens unerwartet Mit dem LifePad\u00ae kann sofort geholfen werden Das menschliche Gehirn kann bei einem Herz-Kreislauf-Stillstand h\u00f6chstens f\u00fcnf Minuten ohne Sauerstoff \u00fcberleben, wobei mit jeder Minute die\u00a0Wahrscheinlichkeit f\u00fcr schwerwiegende Folgen steigt. Nicht einmal bei der H\u00e4lfte der Herzstillst\u00e4nde in Deutschland f\u00fchren Ersthelfer die lebensrettenden Handgriffe aus. Wenn mehr Menschen [&hellip;]","og_url":"https:\/\/shop.bantam.ch\/de\/produkt\/reanimationshilfe-by-beurer\/","og_site_name":"Bantam","article_modified_time":"2026-05-01T19:50:48+00:00","og_image":[{"width":754,"height":1000,"url":"https:\/\/shop.bantam.ch\/wp-content\/uploads\/2023\/03\/996135611.jpg","type":"image\/jpeg"}],"twitter_card":"summary_large_image","twitter_misc":{"Gesch\u00e4tzte Lesezeit":"1\u00a0Minute"},"schema":{"@context":"https:\/\/schema.org","@graph":[{"@type":"WebPage","@id":"https:\/\/shop.bantam.ch\/de\/produkt\/reanimationshilfe-by-beurer\/","url":"https:\/\/shop.bantam.ch\/de\/produkt\/reanimationshilfe-by-beurer\/","name":"Reanimationshilfe LifePad by Beurer - Bantam","isPartOf":{"@id":"https:\/\/shop.bantam.ch\/de\/#website"},"primaryImageOfPage":{"@id":"https:\/\/shop.bantam.ch\/de\/produkt\/reanimationshilfe-by-beurer\/#primaryimage"},"image":{"@id":"https:\/\/shop.bantam.ch\/de\/produkt\/reanimationshilfe-by-beurer\/#primaryimage"},"thumbnailUrl":"https:\/\/shop.bantam.ch\/wp-content\/uploads\/2023\/03\/996135611.jpg","datePublished":"2023-03-01T00:07:24+00:00","dateModified":"2026-05-01T19:50:48+00:00","breadcrumb":{"@id":"https:\/\/shop.bantam.ch\/de\/produkt\/reanimationshilfe-by-beurer\/#breadcrumb"},"inLanguage":"de","potentialAction":[{"@type":"ReadAction","target":["https:\/\/shop.bantam.ch\/de\/produkt\/reanimationshilfe-by-beurer\/"]}]},{"@type":"ImageObject","inLanguage":"de","@id":"https:\/\/shop.bantam.ch\/de\/produkt\/reanimationshilfe-by-beurer\/#primaryimage","url":"https:\/\/shop.bantam.ch\/wp-content\/uploads\/2023\/03\/996135611.jpg","contentUrl":"https:\/\/shop.bantam.ch\/wp-content\/uploads\/2023\/03\/996135611.jpg","width":754,"height":1000},{"@type":"BreadcrumbList","@id":"https:\/\/shop.bantam.ch\/de\/produkt\/reanimationshilfe-by-beurer\/#breadcrumb","itemListElement":[{"@type":"ListItem","position":1,"name":"Accueil","item":"https:\/\/shop.bantam.ch\/de\/"},{"@type":"ListItem","position":2,"name":"Shop","item":"https:\/\/shop.bantam.ch\/de\/shop\/"},{"@type":"ListItem","position":3,"name":"Reanimationshilfe LifePad by Beurer"}]},{"@type":"WebSite","@id":"https:\/\/shop.bantam.ch\/de\/#website","url":"https:\/\/shop.bantam.ch\/de\/","name":"Bantam","description":"","publisher":{"@id":"https:\/\/shop.bantam.ch\/de\/#organization"},"inLanguage":"de"},{"@type":"Organization","@id":"https:\/\/shop.bantam.ch\/de\/#organization","name":"Bantam","url":"https:\/\/shop.bantam.ch\/de\/","logo":{"@type":"ImageObject","inLanguage":"de","@id":"https:\/\/shop.bantam.ch\/de\/#\/schema\/logo\/image\/","url":"https:\/\/shop.bantam.ch\/wp-content\/uploads\/2022\/12\/bantam-logo.png","contentUrl":"https:\/\/shop.bantam.ch\/wp-content\/uploads\/2022\/12\/bantam-logo.png","width":320,"height":71,"caption":"Bantam"},"image":{"@id":"https:\/\/shop.bantam.ch\/de\/#\/schema\/logo\/image\/"}}]}},"_links":{"self":[{"href":"https:\/\/shop.bantam.ch\/de\/wp-json\/wp\/v2\/product\/126337","targetHints":{"allow":["GET"]}}],"collection":[{"href":"https:\/\/shop.bantam.ch\/de\/wp-json\/wp\/v2\/product"}],"about":[{"href":"https:\/\/shop.bantam.ch\/de\/wp-json\/wp\/v2\/types\/product"}],"wp:featuredmedia":[{"embeddable":true,"href":"https:\/\/shop.bantam.ch\/de\/wp-json\/wp\/v2\/media\/126323"}],"wp:attachment":[{"href":"https:\/\/shop.bantam.ch\/de\/wp-json\/wp\/v2\/media?parent=126337"}],"wp:term":[{"taxonomy":"product_featured_cat","embeddable":true,"href":"https:\/\/shop.bantam.ch\/de\/wp-json\/wp\/v2\/product_featured_cat?post=126337"},{"taxonomy":"product_brand","embeddable":true,"href":"https:\/\/shop.bantam.ch\/de\/wp-json\/wp\/v2\/product_brand?post=126337"},{"taxonomy":"product_cat","embeddable":true,"href":"https:\/\/shop.bantam.ch\/de\/wp-json\/wp\/v2\/product_cat?post=126337"},{"taxonomy":"product_tag","embeddable":true,"href":"https:\/\/shop.bantam.ch\/de\/wp-json\/wp\/v2\/product_tag?post=126337"}],"curies":[{"name":"wp","href":"https:\/\/api.w.org\/{rel}","templated":true}]}}