{"id":126321,"date":"2023-03-01T01:07:17","date_gmt":"2023-03-01T00:07:17","guid":{"rendered":"https:\/\/shop.bantam.ch\/produit\/reise-erste-hilfe-set-outdoor-mit-erste-hilfe-app\/"},"modified":"2026-05-01T21:50:48","modified_gmt":"2026-05-01T19:50:48","slug":"reise-erste-hilfe-set-outdoor-mit-erste-hilfe-app","status":"publish","type":"product","link":"https:\/\/shop.bantam.ch\/de\/produkt\/reise-erste-hilfe-set-outdoor-mit-erste-hilfe-app\/","title":{"rendered":"Reise-Erste-Hilfe Set PocDoc Outdoor mit Erste-Hilfe App"},"content":{"rendered":"<p>POCDOC OUTDOOR<\/p>\n<ul>\n<li>Intelligenter Verbandkasten f\u00fcr die Erstversorgung<\/li>\n<li>Mit F\u00fcllung nach DIN 13167<\/li>\n<li>Sicherheit bei Reisen, Sport und Motorrad und f\u00fcr Ihren Vierbeiner<\/li>\n<\/ul>\n<p>Das First Aid Kit ist f\u00fcr jede Aktivit\u00e4t wie Skifahren, Snowboarden, Klettern, Wandern, Fahrrad fahren, Mtb, Motorradfahren oder Camping geeignet. Der kleine Verbandkasten passt in jeden Koffer und Rucksack. Die App f\u00fchrt Sie Step by Step durch die Behandlung und zeigt wo sich das Verbandmaterial im Notfallset befindet.\u00a0Der Verbandkasten &#8211; Hochwertiges, robustes, wasserabweisendes EVA Design, f\u00fcr die schnelle Auffindung sind die Verbandstoffe hochkant ausgerichtet und die F\u00e4cher farblich markiert.\u00a0Deutsche Markenqualit\u00e4t.<\/p>\n<p>Lieferumfang:<br \/>Inklusive Erste-Hilfe-App (iOS &amp; Andorid)<\/p>\n","protected":false},"excerpt":{"rendered":"<p>POCDOC OUTDOOR Intelligenter Verbandkasten f\u00fcr die Erstversorgung Mit F\u00fcllung nach DIN 13167 Sicherheit bei Reisen, Sport und Motorrad und f\u00fcr Ihren Vierbeiner Das First Aid Kit ist f\u00fcr jede Aktivit\u00e4t wie Skifahren, Snowboarden, Klettern, Wandern, Fahrrad fahren, Mtb, Motorradfahren oder Camping geeignet. Der kleine Verbandkasten passt in jeden Koffer und Rucksack. Die App f\u00fchrt Sie [&hellip;]<\/p>\n","protected":false},"featured_media":126311,"template":"","meta":{"_acf_changed":false},"product_featured_cat":[],"product_brand":[3641],"product_cat":[4428],"product_tag":[],"class_list":{"0":"post-126321","1":"product","2":"type-product","3":"status-publish","4":"has-post-thumbnail","6":"product_brand-pocdoc-de","7":"product_cat-erste-hilfe","9":"first","10":"instock","11":"taxable","12":"shipping-taxable","13":"purchasable","14":"product-type-simple"},"acf":[],"yoast_head":"<!-- This site is optimized with the Yoast SEO plugin v27.5 - https:\/\/yoast.com\/product\/yoast-seo-wordpress\/ -->\n<title>Reise-Erste-Hilfe Set PocDoc Outdoor mit Erste-Hilfe App - Bantam<\/title>\n<meta name=\"robots\" content=\"index, follow, max-snippet:-1, max-image-preview:large, max-video-preview:-1\" \/>\n<link rel=\"canonical\" href=\"https:\/\/shop.bantam.ch\/de\/produkt\/reise-erste-hilfe-set-outdoor-mit-erste-hilfe-app\/\" \/>\n<meta property=\"og:locale\" content=\"de_DE\" \/>\n<meta property=\"og:type\" content=\"article\" \/>\n<meta property=\"og:title\" content=\"Reise-Erste-Hilfe Set PocDoc Outdoor mit Erste-Hilfe App - Bantam\" \/>\n<meta property=\"og:description\" content=\"POCDOC OUTDOOR Intelligenter Verbandkasten f\u00fcr die Erstversorgung Mit F\u00fcllung nach DIN 13167 Sicherheit bei Reisen, Sport und Motorrad und f\u00fcr Ihren Vierbeiner Das First Aid Kit ist f\u00fcr jede Aktivit\u00e4t wie Skifahren, Snowboarden, Klettern, Wandern, Fahrrad fahren, Mtb, Motorradfahren oder Camping geeignet. Der kleine Verbandkasten passt in jeden Koffer und Rucksack. Die App f\u00fchrt Sie [&hellip;]\" \/>\n<meta property=\"og:url\" content=\"https:\/\/shop.bantam.ch\/de\/produkt\/reise-erste-hilfe-set-outdoor-mit-erste-hilfe-app\/\" \/>\n<meta property=\"og:site_name\" content=\"Bantam\" \/>\n<meta property=\"article:modified_time\" content=\"2026-05-01T19:50:48+00:00\" \/>\n<meta property=\"og:image\" content=\"https:\/\/shop.bantam.ch\/wp-content\/uploads\/2023\/03\/996135511.jpg\" \/>\n\t<meta property=\"og:image:width\" content=\"1000\" \/>\n\t<meta property=\"og:image:height\" content=\"927\" \/>\n\t<meta property=\"og:image:type\" content=\"image\/jpeg\" \/>\n<meta name=\"twitter:card\" content=\"summary_large_image\" \/>\n<meta name=\"twitter:label1\" content=\"Gesch\u00e4tzte Lesezeit\" \/>\n\t<meta name=\"twitter:data1\" content=\"1\u00a0Minute\" \/>\n<script type=\"application\/ld+json\" class=\"yoast-schema-graph\">{\"@context\":\"https:\\\/\\\/schema.org\",\"@graph\":[{\"@type\":\"WebPage\",\"@id\":\"https:\\\/\\\/shop.bantam.ch\\\/de\\\/produkt\\\/reise-erste-hilfe-set-outdoor-mit-erste-hilfe-app\\\/\",\"url\":\"https:\\\/\\\/shop.bantam.ch\\\/de\\\/produkt\\\/reise-erste-hilfe-set-outdoor-mit-erste-hilfe-app\\\/\",\"name\":\"Reise-Erste-Hilfe Set PocDoc Outdoor mit Erste-Hilfe App - Bantam\",\"isPartOf\":{\"@id\":\"https:\\\/\\\/shop.bantam.ch\\\/de\\\/#website\"},\"primaryImageOfPage\":{\"@id\":\"https:\\\/\\\/shop.bantam.ch\\\/de\\\/produkt\\\/reise-erste-hilfe-set-outdoor-mit-erste-hilfe-app\\\/#primaryimage\"},\"image\":{\"@id\":\"https:\\\/\\\/shop.bantam.ch\\\/de\\\/produkt\\\/reise-erste-hilfe-set-outdoor-mit-erste-hilfe-app\\\/#primaryimage\"},\"thumbnailUrl\":\"https:\\\/\\\/shop.bantam.ch\\\/wp-content\\\/uploads\\\/2023\\\/03\\\/996135511.jpg\",\"datePublished\":\"2023-03-01T00:07:17+00:00\",\"dateModified\":\"2026-05-01T19:50:48+00:00\",\"breadcrumb\":{\"@id\":\"https:\\\/\\\/shop.bantam.ch\\\/de\\\/produkt\\\/reise-erste-hilfe-set-outdoor-mit-erste-hilfe-app\\\/#breadcrumb\"},\"inLanguage\":\"de\",\"potentialAction\":[{\"@type\":\"ReadAction\",\"target\":[\"https:\\\/\\\/shop.bantam.ch\\\/de\\\/produkt\\\/reise-erste-hilfe-set-outdoor-mit-erste-hilfe-app\\\/\"]}]},{\"@type\":\"ImageObject\",\"inLanguage\":\"de\",\"@id\":\"https:\\\/\\\/shop.bantam.ch\\\/de\\\/produkt\\\/reise-erste-hilfe-set-outdoor-mit-erste-hilfe-app\\\/#primaryimage\",\"url\":\"https:\\\/\\\/shop.bantam.ch\\\/wp-content\\\/uploads\\\/2023\\\/03\\\/996135511.jpg\",\"contentUrl\":\"https:\\\/\\\/shop.bantam.ch\\\/wp-content\\\/uploads\\\/2023\\\/03\\\/996135511.jpg\",\"width\":1000,\"height\":927},{\"@type\":\"BreadcrumbList\",\"@id\":\"https:\\\/\\\/shop.bantam.ch\\\/de\\\/produkt\\\/reise-erste-hilfe-set-outdoor-mit-erste-hilfe-app\\\/#breadcrumb\",\"itemListElement\":[{\"@type\":\"ListItem\",\"position\":1,\"name\":\"Accueil\",\"item\":\"https:\\\/\\\/shop.bantam.ch\\\/de\\\/\"},{\"@type\":\"ListItem\",\"position\":2,\"name\":\"Shop\",\"item\":\"https:\\\/\\\/shop.bantam.ch\\\/de\\\/shop\\\/\"},{\"@type\":\"ListItem\",\"position\":3,\"name\":\"Reise-Erste-Hilfe Set PocDoc Outdoor mit Erste-Hilfe App\"}]},{\"@type\":\"WebSite\",\"@id\":\"https:\\\/\\\/shop.bantam.ch\\\/de\\\/#website\",\"url\":\"https:\\\/\\\/shop.bantam.ch\\\/de\\\/\",\"name\":\"Bantam\",\"description\":\"\",\"publisher\":{\"@id\":\"https:\\\/\\\/shop.bantam.ch\\\/de\\\/#organization\"},\"inLanguage\":\"de\"},{\"@type\":\"Organization\",\"@id\":\"https:\\\/\\\/shop.bantam.ch\\\/de\\\/#organization\",\"name\":\"Bantam\",\"url\":\"https:\\\/\\\/shop.bantam.ch\\\/de\\\/\",\"logo\":{\"@type\":\"ImageObject\",\"inLanguage\":\"de\",\"@id\":\"https:\\\/\\\/shop.bantam.ch\\\/de\\\/#\\\/schema\\\/logo\\\/image\\\/\",\"url\":\"https:\\\/\\\/shop.bantam.ch\\\/wp-content\\\/uploads\\\/2022\\\/12\\\/bantam-logo.png\",\"contentUrl\":\"https:\\\/\\\/shop.bantam.ch\\\/wp-content\\\/uploads\\\/2022\\\/12\\\/bantam-logo.png\",\"width\":320,\"height\":71,\"caption\":\"Bantam\"},\"image\":{\"@id\":\"https:\\\/\\\/shop.bantam.ch\\\/de\\\/#\\\/schema\\\/logo\\\/image\\\/\"}}]}<\/script>\n<!-- \/ Yoast SEO plugin. -->","yoast_head_json":{"title":"Reise-Erste-Hilfe Set PocDoc Outdoor mit Erste-Hilfe App - Bantam","robots":{"index":"index","follow":"follow","max-snippet":"max-snippet:-1","max-image-preview":"max-image-preview:large","max-video-preview":"max-video-preview:-1"},"canonical":"https:\/\/shop.bantam.ch\/de\/produkt\/reise-erste-hilfe-set-outdoor-mit-erste-hilfe-app\/","og_locale":"de_DE","og_type":"article","og_title":"Reise-Erste-Hilfe Set PocDoc Outdoor mit Erste-Hilfe App - Bantam","og_description":"POCDOC OUTDOOR Intelligenter Verbandkasten f\u00fcr die Erstversorgung Mit F\u00fcllung nach DIN 13167 Sicherheit bei Reisen, Sport und Motorrad und f\u00fcr Ihren Vierbeiner Das First Aid Kit ist f\u00fcr jede Aktivit\u00e4t wie Skifahren, Snowboarden, Klettern, Wandern, Fahrrad fahren, Mtb, Motorradfahren oder Camping geeignet. Der kleine Verbandkasten passt in jeden Koffer und Rucksack. Die App f\u00fchrt Sie [&hellip;]","og_url":"https:\/\/shop.bantam.ch\/de\/produkt\/reise-erste-hilfe-set-outdoor-mit-erste-hilfe-app\/","og_site_name":"Bantam","article_modified_time":"2026-05-01T19:50:48+00:00","og_image":[{"width":1000,"height":927,"url":"https:\/\/shop.bantam.ch\/wp-content\/uploads\/2023\/03\/996135511.jpg","type":"image\/jpeg"}],"twitter_card":"summary_large_image","twitter_misc":{"Gesch\u00e4tzte Lesezeit":"1\u00a0Minute"},"schema":{"@context":"https:\/\/schema.org","@graph":[{"@type":"WebPage","@id":"https:\/\/shop.bantam.ch\/de\/produkt\/reise-erste-hilfe-set-outdoor-mit-erste-hilfe-app\/","url":"https:\/\/shop.bantam.ch\/de\/produkt\/reise-erste-hilfe-set-outdoor-mit-erste-hilfe-app\/","name":"Reise-Erste-Hilfe Set PocDoc Outdoor mit Erste-Hilfe App - Bantam","isPartOf":{"@id":"https:\/\/shop.bantam.ch\/de\/#website"},"primaryImageOfPage":{"@id":"https:\/\/shop.bantam.ch\/de\/produkt\/reise-erste-hilfe-set-outdoor-mit-erste-hilfe-app\/#primaryimage"},"image":{"@id":"https:\/\/shop.bantam.ch\/de\/produkt\/reise-erste-hilfe-set-outdoor-mit-erste-hilfe-app\/#primaryimage"},"thumbnailUrl":"https:\/\/shop.bantam.ch\/wp-content\/uploads\/2023\/03\/996135511.jpg","datePublished":"2023-03-01T00:07:17+00:00","dateModified":"2026-05-01T19:50:48+00:00","breadcrumb":{"@id":"https:\/\/shop.bantam.ch\/de\/produkt\/reise-erste-hilfe-set-outdoor-mit-erste-hilfe-app\/#breadcrumb"},"inLanguage":"de","potentialAction":[{"@type":"ReadAction","target":["https:\/\/shop.bantam.ch\/de\/produkt\/reise-erste-hilfe-set-outdoor-mit-erste-hilfe-app\/"]}]},{"@type":"ImageObject","inLanguage":"de","@id":"https:\/\/shop.bantam.ch\/de\/produkt\/reise-erste-hilfe-set-outdoor-mit-erste-hilfe-app\/#primaryimage","url":"https:\/\/shop.bantam.ch\/wp-content\/uploads\/2023\/03\/996135511.jpg","contentUrl":"https:\/\/shop.bantam.ch\/wp-content\/uploads\/2023\/03\/996135511.jpg","width":1000,"height":927},{"@type":"BreadcrumbList","@id":"https:\/\/shop.bantam.ch\/de\/produkt\/reise-erste-hilfe-set-outdoor-mit-erste-hilfe-app\/#breadcrumb","itemListElement":[{"@type":"ListItem","position":1,"name":"Accueil","item":"https:\/\/shop.bantam.ch\/de\/"},{"@type":"ListItem","position":2,"name":"Shop","item":"https:\/\/shop.bantam.ch\/de\/shop\/"},{"@type":"ListItem","position":3,"name":"Reise-Erste-Hilfe Set PocDoc Outdoor mit Erste-Hilfe App"}]},{"@type":"WebSite","@id":"https:\/\/shop.bantam.ch\/de\/#website","url":"https:\/\/shop.bantam.ch\/de\/","name":"Bantam","description":"","publisher":{"@id":"https:\/\/shop.bantam.ch\/de\/#organization"},"inLanguage":"de"},{"@type":"Organization","@id":"https:\/\/shop.bantam.ch\/de\/#organization","name":"Bantam","url":"https:\/\/shop.bantam.ch\/de\/","logo":{"@type":"ImageObject","inLanguage":"de","@id":"https:\/\/shop.bantam.ch\/de\/#\/schema\/logo\/image\/","url":"https:\/\/shop.bantam.ch\/wp-content\/uploads\/2022\/12\/bantam-logo.png","contentUrl":"https:\/\/shop.bantam.ch\/wp-content\/uploads\/2022\/12\/bantam-logo.png","width":320,"height":71,"caption":"Bantam"},"image":{"@id":"https:\/\/shop.bantam.ch\/de\/#\/schema\/logo\/image\/"}}]}},"_links":{"self":[{"href":"https:\/\/shop.bantam.ch\/de\/wp-json\/wp\/v2\/product\/126321","targetHints":{"allow":["GET"]}}],"collection":[{"href":"https:\/\/shop.bantam.ch\/de\/wp-json\/wp\/v2\/product"}],"about":[{"href":"https:\/\/shop.bantam.ch\/de\/wp-json\/wp\/v2\/types\/product"}],"wp:featuredmedia":[{"embeddable":true,"href":"https:\/\/shop.bantam.ch\/de\/wp-json\/wp\/v2\/media\/126311"}],"wp:attachment":[{"href":"https:\/\/shop.bantam.ch\/de\/wp-json\/wp\/v2\/media?parent=126321"}],"wp:term":[{"taxonomy":"product_featured_cat","embeddable":true,"href":"https:\/\/shop.bantam.ch\/de\/wp-json\/wp\/v2\/product_featured_cat?post=126321"},{"taxonomy":"product_brand","embeddable":true,"href":"https:\/\/shop.bantam.ch\/de\/wp-json\/wp\/v2\/product_brand?post=126321"},{"taxonomy":"product_cat","embeddable":true,"href":"https:\/\/shop.bantam.ch\/de\/wp-json\/wp\/v2\/product_cat?post=126321"},{"taxonomy":"product_tag","embeddable":true,"href":"https:\/\/shop.bantam.ch\/de\/wp-json\/wp\/v2\/product_tag?post=126321"}],"curies":[{"name":"wp","href":"https:\/\/api.w.org\/{rel}","templated":true}]}}